{"id":3279,"date":"2026-02-03T15:50:29","date_gmt":"2026-02-03T14:50:29","guid":{"rendered":"https:\/\/enjoycatalonia.com\/contacte\/"},"modified":"2026-02-27T13:40:00","modified_gmt":"2026-02-27T12:40:00","slug":"contacte","status":"publish","type":"page","link":"https:\/\/enjoycatalonia.com\/ca\/contacte\/","title":{"rendered":"Contacte"},"content":{"rendered":"\t\t<div data-elementor-type=\"wp-page\" data-elementor-id=\"3279\" class=\"elementor elementor-3279 elementor-770\" data-elementor-post-type=\"page\">\n\t\t\t\t<div class=\"elementor-element elementor-element-1cd05a7 e-flex e-con-boxed e-con e-parent\" data-id=\"1cd05a7\" data-element_type=\"container\" data-e-type=\"container\">\n\t\t\t\t\t<div class=\"e-con-inner\">\n\t\t<div class=\"elementor-element elementor-element-c087ea0 e-con-full e-flex e-con e-child\" data-id=\"c087ea0\" data-element_type=\"container\" data-e-type=\"container\">\n\t\t<div data-dce-background-color=\"#009CFF\" data-dce-background-overlay-color=\"#002B46C7\" data-dce-background-image-url=\"https:\/\/enjoycatalonia.com\/wp-content\/uploads\/2026\/02\/guipuzcoa3-1.jpg\" class=\"elementor-element elementor-element-df98114 e-con-full e-flex e-con e-child\" data-id=\"df98114\" data-element_type=\"container\" data-e-type=\"container\" data-settings=\"{&quot;background_background&quot;:&quot;classic&quot;}\">\n\t\t\t\t<div class=\"elementor-element elementor-element-636d0fa elementor-widget elementor-widget-heading\" data-id=\"636d0fa\" data-element_type=\"widget\" data-e-type=\"widget\" data-widget_type=\"heading.default\">\n\t\t\t\t\t<h2 class=\"elementor-heading-title elementor-size-default\">Informaci\u00f3 de contacte<\/h2>\t\t\t\t<\/div>\n\t\t\t\t<div class=\"elementor-element elementor-element-dbae5b8 elementor-position-inline-start elementor-mobile-position-inline-start elementor-view-default elementor-widget elementor-widget-icon-box\" data-id=\"dbae5b8\" data-element_type=\"widget\" data-e-type=\"widget\" data-widget_type=\"icon-box.default\">\n\t\t\t\t\t\t\t<div class=\"elementor-icon-box-wrapper\">\n\n\t\t\t\t\t\t<div class=\"elementor-icon-box-icon\">\n\t\t\t\t<span  class=\"elementor-icon\">\n\t\t\t\t<svg xmlns=\"http:\/\/www.w3.org\/2000\/svg\" xmlns:xlink=\"http:\/\/www.w3.org\/1999\/xlink\" id=\"Capa_1\" x=\"0px\" y=\"0px\" viewBox=\"0 0 221.719 221.719\" style=\"enable-background:new 0 0 221.719 221.719;\" xml:space=\"preserve\"><path d=\"M180.135,172.169l-4.624-7.721C167.195,150.737,155.718,135,140.664,135c-2.789,0-5.551,0.561-8.285,1.697l-8.08,3.465 c-0.738,0.306-1.455,0.654-2.214,1.023c-2.068,1.006-4.413,2.145-6.825,2.145c-5.95,0-12.844-7.743-19.409-21.802 c-6.443-13.799-6.032-21.033-4.553-24.673c1.632-4.016,5.427-5.733,9.504-7.276c0.567-0.215,1.079-0.41,1.577-0.615l8.182-3.445 c21.316-8.914,13.386-40.065,10.786-50.278l-2.205-8.781C117.257,19.223,112.259,0,95.681,0c-3.069,0-6.343,0.715-9.728,2.126 c-2.221,0.882-32.785,13.358-43.858,35.276c-13.234,26.089-10.787,61.074,7.266,103.961c17.918,42.941,41.153,69.206,69.06,78.064 c4.787,1.521,10.197,2.291,16.081,2.291c0,0,0.002,0,0.003,0c19.259,0,38.27-8.194,39.813-8.874 c6.64-2.813,10.932-7.088,12.756-12.707C190.166,190.608,184.979,180.168,180.135,172.169z M172.805,195.507 c-0.424,1.306-1.898,2.498-4.378,3.542c-0.041,0.018-0.091,0.039-0.133,0.058c-0.172,0.076-17.38,7.613-33.793,7.612 c-4.342,0-8.225-0.534-11.541-1.588c-23.511-7.463-43.615-30.86-59.766-69.565c-16.271-38.657-18.871-69.401-7.717-91.389 c8.661-17.143,35.776-28.018,36.042-28.122c0.054-0.022,0.107-0.043,0.16-0.065C93.223,15.342,94.607,15,95.681,15 c3.305,0,6.313,5.126,8.927,15.173l2.195,8.744c4.736,18.6,4.015,30.234-2.048,32.77l-8.143,3.43 c-0.324,0.134-0.703,0.275-1.121,0.434c-4.498,1.703-13.858,5.245-18.091,15.657c-3.841,9.448-2.251,21.442,4.856,36.668 c9.572,20.493,20.367,30.455,33.002,30.455c5.864,0,10.571-2.288,13.383-3.654c0.518-0.252,0.981-0.483,1.479-0.689l8.092-3.47 c0.835-0.348,1.637-0.517,2.451-0.517c3.895,0,10.879,3.857,22.001,22.191l4.621,7.716 C172.98,189.311,173.43,193.581,172.805,195.507z\"><\/path><g><\/g><g><\/g><g><\/g><g><\/g><g><\/g><g><\/g><g><\/g><g><\/g><g><\/g><g><\/g><g><\/g><g><\/g><g><\/g><g><\/g><g><\/g><\/svg>\t\t\t\t<\/span>\n\t\t\t<\/div>\n\t\t\t\n\t\t\t\t\t\t<div class=\"elementor-icon-box-content\">\n\n\t\t\t\t\t\t\t\t\t<h3 class=\"elementor-icon-box-title\">\n\t\t\t\t\t\t<span  >\n\t\t\t\t\t\t\tTel\u00e8fon\t\t\t\t\t\t<\/span>\n\t\t\t\t\t<\/h3>\n\t\t\t\t\n\t\t\t\t\t\t\t\t\t<p class=\"elementor-icon-box-description\">\n\t\t\t\t\t\t<a href=\"tel:658643676\" style=\"color:white\">658 64 36 76<\/a>\t\t\t\t\t<\/p>\n\t\t\t\t\n\t\t\t<\/div>\n\t\t\t\n\t\t<\/div>\n\t\t\t\t\t\t<\/div>\n\t\t\t\t<div class=\"elementor-element elementor-element-65d8b7d elementor-position-inline-start elementor-mobile-position-inline-start elementor-view-default elementor-widget elementor-widget-icon-box\" data-id=\"65d8b7d\" data-element_type=\"widget\" data-e-type=\"widget\" data-widget_type=\"icon-box.default\">\n\t\t\t\t\t\t\t<div class=\"elementor-icon-box-wrapper\">\n\n\t\t\t\t\t\t<div class=\"elementor-icon-box-icon\">\n\t\t\t\t<span  class=\"elementor-icon\">\n\t\t\t\t<svg xmlns=\"http:\/\/www.w3.org\/2000\/svg\" id=\"Layer_1\" height=\"512\" viewBox=\"0 0 512 512\" width=\"512\"><path d=\"m392 458h-272c-66.168 0-120-53.832-120-120v-164c0-66.168 53.832-120 120-120h272c66.168 0 120 53.832 120 120v164c0 66.168-53.832 120-120 120zm-272-364c-44.112 0-80 35.888-80 80v164c0 44.112 35.888 80 80 80h272c44.112 0 80-35.888 80-80v-164c0-44.112-35.888-80-80-80zm209.286 197.406 98.855-75.512c8.778-6.705 10.458-19.256 3.753-28.034-6.706-8.778-19.256-10.458-28.034-3.753l-98.843 75.503c-28.541 21.769-68.4 21.785-96.96.055l-95.781-74.455c-8.721-6.78-21.287-5.205-28.065 3.516-6.779 8.721-5.205 21.286 3.516 28.065l95.855 74.512c.048.038.097.075.146.112 21.424 16.34 47.094 24.509 72.77 24.509s51.357-8.174 72.788-24.518z\"><\/path><\/svg>\t\t\t\t<\/span>\n\t\t\t<\/div>\n\t\t\t\n\t\t\t\t\t\t<div class=\"elementor-icon-box-content\">\n\n\t\t\t\t\t\t\t\t\t<h3 class=\"elementor-icon-box-title\">\n\t\t\t\t\t\t<span  >\n\t\t\t\t\t\t\tE-mail\t\t\t\t\t\t<\/span>\n\t\t\t\t\t<\/h3>\n\t\t\t\t\n\t\t\t\t\t\t\t\t\t<p class=\"elementor-icon-box-description\">\n\t\t\t\t\t\t<a href=\"mailto:info@enjoycatalonia.com\" style=\"color:white\">info@enjoycatalonia.com<\/a>\t\t\t\t\t<\/p>\n\t\t\t\t\n\t\t\t<\/div>\n\t\t\t\n\t\t<\/div>\n\t\t\t\t\t\t<\/div>\n\t\t\t\t<div class=\"elementor-element elementor-element-35fcae3 elementor-position-inline-start elementor-mobile-position-inline-start elementor-view-default elementor-widget elementor-widget-icon-box\" data-id=\"35fcae3\" data-element_type=\"widget\" data-e-type=\"widget\" data-widget_type=\"icon-box.default\">\n\t\t\t\t\t\t\t<div class=\"elementor-icon-box-wrapper\">\n\n\t\t\t\t\t\t<div class=\"elementor-icon-box-icon\">\n\t\t\t\t<span  class=\"elementor-icon\">\n\t\t\t\t<svg xmlns=\"http:\/\/www.w3.org\/2000\/svg\" id=\"Layer_1\" height=\"512\" viewBox=\"0 0 512.035 512.035\" width=\"512\"><path d=\"m407.554 62.854c-40.333-40.506-94.066-62.814-151.302-62.814h-.247c-115.256-2.359-216.371 99.143-213.998 214.357 3.017 81.355 81.282 184.674 142.23 264.051 17.899 21.382 43.979 33.587 71.997 33.587 29-.001 55.926-13.068 73.872-35.852 45.214-56.186 142.845-191.325 139.898-261.788.001-57.277-22.178-111.095-62.45-151.541zm-108.87 388.578c-20.669 27.264-64.148 27.313-84.825.047-82.643-105.233-131.854-192.87-131.854-237.083 0-96.14 78.056-174.355 174-174.355h.247c95.808 0 173.753 78.216 173.753 174.355 0 44.694-47.865 131.09-131.321 237.036zm-41.555-152.395c-46.869 0-85-38.131-85-85 4.669-112.764 165.348-112.731 170 .001 0 46.869-38.131 84.999-85 84.999zm0-130c-24.813 0-45 20.187-45 45 2.472 59.699 87.537 59.681 90 0 0-24.813-20.186-45-45-45z\"><\/path><\/svg>\t\t\t\t<\/span>\n\t\t\t<\/div>\n\t\t\t\n\t\t\t\t\t\t<div class=\"elementor-icon-box-content\">\n\n\t\t\t\t\t\t\t\t\t<h3 class=\"elementor-icon-box-title\">\n\t\t\t\t\t\t<span  >\n\t\t\t\t\t\t\tDirecci\u00f3\t\t\t\t\t\t<\/span>\n\t\t\t\t\t<\/h3>\n\t\t\t\t\n\t\t\t\t\t\t\t\t\t<p class=\"elementor-icon-box-description\">\n\t\t\t\t\t\tSant Cugat, Barcelona\t\t\t\t\t<\/p>\n\t\t\t\t\n\t\t\t<\/div>\n\t\t\t\n\t\t<\/div>\n\t\t\t\t\t\t<\/div>\n\t\t\t\t<div class=\"elementor-element elementor-element-08d50f8 elementor-position-inline-start elementor-mobile-position-inline-start elementor-view-default elementor-widget elementor-widget-icon-box\" data-id=\"08d50f8\" data-element_type=\"widget\" data-e-type=\"widget\" data-widget_type=\"icon-box.default\">\n\t\t\t\t\t\t\t<div class=\"elementor-icon-box-wrapper\">\n\n\t\t\t\t\t\t<div class=\"elementor-icon-box-icon\">\n\t\t\t\t<span  class=\"elementor-icon\">\n\t\t\t\t<svg xmlns=\"http:\/\/www.w3.org\/2000\/svg\" id=\"Layer_1\" viewBox=\"0 0 24 24\"><path d=\"m12 2c-5.5 0-10 4.5-10 10s4.5 10 10 10 10-4.5 10-10-4.5-10-10-10zm0 18c-4.4 0-8-3.6-8-8s3.6-8 8-8 8 3.6 8 8-3.6 8-8 8zm3.1-7.4-2.1-1.2v-4.4c0-.6-.4-1-1-1s-1 .4-1 1v5 .1c0 .1 0 .1.1.2 0 .1 0 .1.1.2 0 .1.1.1.1.2l.2.1.1.1 2.6 1.5c.2.1.3.1.5.1.6 0 1-.4 1-1-.1-.4-.3-.7-.6-.9z\"><\/path><\/svg>\t\t\t\t<\/span>\n\t\t\t<\/div>\n\t\t\t\n\t\t\t\t\t\t<div class=\"elementor-icon-box-content\">\n\n\t\t\t\t\t\t\t\t\t<h3 class=\"elementor-icon-box-title\">\n\t\t\t\t\t\t<span  >\n\t\t\t\t\t\t\tHorari\t\t\t\t\t\t<\/span>\n\t\t\t\t\t<\/h3>\n\t\t\t\t\n\t\t\t\t\t\t\t\t\t<p class=\"elementor-icon-box-description\">\n\t\t\t\t\t\t09:00 ha 18:00 h (de dilluns a divendres)\t\t\t\t\t<\/p>\n\t\t\t\t\n\t\t\t<\/div>\n\t\t\t\n\t\t<\/div>\n\t\t\t\t\t\t<\/div>\n\t\t\t\t<\/div>\n\t\t<div class=\"elementor-element elementor-element-00ed797 e-con-full e-flex e-con e-child\" data-id=\"00ed797\" data-element_type=\"container\" data-e-type=\"container\">\n\t\t\t\t<div class=\"elementor-element elementor-element-cbabbcf elementor-widget elementor-widget-heading\" data-id=\"cbabbcf\" data-element_type=\"widget\" data-e-type=\"widget\" data-widget_type=\"heading.default\">\n\t\t\t\t\t<h2 class=\"elementor-heading-title elementor-size-default\">Formulari de contacte<\/h2>\t\t\t\t<\/div>\n\t\t\t\t<div class=\"elementor-element elementor-element-fe0a245 elementor-widget elementor-widget-text-editor\" data-id=\"fe0a245\" data-element_type=\"widget\" data-e-type=\"widget\" data-widget_type=\"text-editor.default\">\n\t\t\t\t\t\t\t\t\t<p>Omple el formulari i ens posarem en contacte amb tu el m\u00e9s aviat possible per resoldre els teus dubtes i assessorar-te sense comprom\u00eds.<\/p>\t\t\t\t\t\t\t\t<\/div>\n\t\t\t\t<div class=\"elementor-element elementor-element-041d6a8 elementor-button-align-stretch elementor-widget elementor-widget-form\" data-id=\"041d6a8\" data-element_type=\"widget\" data-e-type=\"widget\" data-settings=\"{&quot;step_next_label&quot;:&quot;Seg\\u00fcent&quot;,&quot;step_previous_label&quot;:&quot;Anterior&quot;,&quot;button_width&quot;:&quot;100&quot;,&quot;dce_confirm_dialog_enabled&quot;:&quot;no&quot;,&quot;step_type&quot;:&quot;number_text&quot;,&quot;step_icon_shape&quot;:&quot;circle&quot;,&quot;label_icon_size&quot;:{&quot;unit&quot;:&quot;px&quot;,&quot;size&quot;:&quot;&quot;,&quot;sizes&quot;:[]},&quot;field_icon_size&quot;:{&quot;unit&quot;:&quot;px&quot;,&quot;size&quot;:&quot;&quot;,&quot;sizes&quot;:[]}}\" data-widget_type=\"form.default\">\n\t\t\t\t\t\t\t<form class=\"elementor-form\" method=\"post\" name=\"Nou formulari\" aria-label=\"Nou formulari\">\n\t\t\t<input type=\"hidden\" name=\"post_id\" value=\"3279\"\/>\n\t\t\t<input type=\"hidden\" name=\"form_id\" value=\"041d6a8\"\/>\n\t\t\t<input type=\"hidden\" name=\"referer_title\" value=\"Contacte - Enjoy Catalonia\" \/>\n\n\t\t\t\t\t\t\t<input type=\"hidden\" name=\"queried_id\" value=\"3279\"\/>\n\t\t\t\n\t\t\t<div class=\"elementor-form-fields-wrapper elementor-labels-above\">\n\t\t\t\t\t\t\t\t<div class=\"elementor-field-type-text elementor-field-group elementor-column elementor-field-group-name elementor-col-100 elementor-field-required\">\n\t\t\t\t\t\t\t\t\t\t\t\t<label for=\"form-field-name\" class=\"elementor-field-label\">\n\t\t\t\t\t\t\t\tNom\t\t\t\t\t\t\t<\/label>\n\t\t\t\t\t\t\t\t\t\t\t\t\t\t<input size=\"1\" type=\"text\" name=\"form_fields[name]\" id=\"form-field-name\" class=\"elementor-field elementor-size-md  elementor-field-textual\" required=\"required\">\n\t\t\t\t\t\t\t\t\t\t\t<\/div>\n\t\t\t\t\t\t\t\t<div class=\"elementor-field-type-email elementor-field-group elementor-column elementor-field-group-email elementor-col-100 elementor-field-required\">\n\t\t\t\t\t\t\t\t\t\t\t\t<label for=\"form-field-email\" class=\"elementor-field-label\">\n\t\t\t\t\t\t\t\tE-mail\t\t\t\t\t\t\t<\/label>\n\t\t\t\t\t\t\t\t\t\t\t\t\t\t<input size=\"1\" type=\"email\" name=\"form_fields[email]\" id=\"form-field-email\" class=\"elementor-field elementor-size-md  elementor-field-textual\" required=\"required\">\n\t\t\t\t\t\t\t\t\t\t\t<\/div>\n\t\t\t\t\t\t\t\t<div class=\"elementor-field-type-text elementor-field-group elementor-column elementor-field-group-field_1ce5bff elementor-col-100 elementor-field-required\">\n\t\t\t\t\t\t\t\t\t\t\t\t<label for=\"form-field-field_1ce5bff\" class=\"elementor-field-label\">\n\t\t\t\t\t\t\t\tTel\u00e8fon\t\t\t\t\t\t\t<\/label>\n\t\t\t\t\t\t\t\t\t\t\t\t\t\t<input size=\"1\" type=\"text\" name=\"form_fields[field_1ce5bff]\" id=\"form-field-field_1ce5bff\" class=\"elementor-field elementor-size-md  elementor-field-textual\" required=\"required\">\n\t\t\t\t\t\t\t\t\t\t\t<\/div>\n\t\t\t\t\t\t\t\t<div class=\"elementor-field-type-textarea elementor-field-group elementor-column elementor-field-group-message elementor-col-100 elementor-field-required\">\n\t\t\t\t\t\t\t\t\t\t\t\t<label for=\"form-field-message\" class=\"elementor-field-label\">\n\t\t\t\t\t\t\t\tMissatge\t\t\t\t\t\t\t<\/label>\n\t\t\t\t\t\t<textarea class=\"elementor-field-textual elementor-field  elementor-size-md\" name=\"form_fields[message]\" id=\"form-field-message\" rows=\"4\" required=\"required\"><\/textarea>\t\t\t\t<\/div>\n\t\t\t\t\t\t\t\t<div class=\"elementor-field-type-checkbox elementor-field-group elementor-column elementor-field-group-field_e2acb7a elementor-col-100\">\n\t\t\t\t\t<div class=\"elementor-field-subgroup  \"><span class=\"elementor-field-option\"><input type=\"checkbox\" value=\"He llegit i accepto les &lt;a href=&quot;https:\/\/enjoycatalonia.com\/aviso-legal\/&quot; target=&quot;_blank&quot;&gt;Condicions legals&lt;\/a&gt; i &lt;a href=&quot;https:\/\/enjoycatalonia.com\/politica-de-privacidad\/&quot; target=&quot;_blank&quot;&gt;Pol\u00edtica de privadesa&lt;\/a&gt;\" id=\"form-field-field_e2acb7a-0\" name=\"form_fields[field_e2acb7a]\"> <label for=\"form-field-field_e2acb7a-0\">He llegit i accepto les <a href=\"https:\/\/enjoycatalonia.com\/aviso-legal\/\" target=\"_blank\">Condicions legals<\/a> i <a href=\"https:\/\/enjoycatalonia.com\/politica-de-privacidad\/\" target=\"_blank\">Pol\u00edtica de privadesa<\/a><\/label><\/span><\/div>\t\t\t\t<\/div>\n\t\t\t\t\t\t\t\t<div class=\"elementor-field-type-recaptcha_v3 elementor-field-group elementor-column elementor-field-group-field_8fadce6 elementor-col-100 recaptcha_v3-bottomleft\">\n\t\t\t\t\t<div class=\"elementor-field\" id=\"form-field-field_8fadce6\"><div class=\"elementor-g-recaptcha\" data-sitekey=\"6LfQav0gAAAAAEH_0H0Mg5oQ_o3ozpKWBWiWHH36\" data-type=\"v3\" data-action=\"Form\" data-badge=\"bottomleft\" data-size=\"invisible\"><\/div><\/div>\t\t\t\t<\/div>\n\t\t\t\t\t\t\t\t<div class=\"elementor-field-group elementor-column elementor-field-type-submit elementor-col-100 e-form__buttons\">\n\t\t\t\t\t<button class=\"elementor-button elementor-size-sm\" type=\"submit\">\n\t\t\t\t\t\t<span class=\"elementor-button-content-wrapper\">\n\t\t\t\t\t\t\t\t\t\t\t\t\t\t\t\t\t\t\t\t\t\t<span class=\"elementor-button-text\">Enviar<\/span>\n\t\t\t\t\t\t\t\t\t\t\t\t\t<\/span>\n\t\t\t\t\t<\/button>\n\t\t\t\t<\/div>\n\t\t\t<\/div>\n\t\t<\/form>\n\t\t\t\t\t\t<\/div>\n\t\t\t\t<\/div>\n\t\t\t\t<\/div>\n\t\t\t\t\t<\/div>\n\t\t\t\t<\/div>\n\t\t\t\t<\/div>\n\t\t","protected":false},"excerpt":{"rendered":"<p>Informaci\u00f3 de contacte Tel\u00e8fon 658 64 36 76 E-mail info@enjoycatalonia.com Direcci\u00f3 Sant Cugat, Barcelona Horari 09:00 ha 18:00 h (de dilluns a divendres) Formulari de contacte Omple el formulari i ens posarem en contacte amb tu el m\u00e9s aviat possible per resoldre els teus dubtes i assessorar-te sense comprom\u00eds.<\/p>\n","protected":false},"author":1,"featured_media":0,"parent":0,"menu_order":0,"comment_status":"closed","ping_status":"closed","template":"","meta":{"_acf_changed":false,"footnotes":""},"class_list":["post-3279","page","type-page","status-publish","hentry"],"acf":[],"yoast_head":"<!-- This site is optimized with the Yoast SEO plugin v27.2 - https:\/\/yoast.com\/product\/yoast-seo-wordpress\/ -->\n<title>Contacte - Enjoy Catalonia<\/title>\n<meta name=\"robots\" content=\"index, follow, max-snippet:-1, max-image-preview:large, max-video-preview:-1\" \/>\n<link rel=\"canonical\" href=\"https:\/\/enjoycatalonia.com\/ca\/contacte\/\" \/>\n<meta property=\"og:locale\" content=\"ca_ES\" \/>\n<meta property=\"og:type\" content=\"article\" \/>\n<meta property=\"og:title\" content=\"Contacte - Enjoy Catalonia\" \/>\n<meta property=\"og:description\" content=\"Informaci\u00f3 de contacte Tel\u00e8fon 658 64 36 76 E-mail info@enjoycatalonia.com Direcci\u00f3 Sant Cugat, Barcelona Horari 09:00 ha 18:00 h (de dilluns a divendres) Formulari de contacte Omple el formulari i ens posarem en contacte amb tu el m\u00e9s aviat possible per resoldre els teus dubtes i assessorar-te sense comprom\u00eds.\" \/>\n<meta property=\"og:url\" content=\"https:\/\/enjoycatalonia.com\/ca\/contacte\/\" \/>\n<meta property=\"og:site_name\" content=\"Enjoy Catalonia\" \/>\n<meta property=\"article:modified_time\" content=\"2026-02-27T12:40:00+00:00\" \/>\n<meta name=\"twitter:card\" content=\"summary_large_image\" \/>\n<meta name=\"twitter:label1\" content=\"Temps estimat de lectura\" \/>\n\t<meta name=\"twitter:data1\" content=\"1 minut\" \/>\n<script type=\"application\/ld+json\" class=\"yoast-schema-graph\">{\"@context\":\"https:\/\/schema.org\",\"@graph\":[{\"@type\":\"WebPage\",\"@id\":\"https:\/\/enjoycatalonia.com\/ca\/contacte\/\",\"url\":\"https:\/\/enjoycatalonia.com\/ca\/contacte\/\",\"name\":\"Contacte - Enjoy Catalonia\",\"isPartOf\":{\"@id\":\"https:\/\/enjoycatalonia.com\/ca\/#website\"},\"datePublished\":\"2026-02-03T14:50:29+00:00\",\"dateModified\":\"2026-02-27T12:40:00+00:00\",\"breadcrumb\":{\"@id\":\"https:\/\/enjoycatalonia.com\/ca\/contacte\/#breadcrumb\"},\"inLanguage\":\"ca\",\"potentialAction\":[{\"@type\":\"ReadAction\",\"target\":[\"https:\/\/enjoycatalonia.com\/ca\/contacte\/\"]}]},{\"@type\":\"BreadcrumbList\",\"@id\":\"https:\/\/enjoycatalonia.com\/ca\/contacte\/#breadcrumb\",\"itemListElement\":[{\"@type\":\"ListItem\",\"position\":1,\"name\":\"Portada\",\"item\":\"https:\/\/enjoycatalonia.com\/ca\/\"},{\"@type\":\"ListItem\",\"position\":2,\"name\":\"Contacte\"}]},{\"@type\":\"WebSite\",\"@id\":\"https:\/\/enjoycatalonia.com\/ca\/#website\",\"url\":\"https:\/\/enjoycatalonia.com\/ca\/\",\"name\":\"Enjoy Catalonia\",\"description\":\"\",\"potentialAction\":[{\"@type\":\"SearchAction\",\"target\":{\"@type\":\"EntryPoint\",\"urlTemplate\":\"https:\/\/enjoycatalonia.com\/ca\/?s={search_term_string}\"},\"query-input\":{\"@type\":\"PropertyValueSpecification\",\"valueRequired\":true,\"valueName\":\"search_term_string\"}}],\"inLanguage\":\"ca\"}]}<\/script>\n<!-- \/ Yoast SEO plugin. -->","yoast_head_json":{"title":"Contacte - Enjoy Catalonia","robots":{"index":"index","follow":"follow","max-snippet":"max-snippet:-1","max-image-preview":"max-image-preview:large","max-video-preview":"max-video-preview:-1"},"canonical":"https:\/\/enjoycatalonia.com\/ca\/contacte\/","og_locale":"ca_ES","og_type":"article","og_title":"Contacte - Enjoy Catalonia","og_description":"Informaci\u00f3 de contacte Tel\u00e8fon 658 64 36 76 E-mail info@enjoycatalonia.com Direcci\u00f3 Sant Cugat, Barcelona Horari 09:00 ha 18:00 h (de dilluns a divendres) Formulari de contacte Omple el formulari i ens posarem en contacte amb tu el m\u00e9s aviat possible per resoldre els teus dubtes i assessorar-te sense comprom\u00eds.","og_url":"https:\/\/enjoycatalonia.com\/ca\/contacte\/","og_site_name":"Enjoy Catalonia","article_modified_time":"2026-02-27T12:40:00+00:00","twitter_card":"summary_large_image","twitter_misc":{"Temps estimat de lectura":"1 minut"},"schema":{"@context":"https:\/\/schema.org","@graph":[{"@type":"WebPage","@id":"https:\/\/enjoycatalonia.com\/ca\/contacte\/","url":"https:\/\/enjoycatalonia.com\/ca\/contacte\/","name":"Contacte - Enjoy Catalonia","isPartOf":{"@id":"https:\/\/enjoycatalonia.com\/ca\/#website"},"datePublished":"2026-02-03T14:50:29+00:00","dateModified":"2026-02-27T12:40:00+00:00","breadcrumb":{"@id":"https:\/\/enjoycatalonia.com\/ca\/contacte\/#breadcrumb"},"inLanguage":"ca","potentialAction":[{"@type":"ReadAction","target":["https:\/\/enjoycatalonia.com\/ca\/contacte\/"]}]},{"@type":"BreadcrumbList","@id":"https:\/\/enjoycatalonia.com\/ca\/contacte\/#breadcrumb","itemListElement":[{"@type":"ListItem","position":1,"name":"Portada","item":"https:\/\/enjoycatalonia.com\/ca\/"},{"@type":"ListItem","position":2,"name":"Contacte"}]},{"@type":"WebSite","@id":"https:\/\/enjoycatalonia.com\/ca\/#website","url":"https:\/\/enjoycatalonia.com\/ca\/","name":"Enjoy Catalonia","description":"","potentialAction":[{"@type":"SearchAction","target":{"@type":"EntryPoint","urlTemplate":"https:\/\/enjoycatalonia.com\/ca\/?s={search_term_string}"},"query-input":{"@type":"PropertyValueSpecification","valueRequired":true,"valueName":"search_term_string"}}],"inLanguage":"ca"}]}},"_links":{"self":[{"href":"https:\/\/enjoycatalonia.com\/ca\/wp-json\/wp\/v2\/pages\/3279","targetHints":{"allow":["GET"]}}],"collection":[{"href":"https:\/\/enjoycatalonia.com\/ca\/wp-json\/wp\/v2\/pages"}],"about":[{"href":"https:\/\/enjoycatalonia.com\/ca\/wp-json\/wp\/v2\/types\/page"}],"author":[{"embeddable":true,"href":"https:\/\/enjoycatalonia.com\/ca\/wp-json\/wp\/v2\/users\/1"}],"replies":[{"embeddable":true,"href":"https:\/\/enjoycatalonia.com\/ca\/wp-json\/wp\/v2\/comments?post=3279"}],"version-history":[{"count":4,"href":"https:\/\/enjoycatalonia.com\/ca\/wp-json\/wp\/v2\/pages\/3279\/revisions"}],"predecessor-version":[{"id":4124,"href":"https:\/\/enjoycatalonia.com\/ca\/wp-json\/wp\/v2\/pages\/3279\/revisions\/4124"}],"wp:attachment":[{"href":"https:\/\/enjoycatalonia.com\/ca\/wp-json\/wp\/v2\/media?parent=3279"}],"curies":[{"name":"wp","href":"https:\/\/api.w.org\/{rel}","templated":true}]}}