{"id":3322,"date":"2026-02-03T16:51:28","date_gmt":"2026-02-03T15:51:28","guid":{"rendered":"https:\/\/enjoycatalonia.com\/serveis-privats\/"},"modified":"2026-03-25T19:30:05","modified_gmt":"2026-03-25T18:30:05","slug":"serveis-privats","status":"publish","type":"page","link":"https:\/\/enjoycatalonia.com\/ca\/serveis-privats\/","title":{"rendered":"Serveis privats"},"content":{"rendered":"\t\t<div data-elementor-type=\"wp-page\" data-elementor-id=\"3322\" class=\"elementor elementor-3322 elementor-833\" data-elementor-post-type=\"page\">\n\t\t\t\t<div class=\"elementor-element elementor-element-d2e0d66 e-flex e-con-boxed e-con e-parent\" data-id=\"d2e0d66\" data-element_type=\"container\" data-e-type=\"container\">\n\t\t\t\t\t<div class=\"e-con-inner\">\n\t\t\t\t<div class=\"elementor-element elementor-element-0aa8bd9 elementor-widget__width-initial elementor-widget elementor-widget-text-editor\" data-id=\"0aa8bd9\" data-element_type=\"widget\" data-e-type=\"widget\" data-widget_type=\"text-editor.default\">\n\t\t\t\t\t\t\t\t\t<p data-start=\"0\" data-end=\"266\">Organitzem<strong> tours a Barcelona<\/strong>, <strong>excursions arreu de Catalunya<\/strong> i <strong>viatges per la resta d&#8217;Espanya i Fran\u00e7a<\/strong> en <strong>autocar privat<\/strong> i<strong> tren d&#8217;alta velocitat<\/strong> totalment <strong>adaptats a les vostres necessitats i interessos<\/strong>.<\/p><p data-start=\"0\" data-end=\"266\">Si sou un <strong>grup de particulars<\/strong>, una <strong>escola<\/strong>, una <strong>empresa<\/strong>, una <strong>associaci\u00f3<\/strong> o una <strong>ag\u00e8ncia<\/strong>, podeu contractar els nostres serveis a mida i en exclusiva per al vostre grup.<\/p><p data-start=\"268\" data-end=\"423\" data-is-last-node=\"\" data-is-only-node=\"\">Tots els tours, excursions, escapades i viatges es poden <strong>adaptar a les vostres necessitats i pressupost:<\/strong> durada, allotjament, idioma, llocs a visitar, etc.<\/p>\t\t\t\t\t\t\t\t<\/div>\n\t\t<div class=\"elementor-element elementor-element-1792aa9 e-con-full e-flex e-con e-child\" data-id=\"1792aa9\" data-element_type=\"container\" data-e-type=\"container\">\n\t\t<div class=\"elementor-element elementor-element-00241e3 e-con-full e-flex e-con e-child\" data-id=\"00241e3\" data-element_type=\"container\" data-e-type=\"container\">\n\t\t\t\t<div class=\"elementor-element elementor-element-987a57f dce_masking-none elementor-widget elementor-widget-image\" data-id=\"987a57f\" data-element_type=\"widget\" data-e-type=\"widget\" data-widget_type=\"image.default\">\n\t\t\t\t\t\t\t\t\t\t\t\t\t\t\t\t<a href=\"https:\/\/enjoycatalonia.com\/ca\/serveis-privats\/tours-a-barcelona\/\">\n\t\t\t\t\t\t\t<img fetchpriority=\"high\" decoding=\"async\" width=\"1000\" height=\"667\" src=\"https:\/\/enjoycatalonia.com\/wp-content\/uploads\/2026\/02\/Barcelona-web-privats.jpg\" class=\"attachment-full size-full wp-image-3319\" alt=\"\" srcset=\"https:\/\/enjoycatalonia.com\/wp-content\/uploads\/2026\/02\/Barcelona-web-privats.jpg 1000w, https:\/\/enjoycatalonia.com\/wp-content\/uploads\/2026\/02\/Barcelona-web-privats-600x400.jpg 600w, https:\/\/enjoycatalonia.com\/wp-content\/uploads\/2026\/02\/Barcelona-web-privats-300x200.jpg 300w, https:\/\/enjoycatalonia.com\/wp-content\/uploads\/2026\/02\/Barcelona-web-privats-768x512.jpg 768w\" sizes=\"(max-width: 1000px) 100vw, 1000px\" \/>\t\t\t\t\t\t\t\t<\/a>\n\t\t\t\t\t\t\t\t\t\t\t\t\t\t\t<\/div>\n\t\t<div class=\"elementor-element elementor-element-bc0a970 e-con-full e-flex e-con e-child\" data-id=\"bc0a970\" data-element_type=\"container\" data-e-type=\"container\">\n\t\t\t\t<div class=\"elementor-element elementor-element-1b94bef elementor-widget elementor-widget-heading\" data-id=\"1b94bef\" data-element_type=\"widget\" data-e-type=\"widget\" data-widget_type=\"heading.default\">\n\t\t\t\t\t<h2 class=\"elementor-heading-title elementor-size-default\"><a href=\"https:\/\/enjoycatalonia.com\/ca\/serveis-privats\/tours-a-barcelona\/\">Tours a Barcelona<\/a><\/h2>\t\t\t\t<\/div>\n\t\t\t\t<div class=\"elementor-element elementor-element-e514642 elementor-widget elementor-widget-text-editor\" data-id=\"e514642\" data-element_type=\"widget\" data-e-type=\"widget\" data-widget_type=\"text-editor.default\">\n\t\t\t\t\t\t\t\t\t<p>Tours guiats a la ciutat de Barcelona en diversos idiomes, amb tem\u00e0tiques molt diverses, i adaptats per a tota mena de p\u00fablics: particulars, escoles, empreses i associacions.<\/p>\t\t\t\t\t\t\t\t<\/div>\n\t\t\t\t<\/div>\n\t\t\t\t<\/div>\n\t\t<div class=\"elementor-element elementor-element-53b3831 e-con-full e-flex e-con e-child\" data-id=\"53b3831\" data-element_type=\"container\" data-e-type=\"container\">\n\t\t\t\t<div class=\"elementor-element elementor-element-c03e7e1 dce_masking-none elementor-widget elementor-widget-image\" data-id=\"c03e7e1\" data-element_type=\"widget\" data-e-type=\"widget\" data-widget_type=\"image.default\">\n\t\t\t\t\t\t\t\t\t\t\t\t\t\t\t\t<a href=\"https:\/\/enjoycatalonia.com\/ca\/serveis-privats\/excursions-per-catalunya\/\">\n\t\t\t\t\t\t\t<img decoding=\"async\" width=\"1000\" height=\"667\" src=\"https:\/\/enjoycatalonia.com\/wp-content\/uploads\/2026\/02\/Vall-dAran-web-privats.jpg\" class=\"attachment-full size-full wp-image-3320\" alt=\"\" srcset=\"https:\/\/enjoycatalonia.com\/wp-content\/uploads\/2026\/02\/Vall-dAran-web-privats.jpg 1000w, https:\/\/enjoycatalonia.com\/wp-content\/uploads\/2026\/02\/Vall-dAran-web-privats-600x400.jpg 600w, https:\/\/enjoycatalonia.com\/wp-content\/uploads\/2026\/02\/Vall-dAran-web-privats-300x200.jpg 300w, https:\/\/enjoycatalonia.com\/wp-content\/uploads\/2026\/02\/Vall-dAran-web-privats-768x512.jpg 768w\" sizes=\"(max-width: 1000px) 100vw, 1000px\" \/>\t\t\t\t\t\t\t\t<\/a>\n\t\t\t\t\t\t\t\t\t\t\t\t\t\t\t<\/div>\n\t\t<div class=\"elementor-element elementor-element-646054f e-con-full e-flex e-con e-child\" data-id=\"646054f\" data-element_type=\"container\" data-e-type=\"container\">\n\t\t\t\t<div class=\"elementor-element elementor-element-c93791b elementor-widget elementor-widget-heading\" data-id=\"c93791b\" data-element_type=\"widget\" data-e-type=\"widget\" data-widget_type=\"heading.default\">\n\t\t\t\t\t<h2 class=\"elementor-heading-title elementor-size-default\"><a href=\"https:\/\/enjoycatalonia.com\/ca\/serveis-privats\/excursions-per-catalunya\/\">Excursions Catalunya<\/a><\/h2>\t\t\t\t<\/div>\n\t\t\t\t<div class=\"elementor-element elementor-element-e6fea65 elementor-widget elementor-widget-text-editor\" data-id=\"e6fea65\" data-element_type=\"widget\" data-e-type=\"widget\" data-widget_type=\"text-editor.default\">\n\t\t\t\t\t\t\t\t\t<p>Excursions personalitzades de mig dia o d&#8217;un dia per tot Catalunya i Andorra amb diversos idiomes amb sortida des de Barcelona amb autocar privat o furgoneta i guia oficial acompanyant.<\/p>\t\t\t\t\t\t\t\t<\/div>\n\t\t\t\t<\/div>\n\t\t\t\t<\/div>\n\t\t<div class=\"elementor-element elementor-element-70fa408 e-con-full e-flex e-con e-child\" data-id=\"70fa408\" data-element_type=\"container\" data-e-type=\"container\">\n\t\t\t\t<div class=\"elementor-element elementor-element-217ea2c dce_masking-none elementor-widget elementor-widget-image\" data-id=\"217ea2c\" data-element_type=\"widget\" data-e-type=\"widget\" data-widget_type=\"image.default\">\n\t\t\t\t\t\t\t\t\t\t\t\t\t\t\t\t<a href=\"https:\/\/enjoycatalonia.com\/ca\/serveis-privats\/escapades\/\">\n\t\t\t\t\t\t\t<img decoding=\"async\" width=\"1000\" height=\"667\" src=\"https:\/\/enjoycatalonia.com\/wp-content\/uploads\/2026\/02\/Matarrana-web-privats.jpg\" class=\"attachment-full size-full wp-image-3321\" alt=\"\" srcset=\"https:\/\/enjoycatalonia.com\/wp-content\/uploads\/2026\/02\/Matarrana-web-privats.jpg 1000w, https:\/\/enjoycatalonia.com\/wp-content\/uploads\/2026\/02\/Matarrana-web-privats-600x400.jpg 600w, https:\/\/enjoycatalonia.com\/wp-content\/uploads\/2026\/02\/Matarrana-web-privats-300x200.jpg 300w, https:\/\/enjoycatalonia.com\/wp-content\/uploads\/2026\/02\/Matarrana-web-privats-768x512.jpg 768w\" sizes=\"(max-width: 1000px) 100vw, 1000px\" \/>\t\t\t\t\t\t\t\t<\/a>\n\t\t\t\t\t\t\t\t\t\t\t\t\t\t\t<\/div>\n\t\t<div class=\"elementor-element elementor-element-ed6146c e-con-full e-flex e-con e-child\" data-id=\"ed6146c\" data-element_type=\"container\" data-e-type=\"container\">\n\t\t\t\t<div class=\"elementor-element elementor-element-6f65a5a elementor-widget elementor-widget-heading\" data-id=\"6f65a5a\" data-element_type=\"widget\" data-e-type=\"widget\" data-widget_type=\"heading.default\">\n\t\t\t\t\t<h2 class=\"elementor-heading-title elementor-size-default\"><a href=\"https:\/\/enjoycatalonia.com\/ca\/serveis-privats\/escapades\/\">Escapades<\/a><\/h2>\t\t\t\t<\/div>\n\t\t\t\t<div class=\"elementor-element elementor-element-1f0fa94 elementor-widget elementor-widget-text-editor\" data-id=\"1f0fa94\" data-element_type=\"widget\" data-e-type=\"widget\" data-widget_type=\"text-editor.default\">\n\t\t\t\t\t\t\t\t\t<p>Escapades de dos o tres dies per Catalunya, la resta d&#8217;Espanya i el sud de Fran\u00e7a amb sortida des de Barcelona amb autocar privat o tren d&#8217;alta velocitat i guia acompanyant.<\/p>\t\t\t\t\t\t\t\t<\/div>\n\t\t\t\t<\/div>\n\t\t\t\t<\/div>\n\t\t<div class=\"elementor-element elementor-element-5cb4195 e-con-full e-flex e-con e-child\" data-id=\"5cb4195\" data-element_type=\"container\" data-e-type=\"container\">\n\t\t\t\t<div class=\"elementor-element elementor-element-609ef9e dce_masking-none elementor-widget elementor-widget-image\" data-id=\"609ef9e\" data-element_type=\"widget\" data-e-type=\"widget\" data-widget_type=\"image.default\">\n\t\t\t\t\t\t\t\t\t\t\t\t\t\t\t\t<a href=\"https:\/\/enjoycatalonia.com\/ca\/mice\/\">\n\t\t\t\t\t\t\t<img loading=\"lazy\" decoding=\"async\" width=\"1500\" height=\"998\" src=\"https:\/\/enjoycatalonia.com\/wp-content\/uploads\/2026\/02\/furgo-lujo.jpg\" class=\"attachment-full size-full wp-image-3318\" alt=\"\" srcset=\"https:\/\/enjoycatalonia.com\/wp-content\/uploads\/2026\/02\/furgo-lujo.jpg 1500w, https:\/\/enjoycatalonia.com\/wp-content\/uploads\/2026\/02\/furgo-lujo-600x399.jpg 600w, https:\/\/enjoycatalonia.com\/wp-content\/uploads\/2026\/02\/furgo-lujo-300x200.jpg 300w, https:\/\/enjoycatalonia.com\/wp-content\/uploads\/2026\/02\/furgo-lujo-1024x681.jpg 1024w, https:\/\/enjoycatalonia.com\/wp-content\/uploads\/2026\/02\/furgo-lujo-768x511.jpg 768w\" sizes=\"(max-width: 1500px) 100vw, 1500px\" \/>\t\t\t\t\t\t\t\t<\/a>\n\t\t\t\t\t\t\t\t\t\t\t\t\t\t\t<\/div>\n\t\t<div class=\"elementor-element elementor-element-54663b5 e-con-full e-flex e-con e-child\" data-id=\"54663b5\" data-element_type=\"container\" data-e-type=\"container\">\n\t\t\t\t<div class=\"elementor-element elementor-element-e730d2a elementor-widget elementor-widget-heading\" data-id=\"e730d2a\" data-element_type=\"widget\" data-e-type=\"widget\" data-widget_type=\"heading.default\">\n\t\t\t\t\t<h2 class=\"elementor-heading-title elementor-size-default\"><a href=\"https:\/\/enjoycatalonia.com\/ca\/mice\/\">MICE &amp; ESPORTS<\/a><\/h2>\t\t\t\t<\/div>\n\t\t\t\t<div class=\"elementor-element elementor-element-3824ff3 elementor-widget elementor-widget-text-editor\" data-id=\"3824ff3\" data-element_type=\"widget\" data-e-type=\"widget\" data-widget_type=\"text-editor.default\">\n\t\t\t\t\t\t\t\t\t<p>Barcelona \u00e9s l&#8217;escenari perfecte per a experi\u00e8ncies MICE. Una ciutat vibrant, creativa i cosmopolita on els negocis es barregen amb la inspiraci\u00f3, esport i estil de vida mediterrani.<\/p>\t\t\t\t\t\t\t\t<\/div>\n\t\t\t\t<\/div>\n\t\t\t\t<\/div>\n\t\t\t\t<\/div>\n\t\t\t\t\t<\/div>\n\t\t\t\t<\/div>\n\t\t\t\t<\/div>\n\t\t","protected":false},"excerpt":{"rendered":"<p>Organitzem tours a Barcelona, excursions arreu de Catalunya i viatges per la resta d&#8217;Espanya i Fran\u00e7a en autocar privat i tren d&#8217;alta velocitat totalment adaptats a les vostres necessitats i interessos. Si sou un grup de particulars, una escola, una empresa, una associaci\u00f3 o una ag\u00e8ncia, podeu contractar els nostres serveis a mida i en [&hellip;]<\/p>\n","protected":false},"author":1,"featured_media":0,"parent":0,"menu_order":0,"comment_status":"closed","ping_status":"closed","template":"","meta":{"_acf_changed":false,"footnotes":""},"class_list":["post-3322","page","type-page","status-publish","hentry"],"acf":[],"yoast_head":"<!-- This site is optimized with the Yoast SEO plugin v27.2 - https:\/\/yoast.com\/product\/yoast-seo-wordpress\/ -->\n<title>Serveis privats - Enjoy Catalonia<\/title>\n<meta name=\"robots\" content=\"index, follow, max-snippet:-1, max-image-preview:large, max-video-preview:-1\" \/>\n<link rel=\"canonical\" href=\"https:\/\/enjoycatalonia.com\/ca\/serveis-privats\/\" \/>\n<meta property=\"og:locale\" content=\"ca_ES\" \/>\n<meta property=\"og:type\" content=\"article\" \/>\n<meta property=\"og:title\" content=\"Serveis privats - Enjoy Catalonia\" \/>\n<meta property=\"og:description\" content=\"Organitzem tours a Barcelona, excursions arreu de Catalunya i viatges per la resta d&#8217;Espanya i Fran\u00e7a en autocar privat i tren d&#8217;alta velocitat totalment adaptats a les vostres necessitats i interessos. Si sou un grup de particulars, una escola, una empresa, una associaci\u00f3 o una ag\u00e8ncia, podeu contractar els nostres serveis a mida i en [&hellip;]\" \/>\n<meta property=\"og:url\" content=\"https:\/\/enjoycatalonia.com\/ca\/serveis-privats\/\" \/>\n<meta property=\"og:site_name\" content=\"Enjoy Catalonia\" \/>\n<meta property=\"article:modified_time\" content=\"2026-03-25T18:30:05+00:00\" \/>\n<meta property=\"og:image\" content=\"https:\/\/enjoycatalonia.com\/wp-content\/uploads\/2026\/02\/Barcelona-web-privats.jpg\" \/>\n\t<meta property=\"og:image:width\" content=\"1000\" \/>\n\t<meta property=\"og:image:height\" content=\"667\" \/>\n\t<meta property=\"og:image:type\" content=\"image\/jpeg\" \/>\n<meta name=\"twitter:card\" content=\"summary_large_image\" \/>\n<meta name=\"twitter:label1\" content=\"Temps estimat de lectura\" \/>\n\t<meta name=\"twitter:data1\" content=\"2 minuts\" \/>\n<script type=\"application\/ld+json\" class=\"yoast-schema-graph\">{\"@context\":\"https:\/\/schema.org\",\"@graph\":[{\"@type\":\"WebPage\",\"@id\":\"https:\/\/enjoycatalonia.com\/ca\/serveis-privats\/\",\"url\":\"https:\/\/enjoycatalonia.com\/ca\/serveis-privats\/\",\"name\":\"Serveis privats - Enjoy Catalonia\",\"isPartOf\":{\"@id\":\"https:\/\/enjoycatalonia.com\/ca\/#website\"},\"primaryImageOfPage\":{\"@id\":\"https:\/\/enjoycatalonia.com\/ca\/serveis-privats\/#primaryimage\"},\"image\":{\"@id\":\"https:\/\/enjoycatalonia.com\/ca\/serveis-privats\/#primaryimage\"},\"thumbnailUrl\":\"https:\/\/enjoycatalonia.com\/wp-content\/uploads\/2026\/02\/Barcelona-web-privats.jpg\",\"datePublished\":\"2026-02-03T15:51:28+00:00\",\"dateModified\":\"2026-03-25T18:30:05+00:00\",\"breadcrumb\":{\"@id\":\"https:\/\/enjoycatalonia.com\/ca\/serveis-privats\/#breadcrumb\"},\"inLanguage\":\"ca\",\"potentialAction\":[{\"@type\":\"ReadAction\",\"target\":[\"https:\/\/enjoycatalonia.com\/ca\/serveis-privats\/\"]}]},{\"@type\":\"ImageObject\",\"inLanguage\":\"ca\",\"@id\":\"https:\/\/enjoycatalonia.com\/ca\/serveis-privats\/#primaryimage\",\"url\":\"https:\/\/enjoycatalonia.com\/wp-content\/uploads\/2026\/02\/Barcelona-web-privats.jpg\",\"contentUrl\":\"https:\/\/enjoycatalonia.com\/wp-content\/uploads\/2026\/02\/Barcelona-web-privats.jpg\"},{\"@type\":\"BreadcrumbList\",\"@id\":\"https:\/\/enjoycatalonia.com\/ca\/serveis-privats\/#breadcrumb\",\"itemListElement\":[{\"@type\":\"ListItem\",\"position\":1,\"name\":\"Portada\",\"item\":\"https:\/\/enjoycatalonia.com\/ca\/\"},{\"@type\":\"ListItem\",\"position\":2,\"name\":\"Serveis privats\"}]},{\"@type\":\"WebSite\",\"@id\":\"https:\/\/enjoycatalonia.com\/ca\/#website\",\"url\":\"https:\/\/enjoycatalonia.com\/ca\/\",\"name\":\"Enjoy Catalonia\",\"description\":\"\",\"potentialAction\":[{\"@type\":\"SearchAction\",\"target\":{\"@type\":\"EntryPoint\",\"urlTemplate\":\"https:\/\/enjoycatalonia.com\/ca\/?s={search_term_string}\"},\"query-input\":{\"@type\":\"PropertyValueSpecification\",\"valueRequired\":true,\"valueName\":\"search_term_string\"}}],\"inLanguage\":\"ca\"}]}<\/script>\n<!-- \/ Yoast SEO plugin. -->","yoast_head_json":{"title":"Serveis privats - Enjoy Catalonia","robots":{"index":"index","follow":"follow","max-snippet":"max-snippet:-1","max-image-preview":"max-image-preview:large","max-video-preview":"max-video-preview:-1"},"canonical":"https:\/\/enjoycatalonia.com\/ca\/serveis-privats\/","og_locale":"ca_ES","og_type":"article","og_title":"Serveis privats - Enjoy Catalonia","og_description":"Organitzem tours a Barcelona, excursions arreu de Catalunya i viatges per la resta d&#8217;Espanya i Fran\u00e7a en autocar privat i tren d&#8217;alta velocitat totalment adaptats a les vostres necessitats i interessos. Si sou un grup de particulars, una escola, una empresa, una associaci\u00f3 o una ag\u00e8ncia, podeu contractar els nostres serveis a mida i en [&hellip;]","og_url":"https:\/\/enjoycatalonia.com\/ca\/serveis-privats\/","og_site_name":"Enjoy Catalonia","article_modified_time":"2026-03-25T18:30:05+00:00","og_image":[{"width":1000,"height":667,"url":"https:\/\/enjoycatalonia.com\/wp-content\/uploads\/2026\/02\/Barcelona-web-privats.jpg","type":"image\/jpeg"}],"twitter_card":"summary_large_image","twitter_misc":{"Temps estimat de lectura":"2 minuts"},"schema":{"@context":"https:\/\/schema.org","@graph":[{"@type":"WebPage","@id":"https:\/\/enjoycatalonia.com\/ca\/serveis-privats\/","url":"https:\/\/enjoycatalonia.com\/ca\/serveis-privats\/","name":"Serveis privats - Enjoy Catalonia","isPartOf":{"@id":"https:\/\/enjoycatalonia.com\/ca\/#website"},"primaryImageOfPage":{"@id":"https:\/\/enjoycatalonia.com\/ca\/serveis-privats\/#primaryimage"},"image":{"@id":"https:\/\/enjoycatalonia.com\/ca\/serveis-privats\/#primaryimage"},"thumbnailUrl":"https:\/\/enjoycatalonia.com\/wp-content\/uploads\/2026\/02\/Barcelona-web-privats.jpg","datePublished":"2026-02-03T15:51:28+00:00","dateModified":"2026-03-25T18:30:05+00:00","breadcrumb":{"@id":"https:\/\/enjoycatalonia.com\/ca\/serveis-privats\/#breadcrumb"},"inLanguage":"ca","potentialAction":[{"@type":"ReadAction","target":["https:\/\/enjoycatalonia.com\/ca\/serveis-privats\/"]}]},{"@type":"ImageObject","inLanguage":"ca","@id":"https:\/\/enjoycatalonia.com\/ca\/serveis-privats\/#primaryimage","url":"https:\/\/enjoycatalonia.com\/wp-content\/uploads\/2026\/02\/Barcelona-web-privats.jpg","contentUrl":"https:\/\/enjoycatalonia.com\/wp-content\/uploads\/2026\/02\/Barcelona-web-privats.jpg"},{"@type":"BreadcrumbList","@id":"https:\/\/enjoycatalonia.com\/ca\/serveis-privats\/#breadcrumb","itemListElement":[{"@type":"ListItem","position":1,"name":"Portada","item":"https:\/\/enjoycatalonia.com\/ca\/"},{"@type":"ListItem","position":2,"name":"Serveis privats"}]},{"@type":"WebSite","@id":"https:\/\/enjoycatalonia.com\/ca\/#website","url":"https:\/\/enjoycatalonia.com\/ca\/","name":"Enjoy Catalonia","description":"","potentialAction":[{"@type":"SearchAction","target":{"@type":"EntryPoint","urlTemplate":"https:\/\/enjoycatalonia.com\/ca\/?s={search_term_string}"},"query-input":{"@type":"PropertyValueSpecification","valueRequired":true,"valueName":"search_term_string"}}],"inLanguage":"ca"}]}},"_links":{"self":[{"href":"https:\/\/enjoycatalonia.com\/ca\/wp-json\/wp\/v2\/pages\/3322","targetHints":{"allow":["GET"]}}],"collection":[{"href":"https:\/\/enjoycatalonia.com\/ca\/wp-json\/wp\/v2\/pages"}],"about":[{"href":"https:\/\/enjoycatalonia.com\/ca\/wp-json\/wp\/v2\/types\/page"}],"author":[{"embeddable":true,"href":"https:\/\/enjoycatalonia.com\/ca\/wp-json\/wp\/v2\/users\/1"}],"replies":[{"embeddable":true,"href":"https:\/\/enjoycatalonia.com\/ca\/wp-json\/wp\/v2\/comments?post=3322"}],"version-history":[{"count":19,"href":"https:\/\/enjoycatalonia.com\/ca\/wp-json\/wp\/v2\/pages\/3322\/revisions"}],"predecessor-version":[{"id":5101,"href":"https:\/\/enjoycatalonia.com\/ca\/wp-json\/wp\/v2\/pages\/3322\/revisions\/5101"}],"wp:attachment":[{"href":"https:\/\/enjoycatalonia.com\/ca\/wp-json\/wp\/v2\/media?parent=3322"}],"curies":[{"name":"wp","href":"https:\/\/api.w.org\/{rel}","templated":true}]}}