{"id":3510,"date":"2026-02-09T13:57:00","date_gmt":"2026-02-09T12:57:00","guid":{"rendered":"https:\/\/enjoycatalonia.com\/mice\/"},"modified":"2026-02-27T10:00:18","modified_gmt":"2026-02-27T09:00:18","slug":"mice","status":"publish","type":"page","link":"https:\/\/enjoycatalonia.com\/ca\/mice\/","title":{"rendered":"MICE"},"content":{"rendered":"\t\t<div data-elementor-type=\"wp-page\" data-elementor-id=\"3510\" class=\"elementor elementor-3510 elementor-1299\" data-elementor-post-type=\"page\">\n\t\t\t\t<div class=\"elementor-element elementor-element-b360a94 e-flex e-con-boxed e-con e-parent\" data-id=\"b360a94\" data-element_type=\"container\" data-e-type=\"container\">\n\t\t\t\t\t<div class=\"e-con-inner\">\n\t\t<div class=\"elementor-element elementor-element-a8b15e2 e-con-full e-flex e-con e-child\" data-id=\"a8b15e2\" data-element_type=\"container\" data-e-type=\"container\">\n\t\t<div class=\"elementor-element elementor-element-a4151e8 e-con-full e-flex e-con e-child\" data-id=\"a4151e8\" data-element_type=\"container\" data-e-type=\"container\">\n\t\t\t\t<div class=\"elementor-element elementor-element-922ad60 dce_masking-none elementor-widget elementor-widget-image\" data-id=\"922ad60\" data-element_type=\"widget\" data-e-type=\"widget\" data-widget_type=\"image.default\">\n\t\t\t\t\t\t\t\t\t\t\t\t\t\t\t<img fetchpriority=\"high\" decoding=\"async\" width=\"800\" height=\"534\" src=\"https:\/\/enjoycatalonia.com\/wp-content\/uploads\/2026\/02\/casa-batllo.jpg\" class=\"attachment-large size-large wp-image-3324\" alt=\"\" srcset=\"https:\/\/enjoycatalonia.com\/wp-content\/uploads\/2026\/02\/casa-batllo.jpg 1000w, https:\/\/enjoycatalonia.com\/wp-content\/uploads\/2026\/02\/casa-batllo-600x400.jpg 600w, https:\/\/enjoycatalonia.com\/wp-content\/uploads\/2026\/02\/casa-batllo-300x200.jpg 300w, https:\/\/enjoycatalonia.com\/wp-content\/uploads\/2026\/02\/casa-batllo-768x512.jpg 768w\" sizes=\"(max-width: 800px) 100vw, 800px\" \/>\t\t\t\t\t\t\t\t\t\t\t\t\t\t\t<\/div>\n\t\t\t\t<div class=\"elementor-element elementor-element-7a00b17 elementor-absolute elementor-hidden-tablet elementor-hidden-mobile dce_masking-none elementor-widget elementor-widget-image\" data-id=\"7a00b17\" data-element_type=\"widget\" data-e-type=\"widget\" data-settings=\"{&quot;_position&quot;:&quot;absolute&quot;}\" data-widget_type=\"image.default\">\n\t\t\t\t\t\t\t\t\t\t\t\t\t\t\t<img decoding=\"async\" width=\"1500\" height=\"998\" src=\"https:\/\/enjoycatalonia.com\/wp-content\/uploads\/2026\/02\/furgo-lujo.jpg\" class=\"attachment-full size-full wp-image-3318\" alt=\"\" srcset=\"https:\/\/enjoycatalonia.com\/wp-content\/uploads\/2026\/02\/furgo-lujo.jpg 1500w, https:\/\/enjoycatalonia.com\/wp-content\/uploads\/2026\/02\/furgo-lujo-600x399.jpg 600w, https:\/\/enjoycatalonia.com\/wp-content\/uploads\/2026\/02\/furgo-lujo-300x200.jpg 300w, https:\/\/enjoycatalonia.com\/wp-content\/uploads\/2026\/02\/furgo-lujo-1024x681.jpg 1024w, https:\/\/enjoycatalonia.com\/wp-content\/uploads\/2026\/02\/furgo-lujo-768x511.jpg 768w\" sizes=\"(max-width: 1500px) 100vw, 1500px\" \/>\t\t\t\t\t\t\t\t\t\t\t\t\t\t\t<\/div>\n\t\t\t\t<\/div>\n\t\t<div class=\"elementor-element elementor-element-69e397d e-con-full e-flex e-con e-child\" data-id=\"69e397d\" data-element_type=\"container\" data-e-type=\"container\">\n\t\t\t\t<div class=\"elementor-element elementor-element-6a9615d elementor-widget elementor-widget-heading\" data-id=\"6a9615d\" data-element_type=\"widget\" data-e-type=\"widget\" data-widget_type=\"heading.default\">\n\t\t\t\t\t<h1 class=\"elementor-heading-title elementor-size-default\">MICE i Esdeveniments esportius<\/h1>\t\t\t\t<\/div>\n\t\t\t\t<div class=\"elementor-element elementor-element-1a53d53 elementor-widget elementor-widget-text-editor\" data-id=\"1a53d53\" data-element_type=\"widget\" data-e-type=\"widget\" data-widget_type=\"text-editor.default\">\n\t\t\t\t\t\t\t\t\t<div class=\"wpb_text_column wpb_content_element vc_custom_1700750504290\"><div class=\"wpb_wrapper\"><p style=\"text-align: left;\">Barcelona \u00e9s l&#8217;escenari perfecte per a experi\u00e8ncies MICE que deixen empremta. Una ciutat vibrant, creativa i cosmopolita on els negocis es barregen amb la inspiraci\u00f3, esport i estil de vida mediterrani.<\/p><p style=\"text-align: left;\">A <strong>Enjoy Catalonia<\/strong> oferim transport, activitats ludicoculturals i visites guiades a Barcelona i rodalies dissenyades a mida per a empreses que busquen alguna cosa m\u00e9s que una simple trobada professional. Perqu\u00e8 la calidesa, la proximitat i la diversi\u00f3 no estan renyides amb la professionalitat i els negocis.<\/p><p><span lang=\"ES-TRAD\">A m\u00e9s, facilitem acc\u00e9s exclusiu als principals esdeveniments esportius de la ciutat, convertint cada esdeveniment corporatiu en una viv\u00e8ncia inoblidable.<\/span> <span lang=\"ES-TRAD\">Futbol d&#8217;elit a l&#8217;Spotify Camp Nou o l&#8217;Estadi Ol\u00edmpic, el Gran Premi de F\u00f3rmula 1 i Moto GP, tornejos internacionals, partits de b\u00e0squet, tennis o vela\u2026<\/span> <span lang=\"ES-TRAD\">Barcelona batega al ritme de l&#8217;esport i el posem a l&#8217;abast dels nostres clients.<\/span><\/p><\/div><\/div>\t\t\t\t\t\t\t\t<\/div>\n\t\t\t\t<\/div>\n\t\t\t\t<\/div>\n\t\t\t\t\t<\/div>\n\t\t\t\t<\/div>\n\t\t<div class=\"elementor-element elementor-element-fb44990 e-flex e-con-boxed e-con e-parent\" data-id=\"fb44990\" data-element_type=\"container\" data-e-type=\"container\">\n\t\t\t\t\t<div class=\"e-con-inner\">\n\t\t<div class=\"elementor-element elementor-element-b1de3f1 e-con-full e-flex e-con e-child\" data-id=\"b1de3f1\" data-element_type=\"container\" data-e-type=\"container\">\n\t\t<div class=\"elementor-element elementor-element-ce632d9 e-con-full e-flex e-con e-child\" data-id=\"ce632d9\" data-element_type=\"container\" data-e-type=\"container\">\n\t\t\t\t<div class=\"elementor-element elementor-element-032bcd1 elementor-widget elementor-widget-heading\" data-id=\"032bcd1\" data-element_type=\"widget\" data-e-type=\"widget\" data-widget_type=\"heading.default\">\n\t\t\t\t\t<h2 class=\"elementor-heading-title elementor-size-default\">Ksenia Cherepanova<\/h2>\t\t\t\t<\/div>\n\t\t\t\t<div class=\"elementor-element elementor-element-6697a41 elementor-widget elementor-widget-text-editor\" data-id=\"6697a41\" data-element_type=\"widget\" data-e-type=\"widget\" data-widget_type=\"text-editor.default\">\n\t\t\t\t\t\t\t\t\t<p><strong>Ksenia Cherepanova<\/strong> \u00e9s la responsable del <strong>turisme MICE<\/strong> i dels <strong>esdeveniments esportius<\/strong> a Enjoy Catalonia. Llicenciada en Traducci\u00f3 i Interpretaci\u00f3, compta amb una \u00e0mplia experi\u00e8ncia com a int\u00e8rpret en tot tipus de congressos, seminaris i esdeveniments esportius. <\/p><p>Parla <strong>rus<\/strong> , <strong>angl\u00e8s<\/strong> , <strong>espanyol<\/strong> i <strong>catal\u00e0<\/strong> amb soltesa. \u00c9s una persona emp\u00e0tica, molt treballadora i una excel\u00b7lent organitzadora: minuciosa, pacient i proactiva.   <\/p>\t\t\t\t\t\t\t\t<\/div>\n\t\t\t\t<\/div>\n\t\t<div class=\"elementor-element elementor-element-f89eab2 e-con-full e-flex e-con e-child\" data-id=\"f89eab2\" data-element_type=\"container\" data-e-type=\"container\">\n\t\t\t\t<div class=\"elementor-element elementor-element-7918905 dce_masking-none elementor-widget elementor-widget-image\" data-id=\"7918905\" data-element_type=\"widget\" data-e-type=\"widget\" data-widget_type=\"image.default\">\n\t\t\t\t\t\t\t\t\t\t\t\t\t\t\t<img decoding=\"async\" width=\"2493\" height=\"2560\" src=\"https:\/\/enjoycatalonia.com\/wp-content\/uploads\/2026\/02\/Foto-Ksenia-scaled.jpg\" class=\"attachment-full size-full wp-image-3513\" alt=\"\" srcset=\"https:\/\/enjoycatalonia.com\/wp-content\/uploads\/2026\/02\/Foto-Ksenia-scaled.jpg 2493w, https:\/\/enjoycatalonia.com\/wp-content\/uploads\/2026\/02\/Foto-Ksenia-292x300.jpg 292w, https:\/\/enjoycatalonia.com\/wp-content\/uploads\/2026\/02\/Foto-Ksenia-997x1024.jpg 997w, https:\/\/enjoycatalonia.com\/wp-content\/uploads\/2026\/02\/Foto-Ksenia-768x789.jpg 768w, https:\/\/enjoycatalonia.com\/wp-content\/uploads\/2026\/02\/Foto-Ksenia-1496x1536.jpg 1496w, https:\/\/enjoycatalonia.com\/wp-content\/uploads\/2026\/02\/Foto-Ksenia-1995x2048.jpg 1995w, https:\/\/enjoycatalonia.com\/wp-content\/uploads\/2026\/02\/Foto-Ksenia-600x616.jpg 600w\" sizes=\"(max-width: 2493px) 100vw, 2493px\" \/>\t\t\t\t\t\t\t\t\t\t\t\t\t\t\t<\/div>\n\t\t\t\t<\/div>\n\t\t\t\t<\/div>\n\t\t\t\t\t<\/div>\n\t\t\t\t<\/div>\n\t\t\t\t<\/div>\n\t\t","protected":false},"excerpt":{"rendered":"<p>MICE i Esdeveniments esportius Barcelona \u00e9s l&#8217;escenari perfecte per a experi\u00e8ncies MICE que deixen empremta. Una ciutat vibrant, creativa i cosmopolita on els negocis es barregen amb la inspiraci\u00f3, esport i estil de vida mediterrani. A Enjoy Catalonia oferim transport, activitats ludicoculturals i visites guiades a Barcelona i rodalies dissenyades a mida per a empreses [&hellip;]<\/p>\n","protected":false},"author":1,"featured_media":0,"parent":0,"menu_order":0,"comment_status":"closed","ping_status":"closed","template":"","meta":{"_acf_changed":false,"footnotes":""},"class_list":["post-3510","page","type-page","status-publish","hentry"],"acf":[],"yoast_head":"<!-- This site is optimized with the Yoast SEO plugin v27.2 - https:\/\/yoast.com\/product\/yoast-seo-wordpress\/ -->\n<title>MICE - Enjoy Catalonia<\/title>\n<meta name=\"robots\" content=\"index, follow, max-snippet:-1, max-image-preview:large, max-video-preview:-1\" \/>\n<link rel=\"canonical\" href=\"https:\/\/enjoycatalonia.com\/ca\/mice\/\" \/>\n<meta property=\"og:locale\" content=\"ca_ES\" \/>\n<meta property=\"og:type\" content=\"article\" \/>\n<meta property=\"og:title\" content=\"MICE - Enjoy Catalonia\" \/>\n<meta property=\"og:description\" content=\"MICE i Esdeveniments esportius Barcelona \u00e9s l&#8217;escenari perfecte per a experi\u00e8ncies MICE que deixen empremta. Una ciutat vibrant, creativa i cosmopolita on els negocis es barregen amb la inspiraci\u00f3, esport i estil de vida mediterrani. A Enjoy Catalonia oferim transport, activitats ludicoculturals i visites guiades a Barcelona i rodalies dissenyades a mida per a empreses [&hellip;]\" \/>\n<meta property=\"og:url\" content=\"https:\/\/enjoycatalonia.com\/ca\/mice\/\" \/>\n<meta property=\"og:site_name\" content=\"Enjoy Catalonia\" \/>\n<meta property=\"article:modified_time\" content=\"2026-02-27T09:00:18+00:00\" \/>\n<meta property=\"og:image\" content=\"https:\/\/enjoycatalonia.com\/wp-content\/uploads\/2026\/02\/casa-batllo.jpg\" \/>\n\t<meta property=\"og:image:width\" content=\"1000\" \/>\n\t<meta property=\"og:image:height\" content=\"667\" \/>\n\t<meta property=\"og:image:type\" content=\"image\/jpeg\" \/>\n<meta name=\"twitter:card\" content=\"summary_large_image\" \/>\n<meta name=\"twitter:label1\" content=\"Temps estimat de lectura\" \/>\n\t<meta name=\"twitter:data1\" content=\"2 minuts\" \/>\n<script type=\"application\/ld+json\" class=\"yoast-schema-graph\">{\"@context\":\"https:\/\/schema.org\",\"@graph\":[{\"@type\":\"WebPage\",\"@id\":\"https:\/\/enjoycatalonia.com\/ca\/mice\/\",\"url\":\"https:\/\/enjoycatalonia.com\/ca\/mice\/\",\"name\":\"MICE - Enjoy Catalonia\",\"isPartOf\":{\"@id\":\"https:\/\/enjoycatalonia.com\/ca\/#website\"},\"primaryImageOfPage\":{\"@id\":\"https:\/\/enjoycatalonia.com\/ca\/mice\/#primaryimage\"},\"image\":{\"@id\":\"https:\/\/enjoycatalonia.com\/ca\/mice\/#primaryimage\"},\"thumbnailUrl\":\"https:\/\/enjoycatalonia.com\/wp-content\/uploads\/2026\/02\/casa-batllo.jpg\",\"datePublished\":\"2026-02-09T12:57:00+00:00\",\"dateModified\":\"2026-02-27T09:00:18+00:00\",\"breadcrumb\":{\"@id\":\"https:\/\/enjoycatalonia.com\/ca\/mice\/#breadcrumb\"},\"inLanguage\":\"ca\",\"potentialAction\":[{\"@type\":\"ReadAction\",\"target\":[\"https:\/\/enjoycatalonia.com\/ca\/mice\/\"]}]},{\"@type\":\"ImageObject\",\"inLanguage\":\"ca\",\"@id\":\"https:\/\/enjoycatalonia.com\/ca\/mice\/#primaryimage\",\"url\":\"https:\/\/enjoycatalonia.com\/wp-content\/uploads\/2026\/02\/casa-batllo.jpg\",\"contentUrl\":\"https:\/\/enjoycatalonia.com\/wp-content\/uploads\/2026\/02\/casa-batllo.jpg\"},{\"@type\":\"BreadcrumbList\",\"@id\":\"https:\/\/enjoycatalonia.com\/ca\/mice\/#breadcrumb\",\"itemListElement\":[{\"@type\":\"ListItem\",\"position\":1,\"name\":\"Portada\",\"item\":\"https:\/\/enjoycatalonia.com\/ca\/\"},{\"@type\":\"ListItem\",\"position\":2,\"name\":\"MICE\"}]},{\"@type\":\"WebSite\",\"@id\":\"https:\/\/enjoycatalonia.com\/ca\/#website\",\"url\":\"https:\/\/enjoycatalonia.com\/ca\/\",\"name\":\"Enjoy Catalonia\",\"description\":\"\",\"potentialAction\":[{\"@type\":\"SearchAction\",\"target\":{\"@type\":\"EntryPoint\",\"urlTemplate\":\"https:\/\/enjoycatalonia.com\/ca\/?s={search_term_string}\"},\"query-input\":{\"@type\":\"PropertyValueSpecification\",\"valueRequired\":true,\"valueName\":\"search_term_string\"}}],\"inLanguage\":\"ca\"}]}<\/script>\n<!-- \/ Yoast SEO plugin. -->","yoast_head_json":{"title":"MICE - Enjoy Catalonia","robots":{"index":"index","follow":"follow","max-snippet":"max-snippet:-1","max-image-preview":"max-image-preview:large","max-video-preview":"max-video-preview:-1"},"canonical":"https:\/\/enjoycatalonia.com\/ca\/mice\/","og_locale":"ca_ES","og_type":"article","og_title":"MICE - Enjoy Catalonia","og_description":"MICE i Esdeveniments esportius Barcelona \u00e9s l&#8217;escenari perfecte per a experi\u00e8ncies MICE que deixen empremta. Una ciutat vibrant, creativa i cosmopolita on els negocis es barregen amb la inspiraci\u00f3, esport i estil de vida mediterrani. A Enjoy Catalonia oferim transport, activitats ludicoculturals i visites guiades a Barcelona i rodalies dissenyades a mida per a empreses [&hellip;]","og_url":"https:\/\/enjoycatalonia.com\/ca\/mice\/","og_site_name":"Enjoy Catalonia","article_modified_time":"2026-02-27T09:00:18+00:00","og_image":[{"width":1000,"height":667,"url":"https:\/\/enjoycatalonia.com\/wp-content\/uploads\/2026\/02\/casa-batllo.jpg","type":"image\/jpeg"}],"twitter_card":"summary_large_image","twitter_misc":{"Temps estimat de lectura":"2 minuts"},"schema":{"@context":"https:\/\/schema.org","@graph":[{"@type":"WebPage","@id":"https:\/\/enjoycatalonia.com\/ca\/mice\/","url":"https:\/\/enjoycatalonia.com\/ca\/mice\/","name":"MICE - Enjoy Catalonia","isPartOf":{"@id":"https:\/\/enjoycatalonia.com\/ca\/#website"},"primaryImageOfPage":{"@id":"https:\/\/enjoycatalonia.com\/ca\/mice\/#primaryimage"},"image":{"@id":"https:\/\/enjoycatalonia.com\/ca\/mice\/#primaryimage"},"thumbnailUrl":"https:\/\/enjoycatalonia.com\/wp-content\/uploads\/2026\/02\/casa-batllo.jpg","datePublished":"2026-02-09T12:57:00+00:00","dateModified":"2026-02-27T09:00:18+00:00","breadcrumb":{"@id":"https:\/\/enjoycatalonia.com\/ca\/mice\/#breadcrumb"},"inLanguage":"ca","potentialAction":[{"@type":"ReadAction","target":["https:\/\/enjoycatalonia.com\/ca\/mice\/"]}]},{"@type":"ImageObject","inLanguage":"ca","@id":"https:\/\/enjoycatalonia.com\/ca\/mice\/#primaryimage","url":"https:\/\/enjoycatalonia.com\/wp-content\/uploads\/2026\/02\/casa-batllo.jpg","contentUrl":"https:\/\/enjoycatalonia.com\/wp-content\/uploads\/2026\/02\/casa-batllo.jpg"},{"@type":"BreadcrumbList","@id":"https:\/\/enjoycatalonia.com\/ca\/mice\/#breadcrumb","itemListElement":[{"@type":"ListItem","position":1,"name":"Portada","item":"https:\/\/enjoycatalonia.com\/ca\/"},{"@type":"ListItem","position":2,"name":"MICE"}]},{"@type":"WebSite","@id":"https:\/\/enjoycatalonia.com\/ca\/#website","url":"https:\/\/enjoycatalonia.com\/ca\/","name":"Enjoy Catalonia","description":"","potentialAction":[{"@type":"SearchAction","target":{"@type":"EntryPoint","urlTemplate":"https:\/\/enjoycatalonia.com\/ca\/?s={search_term_string}"},"query-input":{"@type":"PropertyValueSpecification","valueRequired":true,"valueName":"search_term_string"}}],"inLanguage":"ca"}]}},"_links":{"self":[{"href":"https:\/\/enjoycatalonia.com\/ca\/wp-json\/wp\/v2\/pages\/3510","targetHints":{"allow":["GET"]}}],"collection":[{"href":"https:\/\/enjoycatalonia.com\/ca\/wp-json\/wp\/v2\/pages"}],"about":[{"href":"https:\/\/enjoycatalonia.com\/ca\/wp-json\/wp\/v2\/types\/page"}],"author":[{"embeddable":true,"href":"https:\/\/enjoycatalonia.com\/ca\/wp-json\/wp\/v2\/users\/1"}],"replies":[{"embeddable":true,"href":"https:\/\/enjoycatalonia.com\/ca\/wp-json\/wp\/v2\/comments?post=3510"}],"version-history":[{"count":4,"href":"https:\/\/enjoycatalonia.com\/ca\/wp-json\/wp\/v2\/pages\/3510\/revisions"}],"predecessor-version":[{"id":4054,"href":"https:\/\/enjoycatalonia.com\/ca\/wp-json\/wp\/v2\/pages\/3510\/revisions\/4054"}],"wp:attachment":[{"href":"https:\/\/enjoycatalonia.com\/ca\/wp-json\/wp\/v2\/media?parent=3510"}],"curies":[{"name":"wp","href":"https:\/\/api.w.org\/{rel}","templated":true}]}}