{"id":3761,"date":"2026-02-18T16:25:23","date_gmt":"2026-02-18T15:25:23","guid":{"rendered":"https:\/\/enjoycatalonia.com\/camins-de-lexili-maternitat-delna-i-collioure\/"},"modified":"2026-02-26T11:49:12","modified_gmt":"2026-02-26T10:49:12","slug":"camins-de-lexili-maternitat-delna-i-collioure","status":"publish","type":"page","link":"https:\/\/enjoycatalonia.com\/ca\/serveis-privats\/rutes-escolars\/camins-de-lexili-maternitat-delna-i-collioure\/","title":{"rendered":"Camins de l&#8217;exili: Maternitat d&#8217;Elna i Collioure"},"content":{"rendered":"\t\t<div data-elementor-type=\"wp-page\" data-elementor-id=\"3761\" class=\"elementor elementor-3761 elementor-1868\" data-elementor-post-type=\"page\">\n\t\t\t\t<div class=\"elementor-element elementor-element-9f83a99 e-flex e-con-boxed e-con e-parent\" data-id=\"9f83a99\" data-element_type=\"container\" data-e-type=\"container\">\n\t\t\t\t\t<div class=\"e-con-inner\">\n\t\t<div class=\"elementor-element elementor-element-7719b27 e-con-full e-flex e-con e-child\" data-id=\"7719b27\" data-element_type=\"container\" data-e-type=\"container\">\n\t\t<div class=\"elementor-element elementor-element-276fbfe e-con-full e-flex e-con e-child\" data-id=\"276fbfe\" data-element_type=\"container\" data-e-type=\"container\">\n\t\t\t\t<div class=\"elementor-element elementor-element-f2c393a elementor-icon-list--layout-traditional elementor-list-item-link-full_width elementor-widget elementor-widget-icon-list\" data-id=\"f2c393a\" data-element_type=\"widget\" data-e-type=\"widget\" data-widget_type=\"icon-list.default\">\n\t\t\t\t\t\t\t<ul class=\"elementor-icon-list-items\">\n\t\t\t\t\t\t\t<li class=\"elementor-icon-list-item\">\n\t\t\t\t\t\t\t\t\t\t\t<span class=\"elementor-icon-list-icon\">\n\t\t\t\t\t\t\t<svg xmlns=\"http:\/\/www.w3.org\/2000\/svg\" xmlns:xlink=\"http:\/\/www.w3.org\/1999\/xlink\" id=\"Layer_1\" x=\"0px\" y=\"0px\" viewBox=\"0 0 512 512\" style=\"enable-background:new 0 0 512 512;\" xml:space=\"preserve\"><g>\t<g>\t\t<path d=\"M333.187,237.405c32.761-23.893,54.095-62.561,54.095-106.123C387.282,58.893,328.389,0,256,0   S124.718,58.893,124.718,131.282c0,43.562,21.333,82.23,54.095,106.123C97.373,268.57,39.385,347.531,39.385,439.795   c0,39.814,32.391,72.205,72.205,72.205H400.41c39.814,0,72.205-32.391,72.205-72.205   C472.615,347.531,414.627,268.57,333.187,237.405z M164.103,131.282c0-50.672,41.225-91.897,91.897-91.897   s91.897,41.225,91.897,91.897S306.672,223.18,256,223.18S164.103,181.954,164.103,131.282z M400.41,472.615H111.59   c-18.097,0-32.82-14.723-32.82-32.821c0-97.726,79.504-177.231,177.231-177.231s177.231,79.504,177.231,177.231   C433.231,457.892,418.508,472.615,400.41,472.615z\"><\/path>\t<\/g><\/g><g><\/g><g><\/g><g><\/g><g><\/g><g><\/g><g><\/g><g><\/g><g><\/g><g><\/g><g><\/g><g><\/g><g><\/g><g><\/g><g><\/g><g><\/g><\/svg>\t\t\t\t\t\t<\/span>\n\t\t\t\t\t\t\t\t\t\t<span class=\"elementor-icon-list-text\">Dirigit a:<\/span>\n\t\t\t\t\t\t\t\t\t<\/li>\n\t\t\t\t\t\t<\/ul>\n\t\t\t\t\t\t<\/div>\n\t\t\t\t<div class=\"elementor-element elementor-element-bb8bd6a elementor-widget elementor-widget-text-editor\" data-id=\"bb8bd6a\" data-element_type=\"widget\" data-e-type=\"widget\" data-widget_type=\"text-editor.default\">\n\t\t\t\t\t\t\t\t\t<p>Grups escolars de cicle superior de prim\u00e0ria \/ Estudiants d\u00b4ESO \/ Batxillerat \/ Grups d\u00b4adults.<\/p>\t\t\t\t\t\t\t\t<\/div>\n\t\t\t\t<div class=\"elementor-element elementor-element-df2b7c1 elementor-icon-list--layout-traditional elementor-list-item-link-full_width elementor-widget elementor-widget-icon-list\" data-id=\"df2b7c1\" data-element_type=\"widget\" data-e-type=\"widget\" data-widget_type=\"icon-list.default\">\n\t\t\t\t\t\t\t<ul class=\"elementor-icon-list-items\">\n\t\t\t\t\t\t\t<li class=\"elementor-icon-list-item\">\n\t\t\t\t\t\t\t\t\t\t\t<span class=\"elementor-icon-list-icon\">\n\t\t\t\t\t\t\t<svg xmlns=\"http:\/\/www.w3.org\/2000\/svg\" id=\"Layer_1\" height=\"512\" viewBox=\"0 0 32 32\" width=\"512\" data-name=\"Layer 1\"><path d=\"m4.995 15.18c-.485 0-.907-.327-.976-.822-.017-.114-.02-.245-.02-.358 0-1.596.621-3.103 1.749-4.243 1.148-1.136 2.655-1.757 4.251-1.757h6.45c.553 0 1 .448 1 1s-.447 1-1 1h-6.45c-1.065 0-2.073.416-2.837 1.171-.747.755-1.163 1.763-1.163 2.829.076.547-.306 1.093-.853 1.169-.052.007-.103.011-.152.011z\"><\/path><path d=\"m23 30h-8.7c-.553 0-1-.448-1-1s.447-1 1-1h8.7c2.206 0 4-1.794 4-4 0-1.066-.416-2.074-1.171-2.837-.756-.747-1.764-1.163-2.829-1.163h-7.94c-.553 0-1-.448-1-1s.447-1 1-1h7.94c1.596 0 3.103.621 4.243 1.749 1.136 1.148 1.757 2.655 1.757 4.251 0 3.309-2.691 6-6 6z\"><\/path><path d=\"m25 15c-1.788 0-6-4.708-6-9 0-3.309 2.691-6 6-6s6 2.691 6 6c0 4.292-4.212 9-6 9zm0-13c-2.206 0-4 1.794-4 4 0 3.134 2.992 6.449 4 6.963 1.008-.514 4-3.829 4-6.963 0-2.206-1.794-4-4-4z\"><\/path><circle cx=\"25\" cy=\"6\" r=\"1\"><\/circle><path d=\"m7 32c-1.788 0-6-4.708-6-9 0-3.309 2.691-6 6-6s6 2.691 6 6c0 4.292-4.212 9-6 9zm0-13c-2.206 0-4 1.794-4 4 0 3.134 2.992 6.449 4 6.963 1.008-.514 4-3.829 4-6.963 0-2.206-1.794-4-4-4z\"><\/path><circle cx=\"7\" cy=\"23\" r=\"1\"><\/circle><\/svg>\t\t\t\t\t\t<\/span>\n\t\t\t\t\t\t\t\t\t\t<span class=\"elementor-icon-list-text\">\u00c0mbits tem\u00e0tics de l'excursi\u00f3:<\/span>\n\t\t\t\t\t\t\t\t\t<\/li>\n\t\t\t\t\t\t<\/ul>\n\t\t\t\t\t\t<\/div>\n\t\t\t\t<div class=\"elementor-element elementor-element-520c753 elementor-widget elementor-widget-text-editor\" data-id=\"520c753\" data-element_type=\"widget\" data-e-type=\"widget\" data-widget_type=\"text-editor.default\">\n\t\t\t\t\t\t\t\t\t<p>Hist\u00f2ria, Geografia, Llengua francesa, Literatura i Art.<\/p>\t\t\t\t\t\t\t\t<\/div>\n\t\t\t\t<div class=\"elementor-element elementor-element-7d5703c elementor-icon-list--layout-traditional elementor-list-item-link-full_width elementor-widget elementor-widget-icon-list\" data-id=\"7d5703c\" data-element_type=\"widget\" data-e-type=\"widget\" data-widget_type=\"icon-list.default\">\n\t\t\t\t\t\t\t<ul class=\"elementor-icon-list-items\">\n\t\t\t\t\t\t\t<li class=\"elementor-icon-list-item\">\n\t\t\t\t\t\t\t\t\t\t\t<span class=\"elementor-icon-list-icon\">\n\t\t\t\t\t\t\t<svg xmlns=\"http:\/\/www.w3.org\/2000\/svg\" height=\"512\" viewBox=\"0 0 24 24\" width=\"512\"><g><path d=\"m15 23h-10a3 3 0 0 1 -3-3v-12a3 3 0 0 1 3-3h10a3 3 0 0 1 3 3v12a3 3 0 0 1 -3 3zm-10-16a1 1 0 0 0 -1 1v12a1 1 0 0 0 1 1h10a1 1 0 0 0 1-1v-12a1 1 0 0 0 -1-1zm17 9v-12a3 3 0 0 0 -3-3h-10a3 3 0 0 0 -3 3h2a1 1 0 0 1 1-1h10a1 1 0 0 1 1 1v12a1 1 0 0 1 -1 1v2a3 3 0 0 0 3-3zm-9-5h-6v2h6zm0 4h-6v2h6z\"><\/path><\/g><\/svg>\t\t\t\t\t\t<\/span>\n\t\t\t\t\t\t\t\t\t\t<span class=\"elementor-icon-list-text\">Descripci\u00f3:<\/span>\n\t\t\t\t\t\t\t\t\t<\/li>\n\t\t\t\t\t\t<\/ul>\n\t\t\t\t\t\t<\/div>\n\t\t\t\t<div class=\"elementor-element elementor-element-8fac1d9 elementor-widget elementor-widget-text-editor\" data-id=\"8fac1d9\" data-element_type=\"widget\" data-e-type=\"widget\" data-widget_type=\"text-editor.default\">\n\t\t\t\t\t\t\t\t\t<p>Excursi\u00f3 d&#8217;un dia a la comarca del Rossell\u00f3 (Fran\u00e7a) per visitar la <strong>Maternitat su\u00efssa d&#8217;Elna<\/strong> i <strong>Collioure<\/strong> . Una excursi\u00f3 tem\u00e0tica pels camins de l&#8217;exili que ens permet apropar-nos a la hist\u00f2ria tr\u00e0gica dels refugiats republicans de la Guerra Civil Espanyola a trav\u00e9s de dues figures emblem\u00e0tiques: <strong>Elizabeth Eidenbenz<\/strong> i <strong>Antonio Machado<\/strong> . <\/p><p>L&#8217;excursi\u00f3 es pot completar amb una visita guiada al <strong>Castell Reial de Collioure<\/strong> , que va servir de pres\u00f3 per a un miler de presoners republicans.<\/p><p>Si voleu ampliar l&#8217;\u00e0mbit tem\u00e0tic de l&#8217;excursi\u00f3, podeu fer un recorregut despr\u00e9s de les empremtes de <strong>Matisse<\/strong> i <strong>Derain<\/strong> a Collioure i\/o visitar el <strong>Museu d&#8217;Art Modern<\/strong> del poble, considerat un dels bressols del fauvisme, moviment pict\u00f2ric expressionista de principis del segle XX.<\/p>\t\t\t\t\t\t\t\t<\/div>\n\t\t\t\t<div class=\"elementor-element elementor-element-271ea04 elementor-icon-list--layout-traditional elementor-list-item-link-full_width elementor-widget elementor-widget-icon-list\" data-id=\"271ea04\" data-element_type=\"widget\" data-e-type=\"widget\" data-widget_type=\"icon-list.default\">\n\t\t\t\t\t\t\t<ul class=\"elementor-icon-list-items\">\n\t\t\t\t\t\t\t<li class=\"elementor-icon-list-item\">\n\t\t\t\t\t\t\t\t\t\t\t<span class=\"elementor-icon-list-icon\">\n\t\t\t\t\t\t\t<svg xmlns=\"http:\/\/www.w3.org\/2000\/svg\" xmlns:xlink=\"http:\/\/www.w3.org\/1999\/xlink\" id=\"Layer_1\" x=\"0px\" y=\"0px\" viewBox=\"0 0 512 512\" style=\"enable-background:new 0 0 512 512;\" xml:space=\"preserve\"><g>\t<g>\t\t<path d=\"M413.737,172.392L128,49.933v-28.6C128,9.551,118.449,0,106.667,0C94.885,0,85.333,9.551,85.333,21.333V64v256v170.667   c0,11.782,9.551,21.333,21.333,21.333c11.782,0,21.333-9.551,21.333-21.333v-156.6l285.737-122.459   C430.977,204.22,430.977,179.78,413.737,172.392z M128,287.647V96.353L351.177,192L128,287.647z\"><\/path>\t<\/g><\/g><g><\/g><g><\/g><g><\/g><g><\/g><g><\/g><g><\/g><g><\/g><g><\/g><g><\/g><g><\/g><g><\/g><g><\/g><g><\/g><g><\/g><g><\/g><\/svg>\t\t\t\t\t\t<\/span>\n\t\t\t\t\t\t\t\t\t\t<span class=\"elementor-icon-list-text\">Objectius:<\/span>\n\t\t\t\t\t\t\t\t\t<\/li>\n\t\t\t\t\t\t<\/ul>\n\t\t\t\t\t\t<\/div>\n\t\t\t\t<div class=\"elementor-element elementor-element-df209be elementor-icon-list--layout-traditional elementor-list-item-link-full_width elementor-widget elementor-widget-icon-list\" data-id=\"df209be\" data-element_type=\"widget\" data-e-type=\"widget\" data-widget_type=\"icon-list.default\">\n\t\t\t\t\t\t\t<ul class=\"elementor-icon-list-items\">\n\t\t\t\t\t\t\t<li class=\"elementor-icon-list-item\">\n\t\t\t\t\t\t\t\t\t\t\t<span class=\"elementor-icon-list-icon\">\n\t\t\t\t\t\t\t<svg xmlns=\"http:\/\/www.w3.org\/2000\/svg\" id=\"Layer_2_00000035490491628794221700000012594640215456977582_\" viewBox=\"0 0 512 512\"><g id=\"Icon\"><g id=\"_65\"><path d=\"m418.4 288.9h-324.8c-6.8 0-11.7-5.5-14.7-16.4-1.5-5.7-2.3-11.2-2.3-16.4 0-5.3.8-10.8 2.3-16.4 3-11 7.9-16.4 14.7-16.4h324.9c6.8 0 11.7 5.5 14.7 16.4 1.5 5.7 2.3 11.1 2.3 16.4s-.8 10.8-2.3 16.4c-3 10.9-8 16.4-14.8 16.4z\"><\/path><\/g><\/g><\/svg>\t\t\t\t\t\t<\/span>\n\t\t\t\t\t\t\t\t\t\t<span class=\"elementor-icon-list-text\">Vincular la hist\u00f2ria amb el territori i la mem\u00f2ria col\u00b7lectiva.<\/span>\n\t\t\t\t\t\t\t\t\t<\/li>\n\t\t\t\t\t\t\t\t<li class=\"elementor-icon-list-item\">\n\t\t\t\t\t\t\t\t\t\t\t<span class=\"elementor-icon-list-icon\">\n\t\t\t\t\t\t\t<svg xmlns=\"http:\/\/www.w3.org\/2000\/svg\" id=\"Layer_2_00000035490491628794221700000012594640215456977582_\" viewBox=\"0 0 512 512\"><g id=\"Icon\"><g id=\"_65\"><path d=\"m418.4 288.9h-324.8c-6.8 0-11.7-5.5-14.7-16.4-1.5-5.7-2.3-11.2-2.3-16.4 0-5.3.8-10.8 2.3-16.4 3-11 7.9-16.4 14.7-16.4h324.9c6.8 0 11.7 5.5 14.7 16.4 1.5 5.7 2.3 11.1 2.3 16.4s-.8 10.8-2.3 16.4c-3 10.9-8 16.4-14.8 16.4z\"><\/path><\/g><\/g><\/svg>\t\t\t\t\t\t<\/span>\n\t\t\t\t\t\t\t\t\t\t<span class=\"elementor-icon-list-text\">Fomentar l'empatia de l'alumnat amb les v\u00edctimes dels conflictes b\u00e8l\u00b7lics.<\/span>\n\t\t\t\t\t\t\t\t\t<\/li>\n\t\t\t\t\t\t\t\t<li class=\"elementor-icon-list-item\">\n\t\t\t\t\t\t\t\t\t\t\t<span class=\"elementor-icon-list-icon\">\n\t\t\t\t\t\t\t<svg xmlns=\"http:\/\/www.w3.org\/2000\/svg\" id=\"Layer_2_00000035490491628794221700000012594640215456977582_\" viewBox=\"0 0 512 512\"><g id=\"Icon\"><g id=\"_65\"><path d=\"m418.4 288.9h-324.8c-6.8 0-11.7-5.5-14.7-16.4-1.5-5.7-2.3-11.2-2.3-16.4 0-5.3.8-10.8 2.3-16.4 3-11 7.9-16.4 14.7-16.4h324.9c6.8 0 11.7 5.5 14.7 16.4 1.5 5.7 2.3 11.1 2.3 16.4s-.8 10.8-2.3 16.4c-3 10.9-8 16.4-14.8 16.4z\"><\/path><\/g><\/g><\/svg>\t\t\t\t\t\t<\/span>\n\t\t\t\t\t\t\t\t\t\t<span class=\"elementor-icon-list-text\">Promoure a l'alumnat una reflexi\u00f3 sobre el m\u00f3n actual a partir dels testimonis del passat.<\/span>\n\t\t\t\t\t\t\t\t\t<\/li>\n\t\t\t\t\t\t\t\t<li class=\"elementor-icon-list-item\">\n\t\t\t\t\t\t\t\t\t\t\t<span class=\"elementor-icon-list-icon\">\n\t\t\t\t\t\t\t<svg xmlns=\"http:\/\/www.w3.org\/2000\/svg\" id=\"Layer_2_00000035490491628794221700000012594640215456977582_\" viewBox=\"0 0 512 512\"><g id=\"Icon\"><g id=\"_65\"><path d=\"m418.4 288.9h-324.8c-6.8 0-11.7-5.5-14.7-16.4-1.5-5.7-2.3-11.2-2.3-16.4 0-5.3.8-10.8 2.3-16.4 3-11 7.9-16.4 14.7-16.4h324.9c6.8 0 11.7 5.5 14.7 16.4 1.5 5.7 2.3 11.1 2.3 16.4s-.8 10.8-2.3 16.4c-3 10.9-8 16.4-14.8 16.4z\"><\/path><\/g><\/g><\/svg>\t\t\t\t\t\t<\/span>\n\t\t\t\t\t\t\t\t\t\t<span class=\"elementor-icon-list-text\">Descobrir Fran\u00e7a i la llengua francesa mitjan\u00e7ant una experi\u00e8ncia immersiva.<\/span>\n\t\t\t\t\t\t\t\t\t<\/li>\n\t\t\t\t\t\t<\/ul>\n\t\t\t\t\t\t<\/div>\n\t\t\t\t<div class=\"elementor-element elementor-element-d8ffa23 elementor-icon-list--layout-traditional elementor-list-item-link-full_width elementor-widget elementor-widget-icon-list\" data-id=\"d8ffa23\" data-element_type=\"widget\" data-e-type=\"widget\" data-widget_type=\"icon-list.default\">\n\t\t\t\t\t\t\t<ul class=\"elementor-icon-list-items\">\n\t\t\t\t\t\t\t<li class=\"elementor-icon-list-item\">\n\t\t\t\t\t\t\t\t\t\t\t<span class=\"elementor-icon-list-icon\">\n\t\t\t\t\t\t\t<svg xmlns=\"http:\/\/www.w3.org\/2000\/svg\" id=\"Layer_1\" viewBox=\"0 0 24 24\"><path d=\"m12 2c-5.5 0-10 4.5-10 10s4.5 10 10 10 10-4.5 10-10-4.5-10-10-10zm0 18c-4.4 0-8-3.6-8-8s3.6-8 8-8 8 3.6 8 8-3.6 8-8 8zm3.1-7.4-2.1-1.2v-4.4c0-.6-.4-1-1-1s-1 .4-1 1v5 .1c0 .1 0 .1.1.2 0 .1 0 .1.1.2 0 .1.1.1.1.2l.2.1.1.1 2.6 1.5c.2.1.3.1.5.1.6 0 1-.4 1-1-.1-.4-.3-.7-.6-.9z\"><\/path><\/svg>\t\t\t\t\t\t<\/span>\n\t\t\t\t\t\t\t\t\t\t<span class=\"elementor-icon-list-text\">Itinerari resumit (1 dia):<\/span>\n\t\t\t\t\t\t\t\t\t<\/li>\n\t\t\t\t\t\t<\/ul>\n\t\t\t\t\t\t<\/div>\n\t\t\t\t<div class=\"elementor-element elementor-element-f4f4951 elementor-widget elementor-widget-text-editor\" data-id=\"f4f4951\" data-element_type=\"widget\" data-e-type=\"widget\" data-widget_type=\"text-editor.default\">\n\t\t\t\t\t\t\t\t\t<ul><li>Sortida amb autob\u00fas des del centre escolar. Parada per esmorzar durant el trajecte. <\/li><li>Visita a la <strong>Maternitat Su\u00efssa d&#8217;Elna<\/strong> .<\/li><li>Temps lliure per menjar.<\/li><li>Ruta guiada per <strong>Collioure<\/strong> , amb visita al cementiri vell (la tomba de Machado) i entrada opcional al <strong>Castell Reial<\/strong> .<\/li><li>Tornada amb autob\u00fas.<\/li><\/ul>\t\t\t\t\t\t\t\t<\/div>\n\t\t\t\t<\/div>\n\t\t<div class=\"elementor-element elementor-element-fcb321d e-con-full e-flex e-con e-child\" data-id=\"fcb321d\" data-element_type=\"container\" data-e-type=\"container\">\n\t\t\t\t<div class=\"elementor-element elementor-element-5c195ca dce_masking-none elementor-widget elementor-widget-image\" data-id=\"5c195ca\" data-element_type=\"widget\" data-e-type=\"widget\" data-widget_type=\"image.default\">\n\t\t\t\t\t\t\t\t\t\t\t\t\t\t\t<img fetchpriority=\"high\" decoding=\"async\" width=\"1000\" height=\"667\" src=\"https:\/\/enjoycatalonia.com\/wp-content\/uploads\/2026\/02\/Maternitat-Elna-web-privats-1.jpg\" class=\"attachment-full size-full wp-image-3329\" alt=\"\" srcset=\"https:\/\/enjoycatalonia.com\/wp-content\/uploads\/2026\/02\/Maternitat-Elna-web-privats-1.jpg 1000w, https:\/\/enjoycatalonia.com\/wp-content\/uploads\/2026\/02\/Maternitat-Elna-web-privats-1-600x400.jpg 600w, https:\/\/enjoycatalonia.com\/wp-content\/uploads\/2026\/02\/Maternitat-Elna-web-privats-1-300x200.jpg 300w, https:\/\/enjoycatalonia.com\/wp-content\/uploads\/2026\/02\/Maternitat-Elna-web-privats-1-768x512.jpg 768w\" sizes=\"(max-width: 1000px) 100vw, 1000px\" \/>\t\t\t\t\t\t\t\t\t\t\t\t\t\t\t<\/div>\n\t\t\t\t<\/div>\n\t\t\t\t<\/div>\n\t\t\t\t\t<\/div>\n\t\t\t\t<\/div>\n\t\t\t\t<\/div>\n\t\t","protected":false},"excerpt":{"rendered":"<p>Dirigit a: Grups escolars de cicle superior de prim\u00e0ria \/ Estudiants d\u00b4ESO \/ Batxillerat \/ Grups d\u00b4adults. \u00c0mbits tem\u00e0tics de l&#8217;excursi\u00f3: Hist\u00f2ria, Geografia, Llengua francesa, Literatura i Art. Descripci\u00f3: Excursi\u00f3 d&#8217;un dia a la comarca del Rossell\u00f3 (Fran\u00e7a) per visitar la Maternitat su\u00efssa d&#8217;Elna i Collioure . Una excursi\u00f3 tem\u00e0tica pels camins de l&#8217;exili que [&hellip;]<\/p>\n","protected":false},"author":1,"featured_media":0,"parent":3865,"menu_order":0,"comment_status":"closed","ping_status":"closed","template":"","meta":{"_acf_changed":false,"footnotes":""},"class_list":["post-3761","page","type-page","status-publish","hentry"],"acf":[],"yoast_head":"<!-- This site is optimized with the Yoast SEO plugin v27.2 - https:\/\/yoast.com\/product\/yoast-seo-wordpress\/ -->\n<title>Camins de l&#039;exili: Maternitat d&#039;Elna i Collioure - Enjoy Catalonia<\/title>\n<meta name=\"robots\" content=\"index, follow, max-snippet:-1, max-image-preview:large, max-video-preview:-1\" \/>\n<link rel=\"canonical\" href=\"https:\/\/enjoycatalonia.com\/ca\/serveis-privats\/rutes-escolars\/camins-de-lexili-maternitat-delna-i-collioure\/\" \/>\n<meta property=\"og:locale\" content=\"ca_ES\" \/>\n<meta property=\"og:type\" content=\"article\" \/>\n<meta property=\"og:title\" content=\"Camins de l&#039;exili: Maternitat d&#039;Elna i Collioure - Enjoy Catalonia\" \/>\n<meta property=\"og:description\" content=\"Dirigit a: Grups escolars de cicle superior de prim\u00e0ria \/ Estudiants d\u00b4ESO \/ Batxillerat \/ Grups d\u00b4adults. \u00c0mbits tem\u00e0tics de l&#8217;excursi\u00f3: Hist\u00f2ria, Geografia, Llengua francesa, Literatura i Art. Descripci\u00f3: Excursi\u00f3 d&#8217;un dia a la comarca del Rossell\u00f3 (Fran\u00e7a) per visitar la Maternitat su\u00efssa d&#8217;Elna i Collioure . Una excursi\u00f3 tem\u00e0tica pels camins de l&#8217;exili que [&hellip;]\" \/>\n<meta property=\"og:url\" content=\"https:\/\/enjoycatalonia.com\/ca\/serveis-privats\/rutes-escolars\/camins-de-lexili-maternitat-delna-i-collioure\/\" \/>\n<meta property=\"og:site_name\" content=\"Enjoy Catalonia\" \/>\n<meta property=\"article:modified_time\" content=\"2026-02-26T10:49:12+00:00\" \/>\n<meta property=\"og:image\" content=\"https:\/\/enjoycatalonia.com\/wp-content\/uploads\/2026\/02\/Maternitat-Elna-web-privats-1.jpg\" \/>\n\t<meta property=\"og:image:width\" content=\"1000\" \/>\n\t<meta property=\"og:image:height\" content=\"667\" \/>\n\t<meta property=\"og:image:type\" content=\"image\/jpeg\" \/>\n<meta name=\"twitter:card\" content=\"summary_large_image\" \/>\n<meta name=\"twitter:label1\" content=\"Temps estimat de lectura\" \/>\n\t<meta name=\"twitter:data1\" content=\"1 minut\" \/>\n<script type=\"application\/ld+json\" class=\"yoast-schema-graph\">{\"@context\":\"https:\/\/schema.org\",\"@graph\":[{\"@type\":\"WebPage\",\"@id\":\"https:\/\/enjoycatalonia.com\/ca\/serveis-privats\/rutes-escolars\/camins-de-lexili-maternitat-delna-i-collioure\/\",\"url\":\"https:\/\/enjoycatalonia.com\/ca\/serveis-privats\/rutes-escolars\/camins-de-lexili-maternitat-delna-i-collioure\/\",\"name\":\"Camins de l'exili: Maternitat d'Elna i Collioure - Enjoy Catalonia\",\"isPartOf\":{\"@id\":\"https:\/\/enjoycatalonia.com\/ca\/#website\"},\"primaryImageOfPage\":{\"@id\":\"https:\/\/enjoycatalonia.com\/ca\/serveis-privats\/rutes-escolars\/camins-de-lexili-maternitat-delna-i-collioure\/#primaryimage\"},\"image\":{\"@id\":\"https:\/\/enjoycatalonia.com\/ca\/serveis-privats\/rutes-escolars\/camins-de-lexili-maternitat-delna-i-collioure\/#primaryimage\"},\"thumbnailUrl\":\"https:\/\/enjoycatalonia.com\/wp-content\/uploads\/2026\/02\/Maternitat-Elna-web-privats-1.jpg\",\"datePublished\":\"2026-02-18T15:25:23+00:00\",\"dateModified\":\"2026-02-26T10:49:12+00:00\",\"breadcrumb\":{\"@id\":\"https:\/\/enjoycatalonia.com\/ca\/serveis-privats\/rutes-escolars\/camins-de-lexili-maternitat-delna-i-collioure\/#breadcrumb\"},\"inLanguage\":\"ca\",\"potentialAction\":[{\"@type\":\"ReadAction\",\"target\":[\"https:\/\/enjoycatalonia.com\/ca\/serveis-privats\/rutes-escolars\/camins-de-lexili-maternitat-delna-i-collioure\/\"]}]},{\"@type\":\"ImageObject\",\"inLanguage\":\"ca\",\"@id\":\"https:\/\/enjoycatalonia.com\/ca\/serveis-privats\/rutes-escolars\/camins-de-lexili-maternitat-delna-i-collioure\/#primaryimage\",\"url\":\"https:\/\/enjoycatalonia.com\/wp-content\/uploads\/2026\/02\/Maternitat-Elna-web-privats-1.jpg\",\"contentUrl\":\"https:\/\/enjoycatalonia.com\/wp-content\/uploads\/2026\/02\/Maternitat-Elna-web-privats-1.jpg\"},{\"@type\":\"BreadcrumbList\",\"@id\":\"https:\/\/enjoycatalonia.com\/ca\/serveis-privats\/rutes-escolars\/camins-de-lexili-maternitat-delna-i-collioure\/#breadcrumb\",\"itemListElement\":[{\"@type\":\"ListItem\",\"position\":1,\"name\":\"Portada\",\"item\":\"https:\/\/enjoycatalonia.com\/ca\/\"},{\"@type\":\"ListItem\",\"position\":2,\"name\":\"Serveis privats\",\"item\":\"https:\/\/enjoycatalonia.com\/ca\/serveis-privats\/\"},{\"@type\":\"ListItem\",\"position\":3,\"name\":\"Rutes escolars\",\"item\":\"https:\/\/enjoycatalonia.com\/ca\/serveis-privats\/rutes-escolars\/\"},{\"@type\":\"ListItem\",\"position\":4,\"name\":\"Camins de l&#8217;exili: Maternitat d&#8217;Elna i Collioure\"}]},{\"@type\":\"WebSite\",\"@id\":\"https:\/\/enjoycatalonia.com\/ca\/#website\",\"url\":\"https:\/\/enjoycatalonia.com\/ca\/\",\"name\":\"Enjoy Catalonia\",\"description\":\"\",\"potentialAction\":[{\"@type\":\"SearchAction\",\"target\":{\"@type\":\"EntryPoint\",\"urlTemplate\":\"https:\/\/enjoycatalonia.com\/ca\/?s={search_term_string}\"},\"query-input\":{\"@type\":\"PropertyValueSpecification\",\"valueRequired\":true,\"valueName\":\"search_term_string\"}}],\"inLanguage\":\"ca\"}]}<\/script>\n<!-- \/ Yoast SEO plugin. -->","yoast_head_json":{"title":"Camins de l'exili: Maternitat d'Elna i Collioure - Enjoy Catalonia","robots":{"index":"index","follow":"follow","max-snippet":"max-snippet:-1","max-image-preview":"max-image-preview:large","max-video-preview":"max-video-preview:-1"},"canonical":"https:\/\/enjoycatalonia.com\/ca\/serveis-privats\/rutes-escolars\/camins-de-lexili-maternitat-delna-i-collioure\/","og_locale":"ca_ES","og_type":"article","og_title":"Camins de l'exili: Maternitat d'Elna i Collioure - Enjoy Catalonia","og_description":"Dirigit a: Grups escolars de cicle superior de prim\u00e0ria \/ Estudiants d\u00b4ESO \/ Batxillerat \/ Grups d\u00b4adults. \u00c0mbits tem\u00e0tics de l&#8217;excursi\u00f3: Hist\u00f2ria, Geografia, Llengua francesa, Literatura i Art. Descripci\u00f3: Excursi\u00f3 d&#8217;un dia a la comarca del Rossell\u00f3 (Fran\u00e7a) per visitar la Maternitat su\u00efssa d&#8217;Elna i Collioure . Una excursi\u00f3 tem\u00e0tica pels camins de l&#8217;exili que [&hellip;]","og_url":"https:\/\/enjoycatalonia.com\/ca\/serveis-privats\/rutes-escolars\/camins-de-lexili-maternitat-delna-i-collioure\/","og_site_name":"Enjoy Catalonia","article_modified_time":"2026-02-26T10:49:12+00:00","og_image":[{"width":1000,"height":667,"url":"https:\/\/enjoycatalonia.com\/wp-content\/uploads\/2026\/02\/Maternitat-Elna-web-privats-1.jpg","type":"image\/jpeg"}],"twitter_card":"summary_large_image","twitter_misc":{"Temps estimat de lectura":"1 minut"},"schema":{"@context":"https:\/\/schema.org","@graph":[{"@type":"WebPage","@id":"https:\/\/enjoycatalonia.com\/ca\/serveis-privats\/rutes-escolars\/camins-de-lexili-maternitat-delna-i-collioure\/","url":"https:\/\/enjoycatalonia.com\/ca\/serveis-privats\/rutes-escolars\/camins-de-lexili-maternitat-delna-i-collioure\/","name":"Camins de l'exili: Maternitat d'Elna i Collioure - Enjoy Catalonia","isPartOf":{"@id":"https:\/\/enjoycatalonia.com\/ca\/#website"},"primaryImageOfPage":{"@id":"https:\/\/enjoycatalonia.com\/ca\/serveis-privats\/rutes-escolars\/camins-de-lexili-maternitat-delna-i-collioure\/#primaryimage"},"image":{"@id":"https:\/\/enjoycatalonia.com\/ca\/serveis-privats\/rutes-escolars\/camins-de-lexili-maternitat-delna-i-collioure\/#primaryimage"},"thumbnailUrl":"https:\/\/enjoycatalonia.com\/wp-content\/uploads\/2026\/02\/Maternitat-Elna-web-privats-1.jpg","datePublished":"2026-02-18T15:25:23+00:00","dateModified":"2026-02-26T10:49:12+00:00","breadcrumb":{"@id":"https:\/\/enjoycatalonia.com\/ca\/serveis-privats\/rutes-escolars\/camins-de-lexili-maternitat-delna-i-collioure\/#breadcrumb"},"inLanguage":"ca","potentialAction":[{"@type":"ReadAction","target":["https:\/\/enjoycatalonia.com\/ca\/serveis-privats\/rutes-escolars\/camins-de-lexili-maternitat-delna-i-collioure\/"]}]},{"@type":"ImageObject","inLanguage":"ca","@id":"https:\/\/enjoycatalonia.com\/ca\/serveis-privats\/rutes-escolars\/camins-de-lexili-maternitat-delna-i-collioure\/#primaryimage","url":"https:\/\/enjoycatalonia.com\/wp-content\/uploads\/2026\/02\/Maternitat-Elna-web-privats-1.jpg","contentUrl":"https:\/\/enjoycatalonia.com\/wp-content\/uploads\/2026\/02\/Maternitat-Elna-web-privats-1.jpg"},{"@type":"BreadcrumbList","@id":"https:\/\/enjoycatalonia.com\/ca\/serveis-privats\/rutes-escolars\/camins-de-lexili-maternitat-delna-i-collioure\/#breadcrumb","itemListElement":[{"@type":"ListItem","position":1,"name":"Portada","item":"https:\/\/enjoycatalonia.com\/ca\/"},{"@type":"ListItem","position":2,"name":"Serveis privats","item":"https:\/\/enjoycatalonia.com\/ca\/serveis-privats\/"},{"@type":"ListItem","position":3,"name":"Rutes escolars","item":"https:\/\/enjoycatalonia.com\/ca\/serveis-privats\/rutes-escolars\/"},{"@type":"ListItem","position":4,"name":"Camins de l&#8217;exili: Maternitat d&#8217;Elna i Collioure"}]},{"@type":"WebSite","@id":"https:\/\/enjoycatalonia.com\/ca\/#website","url":"https:\/\/enjoycatalonia.com\/ca\/","name":"Enjoy Catalonia","description":"","potentialAction":[{"@type":"SearchAction","target":{"@type":"EntryPoint","urlTemplate":"https:\/\/enjoycatalonia.com\/ca\/?s={search_term_string}"},"query-input":{"@type":"PropertyValueSpecification","valueRequired":true,"valueName":"search_term_string"}}],"inLanguage":"ca"}]}},"_links":{"self":[{"href":"https:\/\/enjoycatalonia.com\/ca\/wp-json\/wp\/v2\/pages\/3761","targetHints":{"allow":["GET"]}}],"collection":[{"href":"https:\/\/enjoycatalonia.com\/ca\/wp-json\/wp\/v2\/pages"}],"about":[{"href":"https:\/\/enjoycatalonia.com\/ca\/wp-json\/wp\/v2\/types\/page"}],"author":[{"embeddable":true,"href":"https:\/\/enjoycatalonia.com\/ca\/wp-json\/wp\/v2\/users\/1"}],"replies":[{"embeddable":true,"href":"https:\/\/enjoycatalonia.com\/ca\/wp-json\/wp\/v2\/comments?post=3761"}],"version-history":[{"count":1,"href":"https:\/\/enjoycatalonia.com\/ca\/wp-json\/wp\/v2\/pages\/3761\/revisions"}],"predecessor-version":[{"id":3766,"href":"https:\/\/enjoycatalonia.com\/ca\/wp-json\/wp\/v2\/pages\/3761\/revisions\/3766"}],"up":[{"embeddable":true,"href":"https:\/\/enjoycatalonia.com\/ca\/wp-json\/wp\/v2\/pages\/3865"}],"wp:attachment":[{"href":"https:\/\/enjoycatalonia.com\/ca\/wp-json\/wp\/v2\/media?parent=3761"}],"curies":[{"name":"wp","href":"https:\/\/api.w.org\/{rel}","templated":true}]}}