{"id":3787,"date":"2026-02-17T11:55:23","date_gmt":"2026-02-17T10:55:23","guid":{"rendered":"https:\/\/enjoycatalonia.com\/mapa-web\/"},"modified":"2026-02-26T11:47:40","modified_gmt":"2026-02-26T10:47:40","slug":"mapa-web","status":"publish","type":"page","link":"https:\/\/enjoycatalonia.com\/ca\/mapa-web\/","title":{"rendered":"Mapa Web"},"content":{"rendered":"\t\t<div data-elementor-type=\"wp-page\" data-elementor-id=\"3787\" class=\"elementor elementor-3787 elementor-1747\" data-elementor-post-type=\"page\">\n\t\t\t\t<div class=\"elementor-element elementor-element-ae6b4d8 e-flex e-con-boxed e-con e-parent\" data-id=\"ae6b4d8\" data-element_type=\"container\" data-e-type=\"container\">\n\t\t\t\t\t<div class=\"e-con-inner\">\n\t\t\t\t<div class=\"elementor-element elementor-element-1e84eb6 elementor-widget elementor-widget-heading\" data-id=\"1e84eb6\" data-element_type=\"widget\" data-e-type=\"widget\" data-widget_type=\"heading.default\">\n\t\t\t\t\t<h1 class=\"elementor-heading-title elementor-size-default\">Mapa Web<\/h1>\t\t\t\t<\/div>\n\t\t\t\t<div class=\"elementor-element elementor-element-8330233 elementor-widget elementor-widget-shortcode\" data-id=\"8330233\" data-element_type=\"widget\" data-e-type=\"widget\" data-widget_type=\"shortcode.default\">\n\t\t\t\t\t\t\t<div class=\"elementor-shortcode\"><div class=\"wsp-container\"><h2 class=\"wsp-pages-title\">P\u00e0gines<\/h2>\n<ul class=\"wsp-pages-list\">\n<li class=\"page_item page-item-3803\"><a href=\"https:\/\/enjoycatalonia.com\/ca\/avis-legal\/\">Av\u00eds Legal<\/a><\/li>\n<li class=\"page_item page-item-1484\"><a href=\"https:\/\/enjoycatalonia.com\/ca\/botiga\/\">Botiga<\/a><\/li>\n<li class=\"page_item page-item-1485\"><a href=\"https:\/\/enjoycatalonia.com\/ca\/cistella\/\">Cistella<\/a><\/li>\n<li class=\"page_item page-item-3279\"><a href=\"https:\/\/enjoycatalonia.com\/ca\/contacte\/\">Contacte<\/a><\/li>\n<li class=\"page_item page-item-3798\"><a href=\"https:\/\/enjoycatalonia.com\/ca\/declaracio-daccessibilitat\/\">Declaraci\u00f3 d&#8217;accessibilitat<\/a><\/li>\n<li class=\"page_item page-item-1487\"><a href=\"https:\/\/enjoycatalonia.com\/ca\/el-meu-compte\/\">El meu compte<\/a><\/li>\n<li class=\"page_item page-item-1486\"><a href=\"https:\/\/enjoycatalonia.com\/ca\/finalitza-la-compra\/\">Finalitza la compra<\/a><\/li>\n<li class=\"page_item page-item-3312\"><a href=\"https:\/\/enjoycatalonia.com\/ca\/\">Inici<\/a><\/li>\n<li class=\"page_item page-item-3787\"><a href=\"https:\/\/enjoycatalonia.com\/ca\/mapa-web\/\">Mapa Web<\/a><\/li>\n<li class=\"page_item page-item-3510\"><a href=\"https:\/\/enjoycatalonia.com\/ca\/mice\/\">MICE<\/a><\/li>\n<li class=\"page_item page-item-3806\"><a href=\"https:\/\/enjoycatalonia.com\/ca\/politica-de-cookies\/\">Pol\u00edtica de Cookies<\/a><\/li>\n<li class=\"page_item page-item-3795\"><a href=\"https:\/\/enjoycatalonia.com\/ca\/politica-de-privadesa\/\">Pol\u00edtica de Privadesa<\/a><\/li>\n<li class=\"page_item page-item-3530\"><a href=\"https:\/\/enjoycatalonia.com\/ca\/presentacio\/\">Presentaci\u00f3<\/a><\/li>\n<li class=\"page_item page-item-3322 page_item_has_children\"><a href=\"https:\/\/enjoycatalonia.com\/ca\/serveis-privats\/\">Serveis privats<\/a>\n<ul class='children'>\n\t<li class=\"page_item page-item-3821\"><a href=\"https:\/\/enjoycatalonia.com\/ca\/serveis-privats\/escapades\/\">Escapades<\/a><\/li>\n\t<li class=\"page_item page-item-3883\"><a href=\"https:\/\/enjoycatalonia.com\/ca\/serveis-privats\/excursions-per-catalunya\/\">Excursions per Catalunya<\/a><\/li>\n\t<li class=\"page_item page-item-3865 page_item_has_children\"><a href=\"https:\/\/enjoycatalonia.com\/ca\/serveis-privats\/rutes-escolars\/\">Rutes escolars<\/a>\n\t<ul class='children'>\n\t\t<li class=\"page_item page-item-3778\"><a href=\"https:\/\/enjoycatalonia.com\/ca\/serveis-privats\/rutes-escolars\/1714-a-barcelona-mes-enlla-del-mite\/\">1714 a Barcelona: m\u00e9s enll\u00e0 del mite<\/a><\/li>\n\t\t<li class=\"page_item page-item-3758\"><a href=\"https:\/\/enjoycatalonia.com\/ca\/barcelona-el-modernisme-i-gaudi\/\">Barcelona, \u200b\u200bel modernisme i Gaud\u00ed<\/a><\/li>\n\t\t<li class=\"page_item page-item-3761\"><a href=\"https:\/\/enjoycatalonia.com\/ca\/serveis-privats\/rutes-escolars\/camins-de-lexili-maternitat-delna-i-collioure\/\">Camins de l&#8217;exili: Maternitat d&#8217;Elna i Collioure<\/a><\/li>\n\t\t<li class=\"page_item page-item-3511\"><a href=\"https:\/\/enjoycatalonia.com\/ca\/el-poble-espanyol-un-recorregut-per-espanya\/\">El Poble Espanyol: un recorregut per Espanya<\/a><\/li>\n\t\t<li class=\"page_item page-item-3752\"><a href=\"https:\/\/enjoycatalonia.com\/ca\/serveis-privats\/rutes-escolars\/la-barcelona-del-quixot-i-joan-bosca\/\">La Barcelona del Quixot i Joan Bosc\u00e0<\/a><\/li>\n\t\t<li class=\"page_item page-item-3743\"><a href=\"https:\/\/enjoycatalonia.com\/ca\/serveis-privats\/rutes-escolars\/la-barcelona-romana-i-medieval\/\">La Barcelona romana i medieval<\/a><\/li>\n\t\t<li class=\"page_item page-item-3749\"><a href=\"https:\/\/enjoycatalonia.com\/ca\/la-colonia-guell-i-la-cripta-de-gaudi\/\">La Col\u00f2nia G\u00fcell i la cripta de Gaud\u00ed<\/a><\/li>\n\t\t<li class=\"page_item page-item-3768\"><a href=\"https:\/\/enjoycatalonia.com\/ca\/serveis-privats\/rutes-escolars\/la-guerra-civil-a-barcelona\/\">La Guerra Civil a Barcelona<\/a><\/li>\n\t\t<li class=\"page_item page-item-3740\"><a href=\"https:\/\/enjoycatalonia.com\/ca\/monestir-de-montserrat\/\">Monestir de Montserrat<\/a><\/li>\n\t<\/ul>\n<\/li>\n\t<li class=\"page_item page-item-3852\"><a href=\"https:\/\/enjoycatalonia.com\/ca\/serveis-privats\/tours-a-barcelona\/\">Tours a Barcelona<\/a><\/li>\n<\/ul>\n<\/li>\n<\/ul>\n<\/div><\/div>\n\t\t\t\t\t\t<\/div>\n\t\t\t\t\t<\/div>\n\t\t\t\t<\/div>\n\t\t\t\t<\/div>\n\t\t","protected":false},"excerpt":{"rendered":"<p>Mapa Web<\/p>\n","protected":false},"author":3,"featured_media":0,"parent":0,"menu_order":0,"comment_status":"closed","ping_status":"closed","template":"","meta":{"_acf_changed":false,"footnotes":""},"class_list":["post-3787","page","type-page","status-publish","hentry"],"acf":[],"yoast_head":"<!-- This site is optimized with the Yoast SEO plugin v27.2 - https:\/\/yoast.com\/product\/yoast-seo-wordpress\/ -->\n<title>Mapa Web - Enjoy Catalonia<\/title>\n<meta name=\"robots\" content=\"index, follow, max-snippet:-1, max-image-preview:large, max-video-preview:-1\" \/>\n<link rel=\"canonical\" href=\"https:\/\/enjoycatalonia.com\/ca\/mapa-web\/\" \/>\n<meta property=\"og:locale\" content=\"ca_ES\" \/>\n<meta property=\"og:type\" content=\"article\" \/>\n<meta property=\"og:title\" content=\"Mapa Web - Enjoy Catalonia\" \/>\n<meta property=\"og:description\" content=\"Mapa Web\" \/>\n<meta property=\"og:url\" content=\"https:\/\/enjoycatalonia.com\/ca\/mapa-web\/\" \/>\n<meta property=\"og:site_name\" content=\"Enjoy Catalonia\" \/>\n<meta property=\"article:modified_time\" content=\"2026-02-26T10:47:40+00:00\" \/>\n<meta name=\"twitter:card\" content=\"summary_large_image\" \/>\n<script type=\"application\/ld+json\" class=\"yoast-schema-graph\">{\"@context\":\"https:\/\/schema.org\",\"@graph\":[{\"@type\":\"WebPage\",\"@id\":\"https:\/\/enjoycatalonia.com\/ca\/mapa-web\/\",\"url\":\"https:\/\/enjoycatalonia.com\/ca\/mapa-web\/\",\"name\":\"Mapa Web - Enjoy Catalonia\",\"isPartOf\":{\"@id\":\"https:\/\/enjoycatalonia.com\/ca\/#website\"},\"datePublished\":\"2026-02-17T10:55:23+00:00\",\"dateModified\":\"2026-02-26T10:47:40+00:00\",\"breadcrumb\":{\"@id\":\"https:\/\/enjoycatalonia.com\/ca\/mapa-web\/#breadcrumb\"},\"inLanguage\":\"ca\",\"potentialAction\":[{\"@type\":\"ReadAction\",\"target\":[\"https:\/\/enjoycatalonia.com\/ca\/mapa-web\/\"]}]},{\"@type\":\"BreadcrumbList\",\"@id\":\"https:\/\/enjoycatalonia.com\/ca\/mapa-web\/#breadcrumb\",\"itemListElement\":[{\"@type\":\"ListItem\",\"position\":1,\"name\":\"Portada\",\"item\":\"https:\/\/enjoycatalonia.com\/ca\/\"},{\"@type\":\"ListItem\",\"position\":2,\"name\":\"Mapa Web\"}]},{\"@type\":\"WebSite\",\"@id\":\"https:\/\/enjoycatalonia.com\/ca\/#website\",\"url\":\"https:\/\/enjoycatalonia.com\/ca\/\",\"name\":\"Enjoy Catalonia\",\"description\":\"\",\"potentialAction\":[{\"@type\":\"SearchAction\",\"target\":{\"@type\":\"EntryPoint\",\"urlTemplate\":\"https:\/\/enjoycatalonia.com\/ca\/?s={search_term_string}\"},\"query-input\":{\"@type\":\"PropertyValueSpecification\",\"valueRequired\":true,\"valueName\":\"search_term_string\"}}],\"inLanguage\":\"ca\"}]}<\/script>\n<!-- \/ Yoast SEO plugin. -->","yoast_head_json":{"title":"Mapa Web - Enjoy Catalonia","robots":{"index":"index","follow":"follow","max-snippet":"max-snippet:-1","max-image-preview":"max-image-preview:large","max-video-preview":"max-video-preview:-1"},"canonical":"https:\/\/enjoycatalonia.com\/ca\/mapa-web\/","og_locale":"ca_ES","og_type":"article","og_title":"Mapa Web - Enjoy Catalonia","og_description":"Mapa Web","og_url":"https:\/\/enjoycatalonia.com\/ca\/mapa-web\/","og_site_name":"Enjoy Catalonia","article_modified_time":"2026-02-26T10:47:40+00:00","twitter_card":"summary_large_image","schema":{"@context":"https:\/\/schema.org","@graph":[{"@type":"WebPage","@id":"https:\/\/enjoycatalonia.com\/ca\/mapa-web\/","url":"https:\/\/enjoycatalonia.com\/ca\/mapa-web\/","name":"Mapa Web - Enjoy Catalonia","isPartOf":{"@id":"https:\/\/enjoycatalonia.com\/ca\/#website"},"datePublished":"2026-02-17T10:55:23+00:00","dateModified":"2026-02-26T10:47:40+00:00","breadcrumb":{"@id":"https:\/\/enjoycatalonia.com\/ca\/mapa-web\/#breadcrumb"},"inLanguage":"ca","potentialAction":[{"@type":"ReadAction","target":["https:\/\/enjoycatalonia.com\/ca\/mapa-web\/"]}]},{"@type":"BreadcrumbList","@id":"https:\/\/enjoycatalonia.com\/ca\/mapa-web\/#breadcrumb","itemListElement":[{"@type":"ListItem","position":1,"name":"Portada","item":"https:\/\/enjoycatalonia.com\/ca\/"},{"@type":"ListItem","position":2,"name":"Mapa Web"}]},{"@type":"WebSite","@id":"https:\/\/enjoycatalonia.com\/ca\/#website","url":"https:\/\/enjoycatalonia.com\/ca\/","name":"Enjoy Catalonia","description":"","potentialAction":[{"@type":"SearchAction","target":{"@type":"EntryPoint","urlTemplate":"https:\/\/enjoycatalonia.com\/ca\/?s={search_term_string}"},"query-input":{"@type":"PropertyValueSpecification","valueRequired":true,"valueName":"search_term_string"}}],"inLanguage":"ca"}]}},"_links":{"self":[{"href":"https:\/\/enjoycatalonia.com\/ca\/wp-json\/wp\/v2\/pages\/3787","targetHints":{"allow":["GET"]}}],"collection":[{"href":"https:\/\/enjoycatalonia.com\/ca\/wp-json\/wp\/v2\/pages"}],"about":[{"href":"https:\/\/enjoycatalonia.com\/ca\/wp-json\/wp\/v2\/types\/page"}],"author":[{"embeddable":true,"href":"https:\/\/enjoycatalonia.com\/ca\/wp-json\/wp\/v2\/users\/3"}],"replies":[{"embeddable":true,"href":"https:\/\/enjoycatalonia.com\/ca\/wp-json\/wp\/v2\/comments?post=3787"}],"version-history":[{"count":1,"href":"https:\/\/enjoycatalonia.com\/ca\/wp-json\/wp\/v2\/pages\/3787\/revisions"}],"predecessor-version":[{"id":3788,"href":"https:\/\/enjoycatalonia.com\/ca\/wp-json\/wp\/v2\/pages\/3787\/revisions\/3788"}],"wp:attachment":[{"href":"https:\/\/enjoycatalonia.com\/ca\/wp-json\/wp\/v2\/media?parent=3787"}],"curies":[{"name":"wp","href":"https:\/\/api.w.org\/{rel}","templated":true}]}}