{"id":3795,"date":"2026-02-17T11:43:19","date_gmt":"2026-02-17T10:43:19","guid":{"rendered":"https:\/\/enjoycatalonia.com\/politica-de-privadesa\/"},"modified":"2026-02-26T11:48:27","modified_gmt":"2026-02-26T10:48:27","slug":"politica-de-privadesa","status":"publish","type":"page","link":"https:\/\/enjoycatalonia.com\/ca\/politica-de-privadesa\/","title":{"rendered":"Pol\u00edtica de Privadesa"},"content":{"rendered":"\t\t<div data-elementor-type=\"wp-page\" data-elementor-id=\"3795\" class=\"elementor elementor-3795 elementor-1721\" data-elementor-post-type=\"page\">\n\t\t\t\t<div class=\"elementor-element elementor-element-6b242b1 e-flex e-con-boxed e-con e-parent\" data-id=\"6b242b1\" data-element_type=\"container\" data-e-type=\"container\">\n\t\t\t\t\t<div class=\"e-con-inner\">\n\t\t\t\t<div class=\"elementor-element elementor-element-6c66ab8 elementor-widget elementor-widget-heading\" data-id=\"6c66ab8\" data-element_type=\"widget\" data-e-type=\"widget\" data-widget_type=\"heading.default\">\n\t\t\t\t\t<h1 class=\"elementor-heading-title elementor-size-default\">Pol\u00edtica de Privadesa<\/h1>\t\t\t\t<\/div>\n\t\t\t\t<div class=\"elementor-element elementor-element-018ef42 elementor-widget elementor-widget-text-editor\" data-id=\"018ef42\" data-element_type=\"widget\" data-e-type=\"widget\" data-widget_type=\"text-editor.default\">\n\t\t\t\t\t\t\t\t\t<p><strong>Jose Antonio Bellido Plans<\/strong> . est\u00e0 especialment sensibilitzada en la protecci\u00f3 de dades de car\u00e0cter personal dels usuaris dels serveis del lloc web. Mitjan\u00e7ant aquesta Pol\u00edtica de Privadesa (d&#8217;ara endavant, la Pol\u00edtica) <strong>Jose Antonio Bellido Plans<\/strong> , informa als USUARIS d&#8217;aquest lloc web, dels usos a qu\u00e8 se sotmeten les dades de car\u00e0cter personal que es recapten en lloc web, a fi que decideixin, lliurement i volunt\u00e0riament, si volen facilitar la informaci\u00f3 sol\u00b7licitada.  <\/p>\n<p><strong>Jose Antonio Bellido Plans<\/strong> es reserva la facultat de modificar aquesta Pol\u00edtica per adaptar-la a novetats legislatives, criteris jurisprudencials, pr\u00e0ctiques del sector, o interessos de l&#8217;entitat. Qualsevol modificaci\u00f3 en aquesta ser\u00e0 anunciada amb la deguda antelaci\u00f3, a fi que tingui perfecte coneixement del seu contingut. <\/p>\n<p><strong>RESPONSABLE<\/strong><\/p>\n<p>El Responsable del Tractament de les dades de car\u00e0cter personal \u00e9s: Identitat: <b>Jose Antonio Bellido Plans<\/b> amb NIF: <b>46242772F<\/b> , d&#8217;ara endavant ENTITAT<\/p>\n<p>Adre\u00e7a: <b>Carre Major, 1, 17450 Hostalric, Girona<\/b><\/p>\n<p>E-mail: <span style=\"font-size: 1rem;\"><b>info@enjoycatalonia.com<\/b><\/span><\/p>\n<p><strong>DELEGAT DE PROTECCI\u00d3 DE DADES<\/strong><\/p>\n<p>Contacte per email: <b>info@enjoycatalonia.com<\/b><\/p>\n<p><strong>FINALITAT DEL TRACTAMENT<\/strong><\/p>\n<p>La recollida i el tractament de les dades personals recollides a trav\u00e9s del formulari de contacte, t\u00e9 com a finalitat la gesti\u00f3, administraci\u00f3, prestaci\u00f3, ampliaci\u00f3 i millora dels serveis prestats per <b>Jose Antonio Bellido Plans<\/b> , atenent les sol\u00b7licituds d&#8217;informaci\u00f3 i\/o consultes plantejades.<\/p>\n<p><strong>TERMINI DE CONSERVACI\u00d3<\/strong><\/p>\n<p>Les dades personals proporcionades es conservaran durant el termini corresponent per complir les obligacions legals, o fins que se sol\u00b7liciti la seva supressi\u00f3 per l&#8217;interessat i aquest estigui legitimat per fer-ho.<\/p>\n<p><strong>LEGITIMACI\u00d3<\/strong><\/p>\n<p><b>Jose Antonio Bellido Plans<\/b> est\u00e0 legitimat al tractament de dades personals, sobre la base del consentiment atorgat per l&#8217;interessat per a un o diversos fins espec\u00edfics, tal com recull l&#8217;article 6.1.a) i 6.1.b) del Reglament General de Protecci\u00f3 de dades personals.<\/p>\n<p><strong>DESTINATARIS<\/strong><\/p>\n<p>Les dades personals demanades no seran cedides o comunicades a altres tercers, excepte en els sup\u00f2sits necessaris per al desenvolupament, control i compliment de la\/les finalitat\/s expressada\/es, en els sup\u00f2sits previstos segons Llei, aix\u00ed com en els casos espec\u00edfics, dels quals s&#8217;informi expressament a l&#8217;Usuari.<\/p>\n<p><strong>DRETS DELS USUARIS:<\/strong> Quins s\u00f3n els vostres drets quan ens facilita les vostres dades?<\/p>\n<p>\u2022 Acc\u00e9s: L&#8217;interessat t\u00e9 dret a saber quines dades est\u00e0 tractant sobre l&#8217;ENTITAT.<\/p>\n<p>\u2022 Rectificaci\u00f3: L&#8217;interessat t\u00e9 dret a sol\u00b7licitar la rectificaci\u00f3 dels<br> dades inexactes.<\/p>\n<p>\u2022 Supressi\u00f3: L&#8217;interessat t\u00e9 dret a sol\u00b7licitar la supressi\u00f3 de les seves dades quan, entre altres motius, les dades no siguin necess\u00e0ries per a les finalitats recollides.<\/p>\n<p>\u2022 Limitaci\u00f3 del tractament: En determinades circumst\u00e0ncies l&#8217;interessat podr\u00e0 sol\u00b7licitar la limitaci\u00f3 del tractament de les seves dades, cas en qu\u00e8 \u00fanicament les conservarem per a l&#8217;exercici o la defensa de reclamacions.<\/p>\n<p>\u2022 Oposici\u00f3: En determinades circumst\u00e0ncies, l&#8217;interessat podr\u00e0 oposar-se al tractament de les vostres dades. En aquest cas l&#8217;ENTITAT deixar\u00e0 de tractar les vostres dades, excepte per motius leg\u00edtims imperiosos o l&#8217;exercici o la defensa de possibles reclamacions. <\/p>\n<p>\u2022 Portabilitat de les dades: Nom\u00e9s aplicable a dades automatitzades i consisteix a passar les dades des de l&#8217;ENTITAT a un altre RESPONSABLE DEL<br> TRACTAMENT (no a l&#8217;interessat i per sol\u00b7licitud).<\/p>\n<p>Podeu exercir els vostres drets incl\u00f2s el dret a retirar el vostre consentiment (si aquest va ser atorgat) enviant un escrit acompanyat del seu DNI a <b>Jose Antonio Bellido Plans<\/b> a <b>Carre Major, 1, 17450 Hostalric, Girona<\/b> o enviant un e-mail a <b>info@enjoycatalonia.com<\/b><\/p>\n<p>A m\u00e9s, vost\u00e8 t\u00e9 dret a presentar una reclamaci\u00f3 davant l&#8217;Autoritat de Control en mat\u00e8ria de Protecci\u00f3 de Dades, actualment l&#8217;Ag\u00e8ncia Espanyola de Protecci\u00f3 de Dades.<\/p>\n<p><strong>MESURES DE SEGURETAT<\/strong><\/p>\n<p>El responsable del tractament <b>Jose Antonio Bellido Plans<\/b> aplicar\u00e0 mesures t\u00e8cniques i organitzatives apropiades per garantir un nivell de seguretat adequat al seu risc.<\/p>\n<p><strong>TRANSFER\u00c8NCIES INTERNACIONALS<\/strong><\/p>\n<p>NO es fan transfer\u00e8ncies internacionals.<\/p>\n<p><strong>PERFILS I PRENES DE DECISIONS AUTOMATITZADES<\/strong><\/p>\n<p>NO s&#8217;elaboren perfils, NO es prenen decisions automatitzades amb les dades facilitades per l&#8217;usuari.<\/p>\t\t\t\t\t\t\t\t<\/div>\n\t\t\t\t\t<\/div>\n\t\t\t\t<\/div>\n\t\t\t\t<\/div>\n\t\t","protected":false},"excerpt":{"rendered":"<p>Pol\u00edtica de Privadesa Jose Antonio Bellido Plans . est\u00e0 especialment sensibilitzada en la protecci\u00f3 de dades de car\u00e0cter personal dels usuaris dels serveis del lloc web. Mitjan\u00e7ant aquesta Pol\u00edtica de Privadesa (d&#8217;ara endavant, la Pol\u00edtica) Jose Antonio Bellido Plans , informa als USUARIS d&#8217;aquest lloc web, dels usos a qu\u00e8 se sotmeten les dades de [&hellip;]<\/p>\n","protected":false},"author":3,"featured_media":0,"parent":0,"menu_order":0,"comment_status":"closed","ping_status":"closed","template":"","meta":{"_acf_changed":false,"footnotes":""},"class_list":["post-3795","page","type-page","status-publish","hentry"],"acf":[],"yoast_head":"<!-- This site is optimized with the Yoast SEO plugin v27.2 - https:\/\/yoast.com\/product\/yoast-seo-wordpress\/ -->\n<title>Pol\u00edtica de Privadesa - Enjoy Catalonia<\/title>\n<meta name=\"robots\" content=\"index, follow, max-snippet:-1, max-image-preview:large, max-video-preview:-1\" \/>\n<link rel=\"canonical\" href=\"https:\/\/enjoycatalonia.com\/ca\/politica-de-privadesa\/\" \/>\n<meta property=\"og:locale\" content=\"ca_ES\" \/>\n<meta property=\"og:type\" content=\"article\" \/>\n<meta property=\"og:title\" content=\"Pol\u00edtica de Privadesa - Enjoy Catalonia\" \/>\n<meta property=\"og:description\" content=\"Pol\u00edtica de Privadesa Jose Antonio Bellido Plans . est\u00e0 especialment sensibilitzada en la protecci\u00f3 de dades de car\u00e0cter personal dels usuaris dels serveis del lloc web. Mitjan\u00e7ant aquesta Pol\u00edtica de Privadesa (d&#8217;ara endavant, la Pol\u00edtica) Jose Antonio Bellido Plans , informa als USUARIS d&#8217;aquest lloc web, dels usos a qu\u00e8 se sotmeten les dades de [&hellip;]\" \/>\n<meta property=\"og:url\" content=\"https:\/\/enjoycatalonia.com\/ca\/politica-de-privadesa\/\" \/>\n<meta property=\"og:site_name\" content=\"Enjoy Catalonia\" \/>\n<meta property=\"article:modified_time\" content=\"2026-02-26T10:48:27+00:00\" \/>\n<meta name=\"twitter:card\" content=\"summary_large_image\" \/>\n<meta name=\"twitter:label1\" content=\"Temps estimat de lectura\" \/>\n\t<meta name=\"twitter:data1\" content=\"3 minuts\" \/>\n<script type=\"application\/ld+json\" class=\"yoast-schema-graph\">{\"@context\":\"https:\/\/schema.org\",\"@graph\":[{\"@type\":\"WebPage\",\"@id\":\"https:\/\/enjoycatalonia.com\/ca\/politica-de-privadesa\/\",\"url\":\"https:\/\/enjoycatalonia.com\/ca\/politica-de-privadesa\/\",\"name\":\"Pol\u00edtica de Privadesa - Enjoy Catalonia\",\"isPartOf\":{\"@id\":\"https:\/\/enjoycatalonia.com\/ca\/#website\"},\"datePublished\":\"2026-02-17T10:43:19+00:00\",\"dateModified\":\"2026-02-26T10:48:27+00:00\",\"breadcrumb\":{\"@id\":\"https:\/\/enjoycatalonia.com\/ca\/politica-de-privadesa\/#breadcrumb\"},\"inLanguage\":\"ca\",\"potentialAction\":[{\"@type\":\"ReadAction\",\"target\":[\"https:\/\/enjoycatalonia.com\/ca\/politica-de-privadesa\/\"]}]},{\"@type\":\"BreadcrumbList\",\"@id\":\"https:\/\/enjoycatalonia.com\/ca\/politica-de-privadesa\/#breadcrumb\",\"itemListElement\":[{\"@type\":\"ListItem\",\"position\":1,\"name\":\"Portada\",\"item\":\"https:\/\/enjoycatalonia.com\/ca\/\"},{\"@type\":\"ListItem\",\"position\":2,\"name\":\"Pol\u00edtica de Privadesa\"}]},{\"@type\":\"WebSite\",\"@id\":\"https:\/\/enjoycatalonia.com\/ca\/#website\",\"url\":\"https:\/\/enjoycatalonia.com\/ca\/\",\"name\":\"Enjoy Catalonia\",\"description\":\"\",\"potentialAction\":[{\"@type\":\"SearchAction\",\"target\":{\"@type\":\"EntryPoint\",\"urlTemplate\":\"https:\/\/enjoycatalonia.com\/ca\/?s={search_term_string}\"},\"query-input\":{\"@type\":\"PropertyValueSpecification\",\"valueRequired\":true,\"valueName\":\"search_term_string\"}}],\"inLanguage\":\"ca\"}]}<\/script>\n<!-- \/ Yoast SEO plugin. -->","yoast_head_json":{"title":"Pol\u00edtica de Privadesa - Enjoy Catalonia","robots":{"index":"index","follow":"follow","max-snippet":"max-snippet:-1","max-image-preview":"max-image-preview:large","max-video-preview":"max-video-preview:-1"},"canonical":"https:\/\/enjoycatalonia.com\/ca\/politica-de-privadesa\/","og_locale":"ca_ES","og_type":"article","og_title":"Pol\u00edtica de Privadesa - Enjoy Catalonia","og_description":"Pol\u00edtica de Privadesa Jose Antonio Bellido Plans . est\u00e0 especialment sensibilitzada en la protecci\u00f3 de dades de car\u00e0cter personal dels usuaris dels serveis del lloc web. Mitjan\u00e7ant aquesta Pol\u00edtica de Privadesa (d&#8217;ara endavant, la Pol\u00edtica) Jose Antonio Bellido Plans , informa als USUARIS d&#8217;aquest lloc web, dels usos a qu\u00e8 se sotmeten les dades de [&hellip;]","og_url":"https:\/\/enjoycatalonia.com\/ca\/politica-de-privadesa\/","og_site_name":"Enjoy Catalonia","article_modified_time":"2026-02-26T10:48:27+00:00","twitter_card":"summary_large_image","twitter_misc":{"Temps estimat de lectura":"3 minuts"},"schema":{"@context":"https:\/\/schema.org","@graph":[{"@type":"WebPage","@id":"https:\/\/enjoycatalonia.com\/ca\/politica-de-privadesa\/","url":"https:\/\/enjoycatalonia.com\/ca\/politica-de-privadesa\/","name":"Pol\u00edtica de Privadesa - Enjoy Catalonia","isPartOf":{"@id":"https:\/\/enjoycatalonia.com\/ca\/#website"},"datePublished":"2026-02-17T10:43:19+00:00","dateModified":"2026-02-26T10:48:27+00:00","breadcrumb":{"@id":"https:\/\/enjoycatalonia.com\/ca\/politica-de-privadesa\/#breadcrumb"},"inLanguage":"ca","potentialAction":[{"@type":"ReadAction","target":["https:\/\/enjoycatalonia.com\/ca\/politica-de-privadesa\/"]}]},{"@type":"BreadcrumbList","@id":"https:\/\/enjoycatalonia.com\/ca\/politica-de-privadesa\/#breadcrumb","itemListElement":[{"@type":"ListItem","position":1,"name":"Portada","item":"https:\/\/enjoycatalonia.com\/ca\/"},{"@type":"ListItem","position":2,"name":"Pol\u00edtica de Privadesa"}]},{"@type":"WebSite","@id":"https:\/\/enjoycatalonia.com\/ca\/#website","url":"https:\/\/enjoycatalonia.com\/ca\/","name":"Enjoy Catalonia","description":"","potentialAction":[{"@type":"SearchAction","target":{"@type":"EntryPoint","urlTemplate":"https:\/\/enjoycatalonia.com\/ca\/?s={search_term_string}"},"query-input":{"@type":"PropertyValueSpecification","valueRequired":true,"valueName":"search_term_string"}}],"inLanguage":"ca"}]}},"_links":{"self":[{"href":"https:\/\/enjoycatalonia.com\/ca\/wp-json\/wp\/v2\/pages\/3795","targetHints":{"allow":["GET"]}}],"collection":[{"href":"https:\/\/enjoycatalonia.com\/ca\/wp-json\/wp\/v2\/pages"}],"about":[{"href":"https:\/\/enjoycatalonia.com\/ca\/wp-json\/wp\/v2\/types\/page"}],"author":[{"embeddable":true,"href":"https:\/\/enjoycatalonia.com\/ca\/wp-json\/wp\/v2\/users\/3"}],"replies":[{"embeddable":true,"href":"https:\/\/enjoycatalonia.com\/ca\/wp-json\/wp\/v2\/comments?post=3795"}],"version-history":[{"count":1,"href":"https:\/\/enjoycatalonia.com\/ca\/wp-json\/wp\/v2\/pages\/3795\/revisions"}],"predecessor-version":[{"id":3797,"href":"https:\/\/enjoycatalonia.com\/ca\/wp-json\/wp\/v2\/pages\/3795\/revisions\/3797"}],"wp:attachment":[{"href":"https:\/\/enjoycatalonia.com\/ca\/wp-json\/wp\/v2\/media?parent=3795"}],"curies":[{"name":"wp","href":"https:\/\/api.w.org\/{rel}","templated":true}]}}