{"id":3798,"date":"2026-02-17T11:52:09","date_gmt":"2026-02-17T10:52:09","guid":{"rendered":"https:\/\/enjoycatalonia.com\/declaracio-daccessibilitat\/"},"modified":"2026-02-27T10:28:11","modified_gmt":"2026-02-27T09:28:11","slug":"declaracio-accessibilitat","status":"publish","type":"page","link":"https:\/\/enjoycatalonia.com\/ca\/declaracio-daccessibilitat\/","title":{"rendered":"Declaraci\u00f3 d&#8217;accessibilitat"},"content":{"rendered":"\t\t<div data-elementor-type=\"wp-page\" data-elementor-id=\"3798\" class=\"elementor elementor-3798 elementor-1742\" data-elementor-post-type=\"page\">\n\t\t\t\t<div class=\"elementor-element elementor-element-914223e e-flex e-con-boxed e-con e-parent\" data-id=\"914223e\" data-element_type=\"container\" data-e-type=\"container\">\n\t\t\t\t\t<div class=\"e-con-inner\">\n\t\t\t\t<div class=\"elementor-element elementor-element-f30c763 elementor-widget elementor-widget-heading\" data-id=\"f30c763\" data-element_type=\"widget\" data-e-type=\"widget\" data-widget_type=\"heading.default\">\n\t\t\t\t\t<h1 class=\"elementor-heading-title elementor-size-default\">Declaraci\u00f3 d'accessibilitat<\/h1>\t\t\t\t<\/div>\n\t\t\t\t<div class=\"elementor-element elementor-element-f36d6d2 elementor-widget elementor-widget-text-editor\" data-id=\"f36d6d2\" data-element_type=\"widget\" data-e-type=\"widget\" data-widget_type=\"text-editor.default\">\n\t\t\t\t\t\t\t\t\t<p><strong>Jose Antonio Bellido Plans<\/strong> s&#8217;ha comprom\u00e8s a fer accessible el vostre lloc web, de conformitat amb normativa WCAG 2.1 en mat\u00e8ria d&#8217;accessibilitat i que s&#8217;utilitza com a evid\u00e8ncia de la justificaci\u00f3 del criteri d&#8217;accessibilitat del Programa Kit Digital. Est\u00e0 estructurat conforme als annexos de la norma UNE-EN 301 549:2022. <\/p><p>Aquesta declaraci\u00f3 d&#8217;accessibilitat s&#8217;aplica al web <a href=\"https:\/\/www.enjoycatalonia.com\/\">https:\/\/www.enjoycatalonia.com\/<\/a><\/p>\t\t\t\t\t\t\t\t<\/div>\n\t\t\t\t\t<\/div>\n\t\t\t\t<\/div>\n\t\t\t\t<\/div>\n\t\t","protected":false},"excerpt":{"rendered":"<p>Declaraci\u00f3 d&#8217;accessibilitat Jose Antonio Bellido Plans s&#8217;ha comprom\u00e8s a fer accessible el vostre lloc web, de conformitat amb normativa WCAG 2.1 en mat\u00e8ria d&#8217;accessibilitat i que s&#8217;utilitza com a evid\u00e8ncia de la justificaci\u00f3 del criteri d&#8217;accessibilitat del Programa Kit Digital. Est\u00e0 estructurat conforme als annexos de la norma UNE-EN 301 549:2022. Aquesta declaraci\u00f3 d&#8217;accessibilitat s&#8217;aplica [&hellip;]<\/p>\n","protected":false},"author":3,"featured_media":0,"parent":0,"menu_order":0,"comment_status":"closed","ping_status":"closed","template":"","meta":{"_acf_changed":false,"footnotes":""},"class_list":["post-3798","page","type-page","status-publish","hentry"],"acf":[],"yoast_head":"<!-- This site is optimized with the Yoast SEO plugin v27.2 - https:\/\/yoast.com\/product\/yoast-seo-wordpress\/ -->\n<title>Declaraci\u00f3 d&#039;accessibilitat - Enjoy Catalonia<\/title>\n<meta name=\"robots\" content=\"index, follow, max-snippet:-1, max-image-preview:large, max-video-preview:-1\" \/>\n<link rel=\"canonical\" href=\"https:\/\/enjoycatalonia.com\/ca\/declaracio-daccessibilitat\/\" \/>\n<meta property=\"og:locale\" content=\"ca_ES\" \/>\n<meta property=\"og:type\" content=\"article\" \/>\n<meta property=\"og:title\" content=\"Declaraci\u00f3 d&#039;accessibilitat - Enjoy Catalonia\" \/>\n<meta property=\"og:description\" content=\"Declaraci\u00f3 d&#8217;accessibilitat Jose Antonio Bellido Plans s&#8217;ha comprom\u00e8s a fer accessible el vostre lloc web, de conformitat amb normativa WCAG 2.1 en mat\u00e8ria d&#8217;accessibilitat i que s&#8217;utilitza com a evid\u00e8ncia de la justificaci\u00f3 del criteri d&#8217;accessibilitat del Programa Kit Digital. Est\u00e0 estructurat conforme als annexos de la norma UNE-EN 301 549:2022. Aquesta declaraci\u00f3 d&#8217;accessibilitat s&#8217;aplica [&hellip;]\" \/>\n<meta property=\"og:url\" content=\"https:\/\/enjoycatalonia.com\/ca\/declaracio-daccessibilitat\/\" \/>\n<meta property=\"og:site_name\" content=\"Enjoy Catalonia\" \/>\n<meta property=\"article:modified_time\" content=\"2026-02-27T09:28:11+00:00\" \/>\n<meta name=\"twitter:card\" content=\"summary_large_image\" \/>\n<script type=\"application\/ld+json\" class=\"yoast-schema-graph\">{\"@context\":\"https:\/\/schema.org\",\"@graph\":[{\"@type\":\"WebPage\",\"@id\":\"https:\/\/enjoycatalonia.com\/ca\/declaracio-daccessibilitat\/\",\"url\":\"https:\/\/enjoycatalonia.com\/ca\/declaracio-daccessibilitat\/\",\"name\":\"Declaraci\u00f3 d'accessibilitat - Enjoy Catalonia\",\"isPartOf\":{\"@id\":\"https:\/\/enjoycatalonia.com\/ca\/#website\"},\"datePublished\":\"2026-02-17T10:52:09+00:00\",\"dateModified\":\"2026-02-27T09:28:11+00:00\",\"breadcrumb\":{\"@id\":\"https:\/\/enjoycatalonia.com\/ca\/declaracio-daccessibilitat\/#breadcrumb\"},\"inLanguage\":\"ca\",\"potentialAction\":[{\"@type\":\"ReadAction\",\"target\":[\"https:\/\/enjoycatalonia.com\/ca\/declaracio-daccessibilitat\/\"]}]},{\"@type\":\"BreadcrumbList\",\"@id\":\"https:\/\/enjoycatalonia.com\/ca\/declaracio-daccessibilitat\/#breadcrumb\",\"itemListElement\":[{\"@type\":\"ListItem\",\"position\":1,\"name\":\"Portada\",\"item\":\"https:\/\/enjoycatalonia.com\/ca\/\"},{\"@type\":\"ListItem\",\"position\":2,\"name\":\"Declaraci\u00f3 d&#8217;accessibilitat\"}]},{\"@type\":\"WebSite\",\"@id\":\"https:\/\/enjoycatalonia.com\/ca\/#website\",\"url\":\"https:\/\/enjoycatalonia.com\/ca\/\",\"name\":\"Enjoy Catalonia\",\"description\":\"\",\"potentialAction\":[{\"@type\":\"SearchAction\",\"target\":{\"@type\":\"EntryPoint\",\"urlTemplate\":\"https:\/\/enjoycatalonia.com\/ca\/?s={search_term_string}\"},\"query-input\":{\"@type\":\"PropertyValueSpecification\",\"valueRequired\":true,\"valueName\":\"search_term_string\"}}],\"inLanguage\":\"ca\"}]}<\/script>\n<!-- \/ Yoast SEO plugin. -->","yoast_head_json":{"title":"Declaraci\u00f3 d'accessibilitat - Enjoy Catalonia","robots":{"index":"index","follow":"follow","max-snippet":"max-snippet:-1","max-image-preview":"max-image-preview:large","max-video-preview":"max-video-preview:-1"},"canonical":"https:\/\/enjoycatalonia.com\/ca\/declaracio-daccessibilitat\/","og_locale":"ca_ES","og_type":"article","og_title":"Declaraci\u00f3 d'accessibilitat - Enjoy Catalonia","og_description":"Declaraci\u00f3 d&#8217;accessibilitat Jose Antonio Bellido Plans s&#8217;ha comprom\u00e8s a fer accessible el vostre lloc web, de conformitat amb normativa WCAG 2.1 en mat\u00e8ria d&#8217;accessibilitat i que s&#8217;utilitza com a evid\u00e8ncia de la justificaci\u00f3 del criteri d&#8217;accessibilitat del Programa Kit Digital. Est\u00e0 estructurat conforme als annexos de la norma UNE-EN 301 549:2022. Aquesta declaraci\u00f3 d&#8217;accessibilitat s&#8217;aplica [&hellip;]","og_url":"https:\/\/enjoycatalonia.com\/ca\/declaracio-daccessibilitat\/","og_site_name":"Enjoy Catalonia","article_modified_time":"2026-02-27T09:28:11+00:00","twitter_card":"summary_large_image","schema":{"@context":"https:\/\/schema.org","@graph":[{"@type":"WebPage","@id":"https:\/\/enjoycatalonia.com\/ca\/declaracio-daccessibilitat\/","url":"https:\/\/enjoycatalonia.com\/ca\/declaracio-daccessibilitat\/","name":"Declaraci\u00f3 d'accessibilitat - Enjoy Catalonia","isPartOf":{"@id":"https:\/\/enjoycatalonia.com\/ca\/#website"},"datePublished":"2026-02-17T10:52:09+00:00","dateModified":"2026-02-27T09:28:11+00:00","breadcrumb":{"@id":"https:\/\/enjoycatalonia.com\/ca\/declaracio-daccessibilitat\/#breadcrumb"},"inLanguage":"ca","potentialAction":[{"@type":"ReadAction","target":["https:\/\/enjoycatalonia.com\/ca\/declaracio-daccessibilitat\/"]}]},{"@type":"BreadcrumbList","@id":"https:\/\/enjoycatalonia.com\/ca\/declaracio-daccessibilitat\/#breadcrumb","itemListElement":[{"@type":"ListItem","position":1,"name":"Portada","item":"https:\/\/enjoycatalonia.com\/ca\/"},{"@type":"ListItem","position":2,"name":"Declaraci\u00f3 d&#8217;accessibilitat"}]},{"@type":"WebSite","@id":"https:\/\/enjoycatalonia.com\/ca\/#website","url":"https:\/\/enjoycatalonia.com\/ca\/","name":"Enjoy Catalonia","description":"","potentialAction":[{"@type":"SearchAction","target":{"@type":"EntryPoint","urlTemplate":"https:\/\/enjoycatalonia.com\/ca\/?s={search_term_string}"},"query-input":{"@type":"PropertyValueSpecification","valueRequired":true,"valueName":"search_term_string"}}],"inLanguage":"ca"}]}},"_links":{"self":[{"href":"https:\/\/enjoycatalonia.com\/ca\/wp-json\/wp\/v2\/pages\/3798","targetHints":{"allow":["GET"]}}],"collection":[{"href":"https:\/\/enjoycatalonia.com\/ca\/wp-json\/wp\/v2\/pages"}],"about":[{"href":"https:\/\/enjoycatalonia.com\/ca\/wp-json\/wp\/v2\/types\/page"}],"author":[{"embeddable":true,"href":"https:\/\/enjoycatalonia.com\/ca\/wp-json\/wp\/v2\/users\/3"}],"replies":[{"embeddable":true,"href":"https:\/\/enjoycatalonia.com\/ca\/wp-json\/wp\/v2\/comments?post=3798"}],"version-history":[{"count":1,"href":"https:\/\/enjoycatalonia.com\/ca\/wp-json\/wp\/v2\/pages\/3798\/revisions"}],"predecessor-version":[{"id":3800,"href":"https:\/\/enjoycatalonia.com\/ca\/wp-json\/wp\/v2\/pages\/3798\/revisions\/3800"}],"wp:attachment":[{"href":"https:\/\/enjoycatalonia.com\/ca\/wp-json\/wp\/v2\/media?parent=3798"}],"curies":[{"name":"wp","href":"https:\/\/api.w.org\/{rel}","templated":true}]}}