{"id":3391,"date":"2026-02-05T10:30:19","date_gmt":"2026-02-05T09:30:19","guid":{"rendered":"https:\/\/enjoycatalonia.com\/tours\/cap-de-setmana-al-pais-catar-carcassona-narbona-i-passeig-per-les-passarelles-de-peyriac\/"},"modified":"2026-04-12T06:45:09","modified_gmt":"2026-04-12T04:45:09","slug":"cap-de-setmana-al-pais-catar-carcassona-narbona-i-passeig-per-les-passarelles-de-peyriac","status":"publish","type":"product","link":"https:\/\/enjoycatalonia.com\/ca\/capdesetmanaalaude\/","title":{"rendered":"Cap de setmana a l&#8217;Aude: Carcassona, Mirepoix, passarel\u00b7les de Peyriac i Narbona"},"content":{"rendered":"<p style=\"text-align: justify;\">Un cap de setmana molt complet per descobrir i gaudir del departamnet de l&#8217;Aude, tamb\u00e9 conegut com a Pa\u00eds C\u00e0tar, al cor del <strong>Llenguadoc<\/strong>. Durant el viatge tindrem ocasi\u00f3 de visitar <strong>Carcassona,<\/strong> la ciutat medieval m\u00e9s espectacular de Fran\u00e7a; <strong>Mirepoix<\/strong>, un dels pobles m\u00e9s bonics del sud de Fran\u00e7a; <strong>Narbona<\/strong>, bonica ciutat amb un dels conjunts episcopals (catedral i palau episcopal) m\u00e9s espectaculars i antics del pa\u00eds. I per si tot aix\u00f2 no fos suficient, diumenge gaudirem d&#8217;un passeig preci\u00f3s per les <strong>passarel\u00b7les del parc Natural de la Narbonenese<\/strong> i visitarem dos poblets costaners: <strong>Peyriac de Mer<\/strong> i <strong>Bages<\/strong> .<\/p>\n<p style=\"text-align: justify;\"><strong>Ens allotgem en un modern hotel de 3 estrelles de Castelnaudary en r\u00e8gim de mitja pensi\u00f3 (sopar + esmorzar). <\/strong><\/p>\n<p style=\"text-align: justify;\"><strong>&#8211; TOUR GUIAT A<\/strong> <strong>CARCASONA, ENTRADA AL CASTELL I PASSEIG PER L&#8217;INTERIOR DE LES MURALLES<\/strong><\/p>\n<p style=\"text-align: justify;\"><strong>Carcassona<\/strong>\u00a0<strong>\u00e9s una de les ciutats d&#8217;origen medieval m\u00e9s espectaculars d&#8217;Europa<\/strong> . La seva ciutadella (La Cit\u00e9) ens trasllada a l&#8217;\u00e8poca de joglars, dames i cavallers, un escenari de conte en qu\u00e8 res ens fa pensar que com a partid\u00e0ria del catarisme va patir el flagell dels croats i que aqu\u00ed, a les masmorres del seu propi castell, va morir enverinat el vescomte Raimundo Roger Trencavel, gran val. L&#8217;aspecte impecable que llueix La Cit\u00e9, Patrimoni de la Humanitat, \u00e9s degut a Viollet-le-Duc, que al segle XIX va dur a terme la seva pol\u00e8mica restauraci\u00f3.<\/p>\n<p style=\"text-align: justify;\"><strong>\u2013 PASSEIG GUIAT A MIREPOIX<\/strong><\/p>\n<p style=\"text-align: justify;\"><strong>Mirepoix<\/strong> \u00e9s, sens dubte, <strong>un dels pobles d\u2019origen medieval m\u00e9s bonics d\u2019Occit\u00e0nia<\/strong>. I la seva pla\u00e7a central, plena de cases acolorides amb entramats de fusta, \u00e9s una aut\u00e8ntica joia. Durant el passeig guiat tindrem l\u2019ocasi\u00f3 de creuar el pont de Perronet i la Porte d\u2019Aval, admirar la Casa dels C\u00f2nsols, visitar la Catedral de Saint Maurice i gaudir del seu bonic nucli hist\u00f2ric.<\/p>\n<p style=\"text-align: justify;\"><strong>&#8211; F\u00c0CIL CAMINADA GUIADA -2 HORES- PER LES ESPECTACULARS PASSAREL\u00b7LES DEL PARC NATURAL DE LA NARBONENSE I VISITA A PEYRAC-DE-MER I BAGES, DOS POBLETS PRECIOSOS A LA VORA DE L&#8217;ESTANY<\/strong><\/p>\n<p style=\"text-align: justify;\">El diumenge al mat\u00ed gaudirem d&#8217;una <strong>preciosa i agradable caminada de 2 hores per les passarel\u00b7les del Parc Natural Regional de la Narbonenca<\/strong> . Es tracta d&#8217;una caminada molt bonica i totalment plana per les passarel\u00b7les que s&#8217;aixequen sobre els aiguamolls del parc i que separen la terra del mar obert. I tindrem l&#8217;ocasi\u00f3 de visitar dos poblets molt bonics situats a la riba de l&#8217;estany: <strong>Peyrac-de-Mer<\/strong> i <strong>Bages<\/strong>.<\/p>\n<p style=\"text-align: justify;\"><strong>&#8211; TEMPS LLIURE PER DINAR A NARBONA I BREU PASSEIG GUIAT<\/strong><\/p>\n<p style=\"text-align: justify;\"><strong>La ciutat romana m\u00e9s antiga de l&#8217;actual Fran\u00e7a<\/strong> , capital de la prov\u00edncia romana que prendria el seu nom: <em>G\u00e0l\u00b7lia Narbonesis<\/em> . La cinquena ciutat del pa\u00eds al segle XIV. Seu d&#8217;arxidi\u00f2cesi des del segle VIII fins al segle XVIII\u2026 Diuen que qui va tenir, va retenir. I en el cas de Narbonne, \u00e9s aix\u00ed. La petita ciutat occitana conserva un <strong>agradable nucli hist\u00f2ric<\/strong> amb un bonic canal i ple de carrerons de vianants. I conserva una <strong>catedral espectacular<\/strong> , la tercera catedral g\u00f2tica m\u00e9s alta de Fran\u00e7a, despr\u00e9s de la de Beauvais i Amiens. Al costat de la catedral, hi ha l&#8217;altra joia de la ciutat: el conjunt de l&#8217; <strong>antic palau arquebisbal<\/strong> de Narbona, el segon m\u00e9s important de Fran\u00e7a despr\u00e9s del d&#8217;Aviny\u00f3.<\/p>\n","protected":false},"excerpt":{"rendered":"<p>Un cap de setmana molt complet per descobrir i gaudir del departamnet de l&#8217;Aude, tamb\u00e9 conegut com a Pa\u00eds C\u00e0tar, al cor del Llenguadoc. Durant el viatge tindrem ocasi\u00f3 de visitar Carcassona, la ciutat medieval m\u00e9s espectacular de Fran\u00e7a; Mirepoix, un dels pobles m\u00e9s bonics del sud de Fran\u00e7a; Narbona, bonica ciutat amb un dels [&hellip;]<\/p>\n","protected":false},"featured_media":5168,"template":"","meta":{"_acf_changed":false},"product_brand":[],"product_cat":[63,64],"product_tag":[],"class_list":{"0":"post-3391","1":"product","2":"type-product","3":"status-publish","4":"has-post-thumbnail","6":"product_cat-escapades","7":"product_cat-escapades-franca","8":"tm-has-options","10":"first","11":"instock","12":"shipping-taxable","13":"purchasable","14":"product-type-simple"},"acf":[],"yoast_head":"<!-- This site is optimized with the Yoast SEO plugin v27.2 - https:\/\/yoast.com\/product\/yoast-seo-wordpress\/ -->\n<title>Cap de setmana a l&#039;Aude: Carcassona, Mirepoix, passarel\u00b7les de Peyriac i Narbona - Enjoy Catalonia<\/title>\n<meta name=\"robots\" content=\"index, follow, max-snippet:-1, max-image-preview:large, max-video-preview:-1\" \/>\n<link rel=\"canonical\" href=\"https:\/\/enjoycatalonia.com\/ca\/capdesetmanaalaude\/\" \/>\n<meta property=\"og:locale\" content=\"ca_ES\" \/>\n<meta property=\"og:type\" content=\"article\" \/>\n<meta property=\"og:title\" content=\"Cap de setmana a l&#039;Aude: Carcassona, Mirepoix, passarel\u00b7les de Peyriac i Narbona - Enjoy Catalonia\" \/>\n<meta property=\"og:description\" content=\"Un cap de setmana molt complet per descobrir i gaudir del departamnet de l&#8217;Aude, tamb\u00e9 conegut com a Pa\u00eds C\u00e0tar, al cor del Llenguadoc. Durant el viatge tindrem ocasi\u00f3 de visitar Carcassona, la ciutat medieval m\u00e9s espectacular de Fran\u00e7a; Mirepoix, un dels pobles m\u00e9s bonics del sud de Fran\u00e7a; Narbona, bonica ciutat amb un dels [&hellip;]\" \/>\n<meta property=\"og:url\" content=\"https:\/\/enjoycatalonia.com\/ca\/capdesetmanaalaude\/\" \/>\n<meta property=\"og:site_name\" content=\"Enjoy Catalonia\" \/>\n<meta property=\"article:modified_time\" content=\"2026-04-12T04:45:09+00:00\" \/>\n<meta property=\"og:image\" content=\"https:\/\/enjoycatalonia.com\/wp-content\/uploads\/2026\/02\/Carcassone-grande-2.webp\" \/>\n\t<meta property=\"og:image:width\" content=\"1920\" \/>\n\t<meta property=\"og:image:height\" content=\"1280\" \/>\n\t<meta property=\"og:image:type\" content=\"image\/webp\" \/>\n<meta name=\"twitter:card\" content=\"summary_large_image\" \/>\n<meta name=\"twitter:label1\" content=\"Temps estimat de lectura\" \/>\n\t<meta name=\"twitter:data1\" content=\"3 minuts\" \/>\n<script type=\"application\/ld+json\" class=\"yoast-schema-graph\">{\"@context\":\"https:\/\/schema.org\",\"@graph\":[{\"@type\":\"WebPage\",\"@id\":\"https:\/\/enjoycatalonia.com\/ca\/capdesetmanaalaude\/\",\"url\":\"https:\/\/enjoycatalonia.com\/ca\/capdesetmanaalaude\/\",\"name\":\"Cap de setmana a l'Aude: Carcassona, Mirepoix, passarel\u00b7les de Peyriac i Narbona - Enjoy Catalonia\",\"isPartOf\":{\"@id\":\"https:\/\/enjoycatalonia.com\/ca\/#website\"},\"primaryImageOfPage\":{\"@id\":\"https:\/\/enjoycatalonia.com\/ca\/capdesetmanaalaude\/#primaryimage\"},\"image\":{\"@id\":\"https:\/\/enjoycatalonia.com\/ca\/capdesetmanaalaude\/#primaryimage\"},\"thumbnailUrl\":\"https:\/\/enjoycatalonia.com\/wp-content\/uploads\/2026\/02\/Carcassone-grande-2.webp\",\"datePublished\":\"2026-02-05T09:30:19+00:00\",\"dateModified\":\"2026-04-12T04:45:09+00:00\",\"breadcrumb\":{\"@id\":\"https:\/\/enjoycatalonia.com\/ca\/capdesetmanaalaude\/#breadcrumb\"},\"inLanguage\":\"ca\",\"potentialAction\":[{\"@type\":\"ReadAction\",\"target\":[\"https:\/\/enjoycatalonia.com\/ca\/capdesetmanaalaude\/\"]}]},{\"@type\":\"ImageObject\",\"inLanguage\":\"ca\",\"@id\":\"https:\/\/enjoycatalonia.com\/ca\/capdesetmanaalaude\/#primaryimage\",\"url\":\"https:\/\/enjoycatalonia.com\/wp-content\/uploads\/2026\/02\/Carcassone-grande-2.webp\",\"contentUrl\":\"https:\/\/enjoycatalonia.com\/wp-content\/uploads\/2026\/02\/Carcassone-grande-2.webp\",\"width\":1920,\"height\":1280},{\"@type\":\"BreadcrumbList\",\"@id\":\"https:\/\/enjoycatalonia.com\/ca\/capdesetmanaalaude\/#breadcrumb\",\"itemListElement\":[{\"@type\":\"ListItem\",\"position\":1,\"name\":\"Portada\",\"item\":\"https:\/\/enjoycatalonia.com\/ca\/\"},{\"@type\":\"ListItem\",\"position\":2,\"name\":\"Botiga\",\"item\":\"https:\/\/enjoycatalonia.com\/tienda\/\"},{\"@type\":\"ListItem\",\"position\":3,\"name\":\"Cap de setmana a l&#8217;Aude: Carcassona, Mirepoix, passarel\u00b7les de Peyriac i Narbona\"}]},{\"@type\":\"WebSite\",\"@id\":\"https:\/\/enjoycatalonia.com\/ca\/#website\",\"url\":\"https:\/\/enjoycatalonia.com\/ca\/\",\"name\":\"Enjoy Catalonia\",\"description\":\"\",\"potentialAction\":[{\"@type\":\"SearchAction\",\"target\":{\"@type\":\"EntryPoint\",\"urlTemplate\":\"https:\/\/enjoycatalonia.com\/ca\/?s={search_term_string}\"},\"query-input\":{\"@type\":\"PropertyValueSpecification\",\"valueRequired\":true,\"valueName\":\"search_term_string\"}}],\"inLanguage\":\"ca\"}]}<\/script>\n<!-- \/ Yoast SEO plugin. -->","yoast_head_json":{"title":"Cap de setmana a l'Aude: Carcassona, Mirepoix, passarel\u00b7les de Peyriac i Narbona - Enjoy Catalonia","robots":{"index":"index","follow":"follow","max-snippet":"max-snippet:-1","max-image-preview":"max-image-preview:large","max-video-preview":"max-video-preview:-1"},"canonical":"https:\/\/enjoycatalonia.com\/ca\/capdesetmanaalaude\/","og_locale":"ca_ES","og_type":"article","og_title":"Cap de setmana a l'Aude: Carcassona, Mirepoix, passarel\u00b7les de Peyriac i Narbona - Enjoy Catalonia","og_description":"Un cap de setmana molt complet per descobrir i gaudir del departamnet de l&#8217;Aude, tamb\u00e9 conegut com a Pa\u00eds C\u00e0tar, al cor del Llenguadoc. Durant el viatge tindrem ocasi\u00f3 de visitar Carcassona, la ciutat medieval m\u00e9s espectacular de Fran\u00e7a; Mirepoix, un dels pobles m\u00e9s bonics del sud de Fran\u00e7a; Narbona, bonica ciutat amb un dels [&hellip;]","og_url":"https:\/\/enjoycatalonia.com\/ca\/capdesetmanaalaude\/","og_site_name":"Enjoy Catalonia","article_modified_time":"2026-04-12T04:45:09+00:00","og_image":[{"width":1920,"height":1280,"url":"https:\/\/enjoycatalonia.com\/wp-content\/uploads\/2026\/02\/Carcassone-grande-2.webp","type":"image\/webp"}],"twitter_card":"summary_large_image","twitter_misc":{"Temps estimat de lectura":"3 minuts"},"schema":{"@context":"https:\/\/schema.org","@graph":[{"@type":"WebPage","@id":"https:\/\/enjoycatalonia.com\/ca\/capdesetmanaalaude\/","url":"https:\/\/enjoycatalonia.com\/ca\/capdesetmanaalaude\/","name":"Cap de setmana a l'Aude: Carcassona, Mirepoix, passarel\u00b7les de Peyriac i Narbona - Enjoy Catalonia","isPartOf":{"@id":"https:\/\/enjoycatalonia.com\/ca\/#website"},"primaryImageOfPage":{"@id":"https:\/\/enjoycatalonia.com\/ca\/capdesetmanaalaude\/#primaryimage"},"image":{"@id":"https:\/\/enjoycatalonia.com\/ca\/capdesetmanaalaude\/#primaryimage"},"thumbnailUrl":"https:\/\/enjoycatalonia.com\/wp-content\/uploads\/2026\/02\/Carcassone-grande-2.webp","datePublished":"2026-02-05T09:30:19+00:00","dateModified":"2026-04-12T04:45:09+00:00","breadcrumb":{"@id":"https:\/\/enjoycatalonia.com\/ca\/capdesetmanaalaude\/#breadcrumb"},"inLanguage":"ca","potentialAction":[{"@type":"ReadAction","target":["https:\/\/enjoycatalonia.com\/ca\/capdesetmanaalaude\/"]}]},{"@type":"ImageObject","inLanguage":"ca","@id":"https:\/\/enjoycatalonia.com\/ca\/capdesetmanaalaude\/#primaryimage","url":"https:\/\/enjoycatalonia.com\/wp-content\/uploads\/2026\/02\/Carcassone-grande-2.webp","contentUrl":"https:\/\/enjoycatalonia.com\/wp-content\/uploads\/2026\/02\/Carcassone-grande-2.webp","width":1920,"height":1280},{"@type":"BreadcrumbList","@id":"https:\/\/enjoycatalonia.com\/ca\/capdesetmanaalaude\/#breadcrumb","itemListElement":[{"@type":"ListItem","position":1,"name":"Portada","item":"https:\/\/enjoycatalonia.com\/ca\/"},{"@type":"ListItem","position":2,"name":"Botiga","item":"https:\/\/enjoycatalonia.com\/tienda\/"},{"@type":"ListItem","position":3,"name":"Cap de setmana a l&#8217;Aude: Carcassona, Mirepoix, passarel\u00b7les de Peyriac i Narbona"}]},{"@type":"WebSite","@id":"https:\/\/enjoycatalonia.com\/ca\/#website","url":"https:\/\/enjoycatalonia.com\/ca\/","name":"Enjoy Catalonia","description":"","potentialAction":[{"@type":"SearchAction","target":{"@type":"EntryPoint","urlTemplate":"https:\/\/enjoycatalonia.com\/ca\/?s={search_term_string}"},"query-input":{"@type":"PropertyValueSpecification","valueRequired":true,"valueName":"search_term_string"}}],"inLanguage":"ca"}]}},"_links":{"self":[{"href":"https:\/\/enjoycatalonia.com\/ca\/wp-json\/wp\/v2\/product\/3391","targetHints":{"allow":["GET"]}}],"collection":[{"href":"https:\/\/enjoycatalonia.com\/ca\/wp-json\/wp\/v2\/product"}],"about":[{"href":"https:\/\/enjoycatalonia.com\/ca\/wp-json\/wp\/v2\/types\/product"}],"wp:featuredmedia":[{"embeddable":true,"href":"https:\/\/enjoycatalonia.com\/ca\/wp-json\/wp\/v2\/media\/5168"}],"wp:attachment":[{"href":"https:\/\/enjoycatalonia.com\/ca\/wp-json\/wp\/v2\/media?parent=3391"}],"wp:term":[{"taxonomy":"product_brand","embeddable":true,"href":"https:\/\/enjoycatalonia.com\/ca\/wp-json\/wp\/v2\/product_brand?post=3391"},{"taxonomy":"product_cat","embeddable":true,"href":"https:\/\/enjoycatalonia.com\/ca\/wp-json\/wp\/v2\/product_cat?post=3391"},{"taxonomy":"product_tag","embeddable":true,"href":"https:\/\/enjoycatalonia.com\/ca\/wp-json\/wp\/v2\/product_tag?post=3391"}],"curies":[{"name":"wp","href":"https:\/\/api.w.org\/{rel}","templated":true}]}}