{"id":3393,"date":"2026-02-05T10:50:30","date_gmt":"2026-02-05T09:50:30","guid":{"rendered":"https:\/\/enjoycatalonia.com\/tours\/tres-dies-a-la-rioja-el-pais-del-vi-vinyes-cellers-pobles-medievals-monestirs-i-molt-mes\/"},"modified":"2026-03-03T11:06:22","modified_gmt":"2026-03-03T10:06:22","slug":"tres-dies-a-la-rioja-el-pais-del-vi-vinyes-cellers-pobles-medievals-monestirs-i-molt-mes","status":"publish","type":"product","link":"https:\/\/enjoycatalonia.com\/ca\/tours\/tres-dies-a-la-rioja-el-pais-del-vi-vinyes-cellers-pobles-medievals-monestirs-i-molt-mes\/","title":{"rendered":"Tres dies a La Rioja, el pa\u00eds del vi: vinyes, cellers, pobles medievals, monestirs i molt m\u00e9s"},"content":{"rendered":"<p style=\"text-align: justify;\" data-start=\"102\" data-end=\"294\">Una espectacular escapada de tres dies (2 nits) a La Rioja per gaudir d&#8217;una de les regions vin\u00edcoles m\u00e9s apreciades del m\u00f3n, amb un programa molt complet i variat que ens permetr\u00e0:<\/p>\n<p style=\"text-align: justify;\" data-start=\"296\" data-end=\"387\"><strong>1-<\/strong> Descobrir <strong>Logronyo<\/strong> i gaudir de les millors tapes d&#8217;Espanya al popular <strong>carrer Laurel<\/strong> .<\/p>\n<p style=\"text-align: justify;\" data-start=\"389\" data-end=\"679\"><strong>2-<\/strong> Visitar <strong>Laguardia<\/strong> , capital de la Rioja Alabesa i un dels <strong>pobles m\u00e9s bonics d&#8217;Espanya<\/strong> . A prop de Laguardia tindrem l&#8217;oportunitat d&#8217;admirar els impressionants <strong>cellers del Marqu\u00e8s de Riscal<\/strong> , dissenyats per Frank Gehry i considerats una obra mestra de l&#8217;arquitectura contempor\u00e0nia.<\/p>\n<p style=\"text-align: justify;\" data-start=\"681\" data-end=\"988\"><strong>3-<\/strong> Visitar el <strong>monestir de Yuso<\/strong> , a San Mill\u00e1n de la Cogolla, Patrimoni de la Humanitat per ser el lloc on s&#8217;han trobat les <strong>primeres paraules escrites en castell\u00e0 i en \u00e8uscar<\/strong> . \u00c9s un lloc privilegiat, no nom\u00e9s per la import\u00e0ncia hist\u00f2rica, sin\u00f3 tamb\u00e9 per la seva excepcional bellesa paisatg\u00edstica.<\/p>\n<p style=\"text-align: justify;\" data-start=\"990\" data-end=\"1153\"><strong>4-<\/strong> Passejar pels carrers de <strong>N\u00e1jera<\/strong> i de <strong>Santo Domingo de la Cal\u00e7ada<\/strong> , un preci\u00f3s poble d&#8217;origen medieval i un dels centres neur\u00e0lgics del <strong>Cam\u00ed de Sant Jaume<\/strong> .<\/p>\n<p style=\"text-align: justify;\" data-start=\"1155\" data-end=\"1365\"><strong>5-<\/strong> I, <em data-start=\"1161\" data-end=\"1181\">last but not least<\/em> , gaudir dels misteris del bon vi amb una completa <strong>visita guiada amb degustaci\u00f3 i refrigeri als populars Cellers Franco-Espanyoles<\/strong> , origen dels vins fins de la Rioja.<\/p>\n","protected":false},"excerpt":{"rendered":"<p>Una espectacular escapada de tres dies (2 nits) a La Rioja per gaudir d&#8217;una de les regions vin\u00edcoles m\u00e9s apreciades del m\u00f3n, amb un programa molt complet i variat que ens permetr\u00e0: 1- Descobrir Logronyo i gaudir de les millors tapes d&#8217;Espanya al popular carrer Laurel . 2- Visitar Laguardia , capital de la Rioja [&hellip;]<\/p>\n","protected":false},"featured_media":3395,"template":"","meta":{"_acf_changed":false},"product_brand":[],"product_cat":[62],"product_tag":[],"class_list":{"0":"post-3393","1":"product","2":"type-product","3":"status-publish","4":"has-post-thumbnail","6":"product_cat-viatges-passats","7":"tm-has-options","9":"first","10":"instock","11":"shipping-taxable","12":"product-type-simple"},"acf":[],"yoast_head":"<!-- This site is optimized with the Yoast SEO plugin v27.2 - https:\/\/yoast.com\/product\/yoast-seo-wordpress\/ -->\n<title>Tres dies a La Rioja, el pa\u00eds del vi: vinyes, cellers, pobles medievals, monestirs i molt m\u00e9s - Enjoy Catalonia<\/title>\n<meta name=\"robots\" content=\"index, follow, max-snippet:-1, max-image-preview:large, max-video-preview:-1\" \/>\n<link rel=\"canonical\" href=\"https:\/\/enjoycatalonia.com\/ca\/tours\/tres-dies-a-la-rioja-el-pais-del-vi-vinyes-cellers-pobles-medievals-monestirs-i-molt-mes\/\" \/>\n<meta property=\"og:locale\" content=\"ca_ES\" \/>\n<meta property=\"og:type\" content=\"article\" \/>\n<meta property=\"og:title\" content=\"Tres dies a La Rioja, el pa\u00eds del vi: vinyes, cellers, pobles medievals, monestirs i molt m\u00e9s - Enjoy Catalonia\" \/>\n<meta property=\"og:description\" content=\"Una espectacular escapada de tres dies (2 nits) a La Rioja per gaudir d&#8217;una de les regions vin\u00edcoles m\u00e9s apreciades del m\u00f3n, amb un programa molt complet i variat que ens permetr\u00e0: 1- Descobrir Logronyo i gaudir de les millors tapes d&#8217;Espanya al popular carrer Laurel . 2- Visitar Laguardia , capital de la Rioja [&hellip;]\" \/>\n<meta property=\"og:url\" content=\"https:\/\/enjoycatalonia.com\/ca\/tours\/tres-dies-a-la-rioja-el-pais-del-vi-vinyes-cellers-pobles-medievals-monestirs-i-molt-mes\/\" \/>\n<meta property=\"og:site_name\" content=\"Enjoy Catalonia\" \/>\n<meta property=\"article:modified_time\" content=\"2026-03-03T10:06:22+00:00\" \/>\n<meta property=\"og:image\" content=\"https:\/\/enjoycatalonia.com\/wp-content\/uploads\/2026\/02\/La-Rioja-Marques-de-Riscal-gran-1.jpg\" \/>\n\t<meta property=\"og:image:width\" content=\"1500\" \/>\n\t<meta property=\"og:image:height\" content=\"1000\" \/>\n\t<meta property=\"og:image:type\" content=\"image\/jpeg\" \/>\n<meta name=\"twitter:card\" content=\"summary_large_image\" \/>\n<meta name=\"twitter:label1\" content=\"Temps estimat de lectura\" \/>\n\t<meta name=\"twitter:data1\" content=\"2 minuts\" \/>\n<script type=\"application\/ld+json\" class=\"yoast-schema-graph\">{\"@context\":\"https:\/\/schema.org\",\"@graph\":[{\"@type\":\"WebPage\",\"@id\":\"https:\/\/enjoycatalonia.com\/ca\/tours\/tres-dies-a-la-rioja-el-pais-del-vi-vinyes-cellers-pobles-medievals-monestirs-i-molt-mes\/\",\"url\":\"https:\/\/enjoycatalonia.com\/ca\/tours\/tres-dies-a-la-rioja-el-pais-del-vi-vinyes-cellers-pobles-medievals-monestirs-i-molt-mes\/\",\"name\":\"Tres dies a La Rioja, el pa\u00eds del vi: vinyes, cellers, pobles medievals, monestirs i molt m\u00e9s - Enjoy Catalonia\",\"isPartOf\":{\"@id\":\"https:\/\/enjoycatalonia.com\/ca\/#website\"},\"primaryImageOfPage\":{\"@id\":\"https:\/\/enjoycatalonia.com\/ca\/tours\/tres-dies-a-la-rioja-el-pais-del-vi-vinyes-cellers-pobles-medievals-monestirs-i-molt-mes\/#primaryimage\"},\"image\":{\"@id\":\"https:\/\/enjoycatalonia.com\/ca\/tours\/tres-dies-a-la-rioja-el-pais-del-vi-vinyes-cellers-pobles-medievals-monestirs-i-molt-mes\/#primaryimage\"},\"thumbnailUrl\":\"https:\/\/enjoycatalonia.com\/wp-content\/uploads\/2026\/02\/La-Rioja-Marques-de-Riscal-gran-1.jpg\",\"datePublished\":\"2026-02-05T09:50:30+00:00\",\"dateModified\":\"2026-03-03T10:06:22+00:00\",\"breadcrumb\":{\"@id\":\"https:\/\/enjoycatalonia.com\/ca\/tours\/tres-dies-a-la-rioja-el-pais-del-vi-vinyes-cellers-pobles-medievals-monestirs-i-molt-mes\/#breadcrumb\"},\"inLanguage\":\"ca\",\"potentialAction\":[{\"@type\":\"ReadAction\",\"target\":[\"https:\/\/enjoycatalonia.com\/ca\/tours\/tres-dies-a-la-rioja-el-pais-del-vi-vinyes-cellers-pobles-medievals-monestirs-i-molt-mes\/\"]}]},{\"@type\":\"ImageObject\",\"inLanguage\":\"ca\",\"@id\":\"https:\/\/enjoycatalonia.com\/ca\/tours\/tres-dies-a-la-rioja-el-pais-del-vi-vinyes-cellers-pobles-medievals-monestirs-i-molt-mes\/#primaryimage\",\"url\":\"https:\/\/enjoycatalonia.com\/wp-content\/uploads\/2026\/02\/La-Rioja-Marques-de-Riscal-gran-1.jpg\",\"contentUrl\":\"https:\/\/enjoycatalonia.com\/wp-content\/uploads\/2026\/02\/La-Rioja-Marques-de-Riscal-gran-1.jpg\",\"width\":1500,\"height\":1000},{\"@type\":\"BreadcrumbList\",\"@id\":\"https:\/\/enjoycatalonia.com\/ca\/tours\/tres-dies-a-la-rioja-el-pais-del-vi-vinyes-cellers-pobles-medievals-monestirs-i-molt-mes\/#breadcrumb\",\"itemListElement\":[{\"@type\":\"ListItem\",\"position\":1,\"name\":\"Portada\",\"item\":\"https:\/\/enjoycatalonia.com\/ca\/\"},{\"@type\":\"ListItem\",\"position\":2,\"name\":\"Botiga\",\"item\":\"https:\/\/enjoycatalonia.com\/tienda\/\"},{\"@type\":\"ListItem\",\"position\":3,\"name\":\"Tres dies a La Rioja, el pa\u00eds del vi: vinyes, cellers, pobles medievals, monestirs i molt m\u00e9s\"}]},{\"@type\":\"WebSite\",\"@id\":\"https:\/\/enjoycatalonia.com\/ca\/#website\",\"url\":\"https:\/\/enjoycatalonia.com\/ca\/\",\"name\":\"Enjoy Catalonia\",\"description\":\"\",\"potentialAction\":[{\"@type\":\"SearchAction\",\"target\":{\"@type\":\"EntryPoint\",\"urlTemplate\":\"https:\/\/enjoycatalonia.com\/ca\/?s={search_term_string}\"},\"query-input\":{\"@type\":\"PropertyValueSpecification\",\"valueRequired\":true,\"valueName\":\"search_term_string\"}}],\"inLanguage\":\"ca\"}]}<\/script>\n<!-- \/ Yoast SEO plugin. -->","yoast_head_json":{"title":"Tres dies a La Rioja, el pa\u00eds del vi: vinyes, cellers, pobles medievals, monestirs i molt m\u00e9s - Enjoy Catalonia","robots":{"index":"index","follow":"follow","max-snippet":"max-snippet:-1","max-image-preview":"max-image-preview:large","max-video-preview":"max-video-preview:-1"},"canonical":"https:\/\/enjoycatalonia.com\/ca\/tours\/tres-dies-a-la-rioja-el-pais-del-vi-vinyes-cellers-pobles-medievals-monestirs-i-molt-mes\/","og_locale":"ca_ES","og_type":"article","og_title":"Tres dies a La Rioja, el pa\u00eds del vi: vinyes, cellers, pobles medievals, monestirs i molt m\u00e9s - Enjoy Catalonia","og_description":"Una espectacular escapada de tres dies (2 nits) a La Rioja per gaudir d&#8217;una de les regions vin\u00edcoles m\u00e9s apreciades del m\u00f3n, amb un programa molt complet i variat que ens permetr\u00e0: 1- Descobrir Logronyo i gaudir de les millors tapes d&#8217;Espanya al popular carrer Laurel . 2- Visitar Laguardia , capital de la Rioja [&hellip;]","og_url":"https:\/\/enjoycatalonia.com\/ca\/tours\/tres-dies-a-la-rioja-el-pais-del-vi-vinyes-cellers-pobles-medievals-monestirs-i-molt-mes\/","og_site_name":"Enjoy Catalonia","article_modified_time":"2026-03-03T10:06:22+00:00","og_image":[{"width":1500,"height":1000,"url":"https:\/\/enjoycatalonia.com\/wp-content\/uploads\/2026\/02\/La-Rioja-Marques-de-Riscal-gran-1.jpg","type":"image\/jpeg"}],"twitter_card":"summary_large_image","twitter_misc":{"Temps estimat de lectura":"2 minuts"},"schema":{"@context":"https:\/\/schema.org","@graph":[{"@type":"WebPage","@id":"https:\/\/enjoycatalonia.com\/ca\/tours\/tres-dies-a-la-rioja-el-pais-del-vi-vinyes-cellers-pobles-medievals-monestirs-i-molt-mes\/","url":"https:\/\/enjoycatalonia.com\/ca\/tours\/tres-dies-a-la-rioja-el-pais-del-vi-vinyes-cellers-pobles-medievals-monestirs-i-molt-mes\/","name":"Tres dies a La Rioja, el pa\u00eds del vi: vinyes, cellers, pobles medievals, monestirs i molt m\u00e9s - Enjoy Catalonia","isPartOf":{"@id":"https:\/\/enjoycatalonia.com\/ca\/#website"},"primaryImageOfPage":{"@id":"https:\/\/enjoycatalonia.com\/ca\/tours\/tres-dies-a-la-rioja-el-pais-del-vi-vinyes-cellers-pobles-medievals-monestirs-i-molt-mes\/#primaryimage"},"image":{"@id":"https:\/\/enjoycatalonia.com\/ca\/tours\/tres-dies-a-la-rioja-el-pais-del-vi-vinyes-cellers-pobles-medievals-monestirs-i-molt-mes\/#primaryimage"},"thumbnailUrl":"https:\/\/enjoycatalonia.com\/wp-content\/uploads\/2026\/02\/La-Rioja-Marques-de-Riscal-gran-1.jpg","datePublished":"2026-02-05T09:50:30+00:00","dateModified":"2026-03-03T10:06:22+00:00","breadcrumb":{"@id":"https:\/\/enjoycatalonia.com\/ca\/tours\/tres-dies-a-la-rioja-el-pais-del-vi-vinyes-cellers-pobles-medievals-monestirs-i-molt-mes\/#breadcrumb"},"inLanguage":"ca","potentialAction":[{"@type":"ReadAction","target":["https:\/\/enjoycatalonia.com\/ca\/tours\/tres-dies-a-la-rioja-el-pais-del-vi-vinyes-cellers-pobles-medievals-monestirs-i-molt-mes\/"]}]},{"@type":"ImageObject","inLanguage":"ca","@id":"https:\/\/enjoycatalonia.com\/ca\/tours\/tres-dies-a-la-rioja-el-pais-del-vi-vinyes-cellers-pobles-medievals-monestirs-i-molt-mes\/#primaryimage","url":"https:\/\/enjoycatalonia.com\/wp-content\/uploads\/2026\/02\/La-Rioja-Marques-de-Riscal-gran-1.jpg","contentUrl":"https:\/\/enjoycatalonia.com\/wp-content\/uploads\/2026\/02\/La-Rioja-Marques-de-Riscal-gran-1.jpg","width":1500,"height":1000},{"@type":"BreadcrumbList","@id":"https:\/\/enjoycatalonia.com\/ca\/tours\/tres-dies-a-la-rioja-el-pais-del-vi-vinyes-cellers-pobles-medievals-monestirs-i-molt-mes\/#breadcrumb","itemListElement":[{"@type":"ListItem","position":1,"name":"Portada","item":"https:\/\/enjoycatalonia.com\/ca\/"},{"@type":"ListItem","position":2,"name":"Botiga","item":"https:\/\/enjoycatalonia.com\/tienda\/"},{"@type":"ListItem","position":3,"name":"Tres dies a La Rioja, el pa\u00eds del vi: vinyes, cellers, pobles medievals, monestirs i molt m\u00e9s"}]},{"@type":"WebSite","@id":"https:\/\/enjoycatalonia.com\/ca\/#website","url":"https:\/\/enjoycatalonia.com\/ca\/","name":"Enjoy Catalonia","description":"","potentialAction":[{"@type":"SearchAction","target":{"@type":"EntryPoint","urlTemplate":"https:\/\/enjoycatalonia.com\/ca\/?s={search_term_string}"},"query-input":{"@type":"PropertyValueSpecification","valueRequired":true,"valueName":"search_term_string"}}],"inLanguage":"ca"}]}},"_links":{"self":[{"href":"https:\/\/enjoycatalonia.com\/ca\/wp-json\/wp\/v2\/product\/3393","targetHints":{"allow":["GET"]}}],"collection":[{"href":"https:\/\/enjoycatalonia.com\/ca\/wp-json\/wp\/v2\/product"}],"about":[{"href":"https:\/\/enjoycatalonia.com\/ca\/wp-json\/wp\/v2\/types\/product"}],"wp:featuredmedia":[{"embeddable":true,"href":"https:\/\/enjoycatalonia.com\/ca\/wp-json\/wp\/v2\/media\/3395"}],"wp:attachment":[{"href":"https:\/\/enjoycatalonia.com\/ca\/wp-json\/wp\/v2\/media?parent=3393"}],"wp:term":[{"taxonomy":"product_brand","embeddable":true,"href":"https:\/\/enjoycatalonia.com\/ca\/wp-json\/wp\/v2\/product_brand?post=3393"},{"taxonomy":"product_cat","embeddable":true,"href":"https:\/\/enjoycatalonia.com\/ca\/wp-json\/wp\/v2\/product_cat?post=3393"},{"taxonomy":"product_tag","embeddable":true,"href":"https:\/\/enjoycatalonia.com\/ca\/wp-json\/wp\/v2\/product_tag?post=3393"}],"curies":[{"name":"wp","href":"https:\/\/api.w.org\/{rel}","templated":true}]}}