{"id":3397,"date":"2026-02-05T10:59:14","date_gmt":"2026-02-05T09:59:14","guid":{"rendered":"https:\/\/enjoycatalonia.com\/tours\/cap-de-setmana-a-andorra-el-pais-dels-pirineus-muntanyes-llacs-botigues-i-molt-mes\/"},"modified":"2026-03-03T11:05:21","modified_gmt":"2026-03-03T10:05:21","slug":"cap-de-setmana-a-andorra-el-pais-dels-pirineus-muntanyes-llacs-botigues-i-molt-mes","status":"publish","type":"product","link":"https:\/\/enjoycatalonia.com\/ca\/tours\/cap-de-setmana-a-andorra-el-pais-dels-pirineus-muntanyes-llacs-botigues-i-molt-mes\/","title":{"rendered":"Cap de setmana a Andorra, el pa\u00eds dels Pirineus: muntanyes, llacs, botigues i molt m\u00e9s"},"content":{"rendered":"<p style=\"text-align: justify;\" data-start=\"115\" data-end=\"352\">Andorra, coneguda arreu del m\u00f3n per les incre\u00efbles pistes d&#8217;esqu\u00ed, per la quantitat i qualitat de les botigues i pels bancs, t\u00e9 un entorn natural espl\u00e8ndid, una hist\u00f2ria mil\u00b7len\u00e0ria i un magn\u00edfic patrimoni cultural i art\u00edstic.<\/p>\n<p style=\"text-align: justify;\" data-start=\"354\" data-end=\"634\">I per treure el m\u00e0xim profit a la nostra estada a Andorra, hem dissenyat un programa molt complet que combina natura, cultura, hist\u00f2ria, gastronomia i temps lliure per anar de compres, relaxar-vos a les aig\u00fces termals de Caldea o gaudir de la piscina coberta de l&#8217;hotel.<\/p>\n<p style=\"text-align: justify;\" data-start=\"636\" data-end=\"688\"><strong data-start=\"636\" data-end=\"688\">Resum i atractius principals de l&#8217;escapada:<\/strong><\/p>\n<ol style=\"text-align: justify;\" data-start=\"690\" data-end=\"766\">\n<li data-start=\"690\" data-end=\"766\">\n<p data-start=\"693\" data-end=\"766\"><strong>Dues caminades f\u00e0cils i planes<\/strong> per gaudir de les muntanyes d&#8217;Andorra:<\/p>\n<\/li>\n<\/ol>\n<ul style=\"text-align: justify;\" data-start=\"768\" data-end=\"937\">\n<li data-start=\"768\" data-end=\"838\">\n<p data-start=\"770\" data-end=\"838\">Bonica caminada circular al voltant del <strong>llac d&#8217;Engolasters<\/strong> (2 km).<\/p>\n<\/li>\n<li data-start=\"839\" data-end=\"937\">\n<p data-start=\"841\" data-end=\"937\"><strong>La Vall d\u00b4Incles<\/strong> pel cam\u00ed de l\u00b4Obaga (3 km), amb temps lliure per gaudir de l\u00b4entorn.<\/p>\n<\/li>\n<\/ul>\n<ol start=\"2\" data-start=\"939\" data-end=\"1677\">\n<li style=\"text-align: justify;\" data-start=\"939\" data-end=\"1029\">\n<p data-start=\"942\" data-end=\"1029\">Gaudir de les millors vistes d&#8217;Andorra des del <strong>mirador del Roc del Quer<\/strong> (Canillo).<\/p>\n<\/li>\n<li style=\"text-align: justify;\" data-start=\"1031\" data-end=\"1166\">\n<p data-start=\"1034\" data-end=\"1166\">Visitar el diminut conjunt medieval m\u00e9s ben conservat d&#8217;Andorra: <strong>Santa Coloma<\/strong> i el <strong>santuari de Meritxell<\/strong> , patrona del Principat.<\/p>\n<\/li>\n<li style=\"text-align: justify;\" data-start=\"1168\" data-end=\"1352\">\n<p data-start=\"1171\" data-end=\"1352\"><strong>Temps lliure a Andorra la Vella<\/strong> per passejar, anar de compres, visitar el Museu Carmen Thyssen, relaxar-vos a les aig\u00fces termals de Caldea o gaudir de la piscina coberta de l&#8217;hotel.<\/p>\n<\/li>\n<li style=\"text-align: justify;\" data-start=\"1354\" data-end=\"1550\">\n<p data-start=\"1357\" data-end=\"1550\">Gaudir de la gastronomia local al restaurant Valls Valira, situat a <strong>Os de Civ\u00eds<\/strong> , un preci\u00f3s poble de muntanya de la comarca catalana de l&#8217;Alt Urgell, per\u00f2 nom\u00e9s accessible des d&#8217;Andorra.<\/p>\n<\/li>\n<li data-start=\"1552\" data-end=\"1677\">\n<p style=\"text-align: justify;\" data-start=\"1555\" data-end=\"1677\">Aproximar-nos a la fascinant <strong>hist\u00f2ria i organitzaci\u00f3 social, econ\u00f2mica i administrativa d&#8217;Andorra<\/strong> , el pa\u00eds dels Pirineus.<\/p>\n<\/li>\n<\/ol>\n","protected":false},"excerpt":{"rendered":"<p>Andorra, coneguda arreu del m\u00f3n per les incre\u00efbles pistes d&#8217;esqu\u00ed, per la quantitat i qualitat de les botigues i pels bancs, t\u00e9 un entorn natural espl\u00e8ndid, una hist\u00f2ria mil\u00b7len\u00e0ria i un magn\u00edfic patrimoni cultural i art\u00edstic. I per treure el m\u00e0xim profit a la nostra estada a Andorra, hem dissenyat un programa molt complet que [&hellip;]<\/p>\n","protected":false},"featured_media":3399,"template":"","meta":{"_acf_changed":false},"product_brand":[],"product_cat":[62],"product_tag":[],"class_list":{"0":"post-3397","1":"product","2":"type-product","3":"status-publish","4":"has-post-thumbnail","6":"product_cat-viatges-passats","7":"tm-has-options","9":"first","10":"instock","11":"shipping-taxable","12":"product-type-simple"},"acf":[],"yoast_head":"<!-- This site is optimized with the Yoast SEO plugin v27.2 - https:\/\/yoast.com\/product\/yoast-seo-wordpress\/ -->\n<title>Cap de setmana a Andorra, el pa\u00eds dels Pirineus: muntanyes, llacs, botigues i molt m\u00e9s - Enjoy Catalonia<\/title>\n<meta name=\"robots\" content=\"index, follow, max-snippet:-1, max-image-preview:large, max-video-preview:-1\" \/>\n<link rel=\"canonical\" href=\"https:\/\/enjoycatalonia.com\/ca\/tours\/cap-de-setmana-a-andorra-el-pais-dels-pirineus-muntanyes-llacs-botigues-i-molt-mes\/\" \/>\n<meta property=\"og:locale\" content=\"ca_ES\" \/>\n<meta property=\"og:type\" content=\"article\" \/>\n<meta property=\"og:title\" content=\"Cap de setmana a Andorra, el pa\u00eds dels Pirineus: muntanyes, llacs, botigues i molt m\u00e9s - Enjoy Catalonia\" \/>\n<meta property=\"og:description\" content=\"Andorra, coneguda arreu del m\u00f3n per les incre\u00efbles pistes d&#8217;esqu\u00ed, per la quantitat i qualitat de les botigues i pels bancs, t\u00e9 un entorn natural espl\u00e8ndid, una hist\u00f2ria mil\u00b7len\u00e0ria i un magn\u00edfic patrimoni cultural i art\u00edstic. I per treure el m\u00e0xim profit a la nostra estada a Andorra, hem dissenyat un programa molt complet que [&hellip;]\" \/>\n<meta property=\"og:url\" content=\"https:\/\/enjoycatalonia.com\/ca\/tours\/cap-de-setmana-a-andorra-el-pais-dels-pirineus-muntanyes-llacs-botigues-i-molt-mes\/\" \/>\n<meta property=\"og:site_name\" content=\"Enjoy Catalonia\" \/>\n<meta property=\"article:modified_time\" content=\"2026-03-03T10:05:21+00:00\" \/>\n<meta property=\"og:image\" content=\"https:\/\/enjoycatalonia.com\/wp-content\/uploads\/2026\/02\/andorrajpg.jpg\" \/>\n\t<meta property=\"og:image:width\" content=\"1500\" \/>\n\t<meta property=\"og:image:height\" content=\"1071\" \/>\n\t<meta property=\"og:image:type\" content=\"image\/jpeg\" \/>\n<meta name=\"twitter:card\" content=\"summary_large_image\" \/>\n<meta name=\"twitter:label1\" content=\"Temps estimat de lectura\" \/>\n\t<meta name=\"twitter:data1\" content=\"2 minuts\" \/>\n<script type=\"application\/ld+json\" class=\"yoast-schema-graph\">{\"@context\":\"https:\/\/schema.org\",\"@graph\":[{\"@type\":\"WebPage\",\"@id\":\"https:\/\/enjoycatalonia.com\/ca\/tours\/cap-de-setmana-a-andorra-el-pais-dels-pirineus-muntanyes-llacs-botigues-i-molt-mes\/\",\"url\":\"https:\/\/enjoycatalonia.com\/ca\/tours\/cap-de-setmana-a-andorra-el-pais-dels-pirineus-muntanyes-llacs-botigues-i-molt-mes\/\",\"name\":\"Cap de setmana a Andorra, el pa\u00eds dels Pirineus: muntanyes, llacs, botigues i molt m\u00e9s - Enjoy Catalonia\",\"isPartOf\":{\"@id\":\"https:\/\/enjoycatalonia.com\/ca\/#website\"},\"primaryImageOfPage\":{\"@id\":\"https:\/\/enjoycatalonia.com\/ca\/tours\/cap-de-setmana-a-andorra-el-pais-dels-pirineus-muntanyes-llacs-botigues-i-molt-mes\/#primaryimage\"},\"image\":{\"@id\":\"https:\/\/enjoycatalonia.com\/ca\/tours\/cap-de-setmana-a-andorra-el-pais-dels-pirineus-muntanyes-llacs-botigues-i-molt-mes\/#primaryimage\"},\"thumbnailUrl\":\"https:\/\/enjoycatalonia.com\/wp-content\/uploads\/2026\/02\/andorrajpg.jpg\",\"datePublished\":\"2026-02-05T09:59:14+00:00\",\"dateModified\":\"2026-03-03T10:05:21+00:00\",\"breadcrumb\":{\"@id\":\"https:\/\/enjoycatalonia.com\/ca\/tours\/cap-de-setmana-a-andorra-el-pais-dels-pirineus-muntanyes-llacs-botigues-i-molt-mes\/#breadcrumb\"},\"inLanguage\":\"ca\",\"potentialAction\":[{\"@type\":\"ReadAction\",\"target\":[\"https:\/\/enjoycatalonia.com\/ca\/tours\/cap-de-setmana-a-andorra-el-pais-dels-pirineus-muntanyes-llacs-botigues-i-molt-mes\/\"]}]},{\"@type\":\"ImageObject\",\"inLanguage\":\"ca\",\"@id\":\"https:\/\/enjoycatalonia.com\/ca\/tours\/cap-de-setmana-a-andorra-el-pais-dels-pirineus-muntanyes-llacs-botigues-i-molt-mes\/#primaryimage\",\"url\":\"https:\/\/enjoycatalonia.com\/wp-content\/uploads\/2026\/02\/andorrajpg.jpg\",\"contentUrl\":\"https:\/\/enjoycatalonia.com\/wp-content\/uploads\/2026\/02\/andorrajpg.jpg\",\"width\":1500,\"height\":1071},{\"@type\":\"BreadcrumbList\",\"@id\":\"https:\/\/enjoycatalonia.com\/ca\/tours\/cap-de-setmana-a-andorra-el-pais-dels-pirineus-muntanyes-llacs-botigues-i-molt-mes\/#breadcrumb\",\"itemListElement\":[{\"@type\":\"ListItem\",\"position\":1,\"name\":\"Portada\",\"item\":\"https:\/\/enjoycatalonia.com\/ca\/\"},{\"@type\":\"ListItem\",\"position\":2,\"name\":\"Botiga\",\"item\":\"https:\/\/enjoycatalonia.com\/tienda\/\"},{\"@type\":\"ListItem\",\"position\":3,\"name\":\"Cap de setmana a Andorra, el pa\u00eds dels Pirineus: muntanyes, llacs, botigues i molt m\u00e9s\"}]},{\"@type\":\"WebSite\",\"@id\":\"https:\/\/enjoycatalonia.com\/ca\/#website\",\"url\":\"https:\/\/enjoycatalonia.com\/ca\/\",\"name\":\"Enjoy Catalonia\",\"description\":\"\",\"potentialAction\":[{\"@type\":\"SearchAction\",\"target\":{\"@type\":\"EntryPoint\",\"urlTemplate\":\"https:\/\/enjoycatalonia.com\/ca\/?s={search_term_string}\"},\"query-input\":{\"@type\":\"PropertyValueSpecification\",\"valueRequired\":true,\"valueName\":\"search_term_string\"}}],\"inLanguage\":\"ca\"}]}<\/script>\n<!-- \/ Yoast SEO plugin. -->","yoast_head_json":{"title":"Cap de setmana a Andorra, el pa\u00eds dels Pirineus: muntanyes, llacs, botigues i molt m\u00e9s - Enjoy Catalonia","robots":{"index":"index","follow":"follow","max-snippet":"max-snippet:-1","max-image-preview":"max-image-preview:large","max-video-preview":"max-video-preview:-1"},"canonical":"https:\/\/enjoycatalonia.com\/ca\/tours\/cap-de-setmana-a-andorra-el-pais-dels-pirineus-muntanyes-llacs-botigues-i-molt-mes\/","og_locale":"ca_ES","og_type":"article","og_title":"Cap de setmana a Andorra, el pa\u00eds dels Pirineus: muntanyes, llacs, botigues i molt m\u00e9s - Enjoy Catalonia","og_description":"Andorra, coneguda arreu del m\u00f3n per les incre\u00efbles pistes d&#8217;esqu\u00ed, per la quantitat i qualitat de les botigues i pels bancs, t\u00e9 un entorn natural espl\u00e8ndid, una hist\u00f2ria mil\u00b7len\u00e0ria i un magn\u00edfic patrimoni cultural i art\u00edstic. I per treure el m\u00e0xim profit a la nostra estada a Andorra, hem dissenyat un programa molt complet que [&hellip;]","og_url":"https:\/\/enjoycatalonia.com\/ca\/tours\/cap-de-setmana-a-andorra-el-pais-dels-pirineus-muntanyes-llacs-botigues-i-molt-mes\/","og_site_name":"Enjoy Catalonia","article_modified_time":"2026-03-03T10:05:21+00:00","og_image":[{"width":1500,"height":1071,"url":"https:\/\/enjoycatalonia.com\/wp-content\/uploads\/2026\/02\/andorrajpg.jpg","type":"image\/jpeg"}],"twitter_card":"summary_large_image","twitter_misc":{"Temps estimat de lectura":"2 minuts"},"schema":{"@context":"https:\/\/schema.org","@graph":[{"@type":"WebPage","@id":"https:\/\/enjoycatalonia.com\/ca\/tours\/cap-de-setmana-a-andorra-el-pais-dels-pirineus-muntanyes-llacs-botigues-i-molt-mes\/","url":"https:\/\/enjoycatalonia.com\/ca\/tours\/cap-de-setmana-a-andorra-el-pais-dels-pirineus-muntanyes-llacs-botigues-i-molt-mes\/","name":"Cap de setmana a Andorra, el pa\u00eds dels Pirineus: muntanyes, llacs, botigues i molt m\u00e9s - Enjoy Catalonia","isPartOf":{"@id":"https:\/\/enjoycatalonia.com\/ca\/#website"},"primaryImageOfPage":{"@id":"https:\/\/enjoycatalonia.com\/ca\/tours\/cap-de-setmana-a-andorra-el-pais-dels-pirineus-muntanyes-llacs-botigues-i-molt-mes\/#primaryimage"},"image":{"@id":"https:\/\/enjoycatalonia.com\/ca\/tours\/cap-de-setmana-a-andorra-el-pais-dels-pirineus-muntanyes-llacs-botigues-i-molt-mes\/#primaryimage"},"thumbnailUrl":"https:\/\/enjoycatalonia.com\/wp-content\/uploads\/2026\/02\/andorrajpg.jpg","datePublished":"2026-02-05T09:59:14+00:00","dateModified":"2026-03-03T10:05:21+00:00","breadcrumb":{"@id":"https:\/\/enjoycatalonia.com\/ca\/tours\/cap-de-setmana-a-andorra-el-pais-dels-pirineus-muntanyes-llacs-botigues-i-molt-mes\/#breadcrumb"},"inLanguage":"ca","potentialAction":[{"@type":"ReadAction","target":["https:\/\/enjoycatalonia.com\/ca\/tours\/cap-de-setmana-a-andorra-el-pais-dels-pirineus-muntanyes-llacs-botigues-i-molt-mes\/"]}]},{"@type":"ImageObject","inLanguage":"ca","@id":"https:\/\/enjoycatalonia.com\/ca\/tours\/cap-de-setmana-a-andorra-el-pais-dels-pirineus-muntanyes-llacs-botigues-i-molt-mes\/#primaryimage","url":"https:\/\/enjoycatalonia.com\/wp-content\/uploads\/2026\/02\/andorrajpg.jpg","contentUrl":"https:\/\/enjoycatalonia.com\/wp-content\/uploads\/2026\/02\/andorrajpg.jpg","width":1500,"height":1071},{"@type":"BreadcrumbList","@id":"https:\/\/enjoycatalonia.com\/ca\/tours\/cap-de-setmana-a-andorra-el-pais-dels-pirineus-muntanyes-llacs-botigues-i-molt-mes\/#breadcrumb","itemListElement":[{"@type":"ListItem","position":1,"name":"Portada","item":"https:\/\/enjoycatalonia.com\/ca\/"},{"@type":"ListItem","position":2,"name":"Botiga","item":"https:\/\/enjoycatalonia.com\/tienda\/"},{"@type":"ListItem","position":3,"name":"Cap de setmana a Andorra, el pa\u00eds dels Pirineus: muntanyes, llacs, botigues i molt m\u00e9s"}]},{"@type":"WebSite","@id":"https:\/\/enjoycatalonia.com\/ca\/#website","url":"https:\/\/enjoycatalonia.com\/ca\/","name":"Enjoy Catalonia","description":"","potentialAction":[{"@type":"SearchAction","target":{"@type":"EntryPoint","urlTemplate":"https:\/\/enjoycatalonia.com\/ca\/?s={search_term_string}"},"query-input":{"@type":"PropertyValueSpecification","valueRequired":true,"valueName":"search_term_string"}}],"inLanguage":"ca"}]}},"_links":{"self":[{"href":"https:\/\/enjoycatalonia.com\/ca\/wp-json\/wp\/v2\/product\/3397","targetHints":{"allow":["GET"]}}],"collection":[{"href":"https:\/\/enjoycatalonia.com\/ca\/wp-json\/wp\/v2\/product"}],"about":[{"href":"https:\/\/enjoycatalonia.com\/ca\/wp-json\/wp\/v2\/types\/product"}],"wp:featuredmedia":[{"embeddable":true,"href":"https:\/\/enjoycatalonia.com\/ca\/wp-json\/wp\/v2\/media\/3399"}],"wp:attachment":[{"href":"https:\/\/enjoycatalonia.com\/ca\/wp-json\/wp\/v2\/media?parent=3397"}],"wp:term":[{"taxonomy":"product_brand","embeddable":true,"href":"https:\/\/enjoycatalonia.com\/ca\/wp-json\/wp\/v2\/product_brand?post=3397"},{"taxonomy":"product_cat","embeddable":true,"href":"https:\/\/enjoycatalonia.com\/ca\/wp-json\/wp\/v2\/product_cat?post=3397"},{"taxonomy":"product_tag","embeddable":true,"href":"https:\/\/enjoycatalonia.com\/ca\/wp-json\/wp\/v2\/product_tag?post=3397"}],"curies":[{"name":"wp","href":"https:\/\/api.w.org\/{rel}","templated":true}]}}