{"id":3406,"date":"2026-02-06T11:09:45","date_gmt":"2026-02-06T10:09:45","guid":{"rendered":"https:\/\/enjoycatalonia.com\/tours\/4-dies-a-sevilla-cadis-ronda-i-pobles-blancs-setenil-i-zahara-la-sierra\/"},"modified":"2026-03-03T10:36:53","modified_gmt":"2026-03-03T09:36:53","slug":"4-dies-a-sevilla-cadis-ronda-i-pobles-blancs-setenil-i-zahara-la-sierra","status":"publish","type":"product","link":"https:\/\/enjoycatalonia.com\/ca\/tours\/4-dies-a-sevilla-cadis-ronda-i-pobles-blancs-setenil-i-zahara-la-sierra\/","title":{"rendered":"4 dies a Sevilla, Cadis, Ronda i pobles blancs (Setenil i Zahara la Sierra)"},"content":{"rendered":"<p>Gaudeix d&#8217;Andalusia amb un espectacular viatge de 4 dies a Ave des de Barcelona a <strong>Sevilla, Cadis i tres dels pobles blancs m\u00e9s bonics de la regi\u00f3: Zahara de la<\/strong> <strong>Serra<\/strong> , <strong>Setenil dels Cellers<\/strong> i la m\u00edtica <strong>Ronda<\/strong> .<\/p>\n<p><strong>&#8211; Gaudeix de Sevilla, una de les ciutats m\u00e9s boniques d&#8217;Europa<\/strong><\/p>\n<p>A la riba del vell Betis, que els \u00e0rabs anomenaven &#8220;Riu Gran&#8221; (Guadalquivir), s&#8217;aixeca una de les ciutats m\u00e9s boniques del m\u00f3n: Sevilla. La capital andalusa \u00e9s una ciutat que envolta i captiva el visitant amb una barreja de bellesa i sentiment. Els seus monuments, com la imponent catedral g\u00f2tica, epicentre d&#8217;un dels nuclis antics m\u00e9s extensos d&#8217;Europa, s\u00f3n la posada en escena perfecta per a una ciutat que gaudeix del carrer com cap altra.<\/p>\n<p>Per treure el m\u00e0xim profit a la nostra estada a Sevilla a Enjoy Catalonia hem dissenyat dues <strong>passejades guiades<\/strong> pels barris de <strong>Santa Cruz<\/strong> , el m\u00e9s antic i tur\u00edstic de la ciutat; <strong>Triana,<\/strong> als colorits carrers de la qual es respira el riu Guadalquivir; i <strong>La Macarena<\/strong> un dels m\u00e9s barris m\u00e9s tradicionals de Sevilla, on tot gira al voltant de les dues icones m\u00e9s reconeixibles: la porta i la bas\u00edlica. Tamb\u00e9 tindrem l&#8217;oportunitat de visitar la <strong>Pla\u00e7a d&#8217;Espanya,<\/strong> constru\u00efda durant l&#8217;exposici\u00f3 iberoamericana de 1929 i <strong>el Parc de Maria Llu\u00efsa<\/strong> , un dels m\u00e9s bells d&#8217;Espanya. I si alg\u00fa encara no ha estat a Sevilla, tamb\u00e9 tindr\u00e0 l&#8217;oportunitat de visitar la <strong>Catedral<\/strong> , el tercer temple m\u00e9s gran del m\u00f3n, i la seva bella <strong>Giralda<\/strong> ; i el <strong>Real Alc\u00e1zar<\/strong> , un espl\u00e8ndid conjunt palat\u00ed on podr\u00e0s contemplar construccions de diversos estils arquitect\u00f2nics units per jardins de gran bellesa.<\/p>\n<p><strong>Excursi\u00f3 a Cadis, la tasseta de plata (de 8h a 17h):<\/strong><\/p>\n<p class=\"desc\">La &#8220;Tacita de Plata&#8221; \u00e9s la ciutat m\u00e9s antiga d&#8217;Occident. I la seva llum, la llum de Cadis, no deixa indiferent ning\u00fa. \u00c9s dif\u00edcil comprendre la llum si no s&#8217;ha estat a Cadis. I el riure. Si a un andal\u00fas se li demana quina \u00e9s la gent m\u00e9s simp\u00e0tica i m\u00e9s amable d&#8217;Andalusia no ho dubten: els gaditans. No se sap per qu\u00e8, per\u00f2 \u00e9s aix\u00ed: un arriba a Cadis i s&#8217;alegra estar viu. Aquest tros d&#8217;Atl\u00e0ntic, d&#8217;una banda oberta a l&#8217;onatge, i aquesta badia calmosa com un pet\u00f3 potser hi tinguin alguna cosa a veure. I \u00e9s que Cadis, la capital m\u00e9s meridional d&#8217;Europa i la ciutat m\u00e9s antiga d&#8217;Occident, \u00e9s Cadis.<\/p>\n<p class=\"desc\">I per treure el m\u00e0xim profit a la nostra estada a Cadis, hem dissenyat un passeig guiat que ens permetr\u00e0 passejar per alguns dels racons m\u00e9s emblem\u00e0tics de la ciutat i introduir-nos a la seva apassionant hist\u00f2ria. Comen\u00e7arem pel <strong>barri del P\u00f3pulo<\/strong> , el m\u00e9s antic i pintoresc de la ciutat, i recorrerem el <strong>front mar\u00edtim<\/strong> de la <em>tasseta<\/em> . Despr\u00e9s pararem per prendre alguna cosa i dinar a l&#8217;emblem\u00e0tica <strong>pla\u00e7a de Sant Joan de D\u00e9u<\/strong> , on podrem tastar el t\u00edpic peixet fregit. Finalment visitarem <strong>la Catedral<\/strong> i, si el temps ho permet, farem una passejada pel <strong>Parc Genov\u00e9s<\/strong> , un dels m\u00e9s bonics d&#8217;Europa.<\/p>\n<p><strong>Excursi\u00f3 a Ronda i Setenil dels Cellers (de 8h a 17h):<\/strong><\/p>\n<p align=\"justify\">Una bella excursi\u00f3 per visitar Ronda, la ciutat m\u00e0gica; i Setenil dels Cellers, potser el poble m\u00e9s bonic i original de la prov\u00edncia. I si el temps ho permet, farem una breu parada a Zahara de la Serra, bonic poble blanc situat en un lloc privilegiat.<\/p>\n<p align=\"justify\">El trajecte amb autocar fins a Ronda (2 hores) \u00e9s preci\u00f3s i passa de la campanya sevillana a les belles i salvatges muntanyes de la Serra de Grazalema, una zona d&#8217;extraordinari inter\u00e8s gastron\u00f2mic, paisatg\u00edstic, geol\u00f2gic i bot\u00e0nic.<\/p>\n<p align=\"justify\"><strong>Ronda, la ciutat m\u00e0gica:<\/strong> el primer que impressiona en arribar a Ronda \u00e9s la seva excepcional ubicaci\u00f3, amb impressionants vistes de la regi\u00f3 muntanyenca rondenya. \u00c9s una ciutat bonica i amb molta oferta monumental i cultural. Durant la nostra estada a Ronda tindrem l&#8217;oportunitat de passejar per la ciutat i visitarem l&#8217;espectacular pla\u00e7a de bous, probablement la m\u00e9s bonica del m\u00f3n.<\/p>\n<p align=\"justify\"><strong>Setenil dels Cellers<\/strong> \u00e9s un dels pobles m\u00e9s bonics de Cadis i sens dubte el m\u00e9s curi\u00f3s, ja que les seves cases blanques estan constru\u00efdes sota un sortint de roques. Tindrem l&#8217;oportunitat de passejar pels seus carrers-coves, on el cel es fa roca: Coves del Sol i la seva germana les Coves de l&#8217;Ombra, Saboneria i Cabrerizas (escenaris d&#8217;aventures de bandolers reals i de ficci\u00f3), Mitjons, Calanyes i Ferreria, etc.<\/p>\n","protected":false},"excerpt":{"rendered":"<p>Gaudeix d&#8217;Andalusia amb un espectacular viatge de 4 dies a Ave des de Barcelona a Sevilla, Cadis i tres dels pobles blancs m\u00e9s bonics de la regi\u00f3: Zahara de la Serra , Setenil dels Cellers i la m\u00edtica Ronda . &#8211; Gaudeix de Sevilla, una de les ciutats m\u00e9s boniques d&#8217;Europa A la riba del [&hellip;]<\/p>\n","protected":false},"featured_media":3408,"template":"","meta":{"_acf_changed":false},"product_brand":[],"product_cat":[62],"product_tag":[],"class_list":{"0":"post-3406","1":"product","2":"type-product","3":"status-publish","4":"has-post-thumbnail","6":"product_cat-viatges-passats","7":"tm-has-options","9":"first","10":"instock","11":"shipping-taxable","12":"product-type-simple"},"acf":[],"yoast_head":"<!-- This site is optimized with the Yoast SEO plugin v27.2 - https:\/\/yoast.com\/product\/yoast-seo-wordpress\/ -->\n<title>4 dies a Sevilla, Cadis, Ronda i pobles blancs (Setenil i Zahara la Sierra) - Enjoy Catalonia<\/title>\n<meta name=\"robots\" content=\"index, follow, max-snippet:-1, max-image-preview:large, max-video-preview:-1\" \/>\n<link rel=\"canonical\" href=\"https:\/\/enjoycatalonia.com\/ca\/tours\/4-dies-a-sevilla-cadis-ronda-i-pobles-blancs-setenil-i-zahara-la-sierra\/\" \/>\n<meta property=\"og:locale\" content=\"ca_ES\" \/>\n<meta property=\"og:type\" content=\"article\" \/>\n<meta property=\"og:title\" content=\"4 dies a Sevilla, Cadis, Ronda i pobles blancs (Setenil i Zahara la Sierra) - Enjoy Catalonia\" \/>\n<meta property=\"og:description\" content=\"Gaudeix d&#8217;Andalusia amb un espectacular viatge de 4 dies a Ave des de Barcelona a Sevilla, Cadis i tres dels pobles blancs m\u00e9s bonics de la regi\u00f3: Zahara de la Serra , Setenil dels Cellers i la m\u00edtica Ronda . &#8211; Gaudeix de Sevilla, una de les ciutats m\u00e9s boniques d&#8217;Europa A la riba del [&hellip;]\" \/>\n<meta property=\"og:url\" content=\"https:\/\/enjoycatalonia.com\/ca\/tours\/4-dies-a-sevilla-cadis-ronda-i-pobles-blancs-setenil-i-zahara-la-sierra\/\" \/>\n<meta property=\"og:site_name\" content=\"Enjoy Catalonia\" \/>\n<meta property=\"article:modified_time\" content=\"2026-03-03T09:36:53+00:00\" \/>\n<meta property=\"og:image\" content=\"https:\/\/enjoycatalonia.com\/wp-content\/uploads\/2026\/02\/SEV023_RONDA.jpg\" \/>\n\t<meta property=\"og:image:width\" content=\"1500\" \/>\n\t<meta property=\"og:image:height\" content=\"945\" \/>\n\t<meta property=\"og:image:type\" content=\"image\/jpeg\" \/>\n<meta name=\"twitter:card\" content=\"summary_large_image\" \/>\n<meta name=\"twitter:label1\" content=\"Temps estimat de lectura\" \/>\n\t<meta name=\"twitter:data1\" content=\"4 minuts\" \/>\n<script type=\"application\/ld+json\" class=\"yoast-schema-graph\">{\"@context\":\"https:\/\/schema.org\",\"@graph\":[{\"@type\":\"WebPage\",\"@id\":\"https:\/\/enjoycatalonia.com\/ca\/tours\/4-dies-a-sevilla-cadis-ronda-i-pobles-blancs-setenil-i-zahara-la-sierra\/\",\"url\":\"https:\/\/enjoycatalonia.com\/ca\/tours\/4-dies-a-sevilla-cadis-ronda-i-pobles-blancs-setenil-i-zahara-la-sierra\/\",\"name\":\"4 dies a Sevilla, Cadis, Ronda i pobles blancs (Setenil i Zahara la Sierra) - Enjoy Catalonia\",\"isPartOf\":{\"@id\":\"https:\/\/enjoycatalonia.com\/ca\/#website\"},\"primaryImageOfPage\":{\"@id\":\"https:\/\/enjoycatalonia.com\/ca\/tours\/4-dies-a-sevilla-cadis-ronda-i-pobles-blancs-setenil-i-zahara-la-sierra\/#primaryimage\"},\"image\":{\"@id\":\"https:\/\/enjoycatalonia.com\/ca\/tours\/4-dies-a-sevilla-cadis-ronda-i-pobles-blancs-setenil-i-zahara-la-sierra\/#primaryimage\"},\"thumbnailUrl\":\"https:\/\/enjoycatalonia.com\/wp-content\/uploads\/2026\/02\/SEV023_RONDA.jpg\",\"datePublished\":\"2026-02-06T10:09:45+00:00\",\"dateModified\":\"2026-03-03T09:36:53+00:00\",\"breadcrumb\":{\"@id\":\"https:\/\/enjoycatalonia.com\/ca\/tours\/4-dies-a-sevilla-cadis-ronda-i-pobles-blancs-setenil-i-zahara-la-sierra\/#breadcrumb\"},\"inLanguage\":\"ca\",\"potentialAction\":[{\"@type\":\"ReadAction\",\"target\":[\"https:\/\/enjoycatalonia.com\/ca\/tours\/4-dies-a-sevilla-cadis-ronda-i-pobles-blancs-setenil-i-zahara-la-sierra\/\"]}]},{\"@type\":\"ImageObject\",\"inLanguage\":\"ca\",\"@id\":\"https:\/\/enjoycatalonia.com\/ca\/tours\/4-dies-a-sevilla-cadis-ronda-i-pobles-blancs-setenil-i-zahara-la-sierra\/#primaryimage\",\"url\":\"https:\/\/enjoycatalonia.com\/wp-content\/uploads\/2026\/02\/SEV023_RONDA.jpg\",\"contentUrl\":\"https:\/\/enjoycatalonia.com\/wp-content\/uploads\/2026\/02\/SEV023_RONDA.jpg\",\"width\":1500,\"height\":945},{\"@type\":\"BreadcrumbList\",\"@id\":\"https:\/\/enjoycatalonia.com\/ca\/tours\/4-dies-a-sevilla-cadis-ronda-i-pobles-blancs-setenil-i-zahara-la-sierra\/#breadcrumb\",\"itemListElement\":[{\"@type\":\"ListItem\",\"position\":1,\"name\":\"Portada\",\"item\":\"https:\/\/enjoycatalonia.com\/ca\/\"},{\"@type\":\"ListItem\",\"position\":2,\"name\":\"Botiga\",\"item\":\"https:\/\/enjoycatalonia.com\/tienda\/\"},{\"@type\":\"ListItem\",\"position\":3,\"name\":\"4 dies a Sevilla, Cadis, Ronda i pobles blancs (Setenil i Zahara la Sierra)\"}]},{\"@type\":\"WebSite\",\"@id\":\"https:\/\/enjoycatalonia.com\/ca\/#website\",\"url\":\"https:\/\/enjoycatalonia.com\/ca\/\",\"name\":\"Enjoy Catalonia\",\"description\":\"\",\"potentialAction\":[{\"@type\":\"SearchAction\",\"target\":{\"@type\":\"EntryPoint\",\"urlTemplate\":\"https:\/\/enjoycatalonia.com\/ca\/?s={search_term_string}\"},\"query-input\":{\"@type\":\"PropertyValueSpecification\",\"valueRequired\":true,\"valueName\":\"search_term_string\"}}],\"inLanguage\":\"ca\"}]}<\/script>\n<!-- \/ Yoast SEO plugin. -->","yoast_head_json":{"title":"4 dies a Sevilla, Cadis, Ronda i pobles blancs (Setenil i Zahara la Sierra) - Enjoy Catalonia","robots":{"index":"index","follow":"follow","max-snippet":"max-snippet:-1","max-image-preview":"max-image-preview:large","max-video-preview":"max-video-preview:-1"},"canonical":"https:\/\/enjoycatalonia.com\/ca\/tours\/4-dies-a-sevilla-cadis-ronda-i-pobles-blancs-setenil-i-zahara-la-sierra\/","og_locale":"ca_ES","og_type":"article","og_title":"4 dies a Sevilla, Cadis, Ronda i pobles blancs (Setenil i Zahara la Sierra) - Enjoy Catalonia","og_description":"Gaudeix d&#8217;Andalusia amb un espectacular viatge de 4 dies a Ave des de Barcelona a Sevilla, Cadis i tres dels pobles blancs m\u00e9s bonics de la regi\u00f3: Zahara de la Serra , Setenil dels Cellers i la m\u00edtica Ronda . &#8211; Gaudeix de Sevilla, una de les ciutats m\u00e9s boniques d&#8217;Europa A la riba del [&hellip;]","og_url":"https:\/\/enjoycatalonia.com\/ca\/tours\/4-dies-a-sevilla-cadis-ronda-i-pobles-blancs-setenil-i-zahara-la-sierra\/","og_site_name":"Enjoy Catalonia","article_modified_time":"2026-03-03T09:36:53+00:00","og_image":[{"width":1500,"height":945,"url":"https:\/\/enjoycatalonia.com\/wp-content\/uploads\/2026\/02\/SEV023_RONDA.jpg","type":"image\/jpeg"}],"twitter_card":"summary_large_image","twitter_misc":{"Temps estimat de lectura":"4 minuts"},"schema":{"@context":"https:\/\/schema.org","@graph":[{"@type":"WebPage","@id":"https:\/\/enjoycatalonia.com\/ca\/tours\/4-dies-a-sevilla-cadis-ronda-i-pobles-blancs-setenil-i-zahara-la-sierra\/","url":"https:\/\/enjoycatalonia.com\/ca\/tours\/4-dies-a-sevilla-cadis-ronda-i-pobles-blancs-setenil-i-zahara-la-sierra\/","name":"4 dies a Sevilla, Cadis, Ronda i pobles blancs (Setenil i Zahara la Sierra) - Enjoy Catalonia","isPartOf":{"@id":"https:\/\/enjoycatalonia.com\/ca\/#website"},"primaryImageOfPage":{"@id":"https:\/\/enjoycatalonia.com\/ca\/tours\/4-dies-a-sevilla-cadis-ronda-i-pobles-blancs-setenil-i-zahara-la-sierra\/#primaryimage"},"image":{"@id":"https:\/\/enjoycatalonia.com\/ca\/tours\/4-dies-a-sevilla-cadis-ronda-i-pobles-blancs-setenil-i-zahara-la-sierra\/#primaryimage"},"thumbnailUrl":"https:\/\/enjoycatalonia.com\/wp-content\/uploads\/2026\/02\/SEV023_RONDA.jpg","datePublished":"2026-02-06T10:09:45+00:00","dateModified":"2026-03-03T09:36:53+00:00","breadcrumb":{"@id":"https:\/\/enjoycatalonia.com\/ca\/tours\/4-dies-a-sevilla-cadis-ronda-i-pobles-blancs-setenil-i-zahara-la-sierra\/#breadcrumb"},"inLanguage":"ca","potentialAction":[{"@type":"ReadAction","target":["https:\/\/enjoycatalonia.com\/ca\/tours\/4-dies-a-sevilla-cadis-ronda-i-pobles-blancs-setenil-i-zahara-la-sierra\/"]}]},{"@type":"ImageObject","inLanguage":"ca","@id":"https:\/\/enjoycatalonia.com\/ca\/tours\/4-dies-a-sevilla-cadis-ronda-i-pobles-blancs-setenil-i-zahara-la-sierra\/#primaryimage","url":"https:\/\/enjoycatalonia.com\/wp-content\/uploads\/2026\/02\/SEV023_RONDA.jpg","contentUrl":"https:\/\/enjoycatalonia.com\/wp-content\/uploads\/2026\/02\/SEV023_RONDA.jpg","width":1500,"height":945},{"@type":"BreadcrumbList","@id":"https:\/\/enjoycatalonia.com\/ca\/tours\/4-dies-a-sevilla-cadis-ronda-i-pobles-blancs-setenil-i-zahara-la-sierra\/#breadcrumb","itemListElement":[{"@type":"ListItem","position":1,"name":"Portada","item":"https:\/\/enjoycatalonia.com\/ca\/"},{"@type":"ListItem","position":2,"name":"Botiga","item":"https:\/\/enjoycatalonia.com\/tienda\/"},{"@type":"ListItem","position":3,"name":"4 dies a Sevilla, Cadis, Ronda i pobles blancs (Setenil i Zahara la Sierra)"}]},{"@type":"WebSite","@id":"https:\/\/enjoycatalonia.com\/ca\/#website","url":"https:\/\/enjoycatalonia.com\/ca\/","name":"Enjoy Catalonia","description":"","potentialAction":[{"@type":"SearchAction","target":{"@type":"EntryPoint","urlTemplate":"https:\/\/enjoycatalonia.com\/ca\/?s={search_term_string}"},"query-input":{"@type":"PropertyValueSpecification","valueRequired":true,"valueName":"search_term_string"}}],"inLanguage":"ca"}]}},"_links":{"self":[{"href":"https:\/\/enjoycatalonia.com\/ca\/wp-json\/wp\/v2\/product\/3406","targetHints":{"allow":["GET"]}}],"collection":[{"href":"https:\/\/enjoycatalonia.com\/ca\/wp-json\/wp\/v2\/product"}],"about":[{"href":"https:\/\/enjoycatalonia.com\/ca\/wp-json\/wp\/v2\/types\/product"}],"wp:featuredmedia":[{"embeddable":true,"href":"https:\/\/enjoycatalonia.com\/ca\/wp-json\/wp\/v2\/media\/3408"}],"wp:attachment":[{"href":"https:\/\/enjoycatalonia.com\/ca\/wp-json\/wp\/v2\/media?parent=3406"}],"wp:term":[{"taxonomy":"product_brand","embeddable":true,"href":"https:\/\/enjoycatalonia.com\/ca\/wp-json\/wp\/v2\/product_brand?post=3406"},{"taxonomy":"product_cat","embeddable":true,"href":"https:\/\/enjoycatalonia.com\/ca\/wp-json\/wp\/v2\/product_cat?post=3406"},{"taxonomy":"product_tag","embeddable":true,"href":"https:\/\/enjoycatalonia.com\/ca\/wp-json\/wp\/v2\/product_tag?post=3406"}],"curies":[{"name":"wp","href":"https:\/\/api.w.org\/{rel}","templated":true}]}}