{"id":3421,"date":"2026-02-06T10:11:27","date_gmt":"2026-02-06T09:11:27","guid":{"rendered":"https:\/\/enjoycatalonia.com\/tours\/cap-de-setmana-al-matarranya-la-toscana-aragonesa-excursio-al-parrizal\/"},"modified":"2026-03-03T10:49:22","modified_gmt":"2026-03-03T09:49:22","slug":"cap-de-setmana-al-matarranya-la-toscana-aragonesa-excursio-al-parrizal","status":"publish","type":"product","link":"https:\/\/enjoycatalonia.com\/ca\/tours\/cap-de-setmana-al-matarranya-la-toscana-aragonesa-excursio-al-parrizal\/","title":{"rendered":"Cap de setmana al Matarranya, la Toscana aragonesa + excursi\u00f3 al Parrizal"},"content":{"rendered":"<p style=\"text-align: justify;\"><span class=\"HwtZe\" lang=\"en\">La comarca del <strong>Matarranya<\/strong> , a Terol, \u00e9s una d&#8217;aquelles regions que reuneix tots els elements que solem associar amb la buc\u00f2lica vida de camp: tranquil\u00b7litat, turons suaus, ramats d&#8217;ovelles, olor d&#8217;herba, oliveres, vinyes, encantadors pobles medievals, rius d&#8217;aig\u00fces cristal\u00b7lines, bon menjar casol\u00e0\u2026<\/span><\/p>\n<p style=\"text-align: justify;\"><strong>Descobreix els pobles m\u00e9s encantadors de la comarca<\/strong><\/p>\n<p style=\"text-align: justify;\">Durant el cap de setmana llarg, visitarem i gaudir de la bella <strong>Valderrobres<\/strong> (Vall-de-Roures), la capital: als carrerons i costes del seu bonic nucli antic, que mira al riu que d\u00f3na nom a la comarca, s&#8217;alcen meravelles monumentals com el castell, l&#8217;esgl\u00e9sia de Santa Maria la Major o l&#8217;Ajuntament, reprodu\u00eft al Poble Espanyol de Barcelona; <strong>La Fresneda<\/strong> (Freixneda), preci\u00f3s conjunt monumental i un dels conjunts arquitect\u00f2nics m\u00e9s harmoniosos i bells de tot Arag\u00f3; <strong>Calaceit<\/strong> (Calaceit), el Cadaqu\u00e9s de &#8220;terra endins&#8221;, \u00e9s un altre bell conjunt urb\u00e0 i refugi d&#8217;artistes i escriptors, amb bells carrers, edificis senyorials, pla\u00e7a porxades, fa\u00e7anes renaixentistes, esgl\u00e9sia barroca,; <strong>Beceit<\/strong> (Beseit), als peus del port de Beceite, alberga un gran casc hist\u00f2ric d&#8217;origen \u00e0rab que va ser declarat B\u00e9 d&#8217;Inter\u00e8s Cultural pel Govern d&#8217;Arag\u00f3 i on destaquen sobretot la seva Pla\u00e7a Major, els Portals del casal de l&#8217;ajuntament, el Portal del carrer Llanacuenta, el portal-ermita de Sant Roc, l&#8217;ermita de Santa.<\/p>\n<p style=\"text-align: justify;\">Ens allotgem i sopem en un confortable hotel (el seu restaurant \u00e9s un dels millors de la comarca catalana de la Terra Alta) situat a <strong>Horta de Sant Joan<\/strong> , un dels pobles m\u00e9s encantadors del sud de Catalunya.<\/p>\n<p style=\"text-align: justify;\"><strong>Gaudeix d&#8217;una bonica i f\u00e0cil caminada per les passarel\u00b7les del Parrizal de Beceite, un parad\u00eds d&#8217;aig\u00fces cristal\u00b7lines a Terol<\/strong><\/p>\n<p style=\"text-align: justify;\">En aquesta ocasi\u00f3, tindrem l&#8217;oportunitat de gaudir d&#8217;una de les caminades m\u00e9s boniques que es poden fer a la prov\u00edncia de Terol. Un recorregut f\u00e0cil de tan sols 6km (2-3hores) on podr\u00e0s gaudir de les aig\u00fces cristal\u00b7lines del riu Matarranya.<\/p>\n<p style=\"text-align: justify;\"><strong>Principals atractius de l&#8217;escapada:<\/strong><br \/>\n1- Descobrir <strong>el Matarranya<\/strong> , una de les comarques m\u00e9s boniques d&#8217;Arag\u00f3<br \/>\n2- Caminar i gaudir del <strong>Parrizal<\/strong> , un parad\u00eds natural entre altes muntanyes i un riu d&#8217;aig\u00fces cristal\u00b7lines<br \/>\n3- Passejar per <strong>V<\/strong> <b>alderrobres<\/b> , <strong>Cretes<\/strong> , <strong>La Fresneda<\/strong> , <strong>Calaceit,<\/strong> <strong>Beceit<\/strong> i <strong>Horta de Sant Joan<\/strong><br \/>\n4- Aproximar-nos a la hist\u00f2ria de Terol i Arag\u00f3<\/p>\n<p style=\"text-align: justify;\">5- Gaudir de dos excel\u00b7lents restaurants de cuina tradicional: el sopar a l&#8217;hotel d&#8217;Horta de Sant Joan i el dinar de diumenge a Valderrobres<\/p>\n","protected":false},"excerpt":{"rendered":"<p>La comarca del Matarranya , a Terol, \u00e9s una d&#8217;aquelles regions que reuneix tots els elements que solem associar amb la buc\u00f2lica vida de camp: tranquil\u00b7litat, turons suaus, ramats d&#8217;ovelles, olor d&#8217;herba, oliveres, vinyes, encantadors pobles medievals, rius d&#8217;aig\u00fces cristal\u00b7lines, bon menjar casol\u00e0\u2026 Descobreix els pobles m\u00e9s encantadors de la comarca Durant el cap de [&hellip;]<\/p>\n","protected":false},"featured_media":3404,"template":"","meta":{"_acf_changed":false},"product_brand":[],"product_cat":[62],"product_tag":[],"class_list":{"0":"post-3421","1":"product","2":"type-product","3":"status-publish","4":"has-post-thumbnail","6":"product_cat-viatges-passats","7":"tm-has-options","9":"first","10":"instock","11":"shipping-taxable","12":"product-type-simple"},"acf":[],"yoast_head":"<!-- This site is optimized with the Yoast SEO plugin v27.2 - https:\/\/yoast.com\/product\/yoast-seo-wordpress\/ -->\n<title>Cap de setmana al Matarranya, la Toscana aragonesa + excursi\u00f3 al Parrizal - Enjoy Catalonia<\/title>\n<meta name=\"robots\" content=\"index, follow, max-snippet:-1, max-image-preview:large, max-video-preview:-1\" \/>\n<link rel=\"canonical\" href=\"https:\/\/enjoycatalonia.com\/ca\/tours\/cap-de-setmana-al-matarranya-la-toscana-aragonesa-excursio-al-parrizal\/\" \/>\n<meta property=\"og:locale\" content=\"ca_ES\" \/>\n<meta property=\"og:type\" content=\"article\" \/>\n<meta property=\"og:title\" content=\"Cap de setmana al Matarranya, la Toscana aragonesa + excursi\u00f3 al Parrizal - Enjoy Catalonia\" \/>\n<meta property=\"og:description\" content=\"La comarca del Matarranya , a Terol, \u00e9s una d&#8217;aquelles regions que reuneix tots els elements que solem associar amb la buc\u00f2lica vida de camp: tranquil\u00b7litat, turons suaus, ramats d&#8217;ovelles, olor d&#8217;herba, oliveres, vinyes, encantadors pobles medievals, rius d&#8217;aig\u00fces cristal\u00b7lines, bon menjar casol\u00e0\u2026 Descobreix els pobles m\u00e9s encantadors de la comarca Durant el cap de [&hellip;]\" \/>\n<meta property=\"og:url\" content=\"https:\/\/enjoycatalonia.com\/ca\/tours\/cap-de-setmana-al-matarranya-la-toscana-aragonesa-excursio-al-parrizal\/\" \/>\n<meta property=\"og:site_name\" content=\"Enjoy Catalonia\" \/>\n<meta property=\"article:modified_time\" content=\"2026-03-03T09:49:22+00:00\" \/>\n<meta property=\"og:image\" content=\"https:\/\/enjoycatalonia.com\/wp-content\/uploads\/2026\/02\/shutterstock_1818753254-1.jpg\" \/>\n\t<meta property=\"og:image:width\" content=\"1500\" \/>\n\t<meta property=\"og:image:height\" content=\"923\" \/>\n\t<meta property=\"og:image:type\" content=\"image\/jpeg\" \/>\n<meta name=\"twitter:card\" content=\"summary_large_image\" \/>\n<meta name=\"twitter:label1\" content=\"Temps estimat de lectura\" \/>\n\t<meta name=\"twitter:data1\" content=\"2 minuts\" \/>\n<script type=\"application\/ld+json\" class=\"yoast-schema-graph\">{\"@context\":\"https:\/\/schema.org\",\"@graph\":[{\"@type\":\"WebPage\",\"@id\":\"https:\/\/enjoycatalonia.com\/ca\/tours\/cap-de-setmana-al-matarranya-la-toscana-aragonesa-excursio-al-parrizal\/\",\"url\":\"https:\/\/enjoycatalonia.com\/ca\/tours\/cap-de-setmana-al-matarranya-la-toscana-aragonesa-excursio-al-parrizal\/\",\"name\":\"Cap de setmana al Matarranya, la Toscana aragonesa + excursi\u00f3 al Parrizal - Enjoy Catalonia\",\"isPartOf\":{\"@id\":\"https:\/\/enjoycatalonia.com\/ca\/#website\"},\"primaryImageOfPage\":{\"@id\":\"https:\/\/enjoycatalonia.com\/ca\/tours\/cap-de-setmana-al-matarranya-la-toscana-aragonesa-excursio-al-parrizal\/#primaryimage\"},\"image\":{\"@id\":\"https:\/\/enjoycatalonia.com\/ca\/tours\/cap-de-setmana-al-matarranya-la-toscana-aragonesa-excursio-al-parrizal\/#primaryimage\"},\"thumbnailUrl\":\"https:\/\/enjoycatalonia.com\/wp-content\/uploads\/2026\/02\/shutterstock_1818753254-1.jpg\",\"datePublished\":\"2026-02-06T09:11:27+00:00\",\"dateModified\":\"2026-03-03T09:49:22+00:00\",\"breadcrumb\":{\"@id\":\"https:\/\/enjoycatalonia.com\/ca\/tours\/cap-de-setmana-al-matarranya-la-toscana-aragonesa-excursio-al-parrizal\/#breadcrumb\"},\"inLanguage\":\"ca\",\"potentialAction\":[{\"@type\":\"ReadAction\",\"target\":[\"https:\/\/enjoycatalonia.com\/ca\/tours\/cap-de-setmana-al-matarranya-la-toscana-aragonesa-excursio-al-parrizal\/\"]}]},{\"@type\":\"ImageObject\",\"inLanguage\":\"ca\",\"@id\":\"https:\/\/enjoycatalonia.com\/ca\/tours\/cap-de-setmana-al-matarranya-la-toscana-aragonesa-excursio-al-parrizal\/#primaryimage\",\"url\":\"https:\/\/enjoycatalonia.com\/wp-content\/uploads\/2026\/02\/shutterstock_1818753254-1.jpg\",\"contentUrl\":\"https:\/\/enjoycatalonia.com\/wp-content\/uploads\/2026\/02\/shutterstock_1818753254-1.jpg\",\"width\":1500,\"height\":923},{\"@type\":\"BreadcrumbList\",\"@id\":\"https:\/\/enjoycatalonia.com\/ca\/tours\/cap-de-setmana-al-matarranya-la-toscana-aragonesa-excursio-al-parrizal\/#breadcrumb\",\"itemListElement\":[{\"@type\":\"ListItem\",\"position\":1,\"name\":\"Portada\",\"item\":\"https:\/\/enjoycatalonia.com\/ca\/\"},{\"@type\":\"ListItem\",\"position\":2,\"name\":\"Botiga\",\"item\":\"https:\/\/enjoycatalonia.com\/tienda\/\"},{\"@type\":\"ListItem\",\"position\":3,\"name\":\"Cap de setmana al Matarranya, la Toscana aragonesa + excursi\u00f3 al Parrizal\"}]},{\"@type\":\"WebSite\",\"@id\":\"https:\/\/enjoycatalonia.com\/ca\/#website\",\"url\":\"https:\/\/enjoycatalonia.com\/ca\/\",\"name\":\"Enjoy Catalonia\",\"description\":\"\",\"potentialAction\":[{\"@type\":\"SearchAction\",\"target\":{\"@type\":\"EntryPoint\",\"urlTemplate\":\"https:\/\/enjoycatalonia.com\/ca\/?s={search_term_string}\"},\"query-input\":{\"@type\":\"PropertyValueSpecification\",\"valueRequired\":true,\"valueName\":\"search_term_string\"}}],\"inLanguage\":\"ca\"}]}<\/script>\n<!-- \/ Yoast SEO plugin. -->","yoast_head_json":{"title":"Cap de setmana al Matarranya, la Toscana aragonesa + excursi\u00f3 al Parrizal - Enjoy Catalonia","robots":{"index":"index","follow":"follow","max-snippet":"max-snippet:-1","max-image-preview":"max-image-preview:large","max-video-preview":"max-video-preview:-1"},"canonical":"https:\/\/enjoycatalonia.com\/ca\/tours\/cap-de-setmana-al-matarranya-la-toscana-aragonesa-excursio-al-parrizal\/","og_locale":"ca_ES","og_type":"article","og_title":"Cap de setmana al Matarranya, la Toscana aragonesa + excursi\u00f3 al Parrizal - Enjoy Catalonia","og_description":"La comarca del Matarranya , a Terol, \u00e9s una d&#8217;aquelles regions que reuneix tots els elements que solem associar amb la buc\u00f2lica vida de camp: tranquil\u00b7litat, turons suaus, ramats d&#8217;ovelles, olor d&#8217;herba, oliveres, vinyes, encantadors pobles medievals, rius d&#8217;aig\u00fces cristal\u00b7lines, bon menjar casol\u00e0\u2026 Descobreix els pobles m\u00e9s encantadors de la comarca Durant el cap de [&hellip;]","og_url":"https:\/\/enjoycatalonia.com\/ca\/tours\/cap-de-setmana-al-matarranya-la-toscana-aragonesa-excursio-al-parrizal\/","og_site_name":"Enjoy Catalonia","article_modified_time":"2026-03-03T09:49:22+00:00","og_image":[{"width":1500,"height":923,"url":"https:\/\/enjoycatalonia.com\/wp-content\/uploads\/2026\/02\/shutterstock_1818753254-1.jpg","type":"image\/jpeg"}],"twitter_card":"summary_large_image","twitter_misc":{"Temps estimat de lectura":"2 minuts"},"schema":{"@context":"https:\/\/schema.org","@graph":[{"@type":"WebPage","@id":"https:\/\/enjoycatalonia.com\/ca\/tours\/cap-de-setmana-al-matarranya-la-toscana-aragonesa-excursio-al-parrizal\/","url":"https:\/\/enjoycatalonia.com\/ca\/tours\/cap-de-setmana-al-matarranya-la-toscana-aragonesa-excursio-al-parrizal\/","name":"Cap de setmana al Matarranya, la Toscana aragonesa + excursi\u00f3 al Parrizal - Enjoy Catalonia","isPartOf":{"@id":"https:\/\/enjoycatalonia.com\/ca\/#website"},"primaryImageOfPage":{"@id":"https:\/\/enjoycatalonia.com\/ca\/tours\/cap-de-setmana-al-matarranya-la-toscana-aragonesa-excursio-al-parrizal\/#primaryimage"},"image":{"@id":"https:\/\/enjoycatalonia.com\/ca\/tours\/cap-de-setmana-al-matarranya-la-toscana-aragonesa-excursio-al-parrizal\/#primaryimage"},"thumbnailUrl":"https:\/\/enjoycatalonia.com\/wp-content\/uploads\/2026\/02\/shutterstock_1818753254-1.jpg","datePublished":"2026-02-06T09:11:27+00:00","dateModified":"2026-03-03T09:49:22+00:00","breadcrumb":{"@id":"https:\/\/enjoycatalonia.com\/ca\/tours\/cap-de-setmana-al-matarranya-la-toscana-aragonesa-excursio-al-parrizal\/#breadcrumb"},"inLanguage":"ca","potentialAction":[{"@type":"ReadAction","target":["https:\/\/enjoycatalonia.com\/ca\/tours\/cap-de-setmana-al-matarranya-la-toscana-aragonesa-excursio-al-parrizal\/"]}]},{"@type":"ImageObject","inLanguage":"ca","@id":"https:\/\/enjoycatalonia.com\/ca\/tours\/cap-de-setmana-al-matarranya-la-toscana-aragonesa-excursio-al-parrizal\/#primaryimage","url":"https:\/\/enjoycatalonia.com\/wp-content\/uploads\/2026\/02\/shutterstock_1818753254-1.jpg","contentUrl":"https:\/\/enjoycatalonia.com\/wp-content\/uploads\/2026\/02\/shutterstock_1818753254-1.jpg","width":1500,"height":923},{"@type":"BreadcrumbList","@id":"https:\/\/enjoycatalonia.com\/ca\/tours\/cap-de-setmana-al-matarranya-la-toscana-aragonesa-excursio-al-parrizal\/#breadcrumb","itemListElement":[{"@type":"ListItem","position":1,"name":"Portada","item":"https:\/\/enjoycatalonia.com\/ca\/"},{"@type":"ListItem","position":2,"name":"Botiga","item":"https:\/\/enjoycatalonia.com\/tienda\/"},{"@type":"ListItem","position":3,"name":"Cap de setmana al Matarranya, la Toscana aragonesa + excursi\u00f3 al Parrizal"}]},{"@type":"WebSite","@id":"https:\/\/enjoycatalonia.com\/ca\/#website","url":"https:\/\/enjoycatalonia.com\/ca\/","name":"Enjoy Catalonia","description":"","potentialAction":[{"@type":"SearchAction","target":{"@type":"EntryPoint","urlTemplate":"https:\/\/enjoycatalonia.com\/ca\/?s={search_term_string}"},"query-input":{"@type":"PropertyValueSpecification","valueRequired":true,"valueName":"search_term_string"}}],"inLanguage":"ca"}]}},"_links":{"self":[{"href":"https:\/\/enjoycatalonia.com\/ca\/wp-json\/wp\/v2\/product\/3421","targetHints":{"allow":["GET"]}}],"collection":[{"href":"https:\/\/enjoycatalonia.com\/ca\/wp-json\/wp\/v2\/product"}],"about":[{"href":"https:\/\/enjoycatalonia.com\/ca\/wp-json\/wp\/v2\/types\/product"}],"wp:featuredmedia":[{"embeddable":true,"href":"https:\/\/enjoycatalonia.com\/ca\/wp-json\/wp\/v2\/media\/3404"}],"wp:attachment":[{"href":"https:\/\/enjoycatalonia.com\/ca\/wp-json\/wp\/v2\/media?parent=3421"}],"wp:term":[{"taxonomy":"product_brand","embeddable":true,"href":"https:\/\/enjoycatalonia.com\/ca\/wp-json\/wp\/v2\/product_brand?post=3421"},{"taxonomy":"product_cat","embeddable":true,"href":"https:\/\/enjoycatalonia.com\/ca\/wp-json\/wp\/v2\/product_cat?post=3421"},{"taxonomy":"product_tag","embeddable":true,"href":"https:\/\/enjoycatalonia.com\/ca\/wp-json\/wp\/v2\/product_tag?post=3421"}],"curies":[{"name":"wp","href":"https:\/\/api.w.org\/{rel}","templated":true}]}}