{"id":3442,"date":"2026-02-05T11:38:55","date_gmt":"2026-02-05T10:38:55","guid":{"rendered":"https:\/\/enjoycatalonia.com\/tours\/cap-de-setmana-al-pirineu-oriental-vall-de-nuria-el-niu-de-laliga-santuari-de-queralt-i-la-cerdanya\/"},"modified":"2026-02-27T11:44:39","modified_gmt":"2026-02-27T10:44:39","slug":"cap-de-setmana-al-pirineu-oriental-vall-de-nuria-el-niu-de-laliga-santuari-de-queralt-i-la-cerdanya","status":"publish","type":"product","link":"https:\/\/enjoycatalonia.com\/ca\/tours\/cap-de-setmana-al-pirineu-oriental-vall-de-nuria-el-niu-de-laliga-santuari-de-queralt-i-la-cerdanya\/","title":{"rendered":"Cap de setmana al Pirineu Oriental: vall de N\u00faria, el Niu de l&#8217;\u00c0liga, santuari de Queralt i la Cerdanya"},"content":{"rendered":"<p style=\"text-align: justify;\">Gaudeix d&#8217;un <strong>cap de setmana molt complet a les altes muntanyes del Pirineu Oriental<\/strong> (a les comarques de la Cerdanya i el Ripoll\u00e8s) per gaudir de <strong>la Vall de N\u00faria i el Pic de l&#8217;\u00c0liga<\/strong> ; pujar amb <strong>telecabina<\/strong> fins al refugi del <strong><em>Niu de l&#8217;Aliga,<\/em><\/strong> el m\u00e9s alt de Catalunya, per contemplar una de les millors panor\u00e0miques del Pirineu catal\u00e0; visitar <strong>Queralbs<\/strong> i <strong>Planoles<\/strong> , dos bells i pintorescos pobles de muntanya; visitar Puigcerd\u00e0 i gaudir del seu bell llac. Tamb\u00e9 visitarem el <strong>santuari de Queralt<\/strong> , conegut com el balc\u00f3 de Catalunya per les seves magn\u00edfiques vistes.<\/p>\n<p style=\"text-align: justify;\">Ens vam allotjar en un hotel amb piscina de <strong>La Masella<\/strong> en r\u00e8gim de mitja pensi\u00f3 (esmorzar i sopar) i sempre acompanyats per un guia oficial bon coneixedor de la zona.<\/p>\n<p><strong>Un cap de setmana ideal per relaxar-vos, reconnectar amb la natura i gaudir de l&#8217;estiu lluny de la platja i les aglomeracions. <\/strong><\/p>\n","protected":false},"excerpt":{"rendered":"<p>Gaudeix d&#8217;un cap de setmana molt complet a les altes muntanyes del Pirineu Oriental (a les comarques de la Cerdanya i el Ripoll\u00e8s) per gaudir de la Vall de N\u00faria i el Pic de l&#8217;\u00c0liga ; pujar amb telecabina fins al refugi del Niu de l&#8217;Aliga, el m\u00e9s alt de Catalunya, per contemplar una de [&hellip;]<\/p>\n","protected":false},"featured_media":3445,"template":"","meta":{"_acf_changed":false},"product_brand":[],"product_cat":[62],"product_tag":[],"class_list":{"0":"post-3442","1":"product","2":"type-product","3":"status-publish","4":"has-post-thumbnail","6":"product_cat-viatges-passats","7":"tm-has-options","9":"first","10":"instock","11":"shipping-taxable","12":"product-type-simple"},"acf":[],"yoast_head":"<!-- This site is optimized with the Yoast SEO plugin v27.2 - https:\/\/yoast.com\/product\/yoast-seo-wordpress\/ -->\n<title>Cap de setmana al Pirineu Oriental: vall de N\u00faria, el Niu de l&#039;\u00c0liga, santuari de Queralt i la Cerdanya - Enjoy Catalonia<\/title>\n<meta name=\"robots\" content=\"index, follow, max-snippet:-1, max-image-preview:large, max-video-preview:-1\" \/>\n<link rel=\"canonical\" href=\"https:\/\/enjoycatalonia.com\/ca\/tours\/cap-de-setmana-al-pirineu-oriental-vall-de-nuria-el-niu-de-laliga-santuari-de-queralt-i-la-cerdanya\/\" \/>\n<meta property=\"og:locale\" content=\"ca_ES\" \/>\n<meta property=\"og:type\" content=\"article\" \/>\n<meta property=\"og:title\" content=\"Cap de setmana al Pirineu Oriental: vall de N\u00faria, el Niu de l&#039;\u00c0liga, santuari de Queralt i la Cerdanya - Enjoy Catalonia\" \/>\n<meta property=\"og:description\" content=\"Gaudeix d&#8217;un cap de setmana molt complet a les altes muntanyes del Pirineu Oriental (a les comarques de la Cerdanya i el Ripoll\u00e8s) per gaudir de la Vall de N\u00faria i el Pic de l&#8217;\u00c0liga ; pujar amb telecabina fins al refugi del Niu de l&#8217;Aliga, el m\u00e9s alt de Catalunya, per contemplar una de [&hellip;]\" \/>\n<meta property=\"og:url\" content=\"https:\/\/enjoycatalonia.com\/ca\/tours\/cap-de-setmana-al-pirineu-oriental-vall-de-nuria-el-niu-de-laliga-santuari-de-queralt-i-la-cerdanya\/\" \/>\n<meta property=\"og:site_name\" content=\"Enjoy Catalonia\" \/>\n<meta property=\"article:modified_time\" content=\"2026-02-27T10:44:39+00:00\" \/>\n<meta property=\"og:image\" content=\"https:\/\/enjoycatalonia.com\/wp-content\/uploads\/2026\/02\/adobestock-237400136_a056ec93_250701141853_1200x630.jpg\" \/>\n\t<meta property=\"og:image:width\" content=\"1500\" \/>\n\t<meta property=\"og:image:height\" content=\"945\" \/>\n\t<meta property=\"og:image:type\" content=\"image\/jpeg\" \/>\n<meta name=\"twitter:card\" content=\"summary_large_image\" \/>\n<meta name=\"twitter:label1\" content=\"Temps estimat de lectura\" \/>\n\t<meta name=\"twitter:data1\" content=\"1 minut\" \/>\n<script type=\"application\/ld+json\" class=\"yoast-schema-graph\">{\"@context\":\"https:\/\/schema.org\",\"@graph\":[{\"@type\":\"WebPage\",\"@id\":\"https:\/\/enjoycatalonia.com\/ca\/tours\/cap-de-setmana-al-pirineu-oriental-vall-de-nuria-el-niu-de-laliga-santuari-de-queralt-i-la-cerdanya\/\",\"url\":\"https:\/\/enjoycatalonia.com\/ca\/tours\/cap-de-setmana-al-pirineu-oriental-vall-de-nuria-el-niu-de-laliga-santuari-de-queralt-i-la-cerdanya\/\",\"name\":\"Cap de setmana al Pirineu Oriental: vall de N\u00faria, el Niu de l'\u00c0liga, santuari de Queralt i la Cerdanya - Enjoy Catalonia\",\"isPartOf\":{\"@id\":\"https:\/\/enjoycatalonia.com\/ca\/#website\"},\"primaryImageOfPage\":{\"@id\":\"https:\/\/enjoycatalonia.com\/ca\/tours\/cap-de-setmana-al-pirineu-oriental-vall-de-nuria-el-niu-de-laliga-santuari-de-queralt-i-la-cerdanya\/#primaryimage\"},\"image\":{\"@id\":\"https:\/\/enjoycatalonia.com\/ca\/tours\/cap-de-setmana-al-pirineu-oriental-vall-de-nuria-el-niu-de-laliga-santuari-de-queralt-i-la-cerdanya\/#primaryimage\"},\"thumbnailUrl\":\"https:\/\/enjoycatalonia.com\/wp-content\/uploads\/2026\/02\/adobestock-237400136_a056ec93_250701141853_1200x630.jpg\",\"datePublished\":\"2026-02-05T10:38:55+00:00\",\"dateModified\":\"2026-02-27T10:44:39+00:00\",\"breadcrumb\":{\"@id\":\"https:\/\/enjoycatalonia.com\/ca\/tours\/cap-de-setmana-al-pirineu-oriental-vall-de-nuria-el-niu-de-laliga-santuari-de-queralt-i-la-cerdanya\/#breadcrumb\"},\"inLanguage\":\"ca\",\"potentialAction\":[{\"@type\":\"ReadAction\",\"target\":[\"https:\/\/enjoycatalonia.com\/ca\/tours\/cap-de-setmana-al-pirineu-oriental-vall-de-nuria-el-niu-de-laliga-santuari-de-queralt-i-la-cerdanya\/\"]}]},{\"@type\":\"ImageObject\",\"inLanguage\":\"ca\",\"@id\":\"https:\/\/enjoycatalonia.com\/ca\/tours\/cap-de-setmana-al-pirineu-oriental-vall-de-nuria-el-niu-de-laliga-santuari-de-queralt-i-la-cerdanya\/#primaryimage\",\"url\":\"https:\/\/enjoycatalonia.com\/wp-content\/uploads\/2026\/02\/adobestock-237400136_a056ec93_250701141853_1200x630.jpg\",\"contentUrl\":\"https:\/\/enjoycatalonia.com\/wp-content\/uploads\/2026\/02\/adobestock-237400136_a056ec93_250701141853_1200x630.jpg\",\"width\":1500,\"height\":945},{\"@type\":\"BreadcrumbList\",\"@id\":\"https:\/\/enjoycatalonia.com\/ca\/tours\/cap-de-setmana-al-pirineu-oriental-vall-de-nuria-el-niu-de-laliga-santuari-de-queralt-i-la-cerdanya\/#breadcrumb\",\"itemListElement\":[{\"@type\":\"ListItem\",\"position\":1,\"name\":\"Portada\",\"item\":\"https:\/\/enjoycatalonia.com\/ca\/\"},{\"@type\":\"ListItem\",\"position\":2,\"name\":\"Botiga\",\"item\":\"https:\/\/enjoycatalonia.com\/tienda\/\"},{\"@type\":\"ListItem\",\"position\":3,\"name\":\"Cap de setmana al Pirineu Oriental: vall de N\u00faria, el Niu de l&#8217;\u00c0liga, santuari de Queralt i la Cerdanya\"}]},{\"@type\":\"WebSite\",\"@id\":\"https:\/\/enjoycatalonia.com\/ca\/#website\",\"url\":\"https:\/\/enjoycatalonia.com\/ca\/\",\"name\":\"Enjoy Catalonia\",\"description\":\"\",\"potentialAction\":[{\"@type\":\"SearchAction\",\"target\":{\"@type\":\"EntryPoint\",\"urlTemplate\":\"https:\/\/enjoycatalonia.com\/ca\/?s={search_term_string}\"},\"query-input\":{\"@type\":\"PropertyValueSpecification\",\"valueRequired\":true,\"valueName\":\"search_term_string\"}}],\"inLanguage\":\"ca\"}]}<\/script>\n<!-- \/ Yoast SEO plugin. -->","yoast_head_json":{"title":"Cap de setmana al Pirineu Oriental: vall de N\u00faria, el Niu de l'\u00c0liga, santuari de Queralt i la Cerdanya - Enjoy Catalonia","robots":{"index":"index","follow":"follow","max-snippet":"max-snippet:-1","max-image-preview":"max-image-preview:large","max-video-preview":"max-video-preview:-1"},"canonical":"https:\/\/enjoycatalonia.com\/ca\/tours\/cap-de-setmana-al-pirineu-oriental-vall-de-nuria-el-niu-de-laliga-santuari-de-queralt-i-la-cerdanya\/","og_locale":"ca_ES","og_type":"article","og_title":"Cap de setmana al Pirineu Oriental: vall de N\u00faria, el Niu de l'\u00c0liga, santuari de Queralt i la Cerdanya - Enjoy Catalonia","og_description":"Gaudeix d&#8217;un cap de setmana molt complet a les altes muntanyes del Pirineu Oriental (a les comarques de la Cerdanya i el Ripoll\u00e8s) per gaudir de la Vall de N\u00faria i el Pic de l&#8217;\u00c0liga ; pujar amb telecabina fins al refugi del Niu de l&#8217;Aliga, el m\u00e9s alt de Catalunya, per contemplar una de [&hellip;]","og_url":"https:\/\/enjoycatalonia.com\/ca\/tours\/cap-de-setmana-al-pirineu-oriental-vall-de-nuria-el-niu-de-laliga-santuari-de-queralt-i-la-cerdanya\/","og_site_name":"Enjoy Catalonia","article_modified_time":"2026-02-27T10:44:39+00:00","og_image":[{"width":1500,"height":945,"url":"https:\/\/enjoycatalonia.com\/wp-content\/uploads\/2026\/02\/adobestock-237400136_a056ec93_250701141853_1200x630.jpg","type":"image\/jpeg"}],"twitter_card":"summary_large_image","twitter_misc":{"Temps estimat de lectura":"1 minut"},"schema":{"@context":"https:\/\/schema.org","@graph":[{"@type":"WebPage","@id":"https:\/\/enjoycatalonia.com\/ca\/tours\/cap-de-setmana-al-pirineu-oriental-vall-de-nuria-el-niu-de-laliga-santuari-de-queralt-i-la-cerdanya\/","url":"https:\/\/enjoycatalonia.com\/ca\/tours\/cap-de-setmana-al-pirineu-oriental-vall-de-nuria-el-niu-de-laliga-santuari-de-queralt-i-la-cerdanya\/","name":"Cap de setmana al Pirineu Oriental: vall de N\u00faria, el Niu de l'\u00c0liga, santuari de Queralt i la Cerdanya - Enjoy Catalonia","isPartOf":{"@id":"https:\/\/enjoycatalonia.com\/ca\/#website"},"primaryImageOfPage":{"@id":"https:\/\/enjoycatalonia.com\/ca\/tours\/cap-de-setmana-al-pirineu-oriental-vall-de-nuria-el-niu-de-laliga-santuari-de-queralt-i-la-cerdanya\/#primaryimage"},"image":{"@id":"https:\/\/enjoycatalonia.com\/ca\/tours\/cap-de-setmana-al-pirineu-oriental-vall-de-nuria-el-niu-de-laliga-santuari-de-queralt-i-la-cerdanya\/#primaryimage"},"thumbnailUrl":"https:\/\/enjoycatalonia.com\/wp-content\/uploads\/2026\/02\/adobestock-237400136_a056ec93_250701141853_1200x630.jpg","datePublished":"2026-02-05T10:38:55+00:00","dateModified":"2026-02-27T10:44:39+00:00","breadcrumb":{"@id":"https:\/\/enjoycatalonia.com\/ca\/tours\/cap-de-setmana-al-pirineu-oriental-vall-de-nuria-el-niu-de-laliga-santuari-de-queralt-i-la-cerdanya\/#breadcrumb"},"inLanguage":"ca","potentialAction":[{"@type":"ReadAction","target":["https:\/\/enjoycatalonia.com\/ca\/tours\/cap-de-setmana-al-pirineu-oriental-vall-de-nuria-el-niu-de-laliga-santuari-de-queralt-i-la-cerdanya\/"]}]},{"@type":"ImageObject","inLanguage":"ca","@id":"https:\/\/enjoycatalonia.com\/ca\/tours\/cap-de-setmana-al-pirineu-oriental-vall-de-nuria-el-niu-de-laliga-santuari-de-queralt-i-la-cerdanya\/#primaryimage","url":"https:\/\/enjoycatalonia.com\/wp-content\/uploads\/2026\/02\/adobestock-237400136_a056ec93_250701141853_1200x630.jpg","contentUrl":"https:\/\/enjoycatalonia.com\/wp-content\/uploads\/2026\/02\/adobestock-237400136_a056ec93_250701141853_1200x630.jpg","width":1500,"height":945},{"@type":"BreadcrumbList","@id":"https:\/\/enjoycatalonia.com\/ca\/tours\/cap-de-setmana-al-pirineu-oriental-vall-de-nuria-el-niu-de-laliga-santuari-de-queralt-i-la-cerdanya\/#breadcrumb","itemListElement":[{"@type":"ListItem","position":1,"name":"Portada","item":"https:\/\/enjoycatalonia.com\/ca\/"},{"@type":"ListItem","position":2,"name":"Botiga","item":"https:\/\/enjoycatalonia.com\/tienda\/"},{"@type":"ListItem","position":3,"name":"Cap de setmana al Pirineu Oriental: vall de N\u00faria, el Niu de l&#8217;\u00c0liga, santuari de Queralt i la Cerdanya"}]},{"@type":"WebSite","@id":"https:\/\/enjoycatalonia.com\/ca\/#website","url":"https:\/\/enjoycatalonia.com\/ca\/","name":"Enjoy Catalonia","description":"","potentialAction":[{"@type":"SearchAction","target":{"@type":"EntryPoint","urlTemplate":"https:\/\/enjoycatalonia.com\/ca\/?s={search_term_string}"},"query-input":{"@type":"PropertyValueSpecification","valueRequired":true,"valueName":"search_term_string"}}],"inLanguage":"ca"}]}},"_links":{"self":[{"href":"https:\/\/enjoycatalonia.com\/ca\/wp-json\/wp\/v2\/product\/3442","targetHints":{"allow":["GET"]}}],"collection":[{"href":"https:\/\/enjoycatalonia.com\/ca\/wp-json\/wp\/v2\/product"}],"about":[{"href":"https:\/\/enjoycatalonia.com\/ca\/wp-json\/wp\/v2\/types\/product"}],"wp:featuredmedia":[{"embeddable":true,"href":"https:\/\/enjoycatalonia.com\/ca\/wp-json\/wp\/v2\/media\/3445"}],"wp:attachment":[{"href":"https:\/\/enjoycatalonia.com\/ca\/wp-json\/wp\/v2\/media?parent=3442"}],"wp:term":[{"taxonomy":"product_brand","embeddable":true,"href":"https:\/\/enjoycatalonia.com\/ca\/wp-json\/wp\/v2\/product_brand?post=3442"},{"taxonomy":"product_cat","embeddable":true,"href":"https:\/\/enjoycatalonia.com\/ca\/wp-json\/wp\/v2\/product_cat?post=3442"},{"taxonomy":"product_tag","embeddable":true,"href":"https:\/\/enjoycatalonia.com\/ca\/wp-json\/wp\/v2\/product_tag?post=3442"}],"curies":[{"name":"wp","href":"https:\/\/api.w.org\/{rel}","templated":true}]}}