{"id":3447,"date":"2026-02-05T11:07:25","date_gmt":"2026-02-05T10:07:25","guid":{"rendered":"https:\/\/enjoycatalonia.com\/tours\/cap-de-setmana-a-la-vall-de-boi-ruta-del-romanic-passarelles-del-planell-daiguestortes-i-balneari\/"},"modified":"2026-03-03T11:04:23","modified_gmt":"2026-03-03T10:04:23","slug":"cap-de-setmana-a-la-vall-de-boi-ruta-del-romanic-passarelles-del-planell-daiguestortes-i-balneari","status":"publish","type":"product","link":"https:\/\/enjoycatalonia.com\/ca\/tours\/cap-de-setmana-a-la-vall-de-boi-ruta-del-romanic-passarelles-del-planell-daiguestortes-i-balneari\/","title":{"rendered":"Cap de setmana a la Vall de Bo\u00ed: ruta del rom\u00e0nic, passarel\u00b7les del Planell d&#8217;Aig\u00fcestortes i Balneari"},"content":{"rendered":"<p style=\"text-align: justify;\" data-start=\"90\" data-end=\"404\">La <strong data-start=\"93\" data-end=\"109\">Vall de Bo\u00ed<\/strong> , situada a la comarca de <strong data-start=\"136\" data-end=\"156\">l&#8217;Alta Ribagor\u00e7a<\/strong> (Lleida), \u00e9s un parad\u00eds per als amants de la natura i de l&#8217;art. En aquest enclavament privilegiat del Pirineu, porta d&#8217;acc\u00e9s al <strong data-start=\"289\" data-end=\"349\">Parc Nacional d&#8217;Aig\u00fcestortes i Estany de Sant Maurici<\/strong> , el paisatge es fon amb l&#8217;art rom\u00e0nic i viceversa.<\/p>\n<p style=\"text-align: justify;\" data-start=\"406\" data-end=\"742\">Pocs llocs poden presumir de tenir tantes esgl\u00e9sies rom\u00e0niques (la <strong data-start=\"475\" data-end=\"504\">rom\u00e0nica de la Vall de Bo\u00ed<\/strong> va ser declarada <strong data-start=\"519\" data-end=\"563\">Patrimoni de la Humanitat per la UNESCO<\/strong> ) en un espai tan redu\u00eft i en un entorn tan privilegiat: cims que superen els tres mil metres d&#8217;altitud, rius, barrancs, cascades, frondosos boscos i aigua, molta aigua.<\/p>\n<p style=\"text-align: justify;\" data-start=\"744\" data-end=\"947\">I per treure el m\u00e0xim profit de la nostra estada a la Vall de Bo\u00ed, oferim un programa molt complet que ens permetr\u00e0 descobrir el rom\u00e0nic de la vall i gaudir del seu espectacular entorn natural.<\/p>\n<p style=\"text-align: justify;\" data-start=\"949\" data-end=\"1001\"><strong data-start=\"949\" data-end=\"1001\">Resum i atractius principals de l&#8217;escapada:<\/strong><\/p>\n<p style=\"text-align: justify;\" data-start=\"1003\" data-end=\"1228\">1- <strong data-start=\"1006\" data-end=\"1038\">Passejar per pobles de postal<\/strong> i visitar tres de les esgl\u00e9sies rom\u00e0niques m\u00e9s representatives de la vall:<br data-start=\"1110\" data-end=\"1113\" \/><strong data-start=\"1116\" data-end=\"1141\">Sant Climent de Ta\u00fcll<\/strong> (inclou un v\u00eddeo mapping), <strong data-start=\"1170\" data-end=\"1204\">Santa Eul\u00e0lia d&#8217;Erill la Vall<\/strong> i <strong data-start=\"1207\" data-end=\"1227\">Sant Joan de Bo\u00ed<\/strong> .<\/p>\n<p style=\"text-align: justify;\" data-start=\"1230\" data-end=\"1691\">2- <strong data-start=\"1233\" data-end=\"1272\">Gaudir d&#8217;una preciosa excursi\u00f3<\/strong> , apta per a tots els p\u00fablics, al cor del <strong data-start=\"1325\" data-end=\"1360\">Parc Nacional d&#8217;Aig\u00fcestortes<\/strong> : una <strong data-start=\"1366\" data-end=\"1413\">ruta circular per la ribera de Sant Nicolau<\/strong> .<br data-start=\"1414\" data-end=\"1417\" \/>\u00c9s una de les rutes m\u00e9s senzilles del parc. Un <strong data-start=\"1469\" data-end=\"1532\">itinerari molt bonic d&#8217;1,5 km de dist\u00e0ncia i sense desnivell<\/strong> , amb una durada d&#8217; <strong data-start=\"1554\" data-end=\"1574\">una hora i mitja<\/strong> . Per arribar-hi, agafarem uns <strong data-start=\"1615\" data-end=\"1624\">jeeps<\/strong> que ens portaran des de la Vall de Bo\u00ed fins a l&#8217;inici de la ruta.<\/p>\n<p style=\"text-align: justify;\" data-start=\"1693\" data-end=\"1870\">3- <strong data-start=\"1696\" data-end=\"1749\">Relaxar-se al fam\u00f3s balneari de Caldes de Bo\u00ed<\/strong> , envoltat de muntanyes i d&#8217;un magn\u00edfic jard\u00ed amb una gran quantitat de fonts. Possibilitat d\u00b4accedir al centre termal.<\/p>\n<p style=\"text-align: justify;\" data-start=\"1872\" data-end=\"2104\">Una <strong data-start=\"1876\" data-end=\"1928\">escapada de cap de setmana ideal per desconnectar<\/strong> i gaudir de l\u00b4art rom\u00e0nic en un entorn natural id\u00edl\u00b7lic, amb allotjament al\u00b4hotel <strong data-start=\"2012\" data-end=\"2052\">del Balneari de Caldes de Bo\u00ed<\/strong> (amb possibilitat de gaudir del conjunt termal).<\/p>\n","protected":false},"excerpt":{"rendered":"<p>La Vall de Bo\u00ed , situada a la comarca de l&#8217;Alta Ribagor\u00e7a (Lleida), \u00e9s un parad\u00eds per als amants de la natura i de l&#8217;art. En aquest enclavament privilegiat del Pirineu, porta d&#8217;acc\u00e9s al Parc Nacional d&#8217;Aig\u00fcestortes i Estany de Sant Maurici , el paisatge es fon amb l&#8217;art rom\u00e0nic i viceversa. Pocs llocs poden [&hellip;]<\/p>\n","protected":false},"featured_media":3448,"template":"","meta":{"_acf_changed":false},"product_brand":[],"product_cat":[62],"product_tag":[],"class_list":{"0":"post-3447","1":"product","2":"type-product","3":"status-publish","4":"has-post-thumbnail","6":"product_cat-viatges-passats","7":"tm-has-options","9":"first","10":"instock","11":"shipping-taxable","12":"product-type-simple"},"acf":[],"yoast_head":"<!-- This site is optimized with the Yoast SEO plugin v27.2 - https:\/\/yoast.com\/product\/yoast-seo-wordpress\/ -->\n<title>Cap de setmana a la Vall de Bo\u00ed: ruta del rom\u00e0nic, passarel\u00b7les del Planell d&#039;Aig\u00fcestortes i Balneari - Enjoy Catalonia<\/title>\n<meta name=\"robots\" content=\"index, follow, max-snippet:-1, max-image-preview:large, max-video-preview:-1\" \/>\n<link rel=\"canonical\" href=\"https:\/\/enjoycatalonia.com\/ca\/tours\/cap-de-setmana-a-la-vall-de-boi-ruta-del-romanic-passarelles-del-planell-daiguestortes-i-balneari\/\" \/>\n<meta property=\"og:locale\" content=\"ca_ES\" \/>\n<meta property=\"og:type\" content=\"article\" \/>\n<meta property=\"og:title\" content=\"Cap de setmana a la Vall de Bo\u00ed: ruta del rom\u00e0nic, passarel\u00b7les del Planell d&#039;Aig\u00fcestortes i Balneari - Enjoy Catalonia\" \/>\n<meta property=\"og:description\" content=\"La Vall de Bo\u00ed , situada a la comarca de l&#8217;Alta Ribagor\u00e7a (Lleida), \u00e9s un parad\u00eds per als amants de la natura i de l&#8217;art. En aquest enclavament privilegiat del Pirineu, porta d&#8217;acc\u00e9s al Parc Nacional d&#8217;Aig\u00fcestortes i Estany de Sant Maurici , el paisatge es fon amb l&#8217;art rom\u00e0nic i viceversa. Pocs llocs poden [&hellip;]\" \/>\n<meta property=\"og:url\" content=\"https:\/\/enjoycatalonia.com\/ca\/tours\/cap-de-setmana-a-la-vall-de-boi-ruta-del-romanic-passarelles-del-planell-daiguestortes-i-balneari\/\" \/>\n<meta property=\"og:site_name\" content=\"Enjoy Catalonia\" \/>\n<meta property=\"article:modified_time\" content=\"2026-03-03T10:04:23+00:00\" \/>\n<meta property=\"og:image\" content=\"https:\/\/enjoycatalonia.com\/wp-content\/uploads\/2026\/02\/Vall-de-Boi-II-gran.jpg\" \/>\n\t<meta property=\"og:image:width\" content=\"1500\" \/>\n\t<meta property=\"og:image:height\" content=\"945\" \/>\n\t<meta property=\"og:image:type\" content=\"image\/jpeg\" \/>\n<meta name=\"twitter:card\" content=\"summary_large_image\" \/>\n<meta name=\"twitter:label1\" content=\"Temps estimat de lectura\" \/>\n\t<meta name=\"twitter:data1\" content=\"2 minuts\" \/>\n<script type=\"application\/ld+json\" class=\"yoast-schema-graph\">{\"@context\":\"https:\/\/schema.org\",\"@graph\":[{\"@type\":\"WebPage\",\"@id\":\"https:\/\/enjoycatalonia.com\/ca\/tours\/cap-de-setmana-a-la-vall-de-boi-ruta-del-romanic-passarelles-del-planell-daiguestortes-i-balneari\/\",\"url\":\"https:\/\/enjoycatalonia.com\/ca\/tours\/cap-de-setmana-a-la-vall-de-boi-ruta-del-romanic-passarelles-del-planell-daiguestortes-i-balneari\/\",\"name\":\"Cap de setmana a la Vall de Bo\u00ed: ruta del rom\u00e0nic, passarel\u00b7les del Planell d'Aig\u00fcestortes i Balneari - Enjoy Catalonia\",\"isPartOf\":{\"@id\":\"https:\/\/enjoycatalonia.com\/ca\/#website\"},\"primaryImageOfPage\":{\"@id\":\"https:\/\/enjoycatalonia.com\/ca\/tours\/cap-de-setmana-a-la-vall-de-boi-ruta-del-romanic-passarelles-del-planell-daiguestortes-i-balneari\/#primaryimage\"},\"image\":{\"@id\":\"https:\/\/enjoycatalonia.com\/ca\/tours\/cap-de-setmana-a-la-vall-de-boi-ruta-del-romanic-passarelles-del-planell-daiguestortes-i-balneari\/#primaryimage\"},\"thumbnailUrl\":\"https:\/\/enjoycatalonia.com\/wp-content\/uploads\/2026\/02\/Vall-de-Boi-II-gran.jpg\",\"datePublished\":\"2026-02-05T10:07:25+00:00\",\"dateModified\":\"2026-03-03T10:04:23+00:00\",\"breadcrumb\":{\"@id\":\"https:\/\/enjoycatalonia.com\/ca\/tours\/cap-de-setmana-a-la-vall-de-boi-ruta-del-romanic-passarelles-del-planell-daiguestortes-i-balneari\/#breadcrumb\"},\"inLanguage\":\"ca\",\"potentialAction\":[{\"@type\":\"ReadAction\",\"target\":[\"https:\/\/enjoycatalonia.com\/ca\/tours\/cap-de-setmana-a-la-vall-de-boi-ruta-del-romanic-passarelles-del-planell-daiguestortes-i-balneari\/\"]}]},{\"@type\":\"ImageObject\",\"inLanguage\":\"ca\",\"@id\":\"https:\/\/enjoycatalonia.com\/ca\/tours\/cap-de-setmana-a-la-vall-de-boi-ruta-del-romanic-passarelles-del-planell-daiguestortes-i-balneari\/#primaryimage\",\"url\":\"https:\/\/enjoycatalonia.com\/wp-content\/uploads\/2026\/02\/Vall-de-Boi-II-gran.jpg\",\"contentUrl\":\"https:\/\/enjoycatalonia.com\/wp-content\/uploads\/2026\/02\/Vall-de-Boi-II-gran.jpg\",\"width\":1500,\"height\":945},{\"@type\":\"BreadcrumbList\",\"@id\":\"https:\/\/enjoycatalonia.com\/ca\/tours\/cap-de-setmana-a-la-vall-de-boi-ruta-del-romanic-passarelles-del-planell-daiguestortes-i-balneari\/#breadcrumb\",\"itemListElement\":[{\"@type\":\"ListItem\",\"position\":1,\"name\":\"Portada\",\"item\":\"https:\/\/enjoycatalonia.com\/ca\/\"},{\"@type\":\"ListItem\",\"position\":2,\"name\":\"Botiga\",\"item\":\"https:\/\/enjoycatalonia.com\/tienda\/\"},{\"@type\":\"ListItem\",\"position\":3,\"name\":\"Cap de setmana a la Vall de Bo\u00ed: ruta del rom\u00e0nic, passarel\u00b7les del Planell d&#8217;Aig\u00fcestortes i Balneari\"}]},{\"@type\":\"WebSite\",\"@id\":\"https:\/\/enjoycatalonia.com\/ca\/#website\",\"url\":\"https:\/\/enjoycatalonia.com\/ca\/\",\"name\":\"Enjoy Catalonia\",\"description\":\"\",\"potentialAction\":[{\"@type\":\"SearchAction\",\"target\":{\"@type\":\"EntryPoint\",\"urlTemplate\":\"https:\/\/enjoycatalonia.com\/ca\/?s={search_term_string}\"},\"query-input\":{\"@type\":\"PropertyValueSpecification\",\"valueRequired\":true,\"valueName\":\"search_term_string\"}}],\"inLanguage\":\"ca\"}]}<\/script>\n<!-- \/ Yoast SEO plugin. -->","yoast_head_json":{"title":"Cap de setmana a la Vall de Bo\u00ed: ruta del rom\u00e0nic, passarel\u00b7les del Planell d'Aig\u00fcestortes i Balneari - Enjoy Catalonia","robots":{"index":"index","follow":"follow","max-snippet":"max-snippet:-1","max-image-preview":"max-image-preview:large","max-video-preview":"max-video-preview:-1"},"canonical":"https:\/\/enjoycatalonia.com\/ca\/tours\/cap-de-setmana-a-la-vall-de-boi-ruta-del-romanic-passarelles-del-planell-daiguestortes-i-balneari\/","og_locale":"ca_ES","og_type":"article","og_title":"Cap de setmana a la Vall de Bo\u00ed: ruta del rom\u00e0nic, passarel\u00b7les del Planell d'Aig\u00fcestortes i Balneari - Enjoy Catalonia","og_description":"La Vall de Bo\u00ed , situada a la comarca de l&#8217;Alta Ribagor\u00e7a (Lleida), \u00e9s un parad\u00eds per als amants de la natura i de l&#8217;art. En aquest enclavament privilegiat del Pirineu, porta d&#8217;acc\u00e9s al Parc Nacional d&#8217;Aig\u00fcestortes i Estany de Sant Maurici , el paisatge es fon amb l&#8217;art rom\u00e0nic i viceversa. Pocs llocs poden [&hellip;]","og_url":"https:\/\/enjoycatalonia.com\/ca\/tours\/cap-de-setmana-a-la-vall-de-boi-ruta-del-romanic-passarelles-del-planell-daiguestortes-i-balneari\/","og_site_name":"Enjoy Catalonia","article_modified_time":"2026-03-03T10:04:23+00:00","og_image":[{"width":1500,"height":945,"url":"https:\/\/enjoycatalonia.com\/wp-content\/uploads\/2026\/02\/Vall-de-Boi-II-gran.jpg","type":"image\/jpeg"}],"twitter_card":"summary_large_image","twitter_misc":{"Temps estimat de lectura":"2 minuts"},"schema":{"@context":"https:\/\/schema.org","@graph":[{"@type":"WebPage","@id":"https:\/\/enjoycatalonia.com\/ca\/tours\/cap-de-setmana-a-la-vall-de-boi-ruta-del-romanic-passarelles-del-planell-daiguestortes-i-balneari\/","url":"https:\/\/enjoycatalonia.com\/ca\/tours\/cap-de-setmana-a-la-vall-de-boi-ruta-del-romanic-passarelles-del-planell-daiguestortes-i-balneari\/","name":"Cap de setmana a la Vall de Bo\u00ed: ruta del rom\u00e0nic, passarel\u00b7les del Planell d'Aig\u00fcestortes i Balneari - Enjoy Catalonia","isPartOf":{"@id":"https:\/\/enjoycatalonia.com\/ca\/#website"},"primaryImageOfPage":{"@id":"https:\/\/enjoycatalonia.com\/ca\/tours\/cap-de-setmana-a-la-vall-de-boi-ruta-del-romanic-passarelles-del-planell-daiguestortes-i-balneari\/#primaryimage"},"image":{"@id":"https:\/\/enjoycatalonia.com\/ca\/tours\/cap-de-setmana-a-la-vall-de-boi-ruta-del-romanic-passarelles-del-planell-daiguestortes-i-balneari\/#primaryimage"},"thumbnailUrl":"https:\/\/enjoycatalonia.com\/wp-content\/uploads\/2026\/02\/Vall-de-Boi-II-gran.jpg","datePublished":"2026-02-05T10:07:25+00:00","dateModified":"2026-03-03T10:04:23+00:00","breadcrumb":{"@id":"https:\/\/enjoycatalonia.com\/ca\/tours\/cap-de-setmana-a-la-vall-de-boi-ruta-del-romanic-passarelles-del-planell-daiguestortes-i-balneari\/#breadcrumb"},"inLanguage":"ca","potentialAction":[{"@type":"ReadAction","target":["https:\/\/enjoycatalonia.com\/ca\/tours\/cap-de-setmana-a-la-vall-de-boi-ruta-del-romanic-passarelles-del-planell-daiguestortes-i-balneari\/"]}]},{"@type":"ImageObject","inLanguage":"ca","@id":"https:\/\/enjoycatalonia.com\/ca\/tours\/cap-de-setmana-a-la-vall-de-boi-ruta-del-romanic-passarelles-del-planell-daiguestortes-i-balneari\/#primaryimage","url":"https:\/\/enjoycatalonia.com\/wp-content\/uploads\/2026\/02\/Vall-de-Boi-II-gran.jpg","contentUrl":"https:\/\/enjoycatalonia.com\/wp-content\/uploads\/2026\/02\/Vall-de-Boi-II-gran.jpg","width":1500,"height":945},{"@type":"BreadcrumbList","@id":"https:\/\/enjoycatalonia.com\/ca\/tours\/cap-de-setmana-a-la-vall-de-boi-ruta-del-romanic-passarelles-del-planell-daiguestortes-i-balneari\/#breadcrumb","itemListElement":[{"@type":"ListItem","position":1,"name":"Portada","item":"https:\/\/enjoycatalonia.com\/ca\/"},{"@type":"ListItem","position":2,"name":"Botiga","item":"https:\/\/enjoycatalonia.com\/tienda\/"},{"@type":"ListItem","position":3,"name":"Cap de setmana a la Vall de Bo\u00ed: ruta del rom\u00e0nic, passarel\u00b7les del Planell d&#8217;Aig\u00fcestortes i Balneari"}]},{"@type":"WebSite","@id":"https:\/\/enjoycatalonia.com\/ca\/#website","url":"https:\/\/enjoycatalonia.com\/ca\/","name":"Enjoy Catalonia","description":"","potentialAction":[{"@type":"SearchAction","target":{"@type":"EntryPoint","urlTemplate":"https:\/\/enjoycatalonia.com\/ca\/?s={search_term_string}"},"query-input":{"@type":"PropertyValueSpecification","valueRequired":true,"valueName":"search_term_string"}}],"inLanguage":"ca"}]}},"_links":{"self":[{"href":"https:\/\/enjoycatalonia.com\/ca\/wp-json\/wp\/v2\/product\/3447","targetHints":{"allow":["GET"]}}],"collection":[{"href":"https:\/\/enjoycatalonia.com\/ca\/wp-json\/wp\/v2\/product"}],"about":[{"href":"https:\/\/enjoycatalonia.com\/ca\/wp-json\/wp\/v2\/types\/product"}],"wp:featuredmedia":[{"embeddable":true,"href":"https:\/\/enjoycatalonia.com\/ca\/wp-json\/wp\/v2\/media\/3448"}],"wp:attachment":[{"href":"https:\/\/enjoycatalonia.com\/ca\/wp-json\/wp\/v2\/media?parent=3447"}],"wp:term":[{"taxonomy":"product_brand","embeddable":true,"href":"https:\/\/enjoycatalonia.com\/ca\/wp-json\/wp\/v2\/product_brand?post=3447"},{"taxonomy":"product_cat","embeddable":true,"href":"https:\/\/enjoycatalonia.com\/ca\/wp-json\/wp\/v2\/product_cat?post=3447"},{"taxonomy":"product_tag","embeddable":true,"href":"https:\/\/enjoycatalonia.com\/ca\/wp-json\/wp\/v2\/product_tag?post=3447"}],"curies":[{"name":"wp","href":"https:\/\/api.w.org\/{rel}","templated":true}]}}