{"id":3452,"date":"2026-02-03T10:41:44","date_gmt":"2026-02-03T09:41:44","guid":{"rendered":"https:\/\/enjoycatalonia.com\/tours\/cap-de-setmana-a-el-matarranya-i-la-terra-alta-via-verda-des-dhorta-de-sant-joan-fins-a-bot\/"},"modified":"2026-03-03T11:16:42","modified_gmt":"2026-03-03T10:16:42","slug":"cap-de-setmana-a-el-matarranya-i-la-terra-alta-via-verda-des-dhorta-de-sant-joan-fins-a-bot","status":"publish","type":"product","link":"https:\/\/enjoycatalonia.com\/ca\/tours\/cap-de-setmana-a-el-matarranya-i-la-terra-alta-via-verda-des-dhorta-de-sant-joan-fins-a-bot\/","title":{"rendered":"Cap de setmana a El Matarranya i La Terra Alta + Via Verda des d&#8217;Horta de Sant Joan fins a Bot"},"content":{"rendered":"<p style=\"text-align: justify;\"><strong>Espectacular cap de setmana a El Matarranya i La Terra Alta<\/strong><\/p>\n<p style=\"text-align: justify;\">Descobreix els <strong>pobles m\u00e9s encantadors de la comarca del Matarranya<\/strong> ; gaudeix d&#8217;una <strong>bella i f\u00e0cil caminada per la Via Verda que connecta Horta de Sant Joan amb Bot<\/strong> ; visita el <strong>Poble Vell de Corbera d&#8217;Ebre<\/strong> , els carrers i cases del qual en ru\u00efnes s\u00f3n un testimoni mut de les brutals conseq\u00fc\u00e8ncies de la guerra; deixa&#8217;t seduir pels encants d&#8217; <strong>Horta de Sant Joan<\/strong> , font d&#8217;inspiraci\u00f3 de Pablo Picasso; i visita <strong>Miravet<\/strong> , a la Ribera d&#8217;Ebre, un dels pobles m\u00e9s bonics i pintorescos de Catalunya.<\/p>\n<p><strong>Principals atractius de l&#8217;escapada:<\/strong><br \/>\n<strong>1-<\/strong> Descobrir els pobles m\u00e9s bonics del <strong>Matarranya<\/strong> , una de les comarques m\u00e9s boniques d&#8217;Arag\u00f3: <strong>Valderrobres<\/strong> , <strong>Cretes<\/strong> , <strong>La Fresneda<\/strong> i <strong>Calaceite.<\/strong><br \/>\n<strong>2-<\/strong> Caminar i gaudir d&#8217;una bonica i f\u00e0cil caminada per la <strong>Via Verda que connecta Horta de Sant Joan amb Bot<\/strong> .<br \/>\n<strong>3-<\/strong> Passejar pels carrers d&#8217; <strong>Horta de Sant Joan<\/strong> , un dels pobles m\u00e9s pintorescos de Catalunya i font d&#8217;inspiraci\u00f3 de Pablo Picasso.<br \/>\n<strong>4-<\/strong> Descobrir el <strong>Poble Vell de Corbera d&#8217;Ebre<\/strong> , els carrers i les cases del qual en ru\u00efnes s\u00f3n un testimoni mut de les brutals conseq\u00fc\u00e8ncies de la guerra.<br \/>\n<strong>5-<\/strong> Passejar pels carrers de <strong>MIravet<\/strong> , un dels pobles m\u00e9s bonics de Catalunya, i visitar el castell d&#8217;origen templer.<br \/>\n<strong>6-<\/strong> Aproximar-nos a la hist\u00f2ria del <strong>Matarranya<\/strong> i <strong>La Terra Alta<\/strong> .<\/p>\n","protected":false},"excerpt":{"rendered":"<p>Espectacular cap de setmana a El Matarranya i La Terra Alta Descobreix els pobles m\u00e9s encantadors de la comarca del Matarranya ; gaudeix d&#8217;una bella i f\u00e0cil caminada per la Via Verda que connecta Horta de Sant Joan amb Bot ; visita el Poble Vell de Corbera d&#8217;Ebre , els carrers i cases del qual [&hellip;]<\/p>\n","protected":false},"featured_media":3404,"template":"","meta":{"_acf_changed":false},"product_brand":[],"product_cat":[62],"product_tag":[],"class_list":{"0":"post-3452","1":"product","2":"type-product","3":"status-publish","4":"has-post-thumbnail","6":"product_cat-viatges-passats","7":"tm-has-options","9":"first","10":"instock","11":"shipping-taxable","12":"product-type-simple"},"acf":[],"yoast_head":"<!-- This site is optimized with the Yoast SEO plugin v27.2 - https:\/\/yoast.com\/product\/yoast-seo-wordpress\/ -->\n<title>Cap de setmana a El Matarranya i La Terra Alta + Via Verda des d&#039;Horta de Sant Joan fins a Bot - Enjoy Catalonia<\/title>\n<meta name=\"robots\" content=\"index, follow, max-snippet:-1, max-image-preview:large, max-video-preview:-1\" \/>\n<link rel=\"canonical\" href=\"https:\/\/enjoycatalonia.com\/ca\/tours\/cap-de-setmana-a-el-matarranya-i-la-terra-alta-via-verda-des-dhorta-de-sant-joan-fins-a-bot\/\" \/>\n<meta property=\"og:locale\" content=\"ca_ES\" \/>\n<meta property=\"og:type\" content=\"article\" \/>\n<meta property=\"og:title\" content=\"Cap de setmana a El Matarranya i La Terra Alta + Via Verda des d&#039;Horta de Sant Joan fins a Bot - Enjoy Catalonia\" \/>\n<meta property=\"og:description\" content=\"Espectacular cap de setmana a El Matarranya i La Terra Alta Descobreix els pobles m\u00e9s encantadors de la comarca del Matarranya ; gaudeix d&#8217;una bella i f\u00e0cil caminada per la Via Verda que connecta Horta de Sant Joan amb Bot ; visita el Poble Vell de Corbera d&#8217;Ebre , els carrers i cases del qual [&hellip;]\" \/>\n<meta property=\"og:url\" content=\"https:\/\/enjoycatalonia.com\/ca\/tours\/cap-de-setmana-a-el-matarranya-i-la-terra-alta-via-verda-des-dhorta-de-sant-joan-fins-a-bot\/\" \/>\n<meta property=\"og:site_name\" content=\"Enjoy Catalonia\" \/>\n<meta property=\"article:modified_time\" content=\"2026-03-03T10:16:42+00:00\" \/>\n<meta property=\"og:image\" content=\"https:\/\/enjoycatalonia.com\/wp-content\/uploads\/2026\/02\/shutterstock_1818753254-1.jpg\" \/>\n\t<meta property=\"og:image:width\" content=\"1500\" \/>\n\t<meta property=\"og:image:height\" content=\"923\" \/>\n\t<meta property=\"og:image:type\" content=\"image\/jpeg\" \/>\n<meta name=\"twitter:card\" content=\"summary_large_image\" \/>\n<meta name=\"twitter:label1\" content=\"Temps estimat de lectura\" \/>\n\t<meta name=\"twitter:data1\" content=\"2 minuts\" \/>\n<script type=\"application\/ld+json\" class=\"yoast-schema-graph\">{\"@context\":\"https:\/\/schema.org\",\"@graph\":[{\"@type\":\"WebPage\",\"@id\":\"https:\/\/enjoycatalonia.com\/ca\/tours\/cap-de-setmana-a-el-matarranya-i-la-terra-alta-via-verda-des-dhorta-de-sant-joan-fins-a-bot\/\",\"url\":\"https:\/\/enjoycatalonia.com\/ca\/tours\/cap-de-setmana-a-el-matarranya-i-la-terra-alta-via-verda-des-dhorta-de-sant-joan-fins-a-bot\/\",\"name\":\"Cap de setmana a El Matarranya i La Terra Alta + Via Verda des d'Horta de Sant Joan fins a Bot - Enjoy Catalonia\",\"isPartOf\":{\"@id\":\"https:\/\/enjoycatalonia.com\/ca\/#website\"},\"primaryImageOfPage\":{\"@id\":\"https:\/\/enjoycatalonia.com\/ca\/tours\/cap-de-setmana-a-el-matarranya-i-la-terra-alta-via-verda-des-dhorta-de-sant-joan-fins-a-bot\/#primaryimage\"},\"image\":{\"@id\":\"https:\/\/enjoycatalonia.com\/ca\/tours\/cap-de-setmana-a-el-matarranya-i-la-terra-alta-via-verda-des-dhorta-de-sant-joan-fins-a-bot\/#primaryimage\"},\"thumbnailUrl\":\"https:\/\/enjoycatalonia.com\/wp-content\/uploads\/2026\/02\/shutterstock_1818753254-1.jpg\",\"datePublished\":\"2026-02-03T09:41:44+00:00\",\"dateModified\":\"2026-03-03T10:16:42+00:00\",\"breadcrumb\":{\"@id\":\"https:\/\/enjoycatalonia.com\/ca\/tours\/cap-de-setmana-a-el-matarranya-i-la-terra-alta-via-verda-des-dhorta-de-sant-joan-fins-a-bot\/#breadcrumb\"},\"inLanguage\":\"ca\",\"potentialAction\":[{\"@type\":\"ReadAction\",\"target\":[\"https:\/\/enjoycatalonia.com\/ca\/tours\/cap-de-setmana-a-el-matarranya-i-la-terra-alta-via-verda-des-dhorta-de-sant-joan-fins-a-bot\/\"]}]},{\"@type\":\"ImageObject\",\"inLanguage\":\"ca\",\"@id\":\"https:\/\/enjoycatalonia.com\/ca\/tours\/cap-de-setmana-a-el-matarranya-i-la-terra-alta-via-verda-des-dhorta-de-sant-joan-fins-a-bot\/#primaryimage\",\"url\":\"https:\/\/enjoycatalonia.com\/wp-content\/uploads\/2026\/02\/shutterstock_1818753254-1.jpg\",\"contentUrl\":\"https:\/\/enjoycatalonia.com\/wp-content\/uploads\/2026\/02\/shutterstock_1818753254-1.jpg\",\"width\":1500,\"height\":923},{\"@type\":\"BreadcrumbList\",\"@id\":\"https:\/\/enjoycatalonia.com\/ca\/tours\/cap-de-setmana-a-el-matarranya-i-la-terra-alta-via-verda-des-dhorta-de-sant-joan-fins-a-bot\/#breadcrumb\",\"itemListElement\":[{\"@type\":\"ListItem\",\"position\":1,\"name\":\"Portada\",\"item\":\"https:\/\/enjoycatalonia.com\/ca\/\"},{\"@type\":\"ListItem\",\"position\":2,\"name\":\"Botiga\",\"item\":\"https:\/\/enjoycatalonia.com\/tienda\/\"},{\"@type\":\"ListItem\",\"position\":3,\"name\":\"Cap de setmana a El Matarranya i La Terra Alta + Via Verda des d&#8217;Horta de Sant Joan fins a Bot\"}]},{\"@type\":\"WebSite\",\"@id\":\"https:\/\/enjoycatalonia.com\/ca\/#website\",\"url\":\"https:\/\/enjoycatalonia.com\/ca\/\",\"name\":\"Enjoy Catalonia\",\"description\":\"\",\"potentialAction\":[{\"@type\":\"SearchAction\",\"target\":{\"@type\":\"EntryPoint\",\"urlTemplate\":\"https:\/\/enjoycatalonia.com\/ca\/?s={search_term_string}\"},\"query-input\":{\"@type\":\"PropertyValueSpecification\",\"valueRequired\":true,\"valueName\":\"search_term_string\"}}],\"inLanguage\":\"ca\"}]}<\/script>\n<!-- \/ Yoast SEO plugin. -->","yoast_head_json":{"title":"Cap de setmana a El Matarranya i La Terra Alta + Via Verda des d'Horta de Sant Joan fins a Bot - Enjoy Catalonia","robots":{"index":"index","follow":"follow","max-snippet":"max-snippet:-1","max-image-preview":"max-image-preview:large","max-video-preview":"max-video-preview:-1"},"canonical":"https:\/\/enjoycatalonia.com\/ca\/tours\/cap-de-setmana-a-el-matarranya-i-la-terra-alta-via-verda-des-dhorta-de-sant-joan-fins-a-bot\/","og_locale":"ca_ES","og_type":"article","og_title":"Cap de setmana a El Matarranya i La Terra Alta + Via Verda des d'Horta de Sant Joan fins a Bot - Enjoy Catalonia","og_description":"Espectacular cap de setmana a El Matarranya i La Terra Alta Descobreix els pobles m\u00e9s encantadors de la comarca del Matarranya ; gaudeix d&#8217;una bella i f\u00e0cil caminada per la Via Verda que connecta Horta de Sant Joan amb Bot ; visita el Poble Vell de Corbera d&#8217;Ebre , els carrers i cases del qual [&hellip;]","og_url":"https:\/\/enjoycatalonia.com\/ca\/tours\/cap-de-setmana-a-el-matarranya-i-la-terra-alta-via-verda-des-dhorta-de-sant-joan-fins-a-bot\/","og_site_name":"Enjoy Catalonia","article_modified_time":"2026-03-03T10:16:42+00:00","og_image":[{"width":1500,"height":923,"url":"https:\/\/enjoycatalonia.com\/wp-content\/uploads\/2026\/02\/shutterstock_1818753254-1.jpg","type":"image\/jpeg"}],"twitter_card":"summary_large_image","twitter_misc":{"Temps estimat de lectura":"2 minuts"},"schema":{"@context":"https:\/\/schema.org","@graph":[{"@type":"WebPage","@id":"https:\/\/enjoycatalonia.com\/ca\/tours\/cap-de-setmana-a-el-matarranya-i-la-terra-alta-via-verda-des-dhorta-de-sant-joan-fins-a-bot\/","url":"https:\/\/enjoycatalonia.com\/ca\/tours\/cap-de-setmana-a-el-matarranya-i-la-terra-alta-via-verda-des-dhorta-de-sant-joan-fins-a-bot\/","name":"Cap de setmana a El Matarranya i La Terra Alta + Via Verda des d'Horta de Sant Joan fins a Bot - Enjoy Catalonia","isPartOf":{"@id":"https:\/\/enjoycatalonia.com\/ca\/#website"},"primaryImageOfPage":{"@id":"https:\/\/enjoycatalonia.com\/ca\/tours\/cap-de-setmana-a-el-matarranya-i-la-terra-alta-via-verda-des-dhorta-de-sant-joan-fins-a-bot\/#primaryimage"},"image":{"@id":"https:\/\/enjoycatalonia.com\/ca\/tours\/cap-de-setmana-a-el-matarranya-i-la-terra-alta-via-verda-des-dhorta-de-sant-joan-fins-a-bot\/#primaryimage"},"thumbnailUrl":"https:\/\/enjoycatalonia.com\/wp-content\/uploads\/2026\/02\/shutterstock_1818753254-1.jpg","datePublished":"2026-02-03T09:41:44+00:00","dateModified":"2026-03-03T10:16:42+00:00","breadcrumb":{"@id":"https:\/\/enjoycatalonia.com\/ca\/tours\/cap-de-setmana-a-el-matarranya-i-la-terra-alta-via-verda-des-dhorta-de-sant-joan-fins-a-bot\/#breadcrumb"},"inLanguage":"ca","potentialAction":[{"@type":"ReadAction","target":["https:\/\/enjoycatalonia.com\/ca\/tours\/cap-de-setmana-a-el-matarranya-i-la-terra-alta-via-verda-des-dhorta-de-sant-joan-fins-a-bot\/"]}]},{"@type":"ImageObject","inLanguage":"ca","@id":"https:\/\/enjoycatalonia.com\/ca\/tours\/cap-de-setmana-a-el-matarranya-i-la-terra-alta-via-verda-des-dhorta-de-sant-joan-fins-a-bot\/#primaryimage","url":"https:\/\/enjoycatalonia.com\/wp-content\/uploads\/2026\/02\/shutterstock_1818753254-1.jpg","contentUrl":"https:\/\/enjoycatalonia.com\/wp-content\/uploads\/2026\/02\/shutterstock_1818753254-1.jpg","width":1500,"height":923},{"@type":"BreadcrumbList","@id":"https:\/\/enjoycatalonia.com\/ca\/tours\/cap-de-setmana-a-el-matarranya-i-la-terra-alta-via-verda-des-dhorta-de-sant-joan-fins-a-bot\/#breadcrumb","itemListElement":[{"@type":"ListItem","position":1,"name":"Portada","item":"https:\/\/enjoycatalonia.com\/ca\/"},{"@type":"ListItem","position":2,"name":"Botiga","item":"https:\/\/enjoycatalonia.com\/tienda\/"},{"@type":"ListItem","position":3,"name":"Cap de setmana a El Matarranya i La Terra Alta + Via Verda des d&#8217;Horta de Sant Joan fins a Bot"}]},{"@type":"WebSite","@id":"https:\/\/enjoycatalonia.com\/ca\/#website","url":"https:\/\/enjoycatalonia.com\/ca\/","name":"Enjoy Catalonia","description":"","potentialAction":[{"@type":"SearchAction","target":{"@type":"EntryPoint","urlTemplate":"https:\/\/enjoycatalonia.com\/ca\/?s={search_term_string}"},"query-input":{"@type":"PropertyValueSpecification","valueRequired":true,"valueName":"search_term_string"}}],"inLanguage":"ca"}]}},"_links":{"self":[{"href":"https:\/\/enjoycatalonia.com\/ca\/wp-json\/wp\/v2\/product\/3452","targetHints":{"allow":["GET"]}}],"collection":[{"href":"https:\/\/enjoycatalonia.com\/ca\/wp-json\/wp\/v2\/product"}],"about":[{"href":"https:\/\/enjoycatalonia.com\/ca\/wp-json\/wp\/v2\/types\/product"}],"wp:featuredmedia":[{"embeddable":true,"href":"https:\/\/enjoycatalonia.com\/ca\/wp-json\/wp\/v2\/media\/3404"}],"wp:attachment":[{"href":"https:\/\/enjoycatalonia.com\/ca\/wp-json\/wp\/v2\/media?parent=3452"}],"wp:term":[{"taxonomy":"product_brand","embeddable":true,"href":"https:\/\/enjoycatalonia.com\/ca\/wp-json\/wp\/v2\/product_brand?post=3452"},{"taxonomy":"product_cat","embeddable":true,"href":"https:\/\/enjoycatalonia.com\/ca\/wp-json\/wp\/v2\/product_cat?post=3452"},{"taxonomy":"product_tag","embeddable":true,"href":"https:\/\/enjoycatalonia.com\/ca\/wp-json\/wp\/v2\/product_tag?post=3452"}],"curies":[{"name":"wp","href":"https:\/\/api.w.org\/{rel}","templated":true}]}}