{"id":3456,"date":"2026-02-03T10:19:14","date_gmt":"2026-02-03T09:19:14","guid":{"rendered":"https:\/\/enjoycatalonia.com\/tours\/cap-de-setmana-a-arles-aigues-mortes-i-la-camarga-la-maresma-mes-gran-deuropa\/"},"modified":"2026-03-03T11:17:41","modified_gmt":"2026-03-03T10:17:41","slug":"cap-de-setmana-a-arles-aigues-mortes-i-la-camarga-la-maresma-mes-gran-deuropa","status":"publish","type":"product","link":"https:\/\/enjoycatalonia.com\/ca\/tours\/cap-de-setmana-a-arles-aigues-mortes-i-la-camarga-la-maresma-mes-gran-deuropa\/","title":{"rendered":"Cap de setmana a Arles, Aigues-Mortes i La Camarga, la maresma m\u00e9s gran d&#8217;Europa"},"content":{"rendered":"<p>Un espectacular i complet\u00edssim cap de setmana a <strong>Arles<\/strong> , ciutat d&#8217;origen rom\u00e0 i refugi de Van Gogh; i <strong>la Camarga<\/strong> , el gran parad\u00eds natural del sud-est de Fran\u00e7a i la <strong>zona humida m\u00e9s gran d&#8217;Europa<\/strong> , amb allotjament en un <strong>c\u00e8ntric hotel de 4 estrelles<\/strong> <strong>a Arles<\/strong> en r\u00e8gim de mitja pensi\u00f3 (esmorzar + sopar) i un programa molt complet per treure el m\u00e0xim profit a la nostra estada en aquesta extraordin\u00e0ria regi\u00f3.<\/p>\n<p><strong>ARLES<\/strong><br \/>\nLa petita ciutat d\u00b4Arles \u00e9s la porta d\u00b4entrada a la Camarga. <strong>Aqu\u00ed el riu Roine es bifurca en dos (Grand Rh\u00f4ne i Petit Rh\u00f4ne)<\/strong> i comen\u00e7a el territori de maresmes, salines, arrossars i platges infinites. Fundada pels romans fa m\u00e9s de dos mil anys, <strong>Arles conserva un impressionant llegat rom\u00e0 declarat Patrimoni de la Humanitat (l&#8217;amfiteatre, el teatre i les termes de Constant\u00ed) i posseeix una llum molt peculiar que va enamorar pintors com Van Gogh o Gauguin<\/strong> .<\/p>\n<p style=\"text-align: justify;\">La ciutat sembla estar tal com la van deixar <strong>Van Gogh<\/strong> i <strong>Gauguin<\/strong> , amb les seves cases de dues o tres altures, desven\u00e7uts porticons de fusta pintats de blau, caf\u00e8s amb terrasses molt coquetes, mig centenar de galeries d&#8217;art, petites llibreries, botigues d&#8217;antiguitats, etc. Nom\u00e9s l&#8217;amfiteatre rom\u00e0, immens, sembla destacar en aquesta ciutat on no desentona res.<\/p>\n<p style=\"text-align: justify;\">Durant la nostra estada a Arles, tindrem l&#8217; <strong>oportunitat de passejar per la petita ciutat i descobrir-ne els racons m\u00e9s bonics; visitarem l\u00b4espectacular Amfiteatre, el Teatre i el Criptop\u00f2rtic, tres joies d\u00b4\u00e8poca romana; podrem admirar l&#8217;exterior del LUMA Arles, la impressionant i disruptiva torre de Frank Gahry<\/strong> , etc.<\/p>\n<p style=\"text-align: justify;\"><strong>LA CAMARGA<\/strong><br \/>\nPlana i quallada de llacunes i maresmes, <strong>la Camarga \u00e9s un m\u00f3n a part<\/strong> . Aquest enorme aiguamoll \u00e9s un lloc fant\u00e0stic on escapar de l&#8217;enrenou de la costa, ja sigui per rec\u00f3rrer els senders a cavall, anar en piragua pels canals plens de joncs o b\u00e9 per veure els seus famosos flamencs. \u00c9s una regi\u00f3 impregnada de tradici\u00f3 i cultura, conservada pels <em>gardians<\/em> (texans) que pasturen els cavalls de la zona i celebren el seu propi festival a Arles cada mes de maig.<\/p>\n<p style=\"text-align: justify;\">La vila medieval d&#8217; <strong>Aigues-Mortes<\/strong> va arribar a ser el primer port a la Mediterr\u00e0nia de Fran\u00e7a. Situada al cor de la Camarga del Gard, presenta un aspecte d&#8217;aut\u00e8ntica fortalesa medieval, amb gaireb\u00e9 dos quil\u00f2metres de muralles<\/p>\n<p style=\"text-align: justify;\">Diumenge tindrem l&#8217; <strong>oportunitat de gaudir d&#8217;un passeig de 2 hores pel Parc ornitol\u00f2gic de La Camarga, l&#8217;aiguamoll m\u00e9s gran d&#8217;Europa, i visitarem<\/strong> <strong>Saintes Maries de la Mer<\/strong> i <strong>Aigues-Mortes<\/strong> .<\/p>\n","protected":false},"excerpt":{"rendered":"<p>Un espectacular i complet\u00edssim cap de setmana a Arles , ciutat d&#8217;origen rom\u00e0 i refugi de Van Gogh; i la Camarga , el gran parad\u00eds natural del sud-est de Fran\u00e7a i la zona humida m\u00e9s gran d&#8217;Europa , amb allotjament en un c\u00e8ntric hotel de 4 estrelles a Arles en r\u00e8gim de mitja pensi\u00f3 (esmorzar [&hellip;]<\/p>\n","protected":false},"featured_media":3459,"template":"","meta":{"_acf_changed":false},"product_brand":[],"product_cat":[62],"product_tag":[],"class_list":{"0":"post-3456","1":"product","2":"type-product","3":"status-publish","4":"has-post-thumbnail","6":"product_cat-viatges-passats","7":"tm-has-options","9":"first","10":"instock","11":"shipping-taxable","12":"product-type-simple"},"acf":[],"yoast_head":"<!-- This site is optimized with the Yoast SEO plugin v27.2 - https:\/\/yoast.com\/product\/yoast-seo-wordpress\/ -->\n<title>Cap de setmana a Arles, Aigues-Mortes i La Camarga, la maresma m\u00e9s gran d&#039;Europa - Enjoy Catalonia<\/title>\n<meta name=\"robots\" content=\"index, follow, max-snippet:-1, max-image-preview:large, max-video-preview:-1\" \/>\n<link rel=\"canonical\" href=\"https:\/\/enjoycatalonia.com\/ca\/tours\/cap-de-setmana-a-arles-aigues-mortes-i-la-camarga-la-maresma-mes-gran-deuropa\/\" \/>\n<meta property=\"og:locale\" content=\"ca_ES\" \/>\n<meta property=\"og:type\" content=\"article\" \/>\n<meta property=\"og:title\" content=\"Cap de setmana a Arles, Aigues-Mortes i La Camarga, la maresma m\u00e9s gran d&#039;Europa - Enjoy Catalonia\" \/>\n<meta property=\"og:description\" content=\"Un espectacular i complet\u00edssim cap de setmana a Arles , ciutat d&#8217;origen rom\u00e0 i refugi de Van Gogh; i la Camarga , el gran parad\u00eds natural del sud-est de Fran\u00e7a i la zona humida m\u00e9s gran d&#8217;Europa , amb allotjament en un c\u00e8ntric hotel de 4 estrelles a Arles en r\u00e8gim de mitja pensi\u00f3 (esmorzar [&hellip;]\" \/>\n<meta property=\"og:url\" content=\"https:\/\/enjoycatalonia.com\/ca\/tours\/cap-de-setmana-a-arles-aigues-mortes-i-la-camarga-la-maresma-mes-gran-deuropa\/\" \/>\n<meta property=\"og:site_name\" content=\"Enjoy Catalonia\" \/>\n<meta property=\"article:modified_time\" content=\"2026-03-03T10:17:41+00:00\" \/>\n<meta property=\"og:image\" content=\"https:\/\/enjoycatalonia.com\/wp-content\/uploads\/2026\/02\/Arles-II-Gran-1.jpg\" \/>\n\t<meta property=\"og:image:width\" content=\"1500\" \/>\n\t<meta property=\"og:image:height\" content=\"1000\" \/>\n\t<meta property=\"og:image:type\" content=\"image\/jpeg\" \/>\n<meta name=\"twitter:card\" content=\"summary_large_image\" \/>\n<meta name=\"twitter:label1\" content=\"Temps estimat de lectura\" \/>\n\t<meta name=\"twitter:data1\" content=\"3 minuts\" \/>\n<script type=\"application\/ld+json\" class=\"yoast-schema-graph\">{\"@context\":\"https:\/\/schema.org\",\"@graph\":[{\"@type\":\"WebPage\",\"@id\":\"https:\/\/enjoycatalonia.com\/ca\/tours\/cap-de-setmana-a-arles-aigues-mortes-i-la-camarga-la-maresma-mes-gran-deuropa\/\",\"url\":\"https:\/\/enjoycatalonia.com\/ca\/tours\/cap-de-setmana-a-arles-aigues-mortes-i-la-camarga-la-maresma-mes-gran-deuropa\/\",\"name\":\"Cap de setmana a Arles, Aigues-Mortes i La Camarga, la maresma m\u00e9s gran d'Europa - Enjoy Catalonia\",\"isPartOf\":{\"@id\":\"https:\/\/enjoycatalonia.com\/ca\/#website\"},\"primaryImageOfPage\":{\"@id\":\"https:\/\/enjoycatalonia.com\/ca\/tours\/cap-de-setmana-a-arles-aigues-mortes-i-la-camarga-la-maresma-mes-gran-deuropa\/#primaryimage\"},\"image\":{\"@id\":\"https:\/\/enjoycatalonia.com\/ca\/tours\/cap-de-setmana-a-arles-aigues-mortes-i-la-camarga-la-maresma-mes-gran-deuropa\/#primaryimage\"},\"thumbnailUrl\":\"https:\/\/enjoycatalonia.com\/wp-content\/uploads\/2026\/02\/Arles-II-Gran-1.jpg\",\"datePublished\":\"2026-02-03T09:19:14+00:00\",\"dateModified\":\"2026-03-03T10:17:41+00:00\",\"breadcrumb\":{\"@id\":\"https:\/\/enjoycatalonia.com\/ca\/tours\/cap-de-setmana-a-arles-aigues-mortes-i-la-camarga-la-maresma-mes-gran-deuropa\/#breadcrumb\"},\"inLanguage\":\"ca\",\"potentialAction\":[{\"@type\":\"ReadAction\",\"target\":[\"https:\/\/enjoycatalonia.com\/ca\/tours\/cap-de-setmana-a-arles-aigues-mortes-i-la-camarga-la-maresma-mes-gran-deuropa\/\"]}]},{\"@type\":\"ImageObject\",\"inLanguage\":\"ca\",\"@id\":\"https:\/\/enjoycatalonia.com\/ca\/tours\/cap-de-setmana-a-arles-aigues-mortes-i-la-camarga-la-maresma-mes-gran-deuropa\/#primaryimage\",\"url\":\"https:\/\/enjoycatalonia.com\/wp-content\/uploads\/2026\/02\/Arles-II-Gran-1.jpg\",\"contentUrl\":\"https:\/\/enjoycatalonia.com\/wp-content\/uploads\/2026\/02\/Arles-II-Gran-1.jpg\",\"width\":1500,\"height\":1000},{\"@type\":\"BreadcrumbList\",\"@id\":\"https:\/\/enjoycatalonia.com\/ca\/tours\/cap-de-setmana-a-arles-aigues-mortes-i-la-camarga-la-maresma-mes-gran-deuropa\/#breadcrumb\",\"itemListElement\":[{\"@type\":\"ListItem\",\"position\":1,\"name\":\"Portada\",\"item\":\"https:\/\/enjoycatalonia.com\/ca\/\"},{\"@type\":\"ListItem\",\"position\":2,\"name\":\"Botiga\",\"item\":\"https:\/\/enjoycatalonia.com\/tienda\/\"},{\"@type\":\"ListItem\",\"position\":3,\"name\":\"Cap de setmana a Arles, Aigues-Mortes i La Camarga, la maresma m\u00e9s gran d&#8217;Europa\"}]},{\"@type\":\"WebSite\",\"@id\":\"https:\/\/enjoycatalonia.com\/ca\/#website\",\"url\":\"https:\/\/enjoycatalonia.com\/ca\/\",\"name\":\"Enjoy Catalonia\",\"description\":\"\",\"potentialAction\":[{\"@type\":\"SearchAction\",\"target\":{\"@type\":\"EntryPoint\",\"urlTemplate\":\"https:\/\/enjoycatalonia.com\/ca\/?s={search_term_string}\"},\"query-input\":{\"@type\":\"PropertyValueSpecification\",\"valueRequired\":true,\"valueName\":\"search_term_string\"}}],\"inLanguage\":\"ca\"}]}<\/script>\n<!-- \/ Yoast SEO plugin. -->","yoast_head_json":{"title":"Cap de setmana a Arles, Aigues-Mortes i La Camarga, la maresma m\u00e9s gran d'Europa - Enjoy Catalonia","robots":{"index":"index","follow":"follow","max-snippet":"max-snippet:-1","max-image-preview":"max-image-preview:large","max-video-preview":"max-video-preview:-1"},"canonical":"https:\/\/enjoycatalonia.com\/ca\/tours\/cap-de-setmana-a-arles-aigues-mortes-i-la-camarga-la-maresma-mes-gran-deuropa\/","og_locale":"ca_ES","og_type":"article","og_title":"Cap de setmana a Arles, Aigues-Mortes i La Camarga, la maresma m\u00e9s gran d'Europa - Enjoy Catalonia","og_description":"Un espectacular i complet\u00edssim cap de setmana a Arles , ciutat d&#8217;origen rom\u00e0 i refugi de Van Gogh; i la Camarga , el gran parad\u00eds natural del sud-est de Fran\u00e7a i la zona humida m\u00e9s gran d&#8217;Europa , amb allotjament en un c\u00e8ntric hotel de 4 estrelles a Arles en r\u00e8gim de mitja pensi\u00f3 (esmorzar [&hellip;]","og_url":"https:\/\/enjoycatalonia.com\/ca\/tours\/cap-de-setmana-a-arles-aigues-mortes-i-la-camarga-la-maresma-mes-gran-deuropa\/","og_site_name":"Enjoy Catalonia","article_modified_time":"2026-03-03T10:17:41+00:00","og_image":[{"width":1500,"height":1000,"url":"https:\/\/enjoycatalonia.com\/wp-content\/uploads\/2026\/02\/Arles-II-Gran-1.jpg","type":"image\/jpeg"}],"twitter_card":"summary_large_image","twitter_misc":{"Temps estimat de lectura":"3 minuts"},"schema":{"@context":"https:\/\/schema.org","@graph":[{"@type":"WebPage","@id":"https:\/\/enjoycatalonia.com\/ca\/tours\/cap-de-setmana-a-arles-aigues-mortes-i-la-camarga-la-maresma-mes-gran-deuropa\/","url":"https:\/\/enjoycatalonia.com\/ca\/tours\/cap-de-setmana-a-arles-aigues-mortes-i-la-camarga-la-maresma-mes-gran-deuropa\/","name":"Cap de setmana a Arles, Aigues-Mortes i La Camarga, la maresma m\u00e9s gran d'Europa - Enjoy Catalonia","isPartOf":{"@id":"https:\/\/enjoycatalonia.com\/ca\/#website"},"primaryImageOfPage":{"@id":"https:\/\/enjoycatalonia.com\/ca\/tours\/cap-de-setmana-a-arles-aigues-mortes-i-la-camarga-la-maresma-mes-gran-deuropa\/#primaryimage"},"image":{"@id":"https:\/\/enjoycatalonia.com\/ca\/tours\/cap-de-setmana-a-arles-aigues-mortes-i-la-camarga-la-maresma-mes-gran-deuropa\/#primaryimage"},"thumbnailUrl":"https:\/\/enjoycatalonia.com\/wp-content\/uploads\/2026\/02\/Arles-II-Gran-1.jpg","datePublished":"2026-02-03T09:19:14+00:00","dateModified":"2026-03-03T10:17:41+00:00","breadcrumb":{"@id":"https:\/\/enjoycatalonia.com\/ca\/tours\/cap-de-setmana-a-arles-aigues-mortes-i-la-camarga-la-maresma-mes-gran-deuropa\/#breadcrumb"},"inLanguage":"ca","potentialAction":[{"@type":"ReadAction","target":["https:\/\/enjoycatalonia.com\/ca\/tours\/cap-de-setmana-a-arles-aigues-mortes-i-la-camarga-la-maresma-mes-gran-deuropa\/"]}]},{"@type":"ImageObject","inLanguage":"ca","@id":"https:\/\/enjoycatalonia.com\/ca\/tours\/cap-de-setmana-a-arles-aigues-mortes-i-la-camarga-la-maresma-mes-gran-deuropa\/#primaryimage","url":"https:\/\/enjoycatalonia.com\/wp-content\/uploads\/2026\/02\/Arles-II-Gran-1.jpg","contentUrl":"https:\/\/enjoycatalonia.com\/wp-content\/uploads\/2026\/02\/Arles-II-Gran-1.jpg","width":1500,"height":1000},{"@type":"BreadcrumbList","@id":"https:\/\/enjoycatalonia.com\/ca\/tours\/cap-de-setmana-a-arles-aigues-mortes-i-la-camarga-la-maresma-mes-gran-deuropa\/#breadcrumb","itemListElement":[{"@type":"ListItem","position":1,"name":"Portada","item":"https:\/\/enjoycatalonia.com\/ca\/"},{"@type":"ListItem","position":2,"name":"Botiga","item":"https:\/\/enjoycatalonia.com\/tienda\/"},{"@type":"ListItem","position":3,"name":"Cap de setmana a Arles, Aigues-Mortes i La Camarga, la maresma m\u00e9s gran d&#8217;Europa"}]},{"@type":"WebSite","@id":"https:\/\/enjoycatalonia.com\/ca\/#website","url":"https:\/\/enjoycatalonia.com\/ca\/","name":"Enjoy Catalonia","description":"","potentialAction":[{"@type":"SearchAction","target":{"@type":"EntryPoint","urlTemplate":"https:\/\/enjoycatalonia.com\/ca\/?s={search_term_string}"},"query-input":{"@type":"PropertyValueSpecification","valueRequired":true,"valueName":"search_term_string"}}],"inLanguage":"ca"}]}},"_links":{"self":[{"href":"https:\/\/enjoycatalonia.com\/ca\/wp-json\/wp\/v2\/product\/3456","targetHints":{"allow":["GET"]}}],"collection":[{"href":"https:\/\/enjoycatalonia.com\/ca\/wp-json\/wp\/v2\/product"}],"about":[{"href":"https:\/\/enjoycatalonia.com\/ca\/wp-json\/wp\/v2\/types\/product"}],"wp:featuredmedia":[{"embeddable":true,"href":"https:\/\/enjoycatalonia.com\/ca\/wp-json\/wp\/v2\/media\/3459"}],"wp:attachment":[{"href":"https:\/\/enjoycatalonia.com\/ca\/wp-json\/wp\/v2\/media?parent=3456"}],"wp:term":[{"taxonomy":"product_brand","embeddable":true,"href":"https:\/\/enjoycatalonia.com\/ca\/wp-json\/wp\/v2\/product_brand?post=3456"},{"taxonomy":"product_cat","embeddable":true,"href":"https:\/\/enjoycatalonia.com\/ca\/wp-json\/wp\/v2\/product_cat?post=3456"},{"taxonomy":"product_tag","embeddable":true,"href":"https:\/\/enjoycatalonia.com\/ca\/wp-json\/wp\/v2\/product_tag?post=3456"}],"curies":[{"name":"wp","href":"https:\/\/api.w.org\/{rel}","templated":true}]}}