{"id":3465,"date":"2026-02-03T09:48:30","date_gmt":"2026-02-03T08:48:30","guid":{"rendered":"https:\/\/enjoycatalonia.com\/tours\/coves-de-sant-josep-i-riu-subterrani-peniscola-sagunt-i-castello-de-la-plana-en-festes\/"},"modified":"2026-03-24T20:15:12","modified_gmt":"2026-03-24T19:15:12","slug":"coves-de-sant-josep-i-riu-subterrani-peniscola-sagunt-i-castello-de-la-plana-en-festes","status":"publish","type":"product","link":"https:\/\/enjoycatalonia.com\/ca\/tours\/coves-de-sant-josep-i-riu-subterrani-peniscola-sagunt-i-castello-de-la-plana-en-festes\/","title":{"rendered":"Coves de Sant Josep i riu subterrani, Pen\u00edscola, Sagunt i Castell\u00f3 de la Plana en festes"},"content":{"rendered":"<p class=\"mb-ds2-10\">Gaudeix d&#8217;un <strong>espectacular cap de setmana a la prov\u00edncia de Castell\u00f3<\/strong> i descobreix les <strong>coves de <em>Sant Josep<\/em> ,<\/strong> on podr\u00e0s rec\u00f3rrer amb vaixell un dels <strong>rius subterranis navegables m\u00e9s llargs d&#8217;Europa<\/strong> ; visita <strong>Pen\u00edscola<\/strong> , la joia de la Costa de l&#8217;Azahar; empapa&#8217;t d&#8217;hist\u00f2ria a <strong>Sagunt<\/strong> , amb la seva <strong>impressionant fortalesa i el seu teatre rom\u00e0<\/strong> ; i, <em>last but not least,<\/em> gaudeix de <strong>Castell\u00f3 de la Plana<\/strong> , que aquell cap de setmana celebra <strong>les festes de la Magdalena<\/strong> , un aut\u00e8ntic espectacle de pirot\u00e8cnia, <em>gaiats,<\/em> llums, m\u00fasica i ambient festiu.<\/p>\n<p>Ens allotgem (dormir + esmorzar) en un modern i confortable hotel de 4 estrelles a prop del Parc Ribalta, el parc m\u00e9s gran i bonic de la ciutat, i sempre acompanyats per un <strong>guia oficial<\/strong> bon coneixedor de la zona.<\/p>\n","protected":false},"excerpt":{"rendered":"<p>Gaudeix d&#8217;un espectacular cap de setmana a la prov\u00edncia de Castell\u00f3 i descobreix les coves de Sant Josep , on podr\u00e0s rec\u00f3rrer amb vaixell un dels rius subterranis navegables m\u00e9s llargs d&#8217;Europa ; visita Pen\u00edscola , la joia de la Costa de l&#8217;Azahar; empapa&#8217;t d&#8217;hist\u00f2ria a Sagunt , amb la seva impressionant fortalesa i el [&hellip;]<\/p>\n","protected":false},"featured_media":3467,"template":"","meta":{"_acf_changed":false},"product_brand":[],"product_cat":[62],"product_tag":[],"class_list":{"0":"post-3465","1":"product","2":"type-product","3":"status-publish","4":"has-post-thumbnail","6":"product_cat-viatges-passats","7":"tm-has-options","9":"first","10":"instock","11":"shipping-taxable","12":"product-type-simple"},"acf":[],"yoast_head":"<!-- This site is optimized with the Yoast SEO plugin v27.2 - https:\/\/yoast.com\/product\/yoast-seo-wordpress\/ -->\n<title>Coves de Sant Josep i riu subterrani, Pen\u00edscola, Sagunt i Castell\u00f3 de la Plana en festes - Enjoy Catalonia<\/title>\n<meta name=\"robots\" content=\"index, follow, max-snippet:-1, max-image-preview:large, max-video-preview:-1\" \/>\n<link rel=\"canonical\" href=\"https:\/\/enjoycatalonia.com\/ca\/tours\/coves-de-sant-josep-i-riu-subterrani-peniscola-sagunt-i-castello-de-la-plana-en-festes\/\" \/>\n<meta property=\"og:locale\" content=\"ca_ES\" \/>\n<meta property=\"og:type\" content=\"article\" \/>\n<meta property=\"og:title\" content=\"Coves de Sant Josep i riu subterrani, Pen\u00edscola, Sagunt i Castell\u00f3 de la Plana en festes - Enjoy Catalonia\" \/>\n<meta property=\"og:description\" content=\"Gaudeix d&#8217;un espectacular cap de setmana a la prov\u00edncia de Castell\u00f3 i descobreix les coves de Sant Josep , on podr\u00e0s rec\u00f3rrer amb vaixell un dels rius subterranis navegables m\u00e9s llargs d&#8217;Europa ; visita Pen\u00edscola , la joia de la Costa de l&#8217;Azahar; empapa&#8217;t d&#8217;hist\u00f2ria a Sagunt , amb la seva impressionant fortalesa i el [&hellip;]\" \/>\n<meta property=\"og:url\" content=\"https:\/\/enjoycatalonia.com\/ca\/tours\/coves-de-sant-josep-i-riu-subterrani-peniscola-sagunt-i-castello-de-la-plana-en-festes\/\" \/>\n<meta property=\"og:site_name\" content=\"Enjoy Catalonia\" \/>\n<meta property=\"article:modified_time\" content=\"2026-03-24T19:15:12+00:00\" \/>\n<meta property=\"og:image\" content=\"https:\/\/enjoycatalonia.com\/wp-content\/uploads\/2026\/02\/img39743.jpg\" \/>\n\t<meta property=\"og:image:width\" content=\"1500\" \/>\n\t<meta property=\"og:image:height\" content=\"1000\" \/>\n\t<meta property=\"og:image:type\" content=\"image\/jpeg\" \/>\n<meta name=\"twitter:card\" content=\"summary_large_image\" \/>\n<meta name=\"twitter:label1\" content=\"Temps estimat de lectura\" \/>\n\t<meta name=\"twitter:data1\" content=\"1 minut\" \/>\n<script type=\"application\/ld+json\" class=\"yoast-schema-graph\">{\"@context\":\"https:\/\/schema.org\",\"@graph\":[{\"@type\":\"WebPage\",\"@id\":\"https:\/\/enjoycatalonia.com\/ca\/tours\/coves-de-sant-josep-i-riu-subterrani-peniscola-sagunt-i-castello-de-la-plana-en-festes\/\",\"url\":\"https:\/\/enjoycatalonia.com\/ca\/tours\/coves-de-sant-josep-i-riu-subterrani-peniscola-sagunt-i-castello-de-la-plana-en-festes\/\",\"name\":\"Coves de Sant Josep i riu subterrani, Pen\u00edscola, Sagunt i Castell\u00f3 de la Plana en festes - Enjoy Catalonia\",\"isPartOf\":{\"@id\":\"https:\/\/enjoycatalonia.com\/ca\/#website\"},\"primaryImageOfPage\":{\"@id\":\"https:\/\/enjoycatalonia.com\/ca\/tours\/coves-de-sant-josep-i-riu-subterrani-peniscola-sagunt-i-castello-de-la-plana-en-festes\/#primaryimage\"},\"image\":{\"@id\":\"https:\/\/enjoycatalonia.com\/ca\/tours\/coves-de-sant-josep-i-riu-subterrani-peniscola-sagunt-i-castello-de-la-plana-en-festes\/#primaryimage\"},\"thumbnailUrl\":\"https:\/\/enjoycatalonia.com\/wp-content\/uploads\/2026\/02\/img39743.jpg\",\"datePublished\":\"2026-02-03T08:48:30+00:00\",\"dateModified\":\"2026-03-24T19:15:12+00:00\",\"breadcrumb\":{\"@id\":\"https:\/\/enjoycatalonia.com\/ca\/tours\/coves-de-sant-josep-i-riu-subterrani-peniscola-sagunt-i-castello-de-la-plana-en-festes\/#breadcrumb\"},\"inLanguage\":\"ca\",\"potentialAction\":[{\"@type\":\"ReadAction\",\"target\":[\"https:\/\/enjoycatalonia.com\/ca\/tours\/coves-de-sant-josep-i-riu-subterrani-peniscola-sagunt-i-castello-de-la-plana-en-festes\/\"]}]},{\"@type\":\"ImageObject\",\"inLanguage\":\"ca\",\"@id\":\"https:\/\/enjoycatalonia.com\/ca\/tours\/coves-de-sant-josep-i-riu-subterrani-peniscola-sagunt-i-castello-de-la-plana-en-festes\/#primaryimage\",\"url\":\"https:\/\/enjoycatalonia.com\/wp-content\/uploads\/2026\/02\/img39743.jpg\",\"contentUrl\":\"https:\/\/enjoycatalonia.com\/wp-content\/uploads\/2026\/02\/img39743.jpg\",\"width\":1500,\"height\":1000},{\"@type\":\"BreadcrumbList\",\"@id\":\"https:\/\/enjoycatalonia.com\/ca\/tours\/coves-de-sant-josep-i-riu-subterrani-peniscola-sagunt-i-castello-de-la-plana-en-festes\/#breadcrumb\",\"itemListElement\":[{\"@type\":\"ListItem\",\"position\":1,\"name\":\"Portada\",\"item\":\"https:\/\/enjoycatalonia.com\/ca\/\"},{\"@type\":\"ListItem\",\"position\":2,\"name\":\"Botiga\",\"item\":\"https:\/\/enjoycatalonia.com\/tienda\/\"},{\"@type\":\"ListItem\",\"position\":3,\"name\":\"Coves de Sant Josep i riu subterrani, Pen\u00edscola, Sagunt i Castell\u00f3 de la Plana en festes\"}]},{\"@type\":\"WebSite\",\"@id\":\"https:\/\/enjoycatalonia.com\/ca\/#website\",\"url\":\"https:\/\/enjoycatalonia.com\/ca\/\",\"name\":\"Enjoy Catalonia\",\"description\":\"\",\"potentialAction\":[{\"@type\":\"SearchAction\",\"target\":{\"@type\":\"EntryPoint\",\"urlTemplate\":\"https:\/\/enjoycatalonia.com\/ca\/?s={search_term_string}\"},\"query-input\":{\"@type\":\"PropertyValueSpecification\",\"valueRequired\":true,\"valueName\":\"search_term_string\"}}],\"inLanguage\":\"ca\"}]}<\/script>\n<!-- \/ Yoast SEO plugin. -->","yoast_head_json":{"title":"Coves de Sant Josep i riu subterrani, Pen\u00edscola, Sagunt i Castell\u00f3 de la Plana en festes - Enjoy Catalonia","robots":{"index":"index","follow":"follow","max-snippet":"max-snippet:-1","max-image-preview":"max-image-preview:large","max-video-preview":"max-video-preview:-1"},"canonical":"https:\/\/enjoycatalonia.com\/ca\/tours\/coves-de-sant-josep-i-riu-subterrani-peniscola-sagunt-i-castello-de-la-plana-en-festes\/","og_locale":"ca_ES","og_type":"article","og_title":"Coves de Sant Josep i riu subterrani, Pen\u00edscola, Sagunt i Castell\u00f3 de la Plana en festes - Enjoy Catalonia","og_description":"Gaudeix d&#8217;un espectacular cap de setmana a la prov\u00edncia de Castell\u00f3 i descobreix les coves de Sant Josep , on podr\u00e0s rec\u00f3rrer amb vaixell un dels rius subterranis navegables m\u00e9s llargs d&#8217;Europa ; visita Pen\u00edscola , la joia de la Costa de l&#8217;Azahar; empapa&#8217;t d&#8217;hist\u00f2ria a Sagunt , amb la seva impressionant fortalesa i el [&hellip;]","og_url":"https:\/\/enjoycatalonia.com\/ca\/tours\/coves-de-sant-josep-i-riu-subterrani-peniscola-sagunt-i-castello-de-la-plana-en-festes\/","og_site_name":"Enjoy Catalonia","article_modified_time":"2026-03-24T19:15:12+00:00","og_image":[{"width":1500,"height":1000,"url":"https:\/\/enjoycatalonia.com\/wp-content\/uploads\/2026\/02\/img39743.jpg","type":"image\/jpeg"}],"twitter_card":"summary_large_image","twitter_misc":{"Temps estimat de lectura":"1 minut"},"schema":{"@context":"https:\/\/schema.org","@graph":[{"@type":"WebPage","@id":"https:\/\/enjoycatalonia.com\/ca\/tours\/coves-de-sant-josep-i-riu-subterrani-peniscola-sagunt-i-castello-de-la-plana-en-festes\/","url":"https:\/\/enjoycatalonia.com\/ca\/tours\/coves-de-sant-josep-i-riu-subterrani-peniscola-sagunt-i-castello-de-la-plana-en-festes\/","name":"Coves de Sant Josep i riu subterrani, Pen\u00edscola, Sagunt i Castell\u00f3 de la Plana en festes - Enjoy Catalonia","isPartOf":{"@id":"https:\/\/enjoycatalonia.com\/ca\/#website"},"primaryImageOfPage":{"@id":"https:\/\/enjoycatalonia.com\/ca\/tours\/coves-de-sant-josep-i-riu-subterrani-peniscola-sagunt-i-castello-de-la-plana-en-festes\/#primaryimage"},"image":{"@id":"https:\/\/enjoycatalonia.com\/ca\/tours\/coves-de-sant-josep-i-riu-subterrani-peniscola-sagunt-i-castello-de-la-plana-en-festes\/#primaryimage"},"thumbnailUrl":"https:\/\/enjoycatalonia.com\/wp-content\/uploads\/2026\/02\/img39743.jpg","datePublished":"2026-02-03T08:48:30+00:00","dateModified":"2026-03-24T19:15:12+00:00","breadcrumb":{"@id":"https:\/\/enjoycatalonia.com\/ca\/tours\/coves-de-sant-josep-i-riu-subterrani-peniscola-sagunt-i-castello-de-la-plana-en-festes\/#breadcrumb"},"inLanguage":"ca","potentialAction":[{"@type":"ReadAction","target":["https:\/\/enjoycatalonia.com\/ca\/tours\/coves-de-sant-josep-i-riu-subterrani-peniscola-sagunt-i-castello-de-la-plana-en-festes\/"]}]},{"@type":"ImageObject","inLanguage":"ca","@id":"https:\/\/enjoycatalonia.com\/ca\/tours\/coves-de-sant-josep-i-riu-subterrani-peniscola-sagunt-i-castello-de-la-plana-en-festes\/#primaryimage","url":"https:\/\/enjoycatalonia.com\/wp-content\/uploads\/2026\/02\/img39743.jpg","contentUrl":"https:\/\/enjoycatalonia.com\/wp-content\/uploads\/2026\/02\/img39743.jpg","width":1500,"height":1000},{"@type":"BreadcrumbList","@id":"https:\/\/enjoycatalonia.com\/ca\/tours\/coves-de-sant-josep-i-riu-subterrani-peniscola-sagunt-i-castello-de-la-plana-en-festes\/#breadcrumb","itemListElement":[{"@type":"ListItem","position":1,"name":"Portada","item":"https:\/\/enjoycatalonia.com\/ca\/"},{"@type":"ListItem","position":2,"name":"Botiga","item":"https:\/\/enjoycatalonia.com\/tienda\/"},{"@type":"ListItem","position":3,"name":"Coves de Sant Josep i riu subterrani, Pen\u00edscola, Sagunt i Castell\u00f3 de la Plana en festes"}]},{"@type":"WebSite","@id":"https:\/\/enjoycatalonia.com\/ca\/#website","url":"https:\/\/enjoycatalonia.com\/ca\/","name":"Enjoy Catalonia","description":"","potentialAction":[{"@type":"SearchAction","target":{"@type":"EntryPoint","urlTemplate":"https:\/\/enjoycatalonia.com\/ca\/?s={search_term_string}"},"query-input":{"@type":"PropertyValueSpecification","valueRequired":true,"valueName":"search_term_string"}}],"inLanguage":"ca"}]}},"_links":{"self":[{"href":"https:\/\/enjoycatalonia.com\/ca\/wp-json\/wp\/v2\/product\/3465","targetHints":{"allow":["GET"]}}],"collection":[{"href":"https:\/\/enjoycatalonia.com\/ca\/wp-json\/wp\/v2\/product"}],"about":[{"href":"https:\/\/enjoycatalonia.com\/ca\/wp-json\/wp\/v2\/types\/product"}],"wp:featuredmedia":[{"embeddable":true,"href":"https:\/\/enjoycatalonia.com\/ca\/wp-json\/wp\/v2\/media\/3467"}],"wp:attachment":[{"href":"https:\/\/enjoycatalonia.com\/ca\/wp-json\/wp\/v2\/media?parent=3465"}],"wp:term":[{"taxonomy":"product_brand","embeddable":true,"href":"https:\/\/enjoycatalonia.com\/ca\/wp-json\/wp\/v2\/product_brand?post=3465"},{"taxonomy":"product_cat","embeddable":true,"href":"https:\/\/enjoycatalonia.com\/ca\/wp-json\/wp\/v2\/product_cat?post=3465"},{"taxonomy":"product_tag","embeddable":true,"href":"https:\/\/enjoycatalonia.com\/ca\/wp-json\/wp\/v2\/product_tag?post=3465"}],"curies":[{"name":"wp","href":"https:\/\/api.w.org\/{rel}","templated":true}]}}