{"id":3469,"date":"2026-01-14T16:27:55","date_gmt":"2026-01-14T15:27:55","guid":{"rendered":"https:\/\/enjoycatalonia.com\/tours\/cap-de-setmana-a-la-cerdanya-i-el-conflent-tren-groc-coves-de-canaletes-i-la-seu-durgell\/"},"modified":"2026-05-06T15:24:33","modified_gmt":"2026-05-06T13:24:33","slug":"cap-de-setmana-a-la-cerdanya-i-el-conflent-tren-groc-coves-de-canaletes-i-la-seu-durgell","status":"publish","type":"product","link":"https:\/\/enjoycatalonia.com\/ca\/tours\/cap-de-setmana-a-la-cerdanya-i-el-conflent-tren-groc-coves-de-canaletes-i-la-seu-durgell\/","title":{"rendered":"Cap de setmana a La Cerdanya i El Conflent: Tren Groc, coves de Canaletes i La Seu d&#8217;Urgell"},"content":{"rendered":"<p data-pm-slice=\"1 1 []\"><strong>Gaudeix d\u00b4un cap de setmana molt complet amb un recorregut entre muntanyes amb el fam\u00f3s Tren Grog (Tren Jaune) del Conflent i La Cerdanya; descobreix les belles coves de Canaletes; passeja per Vilafranca de Conflent; descobreix Ars\u00e8guel, el poble m\u00e9s bonic del Barid\u00e0; (re)descobreix La Seu d&#8217;Urgell i el Seu, \u00fanica catedral rom\u00e0nica de Catalunya; i gaudeix de les millors vistes del Bergued\u00e0 des del Santuari de Queralt. <\/strong><\/p>\n<p>Durant el cap de setmana gaudirem de les comarques pirinenques del <strong>Conflent<\/strong> (Catalunya francesa), <strong>la Cerdanya<\/strong> i <strong>el Barid\u00e0<\/strong> amb un preci\u00f3s recorregut entre muntanyes amb el fam\u00f3s Tren Grog <strong>(Train Jaune)<\/strong> ; visitarem les espectaculars <strong>coves de Canaletes<\/strong> , situades a <strong>Vilafranca de Conflent<\/strong> , una bonica vila fortificada al sud de Fran\u00e7a; i descobrirem <strong>la Seu d&#8217;Urgell<\/strong> i la seva famosa <strong>Seu<\/strong> , l&#8217;\u00fanica catedral rom\u00e0nica de Catalunya.<\/p>\n<p>Ens allotjarem en un confortable hotel a <strong>Bellver de Cerdanya<\/strong> , en r\u00e8gim de mitja pensi\u00f3 (esmorzar i sopar), i sempre acompanyats per un guia oficial bon coneixedor de la zona.<\/p>\n","protected":false},"excerpt":{"rendered":"<p>Gaudeix d\u00b4un cap de setmana molt complet amb un recorregut entre muntanyes amb el fam\u00f3s Tren Grog (Tren Jaune) del Conflent i La Cerdanya; descobreix les belles coves de Canaletes; passeja per Vilafranca de Conflent; descobreix Ars\u00e8guel, el poble m\u00e9s bonic del Barid\u00e0; (re)descobreix La Seu d&#8217;Urgell i el Seu, \u00fanica catedral rom\u00e0nica de Catalunya; [&hellip;]<\/p>\n","protected":false},"featured_media":3472,"template":"","meta":{"_acf_changed":false},"product_brand":[],"product_cat":[63,65],"product_tag":[],"class_list":{"0":"post-3469","1":"product","2":"type-product","3":"status-publish","4":"has-post-thumbnail","6":"product_cat-escapades","7":"product_cat-escapades-espanya","8":"tm-has-options","10":"first","11":"instock","12":"shipping-taxable","13":"purchasable","14":"product-type-simple"},"acf":[],"yoast_head":"<!-- This site is optimized with the Yoast SEO plugin v27.2 - https:\/\/yoast.com\/product\/yoast-seo-wordpress\/ -->\n<title>Cap de setmana a La Cerdanya i El Conflent: Tren Groc, coves de Canaletes i La Seu d&#039;Urgell - Enjoy Catalonia<\/title>\n<meta name=\"robots\" content=\"index, follow, max-snippet:-1, max-image-preview:large, max-video-preview:-1\" \/>\n<link rel=\"canonical\" href=\"https:\/\/enjoycatalonia.com\/ca\/tours\/cap-de-setmana-a-la-cerdanya-i-el-conflent-tren-groc-coves-de-canaletes-i-la-seu-durgell\/\" \/>\n<meta property=\"og:locale\" content=\"ca_ES\" \/>\n<meta property=\"og:type\" content=\"article\" \/>\n<meta property=\"og:title\" content=\"Cap de setmana a La Cerdanya i El Conflent: Tren Groc, coves de Canaletes i La Seu d&#039;Urgell - Enjoy Catalonia\" \/>\n<meta property=\"og:description\" content=\"Gaudeix d\u00b4un cap de setmana molt complet amb un recorregut entre muntanyes amb el fam\u00f3s Tren Grog (Tren Jaune) del Conflent i La Cerdanya; descobreix les belles coves de Canaletes; passeja per Vilafranca de Conflent; descobreix Ars\u00e8guel, el poble m\u00e9s bonic del Barid\u00e0; (re)descobreix La Seu d&#8217;Urgell i el Seu, \u00fanica catedral rom\u00e0nica de Catalunya; [&hellip;]\" \/>\n<meta property=\"og:url\" content=\"https:\/\/enjoycatalonia.com\/ca\/tours\/cap-de-setmana-a-la-cerdanya-i-el-conflent-tren-groc-coves-de-canaletes-i-la-seu-durgell\/\" \/>\n<meta property=\"og:site_name\" content=\"Enjoy Catalonia\" \/>\n<meta property=\"article:modified_time\" content=\"2026-05-06T13:24:33+00:00\" \/>\n<meta property=\"og:image\" content=\"https:\/\/enjoycatalonia.com\/wp-content\/uploads\/2026\/01\/tren-groc.jpg\" \/>\n\t<meta property=\"og:image:width\" content=\"900\" \/>\n\t<meta property=\"og:image:height\" content=\"576\" \/>\n\t<meta property=\"og:image:type\" content=\"image\/jpeg\" \/>\n<meta name=\"twitter:card\" content=\"summary_large_image\" \/>\n<meta name=\"twitter:label1\" content=\"Temps estimat de lectura\" \/>\n\t<meta name=\"twitter:data1\" content=\"1 minut\" \/>\n<script type=\"application\/ld+json\" class=\"yoast-schema-graph\">{\"@context\":\"https:\/\/schema.org\",\"@graph\":[{\"@type\":\"WebPage\",\"@id\":\"https:\/\/enjoycatalonia.com\/ca\/tours\/cap-de-setmana-a-la-cerdanya-i-el-conflent-tren-groc-coves-de-canaletes-i-la-seu-durgell\/\",\"url\":\"https:\/\/enjoycatalonia.com\/ca\/tours\/cap-de-setmana-a-la-cerdanya-i-el-conflent-tren-groc-coves-de-canaletes-i-la-seu-durgell\/\",\"name\":\"Cap de setmana a La Cerdanya i El Conflent: Tren Groc, coves de Canaletes i La Seu d'Urgell - Enjoy Catalonia\",\"isPartOf\":{\"@id\":\"https:\/\/enjoycatalonia.com\/ca\/#website\"},\"primaryImageOfPage\":{\"@id\":\"https:\/\/enjoycatalonia.com\/ca\/tours\/cap-de-setmana-a-la-cerdanya-i-el-conflent-tren-groc-coves-de-canaletes-i-la-seu-durgell\/#primaryimage\"},\"image\":{\"@id\":\"https:\/\/enjoycatalonia.com\/ca\/tours\/cap-de-setmana-a-la-cerdanya-i-el-conflent-tren-groc-coves-de-canaletes-i-la-seu-durgell\/#primaryimage\"},\"thumbnailUrl\":\"https:\/\/enjoycatalonia.com\/wp-content\/uploads\/2026\/01\/tren-groc.jpg\",\"datePublished\":\"2026-01-14T15:27:55+00:00\",\"dateModified\":\"2026-05-06T13:24:33+00:00\",\"breadcrumb\":{\"@id\":\"https:\/\/enjoycatalonia.com\/ca\/tours\/cap-de-setmana-a-la-cerdanya-i-el-conflent-tren-groc-coves-de-canaletes-i-la-seu-durgell\/#breadcrumb\"},\"inLanguage\":\"ca\",\"potentialAction\":[{\"@type\":\"ReadAction\",\"target\":[\"https:\/\/enjoycatalonia.com\/ca\/tours\/cap-de-setmana-a-la-cerdanya-i-el-conflent-tren-groc-coves-de-canaletes-i-la-seu-durgell\/\"]}]},{\"@type\":\"ImageObject\",\"inLanguage\":\"ca\",\"@id\":\"https:\/\/enjoycatalonia.com\/ca\/tours\/cap-de-setmana-a-la-cerdanya-i-el-conflent-tren-groc-coves-de-canaletes-i-la-seu-durgell\/#primaryimage\",\"url\":\"https:\/\/enjoycatalonia.com\/wp-content\/uploads\/2026\/01\/tren-groc.jpg\",\"contentUrl\":\"https:\/\/enjoycatalonia.com\/wp-content\/uploads\/2026\/01\/tren-groc.jpg\",\"width\":900,\"height\":576},{\"@type\":\"BreadcrumbList\",\"@id\":\"https:\/\/enjoycatalonia.com\/ca\/tours\/cap-de-setmana-a-la-cerdanya-i-el-conflent-tren-groc-coves-de-canaletes-i-la-seu-durgell\/#breadcrumb\",\"itemListElement\":[{\"@type\":\"ListItem\",\"position\":1,\"name\":\"Portada\",\"item\":\"https:\/\/enjoycatalonia.com\/ca\/\"},{\"@type\":\"ListItem\",\"position\":2,\"name\":\"Botiga\",\"item\":\"https:\/\/enjoycatalonia.com\/tienda\/\"},{\"@type\":\"ListItem\",\"position\":3,\"name\":\"Cap de setmana a La Cerdanya i El Conflent: Tren Groc, coves de Canaletes i La Seu d&#8217;Urgell\"}]},{\"@type\":\"WebSite\",\"@id\":\"https:\/\/enjoycatalonia.com\/ca\/#website\",\"url\":\"https:\/\/enjoycatalonia.com\/ca\/\",\"name\":\"Enjoy Catalonia\",\"description\":\"\",\"potentialAction\":[{\"@type\":\"SearchAction\",\"target\":{\"@type\":\"EntryPoint\",\"urlTemplate\":\"https:\/\/enjoycatalonia.com\/ca\/?s={search_term_string}\"},\"query-input\":{\"@type\":\"PropertyValueSpecification\",\"valueRequired\":true,\"valueName\":\"search_term_string\"}}],\"inLanguage\":\"ca\"}]}<\/script>\n<!-- \/ Yoast SEO plugin. -->","yoast_head_json":{"title":"Cap de setmana a La Cerdanya i El Conflent: Tren Groc, coves de Canaletes i La Seu d'Urgell - Enjoy Catalonia","robots":{"index":"index","follow":"follow","max-snippet":"max-snippet:-1","max-image-preview":"max-image-preview:large","max-video-preview":"max-video-preview:-1"},"canonical":"https:\/\/enjoycatalonia.com\/ca\/tours\/cap-de-setmana-a-la-cerdanya-i-el-conflent-tren-groc-coves-de-canaletes-i-la-seu-durgell\/","og_locale":"ca_ES","og_type":"article","og_title":"Cap de setmana a La Cerdanya i El Conflent: Tren Groc, coves de Canaletes i La Seu d'Urgell - Enjoy Catalonia","og_description":"Gaudeix d\u00b4un cap de setmana molt complet amb un recorregut entre muntanyes amb el fam\u00f3s Tren Grog (Tren Jaune) del Conflent i La Cerdanya; descobreix les belles coves de Canaletes; passeja per Vilafranca de Conflent; descobreix Ars\u00e8guel, el poble m\u00e9s bonic del Barid\u00e0; (re)descobreix La Seu d&#8217;Urgell i el Seu, \u00fanica catedral rom\u00e0nica de Catalunya; [&hellip;]","og_url":"https:\/\/enjoycatalonia.com\/ca\/tours\/cap-de-setmana-a-la-cerdanya-i-el-conflent-tren-groc-coves-de-canaletes-i-la-seu-durgell\/","og_site_name":"Enjoy Catalonia","article_modified_time":"2026-05-06T13:24:33+00:00","og_image":[{"width":900,"height":576,"url":"https:\/\/enjoycatalonia.com\/wp-content\/uploads\/2026\/01\/tren-groc.jpg","type":"image\/jpeg"}],"twitter_card":"summary_large_image","twitter_misc":{"Temps estimat de lectura":"1 minut"},"schema":{"@context":"https:\/\/schema.org","@graph":[{"@type":"WebPage","@id":"https:\/\/enjoycatalonia.com\/ca\/tours\/cap-de-setmana-a-la-cerdanya-i-el-conflent-tren-groc-coves-de-canaletes-i-la-seu-durgell\/","url":"https:\/\/enjoycatalonia.com\/ca\/tours\/cap-de-setmana-a-la-cerdanya-i-el-conflent-tren-groc-coves-de-canaletes-i-la-seu-durgell\/","name":"Cap de setmana a La Cerdanya i El Conflent: Tren Groc, coves de Canaletes i La Seu d'Urgell - Enjoy Catalonia","isPartOf":{"@id":"https:\/\/enjoycatalonia.com\/ca\/#website"},"primaryImageOfPage":{"@id":"https:\/\/enjoycatalonia.com\/ca\/tours\/cap-de-setmana-a-la-cerdanya-i-el-conflent-tren-groc-coves-de-canaletes-i-la-seu-durgell\/#primaryimage"},"image":{"@id":"https:\/\/enjoycatalonia.com\/ca\/tours\/cap-de-setmana-a-la-cerdanya-i-el-conflent-tren-groc-coves-de-canaletes-i-la-seu-durgell\/#primaryimage"},"thumbnailUrl":"https:\/\/enjoycatalonia.com\/wp-content\/uploads\/2026\/01\/tren-groc.jpg","datePublished":"2026-01-14T15:27:55+00:00","dateModified":"2026-05-06T13:24:33+00:00","breadcrumb":{"@id":"https:\/\/enjoycatalonia.com\/ca\/tours\/cap-de-setmana-a-la-cerdanya-i-el-conflent-tren-groc-coves-de-canaletes-i-la-seu-durgell\/#breadcrumb"},"inLanguage":"ca","potentialAction":[{"@type":"ReadAction","target":["https:\/\/enjoycatalonia.com\/ca\/tours\/cap-de-setmana-a-la-cerdanya-i-el-conflent-tren-groc-coves-de-canaletes-i-la-seu-durgell\/"]}]},{"@type":"ImageObject","inLanguage":"ca","@id":"https:\/\/enjoycatalonia.com\/ca\/tours\/cap-de-setmana-a-la-cerdanya-i-el-conflent-tren-groc-coves-de-canaletes-i-la-seu-durgell\/#primaryimage","url":"https:\/\/enjoycatalonia.com\/wp-content\/uploads\/2026\/01\/tren-groc.jpg","contentUrl":"https:\/\/enjoycatalonia.com\/wp-content\/uploads\/2026\/01\/tren-groc.jpg","width":900,"height":576},{"@type":"BreadcrumbList","@id":"https:\/\/enjoycatalonia.com\/ca\/tours\/cap-de-setmana-a-la-cerdanya-i-el-conflent-tren-groc-coves-de-canaletes-i-la-seu-durgell\/#breadcrumb","itemListElement":[{"@type":"ListItem","position":1,"name":"Portada","item":"https:\/\/enjoycatalonia.com\/ca\/"},{"@type":"ListItem","position":2,"name":"Botiga","item":"https:\/\/enjoycatalonia.com\/tienda\/"},{"@type":"ListItem","position":3,"name":"Cap de setmana a La Cerdanya i El Conflent: Tren Groc, coves de Canaletes i La Seu d&#8217;Urgell"}]},{"@type":"WebSite","@id":"https:\/\/enjoycatalonia.com\/ca\/#website","url":"https:\/\/enjoycatalonia.com\/ca\/","name":"Enjoy Catalonia","description":"","potentialAction":[{"@type":"SearchAction","target":{"@type":"EntryPoint","urlTemplate":"https:\/\/enjoycatalonia.com\/ca\/?s={search_term_string}"},"query-input":{"@type":"PropertyValueSpecification","valueRequired":true,"valueName":"search_term_string"}}],"inLanguage":"ca"}]}},"_links":{"self":[{"href":"https:\/\/enjoycatalonia.com\/ca\/wp-json\/wp\/v2\/product\/3469","targetHints":{"allow":["GET"]}}],"collection":[{"href":"https:\/\/enjoycatalonia.com\/ca\/wp-json\/wp\/v2\/product"}],"about":[{"href":"https:\/\/enjoycatalonia.com\/ca\/wp-json\/wp\/v2\/types\/product"}],"wp:featuredmedia":[{"embeddable":true,"href":"https:\/\/enjoycatalonia.com\/ca\/wp-json\/wp\/v2\/media\/3472"}],"wp:attachment":[{"href":"https:\/\/enjoycatalonia.com\/ca\/wp-json\/wp\/v2\/media?parent=3469"}],"wp:term":[{"taxonomy":"product_brand","embeddable":true,"href":"https:\/\/enjoycatalonia.com\/ca\/wp-json\/wp\/v2\/product_brand?post=3469"},{"taxonomy":"product_cat","embeddable":true,"href":"https:\/\/enjoycatalonia.com\/ca\/wp-json\/wp\/v2\/product_cat?post=3469"},{"taxonomy":"product_tag","embeddable":true,"href":"https:\/\/enjoycatalonia.com\/ca\/wp-json\/wp\/v2\/product_tag?post=3469"}],"curies":[{"name":"wp","href":"https:\/\/api.w.org\/{rel}","templated":true}]}}