{"id":3545,"date":"2026-02-10T12:25:03","date_gmt":"2026-02-10T11:25:03","guid":{"rendered":"https:\/\/enjoycatalonia.com\/tours\/setmana-santa-a-la-provenca-nimes-marsella-aix-en-provence-avinyo-i-pobles\/"},"modified":"2026-03-31T23:30:24","modified_gmt":"2026-03-31T21:30:24","slug":"setmana-santa-a-la-provenca-nimes-marsella-aix-en-provence-avinyo-i-pobles","status":"publish","type":"product","link":"https:\/\/enjoycatalonia.com\/ca\/tours\/setmana-santa-a-la-provenca-nimes-marsella-aix-en-provence-avinyo-i-pobles\/","title":{"rendered":"Setmana Santa a La Proven\u00e7a: Nimes, Marsella, Aix-en-Provence, Aviny\u00f3 i pobles"},"content":{"rendered":"<p>Gaudeix de <strong>quatre dies molt intensos al sud de Fran\u00e7a<\/strong> amb un recorregut amb autocar per <strong>la Proven\u00e7a<\/strong> mar\u00edtima amb sortida des de Barcelona i allotjament en un hotel de 4 estrelles d&#8217; <strong>Aviny\u00f3<\/strong> .<\/p>\n<p data-start=\"154\" data-end=\"530\">Durant el viatge tindrem l&#8217;oportunitat de visitar <strong>Nimes<\/strong> , la petita Roma de Fran\u00e7a; la bella <strong>Aviny\u00f3<\/strong> , la ciutat dels Papes; <strong>Aix-en-Provence,<\/strong> bella ciutat proven\u00e7al i bressol de Paul C\u00e9zanne; la vibrant <strong>Marsella<\/strong> , amb passeig amb vaixell fins al llegendari castell d&#8217;If; tres dels pobles m\u00e9s bonics de la Proven\u00e7a: <strong>Les Baux de Provence<\/strong> , <strong>Gordes<\/strong> i <strong>Roussillon<\/strong> ; aix\u00ed com les <em><strong>Carri\u00e8res de Lumi\u00e8res<\/strong><\/em> (Canteres de Llums), un espectacular centre d&#8217;art digital i immersiu situat en una antiga pedrera de pedra.<\/p>\n<p data-start=\"1596\" data-end=\"1756\">Un itinerari molt complet per gaudir de la Setmana Santa al sud de Fran\u00e7a!<\/p>\n","protected":false},"excerpt":{"rendered":"<p>Gaudeix de quatre dies molt intensos al sud de Fran\u00e7a amb un recorregut amb autocar per la Proven\u00e7a mar\u00edtima amb sortida des de Barcelona i allotjament en un hotel de 4 estrelles d&#8217; Aviny\u00f3 . Durant el viatge tindrem l&#8217;oportunitat de visitar Nimes , la petita Roma de Fran\u00e7a; la bella Aviny\u00f3 , la ciutat [&hellip;]<\/p>\n","protected":false},"featured_media":3449,"template":"","meta":{"_acf_changed":false},"product_brand":[],"product_cat":[62],"product_tag":[],"class_list":{"0":"post-3545","1":"product","2":"type-product","3":"status-publish","4":"has-post-thumbnail","6":"product_cat-viatges-passats","7":"tm-has-options","9":"first","10":"instock","11":"shipping-taxable","12":"product-type-simple"},"acf":[],"yoast_head":"<!-- This site is optimized with the Yoast SEO plugin v27.2 - https:\/\/yoast.com\/product\/yoast-seo-wordpress\/ -->\n<title>Setmana Santa a La Proven\u00e7a: Nimes, Marsella, Aix-en-Provence, Aviny\u00f3 i pobles - Enjoy Catalonia<\/title>\n<meta name=\"robots\" content=\"index, follow, max-snippet:-1, max-image-preview:large, max-video-preview:-1\" \/>\n<link rel=\"canonical\" href=\"https:\/\/enjoycatalonia.com\/ca\/tours\/setmana-santa-a-la-provenca-nimes-marsella-aix-en-provence-avinyo-i-pobles\/\" \/>\n<meta property=\"og:locale\" content=\"ca_ES\" \/>\n<meta property=\"og:type\" content=\"article\" \/>\n<meta property=\"og:title\" content=\"Setmana Santa a La Proven\u00e7a: Nimes, Marsella, Aix-en-Provence, Aviny\u00f3 i pobles - Enjoy Catalonia\" \/>\n<meta property=\"og:description\" content=\"Gaudeix de quatre dies molt intensos al sud de Fran\u00e7a amb un recorregut amb autocar per la Proven\u00e7a mar\u00edtima amb sortida des de Barcelona i allotjament en un hotel de 4 estrelles d&#8217; Aviny\u00f3 . Durant el viatge tindrem l&#8217;oportunitat de visitar Nimes , la petita Roma de Fran\u00e7a; la bella Aviny\u00f3 , la ciutat [&hellip;]\" \/>\n<meta property=\"og:url\" content=\"https:\/\/enjoycatalonia.com\/ca\/tours\/setmana-santa-a-la-provenca-nimes-marsella-aix-en-provence-avinyo-i-pobles\/\" \/>\n<meta property=\"og:site_name\" content=\"Enjoy Catalonia\" \/>\n<meta property=\"article:modified_time\" content=\"2026-03-31T21:30:24+00:00\" \/>\n<meta property=\"og:image\" content=\"https:\/\/enjoycatalonia.com\/wp-content\/uploads\/2026\/02\/AdobeStock_361865188.jpg\" \/>\n\t<meta property=\"og:image:width\" content=\"1500\" \/>\n\t<meta property=\"og:image:height\" content=\"945\" \/>\n\t<meta property=\"og:image:type\" content=\"image\/jpeg\" \/>\n<meta name=\"twitter:card\" content=\"summary_large_image\" \/>\n<meta name=\"twitter:label1\" content=\"Temps estimat de lectura\" \/>\n\t<meta name=\"twitter:data1\" content=\"1 minut\" \/>\n<script type=\"application\/ld+json\" class=\"yoast-schema-graph\">{\"@context\":\"https:\/\/schema.org\",\"@graph\":[{\"@type\":\"WebPage\",\"@id\":\"https:\/\/enjoycatalonia.com\/ca\/tours\/setmana-santa-a-la-provenca-nimes-marsella-aix-en-provence-avinyo-i-pobles\/\",\"url\":\"https:\/\/enjoycatalonia.com\/ca\/tours\/setmana-santa-a-la-provenca-nimes-marsella-aix-en-provence-avinyo-i-pobles\/\",\"name\":\"Setmana Santa a La Proven\u00e7a: Nimes, Marsella, Aix-en-Provence, Aviny\u00f3 i pobles - Enjoy Catalonia\",\"isPartOf\":{\"@id\":\"https:\/\/enjoycatalonia.com\/ca\/#website\"},\"primaryImageOfPage\":{\"@id\":\"https:\/\/enjoycatalonia.com\/ca\/tours\/setmana-santa-a-la-provenca-nimes-marsella-aix-en-provence-avinyo-i-pobles\/#primaryimage\"},\"image\":{\"@id\":\"https:\/\/enjoycatalonia.com\/ca\/tours\/setmana-santa-a-la-provenca-nimes-marsella-aix-en-provence-avinyo-i-pobles\/#primaryimage\"},\"thumbnailUrl\":\"https:\/\/enjoycatalonia.com\/wp-content\/uploads\/2026\/02\/AdobeStock_361865188.jpg\",\"datePublished\":\"2026-02-10T11:25:03+00:00\",\"dateModified\":\"2026-03-31T21:30:24+00:00\",\"breadcrumb\":{\"@id\":\"https:\/\/enjoycatalonia.com\/ca\/tours\/setmana-santa-a-la-provenca-nimes-marsella-aix-en-provence-avinyo-i-pobles\/#breadcrumb\"},\"inLanguage\":\"ca\",\"potentialAction\":[{\"@type\":\"ReadAction\",\"target\":[\"https:\/\/enjoycatalonia.com\/ca\/tours\/setmana-santa-a-la-provenca-nimes-marsella-aix-en-provence-avinyo-i-pobles\/\"]}]},{\"@type\":\"ImageObject\",\"inLanguage\":\"ca\",\"@id\":\"https:\/\/enjoycatalonia.com\/ca\/tours\/setmana-santa-a-la-provenca-nimes-marsella-aix-en-provence-avinyo-i-pobles\/#primaryimage\",\"url\":\"https:\/\/enjoycatalonia.com\/wp-content\/uploads\/2026\/02\/AdobeStock_361865188.jpg\",\"contentUrl\":\"https:\/\/enjoycatalonia.com\/wp-content\/uploads\/2026\/02\/AdobeStock_361865188.jpg\",\"width\":1500,\"height\":945},{\"@type\":\"BreadcrumbList\",\"@id\":\"https:\/\/enjoycatalonia.com\/ca\/tours\/setmana-santa-a-la-provenca-nimes-marsella-aix-en-provence-avinyo-i-pobles\/#breadcrumb\",\"itemListElement\":[{\"@type\":\"ListItem\",\"position\":1,\"name\":\"Portada\",\"item\":\"https:\/\/enjoycatalonia.com\/ca\/\"},{\"@type\":\"ListItem\",\"position\":2,\"name\":\"Botiga\",\"item\":\"https:\/\/enjoycatalonia.com\/tienda\/\"},{\"@type\":\"ListItem\",\"position\":3,\"name\":\"Setmana Santa a La Proven\u00e7a: Nimes, Marsella, Aix-en-Provence, Aviny\u00f3 i pobles\"}]},{\"@type\":\"WebSite\",\"@id\":\"https:\/\/enjoycatalonia.com\/ca\/#website\",\"url\":\"https:\/\/enjoycatalonia.com\/ca\/\",\"name\":\"Enjoy Catalonia\",\"description\":\"\",\"potentialAction\":[{\"@type\":\"SearchAction\",\"target\":{\"@type\":\"EntryPoint\",\"urlTemplate\":\"https:\/\/enjoycatalonia.com\/ca\/?s={search_term_string}\"},\"query-input\":{\"@type\":\"PropertyValueSpecification\",\"valueRequired\":true,\"valueName\":\"search_term_string\"}}],\"inLanguage\":\"ca\"}]}<\/script>\n<!-- \/ Yoast SEO plugin. -->","yoast_head_json":{"title":"Setmana Santa a La Proven\u00e7a: Nimes, Marsella, Aix-en-Provence, Aviny\u00f3 i pobles - Enjoy Catalonia","robots":{"index":"index","follow":"follow","max-snippet":"max-snippet:-1","max-image-preview":"max-image-preview:large","max-video-preview":"max-video-preview:-1"},"canonical":"https:\/\/enjoycatalonia.com\/ca\/tours\/setmana-santa-a-la-provenca-nimes-marsella-aix-en-provence-avinyo-i-pobles\/","og_locale":"ca_ES","og_type":"article","og_title":"Setmana Santa a La Proven\u00e7a: Nimes, Marsella, Aix-en-Provence, Aviny\u00f3 i pobles - Enjoy Catalonia","og_description":"Gaudeix de quatre dies molt intensos al sud de Fran\u00e7a amb un recorregut amb autocar per la Proven\u00e7a mar\u00edtima amb sortida des de Barcelona i allotjament en un hotel de 4 estrelles d&#8217; Aviny\u00f3 . Durant el viatge tindrem l&#8217;oportunitat de visitar Nimes , la petita Roma de Fran\u00e7a; la bella Aviny\u00f3 , la ciutat [&hellip;]","og_url":"https:\/\/enjoycatalonia.com\/ca\/tours\/setmana-santa-a-la-provenca-nimes-marsella-aix-en-provence-avinyo-i-pobles\/","og_site_name":"Enjoy Catalonia","article_modified_time":"2026-03-31T21:30:24+00:00","og_image":[{"width":1500,"height":945,"url":"https:\/\/enjoycatalonia.com\/wp-content\/uploads\/2026\/02\/AdobeStock_361865188.jpg","type":"image\/jpeg"}],"twitter_card":"summary_large_image","twitter_misc":{"Temps estimat de lectura":"1 minut"},"schema":{"@context":"https:\/\/schema.org","@graph":[{"@type":"WebPage","@id":"https:\/\/enjoycatalonia.com\/ca\/tours\/setmana-santa-a-la-provenca-nimes-marsella-aix-en-provence-avinyo-i-pobles\/","url":"https:\/\/enjoycatalonia.com\/ca\/tours\/setmana-santa-a-la-provenca-nimes-marsella-aix-en-provence-avinyo-i-pobles\/","name":"Setmana Santa a La Proven\u00e7a: Nimes, Marsella, Aix-en-Provence, Aviny\u00f3 i pobles - Enjoy Catalonia","isPartOf":{"@id":"https:\/\/enjoycatalonia.com\/ca\/#website"},"primaryImageOfPage":{"@id":"https:\/\/enjoycatalonia.com\/ca\/tours\/setmana-santa-a-la-provenca-nimes-marsella-aix-en-provence-avinyo-i-pobles\/#primaryimage"},"image":{"@id":"https:\/\/enjoycatalonia.com\/ca\/tours\/setmana-santa-a-la-provenca-nimes-marsella-aix-en-provence-avinyo-i-pobles\/#primaryimage"},"thumbnailUrl":"https:\/\/enjoycatalonia.com\/wp-content\/uploads\/2026\/02\/AdobeStock_361865188.jpg","datePublished":"2026-02-10T11:25:03+00:00","dateModified":"2026-03-31T21:30:24+00:00","breadcrumb":{"@id":"https:\/\/enjoycatalonia.com\/ca\/tours\/setmana-santa-a-la-provenca-nimes-marsella-aix-en-provence-avinyo-i-pobles\/#breadcrumb"},"inLanguage":"ca","potentialAction":[{"@type":"ReadAction","target":["https:\/\/enjoycatalonia.com\/ca\/tours\/setmana-santa-a-la-provenca-nimes-marsella-aix-en-provence-avinyo-i-pobles\/"]}]},{"@type":"ImageObject","inLanguage":"ca","@id":"https:\/\/enjoycatalonia.com\/ca\/tours\/setmana-santa-a-la-provenca-nimes-marsella-aix-en-provence-avinyo-i-pobles\/#primaryimage","url":"https:\/\/enjoycatalonia.com\/wp-content\/uploads\/2026\/02\/AdobeStock_361865188.jpg","contentUrl":"https:\/\/enjoycatalonia.com\/wp-content\/uploads\/2026\/02\/AdobeStock_361865188.jpg","width":1500,"height":945},{"@type":"BreadcrumbList","@id":"https:\/\/enjoycatalonia.com\/ca\/tours\/setmana-santa-a-la-provenca-nimes-marsella-aix-en-provence-avinyo-i-pobles\/#breadcrumb","itemListElement":[{"@type":"ListItem","position":1,"name":"Portada","item":"https:\/\/enjoycatalonia.com\/ca\/"},{"@type":"ListItem","position":2,"name":"Botiga","item":"https:\/\/enjoycatalonia.com\/tienda\/"},{"@type":"ListItem","position":3,"name":"Setmana Santa a La Proven\u00e7a: Nimes, Marsella, Aix-en-Provence, Aviny\u00f3 i pobles"}]},{"@type":"WebSite","@id":"https:\/\/enjoycatalonia.com\/ca\/#website","url":"https:\/\/enjoycatalonia.com\/ca\/","name":"Enjoy Catalonia","description":"","potentialAction":[{"@type":"SearchAction","target":{"@type":"EntryPoint","urlTemplate":"https:\/\/enjoycatalonia.com\/ca\/?s={search_term_string}"},"query-input":{"@type":"PropertyValueSpecification","valueRequired":true,"valueName":"search_term_string"}}],"inLanguage":"ca"}]}},"_links":{"self":[{"href":"https:\/\/enjoycatalonia.com\/ca\/wp-json\/wp\/v2\/product\/3545","targetHints":{"allow":["GET"]}}],"collection":[{"href":"https:\/\/enjoycatalonia.com\/ca\/wp-json\/wp\/v2\/product"}],"about":[{"href":"https:\/\/enjoycatalonia.com\/ca\/wp-json\/wp\/v2\/types\/product"}],"wp:featuredmedia":[{"embeddable":true,"href":"https:\/\/enjoycatalonia.com\/ca\/wp-json\/wp\/v2\/media\/3449"}],"wp:attachment":[{"href":"https:\/\/enjoycatalonia.com\/ca\/wp-json\/wp\/v2\/media?parent=3545"}],"wp:term":[{"taxonomy":"product_brand","embeddable":true,"href":"https:\/\/enjoycatalonia.com\/ca\/wp-json\/wp\/v2\/product_brand?post=3545"},{"taxonomy":"product_cat","embeddable":true,"href":"https:\/\/enjoycatalonia.com\/ca\/wp-json\/wp\/v2\/product_cat?post=3545"},{"taxonomy":"product_tag","embeddable":true,"href":"https:\/\/enjoycatalonia.com\/ca\/wp-json\/wp\/v2\/product_tag?post=3545"}],"curies":[{"name":"wp","href":"https:\/\/api.w.org\/{rel}","templated":true}]}}