{"id":3549,"date":"2026-02-09T11:44:07","date_gmt":"2026-02-09T10:44:07","guid":{"rendered":"https:\/\/enjoycatalonia.com\/tours\/estiu-a-euskadi-sant-sebastia-bilbao-interior-rural-i-costa-basca-francesa\/"},"modified":"2026-03-03T09:35:59","modified_gmt":"2026-03-03T08:35:59","slug":"estiu-a-euskadi-sant-sebastia-bilbao-interior-rural-i-costa-basca-francesa","status":"publish","type":"product","link":"https:\/\/enjoycatalonia.com\/ca\/tours\/estiu-a-euskadi-sant-sebastia-bilbao-interior-rural-i-costa-basca-francesa\/","title":{"rendered":"Estiu a Euskadi: Sant Sebasti\u00e0, Bilbao, interior rural i costa basca francesa"},"content":{"rendered":"<p>Un <strong>espectacular i complet\u00edssim viatge d&#8217;una setmana (6 nits)<\/strong> a Euskadi per les prov\u00edncies de <strong>Guip\u00fascoa<\/strong> i <strong>Biscaia<\/strong> que ens permetr\u00e0 gaudir de la bonica <strong>Sant Sebasti\u00e0<\/strong> i visitar la sempre interessant <strong>Bilbao<\/strong> ; descobrir el bell\u00edssim <strong>interior rural de Guip\u00fascoa i Biscaia; rec\u00f3rrer gran part de la impressionant<\/strong> <strong>costa basca, des de Getxo, a Biscaia, fins a Biarritz, al Pa\u00eds Basc franc\u00e8s; navegar des de Zumaia a Deba pels impressionants flysch i agafar un vaixell des de Bermeo fins a Sant Joan de Gaztelugatxe,<\/strong> un dels santuaris m\u00e9s meravellosos d&#8217;Espanya; visitar els <strong>santuaris d&#8217;Ar\u00e1nzazu i Loyola<\/strong> , el bressol dels jesu\u00eftes; <strong>gaudir de l&#8217;excel\u00b7lent gastronomia basca<\/strong> ; passejar per pobles de postal i gaudir de bell\u00edssims espais naturals; descobrir la fascinant hist\u00f2ria dels bascos; etc.<\/p>\n<p>Durant el viatge tindrem ocasi\u00f3 de:<\/p>\n<p><strong>DESCOBRIR I GAUDIR DE GUIP\u00daSCOA<\/strong><\/p>\n<p><strong>1- Rec\u00f3rrer la costa guipuscoana i visitar els seus pobles m\u00e9s emblem\u00e0tics: des de Biarritz, al Pa\u00eds Basc franc\u00e8s, fins a Motrico passant per Passatges, Zarautz, Getaria, Zumaia i Deba<\/strong> . El nostre itinerari per la costa inclou un <strong>recorregut guiat amb vaixell<\/strong> en exclusiva pel nostre grup <strong>des de Zumaia a Deba<\/strong> que ens permetr\u00e0 descobrir els penya-segats del flysch i admirar la seva extraordin\u00e0ria bellesa.<\/p>\n<p><strong>2-<\/strong> Rec\u00f3rrer <strong>l&#8217;interior de la prov\u00edncia de Guip\u00fascoa<\/strong> , amb visita guiada a la monumental <strong>O\u00f1ate<\/strong> , caminada suau en un bell paratge, visita al <strong>santuari de Loiola<\/strong> , bressol dels jesu\u00eftes, i visita al <strong>santuari de La nostra Senyora d&#8217;Ar\u00e1nzazu<\/strong> , situat en un entorn natural de gran bellesa.<\/p>\n<p><strong>3-<\/strong> <strong>Descobrir i gaudir de Sant Sebasti\u00e0<\/strong> , la bella capital guipuscoana, amb passejades guiades molt completes (des de l&#8217;Urgull fins a la muntanya Igueldo passant pel nucli antic i l&#8217;eixample) que ens permetran con\u00e8ixer la ciutat i la seva hist\u00f2ria, i gaudir de l&#8217;ambient i de les tradicions donostiarres.<\/p>\n<p><strong>DESCOBRIR I GAUDIR DE BISCAIA<\/strong><\/p>\n<p><strong>4.<\/strong> <strong>Monte Artxanda<\/strong> , amb les millors vistes de Bilbao i els seus voltants; <strong>Portugalete i Santurce<\/strong> , amb el seu impressionant pont penjant; <strong>Valmaseda, capital de les Encartaciones<\/strong> , comarca amb furs propis fins al segle XIX; la senyorial <strong>Getxo i les seves boniques platges<\/strong> , etc.<\/p>\n<p><strong>5<\/strong> . <strong>Guernica, Mundaka i Bermeo<\/strong> , on agafarem un <strong>vaixell per gaudir des del mar del gran atractiu de la costa basca: l&#8217;impressionant illot i santuari de Sant Joan de Gaztelugatxe<\/strong> . Tamb\u00e9 visitem la <strong>confraria de pescadors<\/strong> , on tindrem oportunitat d&#8217;escoltar les explicacions i an\u00e8cdotes de les dones dels pescadors. Tamb\u00e9 farem un passeig guiat per <strong>Guernica<\/strong> , s\u00edmbol de les llibertats basques i de l&#8217;horror de la guerra.<\/p>\n<p><strong>6-<\/strong> Descobrir <strong>la ciutat de Bilbao<\/strong> i visitar el <strong>museu Guggenheim<\/strong> , un dels edificis m\u00e9s destacats de l&#8217;arquitectura mundial.<\/p>\n<p>Un viatge espectacular per descobrir i gaudir de les meravelloses prov\u00edncies de Guip\u00fascoa i Biscaia.<\/p>\n<p><strong>GRUP M\u00cdNIM 15 PERSONES I M\u00c0XIM 25<\/strong><\/p>\n","protected":false},"excerpt":{"rendered":"<p>Un espectacular i complet\u00edssim viatge d&#8217;una setmana (6 nits) a Euskadi per les prov\u00edncies de Guip\u00fascoa i Biscaia que ens permetr\u00e0 gaudir de la bonica Sant Sebasti\u00e0 i visitar la sempre interessant Bilbao ; descobrir el bell\u00edssim interior rural de Guip\u00fascoa i Biscaia; rec\u00f3rrer gran part de la impressionant costa basca, des de Getxo, a [&hellip;]<\/p>\n","protected":false},"featured_media":3552,"template":"","meta":{"_acf_changed":false},"product_brand":[],"product_cat":[62],"product_tag":[],"class_list":{"0":"post-3549","1":"product","2":"type-product","3":"status-publish","4":"has-post-thumbnail","6":"product_cat-viatges-passats","7":"tm-no-options","9":"first","10":"instock","11":"shipping-taxable","12":"product-type-simple"},"acf":[],"yoast_head":"<!-- This site is optimized with the Yoast SEO plugin v27.2 - https:\/\/yoast.com\/product\/yoast-seo-wordpress\/ -->\n<title>Estiu a Euskadi: Sant Sebasti\u00e0, Bilbao, interior rural i costa basca francesa - Enjoy Catalonia<\/title>\n<meta name=\"robots\" content=\"index, follow, max-snippet:-1, max-image-preview:large, max-video-preview:-1\" \/>\n<link rel=\"canonical\" href=\"https:\/\/enjoycatalonia.com\/ca\/tours\/estiu-a-euskadi-sant-sebastia-bilbao-interior-rural-i-costa-basca-francesa\/\" \/>\n<meta property=\"og:locale\" content=\"ca_ES\" \/>\n<meta property=\"og:type\" content=\"article\" \/>\n<meta property=\"og:title\" content=\"Estiu a Euskadi: Sant Sebasti\u00e0, Bilbao, interior rural i costa basca francesa - Enjoy Catalonia\" \/>\n<meta property=\"og:description\" content=\"Un espectacular i complet\u00edssim viatge d&#8217;una setmana (6 nits) a Euskadi per les prov\u00edncies de Guip\u00fascoa i Biscaia que ens permetr\u00e0 gaudir de la bonica Sant Sebasti\u00e0 i visitar la sempre interessant Bilbao ; descobrir el bell\u00edssim interior rural de Guip\u00fascoa i Biscaia; rec\u00f3rrer gran part de la impressionant costa basca, des de Getxo, a [&hellip;]\" \/>\n<meta property=\"og:url\" content=\"https:\/\/enjoycatalonia.com\/ca\/tours\/estiu-a-euskadi-sant-sebastia-bilbao-interior-rural-i-costa-basca-francesa\/\" \/>\n<meta property=\"og:site_name\" content=\"Enjoy Catalonia\" \/>\n<meta property=\"article:modified_time\" content=\"2026-03-03T08:35:59+00:00\" \/>\n<meta property=\"og:image\" content=\"https:\/\/enjoycatalonia.com\/wp-content\/uploads\/2026\/02\/shutterstock_1197259321.jpg\" \/>\n\t<meta property=\"og:image:width\" content=\"1500\" \/>\n\t<meta property=\"og:image:height\" content=\"923\" \/>\n\t<meta property=\"og:image:type\" content=\"image\/jpeg\" \/>\n<meta name=\"twitter:card\" content=\"summary_large_image\" \/>\n<meta name=\"twitter:label1\" content=\"Temps estimat de lectura\" \/>\n\t<meta name=\"twitter:data1\" content=\"3 minuts\" \/>\n<script type=\"application\/ld+json\" class=\"yoast-schema-graph\">{\"@context\":\"https:\/\/schema.org\",\"@graph\":[{\"@type\":\"WebPage\",\"@id\":\"https:\/\/enjoycatalonia.com\/ca\/tours\/estiu-a-euskadi-sant-sebastia-bilbao-interior-rural-i-costa-basca-francesa\/\",\"url\":\"https:\/\/enjoycatalonia.com\/ca\/tours\/estiu-a-euskadi-sant-sebastia-bilbao-interior-rural-i-costa-basca-francesa\/\",\"name\":\"Estiu a Euskadi: Sant Sebasti\u00e0, Bilbao, interior rural i costa basca francesa - Enjoy Catalonia\",\"isPartOf\":{\"@id\":\"https:\/\/enjoycatalonia.com\/ca\/#website\"},\"primaryImageOfPage\":{\"@id\":\"https:\/\/enjoycatalonia.com\/ca\/tours\/estiu-a-euskadi-sant-sebastia-bilbao-interior-rural-i-costa-basca-francesa\/#primaryimage\"},\"image\":{\"@id\":\"https:\/\/enjoycatalonia.com\/ca\/tours\/estiu-a-euskadi-sant-sebastia-bilbao-interior-rural-i-costa-basca-francesa\/#primaryimage\"},\"thumbnailUrl\":\"https:\/\/enjoycatalonia.com\/wp-content\/uploads\/2026\/02\/shutterstock_1197259321.jpg\",\"datePublished\":\"2026-02-09T10:44:07+00:00\",\"dateModified\":\"2026-03-03T08:35:59+00:00\",\"breadcrumb\":{\"@id\":\"https:\/\/enjoycatalonia.com\/ca\/tours\/estiu-a-euskadi-sant-sebastia-bilbao-interior-rural-i-costa-basca-francesa\/#breadcrumb\"},\"inLanguage\":\"ca\",\"potentialAction\":[{\"@type\":\"ReadAction\",\"target\":[\"https:\/\/enjoycatalonia.com\/ca\/tours\/estiu-a-euskadi-sant-sebastia-bilbao-interior-rural-i-costa-basca-francesa\/\"]}]},{\"@type\":\"ImageObject\",\"inLanguage\":\"ca\",\"@id\":\"https:\/\/enjoycatalonia.com\/ca\/tours\/estiu-a-euskadi-sant-sebastia-bilbao-interior-rural-i-costa-basca-francesa\/#primaryimage\",\"url\":\"https:\/\/enjoycatalonia.com\/wp-content\/uploads\/2026\/02\/shutterstock_1197259321.jpg\",\"contentUrl\":\"https:\/\/enjoycatalonia.com\/wp-content\/uploads\/2026\/02\/shutterstock_1197259321.jpg\",\"width\":1500,\"height\":923},{\"@type\":\"BreadcrumbList\",\"@id\":\"https:\/\/enjoycatalonia.com\/ca\/tours\/estiu-a-euskadi-sant-sebastia-bilbao-interior-rural-i-costa-basca-francesa\/#breadcrumb\",\"itemListElement\":[{\"@type\":\"ListItem\",\"position\":1,\"name\":\"Portada\",\"item\":\"https:\/\/enjoycatalonia.com\/ca\/\"},{\"@type\":\"ListItem\",\"position\":2,\"name\":\"Botiga\",\"item\":\"https:\/\/enjoycatalonia.com\/tienda\/\"},{\"@type\":\"ListItem\",\"position\":3,\"name\":\"Estiu a Euskadi: Sant Sebasti\u00e0, Bilbao, interior rural i costa basca francesa\"}]},{\"@type\":\"WebSite\",\"@id\":\"https:\/\/enjoycatalonia.com\/ca\/#website\",\"url\":\"https:\/\/enjoycatalonia.com\/ca\/\",\"name\":\"Enjoy Catalonia\",\"description\":\"\",\"potentialAction\":[{\"@type\":\"SearchAction\",\"target\":{\"@type\":\"EntryPoint\",\"urlTemplate\":\"https:\/\/enjoycatalonia.com\/ca\/?s={search_term_string}\"},\"query-input\":{\"@type\":\"PropertyValueSpecification\",\"valueRequired\":true,\"valueName\":\"search_term_string\"}}],\"inLanguage\":\"ca\"}]}<\/script>\n<!-- \/ Yoast SEO plugin. -->","yoast_head_json":{"title":"Estiu a Euskadi: Sant Sebasti\u00e0, Bilbao, interior rural i costa basca francesa - Enjoy Catalonia","robots":{"index":"index","follow":"follow","max-snippet":"max-snippet:-1","max-image-preview":"max-image-preview:large","max-video-preview":"max-video-preview:-1"},"canonical":"https:\/\/enjoycatalonia.com\/ca\/tours\/estiu-a-euskadi-sant-sebastia-bilbao-interior-rural-i-costa-basca-francesa\/","og_locale":"ca_ES","og_type":"article","og_title":"Estiu a Euskadi: Sant Sebasti\u00e0, Bilbao, interior rural i costa basca francesa - Enjoy Catalonia","og_description":"Un espectacular i complet\u00edssim viatge d&#8217;una setmana (6 nits) a Euskadi per les prov\u00edncies de Guip\u00fascoa i Biscaia que ens permetr\u00e0 gaudir de la bonica Sant Sebasti\u00e0 i visitar la sempre interessant Bilbao ; descobrir el bell\u00edssim interior rural de Guip\u00fascoa i Biscaia; rec\u00f3rrer gran part de la impressionant costa basca, des de Getxo, a [&hellip;]","og_url":"https:\/\/enjoycatalonia.com\/ca\/tours\/estiu-a-euskadi-sant-sebastia-bilbao-interior-rural-i-costa-basca-francesa\/","og_site_name":"Enjoy Catalonia","article_modified_time":"2026-03-03T08:35:59+00:00","og_image":[{"width":1500,"height":923,"url":"https:\/\/enjoycatalonia.com\/wp-content\/uploads\/2026\/02\/shutterstock_1197259321.jpg","type":"image\/jpeg"}],"twitter_card":"summary_large_image","twitter_misc":{"Temps estimat de lectura":"3 minuts"},"schema":{"@context":"https:\/\/schema.org","@graph":[{"@type":"WebPage","@id":"https:\/\/enjoycatalonia.com\/ca\/tours\/estiu-a-euskadi-sant-sebastia-bilbao-interior-rural-i-costa-basca-francesa\/","url":"https:\/\/enjoycatalonia.com\/ca\/tours\/estiu-a-euskadi-sant-sebastia-bilbao-interior-rural-i-costa-basca-francesa\/","name":"Estiu a Euskadi: Sant Sebasti\u00e0, Bilbao, interior rural i costa basca francesa - Enjoy Catalonia","isPartOf":{"@id":"https:\/\/enjoycatalonia.com\/ca\/#website"},"primaryImageOfPage":{"@id":"https:\/\/enjoycatalonia.com\/ca\/tours\/estiu-a-euskadi-sant-sebastia-bilbao-interior-rural-i-costa-basca-francesa\/#primaryimage"},"image":{"@id":"https:\/\/enjoycatalonia.com\/ca\/tours\/estiu-a-euskadi-sant-sebastia-bilbao-interior-rural-i-costa-basca-francesa\/#primaryimage"},"thumbnailUrl":"https:\/\/enjoycatalonia.com\/wp-content\/uploads\/2026\/02\/shutterstock_1197259321.jpg","datePublished":"2026-02-09T10:44:07+00:00","dateModified":"2026-03-03T08:35:59+00:00","breadcrumb":{"@id":"https:\/\/enjoycatalonia.com\/ca\/tours\/estiu-a-euskadi-sant-sebastia-bilbao-interior-rural-i-costa-basca-francesa\/#breadcrumb"},"inLanguage":"ca","potentialAction":[{"@type":"ReadAction","target":["https:\/\/enjoycatalonia.com\/ca\/tours\/estiu-a-euskadi-sant-sebastia-bilbao-interior-rural-i-costa-basca-francesa\/"]}]},{"@type":"ImageObject","inLanguage":"ca","@id":"https:\/\/enjoycatalonia.com\/ca\/tours\/estiu-a-euskadi-sant-sebastia-bilbao-interior-rural-i-costa-basca-francesa\/#primaryimage","url":"https:\/\/enjoycatalonia.com\/wp-content\/uploads\/2026\/02\/shutterstock_1197259321.jpg","contentUrl":"https:\/\/enjoycatalonia.com\/wp-content\/uploads\/2026\/02\/shutterstock_1197259321.jpg","width":1500,"height":923},{"@type":"BreadcrumbList","@id":"https:\/\/enjoycatalonia.com\/ca\/tours\/estiu-a-euskadi-sant-sebastia-bilbao-interior-rural-i-costa-basca-francesa\/#breadcrumb","itemListElement":[{"@type":"ListItem","position":1,"name":"Portada","item":"https:\/\/enjoycatalonia.com\/ca\/"},{"@type":"ListItem","position":2,"name":"Botiga","item":"https:\/\/enjoycatalonia.com\/tienda\/"},{"@type":"ListItem","position":3,"name":"Estiu a Euskadi: Sant Sebasti\u00e0, Bilbao, interior rural i costa basca francesa"}]},{"@type":"WebSite","@id":"https:\/\/enjoycatalonia.com\/ca\/#website","url":"https:\/\/enjoycatalonia.com\/ca\/","name":"Enjoy Catalonia","description":"","potentialAction":[{"@type":"SearchAction","target":{"@type":"EntryPoint","urlTemplate":"https:\/\/enjoycatalonia.com\/ca\/?s={search_term_string}"},"query-input":{"@type":"PropertyValueSpecification","valueRequired":true,"valueName":"search_term_string"}}],"inLanguage":"ca"}]}},"_links":{"self":[{"href":"https:\/\/enjoycatalonia.com\/ca\/wp-json\/wp\/v2\/product\/3549","targetHints":{"allow":["GET"]}}],"collection":[{"href":"https:\/\/enjoycatalonia.com\/ca\/wp-json\/wp\/v2\/product"}],"about":[{"href":"https:\/\/enjoycatalonia.com\/ca\/wp-json\/wp\/v2\/types\/product"}],"wp:featuredmedia":[{"embeddable":true,"href":"https:\/\/enjoycatalonia.com\/ca\/wp-json\/wp\/v2\/media\/3552"}],"wp:attachment":[{"href":"https:\/\/enjoycatalonia.com\/ca\/wp-json\/wp\/v2\/media?parent=3549"}],"wp:term":[{"taxonomy":"product_brand","embeddable":true,"href":"https:\/\/enjoycatalonia.com\/ca\/wp-json\/wp\/v2\/product_brand?post=3549"},{"taxonomy":"product_cat","embeddable":true,"href":"https:\/\/enjoycatalonia.com\/ca\/wp-json\/wp\/v2\/product_cat?post=3549"},{"taxonomy":"product_tag","embeddable":true,"href":"https:\/\/enjoycatalonia.com\/ca\/wp-json\/wp\/v2\/product_tag?post=3549"}],"curies":[{"name":"wp","href":"https:\/\/api.w.org\/{rel}","templated":true}]}}