{"id":3559,"date":"2026-02-09T11:37:34","date_gmt":"2026-02-09T10:37:34","guid":{"rendered":"https:\/\/enjoycatalonia.com\/tours\/cap-de-setmana-al-maestrat-i-als-ports-un-paradis-rural-per-descobrir\/"},"modified":"2026-03-03T09:48:09","modified_gmt":"2026-03-03T08:48:09","slug":"cap-de-setmana-al-maestrat-i-als-ports-un-paradis-rural-per-descobrir","status":"publish","type":"product","link":"https:\/\/enjoycatalonia.com\/ca\/tours\/cap-de-setmana-al-maestrat-i-als-ports-un-paradis-rural-per-descobrir\/","title":{"rendered":"Cap de setmana al Maestrat i als Ports, un parad\u00eds rural per descobrir"},"content":{"rendered":"<p><strong>El Maestrat<\/strong> , a cavall entre Terol i Castell\u00f3, posseeix un patrimoni natural i paisatg\u00edstic fora de s\u00e8rie. Aquesta comarca, de la qual ning\u00fa no sembla posar-se d&#8217;acord per trobar els seus l\u00edmits, preserva municipis que amaguen grans joies. Un territori desconegut que est\u00e0 protegit per altes muntanyes de l&#8217;interior, envoltat d&#8217;una llum que li transmet tints captivadors. Al Maestrat els pobles s\u00f3n aut\u00e8ntiques fortaleses, i els castells semblen nius d&#8217;\u00e0ligues. En temps de l&#8217;Edat Mitjana va viure una esplendor sense precedents, que ha sabut conservar a trav\u00e9s de la seva gent, la seva cultura i la seva opul\u00e8ncia arquitect\u00f2nica. Accedir a aquest rac\u00f3 de la nostra geografia \u00e9s un delit per als sentits, ja que les carreteres pugen per ports i muntanyes generosos en bellesa i natura.<\/p>\n<p>I per treure el m\u00e0xim profit a la nostra estada a les comarques del Maestrat i <strong>els Ports<\/strong> , hem dissenyat un programa am\u00e8 i relaxat que ens permetr\u00e0 visitar i gaudir de la bella i imponent <strong>Morella<\/strong> , capital de la comarca valenciana dels Ports i un dels pobles m\u00e9s bonics d&#8217;Espanya; <strong>Mirambel<\/strong> , el m\u00e9s bonic del Maestrat aragon\u00e8s (aqu\u00ed es va rodar la pel\u00b7l\u00edcula &#8220;Terra i Llibertat&#8221;, de Ken Loach); <strong>Cantavella<\/strong> , capital hist\u00f2rica del Maestrat de Terol i pla\u00e7a forta del general Cabrera durant les guerres carlines; <strong>La Iglesuela del Cid<\/strong> , un enclavament m\u00e0gic del Cam\u00ed de Don Rodrigo D\u00edaz de Vivar, el Cid Campeador; <strong>Ares del Maestre<\/strong> , el millor balc\u00f3 del nord del Pa\u00eds Valenci\u00e0.<\/p>\n<p><strong>GRUP M\u00cdNIM 10 PERSONES I M\u00c0XIM 20<\/strong><\/p>\n","protected":false},"excerpt":{"rendered":"<p>El Maestrat , a cavall entre Terol i Castell\u00f3, posseeix un patrimoni natural i paisatg\u00edstic fora de s\u00e8rie. Aquesta comarca, de la qual ning\u00fa no sembla posar-se d&#8217;acord per trobar els seus l\u00edmits, preserva municipis que amaguen grans joies. Un territori desconegut que est\u00e0 protegit per altes muntanyes de l&#8217;interior, envoltat d&#8217;una llum que li [&hellip;]<\/p>\n","protected":false},"featured_media":3563,"template":"","meta":{"_acf_changed":false},"product_brand":[],"product_cat":[62],"product_tag":[],"class_list":{"0":"post-3559","1":"product","2":"type-product","3":"status-publish","4":"has-post-thumbnail","6":"product_cat-viatges-passats","7":"tm-no-options","9":"first","10":"instock","11":"shipping-taxable","12":"product-type-simple"},"acf":[],"yoast_head":"<!-- This site is optimized with the Yoast SEO plugin v27.2 - https:\/\/yoast.com\/product\/yoast-seo-wordpress\/ -->\n<title>Cap de setmana al Maestrat i als Ports, un parad\u00eds rural per descobrir - Enjoy Catalonia<\/title>\n<meta name=\"robots\" content=\"index, follow, max-snippet:-1, max-image-preview:large, max-video-preview:-1\" \/>\n<link rel=\"canonical\" href=\"https:\/\/enjoycatalonia.com\/ca\/tours\/cap-de-setmana-al-maestrat-i-als-ports-un-paradis-rural-per-descobrir\/\" \/>\n<meta property=\"og:locale\" content=\"ca_ES\" \/>\n<meta property=\"og:type\" content=\"article\" \/>\n<meta property=\"og:title\" content=\"Cap de setmana al Maestrat i als Ports, un parad\u00eds rural per descobrir - Enjoy Catalonia\" \/>\n<meta property=\"og:description\" content=\"El Maestrat , a cavall entre Terol i Castell\u00f3, posseeix un patrimoni natural i paisatg\u00edstic fora de s\u00e8rie. Aquesta comarca, de la qual ning\u00fa no sembla posar-se d&#8217;acord per trobar els seus l\u00edmits, preserva municipis que amaguen grans joies. Un territori desconegut que est\u00e0 protegit per altes muntanyes de l&#8217;interior, envoltat d&#8217;una llum que li [&hellip;]\" \/>\n<meta property=\"og:url\" content=\"https:\/\/enjoycatalonia.com\/ca\/tours\/cap-de-setmana-al-maestrat-i-als-ports-un-paradis-rural-per-descobrir\/\" \/>\n<meta property=\"og:site_name\" content=\"Enjoy Catalonia\" \/>\n<meta property=\"article:modified_time\" content=\"2026-03-03T08:48:09+00:00\" \/>\n<meta property=\"og:image\" content=\"https:\/\/enjoycatalonia.com\/wp-content\/uploads\/2026\/02\/Sin-titulo-1_0001_shutterstock_1060069235.jpg\" \/>\n\t<meta property=\"og:image:width\" content=\"370\" \/>\n\t<meta property=\"og:image:height\" content=\"247\" \/>\n\t<meta property=\"og:image:type\" content=\"image\/jpeg\" \/>\n<meta name=\"twitter:card\" content=\"summary_large_image\" \/>\n<meta name=\"twitter:label1\" content=\"Temps estimat de lectura\" \/>\n\t<meta name=\"twitter:data1\" content=\"2 minuts\" \/>\n<script type=\"application\/ld+json\" class=\"yoast-schema-graph\">{\"@context\":\"https:\/\/schema.org\",\"@graph\":[{\"@type\":\"WebPage\",\"@id\":\"https:\/\/enjoycatalonia.com\/ca\/tours\/cap-de-setmana-al-maestrat-i-als-ports-un-paradis-rural-per-descobrir\/\",\"url\":\"https:\/\/enjoycatalonia.com\/ca\/tours\/cap-de-setmana-al-maestrat-i-als-ports-un-paradis-rural-per-descobrir\/\",\"name\":\"Cap de setmana al Maestrat i als Ports, un parad\u00eds rural per descobrir - Enjoy Catalonia\",\"isPartOf\":{\"@id\":\"https:\/\/enjoycatalonia.com\/ca\/#website\"},\"primaryImageOfPage\":{\"@id\":\"https:\/\/enjoycatalonia.com\/ca\/tours\/cap-de-setmana-al-maestrat-i-als-ports-un-paradis-rural-per-descobrir\/#primaryimage\"},\"image\":{\"@id\":\"https:\/\/enjoycatalonia.com\/ca\/tours\/cap-de-setmana-al-maestrat-i-als-ports-un-paradis-rural-per-descobrir\/#primaryimage\"},\"thumbnailUrl\":\"https:\/\/enjoycatalonia.com\/wp-content\/uploads\/2026\/02\/Sin-titulo-1_0001_shutterstock_1060069235.jpg\",\"datePublished\":\"2026-02-09T10:37:34+00:00\",\"dateModified\":\"2026-03-03T08:48:09+00:00\",\"breadcrumb\":{\"@id\":\"https:\/\/enjoycatalonia.com\/ca\/tours\/cap-de-setmana-al-maestrat-i-als-ports-un-paradis-rural-per-descobrir\/#breadcrumb\"},\"inLanguage\":\"ca\",\"potentialAction\":[{\"@type\":\"ReadAction\",\"target\":[\"https:\/\/enjoycatalonia.com\/ca\/tours\/cap-de-setmana-al-maestrat-i-als-ports-un-paradis-rural-per-descobrir\/\"]}]},{\"@type\":\"ImageObject\",\"inLanguage\":\"ca\",\"@id\":\"https:\/\/enjoycatalonia.com\/ca\/tours\/cap-de-setmana-al-maestrat-i-als-ports-un-paradis-rural-per-descobrir\/#primaryimage\",\"url\":\"https:\/\/enjoycatalonia.com\/wp-content\/uploads\/2026\/02\/Sin-titulo-1_0001_shutterstock_1060069235.jpg\",\"contentUrl\":\"https:\/\/enjoycatalonia.com\/wp-content\/uploads\/2026\/02\/Sin-titulo-1_0001_shutterstock_1060069235.jpg\",\"width\":370,\"height\":247},{\"@type\":\"BreadcrumbList\",\"@id\":\"https:\/\/enjoycatalonia.com\/ca\/tours\/cap-de-setmana-al-maestrat-i-als-ports-un-paradis-rural-per-descobrir\/#breadcrumb\",\"itemListElement\":[{\"@type\":\"ListItem\",\"position\":1,\"name\":\"Portada\",\"item\":\"https:\/\/enjoycatalonia.com\/ca\/\"},{\"@type\":\"ListItem\",\"position\":2,\"name\":\"Botiga\",\"item\":\"https:\/\/enjoycatalonia.com\/tienda\/\"},{\"@type\":\"ListItem\",\"position\":3,\"name\":\"Cap de setmana al Maestrat i als Ports, un parad\u00eds rural per descobrir\"}]},{\"@type\":\"WebSite\",\"@id\":\"https:\/\/enjoycatalonia.com\/ca\/#website\",\"url\":\"https:\/\/enjoycatalonia.com\/ca\/\",\"name\":\"Enjoy Catalonia\",\"description\":\"\",\"potentialAction\":[{\"@type\":\"SearchAction\",\"target\":{\"@type\":\"EntryPoint\",\"urlTemplate\":\"https:\/\/enjoycatalonia.com\/ca\/?s={search_term_string}\"},\"query-input\":{\"@type\":\"PropertyValueSpecification\",\"valueRequired\":true,\"valueName\":\"search_term_string\"}}],\"inLanguage\":\"ca\"}]}<\/script>\n<!-- \/ Yoast SEO plugin. -->","yoast_head_json":{"title":"Cap de setmana al Maestrat i als Ports, un parad\u00eds rural per descobrir - Enjoy Catalonia","robots":{"index":"index","follow":"follow","max-snippet":"max-snippet:-1","max-image-preview":"max-image-preview:large","max-video-preview":"max-video-preview:-1"},"canonical":"https:\/\/enjoycatalonia.com\/ca\/tours\/cap-de-setmana-al-maestrat-i-als-ports-un-paradis-rural-per-descobrir\/","og_locale":"ca_ES","og_type":"article","og_title":"Cap de setmana al Maestrat i als Ports, un parad\u00eds rural per descobrir - Enjoy Catalonia","og_description":"El Maestrat , a cavall entre Terol i Castell\u00f3, posseeix un patrimoni natural i paisatg\u00edstic fora de s\u00e8rie. Aquesta comarca, de la qual ning\u00fa no sembla posar-se d&#8217;acord per trobar els seus l\u00edmits, preserva municipis que amaguen grans joies. Un territori desconegut que est\u00e0 protegit per altes muntanyes de l&#8217;interior, envoltat d&#8217;una llum que li [&hellip;]","og_url":"https:\/\/enjoycatalonia.com\/ca\/tours\/cap-de-setmana-al-maestrat-i-als-ports-un-paradis-rural-per-descobrir\/","og_site_name":"Enjoy Catalonia","article_modified_time":"2026-03-03T08:48:09+00:00","og_image":[{"width":370,"height":247,"url":"https:\/\/enjoycatalonia.com\/wp-content\/uploads\/2026\/02\/Sin-titulo-1_0001_shutterstock_1060069235.jpg","type":"image\/jpeg"}],"twitter_card":"summary_large_image","twitter_misc":{"Temps estimat de lectura":"2 minuts"},"schema":{"@context":"https:\/\/schema.org","@graph":[{"@type":"WebPage","@id":"https:\/\/enjoycatalonia.com\/ca\/tours\/cap-de-setmana-al-maestrat-i-als-ports-un-paradis-rural-per-descobrir\/","url":"https:\/\/enjoycatalonia.com\/ca\/tours\/cap-de-setmana-al-maestrat-i-als-ports-un-paradis-rural-per-descobrir\/","name":"Cap de setmana al Maestrat i als Ports, un parad\u00eds rural per descobrir - Enjoy Catalonia","isPartOf":{"@id":"https:\/\/enjoycatalonia.com\/ca\/#website"},"primaryImageOfPage":{"@id":"https:\/\/enjoycatalonia.com\/ca\/tours\/cap-de-setmana-al-maestrat-i-als-ports-un-paradis-rural-per-descobrir\/#primaryimage"},"image":{"@id":"https:\/\/enjoycatalonia.com\/ca\/tours\/cap-de-setmana-al-maestrat-i-als-ports-un-paradis-rural-per-descobrir\/#primaryimage"},"thumbnailUrl":"https:\/\/enjoycatalonia.com\/wp-content\/uploads\/2026\/02\/Sin-titulo-1_0001_shutterstock_1060069235.jpg","datePublished":"2026-02-09T10:37:34+00:00","dateModified":"2026-03-03T08:48:09+00:00","breadcrumb":{"@id":"https:\/\/enjoycatalonia.com\/ca\/tours\/cap-de-setmana-al-maestrat-i-als-ports-un-paradis-rural-per-descobrir\/#breadcrumb"},"inLanguage":"ca","potentialAction":[{"@type":"ReadAction","target":["https:\/\/enjoycatalonia.com\/ca\/tours\/cap-de-setmana-al-maestrat-i-als-ports-un-paradis-rural-per-descobrir\/"]}]},{"@type":"ImageObject","inLanguage":"ca","@id":"https:\/\/enjoycatalonia.com\/ca\/tours\/cap-de-setmana-al-maestrat-i-als-ports-un-paradis-rural-per-descobrir\/#primaryimage","url":"https:\/\/enjoycatalonia.com\/wp-content\/uploads\/2026\/02\/Sin-titulo-1_0001_shutterstock_1060069235.jpg","contentUrl":"https:\/\/enjoycatalonia.com\/wp-content\/uploads\/2026\/02\/Sin-titulo-1_0001_shutterstock_1060069235.jpg","width":370,"height":247},{"@type":"BreadcrumbList","@id":"https:\/\/enjoycatalonia.com\/ca\/tours\/cap-de-setmana-al-maestrat-i-als-ports-un-paradis-rural-per-descobrir\/#breadcrumb","itemListElement":[{"@type":"ListItem","position":1,"name":"Portada","item":"https:\/\/enjoycatalonia.com\/ca\/"},{"@type":"ListItem","position":2,"name":"Botiga","item":"https:\/\/enjoycatalonia.com\/tienda\/"},{"@type":"ListItem","position":3,"name":"Cap de setmana al Maestrat i als Ports, un parad\u00eds rural per descobrir"}]},{"@type":"WebSite","@id":"https:\/\/enjoycatalonia.com\/ca\/#website","url":"https:\/\/enjoycatalonia.com\/ca\/","name":"Enjoy Catalonia","description":"","potentialAction":[{"@type":"SearchAction","target":{"@type":"EntryPoint","urlTemplate":"https:\/\/enjoycatalonia.com\/ca\/?s={search_term_string}"},"query-input":{"@type":"PropertyValueSpecification","valueRequired":true,"valueName":"search_term_string"}}],"inLanguage":"ca"}]}},"_links":{"self":[{"href":"https:\/\/enjoycatalonia.com\/ca\/wp-json\/wp\/v2\/product\/3559","targetHints":{"allow":["GET"]}}],"collection":[{"href":"https:\/\/enjoycatalonia.com\/ca\/wp-json\/wp\/v2\/product"}],"about":[{"href":"https:\/\/enjoycatalonia.com\/ca\/wp-json\/wp\/v2\/types\/product"}],"wp:featuredmedia":[{"embeddable":true,"href":"https:\/\/enjoycatalonia.com\/ca\/wp-json\/wp\/v2\/media\/3563"}],"wp:attachment":[{"href":"https:\/\/enjoycatalonia.com\/ca\/wp-json\/wp\/v2\/media?parent=3559"}],"wp:term":[{"taxonomy":"product_brand","embeddable":true,"href":"https:\/\/enjoycatalonia.com\/ca\/wp-json\/wp\/v2\/product_brand?post=3559"},{"taxonomy":"product_cat","embeddable":true,"href":"https:\/\/enjoycatalonia.com\/ca\/wp-json\/wp\/v2\/product_cat?post=3559"},{"taxonomy":"product_tag","embeddable":true,"href":"https:\/\/enjoycatalonia.com\/ca\/wp-json\/wp\/v2\/product_tag?post=3559"}],"curies":[{"name":"wp","href":"https:\/\/api.w.org\/{rel}","templated":true}]}}