{"id":3564,"date":"2026-02-09T11:23:36","date_gmt":"2026-02-09T10:23:36","guid":{"rendered":"https:\/\/enjoycatalonia.com\/tours\/3-dies-a-la-vall-daran-i-la-comarca-occitana-dariege-al-pirineu-frances\/"},"modified":"2026-03-03T10:00:23","modified_gmt":"2026-03-03T09:00:23","slug":"3-dies-a-la-vall-daran-i-la-comarca-occitana-dariege-al-pirineu-frances","status":"publish","type":"product","link":"https:\/\/enjoycatalonia.com\/ca\/tours\/3-dies-a-la-vall-daran-i-la-comarca-occitana-dariege-al-pirineu-frances\/","title":{"rendered":"3 dies a la Vall d&#8217;Aran i la comarca occitana d&#8217;Ari\u00e8ge, al Pirineu franc\u00e8s"},"content":{"rendered":"<p>Una espectacular escapada per descobrir i gaudir de la <strong>Val d&#8217;Aran<\/strong> i la comarca francesa de l&#8217; <strong>Ari\u00e8ge<\/strong> : tres dies (dues nits) amb allotjament en <strong>r\u00e8gim de mitja pensi\u00f3 (esmorzar + sopar) al Parador Nacional de Vielha<\/strong> i un munt de visites per treure el m\u00e0xim profit a la nostra estada a la bell\u00edssima Vall d&#8217;Aran i la poc coneguda comarca de l&#8217; <strong>Arige Bertrand de Cominges<\/strong> i l&#8217;estaci\u00f3-balneari de <strong>Bagneres de Luchon<\/strong> .<\/p>\n<p>Al llarg dels tres dies tindrem temps de visitar <strong>Vielha<\/strong> , la capital aranesa i alguns dels pobles m\u00e9s bonics de la Vall d&#8217;Aran i de l&#8217;Ari\u00e8ge franc\u00e8s; gaudir d\u00b4un <strong>parell de caminades suaus<\/strong> per enclavaments naturals d\u00b4impressionant bellesa; admirar nombroses <strong>esgl\u00e9sies rom\u00e0niques<\/strong> ; degustar productes locals; descobrir la fascinant hist\u00f2ria de la Val d&#8217;Aran, \u00edntimament lligada a la cultura occitana; etc.<\/p>\n<p><strong>IMPORTANT:<\/strong><\/p>\n<p class=\"mb-4\">Per entrar a Fran\u00e7a (dissabte al mat\u00ed visitem Saint Bertrand de Comminges, a la comarca francesa de l&#8217;Ari\u00e8ge) \u00e9s obligatori tenir el DNI\/passaport al dia i estar vacunat amb la pauta completa (3 dosis o 2 dosis amb un m\u00e0xim de 9 mesos des de l&#8217;\u00faltima vacuna) o disposar d&#8217;un certificat de PCR negatiu de menys de 72 hores hores:<\/p>\n<p class=\"mb-4\"><a class=\"link\" href=\"https:\/\/www.exteriores.gob.es\/Consulados\/marsella\/es\/Comunicacion\/Noticias\/Paginas\/Articulos\/Entrada-en-Francia-e-informaci%C3%B3n-actualizada.aspx\" target=\"_blank\" rel=\"nofollow noopener ugc\">https:\/\/www.exteriores.gob.es\/Consulados\/marsella\/es\/Comunicacion\/Noticias\/Paginas\/Articulos\/Entrada-en-Francia-e-informaci%C3%B3n-actualizada.aspx<\/a><\/p>\n","protected":false},"excerpt":{"rendered":"<p>Una espectacular escapada per descobrir i gaudir de la Val d&#8217;Aran i la comarca francesa de l&#8217; Ari\u00e8ge : tres dies (dues nits) amb allotjament en r\u00e8gim de mitja pensi\u00f3 (esmorzar + sopar) al Parador Nacional de Vielha i un munt de visites per treure el m\u00e0xim profit a la nostra estada a la bell\u00edssima [&hellip;]<\/p>\n","protected":false},"featured_media":3569,"template":"","meta":{"_acf_changed":false},"product_brand":[],"product_cat":[62],"product_tag":[],"class_list":{"0":"post-3564","1":"product","2":"type-product","3":"status-publish","4":"has-post-thumbnail","6":"product_cat-viatges-passats","7":"tm-has-options","9":"first","10":"instock","11":"shipping-taxable","12":"product-type-simple"},"acf":[],"yoast_head":"<!-- This site is optimized with the Yoast SEO plugin v27.2 - https:\/\/yoast.com\/product\/yoast-seo-wordpress\/ -->\n<title>3 dies a la Vall d&#039;Aran i la comarca occitana d&#039;Ari\u00e8ge, al Pirineu franc\u00e8s - Enjoy Catalonia<\/title>\n<meta name=\"robots\" content=\"index, follow, max-snippet:-1, max-image-preview:large, max-video-preview:-1\" \/>\n<link rel=\"canonical\" href=\"https:\/\/enjoycatalonia.com\/ca\/tours\/3-dies-a-la-vall-daran-i-la-comarca-occitana-dariege-al-pirineu-frances\/\" \/>\n<meta property=\"og:locale\" content=\"ca_ES\" \/>\n<meta property=\"og:type\" content=\"article\" \/>\n<meta property=\"og:title\" content=\"3 dies a la Vall d&#039;Aran i la comarca occitana d&#039;Ari\u00e8ge, al Pirineu franc\u00e8s - Enjoy Catalonia\" \/>\n<meta property=\"og:description\" content=\"Una espectacular escapada per descobrir i gaudir de la Val d&#8217;Aran i la comarca francesa de l&#8217; Ari\u00e8ge : tres dies (dues nits) amb allotjament en r\u00e8gim de mitja pensi\u00f3 (esmorzar + sopar) al Parador Nacional de Vielha i un munt de visites per treure el m\u00e0xim profit a la nostra estada a la bell\u00edssima [&hellip;]\" \/>\n<meta property=\"og:url\" content=\"https:\/\/enjoycatalonia.com\/ca\/tours\/3-dies-a-la-vall-daran-i-la-comarca-occitana-dariege-al-pirineu-frances\/\" \/>\n<meta property=\"og:site_name\" content=\"Enjoy Catalonia\" \/>\n<meta property=\"article:modified_time\" content=\"2026-03-03T09:00:23+00:00\" \/>\n<meta property=\"og:image\" content=\"https:\/\/enjoycatalonia.com\/wp-content\/uploads\/2026\/02\/arties-riu-garona-1200x722-1.jpg\" \/>\n\t<meta property=\"og:image:width\" content=\"1500\" \/>\n\t<meta property=\"og:image:height\" content=\"945\" \/>\n\t<meta property=\"og:image:type\" content=\"image\/jpeg\" \/>\n<meta name=\"twitter:card\" content=\"summary_large_image\" \/>\n<meta name=\"twitter:label1\" content=\"Temps estimat de lectura\" \/>\n\t<meta name=\"twitter:data1\" content=\"2 minuts\" \/>\n<script type=\"application\/ld+json\" class=\"yoast-schema-graph\">{\"@context\":\"https:\/\/schema.org\",\"@graph\":[{\"@type\":\"WebPage\",\"@id\":\"https:\/\/enjoycatalonia.com\/ca\/tours\/3-dies-a-la-vall-daran-i-la-comarca-occitana-dariege-al-pirineu-frances\/\",\"url\":\"https:\/\/enjoycatalonia.com\/ca\/tours\/3-dies-a-la-vall-daran-i-la-comarca-occitana-dariege-al-pirineu-frances\/\",\"name\":\"3 dies a la Vall d'Aran i la comarca occitana d'Ari\u00e8ge, al Pirineu franc\u00e8s - Enjoy Catalonia\",\"isPartOf\":{\"@id\":\"https:\/\/enjoycatalonia.com\/ca\/#website\"},\"primaryImageOfPage\":{\"@id\":\"https:\/\/enjoycatalonia.com\/ca\/tours\/3-dies-a-la-vall-daran-i-la-comarca-occitana-dariege-al-pirineu-frances\/#primaryimage\"},\"image\":{\"@id\":\"https:\/\/enjoycatalonia.com\/ca\/tours\/3-dies-a-la-vall-daran-i-la-comarca-occitana-dariege-al-pirineu-frances\/#primaryimage\"},\"thumbnailUrl\":\"https:\/\/enjoycatalonia.com\/wp-content\/uploads\/2026\/02\/arties-riu-garona-1200x722-1.jpg\",\"datePublished\":\"2026-02-09T10:23:36+00:00\",\"dateModified\":\"2026-03-03T09:00:23+00:00\",\"breadcrumb\":{\"@id\":\"https:\/\/enjoycatalonia.com\/ca\/tours\/3-dies-a-la-vall-daran-i-la-comarca-occitana-dariege-al-pirineu-frances\/#breadcrumb\"},\"inLanguage\":\"ca\",\"potentialAction\":[{\"@type\":\"ReadAction\",\"target\":[\"https:\/\/enjoycatalonia.com\/ca\/tours\/3-dies-a-la-vall-daran-i-la-comarca-occitana-dariege-al-pirineu-frances\/\"]}]},{\"@type\":\"ImageObject\",\"inLanguage\":\"ca\",\"@id\":\"https:\/\/enjoycatalonia.com\/ca\/tours\/3-dies-a-la-vall-daran-i-la-comarca-occitana-dariege-al-pirineu-frances\/#primaryimage\",\"url\":\"https:\/\/enjoycatalonia.com\/wp-content\/uploads\/2026\/02\/arties-riu-garona-1200x722-1.jpg\",\"contentUrl\":\"https:\/\/enjoycatalonia.com\/wp-content\/uploads\/2026\/02\/arties-riu-garona-1200x722-1.jpg\",\"width\":1500,\"height\":945},{\"@type\":\"BreadcrumbList\",\"@id\":\"https:\/\/enjoycatalonia.com\/ca\/tours\/3-dies-a-la-vall-daran-i-la-comarca-occitana-dariege-al-pirineu-frances\/#breadcrumb\",\"itemListElement\":[{\"@type\":\"ListItem\",\"position\":1,\"name\":\"Portada\",\"item\":\"https:\/\/enjoycatalonia.com\/ca\/\"},{\"@type\":\"ListItem\",\"position\":2,\"name\":\"Botiga\",\"item\":\"https:\/\/enjoycatalonia.com\/tienda\/\"},{\"@type\":\"ListItem\",\"position\":3,\"name\":\"3 dies a la Vall d&#8217;Aran i la comarca occitana d&#8217;Ari\u00e8ge, al Pirineu franc\u00e8s\"}]},{\"@type\":\"WebSite\",\"@id\":\"https:\/\/enjoycatalonia.com\/ca\/#website\",\"url\":\"https:\/\/enjoycatalonia.com\/ca\/\",\"name\":\"Enjoy Catalonia\",\"description\":\"\",\"potentialAction\":[{\"@type\":\"SearchAction\",\"target\":{\"@type\":\"EntryPoint\",\"urlTemplate\":\"https:\/\/enjoycatalonia.com\/ca\/?s={search_term_string}\"},\"query-input\":{\"@type\":\"PropertyValueSpecification\",\"valueRequired\":true,\"valueName\":\"search_term_string\"}}],\"inLanguage\":\"ca\"}]}<\/script>\n<!-- \/ Yoast SEO plugin. -->","yoast_head_json":{"title":"3 dies a la Vall d'Aran i la comarca occitana d'Ari\u00e8ge, al Pirineu franc\u00e8s - Enjoy Catalonia","robots":{"index":"index","follow":"follow","max-snippet":"max-snippet:-1","max-image-preview":"max-image-preview:large","max-video-preview":"max-video-preview:-1"},"canonical":"https:\/\/enjoycatalonia.com\/ca\/tours\/3-dies-a-la-vall-daran-i-la-comarca-occitana-dariege-al-pirineu-frances\/","og_locale":"ca_ES","og_type":"article","og_title":"3 dies a la Vall d'Aran i la comarca occitana d'Ari\u00e8ge, al Pirineu franc\u00e8s - Enjoy Catalonia","og_description":"Una espectacular escapada per descobrir i gaudir de la Val d&#8217;Aran i la comarca francesa de l&#8217; Ari\u00e8ge : tres dies (dues nits) amb allotjament en r\u00e8gim de mitja pensi\u00f3 (esmorzar + sopar) al Parador Nacional de Vielha i un munt de visites per treure el m\u00e0xim profit a la nostra estada a la bell\u00edssima [&hellip;]","og_url":"https:\/\/enjoycatalonia.com\/ca\/tours\/3-dies-a-la-vall-daran-i-la-comarca-occitana-dariege-al-pirineu-frances\/","og_site_name":"Enjoy Catalonia","article_modified_time":"2026-03-03T09:00:23+00:00","og_image":[{"width":1500,"height":945,"url":"https:\/\/enjoycatalonia.com\/wp-content\/uploads\/2026\/02\/arties-riu-garona-1200x722-1.jpg","type":"image\/jpeg"}],"twitter_card":"summary_large_image","twitter_misc":{"Temps estimat de lectura":"2 minuts"},"schema":{"@context":"https:\/\/schema.org","@graph":[{"@type":"WebPage","@id":"https:\/\/enjoycatalonia.com\/ca\/tours\/3-dies-a-la-vall-daran-i-la-comarca-occitana-dariege-al-pirineu-frances\/","url":"https:\/\/enjoycatalonia.com\/ca\/tours\/3-dies-a-la-vall-daran-i-la-comarca-occitana-dariege-al-pirineu-frances\/","name":"3 dies a la Vall d'Aran i la comarca occitana d'Ari\u00e8ge, al Pirineu franc\u00e8s - Enjoy Catalonia","isPartOf":{"@id":"https:\/\/enjoycatalonia.com\/ca\/#website"},"primaryImageOfPage":{"@id":"https:\/\/enjoycatalonia.com\/ca\/tours\/3-dies-a-la-vall-daran-i-la-comarca-occitana-dariege-al-pirineu-frances\/#primaryimage"},"image":{"@id":"https:\/\/enjoycatalonia.com\/ca\/tours\/3-dies-a-la-vall-daran-i-la-comarca-occitana-dariege-al-pirineu-frances\/#primaryimage"},"thumbnailUrl":"https:\/\/enjoycatalonia.com\/wp-content\/uploads\/2026\/02\/arties-riu-garona-1200x722-1.jpg","datePublished":"2026-02-09T10:23:36+00:00","dateModified":"2026-03-03T09:00:23+00:00","breadcrumb":{"@id":"https:\/\/enjoycatalonia.com\/ca\/tours\/3-dies-a-la-vall-daran-i-la-comarca-occitana-dariege-al-pirineu-frances\/#breadcrumb"},"inLanguage":"ca","potentialAction":[{"@type":"ReadAction","target":["https:\/\/enjoycatalonia.com\/ca\/tours\/3-dies-a-la-vall-daran-i-la-comarca-occitana-dariege-al-pirineu-frances\/"]}]},{"@type":"ImageObject","inLanguage":"ca","@id":"https:\/\/enjoycatalonia.com\/ca\/tours\/3-dies-a-la-vall-daran-i-la-comarca-occitana-dariege-al-pirineu-frances\/#primaryimage","url":"https:\/\/enjoycatalonia.com\/wp-content\/uploads\/2026\/02\/arties-riu-garona-1200x722-1.jpg","contentUrl":"https:\/\/enjoycatalonia.com\/wp-content\/uploads\/2026\/02\/arties-riu-garona-1200x722-1.jpg","width":1500,"height":945},{"@type":"BreadcrumbList","@id":"https:\/\/enjoycatalonia.com\/ca\/tours\/3-dies-a-la-vall-daran-i-la-comarca-occitana-dariege-al-pirineu-frances\/#breadcrumb","itemListElement":[{"@type":"ListItem","position":1,"name":"Portada","item":"https:\/\/enjoycatalonia.com\/ca\/"},{"@type":"ListItem","position":2,"name":"Botiga","item":"https:\/\/enjoycatalonia.com\/tienda\/"},{"@type":"ListItem","position":3,"name":"3 dies a la Vall d&#8217;Aran i la comarca occitana d&#8217;Ari\u00e8ge, al Pirineu franc\u00e8s"}]},{"@type":"WebSite","@id":"https:\/\/enjoycatalonia.com\/ca\/#website","url":"https:\/\/enjoycatalonia.com\/ca\/","name":"Enjoy Catalonia","description":"","potentialAction":[{"@type":"SearchAction","target":{"@type":"EntryPoint","urlTemplate":"https:\/\/enjoycatalonia.com\/ca\/?s={search_term_string}"},"query-input":{"@type":"PropertyValueSpecification","valueRequired":true,"valueName":"search_term_string"}}],"inLanguage":"ca"}]}},"_links":{"self":[{"href":"https:\/\/enjoycatalonia.com\/ca\/wp-json\/wp\/v2\/product\/3564","targetHints":{"allow":["GET"]}}],"collection":[{"href":"https:\/\/enjoycatalonia.com\/ca\/wp-json\/wp\/v2\/product"}],"about":[{"href":"https:\/\/enjoycatalonia.com\/ca\/wp-json\/wp\/v2\/types\/product"}],"wp:featuredmedia":[{"embeddable":true,"href":"https:\/\/enjoycatalonia.com\/ca\/wp-json\/wp\/v2\/media\/3569"}],"wp:attachment":[{"href":"https:\/\/enjoycatalonia.com\/ca\/wp-json\/wp\/v2\/media?parent=3564"}],"wp:term":[{"taxonomy":"product_brand","embeddable":true,"href":"https:\/\/enjoycatalonia.com\/ca\/wp-json\/wp\/v2\/product_brand?post=3564"},{"taxonomy":"product_cat","embeddable":true,"href":"https:\/\/enjoycatalonia.com\/ca\/wp-json\/wp\/v2\/product_cat?post=3564"},{"taxonomy":"product_tag","embeddable":true,"href":"https:\/\/enjoycatalonia.com\/ca\/wp-json\/wp\/v2\/product_tag?post=3564"}],"curies":[{"name":"wp","href":"https:\/\/api.w.org\/{rel}","templated":true}]}}