{"id":3571,"date":"2026-02-09T10:29:05","date_gmt":"2026-02-09T09:29:05","guid":{"rendered":"https:\/\/enjoycatalonia.com\/tours\/cap-de-setmana-al-delta-de-lebre-un-paradis-natural-entre-la-terra-i-el-mar\/"},"modified":"2026-03-03T10:09:21","modified_gmt":"2026-03-03T09:09:21","slug":"cap-de-setmana-al-delta-de-lebre-un-paradis-natural-entre-la-terra-i-el-mar","status":"publish","type":"product","link":"https:\/\/enjoycatalonia.com\/ca\/tours\/cap-de-setmana-al-delta-de-lebre-un-paradis-natural-entre-la-terra-i-el-mar\/","title":{"rendered":"Cap de setmana al Delta de l&#8217;Ebre, un parad\u00eds natural entre la terra i el mar"},"content":{"rendered":"<p>Gaudeix d\u00b4un cap de setmana molt intens al parc natural del Delta de l\u00b4Ebre amb <strong>allotjament en confortable hotel de 4 estrelles<\/strong> i diverses activitats i visites per gaudir a fons d\u00b4aquest entorn natural \u00fanic.<\/p>\n<p>El delta de l&#8217;Ebre, la zona humida m\u00e9s gran de Catalunya, \u00e9s una destinaci\u00f3 genial per gaudir de la natura, albirar aus, passejar (a peu o amb bicicleta) i regodejar-se amb una gastronomia extraordin\u00e0ria. Per\u00f2 hi ha alguna cosa m\u00e9s. La seva gran extensi\u00f3 i poca densitat de poblaci\u00f3 fan del delta un dels racons m\u00e9s tranquils i solitaris del litoral catal\u00e0. I <strong>la millor \u00e8poca per gaudir-lo \u00e9s durant els llargs dies de primavera, quan els camps d&#8217;arr\u00f2s i el Delta es converteixen en un mirall immens i meravell\u00f3s ple d&#8217;aus migrat\u00f2ries<\/strong> .<\/p>\n<p>I per aprofitar al m\u00e0xim la nostra estada al Delta hem dissenyat un programa molt complet que inclou un <strong>passeig amb barca per la desembocadura de l&#8217;Ebre<\/strong> ; una <strong>visita panor\u00e0mica amb guia local amb minibus<\/strong> per alguns dels llocs m\u00e9s emblem\u00e0tics del Delta; una <strong>suau i bella caminada fins al Far del Fangar<\/strong> ; il\u00b4oportunitat de gaudir d\u00b4una experi\u00e8ncia \u00fanica: <strong>caminar descal\u00e7os per un camp d\u00b4arr\u00f2s<\/strong> i aprendre com es recol\u00b7lectava l\u00b4arr\u00f2s antigament.<\/p>\n<p>Una escapada de cap de setmana molt completa per gaudir d\u00b4un dels paratges naturals m\u00e9s bonics i fr\u00e0gils de Catalunya.<\/p>\n<p><strong>GRUP M\u00cdNIM 15 PERSONES I M\u00c0XIM 25<\/strong><\/p>\n","protected":false},"excerpt":{"rendered":"<p>Gaudeix d\u00b4un cap de setmana molt intens al parc natural del Delta de l\u00b4Ebre amb allotjament en confortable hotel de 4 estrelles i diverses activitats i visites per gaudir a fons d\u00b4aquest entorn natural \u00fanic. El delta de l&#8217;Ebre, la zona humida m\u00e9s gran de Catalunya, \u00e9s una destinaci\u00f3 genial per gaudir de la natura, [&hellip;]<\/p>\n","protected":false},"featured_media":3575,"template":"","meta":{"_acf_changed":false},"product_brand":[],"product_cat":[62],"product_tag":[],"class_list":{"0":"post-3571","1":"product","2":"type-product","3":"status-publish","4":"has-post-thumbnail","6":"product_cat-viatges-passats","7":"tm-has-options","9":"first","10":"instock","11":"shipping-taxable","12":"product-type-simple"},"acf":[],"yoast_head":"<!-- This site is optimized with the Yoast SEO plugin v27.2 - https:\/\/yoast.com\/product\/yoast-seo-wordpress\/ -->\n<title>Cap de setmana al Delta de l&#039;Ebre, un parad\u00eds natural entre la terra i el mar - Enjoy Catalonia<\/title>\n<meta name=\"robots\" content=\"index, follow, max-snippet:-1, max-image-preview:large, max-video-preview:-1\" \/>\n<link rel=\"canonical\" href=\"https:\/\/enjoycatalonia.com\/ca\/tours\/cap-de-setmana-al-delta-de-lebre-un-paradis-natural-entre-la-terra-i-el-mar\/\" \/>\n<meta property=\"og:locale\" content=\"ca_ES\" \/>\n<meta property=\"og:type\" content=\"article\" \/>\n<meta property=\"og:title\" content=\"Cap de setmana al Delta de l&#039;Ebre, un parad\u00eds natural entre la terra i el mar - Enjoy Catalonia\" \/>\n<meta property=\"og:description\" content=\"Gaudeix d\u00b4un cap de setmana molt intens al parc natural del Delta de l\u00b4Ebre amb allotjament en confortable hotel de 4 estrelles i diverses activitats i visites per gaudir a fons d\u00b4aquest entorn natural \u00fanic. El delta de l&#8217;Ebre, la zona humida m\u00e9s gran de Catalunya, \u00e9s una destinaci\u00f3 genial per gaudir de la natura, [&hellip;]\" \/>\n<meta property=\"og:url\" content=\"https:\/\/enjoycatalonia.com\/ca\/tours\/cap-de-setmana-al-delta-de-lebre-un-paradis-natural-entre-la-terra-i-el-mar\/\" \/>\n<meta property=\"og:site_name\" content=\"Enjoy Catalonia\" \/>\n<meta property=\"article:modified_time\" content=\"2026-03-03T09:09:21+00:00\" \/>\n<meta property=\"og:image\" content=\"https:\/\/enjoycatalonia.com\/wp-content\/uploads\/2026\/02\/image-3.jpg\" \/>\n\t<meta property=\"og:image:width\" content=\"1500\" \/>\n\t<meta property=\"og:image:height\" content=\"945\" \/>\n\t<meta property=\"og:image:type\" content=\"image\/jpeg\" \/>\n<meta name=\"twitter:card\" content=\"summary_large_image\" \/>\n<meta name=\"twitter:label1\" content=\"Temps estimat de lectura\" \/>\n\t<meta name=\"twitter:data1\" content=\"2 minuts\" \/>\n<script type=\"application\/ld+json\" class=\"yoast-schema-graph\">{\"@context\":\"https:\/\/schema.org\",\"@graph\":[{\"@type\":\"WebPage\",\"@id\":\"https:\/\/enjoycatalonia.com\/ca\/tours\/cap-de-setmana-al-delta-de-lebre-un-paradis-natural-entre-la-terra-i-el-mar\/\",\"url\":\"https:\/\/enjoycatalonia.com\/ca\/tours\/cap-de-setmana-al-delta-de-lebre-un-paradis-natural-entre-la-terra-i-el-mar\/\",\"name\":\"Cap de setmana al Delta de l'Ebre, un parad\u00eds natural entre la terra i el mar - Enjoy Catalonia\",\"isPartOf\":{\"@id\":\"https:\/\/enjoycatalonia.com\/ca\/#website\"},\"primaryImageOfPage\":{\"@id\":\"https:\/\/enjoycatalonia.com\/ca\/tours\/cap-de-setmana-al-delta-de-lebre-un-paradis-natural-entre-la-terra-i-el-mar\/#primaryimage\"},\"image\":{\"@id\":\"https:\/\/enjoycatalonia.com\/ca\/tours\/cap-de-setmana-al-delta-de-lebre-un-paradis-natural-entre-la-terra-i-el-mar\/#primaryimage\"},\"thumbnailUrl\":\"https:\/\/enjoycatalonia.com\/wp-content\/uploads\/2026\/02\/image-3.jpg\",\"datePublished\":\"2026-02-09T09:29:05+00:00\",\"dateModified\":\"2026-03-03T09:09:21+00:00\",\"breadcrumb\":{\"@id\":\"https:\/\/enjoycatalonia.com\/ca\/tours\/cap-de-setmana-al-delta-de-lebre-un-paradis-natural-entre-la-terra-i-el-mar\/#breadcrumb\"},\"inLanguage\":\"ca\",\"potentialAction\":[{\"@type\":\"ReadAction\",\"target\":[\"https:\/\/enjoycatalonia.com\/ca\/tours\/cap-de-setmana-al-delta-de-lebre-un-paradis-natural-entre-la-terra-i-el-mar\/\"]}]},{\"@type\":\"ImageObject\",\"inLanguage\":\"ca\",\"@id\":\"https:\/\/enjoycatalonia.com\/ca\/tours\/cap-de-setmana-al-delta-de-lebre-un-paradis-natural-entre-la-terra-i-el-mar\/#primaryimage\",\"url\":\"https:\/\/enjoycatalonia.com\/wp-content\/uploads\/2026\/02\/image-3.jpg\",\"contentUrl\":\"https:\/\/enjoycatalonia.com\/wp-content\/uploads\/2026\/02\/image-3.jpg\",\"width\":1500,\"height\":945},{\"@type\":\"BreadcrumbList\",\"@id\":\"https:\/\/enjoycatalonia.com\/ca\/tours\/cap-de-setmana-al-delta-de-lebre-un-paradis-natural-entre-la-terra-i-el-mar\/#breadcrumb\",\"itemListElement\":[{\"@type\":\"ListItem\",\"position\":1,\"name\":\"Portada\",\"item\":\"https:\/\/enjoycatalonia.com\/ca\/\"},{\"@type\":\"ListItem\",\"position\":2,\"name\":\"Botiga\",\"item\":\"https:\/\/enjoycatalonia.com\/tienda\/\"},{\"@type\":\"ListItem\",\"position\":3,\"name\":\"Cap de setmana al Delta de l&#8217;Ebre, un parad\u00eds natural entre la terra i el mar\"}]},{\"@type\":\"WebSite\",\"@id\":\"https:\/\/enjoycatalonia.com\/ca\/#website\",\"url\":\"https:\/\/enjoycatalonia.com\/ca\/\",\"name\":\"Enjoy Catalonia\",\"description\":\"\",\"potentialAction\":[{\"@type\":\"SearchAction\",\"target\":{\"@type\":\"EntryPoint\",\"urlTemplate\":\"https:\/\/enjoycatalonia.com\/ca\/?s={search_term_string}\"},\"query-input\":{\"@type\":\"PropertyValueSpecification\",\"valueRequired\":true,\"valueName\":\"search_term_string\"}}],\"inLanguage\":\"ca\"}]}<\/script>\n<!-- \/ Yoast SEO plugin. -->","yoast_head_json":{"title":"Cap de setmana al Delta de l'Ebre, un parad\u00eds natural entre la terra i el mar - Enjoy Catalonia","robots":{"index":"index","follow":"follow","max-snippet":"max-snippet:-1","max-image-preview":"max-image-preview:large","max-video-preview":"max-video-preview:-1"},"canonical":"https:\/\/enjoycatalonia.com\/ca\/tours\/cap-de-setmana-al-delta-de-lebre-un-paradis-natural-entre-la-terra-i-el-mar\/","og_locale":"ca_ES","og_type":"article","og_title":"Cap de setmana al Delta de l'Ebre, un parad\u00eds natural entre la terra i el mar - Enjoy Catalonia","og_description":"Gaudeix d\u00b4un cap de setmana molt intens al parc natural del Delta de l\u00b4Ebre amb allotjament en confortable hotel de 4 estrelles i diverses activitats i visites per gaudir a fons d\u00b4aquest entorn natural \u00fanic. El delta de l&#8217;Ebre, la zona humida m\u00e9s gran de Catalunya, \u00e9s una destinaci\u00f3 genial per gaudir de la natura, [&hellip;]","og_url":"https:\/\/enjoycatalonia.com\/ca\/tours\/cap-de-setmana-al-delta-de-lebre-un-paradis-natural-entre-la-terra-i-el-mar\/","og_site_name":"Enjoy Catalonia","article_modified_time":"2026-03-03T09:09:21+00:00","og_image":[{"width":1500,"height":945,"url":"https:\/\/enjoycatalonia.com\/wp-content\/uploads\/2026\/02\/image-3.jpg","type":"image\/jpeg"}],"twitter_card":"summary_large_image","twitter_misc":{"Temps estimat de lectura":"2 minuts"},"schema":{"@context":"https:\/\/schema.org","@graph":[{"@type":"WebPage","@id":"https:\/\/enjoycatalonia.com\/ca\/tours\/cap-de-setmana-al-delta-de-lebre-un-paradis-natural-entre-la-terra-i-el-mar\/","url":"https:\/\/enjoycatalonia.com\/ca\/tours\/cap-de-setmana-al-delta-de-lebre-un-paradis-natural-entre-la-terra-i-el-mar\/","name":"Cap de setmana al Delta de l'Ebre, un parad\u00eds natural entre la terra i el mar - Enjoy Catalonia","isPartOf":{"@id":"https:\/\/enjoycatalonia.com\/ca\/#website"},"primaryImageOfPage":{"@id":"https:\/\/enjoycatalonia.com\/ca\/tours\/cap-de-setmana-al-delta-de-lebre-un-paradis-natural-entre-la-terra-i-el-mar\/#primaryimage"},"image":{"@id":"https:\/\/enjoycatalonia.com\/ca\/tours\/cap-de-setmana-al-delta-de-lebre-un-paradis-natural-entre-la-terra-i-el-mar\/#primaryimage"},"thumbnailUrl":"https:\/\/enjoycatalonia.com\/wp-content\/uploads\/2026\/02\/image-3.jpg","datePublished":"2026-02-09T09:29:05+00:00","dateModified":"2026-03-03T09:09:21+00:00","breadcrumb":{"@id":"https:\/\/enjoycatalonia.com\/ca\/tours\/cap-de-setmana-al-delta-de-lebre-un-paradis-natural-entre-la-terra-i-el-mar\/#breadcrumb"},"inLanguage":"ca","potentialAction":[{"@type":"ReadAction","target":["https:\/\/enjoycatalonia.com\/ca\/tours\/cap-de-setmana-al-delta-de-lebre-un-paradis-natural-entre-la-terra-i-el-mar\/"]}]},{"@type":"ImageObject","inLanguage":"ca","@id":"https:\/\/enjoycatalonia.com\/ca\/tours\/cap-de-setmana-al-delta-de-lebre-un-paradis-natural-entre-la-terra-i-el-mar\/#primaryimage","url":"https:\/\/enjoycatalonia.com\/wp-content\/uploads\/2026\/02\/image-3.jpg","contentUrl":"https:\/\/enjoycatalonia.com\/wp-content\/uploads\/2026\/02\/image-3.jpg","width":1500,"height":945},{"@type":"BreadcrumbList","@id":"https:\/\/enjoycatalonia.com\/ca\/tours\/cap-de-setmana-al-delta-de-lebre-un-paradis-natural-entre-la-terra-i-el-mar\/#breadcrumb","itemListElement":[{"@type":"ListItem","position":1,"name":"Portada","item":"https:\/\/enjoycatalonia.com\/ca\/"},{"@type":"ListItem","position":2,"name":"Botiga","item":"https:\/\/enjoycatalonia.com\/tienda\/"},{"@type":"ListItem","position":3,"name":"Cap de setmana al Delta de l&#8217;Ebre, un parad\u00eds natural entre la terra i el mar"}]},{"@type":"WebSite","@id":"https:\/\/enjoycatalonia.com\/ca\/#website","url":"https:\/\/enjoycatalonia.com\/ca\/","name":"Enjoy Catalonia","description":"","potentialAction":[{"@type":"SearchAction","target":{"@type":"EntryPoint","urlTemplate":"https:\/\/enjoycatalonia.com\/ca\/?s={search_term_string}"},"query-input":{"@type":"PropertyValueSpecification","valueRequired":true,"valueName":"search_term_string"}}],"inLanguage":"ca"}]}},"_links":{"self":[{"href":"https:\/\/enjoycatalonia.com\/ca\/wp-json\/wp\/v2\/product\/3571","targetHints":{"allow":["GET"]}}],"collection":[{"href":"https:\/\/enjoycatalonia.com\/ca\/wp-json\/wp\/v2\/product"}],"about":[{"href":"https:\/\/enjoycatalonia.com\/ca\/wp-json\/wp\/v2\/types\/product"}],"wp:featuredmedia":[{"embeddable":true,"href":"https:\/\/enjoycatalonia.com\/ca\/wp-json\/wp\/v2\/media\/3575"}],"wp:attachment":[{"href":"https:\/\/enjoycatalonia.com\/ca\/wp-json\/wp\/v2\/media?parent=3571"}],"wp:term":[{"taxonomy":"product_brand","embeddable":true,"href":"https:\/\/enjoycatalonia.com\/ca\/wp-json\/wp\/v2\/product_brand?post=3571"},{"taxonomy":"product_cat","embeddable":true,"href":"https:\/\/enjoycatalonia.com\/ca\/wp-json\/wp\/v2\/product_cat?post=3571"},{"taxonomy":"product_tag","embeddable":true,"href":"https:\/\/enjoycatalonia.com\/ca\/wp-json\/wp\/v2\/product_tag?post=3571"}],"curies":[{"name":"wp","href":"https:\/\/api.w.org\/{rel}","templated":true}]}}