{"id":3576,"date":"2026-02-09T11:15:33","date_gmt":"2026-02-09T10:15:33","guid":{"rendered":"https:\/\/enjoycatalonia.com\/tours\/cap-de-setmana-a-la-vall-de-boi-natura-i-romanic-en-estat-pur\/"},"modified":"2026-03-03T10:02:18","modified_gmt":"2026-03-03T09:02:18","slug":"cap-de-setmana-a-la-vall-de-boi-natura-i-romanic-en-estat-pur","status":"publish","type":"product","link":"https:\/\/enjoycatalonia.com\/ca\/tours\/cap-de-setmana-a-la-vall-de-boi-natura-i-romanic-en-estat-pur\/","title":{"rendered":"Cap de setmana a la Vall de Bo\u00ed, natura i rom\u00e0nic en estat pur"},"content":{"rendered":"<p><strong>La <em>Vall de Bo\u00ed<\/em><\/strong> , o vall de la Noguera de Tor, situada a la comarca de l&#8217;Alta Ribagor\u00e7a (Lleida), \u00e9s un parad\u00eds per als amants de la natura i de l&#8217;art. En aquest enclavament privilegiat del Pirineu, porta d&#8217;acc\u00e9s al Parc Nacional d&#8217;Aiguestortes i Estany de Sant Maurici, el paisatge es fon amb el rom\u00e0nic i viceversa. I \u00e9s que pocs llocs del m\u00f3n poden presumir de tenir tantes esgl\u00e9sies rom\u00e0niques (el Rom\u00e0nic de la <em>Vall de Bo\u00ed<\/em> va ser declarat Patrimoni de la Humanitat per la UNESCO) en un espai tan redu\u00eft i un marc tan bonic: cims que superen els tres mil metres d&#8217;al\u00e7ada; rius, barrancs, cascades, boscos bonics i aigua. molta aigua.<\/p>\n<p>I per treure el m\u00e0xim profit de la nostra estada a la <em>Vall de Bo\u00ed<\/em> hem dissenyat un programa am\u00e8 i relaxat que ens permetr\u00e0 descobrir el rom\u00e0nic de la vall i gaudir del seu espectacular entorn natural. Passejarem per pobles encantadors on tindrem l&#8217;oportunitat de visitar les esgl\u00e9sies de <strong>Sant Climent<\/strong> i <strong>Santa Maria de Ta\u00fcll, Santa Eul\u00e0lia d&#8217;Erill la Vall i Sant Joan de Bo\u00ed<\/strong> ; gaudirem d&#8217;una bell\u00edssima i <strong>suau caminada pels voltants del Pla de l&#8217;Ermita<\/strong> , molt a prop de l&#8217;estaci\u00f3 d&#8217;esqu\u00ed de Bo\u00ed-Ta\u00fcll; i tindrem oportunitat de <strong>relaxar-nos a l&#8217;Hotel Balneari de Caldes de Bo\u00ed<\/strong> , on ens allotjarem en r\u00e8gim de mitja pensi\u00f3.<\/p>\n<p>Una escapada de cap de setmana ideal per desconnectar i gaudir de l\u00b4art rom\u00e0nic en un entorn natural id\u00edl\u00b7lic i un allotjament de luxe (possibilitat de gaudir del conjunt termal).<\/p>\n<p><strong>GRUP M\u00cdNIM 12 PERSONES I M\u00c0XIM 20<\/strong><\/p>\n","protected":false},"excerpt":{"rendered":"<p>La Vall de Bo\u00ed , o vall de la Noguera de Tor, situada a la comarca de l&#8217;Alta Ribagor\u00e7a (Lleida), \u00e9s un parad\u00eds per als amants de la natura i de l&#8217;art. En aquest enclavament privilegiat del Pirineu, porta d&#8217;acc\u00e9s al Parc Nacional d&#8217;Aiguestortes i Estany de Sant Maurici, el paisatge es fon amb el [&hellip;]<\/p>\n","protected":false},"featured_media":3579,"template":"","meta":{"_acf_changed":false},"product_brand":[],"product_cat":[62],"product_tag":[],"class_list":{"0":"post-3576","1":"product","2":"type-product","3":"status-publish","4":"has-post-thumbnail","6":"product_cat-viatges-passats","7":"tm-has-options","9":"first","10":"instock","11":"shipping-taxable","12":"product-type-simple"},"acf":[],"yoast_head":"<!-- This site is optimized with the Yoast SEO plugin v27.2 - https:\/\/yoast.com\/product\/yoast-seo-wordpress\/ -->\n<title>Cap de setmana a la Vall de Bo\u00ed, natura i rom\u00e0nic en estat pur - Enjoy Catalonia<\/title>\n<meta name=\"robots\" content=\"index, follow, max-snippet:-1, max-image-preview:large, max-video-preview:-1\" \/>\n<link rel=\"canonical\" href=\"https:\/\/enjoycatalonia.com\/ca\/tours\/cap-de-setmana-a-la-vall-de-boi-natura-i-romanic-en-estat-pur\/\" \/>\n<meta property=\"og:locale\" content=\"ca_ES\" \/>\n<meta property=\"og:type\" content=\"article\" \/>\n<meta property=\"og:title\" content=\"Cap de setmana a la Vall de Bo\u00ed, natura i rom\u00e0nic en estat pur - Enjoy Catalonia\" \/>\n<meta property=\"og:description\" content=\"La Vall de Bo\u00ed , o vall de la Noguera de Tor, situada a la comarca de l&#8217;Alta Ribagor\u00e7a (Lleida), \u00e9s un parad\u00eds per als amants de la natura i de l&#8217;art. En aquest enclavament privilegiat del Pirineu, porta d&#8217;acc\u00e9s al Parc Nacional d&#8217;Aiguestortes i Estany de Sant Maurici, el paisatge es fon amb el [&hellip;]\" \/>\n<meta property=\"og:url\" content=\"https:\/\/enjoycatalonia.com\/ca\/tours\/cap-de-setmana-a-la-vall-de-boi-natura-i-romanic-en-estat-pur\/\" \/>\n<meta property=\"og:site_name\" content=\"Enjoy Catalonia\" \/>\n<meta property=\"article:modified_time\" content=\"2026-03-03T09:02:18+00:00\" \/>\n<meta property=\"og:image\" content=\"https:\/\/enjoycatalonia.com\/wp-content\/uploads\/2026\/02\/7b3369f8-666c-4a4d-b9ce-efc00c7642e0_16-9-discover-aspect-ratio_default_1398173.jpg\" \/>\n\t<meta property=\"og:image:width\" content=\"1500\" \/>\n\t<meta property=\"og:image:height\" content=\"945\" \/>\n\t<meta property=\"og:image:type\" content=\"image\/jpeg\" \/>\n<meta name=\"twitter:card\" content=\"summary_large_image\" \/>\n<meta name=\"twitter:label1\" content=\"Temps estimat de lectura\" \/>\n\t<meta name=\"twitter:data1\" content=\"2 minuts\" \/>\n<script type=\"application\/ld+json\" class=\"yoast-schema-graph\">{\"@context\":\"https:\/\/schema.org\",\"@graph\":[{\"@type\":\"WebPage\",\"@id\":\"https:\/\/enjoycatalonia.com\/ca\/tours\/cap-de-setmana-a-la-vall-de-boi-natura-i-romanic-en-estat-pur\/\",\"url\":\"https:\/\/enjoycatalonia.com\/ca\/tours\/cap-de-setmana-a-la-vall-de-boi-natura-i-romanic-en-estat-pur\/\",\"name\":\"Cap de setmana a la Vall de Bo\u00ed, natura i rom\u00e0nic en estat pur - Enjoy Catalonia\",\"isPartOf\":{\"@id\":\"https:\/\/enjoycatalonia.com\/ca\/#website\"},\"primaryImageOfPage\":{\"@id\":\"https:\/\/enjoycatalonia.com\/ca\/tours\/cap-de-setmana-a-la-vall-de-boi-natura-i-romanic-en-estat-pur\/#primaryimage\"},\"image\":{\"@id\":\"https:\/\/enjoycatalonia.com\/ca\/tours\/cap-de-setmana-a-la-vall-de-boi-natura-i-romanic-en-estat-pur\/#primaryimage\"},\"thumbnailUrl\":\"https:\/\/enjoycatalonia.com\/wp-content\/uploads\/2026\/02\/7b3369f8-666c-4a4d-b9ce-efc00c7642e0_16-9-discover-aspect-ratio_default_1398173.jpg\",\"datePublished\":\"2026-02-09T10:15:33+00:00\",\"dateModified\":\"2026-03-03T09:02:18+00:00\",\"breadcrumb\":{\"@id\":\"https:\/\/enjoycatalonia.com\/ca\/tours\/cap-de-setmana-a-la-vall-de-boi-natura-i-romanic-en-estat-pur\/#breadcrumb\"},\"inLanguage\":\"ca\",\"potentialAction\":[{\"@type\":\"ReadAction\",\"target\":[\"https:\/\/enjoycatalonia.com\/ca\/tours\/cap-de-setmana-a-la-vall-de-boi-natura-i-romanic-en-estat-pur\/\"]}]},{\"@type\":\"ImageObject\",\"inLanguage\":\"ca\",\"@id\":\"https:\/\/enjoycatalonia.com\/ca\/tours\/cap-de-setmana-a-la-vall-de-boi-natura-i-romanic-en-estat-pur\/#primaryimage\",\"url\":\"https:\/\/enjoycatalonia.com\/wp-content\/uploads\/2026\/02\/7b3369f8-666c-4a4d-b9ce-efc00c7642e0_16-9-discover-aspect-ratio_default_1398173.jpg\",\"contentUrl\":\"https:\/\/enjoycatalonia.com\/wp-content\/uploads\/2026\/02\/7b3369f8-666c-4a4d-b9ce-efc00c7642e0_16-9-discover-aspect-ratio_default_1398173.jpg\",\"width\":1500,\"height\":945},{\"@type\":\"BreadcrumbList\",\"@id\":\"https:\/\/enjoycatalonia.com\/ca\/tours\/cap-de-setmana-a-la-vall-de-boi-natura-i-romanic-en-estat-pur\/#breadcrumb\",\"itemListElement\":[{\"@type\":\"ListItem\",\"position\":1,\"name\":\"Portada\",\"item\":\"https:\/\/enjoycatalonia.com\/ca\/\"},{\"@type\":\"ListItem\",\"position\":2,\"name\":\"Botiga\",\"item\":\"https:\/\/enjoycatalonia.com\/tienda\/\"},{\"@type\":\"ListItem\",\"position\":3,\"name\":\"Cap de setmana a la Vall de Bo\u00ed, natura i rom\u00e0nic en estat pur\"}]},{\"@type\":\"WebSite\",\"@id\":\"https:\/\/enjoycatalonia.com\/ca\/#website\",\"url\":\"https:\/\/enjoycatalonia.com\/ca\/\",\"name\":\"Enjoy Catalonia\",\"description\":\"\",\"potentialAction\":[{\"@type\":\"SearchAction\",\"target\":{\"@type\":\"EntryPoint\",\"urlTemplate\":\"https:\/\/enjoycatalonia.com\/ca\/?s={search_term_string}\"},\"query-input\":{\"@type\":\"PropertyValueSpecification\",\"valueRequired\":true,\"valueName\":\"search_term_string\"}}],\"inLanguage\":\"ca\"}]}<\/script>\n<!-- \/ Yoast SEO plugin. -->","yoast_head_json":{"title":"Cap de setmana a la Vall de Bo\u00ed, natura i rom\u00e0nic en estat pur - Enjoy Catalonia","robots":{"index":"index","follow":"follow","max-snippet":"max-snippet:-1","max-image-preview":"max-image-preview:large","max-video-preview":"max-video-preview:-1"},"canonical":"https:\/\/enjoycatalonia.com\/ca\/tours\/cap-de-setmana-a-la-vall-de-boi-natura-i-romanic-en-estat-pur\/","og_locale":"ca_ES","og_type":"article","og_title":"Cap de setmana a la Vall de Bo\u00ed, natura i rom\u00e0nic en estat pur - Enjoy Catalonia","og_description":"La Vall de Bo\u00ed , o vall de la Noguera de Tor, situada a la comarca de l&#8217;Alta Ribagor\u00e7a (Lleida), \u00e9s un parad\u00eds per als amants de la natura i de l&#8217;art. En aquest enclavament privilegiat del Pirineu, porta d&#8217;acc\u00e9s al Parc Nacional d&#8217;Aiguestortes i Estany de Sant Maurici, el paisatge es fon amb el [&hellip;]","og_url":"https:\/\/enjoycatalonia.com\/ca\/tours\/cap-de-setmana-a-la-vall-de-boi-natura-i-romanic-en-estat-pur\/","og_site_name":"Enjoy Catalonia","article_modified_time":"2026-03-03T09:02:18+00:00","og_image":[{"width":1500,"height":945,"url":"https:\/\/enjoycatalonia.com\/wp-content\/uploads\/2026\/02\/7b3369f8-666c-4a4d-b9ce-efc00c7642e0_16-9-discover-aspect-ratio_default_1398173.jpg","type":"image\/jpeg"}],"twitter_card":"summary_large_image","twitter_misc":{"Temps estimat de lectura":"2 minuts"},"schema":{"@context":"https:\/\/schema.org","@graph":[{"@type":"WebPage","@id":"https:\/\/enjoycatalonia.com\/ca\/tours\/cap-de-setmana-a-la-vall-de-boi-natura-i-romanic-en-estat-pur\/","url":"https:\/\/enjoycatalonia.com\/ca\/tours\/cap-de-setmana-a-la-vall-de-boi-natura-i-romanic-en-estat-pur\/","name":"Cap de setmana a la Vall de Bo\u00ed, natura i rom\u00e0nic en estat pur - Enjoy Catalonia","isPartOf":{"@id":"https:\/\/enjoycatalonia.com\/ca\/#website"},"primaryImageOfPage":{"@id":"https:\/\/enjoycatalonia.com\/ca\/tours\/cap-de-setmana-a-la-vall-de-boi-natura-i-romanic-en-estat-pur\/#primaryimage"},"image":{"@id":"https:\/\/enjoycatalonia.com\/ca\/tours\/cap-de-setmana-a-la-vall-de-boi-natura-i-romanic-en-estat-pur\/#primaryimage"},"thumbnailUrl":"https:\/\/enjoycatalonia.com\/wp-content\/uploads\/2026\/02\/7b3369f8-666c-4a4d-b9ce-efc00c7642e0_16-9-discover-aspect-ratio_default_1398173.jpg","datePublished":"2026-02-09T10:15:33+00:00","dateModified":"2026-03-03T09:02:18+00:00","breadcrumb":{"@id":"https:\/\/enjoycatalonia.com\/ca\/tours\/cap-de-setmana-a-la-vall-de-boi-natura-i-romanic-en-estat-pur\/#breadcrumb"},"inLanguage":"ca","potentialAction":[{"@type":"ReadAction","target":["https:\/\/enjoycatalonia.com\/ca\/tours\/cap-de-setmana-a-la-vall-de-boi-natura-i-romanic-en-estat-pur\/"]}]},{"@type":"ImageObject","inLanguage":"ca","@id":"https:\/\/enjoycatalonia.com\/ca\/tours\/cap-de-setmana-a-la-vall-de-boi-natura-i-romanic-en-estat-pur\/#primaryimage","url":"https:\/\/enjoycatalonia.com\/wp-content\/uploads\/2026\/02\/7b3369f8-666c-4a4d-b9ce-efc00c7642e0_16-9-discover-aspect-ratio_default_1398173.jpg","contentUrl":"https:\/\/enjoycatalonia.com\/wp-content\/uploads\/2026\/02\/7b3369f8-666c-4a4d-b9ce-efc00c7642e0_16-9-discover-aspect-ratio_default_1398173.jpg","width":1500,"height":945},{"@type":"BreadcrumbList","@id":"https:\/\/enjoycatalonia.com\/ca\/tours\/cap-de-setmana-a-la-vall-de-boi-natura-i-romanic-en-estat-pur\/#breadcrumb","itemListElement":[{"@type":"ListItem","position":1,"name":"Portada","item":"https:\/\/enjoycatalonia.com\/ca\/"},{"@type":"ListItem","position":2,"name":"Botiga","item":"https:\/\/enjoycatalonia.com\/tienda\/"},{"@type":"ListItem","position":3,"name":"Cap de setmana a la Vall de Bo\u00ed, natura i rom\u00e0nic en estat pur"}]},{"@type":"WebSite","@id":"https:\/\/enjoycatalonia.com\/ca\/#website","url":"https:\/\/enjoycatalonia.com\/ca\/","name":"Enjoy Catalonia","description":"","potentialAction":[{"@type":"SearchAction","target":{"@type":"EntryPoint","urlTemplate":"https:\/\/enjoycatalonia.com\/ca\/?s={search_term_string}"},"query-input":{"@type":"PropertyValueSpecification","valueRequired":true,"valueName":"search_term_string"}}],"inLanguage":"ca"}]}},"_links":{"self":[{"href":"https:\/\/enjoycatalonia.com\/ca\/wp-json\/wp\/v2\/product\/3576","targetHints":{"allow":["GET"]}}],"collection":[{"href":"https:\/\/enjoycatalonia.com\/ca\/wp-json\/wp\/v2\/product"}],"about":[{"href":"https:\/\/enjoycatalonia.com\/ca\/wp-json\/wp\/v2\/types\/product"}],"wp:featuredmedia":[{"embeddable":true,"href":"https:\/\/enjoycatalonia.com\/ca\/wp-json\/wp\/v2\/media\/3579"}],"wp:attachment":[{"href":"https:\/\/enjoycatalonia.com\/ca\/wp-json\/wp\/v2\/media?parent=3576"}],"wp:term":[{"taxonomy":"product_brand","embeddable":true,"href":"https:\/\/enjoycatalonia.com\/ca\/wp-json\/wp\/v2\/product_brand?post=3576"},{"taxonomy":"product_cat","embeddable":true,"href":"https:\/\/enjoycatalonia.com\/ca\/wp-json\/wp\/v2\/product_cat?post=3576"},{"taxonomy":"product_tag","embeddable":true,"href":"https:\/\/enjoycatalonia.com\/ca\/wp-json\/wp\/v2\/product_tag?post=3576"}],"curies":[{"name":"wp","href":"https:\/\/api.w.org\/{rel}","templated":true}]}}