{"id":3597,"date":"2026-02-06T12:58:59","date_gmt":"2026-02-06T11:58:59","guid":{"rendered":"https:\/\/enjoycatalonia.com\/tours\/cap-de-setmana-a-occitania-i-sete-montpeller-aigues-mortes-i-nimes\/"},"modified":"2026-03-03T10:12:52","modified_gmt":"2026-03-03T09:12:52","slug":"cap-de-setmana-a-occitania-i-sete-montpeller-aigues-mortes-i-nimes","status":"publish","type":"product","link":"https:\/\/enjoycatalonia.com\/ca\/tours\/cap-de-setmana-a-occitania-i-sete-montpeller-aigues-mortes-i-nimes\/","title":{"rendered":"Cap de setmana a Occit\u00e0nia I: S\u00e8te, Montpeller, Aigues-Mortes i Nimes"},"content":{"rendered":"<p>Gaudeix d\u00b4un cap de setmana molt intens al sud de Fran\u00e7a amb un recorregut pel front mar\u00edtim d\u00b4Occit\u00e0nia, regi\u00f3 amb un patrimoni natural, hist\u00f2ric i cultural excepcional. Una escapada de dos dies que ens permetr\u00e0 visitar <strong>S\u00e8te<\/strong> , la petita Ven\u00e8cia francesa i ciutat natal de Paul Val\u00e9ry; gaudir d&#8217;un recorregut guiat -amb guia local- per <strong>Montpeller<\/strong> , bonica ciutat universit\u00e0ria i un dels llocs m\u00e9s animats de Fran\u00e7a; descobrir la misteriosa <strong>Aigues-Mortes<\/strong> , enclava a la maresma de la Camargue-Gardoise; i visitar el nucli antic de <strong>Nimes<\/strong> , coneguda com la petita Roma francesa pel seu impressionant amfiteatre rom\u00e0 i el seu espectacular temple, la c\u00e8lebre Maison Carr\u00e9.<\/p>\n<p>MENJAR I PASSEJAR PER S\u00c8TE<\/p>\n<p>Entre el mar Mediterrani i l&#8217;estany de Thau s&#8217;assenta S\u00e8te. El port vell, els canals, els ponts i els edificis amb boniques fa\u00e7anes de colors fan que se la conegui com la Ven\u00e8cia de Llenguadoc. La petita ciutat \u00e9s el primer port pesquer del Mediterrani i una destinaci\u00f3 predilecta per als sibarites que aprecien els productes del mar. Destinaci\u00f3 ideal per passar-hi unes hores i gaudir de la seva espl\u00e8ndida gastronomia marinera.<\/p>\n<p>VISITA GUIADA -AMB GUIA LOCAL- I NIT A MONTPELLIER<\/p>\n<p>Passejar per la mil\u00b7len\u00e0ria i molt mediterr\u00e0nia Montpeller, la segona ciutat m\u00e9s gran de la regi\u00f3 i bressol del rei Jaume I d&#8217;Arag\u00f3, sempre \u00e9s un plaer. Al centre hist\u00f2ric, una densa xarxa de carrerons d&#8217;origen medieval, es poden trobar des de bonics palauets del segle XVII al XIX fins a originals mostres de <em>street art.<\/em><\/p>\n<p><strong>La <em>Place de la Com\u00e9die<\/em><\/strong> \u00e9s el cor de la ciutat i divideix la part medieval i l&#8217;eixample modern. Carrerar i perdre&#8217;s pels voltants \u00e9s la millor manera de descobrir i gaudir de la vella Montpeller: la <em>place Saint Roch<\/em> , que llueix un espectacular parany en una de les fa\u00e7anes que la circumda; l&#8217;espectacular <strong>catedral g\u00f2tica de <em>Saint Pierre<\/em><\/strong> ; o el carrer Foch que porta a l&#8217;arc de triomf constru\u00eft a finals del XVII per substituir una porta de la muralla. A m\u00e9s, Montpeller pot presumir de tenir la facultat de medicina m\u00e9s antiga del m\u00f3n i una de les universitats amb m\u00e9s solera de Fran\u00e7a, on van estudiar persones il\u00b7lustres com Nostradamus, Arnau de Vilanova o Ramon Llull.<\/p>\n<p>A la part moderna de Montpeller, que apropa la ciutat al mar, trobem el fam\u00f3s <strong>barri d&#8217;Antigone<\/strong> , dissenyat per recentment mort <strong>Ricardo Bofill<\/strong> . Altres de les zones noves de Montpeller s\u00f3n <strong>la futurista Odysseum i Port Marianne<\/strong> , que destaca per dos projectes molt singulars: la botiga de mobles i accessoris RBC Design Center, de Jean Nouvel, i el magn\u00edfic i colossal edifici de l&#8217;ajuntament projectat tamb\u00e9 per Nouvel i l&#8217;arquitecte local Fran\u00e7ois Font\u00e8s.<\/p>\n<p>EXCURSI\u00d3 A AIGUES-MORTES, EL MILLOR MIRADOR DE LA CAMARGA<\/p>\n<p>La vila medieval d&#8217;Aigues-Mortes va arribar a ser el primer port a la Mediterr\u00e0nia de Fran\u00e7a. Situada al cor de la Camarga del Gard, presenta un aspecte d&#8217;aut\u00e8ntica fortalesa medieval, amb gaireb\u00e9 dos quil\u00f2metres de muralles, diverses portes fortificades, vint torres i un peculiar cam\u00ed de ronda. La torre m\u00e9s alta d&#8217;Aigues-Mortes, la torre de Constan\u00e7a, antiga pres\u00f3, ofereix des de dalt de la terrassa una bella vista dels enormes aiguamolls de la Camarga.<\/p>\n<p>PASSEIG GUIAT PER NIMES, LA PETITA ROMA DE FRAN\u00c7A<\/p>\n<p>La hist\u00f2rica ciutat de N\u00eemes \u00e9s coneguda pel seu espectacular patrimoni hist\u00f2ric i el seu ambient meridional i festiu. L&#8217;amfiteatre rom\u00e0, amb capacitat per a 24.000 espectadors, \u00e9s un dels m\u00e9s ben conservats del m\u00f3n i encara acull regularment espectacles, entre els quals destaquen les famoses curses de bous camargueses. Un altre monument estel\u00b7lar de la ciutat \u00e9s la Maison Carr\u00e9e (Casa Quadrada), un espl\u00e8ndid temple rom\u00e0 de finals del segle I amb columnes rematades per capitells corintis. Nimes compta tamb\u00e9 amb un petit per\u00f2 pintoresc nucli antic i amb un bell\u00edssim parc rom\u00e0ntic: el jard\u00ed de la Fontaine. Aquest meravell\u00f3s parc, va ser dissenyat al segle XVIII i \u00e9s un dels m\u00e9s bonics del sud de Fran\u00e7a.<\/p>\n<p>Una espectacular escapada de cap de setmana de car\u00e0cter l\u00fadic i cultural per descobrir i gaudir de l&#8217;est d&#8217;Occit\u00e0nia, el bell pa\u00eds en llengua del qual, l&#8217;occit\u00e0 (la langue d&#8217;Oc), va n\u00e9ixer el <em>mor cort\u00e8s.<\/em><\/p>\n<p><strong>GRUP M\u00cdNIM 15 PERSONES I M\u00c0XIM 25<\/strong><\/p>\n","protected":false},"excerpt":{"rendered":"<p>Gaudeix d\u00b4un cap de setmana molt intens al sud de Fran\u00e7a amb un recorregut pel front mar\u00edtim d\u00b4Occit\u00e0nia, regi\u00f3 amb un patrimoni natural, hist\u00f2ric i cultural excepcional. Una escapada de dos dies que ens permetr\u00e0 visitar S\u00e8te , la petita Ven\u00e8cia francesa i ciutat natal de Paul Val\u00e9ry; gaudir d&#8217;un recorregut guiat -amb guia local- [&hellip;]<\/p>\n","protected":false},"featured_media":3599,"template":"","meta":{"_acf_changed":false},"product_brand":[],"product_cat":[62],"product_tag":[],"class_list":{"0":"post-3597","1":"product","2":"type-product","3":"status-publish","4":"has-post-thumbnail","6":"product_cat-viatges-passats","7":"tm-has-options","9":"first","10":"instock","11":"shipping-taxable","12":"product-type-simple"},"acf":[],"yoast_head":"<!-- This site is optimized with the Yoast SEO plugin v27.2 - https:\/\/yoast.com\/product\/yoast-seo-wordpress\/ -->\n<title>Cap de setmana a Occit\u00e0nia I: S\u00e8te, Montpeller, Aigues-Mortes i Nimes - Enjoy Catalonia<\/title>\n<meta name=\"robots\" content=\"index, follow, max-snippet:-1, max-image-preview:large, max-video-preview:-1\" \/>\n<link rel=\"canonical\" href=\"https:\/\/enjoycatalonia.com\/ca\/tours\/cap-de-setmana-a-occitania-i-sete-montpeller-aigues-mortes-i-nimes\/\" \/>\n<meta property=\"og:locale\" content=\"ca_ES\" \/>\n<meta property=\"og:type\" content=\"article\" \/>\n<meta property=\"og:title\" content=\"Cap de setmana a Occit\u00e0nia I: S\u00e8te, Montpeller, Aigues-Mortes i Nimes - Enjoy Catalonia\" \/>\n<meta property=\"og:description\" content=\"Gaudeix d\u00b4un cap de setmana molt intens al sud de Fran\u00e7a amb un recorregut pel front mar\u00edtim d\u00b4Occit\u00e0nia, regi\u00f3 amb un patrimoni natural, hist\u00f2ric i cultural excepcional. Una escapada de dos dies que ens permetr\u00e0 visitar S\u00e8te , la petita Ven\u00e8cia francesa i ciutat natal de Paul Val\u00e9ry; gaudir d&#8217;un recorregut guiat -amb guia local- [&hellip;]\" \/>\n<meta property=\"og:url\" content=\"https:\/\/enjoycatalonia.com\/ca\/tours\/cap-de-setmana-a-occitania-i-sete-montpeller-aigues-mortes-i-nimes\/\" \/>\n<meta property=\"og:site_name\" content=\"Enjoy Catalonia\" \/>\n<meta property=\"article:modified_time\" content=\"2026-03-03T09:12:52+00:00\" \/>\n<meta property=\"og:image\" content=\"https:\/\/enjoycatalonia.com\/wp-content\/uploads\/2026\/02\/1731249.jpg\" \/>\n\t<meta property=\"og:image:width\" content=\"1500\" \/>\n\t<meta property=\"og:image:height\" content=\"1125\" \/>\n\t<meta property=\"og:image:type\" content=\"image\/jpeg\" \/>\n<meta name=\"twitter:card\" content=\"summary_large_image\" \/>\n<meta name=\"twitter:label1\" content=\"Temps estimat de lectura\" \/>\n\t<meta name=\"twitter:data1\" content=\"4 minuts\" \/>\n<script type=\"application\/ld+json\" class=\"yoast-schema-graph\">{\"@context\":\"https:\/\/schema.org\",\"@graph\":[{\"@type\":\"WebPage\",\"@id\":\"https:\/\/enjoycatalonia.com\/ca\/tours\/cap-de-setmana-a-occitania-i-sete-montpeller-aigues-mortes-i-nimes\/\",\"url\":\"https:\/\/enjoycatalonia.com\/ca\/tours\/cap-de-setmana-a-occitania-i-sete-montpeller-aigues-mortes-i-nimes\/\",\"name\":\"Cap de setmana a Occit\u00e0nia I: S\u00e8te, Montpeller, Aigues-Mortes i Nimes - Enjoy Catalonia\",\"isPartOf\":{\"@id\":\"https:\/\/enjoycatalonia.com\/ca\/#website\"},\"primaryImageOfPage\":{\"@id\":\"https:\/\/enjoycatalonia.com\/ca\/tours\/cap-de-setmana-a-occitania-i-sete-montpeller-aigues-mortes-i-nimes\/#primaryimage\"},\"image\":{\"@id\":\"https:\/\/enjoycatalonia.com\/ca\/tours\/cap-de-setmana-a-occitania-i-sete-montpeller-aigues-mortes-i-nimes\/#primaryimage\"},\"thumbnailUrl\":\"https:\/\/enjoycatalonia.com\/wp-content\/uploads\/2026\/02\/1731249.jpg\",\"datePublished\":\"2026-02-06T11:58:59+00:00\",\"dateModified\":\"2026-03-03T09:12:52+00:00\",\"breadcrumb\":{\"@id\":\"https:\/\/enjoycatalonia.com\/ca\/tours\/cap-de-setmana-a-occitania-i-sete-montpeller-aigues-mortes-i-nimes\/#breadcrumb\"},\"inLanguage\":\"ca\",\"potentialAction\":[{\"@type\":\"ReadAction\",\"target\":[\"https:\/\/enjoycatalonia.com\/ca\/tours\/cap-de-setmana-a-occitania-i-sete-montpeller-aigues-mortes-i-nimes\/\"]}]},{\"@type\":\"ImageObject\",\"inLanguage\":\"ca\",\"@id\":\"https:\/\/enjoycatalonia.com\/ca\/tours\/cap-de-setmana-a-occitania-i-sete-montpeller-aigues-mortes-i-nimes\/#primaryimage\",\"url\":\"https:\/\/enjoycatalonia.com\/wp-content\/uploads\/2026\/02\/1731249.jpg\",\"contentUrl\":\"https:\/\/enjoycatalonia.com\/wp-content\/uploads\/2026\/02\/1731249.jpg\",\"width\":1500,\"height\":1125},{\"@type\":\"BreadcrumbList\",\"@id\":\"https:\/\/enjoycatalonia.com\/ca\/tours\/cap-de-setmana-a-occitania-i-sete-montpeller-aigues-mortes-i-nimes\/#breadcrumb\",\"itemListElement\":[{\"@type\":\"ListItem\",\"position\":1,\"name\":\"Portada\",\"item\":\"https:\/\/enjoycatalonia.com\/ca\/\"},{\"@type\":\"ListItem\",\"position\":2,\"name\":\"Botiga\",\"item\":\"https:\/\/enjoycatalonia.com\/tienda\/\"},{\"@type\":\"ListItem\",\"position\":3,\"name\":\"Cap de setmana a Occit\u00e0nia I: S\u00e8te, Montpeller, Aigues-Mortes i Nimes\"}]},{\"@type\":\"WebSite\",\"@id\":\"https:\/\/enjoycatalonia.com\/ca\/#website\",\"url\":\"https:\/\/enjoycatalonia.com\/ca\/\",\"name\":\"Enjoy Catalonia\",\"description\":\"\",\"potentialAction\":[{\"@type\":\"SearchAction\",\"target\":{\"@type\":\"EntryPoint\",\"urlTemplate\":\"https:\/\/enjoycatalonia.com\/ca\/?s={search_term_string}\"},\"query-input\":{\"@type\":\"PropertyValueSpecification\",\"valueRequired\":true,\"valueName\":\"search_term_string\"}}],\"inLanguage\":\"ca\"}]}<\/script>\n<!-- \/ Yoast SEO plugin. -->","yoast_head_json":{"title":"Cap de setmana a Occit\u00e0nia I: S\u00e8te, Montpeller, Aigues-Mortes i Nimes - Enjoy Catalonia","robots":{"index":"index","follow":"follow","max-snippet":"max-snippet:-1","max-image-preview":"max-image-preview:large","max-video-preview":"max-video-preview:-1"},"canonical":"https:\/\/enjoycatalonia.com\/ca\/tours\/cap-de-setmana-a-occitania-i-sete-montpeller-aigues-mortes-i-nimes\/","og_locale":"ca_ES","og_type":"article","og_title":"Cap de setmana a Occit\u00e0nia I: S\u00e8te, Montpeller, Aigues-Mortes i Nimes - Enjoy Catalonia","og_description":"Gaudeix d\u00b4un cap de setmana molt intens al sud de Fran\u00e7a amb un recorregut pel front mar\u00edtim d\u00b4Occit\u00e0nia, regi\u00f3 amb un patrimoni natural, hist\u00f2ric i cultural excepcional. Una escapada de dos dies que ens permetr\u00e0 visitar S\u00e8te , la petita Ven\u00e8cia francesa i ciutat natal de Paul Val\u00e9ry; gaudir d&#8217;un recorregut guiat -amb guia local- [&hellip;]","og_url":"https:\/\/enjoycatalonia.com\/ca\/tours\/cap-de-setmana-a-occitania-i-sete-montpeller-aigues-mortes-i-nimes\/","og_site_name":"Enjoy Catalonia","article_modified_time":"2026-03-03T09:12:52+00:00","og_image":[{"width":1500,"height":1125,"url":"https:\/\/enjoycatalonia.com\/wp-content\/uploads\/2026\/02\/1731249.jpg","type":"image\/jpeg"}],"twitter_card":"summary_large_image","twitter_misc":{"Temps estimat de lectura":"4 minuts"},"schema":{"@context":"https:\/\/schema.org","@graph":[{"@type":"WebPage","@id":"https:\/\/enjoycatalonia.com\/ca\/tours\/cap-de-setmana-a-occitania-i-sete-montpeller-aigues-mortes-i-nimes\/","url":"https:\/\/enjoycatalonia.com\/ca\/tours\/cap-de-setmana-a-occitania-i-sete-montpeller-aigues-mortes-i-nimes\/","name":"Cap de setmana a Occit\u00e0nia I: S\u00e8te, Montpeller, Aigues-Mortes i Nimes - Enjoy Catalonia","isPartOf":{"@id":"https:\/\/enjoycatalonia.com\/ca\/#website"},"primaryImageOfPage":{"@id":"https:\/\/enjoycatalonia.com\/ca\/tours\/cap-de-setmana-a-occitania-i-sete-montpeller-aigues-mortes-i-nimes\/#primaryimage"},"image":{"@id":"https:\/\/enjoycatalonia.com\/ca\/tours\/cap-de-setmana-a-occitania-i-sete-montpeller-aigues-mortes-i-nimes\/#primaryimage"},"thumbnailUrl":"https:\/\/enjoycatalonia.com\/wp-content\/uploads\/2026\/02\/1731249.jpg","datePublished":"2026-02-06T11:58:59+00:00","dateModified":"2026-03-03T09:12:52+00:00","breadcrumb":{"@id":"https:\/\/enjoycatalonia.com\/ca\/tours\/cap-de-setmana-a-occitania-i-sete-montpeller-aigues-mortes-i-nimes\/#breadcrumb"},"inLanguage":"ca","potentialAction":[{"@type":"ReadAction","target":["https:\/\/enjoycatalonia.com\/ca\/tours\/cap-de-setmana-a-occitania-i-sete-montpeller-aigues-mortes-i-nimes\/"]}]},{"@type":"ImageObject","inLanguage":"ca","@id":"https:\/\/enjoycatalonia.com\/ca\/tours\/cap-de-setmana-a-occitania-i-sete-montpeller-aigues-mortes-i-nimes\/#primaryimage","url":"https:\/\/enjoycatalonia.com\/wp-content\/uploads\/2026\/02\/1731249.jpg","contentUrl":"https:\/\/enjoycatalonia.com\/wp-content\/uploads\/2026\/02\/1731249.jpg","width":1500,"height":1125},{"@type":"BreadcrumbList","@id":"https:\/\/enjoycatalonia.com\/ca\/tours\/cap-de-setmana-a-occitania-i-sete-montpeller-aigues-mortes-i-nimes\/#breadcrumb","itemListElement":[{"@type":"ListItem","position":1,"name":"Portada","item":"https:\/\/enjoycatalonia.com\/ca\/"},{"@type":"ListItem","position":2,"name":"Botiga","item":"https:\/\/enjoycatalonia.com\/tienda\/"},{"@type":"ListItem","position":3,"name":"Cap de setmana a Occit\u00e0nia I: S\u00e8te, Montpeller, Aigues-Mortes i Nimes"}]},{"@type":"WebSite","@id":"https:\/\/enjoycatalonia.com\/ca\/#website","url":"https:\/\/enjoycatalonia.com\/ca\/","name":"Enjoy Catalonia","description":"","potentialAction":[{"@type":"SearchAction","target":{"@type":"EntryPoint","urlTemplate":"https:\/\/enjoycatalonia.com\/ca\/?s={search_term_string}"},"query-input":{"@type":"PropertyValueSpecification","valueRequired":true,"valueName":"search_term_string"}}],"inLanguage":"ca"}]}},"_links":{"self":[{"href":"https:\/\/enjoycatalonia.com\/ca\/wp-json\/wp\/v2\/product\/3597","targetHints":{"allow":["GET"]}}],"collection":[{"href":"https:\/\/enjoycatalonia.com\/ca\/wp-json\/wp\/v2\/product"}],"about":[{"href":"https:\/\/enjoycatalonia.com\/ca\/wp-json\/wp\/v2\/types\/product"}],"wp:featuredmedia":[{"embeddable":true,"href":"https:\/\/enjoycatalonia.com\/ca\/wp-json\/wp\/v2\/media\/3599"}],"wp:attachment":[{"href":"https:\/\/enjoycatalonia.com\/ca\/wp-json\/wp\/v2\/media?parent=3597"}],"wp:term":[{"taxonomy":"product_brand","embeddable":true,"href":"https:\/\/enjoycatalonia.com\/ca\/wp-json\/wp\/v2\/product_brand?post=3597"},{"taxonomy":"product_cat","embeddable":true,"href":"https:\/\/enjoycatalonia.com\/ca\/wp-json\/wp\/v2\/product_cat?post=3597"},{"taxonomy":"product_tag","embeddable":true,"href":"https:\/\/enjoycatalonia.com\/ca\/wp-json\/wp\/v2\/product_tag?post=3597"}],"curies":[{"name":"wp","href":"https:\/\/api.w.org\/{rel}","templated":true}]}}