{"id":3612,"date":"2026-02-06T12:07:37","date_gmt":"2026-02-06T11:07:37","guid":{"rendered":"https:\/\/enjoycatalonia.com\/tours\/mercats-nadalencs-doccitania-tolosa-albi-i-cordes-sur-ciel\/"},"modified":"2026-03-03T10:19:31","modified_gmt":"2026-03-03T09:19:31","slug":"mercats-nadalencs-doccitania-tolosa-albi-i-cordes-sur-ciel","status":"publish","type":"product","link":"https:\/\/enjoycatalonia.com\/ca\/tours\/mercats-nadalencs-doccitania-tolosa-albi-i-cordes-sur-ciel\/","title":{"rendered":"Mercats nadalencs d&#8217;Occit\u00e0nia: Tolosa, Albi i Cordes-sur-Ciel"},"content":{"rendered":"<div>\n<p><strong>Una escapada nadalenca de tres dies (2 nits) al cor d&#8217;Occit\u00e0nia<\/strong> <strong>que ens permetr\u00e0 visitar Tolosa, la <em>ville<\/em> <em>rose;<\/em> Albi, la ciutat de Tolosa-Lautrec; i Cordes sud-Ciel. un dels pobles m\u00e9s bonics de Fran\u00e7a. Un viatge molt complet de car\u00e0cter cultural amb l&#8217;al\u00b7licient afegit dels mercats nadalencs que se celebren a dues d&#8217;aquestes poblacions durant aquestes dates.<\/strong><\/p>\n<\/div>\n<div>\n<p>Tres dies i dues nits amb allotjament en un confortable hotel de 3 estrelles al centre de <strong>Tolosa,<\/strong> capital d&#8217;Occit\u00e0nia i quarta ciutat de Fran\u00e7a. Coneguda com la <em>ville rose<\/em> pel color dels seus edificis, la capital occitana, una de les ciutats m\u00e9s animades de Fran\u00e7a, compta amb un notable patrimoni art\u00edstic i un ric passat medieval que contrasta amb el dinamisme de la seva potent\u00edssima ind\u00fastria aeroespacial. <b> <\/b>A m\u00e9s de Tolosa, la gran ciutat del sud de Fran\u00e7a, tindrem l&#8217;oportunitat de visitar <strong>Albi<\/strong> , la petita i bella ciutat natal de Tolosa-Lautrec, el centre hist\u00f2ric de la qual, amb la catedral de ma\u00f3 m\u00e9s gran del m\u00f3n, va ser declarat Patrimoni de la Humanitat per la Unesco. I tamb\u00e9 visitarem <strong>Cordes-sur-Ciel<\/strong> , un dels pobles d&#8217;origen medieval m\u00e9s bonics de Fran\u00e7a, que aquests dies tamb\u00e9 celebra el seu bonic i pintoresc mercat nadalenc.<\/p>\n<\/div>\n<div>\n<p><strong>Principals atractius del viatge:<\/strong><br \/>\n1- Descobrir Tolosa, capital d&#8217;Occit\u00e0nia i la quarta ciutat de Fran\u00e7a<br \/>\n2- Visitar la petita i bella ciutat d&#8217;Albi i l&#8217;interessant museu Toulouse-Lautrec<br \/>\n3- Gaudir dels mercats nadalencs que se celebren a dues d&#8217;aquestes poblacions<br \/>\n4- Introduir-nos en la fascinant cultura i hist\u00f2ria de Fran\u00e7a<\/p>\n<\/div>\n","protected":false},"excerpt":{"rendered":"<p>Una escapada nadalenca de tres dies (2 nits) al cor d&#8217;Occit\u00e0nia que ens permetr\u00e0 visitar Tolosa, la ville rose; Albi, la ciutat de Tolosa-Lautrec; i Cordes sud-Ciel. un dels pobles m\u00e9s bonics de Fran\u00e7a. Un viatge molt complet de car\u00e0cter cultural amb l&#8217;al\u00b7licient afegit dels mercats nadalencs que se celebren a dues d&#8217;aquestes poblacions durant [&hellip;]<\/p>\n","protected":false},"featured_media":3615,"template":"","meta":{"_acf_changed":false},"product_brand":[],"product_cat":[62],"product_tag":[],"class_list":{"0":"post-3612","1":"product","2":"type-product","3":"status-publish","4":"has-post-thumbnail","6":"product_cat-viatges-passats","7":"tm-has-options","9":"first","10":"instock","11":"shipping-taxable","12":"product-type-simple"},"acf":[],"yoast_head":"<!-- This site is optimized with the Yoast SEO plugin v27.2 - https:\/\/yoast.com\/product\/yoast-seo-wordpress\/ -->\n<title>Mercats nadalencs d&#039;Occit\u00e0nia: Tolosa, Albi i Cordes-sur-Ciel - Enjoy Catalonia<\/title>\n<meta name=\"robots\" content=\"index, follow, max-snippet:-1, max-image-preview:large, max-video-preview:-1\" \/>\n<link rel=\"canonical\" href=\"https:\/\/enjoycatalonia.com\/ca\/tours\/mercats-nadalencs-doccitania-tolosa-albi-i-cordes-sur-ciel\/\" \/>\n<meta property=\"og:locale\" content=\"ca_ES\" \/>\n<meta property=\"og:type\" content=\"article\" \/>\n<meta property=\"og:title\" content=\"Mercats nadalencs d&#039;Occit\u00e0nia: Tolosa, Albi i Cordes-sur-Ciel - Enjoy Catalonia\" \/>\n<meta property=\"og:description\" content=\"Una escapada nadalenca de tres dies (2 nits) al cor d&#8217;Occit\u00e0nia que ens permetr\u00e0 visitar Tolosa, la ville rose; Albi, la ciutat de Tolosa-Lautrec; i Cordes sud-Ciel. un dels pobles m\u00e9s bonics de Fran\u00e7a. Un viatge molt complet de car\u00e0cter cultural amb l&#8217;al\u00b7licient afegit dels mercats nadalencs que se celebren a dues d&#8217;aquestes poblacions durant [&hellip;]\" \/>\n<meta property=\"og:url\" content=\"https:\/\/enjoycatalonia.com\/ca\/tours\/mercats-nadalencs-doccitania-tolosa-albi-i-cordes-sur-ciel\/\" \/>\n<meta property=\"og:site_name\" content=\"Enjoy Catalonia\" \/>\n<meta property=\"article:modified_time\" content=\"2026-03-03T09:19:31+00:00\" \/>\n<meta property=\"og:image\" content=\"https:\/\/enjoycatalonia.com\/wp-content\/uploads\/2026\/02\/albi-hd.jpg\" \/>\n\t<meta property=\"og:image:width\" content=\"1500\" \/>\n\t<meta property=\"og:image:height\" content=\"945\" \/>\n\t<meta property=\"og:image:type\" content=\"image\/jpeg\" \/>\n<meta name=\"twitter:card\" content=\"summary_large_image\" \/>\n<meta name=\"twitter:label1\" content=\"Temps estimat de lectura\" \/>\n\t<meta name=\"twitter:data1\" content=\"2 minuts\" \/>\n<script type=\"application\/ld+json\" class=\"yoast-schema-graph\">{\"@context\":\"https:\/\/schema.org\",\"@graph\":[{\"@type\":\"WebPage\",\"@id\":\"https:\/\/enjoycatalonia.com\/ca\/tours\/mercats-nadalencs-doccitania-tolosa-albi-i-cordes-sur-ciel\/\",\"url\":\"https:\/\/enjoycatalonia.com\/ca\/tours\/mercats-nadalencs-doccitania-tolosa-albi-i-cordes-sur-ciel\/\",\"name\":\"Mercats nadalencs d'Occit\u00e0nia: Tolosa, Albi i Cordes-sur-Ciel - Enjoy Catalonia\",\"isPartOf\":{\"@id\":\"https:\/\/enjoycatalonia.com\/ca\/#website\"},\"primaryImageOfPage\":{\"@id\":\"https:\/\/enjoycatalonia.com\/ca\/tours\/mercats-nadalencs-doccitania-tolosa-albi-i-cordes-sur-ciel\/#primaryimage\"},\"image\":{\"@id\":\"https:\/\/enjoycatalonia.com\/ca\/tours\/mercats-nadalencs-doccitania-tolosa-albi-i-cordes-sur-ciel\/#primaryimage\"},\"thumbnailUrl\":\"https:\/\/enjoycatalonia.com\/wp-content\/uploads\/2026\/02\/albi-hd.jpg\",\"datePublished\":\"2026-02-06T11:07:37+00:00\",\"dateModified\":\"2026-03-03T09:19:31+00:00\",\"breadcrumb\":{\"@id\":\"https:\/\/enjoycatalonia.com\/ca\/tours\/mercats-nadalencs-doccitania-tolosa-albi-i-cordes-sur-ciel\/#breadcrumb\"},\"inLanguage\":\"ca\",\"potentialAction\":[{\"@type\":\"ReadAction\",\"target\":[\"https:\/\/enjoycatalonia.com\/ca\/tours\/mercats-nadalencs-doccitania-tolosa-albi-i-cordes-sur-ciel\/\"]}]},{\"@type\":\"ImageObject\",\"inLanguage\":\"ca\",\"@id\":\"https:\/\/enjoycatalonia.com\/ca\/tours\/mercats-nadalencs-doccitania-tolosa-albi-i-cordes-sur-ciel\/#primaryimage\",\"url\":\"https:\/\/enjoycatalonia.com\/wp-content\/uploads\/2026\/02\/albi-hd.jpg\",\"contentUrl\":\"https:\/\/enjoycatalonia.com\/wp-content\/uploads\/2026\/02\/albi-hd.jpg\",\"width\":1500,\"height\":945},{\"@type\":\"BreadcrumbList\",\"@id\":\"https:\/\/enjoycatalonia.com\/ca\/tours\/mercats-nadalencs-doccitania-tolosa-albi-i-cordes-sur-ciel\/#breadcrumb\",\"itemListElement\":[{\"@type\":\"ListItem\",\"position\":1,\"name\":\"Portada\",\"item\":\"https:\/\/enjoycatalonia.com\/ca\/\"},{\"@type\":\"ListItem\",\"position\":2,\"name\":\"Botiga\",\"item\":\"https:\/\/enjoycatalonia.com\/tienda\/\"},{\"@type\":\"ListItem\",\"position\":3,\"name\":\"Mercats nadalencs d&#8217;Occit\u00e0nia: Tolosa, Albi i Cordes-sur-Ciel\"}]},{\"@type\":\"WebSite\",\"@id\":\"https:\/\/enjoycatalonia.com\/ca\/#website\",\"url\":\"https:\/\/enjoycatalonia.com\/ca\/\",\"name\":\"Enjoy Catalonia\",\"description\":\"\",\"potentialAction\":[{\"@type\":\"SearchAction\",\"target\":{\"@type\":\"EntryPoint\",\"urlTemplate\":\"https:\/\/enjoycatalonia.com\/ca\/?s={search_term_string}\"},\"query-input\":{\"@type\":\"PropertyValueSpecification\",\"valueRequired\":true,\"valueName\":\"search_term_string\"}}],\"inLanguage\":\"ca\"}]}<\/script>\n<!-- \/ Yoast SEO plugin. -->","yoast_head_json":{"title":"Mercats nadalencs d'Occit\u00e0nia: Tolosa, Albi i Cordes-sur-Ciel - Enjoy Catalonia","robots":{"index":"index","follow":"follow","max-snippet":"max-snippet:-1","max-image-preview":"max-image-preview:large","max-video-preview":"max-video-preview:-1"},"canonical":"https:\/\/enjoycatalonia.com\/ca\/tours\/mercats-nadalencs-doccitania-tolosa-albi-i-cordes-sur-ciel\/","og_locale":"ca_ES","og_type":"article","og_title":"Mercats nadalencs d'Occit\u00e0nia: Tolosa, Albi i Cordes-sur-Ciel - Enjoy Catalonia","og_description":"Una escapada nadalenca de tres dies (2 nits) al cor d&#8217;Occit\u00e0nia que ens permetr\u00e0 visitar Tolosa, la ville rose; Albi, la ciutat de Tolosa-Lautrec; i Cordes sud-Ciel. un dels pobles m\u00e9s bonics de Fran\u00e7a. Un viatge molt complet de car\u00e0cter cultural amb l&#8217;al\u00b7licient afegit dels mercats nadalencs que se celebren a dues d&#8217;aquestes poblacions durant [&hellip;]","og_url":"https:\/\/enjoycatalonia.com\/ca\/tours\/mercats-nadalencs-doccitania-tolosa-albi-i-cordes-sur-ciel\/","og_site_name":"Enjoy Catalonia","article_modified_time":"2026-03-03T09:19:31+00:00","og_image":[{"width":1500,"height":945,"url":"https:\/\/enjoycatalonia.com\/wp-content\/uploads\/2026\/02\/albi-hd.jpg","type":"image\/jpeg"}],"twitter_card":"summary_large_image","twitter_misc":{"Temps estimat de lectura":"2 minuts"},"schema":{"@context":"https:\/\/schema.org","@graph":[{"@type":"WebPage","@id":"https:\/\/enjoycatalonia.com\/ca\/tours\/mercats-nadalencs-doccitania-tolosa-albi-i-cordes-sur-ciel\/","url":"https:\/\/enjoycatalonia.com\/ca\/tours\/mercats-nadalencs-doccitania-tolosa-albi-i-cordes-sur-ciel\/","name":"Mercats nadalencs d'Occit\u00e0nia: Tolosa, Albi i Cordes-sur-Ciel - Enjoy Catalonia","isPartOf":{"@id":"https:\/\/enjoycatalonia.com\/ca\/#website"},"primaryImageOfPage":{"@id":"https:\/\/enjoycatalonia.com\/ca\/tours\/mercats-nadalencs-doccitania-tolosa-albi-i-cordes-sur-ciel\/#primaryimage"},"image":{"@id":"https:\/\/enjoycatalonia.com\/ca\/tours\/mercats-nadalencs-doccitania-tolosa-albi-i-cordes-sur-ciel\/#primaryimage"},"thumbnailUrl":"https:\/\/enjoycatalonia.com\/wp-content\/uploads\/2026\/02\/albi-hd.jpg","datePublished":"2026-02-06T11:07:37+00:00","dateModified":"2026-03-03T09:19:31+00:00","breadcrumb":{"@id":"https:\/\/enjoycatalonia.com\/ca\/tours\/mercats-nadalencs-doccitania-tolosa-albi-i-cordes-sur-ciel\/#breadcrumb"},"inLanguage":"ca","potentialAction":[{"@type":"ReadAction","target":["https:\/\/enjoycatalonia.com\/ca\/tours\/mercats-nadalencs-doccitania-tolosa-albi-i-cordes-sur-ciel\/"]}]},{"@type":"ImageObject","inLanguage":"ca","@id":"https:\/\/enjoycatalonia.com\/ca\/tours\/mercats-nadalencs-doccitania-tolosa-albi-i-cordes-sur-ciel\/#primaryimage","url":"https:\/\/enjoycatalonia.com\/wp-content\/uploads\/2026\/02\/albi-hd.jpg","contentUrl":"https:\/\/enjoycatalonia.com\/wp-content\/uploads\/2026\/02\/albi-hd.jpg","width":1500,"height":945},{"@type":"BreadcrumbList","@id":"https:\/\/enjoycatalonia.com\/ca\/tours\/mercats-nadalencs-doccitania-tolosa-albi-i-cordes-sur-ciel\/#breadcrumb","itemListElement":[{"@type":"ListItem","position":1,"name":"Portada","item":"https:\/\/enjoycatalonia.com\/ca\/"},{"@type":"ListItem","position":2,"name":"Botiga","item":"https:\/\/enjoycatalonia.com\/tienda\/"},{"@type":"ListItem","position":3,"name":"Mercats nadalencs d&#8217;Occit\u00e0nia: Tolosa, Albi i Cordes-sur-Ciel"}]},{"@type":"WebSite","@id":"https:\/\/enjoycatalonia.com\/ca\/#website","url":"https:\/\/enjoycatalonia.com\/ca\/","name":"Enjoy Catalonia","description":"","potentialAction":[{"@type":"SearchAction","target":{"@type":"EntryPoint","urlTemplate":"https:\/\/enjoycatalonia.com\/ca\/?s={search_term_string}"},"query-input":{"@type":"PropertyValueSpecification","valueRequired":true,"valueName":"search_term_string"}}],"inLanguage":"ca"}]}},"_links":{"self":[{"href":"https:\/\/enjoycatalonia.com\/ca\/wp-json\/wp\/v2\/product\/3612","targetHints":{"allow":["GET"]}}],"collection":[{"href":"https:\/\/enjoycatalonia.com\/ca\/wp-json\/wp\/v2\/product"}],"about":[{"href":"https:\/\/enjoycatalonia.com\/ca\/wp-json\/wp\/v2\/types\/product"}],"wp:featuredmedia":[{"embeddable":true,"href":"https:\/\/enjoycatalonia.com\/ca\/wp-json\/wp\/v2\/media\/3615"}],"wp:attachment":[{"href":"https:\/\/enjoycatalonia.com\/ca\/wp-json\/wp\/v2\/media?parent=3612"}],"wp:term":[{"taxonomy":"product_brand","embeddable":true,"href":"https:\/\/enjoycatalonia.com\/ca\/wp-json\/wp\/v2\/product_brand?post=3612"},{"taxonomy":"product_cat","embeddable":true,"href":"https:\/\/enjoycatalonia.com\/ca\/wp-json\/wp\/v2\/product_cat?post=3612"},{"taxonomy":"product_tag","embeddable":true,"href":"https:\/\/enjoycatalonia.com\/ca\/wp-json\/wp\/v2\/product_tag?post=3612"}],"curies":[{"name":"wp","href":"https:\/\/api.w.org\/{rel}","templated":true}]}}