{"id":3630,"date":"2026-02-06T11:50:14","date_gmt":"2026-02-06T10:50:14","guid":{"rendered":"https:\/\/enjoycatalonia.com\/tours\/cap-de-setmana-a-occitania-sete-montpeller-i-nimes-la-petita-roma-de-franca\/"},"modified":"2026-03-24T22:49:18","modified_gmt":"2026-03-24T21:49:18","slug":"cap-de-setmana-a-occitania-sete-montpeller-i-nimes-la-petita-roma-de-franca","status":"publish","type":"product","link":"https:\/\/enjoycatalonia.com\/ca\/3diesaoccitania\/","title":{"rendered":"3 dies a Occit\u00e0nia: S\u00e8te, Montpeller, Nimes, Uz\u00e8s, el Pont du Gard i la Maguelone"},"content":{"rendered":"<p data-start=\"0\" data-end=\"315\"><strong>Gaudeix de tres dies molt intensos a l\u2019est d\u2019Occit\u00e0nia (Fran\u00e7a) amb visites a S\u00e8te, la Ven\u00e8cia del Llenguadoc; Montpellier, una bonica i animada ciutat universit\u00e0ria; Nimes, la petita Roma de Fran\u00e7a; Uz\u00e8s, una preciosa ciutat medieval; i l\u2019impressionant Pont du Gard, un dels aq\u00fceductes millor conservats del m\u00f3n.<\/strong><\/p>\n<p data-start=\"317\" data-end=\"1024\" data-is-last-node=\"\" data-is-only-node=\"\">Una escapada de <strong>tres dies amb allotjament en un hotel c\u00e8ntric i confortable de 4 estrelles al centre de Montpellier<\/strong>, que ens permetr\u00e0 visitar <strong>S\u00e8te<\/strong>, la Ven\u00e8cia del Llenguadoc i ciutat natal de Paul Val\u00e9ry; gaudir d\u2019un recorregut guiada per <strong>Montpellier<\/strong>, bonica ciutat universit\u00e0ria i un dels llocs m\u00e9s animats de Fran\u00e7a; visitar el nucli antic de <strong>Nimes<\/strong>, coneguda com la petita Roma de Fran\u00e7a pel seu impressionant amfiteatre rom\u00e0 i el seu espectacular temple, la c\u00e8lebre Maison Carr\u00e9; gaudir d\u2019<strong>Uz\u00e8s<\/strong>, preciosa ciutat d\u2019origen medieval; passejar pel <strong>Pont du Gard<\/strong>, un dels aq\u00fceductes romans millor conservats del m\u00f3n; i gaudir d\u2019una agradable caminada f\u00e0cil de 4 km plans a la \u00abilla\u00bb de <strong>Villeneuve-l\u00e8s-Maguelone<\/strong>.<\/p>\n","protected":false},"excerpt":{"rendered":"<p>Gaudeix de tres dies molt intensos a l\u2019est d\u2019Occit\u00e0nia (Fran\u00e7a) amb visites a S\u00e8te, la Ven\u00e8cia del Llenguadoc; Montpellier, una bonica i animada ciutat universit\u00e0ria; Nimes, la petita Roma de Fran\u00e7a; Uz\u00e8s, una preciosa ciutat medieval; i l\u2019impressionant Pont du Gard, un dels aq\u00fceductes millor conservats del m\u00f3n. Una escapada de tres dies amb allotjament [&hellip;]<\/p>\n","protected":false},"featured_media":3599,"template":"","meta":{"_acf_changed":false},"product_brand":[],"product_cat":[63,64,70],"product_tag":[],"class_list":{"0":"post-3630","1":"product","2":"type-product","3":"status-publish","4":"has-post-thumbnail","6":"product_cat-escapades","7":"product_cat-escapades-franca","8":"product_cat-viatges","9":"tm-has-options","11":"first","12":"instock","13":"featured","14":"shipping-taxable","15":"product-type-simple"},"acf":[],"yoast_head":"<!-- This site is optimized with the Yoast SEO plugin v27.2 - https:\/\/yoast.com\/product\/yoast-seo-wordpress\/ -->\n<title>3 dies a Occit\u00e0nia: S\u00e8te, Montpeller, Nimes, Uz\u00e8s, el Pont du Gard i la Maguelone - Enjoy Catalonia<\/title>\n<meta name=\"robots\" content=\"index, follow, max-snippet:-1, max-image-preview:large, max-video-preview:-1\" \/>\n<link rel=\"canonical\" href=\"https:\/\/enjoycatalonia.com\/ca\/3diesaoccitania\/\" \/>\n<meta property=\"og:locale\" content=\"ca_ES\" \/>\n<meta property=\"og:type\" content=\"article\" \/>\n<meta property=\"og:title\" content=\"3 dies a Occit\u00e0nia: S\u00e8te, Montpeller, Nimes, Uz\u00e8s, el Pont du Gard i la Maguelone - Enjoy Catalonia\" \/>\n<meta property=\"og:description\" content=\"Gaudeix de tres dies molt intensos a l\u2019est d\u2019Occit\u00e0nia (Fran\u00e7a) amb visites a S\u00e8te, la Ven\u00e8cia del Llenguadoc; Montpellier, una bonica i animada ciutat universit\u00e0ria; Nimes, la petita Roma de Fran\u00e7a; Uz\u00e8s, una preciosa ciutat medieval; i l\u2019impressionant Pont du Gard, un dels aq\u00fceductes millor conservats del m\u00f3n. Una escapada de tres dies amb allotjament [&hellip;]\" \/>\n<meta property=\"og:url\" content=\"https:\/\/enjoycatalonia.com\/ca\/3diesaoccitania\/\" \/>\n<meta property=\"og:site_name\" content=\"Enjoy Catalonia\" \/>\n<meta property=\"article:modified_time\" content=\"2026-03-24T21:49:18+00:00\" \/>\n<meta property=\"og:image\" content=\"https:\/\/enjoycatalonia.com\/wp-content\/uploads\/2026\/02\/1731249.jpg\" \/>\n\t<meta property=\"og:image:width\" content=\"1500\" \/>\n\t<meta property=\"og:image:height\" content=\"1125\" \/>\n\t<meta property=\"og:image:type\" content=\"image\/jpeg\" \/>\n<meta name=\"twitter:card\" content=\"summary_large_image\" \/>\n<meta name=\"twitter:label1\" content=\"Temps estimat de lectura\" \/>\n\t<meta name=\"twitter:data1\" content=\"1 minut\" \/>\n<script type=\"application\/ld+json\" class=\"yoast-schema-graph\">{\"@context\":\"https:\/\/schema.org\",\"@graph\":[{\"@type\":\"WebPage\",\"@id\":\"https:\/\/enjoycatalonia.com\/ca\/3diesaoccitania\/\",\"url\":\"https:\/\/enjoycatalonia.com\/ca\/3diesaoccitania\/\",\"name\":\"3 dies a Occit\u00e0nia: S\u00e8te, Montpeller, Nimes, Uz\u00e8s, el Pont du Gard i la Maguelone - Enjoy Catalonia\",\"isPartOf\":{\"@id\":\"https:\/\/enjoycatalonia.com\/ca\/#website\"},\"primaryImageOfPage\":{\"@id\":\"https:\/\/enjoycatalonia.com\/ca\/3diesaoccitania\/#primaryimage\"},\"image\":{\"@id\":\"https:\/\/enjoycatalonia.com\/ca\/3diesaoccitania\/#primaryimage\"},\"thumbnailUrl\":\"https:\/\/enjoycatalonia.com\/wp-content\/uploads\/2026\/02\/1731249.jpg\",\"datePublished\":\"2026-02-06T10:50:14+00:00\",\"dateModified\":\"2026-03-24T21:49:18+00:00\",\"breadcrumb\":{\"@id\":\"https:\/\/enjoycatalonia.com\/ca\/3diesaoccitania\/#breadcrumb\"},\"inLanguage\":\"ca\",\"potentialAction\":[{\"@type\":\"ReadAction\",\"target\":[\"https:\/\/enjoycatalonia.com\/ca\/3diesaoccitania\/\"]}]},{\"@type\":\"ImageObject\",\"inLanguage\":\"ca\",\"@id\":\"https:\/\/enjoycatalonia.com\/ca\/3diesaoccitania\/#primaryimage\",\"url\":\"https:\/\/enjoycatalonia.com\/wp-content\/uploads\/2026\/02\/1731249.jpg\",\"contentUrl\":\"https:\/\/enjoycatalonia.com\/wp-content\/uploads\/2026\/02\/1731249.jpg\",\"width\":1500,\"height\":1125},{\"@type\":\"BreadcrumbList\",\"@id\":\"https:\/\/enjoycatalonia.com\/ca\/3diesaoccitania\/#breadcrumb\",\"itemListElement\":[{\"@type\":\"ListItem\",\"position\":1,\"name\":\"Portada\",\"item\":\"https:\/\/enjoycatalonia.com\/ca\/\"},{\"@type\":\"ListItem\",\"position\":2,\"name\":\"Botiga\",\"item\":\"https:\/\/enjoycatalonia.com\/tienda\/\"},{\"@type\":\"ListItem\",\"position\":3,\"name\":\"3 dies a Occit\u00e0nia: S\u00e8te, Montpeller, Nimes, Uz\u00e8s, el Pont du Gard i la Maguelone\"}]},{\"@type\":\"WebSite\",\"@id\":\"https:\/\/enjoycatalonia.com\/ca\/#website\",\"url\":\"https:\/\/enjoycatalonia.com\/ca\/\",\"name\":\"Enjoy Catalonia\",\"description\":\"\",\"potentialAction\":[{\"@type\":\"SearchAction\",\"target\":{\"@type\":\"EntryPoint\",\"urlTemplate\":\"https:\/\/enjoycatalonia.com\/ca\/?s={search_term_string}\"},\"query-input\":{\"@type\":\"PropertyValueSpecification\",\"valueRequired\":true,\"valueName\":\"search_term_string\"}}],\"inLanguage\":\"ca\"}]}<\/script>\n<!-- \/ Yoast SEO plugin. -->","yoast_head_json":{"title":"3 dies a Occit\u00e0nia: S\u00e8te, Montpeller, Nimes, Uz\u00e8s, el Pont du Gard i la Maguelone - Enjoy Catalonia","robots":{"index":"index","follow":"follow","max-snippet":"max-snippet:-1","max-image-preview":"max-image-preview:large","max-video-preview":"max-video-preview:-1"},"canonical":"https:\/\/enjoycatalonia.com\/ca\/3diesaoccitania\/","og_locale":"ca_ES","og_type":"article","og_title":"3 dies a Occit\u00e0nia: S\u00e8te, Montpeller, Nimes, Uz\u00e8s, el Pont du Gard i la Maguelone - Enjoy Catalonia","og_description":"Gaudeix de tres dies molt intensos a l\u2019est d\u2019Occit\u00e0nia (Fran\u00e7a) amb visites a S\u00e8te, la Ven\u00e8cia del Llenguadoc; Montpellier, una bonica i animada ciutat universit\u00e0ria; Nimes, la petita Roma de Fran\u00e7a; Uz\u00e8s, una preciosa ciutat medieval; i l\u2019impressionant Pont du Gard, un dels aq\u00fceductes millor conservats del m\u00f3n. Una escapada de tres dies amb allotjament [&hellip;]","og_url":"https:\/\/enjoycatalonia.com\/ca\/3diesaoccitania\/","og_site_name":"Enjoy Catalonia","article_modified_time":"2026-03-24T21:49:18+00:00","og_image":[{"width":1500,"height":1125,"url":"https:\/\/enjoycatalonia.com\/wp-content\/uploads\/2026\/02\/1731249.jpg","type":"image\/jpeg"}],"twitter_card":"summary_large_image","twitter_misc":{"Temps estimat de lectura":"1 minut"},"schema":{"@context":"https:\/\/schema.org","@graph":[{"@type":"WebPage","@id":"https:\/\/enjoycatalonia.com\/ca\/3diesaoccitania\/","url":"https:\/\/enjoycatalonia.com\/ca\/3diesaoccitania\/","name":"3 dies a Occit\u00e0nia: S\u00e8te, Montpeller, Nimes, Uz\u00e8s, el Pont du Gard i la Maguelone - Enjoy Catalonia","isPartOf":{"@id":"https:\/\/enjoycatalonia.com\/ca\/#website"},"primaryImageOfPage":{"@id":"https:\/\/enjoycatalonia.com\/ca\/3diesaoccitania\/#primaryimage"},"image":{"@id":"https:\/\/enjoycatalonia.com\/ca\/3diesaoccitania\/#primaryimage"},"thumbnailUrl":"https:\/\/enjoycatalonia.com\/wp-content\/uploads\/2026\/02\/1731249.jpg","datePublished":"2026-02-06T10:50:14+00:00","dateModified":"2026-03-24T21:49:18+00:00","breadcrumb":{"@id":"https:\/\/enjoycatalonia.com\/ca\/3diesaoccitania\/#breadcrumb"},"inLanguage":"ca","potentialAction":[{"@type":"ReadAction","target":["https:\/\/enjoycatalonia.com\/ca\/3diesaoccitania\/"]}]},{"@type":"ImageObject","inLanguage":"ca","@id":"https:\/\/enjoycatalonia.com\/ca\/3diesaoccitania\/#primaryimage","url":"https:\/\/enjoycatalonia.com\/wp-content\/uploads\/2026\/02\/1731249.jpg","contentUrl":"https:\/\/enjoycatalonia.com\/wp-content\/uploads\/2026\/02\/1731249.jpg","width":1500,"height":1125},{"@type":"BreadcrumbList","@id":"https:\/\/enjoycatalonia.com\/ca\/3diesaoccitania\/#breadcrumb","itemListElement":[{"@type":"ListItem","position":1,"name":"Portada","item":"https:\/\/enjoycatalonia.com\/ca\/"},{"@type":"ListItem","position":2,"name":"Botiga","item":"https:\/\/enjoycatalonia.com\/tienda\/"},{"@type":"ListItem","position":3,"name":"3 dies a Occit\u00e0nia: S\u00e8te, Montpeller, Nimes, Uz\u00e8s, el Pont du Gard i la Maguelone"}]},{"@type":"WebSite","@id":"https:\/\/enjoycatalonia.com\/ca\/#website","url":"https:\/\/enjoycatalonia.com\/ca\/","name":"Enjoy Catalonia","description":"","potentialAction":[{"@type":"SearchAction","target":{"@type":"EntryPoint","urlTemplate":"https:\/\/enjoycatalonia.com\/ca\/?s={search_term_string}"},"query-input":{"@type":"PropertyValueSpecification","valueRequired":true,"valueName":"search_term_string"}}],"inLanguage":"ca"}]}},"_links":{"self":[{"href":"https:\/\/enjoycatalonia.com\/ca\/wp-json\/wp\/v2\/product\/3630","targetHints":{"allow":["GET"]}}],"collection":[{"href":"https:\/\/enjoycatalonia.com\/ca\/wp-json\/wp\/v2\/product"}],"about":[{"href":"https:\/\/enjoycatalonia.com\/ca\/wp-json\/wp\/v2\/types\/product"}],"wp:featuredmedia":[{"embeddable":true,"href":"https:\/\/enjoycatalonia.com\/ca\/wp-json\/wp\/v2\/media\/3599"}],"wp:attachment":[{"href":"https:\/\/enjoycatalonia.com\/ca\/wp-json\/wp\/v2\/media?parent=3630"}],"wp:term":[{"taxonomy":"product_brand","embeddable":true,"href":"https:\/\/enjoycatalonia.com\/ca\/wp-json\/wp\/v2\/product_brand?post=3630"},{"taxonomy":"product_cat","embeddable":true,"href":"https:\/\/enjoycatalonia.com\/ca\/wp-json\/wp\/v2\/product_cat?post=3630"},{"taxonomy":"product_tag","embeddable":true,"href":"https:\/\/enjoycatalonia.com\/ca\/wp-json\/wp\/v2\/product_tag?post=3630"}],"curies":[{"name":"wp","href":"https:\/\/api.w.org\/{rel}","templated":true}]}}