{"id":3639,"date":"2026-02-06T11:03:29","date_gmt":"2026-02-06T10:03:29","guid":{"rendered":"https:\/\/enjoycatalonia.com\/tours\/cap-de-setmana-al-barida-i-la-vall-de-nuria-grans-paisatges-del-pirineu\/"},"modified":"2026-03-03T10:39:28","modified_gmt":"2026-03-03T09:39:28","slug":"cap-de-setmana-al-barida-i-la-vall-de-nuria-grans-paisatges-del-pirineu","status":"publish","type":"product","link":"https:\/\/enjoycatalonia.com\/ca\/tours\/cap-de-setmana-al-barida-i-la-vall-de-nuria-grans-paisatges-del-pirineu\/","title":{"rendered":"Cap de setmana al Barid\u00e0 i la Vall de N\u00faria, grans paisatges del Pirineu"},"content":{"rendered":"<p class=\"mb-4\"><strong>Un cap de setmana al Pirineu amb pujada amb cremallera fins a la Vall de N\u00faria, allotjament a la Seu d&#8217;Urgell i visites a petits pobles de la subcomarca del Barid\u00e0 i al santuari de Santa Maria de Queralt.<\/strong><\/p>\n<p class=\"mb-4\"><strong>Gaudeix d&#8217;un cap de setmana cultural i l\u00fadic a les altes muntanyes del Pirineu Oriental<\/strong> (a les comarques de la Cerdanya -El Barid\u00e0- i el Ripoll\u00e8s) amb allotjament en r\u00e8gim de <strong>mitja pensi\u00f3<\/strong> (esmorzar i sopar) en un confortable hotel de <strong>La Seu d&#8217;Urgell<\/strong> , pujada a la <strong>Vall de N\u00faria amb el tren cremallera<\/strong> Seu, \u00fanica catedral rom\u00e0nica de Catalunya), dos poblets molt bonics ( <strong>Queralbs<\/strong> i <strong>Ars\u00e8guel<\/strong> ) i el <strong>santuari de Queralt<\/strong> , el balc\u00f3 del Bergued\u00e0.<\/p>\n<p class=\"mb-4\"><strong>Durant el cap de setmana tindrem l&#8217;oportunitat de:<\/strong><\/p>\n<p class=\"mb-4\"><strong>1-<\/strong> Pujar fins a la <strong>Vall de Nuria<\/strong> amb el <strong>cremallera<\/strong> , gaudir de les belles vistes i capgirar el <strong>llac<\/strong> (30 minuts)<br \/>\n<strong>2-<\/strong> V <strong>isitar Queralbs<\/strong> , un pintoresc poblet amb t\u00edpiques construccions de muntanya i precioses vistes<br \/>\n<strong>3-<\/strong> Descobrir <strong>la Seu d&#8217;Urgell<\/strong> i visitar la seva impressionant <strong>Seu, \u00fanica catedral rom\u00e0nica<\/strong> de Catalunya<br \/>\n<strong>4-<\/strong> Visitar <strong>Ars\u00e8guel<\/strong> , un micropoble amb belles vistes del Cad\u00ed i una petita esgl\u00e9sia rom\u00e0nica<br \/>\n<strong>5-<\/strong> Gaudir de les millors vistes del Bergued\u00e0 des del <strong>Santuari de Queralt<\/strong> , el millor balc\u00f3 d\u00b4aquesta comarca<br \/>\n<strong>6-<\/strong> Aproximar-nos a la <strong>hist\u00f2ria ia la geografia<\/strong> de la Cerdanya i del Pirineu catal\u00e0 de la m\u00e0 d\u00b4un guia oficial bon coneixedor de la zona.<br \/>\n<strong>7-<\/strong> Relaxar-se i gaudir del paisatge en companyia de gent agradable (i de la neu, si n&#8217;hi ha)<\/p>\n<p class=\"mb-4\"><strong>Cremallera fins a la Vall de N\u00faria i excursi\u00f3 molt f\u00e0cil + Queralbs<\/strong><br \/>\nEl dissabte al mat\u00ed pujarem des de Ribes de Freser fins a la Vall de N\u00faria amb el <strong>cremallera<\/strong> , una <strong>experi\u00e8ncia \u00fanica<\/strong> on, des del primer moment, ja es viu tot un m\u00f3n de sensacions gr\u00e0cies a la bellesa i espectacularitat d&#8217;un paisatge i d&#8217;un entorn natural \u00fanics.<br \/>\nA la <strong>Vall de N\u00faria<\/strong> visitarem el <strong>santuari<\/strong> , <strong>caminarem al voltant del llac<\/strong> -caminata f\u00e0cil i plana de 30 minuts- i gaudirem d&#8217;un paisatge \u00fanic (i de la neu, si n&#8217;hi ha).<\/p>\n<p class=\"mb-4\">Despr\u00e9s de dinar baixarem amb el cremallera fins <strong>a Queralbs<\/strong> , un petit poble molt bonic amb belles vistes. I a la tarda, anirem amb autocar fins a La Seu d&#8217;Urgell per instal\u00b7lar-nos a l&#8217;hotel, descansar una mica i sopar junts.<\/p>\n<p class=\"mb-4\"><strong>Visita a la Seu i la seva impressionant catedral + Ars\u00e8guel<\/strong><br \/>\nEl diumenge al mat\u00ed farem una passejada guiada per la ciutat i el seu parc fluvial, i visitarem La Seu, \u00fanica catedral rom\u00e0nica de Catalunya. Despr\u00e9s anirem amb autocar fins al proper i diminut poble d&#8217; <strong>Ars\u00e8guel<\/strong> , on podrem gaudir de la seva petita esgl\u00e9sia i les seves boniques vistes del Cad\u00ed.<\/p>\n<p class=\"mb-4\"><strong>Santuari de Queralt i menjar (junts) a Berga<\/strong><br \/>\nDespr\u00e9s pujarem amb autocar fins a l&#8217;impressionant <strong>santuari de Queralt,<\/strong> el balc\u00f3 del Bergued\u00e0. Finalment, <strong>dinarem junts a Berga<\/strong> i despr\u00e9s agafarem l&#8217;autocar de tornada a Barcelona.<\/p>\n","protected":false},"excerpt":{"rendered":"<p>Un cap de setmana al Pirineu amb pujada amb cremallera fins a la Vall de N\u00faria, allotjament a la Seu d&#8217;Urgell i visites a petits pobles de la subcomarca del Barid\u00e0 i al santuari de Santa Maria de Queralt. Gaudeix d&#8217;un cap de setmana cultural i l\u00fadic a les altes muntanyes del Pirineu Oriental (a [&hellip;]<\/p>\n","protected":false},"featured_media":3642,"template":"","meta":{"_acf_changed":false},"product_brand":[],"product_cat":[62],"product_tag":[],"class_list":{"0":"post-3639","1":"product","2":"type-product","3":"status-publish","4":"has-post-thumbnail","6":"product_cat-viatges-passats","7":"tm-has-options","9":"first","10":"instock","11":"shipping-taxable","12":"product-type-simple"},"acf":[],"yoast_head":"<!-- This site is optimized with the Yoast SEO plugin v27.2 - https:\/\/yoast.com\/product\/yoast-seo-wordpress\/ -->\n<title>Cap de setmana al Barid\u00e0 i la Vall de N\u00faria, grans paisatges del Pirineu - Enjoy Catalonia<\/title>\n<meta name=\"robots\" content=\"index, follow, max-snippet:-1, max-image-preview:large, max-video-preview:-1\" \/>\n<link rel=\"canonical\" href=\"https:\/\/enjoycatalonia.com\/ca\/tours\/cap-de-setmana-al-barida-i-la-vall-de-nuria-grans-paisatges-del-pirineu\/\" \/>\n<meta property=\"og:locale\" content=\"ca_ES\" \/>\n<meta property=\"og:type\" content=\"article\" \/>\n<meta property=\"og:title\" content=\"Cap de setmana al Barid\u00e0 i la Vall de N\u00faria, grans paisatges del Pirineu - Enjoy Catalonia\" \/>\n<meta property=\"og:description\" content=\"Un cap de setmana al Pirineu amb pujada amb cremallera fins a la Vall de N\u00faria, allotjament a la Seu d&#8217;Urgell i visites a petits pobles de la subcomarca del Barid\u00e0 i al santuari de Santa Maria de Queralt. Gaudeix d&#8217;un cap de setmana cultural i l\u00fadic a les altes muntanyes del Pirineu Oriental (a [&hellip;]\" \/>\n<meta property=\"og:url\" content=\"https:\/\/enjoycatalonia.com\/ca\/tours\/cap-de-setmana-al-barida-i-la-vall-de-nuria-grans-paisatges-del-pirineu\/\" \/>\n<meta property=\"og:site_name\" content=\"Enjoy Catalonia\" \/>\n<meta property=\"article:modified_time\" content=\"2026-03-03T09:39:28+00:00\" \/>\n<meta property=\"og:image\" content=\"https:\/\/enjoycatalonia.com\/wp-content\/uploads\/2026\/02\/Diseno-sin-titulo-2025-04-08T130748.640.jpg\" \/>\n\t<meta property=\"og:image:width\" content=\"1150\" \/>\n\t<meta property=\"og:image:height\" content=\"777\" \/>\n\t<meta property=\"og:image:type\" content=\"image\/jpeg\" \/>\n<meta name=\"twitter:card\" content=\"summary_large_image\" \/>\n<meta name=\"twitter:label1\" content=\"Temps estimat de lectura\" \/>\n\t<meta name=\"twitter:data1\" content=\"3 minuts\" \/>\n<script type=\"application\/ld+json\" class=\"yoast-schema-graph\">{\"@context\":\"https:\/\/schema.org\",\"@graph\":[{\"@type\":\"WebPage\",\"@id\":\"https:\/\/enjoycatalonia.com\/ca\/tours\/cap-de-setmana-al-barida-i-la-vall-de-nuria-grans-paisatges-del-pirineu\/\",\"url\":\"https:\/\/enjoycatalonia.com\/ca\/tours\/cap-de-setmana-al-barida-i-la-vall-de-nuria-grans-paisatges-del-pirineu\/\",\"name\":\"Cap de setmana al Barid\u00e0 i la Vall de N\u00faria, grans paisatges del Pirineu - Enjoy Catalonia\",\"isPartOf\":{\"@id\":\"https:\/\/enjoycatalonia.com\/ca\/#website\"},\"primaryImageOfPage\":{\"@id\":\"https:\/\/enjoycatalonia.com\/ca\/tours\/cap-de-setmana-al-barida-i-la-vall-de-nuria-grans-paisatges-del-pirineu\/#primaryimage\"},\"image\":{\"@id\":\"https:\/\/enjoycatalonia.com\/ca\/tours\/cap-de-setmana-al-barida-i-la-vall-de-nuria-grans-paisatges-del-pirineu\/#primaryimage\"},\"thumbnailUrl\":\"https:\/\/enjoycatalonia.com\/wp-content\/uploads\/2026\/02\/Diseno-sin-titulo-2025-04-08T130748.640.jpg\",\"datePublished\":\"2026-02-06T10:03:29+00:00\",\"dateModified\":\"2026-03-03T09:39:28+00:00\",\"breadcrumb\":{\"@id\":\"https:\/\/enjoycatalonia.com\/ca\/tours\/cap-de-setmana-al-barida-i-la-vall-de-nuria-grans-paisatges-del-pirineu\/#breadcrumb\"},\"inLanguage\":\"ca\",\"potentialAction\":[{\"@type\":\"ReadAction\",\"target\":[\"https:\/\/enjoycatalonia.com\/ca\/tours\/cap-de-setmana-al-barida-i-la-vall-de-nuria-grans-paisatges-del-pirineu\/\"]}]},{\"@type\":\"ImageObject\",\"inLanguage\":\"ca\",\"@id\":\"https:\/\/enjoycatalonia.com\/ca\/tours\/cap-de-setmana-al-barida-i-la-vall-de-nuria-grans-paisatges-del-pirineu\/#primaryimage\",\"url\":\"https:\/\/enjoycatalonia.com\/wp-content\/uploads\/2026\/02\/Diseno-sin-titulo-2025-04-08T130748.640.jpg\",\"contentUrl\":\"https:\/\/enjoycatalonia.com\/wp-content\/uploads\/2026\/02\/Diseno-sin-titulo-2025-04-08T130748.640.jpg\",\"width\":1150,\"height\":777},{\"@type\":\"BreadcrumbList\",\"@id\":\"https:\/\/enjoycatalonia.com\/ca\/tours\/cap-de-setmana-al-barida-i-la-vall-de-nuria-grans-paisatges-del-pirineu\/#breadcrumb\",\"itemListElement\":[{\"@type\":\"ListItem\",\"position\":1,\"name\":\"Portada\",\"item\":\"https:\/\/enjoycatalonia.com\/ca\/\"},{\"@type\":\"ListItem\",\"position\":2,\"name\":\"Botiga\",\"item\":\"https:\/\/enjoycatalonia.com\/tienda\/\"},{\"@type\":\"ListItem\",\"position\":3,\"name\":\"Cap de setmana al Barid\u00e0 i la Vall de N\u00faria, grans paisatges del Pirineu\"}]},{\"@type\":\"WebSite\",\"@id\":\"https:\/\/enjoycatalonia.com\/ca\/#website\",\"url\":\"https:\/\/enjoycatalonia.com\/ca\/\",\"name\":\"Enjoy Catalonia\",\"description\":\"\",\"potentialAction\":[{\"@type\":\"SearchAction\",\"target\":{\"@type\":\"EntryPoint\",\"urlTemplate\":\"https:\/\/enjoycatalonia.com\/ca\/?s={search_term_string}\"},\"query-input\":{\"@type\":\"PropertyValueSpecification\",\"valueRequired\":true,\"valueName\":\"search_term_string\"}}],\"inLanguage\":\"ca\"}]}<\/script>\n<!-- \/ Yoast SEO plugin. -->","yoast_head_json":{"title":"Cap de setmana al Barid\u00e0 i la Vall de N\u00faria, grans paisatges del Pirineu - Enjoy Catalonia","robots":{"index":"index","follow":"follow","max-snippet":"max-snippet:-1","max-image-preview":"max-image-preview:large","max-video-preview":"max-video-preview:-1"},"canonical":"https:\/\/enjoycatalonia.com\/ca\/tours\/cap-de-setmana-al-barida-i-la-vall-de-nuria-grans-paisatges-del-pirineu\/","og_locale":"ca_ES","og_type":"article","og_title":"Cap de setmana al Barid\u00e0 i la Vall de N\u00faria, grans paisatges del Pirineu - Enjoy Catalonia","og_description":"Un cap de setmana al Pirineu amb pujada amb cremallera fins a la Vall de N\u00faria, allotjament a la Seu d&#8217;Urgell i visites a petits pobles de la subcomarca del Barid\u00e0 i al santuari de Santa Maria de Queralt. Gaudeix d&#8217;un cap de setmana cultural i l\u00fadic a les altes muntanyes del Pirineu Oriental (a [&hellip;]","og_url":"https:\/\/enjoycatalonia.com\/ca\/tours\/cap-de-setmana-al-barida-i-la-vall-de-nuria-grans-paisatges-del-pirineu\/","og_site_name":"Enjoy Catalonia","article_modified_time":"2026-03-03T09:39:28+00:00","og_image":[{"width":1150,"height":777,"url":"https:\/\/enjoycatalonia.com\/wp-content\/uploads\/2026\/02\/Diseno-sin-titulo-2025-04-08T130748.640.jpg","type":"image\/jpeg"}],"twitter_card":"summary_large_image","twitter_misc":{"Temps estimat de lectura":"3 minuts"},"schema":{"@context":"https:\/\/schema.org","@graph":[{"@type":"WebPage","@id":"https:\/\/enjoycatalonia.com\/ca\/tours\/cap-de-setmana-al-barida-i-la-vall-de-nuria-grans-paisatges-del-pirineu\/","url":"https:\/\/enjoycatalonia.com\/ca\/tours\/cap-de-setmana-al-barida-i-la-vall-de-nuria-grans-paisatges-del-pirineu\/","name":"Cap de setmana al Barid\u00e0 i la Vall de N\u00faria, grans paisatges del Pirineu - Enjoy Catalonia","isPartOf":{"@id":"https:\/\/enjoycatalonia.com\/ca\/#website"},"primaryImageOfPage":{"@id":"https:\/\/enjoycatalonia.com\/ca\/tours\/cap-de-setmana-al-barida-i-la-vall-de-nuria-grans-paisatges-del-pirineu\/#primaryimage"},"image":{"@id":"https:\/\/enjoycatalonia.com\/ca\/tours\/cap-de-setmana-al-barida-i-la-vall-de-nuria-grans-paisatges-del-pirineu\/#primaryimage"},"thumbnailUrl":"https:\/\/enjoycatalonia.com\/wp-content\/uploads\/2026\/02\/Diseno-sin-titulo-2025-04-08T130748.640.jpg","datePublished":"2026-02-06T10:03:29+00:00","dateModified":"2026-03-03T09:39:28+00:00","breadcrumb":{"@id":"https:\/\/enjoycatalonia.com\/ca\/tours\/cap-de-setmana-al-barida-i-la-vall-de-nuria-grans-paisatges-del-pirineu\/#breadcrumb"},"inLanguage":"ca","potentialAction":[{"@type":"ReadAction","target":["https:\/\/enjoycatalonia.com\/ca\/tours\/cap-de-setmana-al-barida-i-la-vall-de-nuria-grans-paisatges-del-pirineu\/"]}]},{"@type":"ImageObject","inLanguage":"ca","@id":"https:\/\/enjoycatalonia.com\/ca\/tours\/cap-de-setmana-al-barida-i-la-vall-de-nuria-grans-paisatges-del-pirineu\/#primaryimage","url":"https:\/\/enjoycatalonia.com\/wp-content\/uploads\/2026\/02\/Diseno-sin-titulo-2025-04-08T130748.640.jpg","contentUrl":"https:\/\/enjoycatalonia.com\/wp-content\/uploads\/2026\/02\/Diseno-sin-titulo-2025-04-08T130748.640.jpg","width":1150,"height":777},{"@type":"BreadcrumbList","@id":"https:\/\/enjoycatalonia.com\/ca\/tours\/cap-de-setmana-al-barida-i-la-vall-de-nuria-grans-paisatges-del-pirineu\/#breadcrumb","itemListElement":[{"@type":"ListItem","position":1,"name":"Portada","item":"https:\/\/enjoycatalonia.com\/ca\/"},{"@type":"ListItem","position":2,"name":"Botiga","item":"https:\/\/enjoycatalonia.com\/tienda\/"},{"@type":"ListItem","position":3,"name":"Cap de setmana al Barid\u00e0 i la Vall de N\u00faria, grans paisatges del Pirineu"}]},{"@type":"WebSite","@id":"https:\/\/enjoycatalonia.com\/ca\/#website","url":"https:\/\/enjoycatalonia.com\/ca\/","name":"Enjoy Catalonia","description":"","potentialAction":[{"@type":"SearchAction","target":{"@type":"EntryPoint","urlTemplate":"https:\/\/enjoycatalonia.com\/ca\/?s={search_term_string}"},"query-input":{"@type":"PropertyValueSpecification","valueRequired":true,"valueName":"search_term_string"}}],"inLanguage":"ca"}]}},"_links":{"self":[{"href":"https:\/\/enjoycatalonia.com\/ca\/wp-json\/wp\/v2\/product\/3639","targetHints":{"allow":["GET"]}}],"collection":[{"href":"https:\/\/enjoycatalonia.com\/ca\/wp-json\/wp\/v2\/product"}],"about":[{"href":"https:\/\/enjoycatalonia.com\/ca\/wp-json\/wp\/v2\/types\/product"}],"wp:featuredmedia":[{"embeddable":true,"href":"https:\/\/enjoycatalonia.com\/ca\/wp-json\/wp\/v2\/media\/3642"}],"wp:attachment":[{"href":"https:\/\/enjoycatalonia.com\/ca\/wp-json\/wp\/v2\/media?parent=3639"}],"wp:term":[{"taxonomy":"product_brand","embeddable":true,"href":"https:\/\/enjoycatalonia.com\/ca\/wp-json\/wp\/v2\/product_brand?post=3639"},{"taxonomy":"product_cat","embeddable":true,"href":"https:\/\/enjoycatalonia.com\/ca\/wp-json\/wp\/v2\/product_cat?post=3639"},{"taxonomy":"product_tag","embeddable":true,"href":"https:\/\/enjoycatalonia.com\/ca\/wp-json\/wp\/v2\/product_tag?post=3639"}],"curies":[{"name":"wp","href":"https:\/\/api.w.org\/{rel}","templated":true}]}}