{"id":3650,"date":"2026-02-06T11:31:13","date_gmt":"2026-02-06T10:31:13","guid":{"rendered":"https:\/\/enjoycatalonia.com\/tours\/3-dies-a-la-val-daran-i-la-vall-de-boi-taull-els-grans-paisatges-del-pirineu-central\/"},"modified":"2026-03-03T10:33:53","modified_gmt":"2026-03-03T09:33:53","slug":"3-dies-a-la-val-daran-i-la-vall-de-boi-taull-els-grans-paisatges-del-pirineu-central","status":"publish","type":"product","link":"https:\/\/enjoycatalonia.com\/ca\/tours\/3-dies-a-la-val-daran-i-la-vall-de-boi-taull-els-grans-paisatges-del-pirineu-central\/","title":{"rendered":"3 dies a la Val d&#8217;Aran i la Vall de Bo\u00ed-Ta\u00fcll, els grans paisatges del Pirineu central"},"content":{"rendered":"<p>Una escapada espectacular per descobrir i gaudir de la <strong>Val d&#8217;Aran<\/strong> i la <strong>Vall de Bo\u00ed-Ta\u00fcl,<\/strong> el parad\u00eds de l&#8217;art rom\u00e0nic catal\u00e0. Tres dies (dues nits) amb allotjament en <strong>r\u00e8gim de mitja pensi\u00f3 (esmorzar + sopar) al Parador Nacional de Vielha,<\/strong> diverses <strong>visites culturals<\/strong> , <strong>dues belles i f\u00e0cils excursions<\/strong> i <strong>temps lliure per gaudir de l&#8217;spa i les piscines del Parador<\/strong> , situat a dalt de Viella i balc\u00f3 privilegiat de la vall d&#8217;Aran.<\/p>\n<p>Al llarg dels tres dies tindrem temps de <strong>rec\u00f3rrer la Vall de Bo\u00ed-Ta\u00fcll<\/strong> i <strong>visitar les seves principals esgl\u00e9sies rom\u00e0niques<\/strong> ; passejar per <strong>Vielha<\/strong> , la capital aranesa, i passejar pels pobles m\u00e9s bonics de la Vall d&#8217;Aran; gaudir d\u00b4un <strong>parell de caminades suaus<\/strong> per enclavaments naturals de gran bellesa; degustar productes locals; con\u00e8ixer la fascinant hist\u00f2ria de la Val d&#8217;Aran, \u00edntimament lligada a la cultura occitana; i, <em>last but not least<\/em> , disposar de temps lliure per <strong>relaxar-se<\/strong> i <strong>reconnectar amb la natura al Parador<\/strong> , envoltat d&#8217;imponents muntanyes i amb una de les millors panor\u00e0miques de la vall.<\/p>\n<p><strong>La <em>Vall de Bo\u00ed<\/em><\/strong> , o vall de la Noguera de Tor, situada a la comarca de l&#8217;Alta Ribagor\u00e7a (Lleida), \u00e9s un parad\u00eds per als amants de la natura i de l&#8217;art. En aquest enclavament privilegiat del Pirineu, porta d&#8217;acc\u00e9s al Parc Nacional d&#8217;Aiguestortes i Estany de Sant Maurici, el paisatge es fon amb el rom\u00e0nic i viceversa. I \u00e9s que pocs llocs del m\u00f3n poden presumir de tenir tantes esgl\u00e9sies rom\u00e0niques (el Rom\u00e0nic de la <em>Vall de Bo\u00ed<\/em> va ser declarat Patrimoni de la Humanitat per la UNESCO) en un espai tan redu\u00eft i un marc tan bonic: cims que superen els tres mil metres d&#8217;al\u00e7ada; rius, barrancs, cascades, boscos bonics i aigua. molta aigua.<\/p>\n<p>La <strong>Vall d&#8217;Aran<\/strong> , situada al nord de la prov\u00edncia de Lleida i fronterera amb Fran\u00e7a, \u00e9s un territori m\u00e0gic que guarda una gran identitat. Envoltat de muntanyes altes i amb un ter\u00e7 del seu territori a una altitud d&#8217;uns 2000 metres, \u00e9s testimoni del naixement del riu Garona, que durant segles va ser l&#8217;\u00fanic pont de connexi\u00f3 amb l&#8217;exterior en el recorregut cap a Fran\u00e7a. Aix\u00f2 ha perm\u00e8s consolidar la llengua i la cultura occitanes fins al punt que l&#8217;aran\u00e8s, l&#8217;occit\u00e0 en la versi\u00f3 gascona, ha esdevingut llengua oficial a Catalunya.<\/p>\n","protected":false},"excerpt":{"rendered":"<p>Una escapada espectacular per descobrir i gaudir de la Val d&#8217;Aran i la Vall de Bo\u00ed-Ta\u00fcl, el parad\u00eds de l&#8217;art rom\u00e0nic catal\u00e0. Tres dies (dues nits) amb allotjament en r\u00e8gim de mitja pensi\u00f3 (esmorzar + sopar) al Parador Nacional de Vielha, diverses visites culturals , dues belles i f\u00e0cils excursions i temps lliure per gaudir [&hellip;]<\/p>\n","protected":false},"featured_media":3654,"template":"","meta":{"_acf_changed":false},"product_brand":[],"product_cat":[62],"product_tag":[],"class_list":{"0":"post-3650","1":"product","2":"type-product","3":"status-publish","4":"has-post-thumbnail","6":"product_cat-viatges-passats","7":"tm-has-options","9":"first","10":"instock","11":"shipping-taxable","12":"product-type-simple"},"acf":[],"yoast_head":"<!-- This site is optimized with the Yoast SEO plugin v27.2 - https:\/\/yoast.com\/product\/yoast-seo-wordpress\/ -->\n<title>3 dies a la Val d&#039;Aran i la Vall de Bo\u00ed-Ta\u00fcll, els grans paisatges del Pirineu central - Enjoy Catalonia<\/title>\n<meta name=\"robots\" content=\"index, follow, max-snippet:-1, max-image-preview:large, max-video-preview:-1\" \/>\n<link rel=\"canonical\" href=\"https:\/\/enjoycatalonia.com\/ca\/tours\/3-dies-a-la-val-daran-i-la-vall-de-boi-taull-els-grans-paisatges-del-pirineu-central\/\" \/>\n<meta property=\"og:locale\" content=\"ca_ES\" \/>\n<meta property=\"og:type\" content=\"article\" \/>\n<meta property=\"og:title\" content=\"3 dies a la Val d&#039;Aran i la Vall de Bo\u00ed-Ta\u00fcll, els grans paisatges del Pirineu central - Enjoy Catalonia\" \/>\n<meta property=\"og:description\" content=\"Una escapada espectacular per descobrir i gaudir de la Val d&#8217;Aran i la Vall de Bo\u00ed-Ta\u00fcl, el parad\u00eds de l&#8217;art rom\u00e0nic catal\u00e0. Tres dies (dues nits) amb allotjament en r\u00e8gim de mitja pensi\u00f3 (esmorzar + sopar) al Parador Nacional de Vielha, diverses visites culturals , dues belles i f\u00e0cils excursions i temps lliure per gaudir [&hellip;]\" \/>\n<meta property=\"og:url\" content=\"https:\/\/enjoycatalonia.com\/ca\/tours\/3-dies-a-la-val-daran-i-la-vall-de-boi-taull-els-grans-paisatges-del-pirineu-central\/\" \/>\n<meta property=\"og:site_name\" content=\"Enjoy Catalonia\" \/>\n<meta property=\"article:modified_time\" content=\"2026-03-03T09:33:53+00:00\" \/>\n<meta property=\"og:image\" content=\"https:\/\/enjoycatalonia.com\/wp-content\/uploads\/2026\/02\/5680ad0f-d547-4917-b22f-45a7b2db5fcf_16-9-discover-aspect-ratio_default_1355051.jpg\" \/>\n\t<meta property=\"og:image:width\" content=\"1500\" \/>\n\t<meta property=\"og:image:height\" content=\"945\" \/>\n\t<meta property=\"og:image:type\" content=\"image\/jpeg\" \/>\n<meta name=\"twitter:card\" content=\"summary_large_image\" \/>\n<meta name=\"twitter:label1\" content=\"Temps estimat de lectura\" \/>\n\t<meta name=\"twitter:data1\" content=\"2 minuts\" \/>\n<script type=\"application\/ld+json\" class=\"yoast-schema-graph\">{\"@context\":\"https:\/\/schema.org\",\"@graph\":[{\"@type\":\"WebPage\",\"@id\":\"https:\/\/enjoycatalonia.com\/ca\/tours\/3-dies-a-la-val-daran-i-la-vall-de-boi-taull-els-grans-paisatges-del-pirineu-central\/\",\"url\":\"https:\/\/enjoycatalonia.com\/ca\/tours\/3-dies-a-la-val-daran-i-la-vall-de-boi-taull-els-grans-paisatges-del-pirineu-central\/\",\"name\":\"3 dies a la Val d'Aran i la Vall de Bo\u00ed-Ta\u00fcll, els grans paisatges del Pirineu central - Enjoy Catalonia\",\"isPartOf\":{\"@id\":\"https:\/\/enjoycatalonia.com\/ca\/#website\"},\"primaryImageOfPage\":{\"@id\":\"https:\/\/enjoycatalonia.com\/ca\/tours\/3-dies-a-la-val-daran-i-la-vall-de-boi-taull-els-grans-paisatges-del-pirineu-central\/#primaryimage\"},\"image\":{\"@id\":\"https:\/\/enjoycatalonia.com\/ca\/tours\/3-dies-a-la-val-daran-i-la-vall-de-boi-taull-els-grans-paisatges-del-pirineu-central\/#primaryimage\"},\"thumbnailUrl\":\"https:\/\/enjoycatalonia.com\/wp-content\/uploads\/2026\/02\/5680ad0f-d547-4917-b22f-45a7b2db5fcf_16-9-discover-aspect-ratio_default_1355051.jpg\",\"datePublished\":\"2026-02-06T10:31:13+00:00\",\"dateModified\":\"2026-03-03T09:33:53+00:00\",\"breadcrumb\":{\"@id\":\"https:\/\/enjoycatalonia.com\/ca\/tours\/3-dies-a-la-val-daran-i-la-vall-de-boi-taull-els-grans-paisatges-del-pirineu-central\/#breadcrumb\"},\"inLanguage\":\"ca\",\"potentialAction\":[{\"@type\":\"ReadAction\",\"target\":[\"https:\/\/enjoycatalonia.com\/ca\/tours\/3-dies-a-la-val-daran-i-la-vall-de-boi-taull-els-grans-paisatges-del-pirineu-central\/\"]}]},{\"@type\":\"ImageObject\",\"inLanguage\":\"ca\",\"@id\":\"https:\/\/enjoycatalonia.com\/ca\/tours\/3-dies-a-la-val-daran-i-la-vall-de-boi-taull-els-grans-paisatges-del-pirineu-central\/#primaryimage\",\"url\":\"https:\/\/enjoycatalonia.com\/wp-content\/uploads\/2026\/02\/5680ad0f-d547-4917-b22f-45a7b2db5fcf_16-9-discover-aspect-ratio_default_1355051.jpg\",\"contentUrl\":\"https:\/\/enjoycatalonia.com\/wp-content\/uploads\/2026\/02\/5680ad0f-d547-4917-b22f-45a7b2db5fcf_16-9-discover-aspect-ratio_default_1355051.jpg\",\"width\":1500,\"height\":945},{\"@type\":\"BreadcrumbList\",\"@id\":\"https:\/\/enjoycatalonia.com\/ca\/tours\/3-dies-a-la-val-daran-i-la-vall-de-boi-taull-els-grans-paisatges-del-pirineu-central\/#breadcrumb\",\"itemListElement\":[{\"@type\":\"ListItem\",\"position\":1,\"name\":\"Portada\",\"item\":\"https:\/\/enjoycatalonia.com\/ca\/\"},{\"@type\":\"ListItem\",\"position\":2,\"name\":\"Botiga\",\"item\":\"https:\/\/enjoycatalonia.com\/tienda\/\"},{\"@type\":\"ListItem\",\"position\":3,\"name\":\"3 dies a la Val d&#8217;Aran i la Vall de Bo\u00ed-Ta\u00fcll, els grans paisatges del Pirineu central\"}]},{\"@type\":\"WebSite\",\"@id\":\"https:\/\/enjoycatalonia.com\/ca\/#website\",\"url\":\"https:\/\/enjoycatalonia.com\/ca\/\",\"name\":\"Enjoy Catalonia\",\"description\":\"\",\"potentialAction\":[{\"@type\":\"SearchAction\",\"target\":{\"@type\":\"EntryPoint\",\"urlTemplate\":\"https:\/\/enjoycatalonia.com\/ca\/?s={search_term_string}\"},\"query-input\":{\"@type\":\"PropertyValueSpecification\",\"valueRequired\":true,\"valueName\":\"search_term_string\"}}],\"inLanguage\":\"ca\"}]}<\/script>\n<!-- \/ Yoast SEO plugin. -->","yoast_head_json":{"title":"3 dies a la Val d'Aran i la Vall de Bo\u00ed-Ta\u00fcll, els grans paisatges del Pirineu central - Enjoy Catalonia","robots":{"index":"index","follow":"follow","max-snippet":"max-snippet:-1","max-image-preview":"max-image-preview:large","max-video-preview":"max-video-preview:-1"},"canonical":"https:\/\/enjoycatalonia.com\/ca\/tours\/3-dies-a-la-val-daran-i-la-vall-de-boi-taull-els-grans-paisatges-del-pirineu-central\/","og_locale":"ca_ES","og_type":"article","og_title":"3 dies a la Val d'Aran i la Vall de Bo\u00ed-Ta\u00fcll, els grans paisatges del Pirineu central - Enjoy Catalonia","og_description":"Una escapada espectacular per descobrir i gaudir de la Val d&#8217;Aran i la Vall de Bo\u00ed-Ta\u00fcl, el parad\u00eds de l&#8217;art rom\u00e0nic catal\u00e0. Tres dies (dues nits) amb allotjament en r\u00e8gim de mitja pensi\u00f3 (esmorzar + sopar) al Parador Nacional de Vielha, diverses visites culturals , dues belles i f\u00e0cils excursions i temps lliure per gaudir [&hellip;]","og_url":"https:\/\/enjoycatalonia.com\/ca\/tours\/3-dies-a-la-val-daran-i-la-vall-de-boi-taull-els-grans-paisatges-del-pirineu-central\/","og_site_name":"Enjoy Catalonia","article_modified_time":"2026-03-03T09:33:53+00:00","og_image":[{"width":1500,"height":945,"url":"https:\/\/enjoycatalonia.com\/wp-content\/uploads\/2026\/02\/5680ad0f-d547-4917-b22f-45a7b2db5fcf_16-9-discover-aspect-ratio_default_1355051.jpg","type":"image\/jpeg"}],"twitter_card":"summary_large_image","twitter_misc":{"Temps estimat de lectura":"2 minuts"},"schema":{"@context":"https:\/\/schema.org","@graph":[{"@type":"WebPage","@id":"https:\/\/enjoycatalonia.com\/ca\/tours\/3-dies-a-la-val-daran-i-la-vall-de-boi-taull-els-grans-paisatges-del-pirineu-central\/","url":"https:\/\/enjoycatalonia.com\/ca\/tours\/3-dies-a-la-val-daran-i-la-vall-de-boi-taull-els-grans-paisatges-del-pirineu-central\/","name":"3 dies a la Val d'Aran i la Vall de Bo\u00ed-Ta\u00fcll, els grans paisatges del Pirineu central - Enjoy Catalonia","isPartOf":{"@id":"https:\/\/enjoycatalonia.com\/ca\/#website"},"primaryImageOfPage":{"@id":"https:\/\/enjoycatalonia.com\/ca\/tours\/3-dies-a-la-val-daran-i-la-vall-de-boi-taull-els-grans-paisatges-del-pirineu-central\/#primaryimage"},"image":{"@id":"https:\/\/enjoycatalonia.com\/ca\/tours\/3-dies-a-la-val-daran-i-la-vall-de-boi-taull-els-grans-paisatges-del-pirineu-central\/#primaryimage"},"thumbnailUrl":"https:\/\/enjoycatalonia.com\/wp-content\/uploads\/2026\/02\/5680ad0f-d547-4917-b22f-45a7b2db5fcf_16-9-discover-aspect-ratio_default_1355051.jpg","datePublished":"2026-02-06T10:31:13+00:00","dateModified":"2026-03-03T09:33:53+00:00","breadcrumb":{"@id":"https:\/\/enjoycatalonia.com\/ca\/tours\/3-dies-a-la-val-daran-i-la-vall-de-boi-taull-els-grans-paisatges-del-pirineu-central\/#breadcrumb"},"inLanguage":"ca","potentialAction":[{"@type":"ReadAction","target":["https:\/\/enjoycatalonia.com\/ca\/tours\/3-dies-a-la-val-daran-i-la-vall-de-boi-taull-els-grans-paisatges-del-pirineu-central\/"]}]},{"@type":"ImageObject","inLanguage":"ca","@id":"https:\/\/enjoycatalonia.com\/ca\/tours\/3-dies-a-la-val-daran-i-la-vall-de-boi-taull-els-grans-paisatges-del-pirineu-central\/#primaryimage","url":"https:\/\/enjoycatalonia.com\/wp-content\/uploads\/2026\/02\/5680ad0f-d547-4917-b22f-45a7b2db5fcf_16-9-discover-aspect-ratio_default_1355051.jpg","contentUrl":"https:\/\/enjoycatalonia.com\/wp-content\/uploads\/2026\/02\/5680ad0f-d547-4917-b22f-45a7b2db5fcf_16-9-discover-aspect-ratio_default_1355051.jpg","width":1500,"height":945},{"@type":"BreadcrumbList","@id":"https:\/\/enjoycatalonia.com\/ca\/tours\/3-dies-a-la-val-daran-i-la-vall-de-boi-taull-els-grans-paisatges-del-pirineu-central\/#breadcrumb","itemListElement":[{"@type":"ListItem","position":1,"name":"Portada","item":"https:\/\/enjoycatalonia.com\/ca\/"},{"@type":"ListItem","position":2,"name":"Botiga","item":"https:\/\/enjoycatalonia.com\/tienda\/"},{"@type":"ListItem","position":3,"name":"3 dies a la Val d&#8217;Aran i la Vall de Bo\u00ed-Ta\u00fcll, els grans paisatges del Pirineu central"}]},{"@type":"WebSite","@id":"https:\/\/enjoycatalonia.com\/ca\/#website","url":"https:\/\/enjoycatalonia.com\/ca\/","name":"Enjoy Catalonia","description":"","potentialAction":[{"@type":"SearchAction","target":{"@type":"EntryPoint","urlTemplate":"https:\/\/enjoycatalonia.com\/ca\/?s={search_term_string}"},"query-input":{"@type":"PropertyValueSpecification","valueRequired":true,"valueName":"search_term_string"}}],"inLanguage":"ca"}]}},"_links":{"self":[{"href":"https:\/\/enjoycatalonia.com\/ca\/wp-json\/wp\/v2\/product\/3650","targetHints":{"allow":["GET"]}}],"collection":[{"href":"https:\/\/enjoycatalonia.com\/ca\/wp-json\/wp\/v2\/product"}],"about":[{"href":"https:\/\/enjoycatalonia.com\/ca\/wp-json\/wp\/v2\/types\/product"}],"wp:featuredmedia":[{"embeddable":true,"href":"https:\/\/enjoycatalonia.com\/ca\/wp-json\/wp\/v2\/media\/3654"}],"wp:attachment":[{"href":"https:\/\/enjoycatalonia.com\/ca\/wp-json\/wp\/v2\/media?parent=3650"}],"wp:term":[{"taxonomy":"product_brand","embeddable":true,"href":"https:\/\/enjoycatalonia.com\/ca\/wp-json\/wp\/v2\/product_brand?post=3650"},{"taxonomy":"product_cat","embeddable":true,"href":"https:\/\/enjoycatalonia.com\/ca\/wp-json\/wp\/v2\/product_cat?post=3650"},{"taxonomy":"product_tag","embeddable":true,"href":"https:\/\/enjoycatalonia.com\/ca\/wp-json\/wp\/v2\/product_tag?post=3650"}],"curies":[{"name":"wp","href":"https:\/\/api.w.org\/{rel}","templated":true}]}}