{"id":3664,"date":"2026-02-06T10:34:52","date_gmt":"2026-02-06T09:34:52","guid":{"rendered":"https:\/\/enjoycatalonia.com\/tours\/cap-de-setmana-al-pallars-tren-dels-llacs-i-natura-a-lalt-pirineu\/"},"modified":"2026-03-03T10:46:32","modified_gmt":"2026-03-03T09:46:32","slug":"cap-de-setmana-al-pallars-tren-dels-llacs-i-natura-a-lalt-pirineu","status":"publish","type":"product","link":"https:\/\/enjoycatalonia.com\/ca\/tours\/cap-de-setmana-al-pallars-tren-dels-llacs-i-natura-a-lalt-pirineu\/","title":{"rendered":"Cap de setmana al Pallars: tren dels Llacs i natura a l&#8217;Alt Pirineu"},"content":{"rendered":"<p>Gaudeix d&#8217;un <strong>cap de setmana molt complet de natura a les altes muntanyes del Pallars Sobir\u00e0<\/strong> (Lleida) amb <strong>pujada al fam\u00f3s <em>Tren dels Llacs<\/em> des de Balaguer fins a la Pobla de Segur<\/strong> ; recorregut per alguns dels poblets m\u00e9s bonics i pintorescos de les <em><strong>Valls d&#8217;\u00c0neu<\/strong><\/em> ; visita a <strong>Gerri de la Sal<\/strong> i <strong>Sal\u00e0s de Pallars<\/strong> , amb les seves boniques botigues-museu d&#8217;\u00e8poca; i allotjament en r\u00e8gim de mitja pensi\u00f3 (esmorzar i sopar) en un confortable hotel situat a la <strong>remota Vall Ferrera<\/strong> .<\/p>\n<p><strong>Un cap de setmana ideal per relaxar-se, reconnectar amb la natura, descobrir incre\u00efbles llocs i gaudir de l&#8217;estiu al Pirineu m\u00e9s verge i allunyat de les aglomeracions.<\/strong><\/p>\n","protected":false},"excerpt":{"rendered":"<p>Gaudeix d&#8217;un cap de setmana molt complet de natura a les altes muntanyes del Pallars Sobir\u00e0 (Lleida) amb pujada al fam\u00f3s Tren dels Llacs des de Balaguer fins a la Pobla de Segur ; recorregut per alguns dels poblets m\u00e9s bonics i pintorescos de les Valls d&#8217;\u00c0neu ; visita a Gerri de la Sal i [&hellip;]<\/p>\n","protected":false},"featured_media":3665,"template":"","meta":{"_acf_changed":false},"product_brand":[],"product_cat":[62],"product_tag":[],"class_list":{"0":"post-3664","1":"product","2":"type-product","3":"status-publish","4":"has-post-thumbnail","6":"product_cat-viatges-passats","7":"tm-has-options","9":"first","10":"instock","11":"shipping-taxable","12":"product-type-simple"},"acf":[],"yoast_head":"<!-- This site is optimized with the Yoast SEO plugin v27.2 - https:\/\/yoast.com\/product\/yoast-seo-wordpress\/ -->\n<title>Cap de setmana al Pallars: tren dels Llacs i natura a l&#039;Alt Pirineu - Enjoy Catalonia<\/title>\n<meta name=\"robots\" content=\"index, follow, max-snippet:-1, max-image-preview:large, max-video-preview:-1\" \/>\n<link rel=\"canonical\" href=\"https:\/\/enjoycatalonia.com\/ca\/tours\/cap-de-setmana-al-pallars-tren-dels-llacs-i-natura-a-lalt-pirineu\/\" \/>\n<meta property=\"og:locale\" content=\"ca_ES\" \/>\n<meta property=\"og:type\" content=\"article\" \/>\n<meta property=\"og:title\" content=\"Cap de setmana al Pallars: tren dels Llacs i natura a l&#039;Alt Pirineu - Enjoy Catalonia\" \/>\n<meta property=\"og:description\" content=\"Gaudeix d&#8217;un cap de setmana molt complet de natura a les altes muntanyes del Pallars Sobir\u00e0 (Lleida) amb pujada al fam\u00f3s Tren dels Llacs des de Balaguer fins a la Pobla de Segur ; recorregut per alguns dels poblets m\u00e9s bonics i pintorescos de les Valls d&#8217;\u00c0neu ; visita a Gerri de la Sal i [&hellip;]\" \/>\n<meta property=\"og:url\" content=\"https:\/\/enjoycatalonia.com\/ca\/tours\/cap-de-setmana-al-pallars-tren-dels-llacs-i-natura-a-lalt-pirineu\/\" \/>\n<meta property=\"og:site_name\" content=\"Enjoy Catalonia\" \/>\n<meta property=\"article:modified_time\" content=\"2026-03-03T09:46:32+00:00\" \/>\n<meta property=\"og:image\" content=\"https:\/\/enjoycatalonia.com\/wp-content\/uploads\/2026\/02\/35962025Master.jpg\" \/>\n\t<meta property=\"og:image:width\" content=\"1500\" \/>\n\t<meta property=\"og:image:height\" content=\"945\" \/>\n\t<meta property=\"og:image:type\" content=\"image\/jpeg\" \/>\n<meta name=\"twitter:card\" content=\"summary_large_image\" \/>\n<meta name=\"twitter:label1\" content=\"Temps estimat de lectura\" \/>\n\t<meta name=\"twitter:data1\" content=\"1 minut\" \/>\n<script type=\"application\/ld+json\" class=\"yoast-schema-graph\">{\"@context\":\"https:\/\/schema.org\",\"@graph\":[{\"@type\":\"WebPage\",\"@id\":\"https:\/\/enjoycatalonia.com\/ca\/tours\/cap-de-setmana-al-pallars-tren-dels-llacs-i-natura-a-lalt-pirineu\/\",\"url\":\"https:\/\/enjoycatalonia.com\/ca\/tours\/cap-de-setmana-al-pallars-tren-dels-llacs-i-natura-a-lalt-pirineu\/\",\"name\":\"Cap de setmana al Pallars: tren dels Llacs i natura a l'Alt Pirineu - Enjoy Catalonia\",\"isPartOf\":{\"@id\":\"https:\/\/enjoycatalonia.com\/ca\/#website\"},\"primaryImageOfPage\":{\"@id\":\"https:\/\/enjoycatalonia.com\/ca\/tours\/cap-de-setmana-al-pallars-tren-dels-llacs-i-natura-a-lalt-pirineu\/#primaryimage\"},\"image\":{\"@id\":\"https:\/\/enjoycatalonia.com\/ca\/tours\/cap-de-setmana-al-pallars-tren-dels-llacs-i-natura-a-lalt-pirineu\/#primaryimage\"},\"thumbnailUrl\":\"https:\/\/enjoycatalonia.com\/wp-content\/uploads\/2026\/02\/35962025Master.jpg\",\"datePublished\":\"2026-02-06T09:34:52+00:00\",\"dateModified\":\"2026-03-03T09:46:32+00:00\",\"breadcrumb\":{\"@id\":\"https:\/\/enjoycatalonia.com\/ca\/tours\/cap-de-setmana-al-pallars-tren-dels-llacs-i-natura-a-lalt-pirineu\/#breadcrumb\"},\"inLanguage\":\"ca\",\"potentialAction\":[{\"@type\":\"ReadAction\",\"target\":[\"https:\/\/enjoycatalonia.com\/ca\/tours\/cap-de-setmana-al-pallars-tren-dels-llacs-i-natura-a-lalt-pirineu\/\"]}]},{\"@type\":\"ImageObject\",\"inLanguage\":\"ca\",\"@id\":\"https:\/\/enjoycatalonia.com\/ca\/tours\/cap-de-setmana-al-pallars-tren-dels-llacs-i-natura-a-lalt-pirineu\/#primaryimage\",\"url\":\"https:\/\/enjoycatalonia.com\/wp-content\/uploads\/2026\/02\/35962025Master.jpg\",\"contentUrl\":\"https:\/\/enjoycatalonia.com\/wp-content\/uploads\/2026\/02\/35962025Master.jpg\",\"width\":1500,\"height\":945},{\"@type\":\"BreadcrumbList\",\"@id\":\"https:\/\/enjoycatalonia.com\/ca\/tours\/cap-de-setmana-al-pallars-tren-dels-llacs-i-natura-a-lalt-pirineu\/#breadcrumb\",\"itemListElement\":[{\"@type\":\"ListItem\",\"position\":1,\"name\":\"Portada\",\"item\":\"https:\/\/enjoycatalonia.com\/ca\/\"},{\"@type\":\"ListItem\",\"position\":2,\"name\":\"Botiga\",\"item\":\"https:\/\/enjoycatalonia.com\/tienda\/\"},{\"@type\":\"ListItem\",\"position\":3,\"name\":\"Cap de setmana al Pallars: tren dels Llacs i natura a l&#8217;Alt Pirineu\"}]},{\"@type\":\"WebSite\",\"@id\":\"https:\/\/enjoycatalonia.com\/ca\/#website\",\"url\":\"https:\/\/enjoycatalonia.com\/ca\/\",\"name\":\"Enjoy Catalonia\",\"description\":\"\",\"potentialAction\":[{\"@type\":\"SearchAction\",\"target\":{\"@type\":\"EntryPoint\",\"urlTemplate\":\"https:\/\/enjoycatalonia.com\/ca\/?s={search_term_string}\"},\"query-input\":{\"@type\":\"PropertyValueSpecification\",\"valueRequired\":true,\"valueName\":\"search_term_string\"}}],\"inLanguage\":\"ca\"}]}<\/script>\n<!-- \/ Yoast SEO plugin. -->","yoast_head_json":{"title":"Cap de setmana al Pallars: tren dels Llacs i natura a l'Alt Pirineu - Enjoy Catalonia","robots":{"index":"index","follow":"follow","max-snippet":"max-snippet:-1","max-image-preview":"max-image-preview:large","max-video-preview":"max-video-preview:-1"},"canonical":"https:\/\/enjoycatalonia.com\/ca\/tours\/cap-de-setmana-al-pallars-tren-dels-llacs-i-natura-a-lalt-pirineu\/","og_locale":"ca_ES","og_type":"article","og_title":"Cap de setmana al Pallars: tren dels Llacs i natura a l'Alt Pirineu - Enjoy Catalonia","og_description":"Gaudeix d&#8217;un cap de setmana molt complet de natura a les altes muntanyes del Pallars Sobir\u00e0 (Lleida) amb pujada al fam\u00f3s Tren dels Llacs des de Balaguer fins a la Pobla de Segur ; recorregut per alguns dels poblets m\u00e9s bonics i pintorescos de les Valls d&#8217;\u00c0neu ; visita a Gerri de la Sal i [&hellip;]","og_url":"https:\/\/enjoycatalonia.com\/ca\/tours\/cap-de-setmana-al-pallars-tren-dels-llacs-i-natura-a-lalt-pirineu\/","og_site_name":"Enjoy Catalonia","article_modified_time":"2026-03-03T09:46:32+00:00","og_image":[{"width":1500,"height":945,"url":"https:\/\/enjoycatalonia.com\/wp-content\/uploads\/2026\/02\/35962025Master.jpg","type":"image\/jpeg"}],"twitter_card":"summary_large_image","twitter_misc":{"Temps estimat de lectura":"1 minut"},"schema":{"@context":"https:\/\/schema.org","@graph":[{"@type":"WebPage","@id":"https:\/\/enjoycatalonia.com\/ca\/tours\/cap-de-setmana-al-pallars-tren-dels-llacs-i-natura-a-lalt-pirineu\/","url":"https:\/\/enjoycatalonia.com\/ca\/tours\/cap-de-setmana-al-pallars-tren-dels-llacs-i-natura-a-lalt-pirineu\/","name":"Cap de setmana al Pallars: tren dels Llacs i natura a l'Alt Pirineu - Enjoy Catalonia","isPartOf":{"@id":"https:\/\/enjoycatalonia.com\/ca\/#website"},"primaryImageOfPage":{"@id":"https:\/\/enjoycatalonia.com\/ca\/tours\/cap-de-setmana-al-pallars-tren-dels-llacs-i-natura-a-lalt-pirineu\/#primaryimage"},"image":{"@id":"https:\/\/enjoycatalonia.com\/ca\/tours\/cap-de-setmana-al-pallars-tren-dels-llacs-i-natura-a-lalt-pirineu\/#primaryimage"},"thumbnailUrl":"https:\/\/enjoycatalonia.com\/wp-content\/uploads\/2026\/02\/35962025Master.jpg","datePublished":"2026-02-06T09:34:52+00:00","dateModified":"2026-03-03T09:46:32+00:00","breadcrumb":{"@id":"https:\/\/enjoycatalonia.com\/ca\/tours\/cap-de-setmana-al-pallars-tren-dels-llacs-i-natura-a-lalt-pirineu\/#breadcrumb"},"inLanguage":"ca","potentialAction":[{"@type":"ReadAction","target":["https:\/\/enjoycatalonia.com\/ca\/tours\/cap-de-setmana-al-pallars-tren-dels-llacs-i-natura-a-lalt-pirineu\/"]}]},{"@type":"ImageObject","inLanguage":"ca","@id":"https:\/\/enjoycatalonia.com\/ca\/tours\/cap-de-setmana-al-pallars-tren-dels-llacs-i-natura-a-lalt-pirineu\/#primaryimage","url":"https:\/\/enjoycatalonia.com\/wp-content\/uploads\/2026\/02\/35962025Master.jpg","contentUrl":"https:\/\/enjoycatalonia.com\/wp-content\/uploads\/2026\/02\/35962025Master.jpg","width":1500,"height":945},{"@type":"BreadcrumbList","@id":"https:\/\/enjoycatalonia.com\/ca\/tours\/cap-de-setmana-al-pallars-tren-dels-llacs-i-natura-a-lalt-pirineu\/#breadcrumb","itemListElement":[{"@type":"ListItem","position":1,"name":"Portada","item":"https:\/\/enjoycatalonia.com\/ca\/"},{"@type":"ListItem","position":2,"name":"Botiga","item":"https:\/\/enjoycatalonia.com\/tienda\/"},{"@type":"ListItem","position":3,"name":"Cap de setmana al Pallars: tren dels Llacs i natura a l&#8217;Alt Pirineu"}]},{"@type":"WebSite","@id":"https:\/\/enjoycatalonia.com\/ca\/#website","url":"https:\/\/enjoycatalonia.com\/ca\/","name":"Enjoy Catalonia","description":"","potentialAction":[{"@type":"SearchAction","target":{"@type":"EntryPoint","urlTemplate":"https:\/\/enjoycatalonia.com\/ca\/?s={search_term_string}"},"query-input":{"@type":"PropertyValueSpecification","valueRequired":true,"valueName":"search_term_string"}}],"inLanguage":"ca"}]}},"_links":{"self":[{"href":"https:\/\/enjoycatalonia.com\/ca\/wp-json\/wp\/v2\/product\/3664","targetHints":{"allow":["GET"]}}],"collection":[{"href":"https:\/\/enjoycatalonia.com\/ca\/wp-json\/wp\/v2\/product"}],"about":[{"href":"https:\/\/enjoycatalonia.com\/ca\/wp-json\/wp\/v2\/types\/product"}],"wp:featuredmedia":[{"embeddable":true,"href":"https:\/\/enjoycatalonia.com\/ca\/wp-json\/wp\/v2\/media\/3665"}],"wp:attachment":[{"href":"https:\/\/enjoycatalonia.com\/ca\/wp-json\/wp\/v2\/media?parent=3664"}],"wp:term":[{"taxonomy":"product_brand","embeddable":true,"href":"https:\/\/enjoycatalonia.com\/ca\/wp-json\/wp\/v2\/product_brand?post=3664"},{"taxonomy":"product_cat","embeddable":true,"href":"https:\/\/enjoycatalonia.com\/ca\/wp-json\/wp\/v2\/product_cat?post=3664"},{"taxonomy":"product_tag","embeddable":true,"href":"https:\/\/enjoycatalonia.com\/ca\/wp-json\/wp\/v2\/product_tag?post=3664"}],"curies":[{"name":"wp","href":"https:\/\/api.w.org\/{rel}","templated":true}]}}