{"id":3667,"date":"2026-02-06T09:55:57","date_gmt":"2026-02-06T08:55:57","guid":{"rendered":"https:\/\/enjoycatalonia.com\/tours\/3-dies-a-la-rioja-alabesa-logronyo-i-saragossa-enoturisme-gastronomia-i-cultura\/"},"modified":"2026-03-03T10:50:12","modified_gmt":"2026-03-03T09:50:12","slug":"3-dies-a-la-rioja-alabesa-logronyo-i-saragossa-enoturisme-gastronomia-i-cultura","status":"publish","type":"product","link":"https:\/\/enjoycatalonia.com\/ca\/tours\/3-dies-a-la-rioja-alabesa-logronyo-i-saragossa-enoturisme-gastronomia-i-cultura\/","title":{"rendered":"3 dies a La Rioja alabesa, Logronyo i Saragossa: enoturisme, gastronomia i cultura"},"content":{"rendered":"<div>\n<p style=\"text-align: justify;\"><strong>Una escapada de tres dies (2 nits) a La Rioja (Logro\u00f1o, Laguardia, Briones&#8230;) i Saragossa per<\/strong> <strong>descobrir i gaudir d&#8217;una de les regions vin\u00edcoles m\u00e9s apreciades del m\u00f3n i dues de les ciutats amb m\u00e9s tradici\u00f3 de tapes a Espanya: Logronyo i Saragossa. Cellers de somni, tapes, passejades guiades, bonics pobles d&#8217;origen medieval&#8230;<\/strong><\/p>\n<\/div>\n<div style=\"text-align: justify;\">\n<p>Tres dies i dues nits amb allotjament en un confortable hotel de 3 estrelles al centre de Logronyo <strong>,<\/strong> la bonica capital de la regi\u00f3, que compta amb un dels carrers m\u00e9s populars d&#8217;Espanya per tapejar: el carrer Laurel. Durant el viatge, a m\u00e9s de <strong>Logronyo<\/strong> i <strong>Saragossa<\/strong> , tindrem l&#8217;oportunitat de visitar el <strong>celler del Marqu\u00e8s de Riscal<\/strong> , un dels m\u00e9s impressionants del m\u00f3n, obra de l&#8217;arquitecte canadenc Frank Gehry; <strong>Laguardia<\/strong> , capital de la Rioja alabesa i un dels pobles m\u00e9s bonics d&#8217;Espanya; Sant Vicen\u00e7 de la Sonsierra, bonic conjunt medieval amb vistes impressionants de la comarca; el nucli antic de <strong>Briones<\/strong> i el <strong>celler Vivanco<\/strong> amb el seu espectacular museu del vi, el millor i m\u00e9s gran d&#8217;Espanya; <strong>Tarazona<\/strong> , amb la seva bell\u00edssima catedral i la seva espectacular pla\u00e7a de bous, totalment integrada al poble, etc.<\/p>\n<p><strong>Logronyo i pobles de La Rioja d&#8217;origen medieval: <\/strong><\/p>\n<p>Entre les virtuts m\u00e9s conegudes de la capital de La Rioja, cal destacar la cultura del vi, la gastronomia, el Cam\u00ed de Sant Jaume i el seu bonic nucli antic. Les dimensions de la ciutat conviden al passeig i al gaudi pausat dels seus enclavaments significatius. El <strong>Passeig de l&#8217;Espol\u00f3n<\/strong> , la <strong>concatedral de Santa Maria de la Rodona<\/strong> ; el <strong>convent de la Merc\u00e8<\/strong> , actual seu del Parlament regional; el caracter\u00edstic <strong>carrer Portals<\/strong> , l&#8217; <strong>esgl\u00e9sia de Santiago El Real<\/strong> , o la de <strong>Santa Maria de Palau<\/strong> , s\u00f3n alguns exemples d&#8217;inter\u00e8s que no es poden deixar de visitar. I aix\u00f2 sense oblidar-nos, \u00e9s clar, del <strong>carrer Laurel<\/strong> . Tapejar al carrer Laurel \u00e9s com rec\u00f3rrer el cor de la Rioja i experimentar el car\u00e0cter de La Rioja.<\/p>\n<p>Tamb\u00e9 tindrem l&#8217;ocasi\u00f3 de visitar <strong>Sant Vicen\u00e7 de la Sonsierra<\/strong> i <strong>Briones<\/strong> , dos dels pobles m\u00e9s bonics de la Rioja.<\/p>\n<p><strong>Laguardia i La Rioja alabesa: <\/strong><\/p>\n<p>La vila medieval de <strong>Laguardia<\/strong> \u00e9s la capital de la Rioja alabesa. Va ser fundada al segle X com a defensa del Regne de Navarra i conserva gaireb\u00e9 intacte el seu tra\u00e7at medieval. Els carrers de Laguardia estan plens de edificis medievals espl\u00e8ndids, renaixentistes, barrocs i neocl\u00e0ssics. La Rioja alabesa \u00e9s sin\u00f2nim de vi, cellers i bona gastronomia.<\/p>\n<p><strong>Saragossa:<\/strong><\/p>\n<p>La capital aragonesa, coneguda per la seva colossal <strong>Bas\u00edlica del Pilar<\/strong> , compta amb <strong>dues majestuoses catedrals<\/strong> , un <strong>palau isl\u00e0mic<\/strong> fortificat, <strong>vestigis monumentals de la Cesaraugusta romana<\/strong> , <strong>cases palau d&#8217;estil renaixentista<\/strong> , tresors \u00fanics de l&#8217;obra de <strong>Francisco de Goya<\/strong> , un bells d&#8217;Espanya: <strong>el barri del Tubo<\/strong> .<\/p>\n<p><strong>Itinerari resumit:<\/strong><\/p>\n<p><strong>&#8211; Divendres:<\/strong> tour guiat a <strong>Saragossa<\/strong> i tapes al barri del Tubo. Autocar fins a Logronyo, instal\u00b7laci\u00f3 a l&#8217;hotel i sopem junts en una fonda a prop de l&#8217;hotel.<br \/>\n<strong>&#8211; Dissabte al mat\u00ed:<\/strong> visita, tast i degustaci\u00f3 al <strong>celler Marqu\u00e8s de Riscal<\/strong> + visita guiada a <strong>Laguardia<\/strong> , la capital de la Rioja alabesa (dinar per lliure).<br \/>\n<strong>&#8211; Dissabte a la tarda:<\/strong> visitem dues de les poblacions m\u00e9s boniques de la Rioja: <strong>Sant Vicent de la Sonsierra<\/strong> i <strong>Briones<\/strong> . Tornada a Logronyo i marxem de tapes pel <strong>carrer del Llorer<\/strong> .<br \/>\n<strong>&#8211; Diumenge al mat\u00ed:<\/strong> visita guiada a <strong>Logronyo<\/strong> i temps lliure per dinar.<br \/>\n<strong>&#8211; Divendres a la tarda:<\/strong> autocar fins a Barcelona, \u200b\u200bamb breu parada a <strong>Tarazona<\/strong> .<\/p>\n<\/div>\n<div style=\"text-align: justify;\">\n<p>&nbsp;<\/p>\n<p><strong>Principals atractius del viatge: <\/strong><br \/>\n<strong>1-<\/strong> Descobrir i gaudir de <strong>Saragossa<\/strong> i <strong>Logronyo<\/strong><br \/>\n<strong>2-<\/strong> Visitar l&#8217;espl\u00e8ndid <strong>celler Marqu\u00e9s de Riscal<\/strong> , dissenyat per Frank Gehry<br \/>\n<strong>3-<\/strong> Passejar per <strong>Laguardia<\/strong> , la bella capital de La Rioja alabesa<br \/>\n<strong>4-<\/strong> Visitar dos dels pobles m\u00e9s bonics de la Rioja: <strong>Sant Vicent de la Sonsierra<\/strong> i <strong>Briones<\/strong><\/p>\n<p><strong>5-<\/strong> Contemplar paisatges bonics a la <strong>Vall de l&#8217;Ebre entre vinyes i la serra de la Demanda<\/strong><\/p>\n<p><strong>6-<\/strong> Gaudir de la bona gastronomia i de la rica cultura de les <strong>tapes<\/strong> i els <strong>vins<\/strong><\/p>\n<\/div>\n","protected":false},"excerpt":{"rendered":"<p>Una escapada de tres dies (2 nits) a La Rioja (Logro\u00f1o, Laguardia, Briones&#8230;) i Saragossa per descobrir i gaudir d&#8217;una de les regions vin\u00edcoles m\u00e9s apreciades del m\u00f3n i dues de les ciutats amb m\u00e9s tradici\u00f3 de tapes a Espanya: Logronyo i Saragossa. Cellers de somni, tapes, passejades guiades, bonics pobles d&#8217;origen medieval&#8230; Tres dies [&hellip;]<\/p>\n","protected":false},"featured_media":3395,"template":"","meta":{"_acf_changed":false},"product_brand":[],"product_cat":[62],"product_tag":[],"class_list":{"0":"post-3667","1":"product","2":"type-product","3":"status-publish","4":"has-post-thumbnail","6":"product_cat-viatges-passats","7":"tm-has-options","9":"first","10":"instock","11":"shipping-taxable","12":"product-type-simple"},"acf":[],"yoast_head":"<!-- This site is optimized with the Yoast SEO plugin v27.2 - https:\/\/yoast.com\/product\/yoast-seo-wordpress\/ -->\n<title>3 dies a La Rioja alabesa, Logronyo i Saragossa: enoturisme, gastronomia i cultura - Enjoy Catalonia<\/title>\n<meta name=\"robots\" content=\"index, follow, max-snippet:-1, max-image-preview:large, max-video-preview:-1\" \/>\n<link rel=\"canonical\" href=\"https:\/\/enjoycatalonia.com\/ca\/tours\/3-dies-a-la-rioja-alabesa-logronyo-i-saragossa-enoturisme-gastronomia-i-cultura\/\" \/>\n<meta property=\"og:locale\" content=\"ca_ES\" \/>\n<meta property=\"og:type\" content=\"article\" \/>\n<meta property=\"og:title\" content=\"3 dies a La Rioja alabesa, Logronyo i Saragossa: enoturisme, gastronomia i cultura - Enjoy Catalonia\" \/>\n<meta property=\"og:description\" content=\"Una escapada de tres dies (2 nits) a La Rioja (Logro\u00f1o, Laguardia, Briones&#8230;) i Saragossa per descobrir i gaudir d&#8217;una de les regions vin\u00edcoles m\u00e9s apreciades del m\u00f3n i dues de les ciutats amb m\u00e9s tradici\u00f3 de tapes a Espanya: Logronyo i Saragossa. Cellers de somni, tapes, passejades guiades, bonics pobles d&#8217;origen medieval&#8230; Tres dies [&hellip;]\" \/>\n<meta property=\"og:url\" content=\"https:\/\/enjoycatalonia.com\/ca\/tours\/3-dies-a-la-rioja-alabesa-logronyo-i-saragossa-enoturisme-gastronomia-i-cultura\/\" \/>\n<meta property=\"og:site_name\" content=\"Enjoy Catalonia\" \/>\n<meta property=\"article:modified_time\" content=\"2026-03-03T09:50:12+00:00\" \/>\n<meta property=\"og:image\" content=\"https:\/\/enjoycatalonia.com\/wp-content\/uploads\/2026\/02\/La-Rioja-Marques-de-Riscal-gran-1.jpg\" \/>\n\t<meta property=\"og:image:width\" content=\"1500\" \/>\n\t<meta property=\"og:image:height\" content=\"1000\" \/>\n\t<meta property=\"og:image:type\" content=\"image\/jpeg\" \/>\n<meta name=\"twitter:card\" content=\"summary_large_image\" \/>\n<meta name=\"twitter:label1\" content=\"Temps estimat de lectura\" \/>\n\t<meta name=\"twitter:data1\" content=\"4 minuts\" \/>\n<script type=\"application\/ld+json\" class=\"yoast-schema-graph\">{\"@context\":\"https:\/\/schema.org\",\"@graph\":[{\"@type\":\"WebPage\",\"@id\":\"https:\/\/enjoycatalonia.com\/ca\/tours\/3-dies-a-la-rioja-alabesa-logronyo-i-saragossa-enoturisme-gastronomia-i-cultura\/\",\"url\":\"https:\/\/enjoycatalonia.com\/ca\/tours\/3-dies-a-la-rioja-alabesa-logronyo-i-saragossa-enoturisme-gastronomia-i-cultura\/\",\"name\":\"3 dies a La Rioja alabesa, Logronyo i Saragossa: enoturisme, gastronomia i cultura - Enjoy Catalonia\",\"isPartOf\":{\"@id\":\"https:\/\/enjoycatalonia.com\/ca\/#website\"},\"primaryImageOfPage\":{\"@id\":\"https:\/\/enjoycatalonia.com\/ca\/tours\/3-dies-a-la-rioja-alabesa-logronyo-i-saragossa-enoturisme-gastronomia-i-cultura\/#primaryimage\"},\"image\":{\"@id\":\"https:\/\/enjoycatalonia.com\/ca\/tours\/3-dies-a-la-rioja-alabesa-logronyo-i-saragossa-enoturisme-gastronomia-i-cultura\/#primaryimage\"},\"thumbnailUrl\":\"https:\/\/enjoycatalonia.com\/wp-content\/uploads\/2026\/02\/La-Rioja-Marques-de-Riscal-gran-1.jpg\",\"datePublished\":\"2026-02-06T08:55:57+00:00\",\"dateModified\":\"2026-03-03T09:50:12+00:00\",\"breadcrumb\":{\"@id\":\"https:\/\/enjoycatalonia.com\/ca\/tours\/3-dies-a-la-rioja-alabesa-logronyo-i-saragossa-enoturisme-gastronomia-i-cultura\/#breadcrumb\"},\"inLanguage\":\"ca\",\"potentialAction\":[{\"@type\":\"ReadAction\",\"target\":[\"https:\/\/enjoycatalonia.com\/ca\/tours\/3-dies-a-la-rioja-alabesa-logronyo-i-saragossa-enoturisme-gastronomia-i-cultura\/\"]}]},{\"@type\":\"ImageObject\",\"inLanguage\":\"ca\",\"@id\":\"https:\/\/enjoycatalonia.com\/ca\/tours\/3-dies-a-la-rioja-alabesa-logronyo-i-saragossa-enoturisme-gastronomia-i-cultura\/#primaryimage\",\"url\":\"https:\/\/enjoycatalonia.com\/wp-content\/uploads\/2026\/02\/La-Rioja-Marques-de-Riscal-gran-1.jpg\",\"contentUrl\":\"https:\/\/enjoycatalonia.com\/wp-content\/uploads\/2026\/02\/La-Rioja-Marques-de-Riscal-gran-1.jpg\",\"width\":1500,\"height\":1000},{\"@type\":\"BreadcrumbList\",\"@id\":\"https:\/\/enjoycatalonia.com\/ca\/tours\/3-dies-a-la-rioja-alabesa-logronyo-i-saragossa-enoturisme-gastronomia-i-cultura\/#breadcrumb\",\"itemListElement\":[{\"@type\":\"ListItem\",\"position\":1,\"name\":\"Portada\",\"item\":\"https:\/\/enjoycatalonia.com\/ca\/\"},{\"@type\":\"ListItem\",\"position\":2,\"name\":\"Botiga\",\"item\":\"https:\/\/enjoycatalonia.com\/tienda\/\"},{\"@type\":\"ListItem\",\"position\":3,\"name\":\"3 dies a La Rioja alabesa, Logronyo i Saragossa: enoturisme, gastronomia i cultura\"}]},{\"@type\":\"WebSite\",\"@id\":\"https:\/\/enjoycatalonia.com\/ca\/#website\",\"url\":\"https:\/\/enjoycatalonia.com\/ca\/\",\"name\":\"Enjoy Catalonia\",\"description\":\"\",\"potentialAction\":[{\"@type\":\"SearchAction\",\"target\":{\"@type\":\"EntryPoint\",\"urlTemplate\":\"https:\/\/enjoycatalonia.com\/ca\/?s={search_term_string}\"},\"query-input\":{\"@type\":\"PropertyValueSpecification\",\"valueRequired\":true,\"valueName\":\"search_term_string\"}}],\"inLanguage\":\"ca\"}]}<\/script>\n<!-- \/ Yoast SEO plugin. -->","yoast_head_json":{"title":"3 dies a La Rioja alabesa, Logronyo i Saragossa: enoturisme, gastronomia i cultura - Enjoy Catalonia","robots":{"index":"index","follow":"follow","max-snippet":"max-snippet:-1","max-image-preview":"max-image-preview:large","max-video-preview":"max-video-preview:-1"},"canonical":"https:\/\/enjoycatalonia.com\/ca\/tours\/3-dies-a-la-rioja-alabesa-logronyo-i-saragossa-enoturisme-gastronomia-i-cultura\/","og_locale":"ca_ES","og_type":"article","og_title":"3 dies a La Rioja alabesa, Logronyo i Saragossa: enoturisme, gastronomia i cultura - Enjoy Catalonia","og_description":"Una escapada de tres dies (2 nits) a La Rioja (Logro\u00f1o, Laguardia, Briones&#8230;) i Saragossa per descobrir i gaudir d&#8217;una de les regions vin\u00edcoles m\u00e9s apreciades del m\u00f3n i dues de les ciutats amb m\u00e9s tradici\u00f3 de tapes a Espanya: Logronyo i Saragossa. Cellers de somni, tapes, passejades guiades, bonics pobles d&#8217;origen medieval&#8230; Tres dies [&hellip;]","og_url":"https:\/\/enjoycatalonia.com\/ca\/tours\/3-dies-a-la-rioja-alabesa-logronyo-i-saragossa-enoturisme-gastronomia-i-cultura\/","og_site_name":"Enjoy Catalonia","article_modified_time":"2026-03-03T09:50:12+00:00","og_image":[{"width":1500,"height":1000,"url":"https:\/\/enjoycatalonia.com\/wp-content\/uploads\/2026\/02\/La-Rioja-Marques-de-Riscal-gran-1.jpg","type":"image\/jpeg"}],"twitter_card":"summary_large_image","twitter_misc":{"Temps estimat de lectura":"4 minuts"},"schema":{"@context":"https:\/\/schema.org","@graph":[{"@type":"WebPage","@id":"https:\/\/enjoycatalonia.com\/ca\/tours\/3-dies-a-la-rioja-alabesa-logronyo-i-saragossa-enoturisme-gastronomia-i-cultura\/","url":"https:\/\/enjoycatalonia.com\/ca\/tours\/3-dies-a-la-rioja-alabesa-logronyo-i-saragossa-enoturisme-gastronomia-i-cultura\/","name":"3 dies a La Rioja alabesa, Logronyo i Saragossa: enoturisme, gastronomia i cultura - Enjoy Catalonia","isPartOf":{"@id":"https:\/\/enjoycatalonia.com\/ca\/#website"},"primaryImageOfPage":{"@id":"https:\/\/enjoycatalonia.com\/ca\/tours\/3-dies-a-la-rioja-alabesa-logronyo-i-saragossa-enoturisme-gastronomia-i-cultura\/#primaryimage"},"image":{"@id":"https:\/\/enjoycatalonia.com\/ca\/tours\/3-dies-a-la-rioja-alabesa-logronyo-i-saragossa-enoturisme-gastronomia-i-cultura\/#primaryimage"},"thumbnailUrl":"https:\/\/enjoycatalonia.com\/wp-content\/uploads\/2026\/02\/La-Rioja-Marques-de-Riscal-gran-1.jpg","datePublished":"2026-02-06T08:55:57+00:00","dateModified":"2026-03-03T09:50:12+00:00","breadcrumb":{"@id":"https:\/\/enjoycatalonia.com\/ca\/tours\/3-dies-a-la-rioja-alabesa-logronyo-i-saragossa-enoturisme-gastronomia-i-cultura\/#breadcrumb"},"inLanguage":"ca","potentialAction":[{"@type":"ReadAction","target":["https:\/\/enjoycatalonia.com\/ca\/tours\/3-dies-a-la-rioja-alabesa-logronyo-i-saragossa-enoturisme-gastronomia-i-cultura\/"]}]},{"@type":"ImageObject","inLanguage":"ca","@id":"https:\/\/enjoycatalonia.com\/ca\/tours\/3-dies-a-la-rioja-alabesa-logronyo-i-saragossa-enoturisme-gastronomia-i-cultura\/#primaryimage","url":"https:\/\/enjoycatalonia.com\/wp-content\/uploads\/2026\/02\/La-Rioja-Marques-de-Riscal-gran-1.jpg","contentUrl":"https:\/\/enjoycatalonia.com\/wp-content\/uploads\/2026\/02\/La-Rioja-Marques-de-Riscal-gran-1.jpg","width":1500,"height":1000},{"@type":"BreadcrumbList","@id":"https:\/\/enjoycatalonia.com\/ca\/tours\/3-dies-a-la-rioja-alabesa-logronyo-i-saragossa-enoturisme-gastronomia-i-cultura\/#breadcrumb","itemListElement":[{"@type":"ListItem","position":1,"name":"Portada","item":"https:\/\/enjoycatalonia.com\/ca\/"},{"@type":"ListItem","position":2,"name":"Botiga","item":"https:\/\/enjoycatalonia.com\/tienda\/"},{"@type":"ListItem","position":3,"name":"3 dies a La Rioja alabesa, Logronyo i Saragossa: enoturisme, gastronomia i cultura"}]},{"@type":"WebSite","@id":"https:\/\/enjoycatalonia.com\/ca\/#website","url":"https:\/\/enjoycatalonia.com\/ca\/","name":"Enjoy Catalonia","description":"","potentialAction":[{"@type":"SearchAction","target":{"@type":"EntryPoint","urlTemplate":"https:\/\/enjoycatalonia.com\/ca\/?s={search_term_string}"},"query-input":{"@type":"PropertyValueSpecification","valueRequired":true,"valueName":"search_term_string"}}],"inLanguage":"ca"}]}},"_links":{"self":[{"href":"https:\/\/enjoycatalonia.com\/ca\/wp-json\/wp\/v2\/product\/3667","targetHints":{"allow":["GET"]}}],"collection":[{"href":"https:\/\/enjoycatalonia.com\/ca\/wp-json\/wp\/v2\/product"}],"about":[{"href":"https:\/\/enjoycatalonia.com\/ca\/wp-json\/wp\/v2\/types\/product"}],"wp:featuredmedia":[{"embeddable":true,"href":"https:\/\/enjoycatalonia.com\/ca\/wp-json\/wp\/v2\/media\/3395"}],"wp:attachment":[{"href":"https:\/\/enjoycatalonia.com\/ca\/wp-json\/wp\/v2\/media?parent=3667"}],"wp:term":[{"taxonomy":"product_brand","embeddable":true,"href":"https:\/\/enjoycatalonia.com\/ca\/wp-json\/wp\/v2\/product_brand?post=3667"},{"taxonomy":"product_cat","embeddable":true,"href":"https:\/\/enjoycatalonia.com\/ca\/wp-json\/wp\/v2\/product_cat?post=3667"},{"taxonomy":"product_tag","embeddable":true,"href":"https:\/\/enjoycatalonia.com\/ca\/wp-json\/wp\/v2\/product_tag?post=3667"}],"curies":[{"name":"wp","href":"https:\/\/api.w.org\/{rel}","templated":true}]}}