{"id":3698,"date":"2026-02-05T12:09:00","date_gmt":"2026-02-05T11:09:00","guid":{"rendered":"https:\/\/enjoycatalonia.com\/tours\/escapada-de-3-dies-a-la-ciutat-de-terol-albarracin-i-rubielos-de-mora-a-la-serra-de-gudar\/"},"modified":"2026-03-03T10:57:43","modified_gmt":"2026-03-03T09:57:43","slug":"escapada-de-3-dies-a-la-ciutat-de-terol-albarracin-i-rubielos-de-mora-a-la-serra-de-gudar","status":"publish","type":"product","link":"https:\/\/enjoycatalonia.com\/ca\/tours\/escapada-de-3-dies-a-la-ciutat-de-terol-albarracin-i-rubielos-de-mora-a-la-serra-de-gudar\/","title":{"rendered":"Escapada de 3 dies a la ciutat de Terol, Albarrac\u00edn i Rubielos de Mora, a la serra de G\u00fadar"},"content":{"rendered":"<div style=\"text-align: justify;\">\n<p><strong>Una escapada de tres dies (2 nits) al cor de l&#8217;Espanya buida per gaudir del millor art mud\u00e8jar, bonics pobles serrans (Albarrac\u00edn \u00e9s un dels pobles m\u00e9s bonics d&#8217;Europa) i natura salvatge amb allotjament en un confortable hotel de 4 estrelles al centre de Terol en r\u00e8gim de mitja pensi\u00f3 (esmorzar + sopar). <\/strong><\/p>\n<\/div>\n<div style=\"text-align: justify;\">\n<p style=\"text-align: justify;\">Tres dies per descobrir i gaudir de <strong>Terol<\/strong> , la petita i coqueta capital provincial, les excepcionals torres mud\u00e8jars de la qual van ser declarades Patrimoni de la Humanitat; visitar a fons <strong>Albarras\u00ed<\/strong> , monument nacional amb un dels conjunts urbans m\u00e9s bonics i espectaculars d&#8217;Europa; passejar per <strong>Mora de Rubielos<\/strong> i <strong>Rubielos de Mora<\/strong> , dos bells pobles situats a la serra de G\u00fadar.<\/p>\n<div style=\"text-align: justify;\">\n<p><strong>Principals atractius del viatge: <\/strong><\/p>\n<\/div>\n<div style=\"text-align: justify;\">\n<p>1- Descobrir i gaudir de la ciutat de <b>Terol<\/b> , la capital de l&#8217;art mud\u00e8jar<br \/>\n2- Descobrir i gaudir d&#8217; <strong>Albarras\u00ed<\/strong> , un dels pobles m\u00e9s bonics d&#8217;Europa<br \/>\n3- Visitar dos dels pobles m\u00e9s bonics de la serra de G\u00fadar: <strong>Mora de Rubielos<\/strong> i <strong>Rubielos de Mora<\/strong><br \/>\n4- Aproximar-nos a la fascinant hist\u00f2ria d&#8217;Arag\u00f3 i Terol, una de les prov\u00edncies m\u00e9s oblidades d&#8217;Espanya.<\/p>\n<\/div>\n<\/div>\n","protected":false},"excerpt":{"rendered":"<p>Una escapada de tres dies (2 nits) al cor de l&#8217;Espanya buida per gaudir del millor art mud\u00e8jar, bonics pobles serrans (Albarrac\u00edn \u00e9s un dels pobles m\u00e9s bonics d&#8217;Europa) i natura salvatge amb allotjament en un confortable hotel de 4 estrelles al centre de Terol en r\u00e8gim de mitja pensi\u00f3 (esmorzar + sopar). Tres dies [&hellip;]<\/p>\n","protected":false},"featured_media":3402,"template":"","meta":{"_acf_changed":false},"product_brand":[],"product_cat":[62],"product_tag":[],"class_list":{"0":"post-3698","1":"product","2":"type-product","3":"status-publish","4":"has-post-thumbnail","6":"product_cat-viatges-passats","7":"tm-has-options","9":"first","10":"instock","11":"shipping-taxable","12":"product-type-simple"},"acf":[],"yoast_head":"<!-- This site is optimized with the Yoast SEO plugin v27.2 - https:\/\/yoast.com\/product\/yoast-seo-wordpress\/ -->\n<title>Escapada de 3 dies a la ciutat de Terol, Albarrac\u00edn i Rubielos de Mora, a la serra de G\u00fadar - Enjoy Catalonia<\/title>\n<meta name=\"robots\" content=\"index, follow, max-snippet:-1, max-image-preview:large, max-video-preview:-1\" \/>\n<link rel=\"canonical\" href=\"https:\/\/enjoycatalonia.com\/ca\/tours\/escapada-de-3-dies-a-la-ciutat-de-terol-albarracin-i-rubielos-de-mora-a-la-serra-de-gudar\/\" \/>\n<meta property=\"og:locale\" content=\"ca_ES\" \/>\n<meta property=\"og:type\" content=\"article\" \/>\n<meta property=\"og:title\" content=\"Escapada de 3 dies a la ciutat de Terol, Albarrac\u00edn i Rubielos de Mora, a la serra de G\u00fadar - Enjoy Catalonia\" \/>\n<meta property=\"og:description\" content=\"Una escapada de tres dies (2 nits) al cor de l&#8217;Espanya buida per gaudir del millor art mud\u00e8jar, bonics pobles serrans (Albarrac\u00edn \u00e9s un dels pobles m\u00e9s bonics d&#8217;Europa) i natura salvatge amb allotjament en un confortable hotel de 4 estrelles al centre de Terol en r\u00e8gim de mitja pensi\u00f3 (esmorzar + sopar). Tres dies [&hellip;]\" \/>\n<meta property=\"og:url\" content=\"https:\/\/enjoycatalonia.com\/ca\/tours\/escapada-de-3-dies-a-la-ciutat-de-terol-albarracin-i-rubielos-de-mora-a-la-serra-de-gudar\/\" \/>\n<meta property=\"og:site_name\" content=\"Enjoy Catalonia\" \/>\n<meta property=\"article:modified_time\" content=\"2026-03-03T09:57:43+00:00\" \/>\n<meta property=\"og:image\" content=\"https:\/\/enjoycatalonia.com\/wp-content\/uploads\/2026\/02\/The-Silent-Route-GSA1250_80.jpg\" \/>\n\t<meta property=\"og:image:width\" content=\"1500\" \/>\n\t<meta property=\"og:image:height\" content=\"945\" \/>\n\t<meta property=\"og:image:type\" content=\"image\/jpeg\" \/>\n<meta name=\"twitter:card\" content=\"summary_large_image\" \/>\n<meta name=\"twitter:label1\" content=\"Temps estimat de lectura\" \/>\n\t<meta name=\"twitter:data1\" content=\"2 minuts\" \/>\n<script type=\"application\/ld+json\" class=\"yoast-schema-graph\">{\"@context\":\"https:\/\/schema.org\",\"@graph\":[{\"@type\":\"WebPage\",\"@id\":\"https:\/\/enjoycatalonia.com\/ca\/tours\/escapada-de-3-dies-a-la-ciutat-de-terol-albarracin-i-rubielos-de-mora-a-la-serra-de-gudar\/\",\"url\":\"https:\/\/enjoycatalonia.com\/ca\/tours\/escapada-de-3-dies-a-la-ciutat-de-terol-albarracin-i-rubielos-de-mora-a-la-serra-de-gudar\/\",\"name\":\"Escapada de 3 dies a la ciutat de Terol, Albarrac\u00edn i Rubielos de Mora, a la serra de G\u00fadar - Enjoy Catalonia\",\"isPartOf\":{\"@id\":\"https:\/\/enjoycatalonia.com\/ca\/#website\"},\"primaryImageOfPage\":{\"@id\":\"https:\/\/enjoycatalonia.com\/ca\/tours\/escapada-de-3-dies-a-la-ciutat-de-terol-albarracin-i-rubielos-de-mora-a-la-serra-de-gudar\/#primaryimage\"},\"image\":{\"@id\":\"https:\/\/enjoycatalonia.com\/ca\/tours\/escapada-de-3-dies-a-la-ciutat-de-terol-albarracin-i-rubielos-de-mora-a-la-serra-de-gudar\/#primaryimage\"},\"thumbnailUrl\":\"https:\/\/enjoycatalonia.com\/wp-content\/uploads\/2026\/02\/The-Silent-Route-GSA1250_80.jpg\",\"datePublished\":\"2026-02-05T11:09:00+00:00\",\"dateModified\":\"2026-03-03T09:57:43+00:00\",\"breadcrumb\":{\"@id\":\"https:\/\/enjoycatalonia.com\/ca\/tours\/escapada-de-3-dies-a-la-ciutat-de-terol-albarracin-i-rubielos-de-mora-a-la-serra-de-gudar\/#breadcrumb\"},\"inLanguage\":\"ca\",\"potentialAction\":[{\"@type\":\"ReadAction\",\"target\":[\"https:\/\/enjoycatalonia.com\/ca\/tours\/escapada-de-3-dies-a-la-ciutat-de-terol-albarracin-i-rubielos-de-mora-a-la-serra-de-gudar\/\"]}]},{\"@type\":\"ImageObject\",\"inLanguage\":\"ca\",\"@id\":\"https:\/\/enjoycatalonia.com\/ca\/tours\/escapada-de-3-dies-a-la-ciutat-de-terol-albarracin-i-rubielos-de-mora-a-la-serra-de-gudar\/#primaryimage\",\"url\":\"https:\/\/enjoycatalonia.com\/wp-content\/uploads\/2026\/02\/The-Silent-Route-GSA1250_80.jpg\",\"contentUrl\":\"https:\/\/enjoycatalonia.com\/wp-content\/uploads\/2026\/02\/The-Silent-Route-GSA1250_80.jpg\",\"width\":1500,\"height\":945},{\"@type\":\"BreadcrumbList\",\"@id\":\"https:\/\/enjoycatalonia.com\/ca\/tours\/escapada-de-3-dies-a-la-ciutat-de-terol-albarracin-i-rubielos-de-mora-a-la-serra-de-gudar\/#breadcrumb\",\"itemListElement\":[{\"@type\":\"ListItem\",\"position\":1,\"name\":\"Portada\",\"item\":\"https:\/\/enjoycatalonia.com\/ca\/\"},{\"@type\":\"ListItem\",\"position\":2,\"name\":\"Botiga\",\"item\":\"https:\/\/enjoycatalonia.com\/tienda\/\"},{\"@type\":\"ListItem\",\"position\":3,\"name\":\"Escapada de 3 dies a la ciutat de Terol, Albarrac\u00edn i Rubielos de Mora, a la serra de G\u00fadar\"}]},{\"@type\":\"WebSite\",\"@id\":\"https:\/\/enjoycatalonia.com\/ca\/#website\",\"url\":\"https:\/\/enjoycatalonia.com\/ca\/\",\"name\":\"Enjoy Catalonia\",\"description\":\"\",\"potentialAction\":[{\"@type\":\"SearchAction\",\"target\":{\"@type\":\"EntryPoint\",\"urlTemplate\":\"https:\/\/enjoycatalonia.com\/ca\/?s={search_term_string}\"},\"query-input\":{\"@type\":\"PropertyValueSpecification\",\"valueRequired\":true,\"valueName\":\"search_term_string\"}}],\"inLanguage\":\"ca\"}]}<\/script>\n<!-- \/ Yoast SEO plugin. -->","yoast_head_json":{"title":"Escapada de 3 dies a la ciutat de Terol, Albarrac\u00edn i Rubielos de Mora, a la serra de G\u00fadar - Enjoy Catalonia","robots":{"index":"index","follow":"follow","max-snippet":"max-snippet:-1","max-image-preview":"max-image-preview:large","max-video-preview":"max-video-preview:-1"},"canonical":"https:\/\/enjoycatalonia.com\/ca\/tours\/escapada-de-3-dies-a-la-ciutat-de-terol-albarracin-i-rubielos-de-mora-a-la-serra-de-gudar\/","og_locale":"ca_ES","og_type":"article","og_title":"Escapada de 3 dies a la ciutat de Terol, Albarrac\u00edn i Rubielos de Mora, a la serra de G\u00fadar - Enjoy Catalonia","og_description":"Una escapada de tres dies (2 nits) al cor de l&#8217;Espanya buida per gaudir del millor art mud\u00e8jar, bonics pobles serrans (Albarrac\u00edn \u00e9s un dels pobles m\u00e9s bonics d&#8217;Europa) i natura salvatge amb allotjament en un confortable hotel de 4 estrelles al centre de Terol en r\u00e8gim de mitja pensi\u00f3 (esmorzar + sopar). Tres dies [&hellip;]","og_url":"https:\/\/enjoycatalonia.com\/ca\/tours\/escapada-de-3-dies-a-la-ciutat-de-terol-albarracin-i-rubielos-de-mora-a-la-serra-de-gudar\/","og_site_name":"Enjoy Catalonia","article_modified_time":"2026-03-03T09:57:43+00:00","og_image":[{"width":1500,"height":945,"url":"https:\/\/enjoycatalonia.com\/wp-content\/uploads\/2026\/02\/The-Silent-Route-GSA1250_80.jpg","type":"image\/jpeg"}],"twitter_card":"summary_large_image","twitter_misc":{"Temps estimat de lectura":"2 minuts"},"schema":{"@context":"https:\/\/schema.org","@graph":[{"@type":"WebPage","@id":"https:\/\/enjoycatalonia.com\/ca\/tours\/escapada-de-3-dies-a-la-ciutat-de-terol-albarracin-i-rubielos-de-mora-a-la-serra-de-gudar\/","url":"https:\/\/enjoycatalonia.com\/ca\/tours\/escapada-de-3-dies-a-la-ciutat-de-terol-albarracin-i-rubielos-de-mora-a-la-serra-de-gudar\/","name":"Escapada de 3 dies a la ciutat de Terol, Albarrac\u00edn i Rubielos de Mora, a la serra de G\u00fadar - Enjoy Catalonia","isPartOf":{"@id":"https:\/\/enjoycatalonia.com\/ca\/#website"},"primaryImageOfPage":{"@id":"https:\/\/enjoycatalonia.com\/ca\/tours\/escapada-de-3-dies-a-la-ciutat-de-terol-albarracin-i-rubielos-de-mora-a-la-serra-de-gudar\/#primaryimage"},"image":{"@id":"https:\/\/enjoycatalonia.com\/ca\/tours\/escapada-de-3-dies-a-la-ciutat-de-terol-albarracin-i-rubielos-de-mora-a-la-serra-de-gudar\/#primaryimage"},"thumbnailUrl":"https:\/\/enjoycatalonia.com\/wp-content\/uploads\/2026\/02\/The-Silent-Route-GSA1250_80.jpg","datePublished":"2026-02-05T11:09:00+00:00","dateModified":"2026-03-03T09:57:43+00:00","breadcrumb":{"@id":"https:\/\/enjoycatalonia.com\/ca\/tours\/escapada-de-3-dies-a-la-ciutat-de-terol-albarracin-i-rubielos-de-mora-a-la-serra-de-gudar\/#breadcrumb"},"inLanguage":"ca","potentialAction":[{"@type":"ReadAction","target":["https:\/\/enjoycatalonia.com\/ca\/tours\/escapada-de-3-dies-a-la-ciutat-de-terol-albarracin-i-rubielos-de-mora-a-la-serra-de-gudar\/"]}]},{"@type":"ImageObject","inLanguage":"ca","@id":"https:\/\/enjoycatalonia.com\/ca\/tours\/escapada-de-3-dies-a-la-ciutat-de-terol-albarracin-i-rubielos-de-mora-a-la-serra-de-gudar\/#primaryimage","url":"https:\/\/enjoycatalonia.com\/wp-content\/uploads\/2026\/02\/The-Silent-Route-GSA1250_80.jpg","contentUrl":"https:\/\/enjoycatalonia.com\/wp-content\/uploads\/2026\/02\/The-Silent-Route-GSA1250_80.jpg","width":1500,"height":945},{"@type":"BreadcrumbList","@id":"https:\/\/enjoycatalonia.com\/ca\/tours\/escapada-de-3-dies-a-la-ciutat-de-terol-albarracin-i-rubielos-de-mora-a-la-serra-de-gudar\/#breadcrumb","itemListElement":[{"@type":"ListItem","position":1,"name":"Portada","item":"https:\/\/enjoycatalonia.com\/ca\/"},{"@type":"ListItem","position":2,"name":"Botiga","item":"https:\/\/enjoycatalonia.com\/tienda\/"},{"@type":"ListItem","position":3,"name":"Escapada de 3 dies a la ciutat de Terol, Albarrac\u00edn i Rubielos de Mora, a la serra de G\u00fadar"}]},{"@type":"WebSite","@id":"https:\/\/enjoycatalonia.com\/ca\/#website","url":"https:\/\/enjoycatalonia.com\/ca\/","name":"Enjoy Catalonia","description":"","potentialAction":[{"@type":"SearchAction","target":{"@type":"EntryPoint","urlTemplate":"https:\/\/enjoycatalonia.com\/ca\/?s={search_term_string}"},"query-input":{"@type":"PropertyValueSpecification","valueRequired":true,"valueName":"search_term_string"}}],"inLanguage":"ca"}]}},"_links":{"self":[{"href":"https:\/\/enjoycatalonia.com\/ca\/wp-json\/wp\/v2\/product\/3698","targetHints":{"allow":["GET"]}}],"collection":[{"href":"https:\/\/enjoycatalonia.com\/ca\/wp-json\/wp\/v2\/product"}],"about":[{"href":"https:\/\/enjoycatalonia.com\/ca\/wp-json\/wp\/v2\/types\/product"}],"wp:featuredmedia":[{"embeddable":true,"href":"https:\/\/enjoycatalonia.com\/ca\/wp-json\/wp\/v2\/media\/3402"}],"wp:attachment":[{"href":"https:\/\/enjoycatalonia.com\/ca\/wp-json\/wp\/v2\/media?parent=3698"}],"wp:term":[{"taxonomy":"product_brand","embeddable":true,"href":"https:\/\/enjoycatalonia.com\/ca\/wp-json\/wp\/v2\/product_brand?post=3698"},{"taxonomy":"product_cat","embeddable":true,"href":"https:\/\/enjoycatalonia.com\/ca\/wp-json\/wp\/v2\/product_cat?post=3698"},{"taxonomy":"product_tag","embeddable":true,"href":"https:\/\/enjoycatalonia.com\/ca\/wp-json\/wp\/v2\/product_tag?post=3698"}],"curies":[{"name":"wp","href":"https:\/\/api.w.org\/{rel}","templated":true}]}}