{"id":3713,"date":"2026-02-05T11:26:50","date_gmt":"2026-02-05T10:26:50","guid":{"rendered":"https:\/\/enjoycatalonia.com\/tours\/5-dies-a-la-costa-deuskadi-bilbao-sant-sebastia-pobles-costaners-i-santuari-de-sant-joan-de-gaztelugatxe\/"},"modified":"2026-03-03T11:02:15","modified_gmt":"2026-03-03T10:02:15","slug":"5-dies-a-la-costa-deuskadi-bilbao-sant-sebastia-pobles-costaners-i-santuari-de-sant-joan-de-gaztelugatxe","status":"publish","type":"product","link":"https:\/\/enjoycatalonia.com\/ca\/tours\/5-dies-a-la-costa-deuskadi-bilbao-sant-sebastia-pobles-costaners-i-santuari-de-sant-joan-de-gaztelugatxe\/","title":{"rendered":"5 dies a la costa d&#8217;Euskadi: Bilbao, Sant Sebasti\u00e0, pobles costaners i santuari de Sant Joan de Gaztelugatxe"},"content":{"rendered":"<p style=\"text-align: justify;\" data-start=\"95\" data-end=\"818\">Un espectacular i complet\u00edssim viatge de <strong>cinc dies (4 nits) al Pa\u00eds Basc<\/strong> que ens permetr\u00e0 rec\u00f3rrer gran part de la impressionant <strong>costa basca<\/strong> , des de <strong>Getxo<\/strong> , a Biscaia, fins a <strong>Hondarribia<\/strong> , a l&#8217;extrem oriental de Gip\u00fascoa; gaudir de <strong>Sant Sebasti\u00e0<\/strong> i visitar la sempre interessant <strong>Bilbao<\/strong> ; visitar els museus <strong>Chillida-Leku<\/strong> i Balenciaga (opcional); agafar un <strong>vaixell des de Bermeo fins a Sant Joan de Gaztelugatxe<\/strong> i distrutar des del mar d&#8217;aquest bell santuari; gaudir de l&#8217;excel\u00b7lent gastronomia basca; passejar per <strong>pobles de postal<\/strong> ( <strong>Get\u00e0ria<\/strong> , <strong>Pasaia<\/strong> , <strong>Hondarribia<\/strong> , <strong>Guernica<\/strong> , <strong>Bermeo<\/strong> i <strong>Mundaka<\/strong> ); delectar-nos amb espectaculars espais naturals; descobrir la fascinant hist\u00f2ria del poble basc, etc.<\/p>\n<p style=\"text-align: justify;\" data-start=\"820\" data-end=\"1100\">Allotjament durant <strong>4 nits a Bilbao en un hotel de 4 estrelles<\/strong> situat molt a prop del Museu Guggenheim i amb boniques vistes a la ria del Nervi\u00f3n. Sortida des de Barcelona amb <strong>autocar privat i guia acompanyant<\/strong> amb profund coneixement de la zona disponible durant els cinc dies.<\/p>\n<p style=\"text-align: justify;\" data-start=\"1102\" data-end=\"1147\">Durant el viatge tindrem l&#8217;oportunitat de:<\/p>\n<p style=\"text-align: justify;\" data-start=\"1149\" data-end=\"1217\"><strong data-start=\"1149\" data-end=\"1217\">DESCOBRIR I GAUDIR DE LA COSTA DE GIP\u00daZCOA I DE SANT SEBASTI\u00c0<\/strong><\/p>\n<p style=\"text-align: justify;\" data-start=\"1219\" data-end=\"1520\">Rec\u00f3rrer gran part de la costa guipuscoana i visitar tres dels seus pobles m\u00e9s emblem\u00e0tics: <strong>Hondarribi<\/strong> a, a l&#8217;extrem oriental de la prov\u00edncia; <strong>Pasaia<\/strong> , un dels grans atractius de la costa basca; i <strong>Getaria<\/strong> , preci\u00f3s poble portuari i lloc natal de Juan Sebasti\u00e1n Elcano i Crist\u00f3bal Balenciaga.<\/p>\n<p style=\"text-align: justify;\" data-start=\"1522\" data-end=\"1750\">Descobrir i gaudir de <strong>Sant Sebasti\u00e0<\/strong> : passarem un dia complet a la bonica capital guipuscoana amb un tour guiat molt complet pel nucli antic i temps lliure per gaudir d&#8217;una de les ciutats m\u00e9s boniques d&#8217;Europa.<\/p>\n<p style=\"text-align: justify;\" data-start=\"1752\" data-end=\"1812\"><strong data-start=\"1752\" data-end=\"1812\">DESCOBRIR I GAUDIR DE LA COSTA DE BISCAIA I DE BILBAO<\/strong><\/p>\n<p style=\"text-align: justify;\" data-start=\"1814\" data-end=\"2188\">Rec\u00f3rrer gran part de la costa bisca\u00efna: <strong>Portugalete<\/strong> , <strong>Getxo<\/strong> i l&#8217;espectacular <strong>Pont Penjoll de Biscaia<\/strong> ; el <strong>Parc Natural d&#8217;Urdaibai<\/strong> , <strong>Guernica<\/strong> , <strong>Mundaka<\/strong> i <strong>Bermeo<\/strong> , on agafarem un vaixell per gaudir des del mar de l&#8217;impressionant illot i <strong>santuari de Sant Joan de Gaztelugatxe<\/strong> . Tamb\u00e9 visitarem <strong>Guernica<\/strong> , s\u00edmbol de les llibertats basques i de l&#8217;horror de la guerra.<\/p>\n<p style=\"text-align: justify;\" data-start=\"2190\" data-end=\"2319\">Descobrir la fascinant ciutat de <strong>Bilbao<\/strong> amb un tour molt complet i tenir l&#8217;opci\u00f3 de visitar el <strong>Museu Guggenheim<\/strong> , un dels edificis m\u00e9s emblem\u00e0tics de l&#8217;arquitectura mundial.<\/p>\n<p style=\"text-align: justify;\" data-start=\"2321\" data-end=\"2464\"><strong>Un viatge espectacular que combina cultura, hist\u00f2ria, natura i gastronomia a un dels llocs m\u00e9s privilegiats del m\u00f3n: el Pa\u00eds Basc.<\/strong><\/p>\n","protected":false},"excerpt":{"rendered":"<p>Un espectacular i complet\u00edssim viatge de cinc dies (4 nits) al Pa\u00eds Basc que ens permetr\u00e0 rec\u00f3rrer gran part de la impressionant costa basca , des de Getxo , a Biscaia, fins a Hondarribia , a l&#8217;extrem oriental de Gip\u00fascoa; gaudir de Sant Sebasti\u00e0 i visitar la sempre interessant Bilbao ; visitar els museus Chillida-Leku [&hellip;]<\/p>\n","protected":false},"featured_media":3718,"template":"","meta":{"_acf_changed":false},"product_brand":[],"product_cat":[62],"product_tag":[],"class_list":{"0":"post-3713","1":"product","2":"type-product","3":"status-publish","4":"has-post-thumbnail","6":"product_cat-viatges-passats","7":"tm-has-options","9":"first","10":"instock","11":"shipping-taxable","12":"product-type-simple"},"acf":[],"yoast_head":"<!-- This site is optimized with the Yoast SEO plugin v27.2 - https:\/\/yoast.com\/product\/yoast-seo-wordpress\/ -->\n<title>5 dies a la costa d&#039;Euskadi: Bilbao, Sant Sebasti\u00e0, pobles costaners i santuari de Sant Joan de Gaztelugatxe - Enjoy Catalonia<\/title>\n<meta name=\"robots\" content=\"index, follow, max-snippet:-1, max-image-preview:large, max-video-preview:-1\" \/>\n<link rel=\"canonical\" href=\"https:\/\/enjoycatalonia.com\/ca\/tours\/5-dies-a-la-costa-deuskadi-bilbao-sant-sebastia-pobles-costaners-i-santuari-de-sant-joan-de-gaztelugatxe\/\" \/>\n<meta property=\"og:locale\" content=\"ca_ES\" \/>\n<meta property=\"og:type\" content=\"article\" \/>\n<meta property=\"og:title\" content=\"5 dies a la costa d&#039;Euskadi: Bilbao, Sant Sebasti\u00e0, pobles costaners i santuari de Sant Joan de Gaztelugatxe - Enjoy Catalonia\" \/>\n<meta property=\"og:description\" content=\"Un espectacular i complet\u00edssim viatge de cinc dies (4 nits) al Pa\u00eds Basc que ens permetr\u00e0 rec\u00f3rrer gran part de la impressionant costa basca , des de Getxo , a Biscaia, fins a Hondarribia , a l&#8217;extrem oriental de Gip\u00fascoa; gaudir de Sant Sebasti\u00e0 i visitar la sempre interessant Bilbao ; visitar els museus Chillida-Leku [&hellip;]\" \/>\n<meta property=\"og:url\" content=\"https:\/\/enjoycatalonia.com\/ca\/tours\/5-dies-a-la-costa-deuskadi-bilbao-sant-sebastia-pobles-costaners-i-santuari-de-sant-joan-de-gaztelugatxe\/\" \/>\n<meta property=\"og:site_name\" content=\"Enjoy Catalonia\" \/>\n<meta property=\"article:modified_time\" content=\"2026-03-03T10:02:15+00:00\" \/>\n<meta property=\"og:image\" content=\"https:\/\/enjoycatalonia.com\/wp-content\/uploads\/2026\/02\/20191021130225-7bnea4Ve-1.jpg\" \/>\n\t<meta property=\"og:image:width\" content=\"1500\" \/>\n\t<meta property=\"og:image:height\" content=\"1001\" \/>\n\t<meta property=\"og:image:type\" content=\"image\/jpeg\" \/>\n<meta name=\"twitter:card\" content=\"summary_large_image\" \/>\n<meta name=\"twitter:label1\" content=\"Temps estimat de lectura\" \/>\n\t<meta name=\"twitter:data1\" content=\"2 minuts\" \/>\n<script type=\"application\/ld+json\" class=\"yoast-schema-graph\">{\"@context\":\"https:\/\/schema.org\",\"@graph\":[{\"@type\":\"WebPage\",\"@id\":\"https:\/\/enjoycatalonia.com\/ca\/tours\/5-dies-a-la-costa-deuskadi-bilbao-sant-sebastia-pobles-costaners-i-santuari-de-sant-joan-de-gaztelugatxe\/\",\"url\":\"https:\/\/enjoycatalonia.com\/ca\/tours\/5-dies-a-la-costa-deuskadi-bilbao-sant-sebastia-pobles-costaners-i-santuari-de-sant-joan-de-gaztelugatxe\/\",\"name\":\"5 dies a la costa d'Euskadi: Bilbao, Sant Sebasti\u00e0, pobles costaners i santuari de Sant Joan de Gaztelugatxe - Enjoy Catalonia\",\"isPartOf\":{\"@id\":\"https:\/\/enjoycatalonia.com\/ca\/#website\"},\"primaryImageOfPage\":{\"@id\":\"https:\/\/enjoycatalonia.com\/ca\/tours\/5-dies-a-la-costa-deuskadi-bilbao-sant-sebastia-pobles-costaners-i-santuari-de-sant-joan-de-gaztelugatxe\/#primaryimage\"},\"image\":{\"@id\":\"https:\/\/enjoycatalonia.com\/ca\/tours\/5-dies-a-la-costa-deuskadi-bilbao-sant-sebastia-pobles-costaners-i-santuari-de-sant-joan-de-gaztelugatxe\/#primaryimage\"},\"thumbnailUrl\":\"https:\/\/enjoycatalonia.com\/wp-content\/uploads\/2026\/02\/20191021130225-7bnea4Ve-1.jpg\",\"datePublished\":\"2026-02-05T10:26:50+00:00\",\"dateModified\":\"2026-03-03T10:02:15+00:00\",\"breadcrumb\":{\"@id\":\"https:\/\/enjoycatalonia.com\/ca\/tours\/5-dies-a-la-costa-deuskadi-bilbao-sant-sebastia-pobles-costaners-i-santuari-de-sant-joan-de-gaztelugatxe\/#breadcrumb\"},\"inLanguage\":\"ca\",\"potentialAction\":[{\"@type\":\"ReadAction\",\"target\":[\"https:\/\/enjoycatalonia.com\/ca\/tours\/5-dies-a-la-costa-deuskadi-bilbao-sant-sebastia-pobles-costaners-i-santuari-de-sant-joan-de-gaztelugatxe\/\"]}]},{\"@type\":\"ImageObject\",\"inLanguage\":\"ca\",\"@id\":\"https:\/\/enjoycatalonia.com\/ca\/tours\/5-dies-a-la-costa-deuskadi-bilbao-sant-sebastia-pobles-costaners-i-santuari-de-sant-joan-de-gaztelugatxe\/#primaryimage\",\"url\":\"https:\/\/enjoycatalonia.com\/wp-content\/uploads\/2026\/02\/20191021130225-7bnea4Ve-1.jpg\",\"contentUrl\":\"https:\/\/enjoycatalonia.com\/wp-content\/uploads\/2026\/02\/20191021130225-7bnea4Ve-1.jpg\",\"width\":1500,\"height\":1001},{\"@type\":\"BreadcrumbList\",\"@id\":\"https:\/\/enjoycatalonia.com\/ca\/tours\/5-dies-a-la-costa-deuskadi-bilbao-sant-sebastia-pobles-costaners-i-santuari-de-sant-joan-de-gaztelugatxe\/#breadcrumb\",\"itemListElement\":[{\"@type\":\"ListItem\",\"position\":1,\"name\":\"Portada\",\"item\":\"https:\/\/enjoycatalonia.com\/ca\/\"},{\"@type\":\"ListItem\",\"position\":2,\"name\":\"Botiga\",\"item\":\"https:\/\/enjoycatalonia.com\/tienda\/\"},{\"@type\":\"ListItem\",\"position\":3,\"name\":\"5 dies a la costa d&#8217;Euskadi: Bilbao, Sant Sebasti\u00e0, pobles costaners i santuari de Sant Joan de Gaztelugatxe\"}]},{\"@type\":\"WebSite\",\"@id\":\"https:\/\/enjoycatalonia.com\/ca\/#website\",\"url\":\"https:\/\/enjoycatalonia.com\/ca\/\",\"name\":\"Enjoy Catalonia\",\"description\":\"\",\"potentialAction\":[{\"@type\":\"SearchAction\",\"target\":{\"@type\":\"EntryPoint\",\"urlTemplate\":\"https:\/\/enjoycatalonia.com\/ca\/?s={search_term_string}\"},\"query-input\":{\"@type\":\"PropertyValueSpecification\",\"valueRequired\":true,\"valueName\":\"search_term_string\"}}],\"inLanguage\":\"ca\"}]}<\/script>\n<!-- \/ Yoast SEO plugin. -->","yoast_head_json":{"title":"5 dies a la costa d'Euskadi: Bilbao, Sant Sebasti\u00e0, pobles costaners i santuari de Sant Joan de Gaztelugatxe - Enjoy Catalonia","robots":{"index":"index","follow":"follow","max-snippet":"max-snippet:-1","max-image-preview":"max-image-preview:large","max-video-preview":"max-video-preview:-1"},"canonical":"https:\/\/enjoycatalonia.com\/ca\/tours\/5-dies-a-la-costa-deuskadi-bilbao-sant-sebastia-pobles-costaners-i-santuari-de-sant-joan-de-gaztelugatxe\/","og_locale":"ca_ES","og_type":"article","og_title":"5 dies a la costa d'Euskadi: Bilbao, Sant Sebasti\u00e0, pobles costaners i santuari de Sant Joan de Gaztelugatxe - Enjoy Catalonia","og_description":"Un espectacular i complet\u00edssim viatge de cinc dies (4 nits) al Pa\u00eds Basc que ens permetr\u00e0 rec\u00f3rrer gran part de la impressionant costa basca , des de Getxo , a Biscaia, fins a Hondarribia , a l&#8217;extrem oriental de Gip\u00fascoa; gaudir de Sant Sebasti\u00e0 i visitar la sempre interessant Bilbao ; visitar els museus Chillida-Leku [&hellip;]","og_url":"https:\/\/enjoycatalonia.com\/ca\/tours\/5-dies-a-la-costa-deuskadi-bilbao-sant-sebastia-pobles-costaners-i-santuari-de-sant-joan-de-gaztelugatxe\/","og_site_name":"Enjoy Catalonia","article_modified_time":"2026-03-03T10:02:15+00:00","og_image":[{"width":1500,"height":1001,"url":"https:\/\/enjoycatalonia.com\/wp-content\/uploads\/2026\/02\/20191021130225-7bnea4Ve-1.jpg","type":"image\/jpeg"}],"twitter_card":"summary_large_image","twitter_misc":{"Temps estimat de lectura":"2 minuts"},"schema":{"@context":"https:\/\/schema.org","@graph":[{"@type":"WebPage","@id":"https:\/\/enjoycatalonia.com\/ca\/tours\/5-dies-a-la-costa-deuskadi-bilbao-sant-sebastia-pobles-costaners-i-santuari-de-sant-joan-de-gaztelugatxe\/","url":"https:\/\/enjoycatalonia.com\/ca\/tours\/5-dies-a-la-costa-deuskadi-bilbao-sant-sebastia-pobles-costaners-i-santuari-de-sant-joan-de-gaztelugatxe\/","name":"5 dies a la costa d'Euskadi: Bilbao, Sant Sebasti\u00e0, pobles costaners i santuari de Sant Joan de Gaztelugatxe - Enjoy Catalonia","isPartOf":{"@id":"https:\/\/enjoycatalonia.com\/ca\/#website"},"primaryImageOfPage":{"@id":"https:\/\/enjoycatalonia.com\/ca\/tours\/5-dies-a-la-costa-deuskadi-bilbao-sant-sebastia-pobles-costaners-i-santuari-de-sant-joan-de-gaztelugatxe\/#primaryimage"},"image":{"@id":"https:\/\/enjoycatalonia.com\/ca\/tours\/5-dies-a-la-costa-deuskadi-bilbao-sant-sebastia-pobles-costaners-i-santuari-de-sant-joan-de-gaztelugatxe\/#primaryimage"},"thumbnailUrl":"https:\/\/enjoycatalonia.com\/wp-content\/uploads\/2026\/02\/20191021130225-7bnea4Ve-1.jpg","datePublished":"2026-02-05T10:26:50+00:00","dateModified":"2026-03-03T10:02:15+00:00","breadcrumb":{"@id":"https:\/\/enjoycatalonia.com\/ca\/tours\/5-dies-a-la-costa-deuskadi-bilbao-sant-sebastia-pobles-costaners-i-santuari-de-sant-joan-de-gaztelugatxe\/#breadcrumb"},"inLanguage":"ca","potentialAction":[{"@type":"ReadAction","target":["https:\/\/enjoycatalonia.com\/ca\/tours\/5-dies-a-la-costa-deuskadi-bilbao-sant-sebastia-pobles-costaners-i-santuari-de-sant-joan-de-gaztelugatxe\/"]}]},{"@type":"ImageObject","inLanguage":"ca","@id":"https:\/\/enjoycatalonia.com\/ca\/tours\/5-dies-a-la-costa-deuskadi-bilbao-sant-sebastia-pobles-costaners-i-santuari-de-sant-joan-de-gaztelugatxe\/#primaryimage","url":"https:\/\/enjoycatalonia.com\/wp-content\/uploads\/2026\/02\/20191021130225-7bnea4Ve-1.jpg","contentUrl":"https:\/\/enjoycatalonia.com\/wp-content\/uploads\/2026\/02\/20191021130225-7bnea4Ve-1.jpg","width":1500,"height":1001},{"@type":"BreadcrumbList","@id":"https:\/\/enjoycatalonia.com\/ca\/tours\/5-dies-a-la-costa-deuskadi-bilbao-sant-sebastia-pobles-costaners-i-santuari-de-sant-joan-de-gaztelugatxe\/#breadcrumb","itemListElement":[{"@type":"ListItem","position":1,"name":"Portada","item":"https:\/\/enjoycatalonia.com\/ca\/"},{"@type":"ListItem","position":2,"name":"Botiga","item":"https:\/\/enjoycatalonia.com\/tienda\/"},{"@type":"ListItem","position":3,"name":"5 dies a la costa d&#8217;Euskadi: Bilbao, Sant Sebasti\u00e0, pobles costaners i santuari de Sant Joan de Gaztelugatxe"}]},{"@type":"WebSite","@id":"https:\/\/enjoycatalonia.com\/ca\/#website","url":"https:\/\/enjoycatalonia.com\/ca\/","name":"Enjoy Catalonia","description":"","potentialAction":[{"@type":"SearchAction","target":{"@type":"EntryPoint","urlTemplate":"https:\/\/enjoycatalonia.com\/ca\/?s={search_term_string}"},"query-input":{"@type":"PropertyValueSpecification","valueRequired":true,"valueName":"search_term_string"}}],"inLanguage":"ca"}]}},"_links":{"self":[{"href":"https:\/\/enjoycatalonia.com\/ca\/wp-json\/wp\/v2\/product\/3713","targetHints":{"allow":["GET"]}}],"collection":[{"href":"https:\/\/enjoycatalonia.com\/ca\/wp-json\/wp\/v2\/product"}],"about":[{"href":"https:\/\/enjoycatalonia.com\/ca\/wp-json\/wp\/v2\/types\/product"}],"wp:featuredmedia":[{"embeddable":true,"href":"https:\/\/enjoycatalonia.com\/ca\/wp-json\/wp\/v2\/media\/3718"}],"wp:attachment":[{"href":"https:\/\/enjoycatalonia.com\/ca\/wp-json\/wp\/v2\/media?parent=3713"}],"wp:term":[{"taxonomy":"product_brand","embeddable":true,"href":"https:\/\/enjoycatalonia.com\/ca\/wp-json\/wp\/v2\/product_brand?post=3713"},{"taxonomy":"product_cat","embeddable":true,"href":"https:\/\/enjoycatalonia.com\/ca\/wp-json\/wp\/v2\/product_cat?post=3713"},{"taxonomy":"product_tag","embeddable":true,"href":"https:\/\/enjoycatalonia.com\/ca\/wp-json\/wp\/v2\/product_tag?post=3713"}],"curies":[{"name":"wp","href":"https:\/\/api.w.org\/{rel}","templated":true}]}}