{"id":4277,"date":"2026-03-03T12:05:16","date_gmt":"2026-03-03T11:05:16","guid":{"rendered":"https:\/\/enjoycatalonia.com\/?post_type=product&#038;p=4277"},"modified":"2026-03-26T17:19:25","modified_gmt":"2026-03-26T16:19:25","slug":"besalucastellfollitbanyoles","status":"publish","type":"product","link":"https:\/\/enjoycatalonia.com\/ca\/tours\/visita-besalu-castellfollit-de-la-roca-y-disfruta-del-lago-de-banyoles\/","title":{"rendered":"Visita Besal\u00fa, Castellfollit de la Roca y disfruta del lago de Banyoles"},"content":{"rendered":"<p style=\"text-align: justify;\">Una excursi\u00f3n muy completa que incluye un paseo por el <strong>lago de Banyoles<\/strong>, el m\u00e1s bonito de Catalu\u00f1a; una <strong>visita guiada en Besal\u00fa<\/strong>; y un breve recorrido<strong>\u00a0por Castellfollit de la Roca <\/strong>para fotografiarlo desde su famoso puente. \u00a0Opci\u00f3n de comer juntos en un restaurante de Besal\u00fa (bufet libre, todo incluido: 28,5 euros).<\/p>\n<p style=\"text-align: justify;\"><strong>&#8211; Agradable y f\u00e1cil paseo de 1,5 horas por la orilla del lago<\/strong><\/p>\n<p class=\"description-markdown--p\" style=\"text-align: justify;\">Tras desayunar, vamos a disfrutar de una agradable y f\u00e1cil caminata totalmente llana de 1,5 horas por la orilla del lago, el m\u00e1s grande y bonito de Catalu\u00f1a.<\/p>\n<p style=\"text-align: justify;\"><strong>&#8211; Parada en Castellfollit de la Roca para fotografiarlo desde su puente \u00a0<\/strong><\/p>\n<p style=\"text-align: justify;\">La espectacular ubicaci\u00f3n de Castelfollit lo convierte en un magn\u00edfico mirador natural desde el que se pueden contemplar los valles de los r\u00edos Fluvi\u00e0 y Toronell. El municipio es, adem\u00e1s, la puerta de entrada a uno de los espacios verdes m\u00e1s importantes de Catalunya: el parque natural de la zona volc\u00e1nica de La Garrotxa. Encima de un inmenso riscal bas\u00e1ltico se dibuja la silueta de la villa de Castellfollit, con las casas tocando el l\u00edmite del precipicio y el campanario de la iglesia de Sant Salvador (siglo XIII). \u00c9sta es una de las im\u00e1genes m\u00e1s capturadas y pintadas del pa\u00eds.<\/p>\n<p style=\"text-align: justify;\"><strong>&#8211; Visita guiada en Besal\u00fa + opci\u00f3n de comer juntos en un restaurante de Besal\u00fa<\/strong><\/p>\n<p style=\"text-align: justify;\">La villa de Besal\u00fa, situada en un importante y tradicional cruce de caminos al este de la Garrotxa. era una fortaleza entre dos r\u00edos: el Fluvi\u00e0, al sur y el Capellades, al norte.\u00a0Durante varios siglos Besal\u00fa fue sede de un importante condado independiente y cuenta con un formidable conjunto hist\u00f3rico-art\u00edstico medieval, uno de los mejor conservados de Catalu\u00f1a. Forman parte de este conjunto la antigua iglesia del monasterio de Sant Pere del siglo XII; la iglesia de Sant Vicen\u00e7 del siglo XII; la fachada de la antigua iglesia del hospital de Sant Juli\u00e0 del siglo XII; la casa de Cornell\u00e0, monumento rom\u00e1nico del siglo XII y la sala g\u00f3tica de la C\u00faria Real. Tambi\u00e9n destaca la vieja juder\u00eda y su Miqv\u00e9\u00a0o casa de ba\u00f1os rituales, que es, junto con el de Girona, el \u00fanico recinto de ba\u00f1os jud\u00edo descubierto hasta ahora en la Pen\u00ednsula Ib\u00e9rica. Y eso sin olvidarnos del\u00a0majestuoso puente rom\u00e1nico sobre el r\u00edo Fluvi\u00e0.<\/p>\n<p style=\"text-align: justify;\">Una vez terminada la visita, tenemos la opci\u00f3n de comer juntos en el <strong>restaurante Castell de Besal\u00fa<\/strong>. Se trata de un restaurante tipo buffet con una gran variedad de platos a escoger. El men\u00fa cuesta <strong>28,5 euros<\/strong> e incluye, bebidas, caf\u00e9, copa de cava&#8230;<\/p>\n","protected":false},"excerpt":{"rendered":"<p>Una excursi\u00f3n muy completa que incluye un paseo por el lago de Banyoles, el m\u00e1s bonito de Catalu\u00f1a; una visita guiada en Besal\u00fa; y un breve recorrido\u00a0por Castellfollit de la Roca para fotografiarlo desde su famoso puente. \u00a0Opci\u00f3n de comer juntos en un restaurante de Besal\u00fa (bufet libre, todo incluido: 28,5 euros). &#8211; Agradable y [&hellip;]<\/p>\n","protected":false},"featured_media":5202,"template":"","meta":{"_acf_changed":false},"product_brand":[],"product_cat":[68],"product_tag":[],"class_list":{"0":"post-4277","1":"product","2":"type-product","3":"status-publish","4":"has-post-thumbnail","6":"product_cat-excursions-passades","7":"tm-has-options","9":"first","10":"instock","11":"shipping-taxable","12":"product-type-simple"},"acf":[],"yoast_head":"<!-- This site is optimized with the Yoast SEO plugin v27.2 - https:\/\/yoast.com\/product\/yoast-seo-wordpress\/ -->\n<title>Visita Besal\u00fa, Castellfollit de la Roca y disfruta del lago de Banyoles - Enjoy Catalonia<\/title>\n<meta name=\"robots\" content=\"index, follow, max-snippet:-1, max-image-preview:large, max-video-preview:-1\" \/>\n<link rel=\"canonical\" href=\"https:\/\/enjoycatalonia.com\/ca\/tours\/visita-besalu-castellfollit-de-la-roca-y-disfruta-del-lago-de-banyoles\/\" \/>\n<meta property=\"og:locale\" content=\"ca_ES\" \/>\n<meta property=\"og:type\" content=\"article\" \/>\n<meta property=\"og:title\" content=\"Visita Besal\u00fa, Castellfollit de la Roca y disfruta del lago de Banyoles - Enjoy Catalonia\" \/>\n<meta property=\"og:description\" content=\"Una excursi\u00f3n muy completa que incluye un paseo por el lago de Banyoles, el m\u00e1s bonito de Catalu\u00f1a; una visita guiada en Besal\u00fa; y un breve recorrido\u00a0por Castellfollit de la Roca para fotografiarlo desde su famoso puente. \u00a0Opci\u00f3n de comer juntos en un restaurante de Besal\u00fa (bufet libre, todo incluido: 28,5 euros). &#8211; Agradable y [&hellip;]\" \/>\n<meta property=\"og:url\" content=\"https:\/\/enjoycatalonia.com\/ca\/tours\/visita-besalu-castellfollit-de-la-roca-y-disfruta-del-lago-de-banyoles\/\" \/>\n<meta property=\"og:site_name\" content=\"Enjoy Catalonia\" \/>\n<meta property=\"article:modified_time\" content=\"2026-03-26T16:19:25+00:00\" \/>\n<meta property=\"og:image\" content=\"https:\/\/enjoycatalonia.com\/wp-content\/uploads\/2026\/03\/Banyoles-petita.jpg\" \/>\n\t<meta property=\"og:image:width\" content=\"1500\" \/>\n\t<meta property=\"og:image:height\" content=\"923\" \/>\n\t<meta property=\"og:image:type\" content=\"image\/jpeg\" \/>\n<meta name=\"twitter:card\" content=\"summary_large_image\" \/>\n<meta name=\"twitter:label1\" content=\"Temps estimat de lectura\" \/>\n\t<meta name=\"twitter:data1\" content=\"3 minuts\" \/>\n<script type=\"application\/ld+json\" class=\"yoast-schema-graph\">{\"@context\":\"https:\/\/schema.org\",\"@graph\":[{\"@type\":\"WebPage\",\"@id\":\"https:\/\/enjoycatalonia.com\/ca\/tours\/visita-besalu-castellfollit-de-la-roca-y-disfruta-del-lago-de-banyoles\/\",\"url\":\"https:\/\/enjoycatalonia.com\/ca\/tours\/visita-besalu-castellfollit-de-la-roca-y-disfruta-del-lago-de-banyoles\/\",\"name\":\"Visita Besal\u00fa, Castellfollit de la Roca y disfruta del lago de Banyoles - Enjoy Catalonia\",\"isPartOf\":{\"@id\":\"https:\/\/enjoycatalonia.com\/ca\/#website\"},\"primaryImageOfPage\":{\"@id\":\"https:\/\/enjoycatalonia.com\/ca\/tours\/visita-besalu-castellfollit-de-la-roca-y-disfruta-del-lago-de-banyoles\/#primaryimage\"},\"image\":{\"@id\":\"https:\/\/enjoycatalonia.com\/ca\/tours\/visita-besalu-castellfollit-de-la-roca-y-disfruta-del-lago-de-banyoles\/#primaryimage\"},\"thumbnailUrl\":\"https:\/\/enjoycatalonia.com\/wp-content\/uploads\/2026\/03\/Banyoles-petita.jpg\",\"datePublished\":\"2026-03-03T11:05:16+00:00\",\"dateModified\":\"2026-03-26T16:19:25+00:00\",\"breadcrumb\":{\"@id\":\"https:\/\/enjoycatalonia.com\/ca\/tours\/visita-besalu-castellfollit-de-la-roca-y-disfruta-del-lago-de-banyoles\/#breadcrumb\"},\"inLanguage\":\"ca\",\"potentialAction\":[{\"@type\":\"ReadAction\",\"target\":[\"https:\/\/enjoycatalonia.com\/ca\/tours\/visita-besalu-castellfollit-de-la-roca-y-disfruta-del-lago-de-banyoles\/\"]}]},{\"@type\":\"ImageObject\",\"inLanguage\":\"ca\",\"@id\":\"https:\/\/enjoycatalonia.com\/ca\/tours\/visita-besalu-castellfollit-de-la-roca-y-disfruta-del-lago-de-banyoles\/#primaryimage\",\"url\":\"https:\/\/enjoycatalonia.com\/wp-content\/uploads\/2026\/03\/Banyoles-petita.jpg\",\"contentUrl\":\"https:\/\/enjoycatalonia.com\/wp-content\/uploads\/2026\/03\/Banyoles-petita.jpg\",\"width\":1500,\"height\":923},{\"@type\":\"BreadcrumbList\",\"@id\":\"https:\/\/enjoycatalonia.com\/ca\/tours\/visita-besalu-castellfollit-de-la-roca-y-disfruta-del-lago-de-banyoles\/#breadcrumb\",\"itemListElement\":[{\"@type\":\"ListItem\",\"position\":1,\"name\":\"Portada\",\"item\":\"https:\/\/enjoycatalonia.com\/ca\/\"},{\"@type\":\"ListItem\",\"position\":2,\"name\":\"Botiga\",\"item\":\"https:\/\/enjoycatalonia.com\/tienda\/\"},{\"@type\":\"ListItem\",\"position\":3,\"name\":\"Visita Besal\u00fa, Castellfollit de la Roca y disfruta del lago de Banyoles\"}]},{\"@type\":\"WebSite\",\"@id\":\"https:\/\/enjoycatalonia.com\/ca\/#website\",\"url\":\"https:\/\/enjoycatalonia.com\/ca\/\",\"name\":\"Enjoy Catalonia\",\"description\":\"\",\"potentialAction\":[{\"@type\":\"SearchAction\",\"target\":{\"@type\":\"EntryPoint\",\"urlTemplate\":\"https:\/\/enjoycatalonia.com\/ca\/?s={search_term_string}\"},\"query-input\":{\"@type\":\"PropertyValueSpecification\",\"valueRequired\":true,\"valueName\":\"search_term_string\"}}],\"inLanguage\":\"ca\"}]}<\/script>\n<!-- \/ Yoast SEO plugin. -->","yoast_head_json":{"title":"Visita Besal\u00fa, Castellfollit de la Roca y disfruta del lago de Banyoles - Enjoy Catalonia","robots":{"index":"index","follow":"follow","max-snippet":"max-snippet:-1","max-image-preview":"max-image-preview:large","max-video-preview":"max-video-preview:-1"},"canonical":"https:\/\/enjoycatalonia.com\/ca\/tours\/visita-besalu-castellfollit-de-la-roca-y-disfruta-del-lago-de-banyoles\/","og_locale":"ca_ES","og_type":"article","og_title":"Visita Besal\u00fa, Castellfollit de la Roca y disfruta del lago de Banyoles - Enjoy Catalonia","og_description":"Una excursi\u00f3n muy completa que incluye un paseo por el lago de Banyoles, el m\u00e1s bonito de Catalu\u00f1a; una visita guiada en Besal\u00fa; y un breve recorrido\u00a0por Castellfollit de la Roca para fotografiarlo desde su famoso puente. \u00a0Opci\u00f3n de comer juntos en un restaurante de Besal\u00fa (bufet libre, todo incluido: 28,5 euros). &#8211; Agradable y [&hellip;]","og_url":"https:\/\/enjoycatalonia.com\/ca\/tours\/visita-besalu-castellfollit-de-la-roca-y-disfruta-del-lago-de-banyoles\/","og_site_name":"Enjoy Catalonia","article_modified_time":"2026-03-26T16:19:25+00:00","og_image":[{"width":1500,"height":923,"url":"https:\/\/enjoycatalonia.com\/wp-content\/uploads\/2026\/03\/Banyoles-petita.jpg","type":"image\/jpeg"}],"twitter_card":"summary_large_image","twitter_misc":{"Temps estimat de lectura":"3 minuts"},"schema":{"@context":"https:\/\/schema.org","@graph":[{"@type":"WebPage","@id":"https:\/\/enjoycatalonia.com\/ca\/tours\/visita-besalu-castellfollit-de-la-roca-y-disfruta-del-lago-de-banyoles\/","url":"https:\/\/enjoycatalonia.com\/ca\/tours\/visita-besalu-castellfollit-de-la-roca-y-disfruta-del-lago-de-banyoles\/","name":"Visita Besal\u00fa, Castellfollit de la Roca y disfruta del lago de Banyoles - Enjoy Catalonia","isPartOf":{"@id":"https:\/\/enjoycatalonia.com\/ca\/#website"},"primaryImageOfPage":{"@id":"https:\/\/enjoycatalonia.com\/ca\/tours\/visita-besalu-castellfollit-de-la-roca-y-disfruta-del-lago-de-banyoles\/#primaryimage"},"image":{"@id":"https:\/\/enjoycatalonia.com\/ca\/tours\/visita-besalu-castellfollit-de-la-roca-y-disfruta-del-lago-de-banyoles\/#primaryimage"},"thumbnailUrl":"https:\/\/enjoycatalonia.com\/wp-content\/uploads\/2026\/03\/Banyoles-petita.jpg","datePublished":"2026-03-03T11:05:16+00:00","dateModified":"2026-03-26T16:19:25+00:00","breadcrumb":{"@id":"https:\/\/enjoycatalonia.com\/ca\/tours\/visita-besalu-castellfollit-de-la-roca-y-disfruta-del-lago-de-banyoles\/#breadcrumb"},"inLanguage":"ca","potentialAction":[{"@type":"ReadAction","target":["https:\/\/enjoycatalonia.com\/ca\/tours\/visita-besalu-castellfollit-de-la-roca-y-disfruta-del-lago-de-banyoles\/"]}]},{"@type":"ImageObject","inLanguage":"ca","@id":"https:\/\/enjoycatalonia.com\/ca\/tours\/visita-besalu-castellfollit-de-la-roca-y-disfruta-del-lago-de-banyoles\/#primaryimage","url":"https:\/\/enjoycatalonia.com\/wp-content\/uploads\/2026\/03\/Banyoles-petita.jpg","contentUrl":"https:\/\/enjoycatalonia.com\/wp-content\/uploads\/2026\/03\/Banyoles-petita.jpg","width":1500,"height":923},{"@type":"BreadcrumbList","@id":"https:\/\/enjoycatalonia.com\/ca\/tours\/visita-besalu-castellfollit-de-la-roca-y-disfruta-del-lago-de-banyoles\/#breadcrumb","itemListElement":[{"@type":"ListItem","position":1,"name":"Portada","item":"https:\/\/enjoycatalonia.com\/ca\/"},{"@type":"ListItem","position":2,"name":"Botiga","item":"https:\/\/enjoycatalonia.com\/tienda\/"},{"@type":"ListItem","position":3,"name":"Visita Besal\u00fa, Castellfollit de la Roca y disfruta del lago de Banyoles"}]},{"@type":"WebSite","@id":"https:\/\/enjoycatalonia.com\/ca\/#website","url":"https:\/\/enjoycatalonia.com\/ca\/","name":"Enjoy Catalonia","description":"","potentialAction":[{"@type":"SearchAction","target":{"@type":"EntryPoint","urlTemplate":"https:\/\/enjoycatalonia.com\/ca\/?s={search_term_string}"},"query-input":{"@type":"PropertyValueSpecification","valueRequired":true,"valueName":"search_term_string"}}],"inLanguage":"ca"}]}},"_links":{"self":[{"href":"https:\/\/enjoycatalonia.com\/ca\/wp-json\/wp\/v2\/product\/4277","targetHints":{"allow":["GET"]}}],"collection":[{"href":"https:\/\/enjoycatalonia.com\/ca\/wp-json\/wp\/v2\/product"}],"about":[{"href":"https:\/\/enjoycatalonia.com\/ca\/wp-json\/wp\/v2\/types\/product"}],"wp:featuredmedia":[{"embeddable":true,"href":"https:\/\/enjoycatalonia.com\/ca\/wp-json\/wp\/v2\/media\/5202"}],"wp:attachment":[{"href":"https:\/\/enjoycatalonia.com\/ca\/wp-json\/wp\/v2\/media?parent=4277"}],"wp:term":[{"taxonomy":"product_brand","embeddable":true,"href":"https:\/\/enjoycatalonia.com\/ca\/wp-json\/wp\/v2\/product_brand?post=4277"},{"taxonomy":"product_cat","embeddable":true,"href":"https:\/\/enjoycatalonia.com\/ca\/wp-json\/wp\/v2\/product_cat?post=4277"},{"taxonomy":"product_tag","embeddable":true,"href":"https:\/\/enjoycatalonia.com\/ca\/wp-json\/wp\/v2\/product_tag?post=4277"}],"curies":[{"name":"wp","href":"https:\/\/api.w.org\/{rel}","templated":true}]}}