{"id":4453,"date":"2026-03-13T10:39:18","date_gmt":"2026-03-13T09:39:18","guid":{"rendered":"https:\/\/enjoycatalonia.com\/?post_type=product&#038;p=4453"},"modified":"2026-04-11T15:58:10","modified_gmt":"2026-04-11T13:58:10","slug":"undiaeneldeltadelebro","status":"publish","type":"product","link":"https:\/\/enjoycatalonia.com\/ca\/undialadeltedelebre\/","title":{"rendered":"Un dia al Delta de l&#8217;Ebre: senderisme, cultura de l&#8217;arr\u00f2s i natura salvatge"},"content":{"rendered":"<p data-start=\"0\" data-end=\"87\"><strong>Excursi\u00f3 d\u2019un dia en autocar privat amb sortida des de Barcelona (pla\u00e7a Universitat).<\/strong><\/p>\n<p data-start=\"89\" data-end=\"604\">El Delta de l\u2019Ebre, la zona humida m\u00e9s gran de Catalunya, \u00e9s un dest\u00ed ideal per gaudir de la natura, observar aus, passejar (a peu o en bicicleta) i delectar-se amb una gastronomia extraordin\u00e0ria. Per\u00f2 hi ha m\u00e9s. La seva gran extensi\u00f3 i la baixa densitat de poblaci\u00f3 fan del delta un dels racons m\u00e9s tranquils i solitaris del litoral catal\u00e0. I l\u2019\u00e8poca ideal per gaudir-ne \u00e9s durant els llargs dies de primavera, quan els arrossars i el Delta es converteixen en un immens i meravell\u00f3s mirall ple d\u2019aus migrat\u00f2ries.<\/p>\n<p data-start=\"606\" data-end=\"919\">Per aprofitar al m\u00e0xim l\u2019estada al Delta hem dissenyat un programa molt complet que inclou <strong>una visita panor\u00e0mica en bus amb parada en alguns dels llocs m\u00e9s emblem\u00e0tics del Delta<\/strong>, aix\u00ed com una <strong>bonica caminada de 10 km plans des de la Platja de la Marquesa fins al Far del Fangar<\/strong>, amb possibilitat de banyar-se.<\/p>\n<p data-start=\"606\" data-end=\"919\"><strong data-start=\"921\" data-end=\"993\">1- Caminada plana entre la Platja de la Marquesa i el Far del Fangar<\/strong><\/p>\n<p data-start=\"997\" data-end=\"1158\">Una ruta plana i molt bonica per la platja que connecta el berenador de Los Vascos amb el Far del Fangar. Hi ha possibilitat de banyar-se durant el recorregut.<\/p>\n<ul data-start=\"1160\" data-end=\"1295\">\n<li data-section-id=\"10ccnkq\" data-start=\"1160\" data-end=\"1198\">Dist\u00e0ncia: 10 km (anada i tornada)<\/li>\n<li data-section-id=\"1c3uk2m\" data-start=\"1199\" data-end=\"1251\">Desnivell: cam\u00ed totalment pla per platja i dunes<\/li>\n<li data-section-id=\"1r7qntp\" data-start=\"1252\" data-end=\"1273\">Durada: 2,5 hores<\/li>\n<li data-section-id=\"1yd6sm0\" data-start=\"1274\" data-end=\"1295\">Dificultat: Baixa<\/li>\n<\/ul>\n<p data-start=\"1297\" data-end=\"1376\"><strong data-start=\"1297\" data-end=\"1374\">2- Parades a la Barra del Trabucador, l\u2019Encanyissada i Poblenou del Delta<\/strong><\/p>\n<p data-start=\"1378\" data-end=\"1414\"><strong data-start=\"1378\" data-end=\"1412\">3- Visita a Poblenou del Delta<\/strong><\/p>\n<p data-start=\"1416\" data-end=\"1645\">Visitarem Poblenou del Delta, un bonic poble de cases blanques i baixes creat despr\u00e9s de la Guerra Civil amb la intenci\u00f3 d\u2019establir colons que treballaven les terres destinades al cultiu d\u2019arr\u00f2s, la recollida de sal i la pesca.<\/p>\n<p data-start=\"1647\" data-end=\"1688\"><strong data-start=\"1647\" data-end=\"1686\">Principals atractius de l\u2019excursi\u00f3:<\/strong><\/p>\n<ol data-start=\"1690\" data-end=\"2064\">\n<li data-section-id=\"c4dtge\" data-start=\"1690\" data-end=\"1789\">Gaudir del meravell\u00f3s Delta de l\u2019Ebre, un dels majors aiguamolls d\u2019Europa i un parad\u00eds natural<\/li>\n<li data-section-id=\"dyidn8\" data-start=\"1790\" data-end=\"1845\">Apropar-nos al fascinant m\u00f3n del cultiu de l\u2019arr\u00f2s<\/li>\n<li data-section-id=\"1owzv45\" data-start=\"1846\" data-end=\"1922\">Gaudir d\u2019una bonica caminada totalment plana fins a la punta del Fangar<\/li>\n<li data-section-id=\"1ewvv2u\" data-start=\"1923\" data-end=\"1999\">Admirar la bellesa del Delta i adonar-nos de la seva extrema fragilitat<\/li>\n<li data-section-id=\"1j3esbs\" data-start=\"2000\" data-end=\"2064\">Descobrir la fascinant hist\u00f2ria que hi ha darrere del Delta<\/li>\n<\/ol>\n<p data-start=\"2066\" data-end=\"2090\"><strong data-start=\"2066\" data-end=\"2088\">A tenir en compte:<\/strong><\/p>\n<p data-start=\"2092\" data-end=\"2293\">\u2714\ufe0e La caminada fins al Far del Fangar (10 km anada i tornada) \u00e9s plana, per\u00f2 es requereix un m\u00ednim de condici\u00f3 f\u00edsica i portar cal\u00e7at adequat per caminar, barret, ulleres de sol, crema solar i aigua.<\/p>\n<p data-start=\"2295\" data-end=\"2384\">\u2714\ufe0e El dinar ser\u00e0 tipus p\u00edcnic a la Barra del Trabucador. A la zona hi ha un xiringuito.<\/p>\n<p data-start=\"2386\" data-end=\"2460\" data-is-last-node=\"\" data-is-only-node=\"\">\u2714\ufe0e L\u2019excursi\u00f3 nom\u00e9s es posposaria en cas de previsi\u00f3 de temps molt dolent.<\/p>\n","protected":false},"excerpt":{"rendered":"<p>Excursi\u00f3 d\u2019un dia en autocar privat amb sortida des de Barcelona (pla\u00e7a Universitat). El Delta de l\u2019Ebre, la zona humida m\u00e9s gran de Catalunya, \u00e9s un dest\u00ed ideal per gaudir de la natura, observar aus, passejar (a peu o en bicicleta) i delectar-se amb una gastronomia extraordin\u00e0ria. Per\u00f2 hi ha m\u00e9s. La seva gran extensi\u00f3 [&hellip;]<\/p>\n","protected":false},"featured_media":4878,"template":"","meta":{"_acf_changed":false},"product_brand":[],"product_cat":[66],"product_tag":[],"class_list":{"0":"post-4453","1":"product","2":"type-product","3":"status-publish","4":"has-post-thumbnail","6":"product_cat-excursions","7":"tm-has-options","9":"first","10":"instock","11":"shipping-taxable","12":"purchasable","13":"product-type-simple"},"acf":[],"yoast_head":"<!-- This site is optimized with the Yoast SEO plugin v27.2 - https:\/\/yoast.com\/product\/yoast-seo-wordpress\/ -->\n<title>Un dia al Delta de l&#039;Ebre: senderisme, cultura de l&#039;arr\u00f2s i natura salvatge - Enjoy Catalonia<\/title>\n<meta name=\"robots\" content=\"index, follow, max-snippet:-1, max-image-preview:large, max-video-preview:-1\" \/>\n<link rel=\"canonical\" href=\"https:\/\/enjoycatalonia.com\/ca\/undialadeltedelebre\/\" \/>\n<meta property=\"og:locale\" content=\"ca_ES\" \/>\n<meta property=\"og:type\" content=\"article\" \/>\n<meta property=\"og:title\" content=\"Un dia al Delta de l&#039;Ebre: senderisme, cultura de l&#039;arr\u00f2s i natura salvatge - Enjoy Catalonia\" \/>\n<meta property=\"og:description\" content=\"Excursi\u00f3 d\u2019un dia en autocar privat amb sortida des de Barcelona (pla\u00e7a Universitat). El Delta de l\u2019Ebre, la zona humida m\u00e9s gran de Catalunya, \u00e9s un dest\u00ed ideal per gaudir de la natura, observar aus, passejar (a peu o en bicicleta) i delectar-se amb una gastronomia extraordin\u00e0ria. Per\u00f2 hi ha m\u00e9s. La seva gran extensi\u00f3 [&hellip;]\" \/>\n<meta property=\"og:url\" content=\"https:\/\/enjoycatalonia.com\/ca\/undialadeltedelebre\/\" \/>\n<meta property=\"og:site_name\" content=\"Enjoy Catalonia\" \/>\n<meta property=\"article:modified_time\" content=\"2026-04-11T13:58:10+00:00\" \/>\n<meta property=\"og:image\" content=\"https:\/\/enjoycatalonia.com\/wp-content\/uploads\/2026\/03\/imagen1.jpg\" \/>\n\t<meta property=\"og:image:width\" content=\"1500\" \/>\n\t<meta property=\"og:image:height\" content=\"923\" \/>\n\t<meta property=\"og:image:type\" content=\"image\/jpeg\" \/>\n<meta name=\"twitter:card\" content=\"summary_large_image\" \/>\n<meta name=\"twitter:label1\" content=\"Temps estimat de lectura\" \/>\n\t<meta name=\"twitter:data1\" content=\"3 minuts\" \/>\n<script type=\"application\/ld+json\" class=\"yoast-schema-graph\">{\"@context\":\"https:\/\/schema.org\",\"@graph\":[{\"@type\":\"WebPage\",\"@id\":\"https:\/\/enjoycatalonia.com\/ca\/undialadeltedelebre\/\",\"url\":\"https:\/\/enjoycatalonia.com\/ca\/undialadeltedelebre\/\",\"name\":\"Un dia al Delta de l'Ebre: senderisme, cultura de l'arr\u00f2s i natura salvatge - Enjoy Catalonia\",\"isPartOf\":{\"@id\":\"https:\/\/enjoycatalonia.com\/ca\/#website\"},\"primaryImageOfPage\":{\"@id\":\"https:\/\/enjoycatalonia.com\/ca\/undialadeltedelebre\/#primaryimage\"},\"image\":{\"@id\":\"https:\/\/enjoycatalonia.com\/ca\/undialadeltedelebre\/#primaryimage\"},\"thumbnailUrl\":\"https:\/\/enjoycatalonia.com\/wp-content\/uploads\/2026\/03\/imagen1.jpg\",\"datePublished\":\"2026-03-13T09:39:18+00:00\",\"dateModified\":\"2026-04-11T13:58:10+00:00\",\"breadcrumb\":{\"@id\":\"https:\/\/enjoycatalonia.com\/ca\/undialadeltedelebre\/#breadcrumb\"},\"inLanguage\":\"ca\",\"potentialAction\":[{\"@type\":\"ReadAction\",\"target\":[\"https:\/\/enjoycatalonia.com\/ca\/undialadeltedelebre\/\"]}]},{\"@type\":\"ImageObject\",\"inLanguage\":\"ca\",\"@id\":\"https:\/\/enjoycatalonia.com\/ca\/undialadeltedelebre\/#primaryimage\",\"url\":\"https:\/\/enjoycatalonia.com\/wp-content\/uploads\/2026\/03\/imagen1.jpg\",\"contentUrl\":\"https:\/\/enjoycatalonia.com\/wp-content\/uploads\/2026\/03\/imagen1.jpg\",\"width\":1500,\"height\":923},{\"@type\":\"BreadcrumbList\",\"@id\":\"https:\/\/enjoycatalonia.com\/ca\/undialadeltedelebre\/#breadcrumb\",\"itemListElement\":[{\"@type\":\"ListItem\",\"position\":1,\"name\":\"Portada\",\"item\":\"https:\/\/enjoycatalonia.com\/ca\/\"},{\"@type\":\"ListItem\",\"position\":2,\"name\":\"Botiga\",\"item\":\"https:\/\/enjoycatalonia.com\/tienda\/\"},{\"@type\":\"ListItem\",\"position\":3,\"name\":\"Un dia al Delta de l&#8217;Ebre: senderisme, cultura de l&#8217;arr\u00f2s i natura salvatge\"}]},{\"@type\":\"WebSite\",\"@id\":\"https:\/\/enjoycatalonia.com\/ca\/#website\",\"url\":\"https:\/\/enjoycatalonia.com\/ca\/\",\"name\":\"Enjoy Catalonia\",\"description\":\"\",\"potentialAction\":[{\"@type\":\"SearchAction\",\"target\":{\"@type\":\"EntryPoint\",\"urlTemplate\":\"https:\/\/enjoycatalonia.com\/ca\/?s={search_term_string}\"},\"query-input\":{\"@type\":\"PropertyValueSpecification\",\"valueRequired\":true,\"valueName\":\"search_term_string\"}}],\"inLanguage\":\"ca\"}]}<\/script>\n<!-- \/ Yoast SEO plugin. -->","yoast_head_json":{"title":"Un dia al Delta de l'Ebre: senderisme, cultura de l'arr\u00f2s i natura salvatge - Enjoy Catalonia","robots":{"index":"index","follow":"follow","max-snippet":"max-snippet:-1","max-image-preview":"max-image-preview:large","max-video-preview":"max-video-preview:-1"},"canonical":"https:\/\/enjoycatalonia.com\/ca\/undialadeltedelebre\/","og_locale":"ca_ES","og_type":"article","og_title":"Un dia al Delta de l'Ebre: senderisme, cultura de l'arr\u00f2s i natura salvatge - Enjoy Catalonia","og_description":"Excursi\u00f3 d\u2019un dia en autocar privat amb sortida des de Barcelona (pla\u00e7a Universitat). El Delta de l\u2019Ebre, la zona humida m\u00e9s gran de Catalunya, \u00e9s un dest\u00ed ideal per gaudir de la natura, observar aus, passejar (a peu o en bicicleta) i delectar-se amb una gastronomia extraordin\u00e0ria. Per\u00f2 hi ha m\u00e9s. La seva gran extensi\u00f3 [&hellip;]","og_url":"https:\/\/enjoycatalonia.com\/ca\/undialadeltedelebre\/","og_site_name":"Enjoy Catalonia","article_modified_time":"2026-04-11T13:58:10+00:00","og_image":[{"width":1500,"height":923,"url":"https:\/\/enjoycatalonia.com\/wp-content\/uploads\/2026\/03\/imagen1.jpg","type":"image\/jpeg"}],"twitter_card":"summary_large_image","twitter_misc":{"Temps estimat de lectura":"3 minuts"},"schema":{"@context":"https:\/\/schema.org","@graph":[{"@type":"WebPage","@id":"https:\/\/enjoycatalonia.com\/ca\/undialadeltedelebre\/","url":"https:\/\/enjoycatalonia.com\/ca\/undialadeltedelebre\/","name":"Un dia al Delta de l'Ebre: senderisme, cultura de l'arr\u00f2s i natura salvatge - Enjoy Catalonia","isPartOf":{"@id":"https:\/\/enjoycatalonia.com\/ca\/#website"},"primaryImageOfPage":{"@id":"https:\/\/enjoycatalonia.com\/ca\/undialadeltedelebre\/#primaryimage"},"image":{"@id":"https:\/\/enjoycatalonia.com\/ca\/undialadeltedelebre\/#primaryimage"},"thumbnailUrl":"https:\/\/enjoycatalonia.com\/wp-content\/uploads\/2026\/03\/imagen1.jpg","datePublished":"2026-03-13T09:39:18+00:00","dateModified":"2026-04-11T13:58:10+00:00","breadcrumb":{"@id":"https:\/\/enjoycatalonia.com\/ca\/undialadeltedelebre\/#breadcrumb"},"inLanguage":"ca","potentialAction":[{"@type":"ReadAction","target":["https:\/\/enjoycatalonia.com\/ca\/undialadeltedelebre\/"]}]},{"@type":"ImageObject","inLanguage":"ca","@id":"https:\/\/enjoycatalonia.com\/ca\/undialadeltedelebre\/#primaryimage","url":"https:\/\/enjoycatalonia.com\/wp-content\/uploads\/2026\/03\/imagen1.jpg","contentUrl":"https:\/\/enjoycatalonia.com\/wp-content\/uploads\/2026\/03\/imagen1.jpg","width":1500,"height":923},{"@type":"BreadcrumbList","@id":"https:\/\/enjoycatalonia.com\/ca\/undialadeltedelebre\/#breadcrumb","itemListElement":[{"@type":"ListItem","position":1,"name":"Portada","item":"https:\/\/enjoycatalonia.com\/ca\/"},{"@type":"ListItem","position":2,"name":"Botiga","item":"https:\/\/enjoycatalonia.com\/tienda\/"},{"@type":"ListItem","position":3,"name":"Un dia al Delta de l&#8217;Ebre: senderisme, cultura de l&#8217;arr\u00f2s i natura salvatge"}]},{"@type":"WebSite","@id":"https:\/\/enjoycatalonia.com\/ca\/#website","url":"https:\/\/enjoycatalonia.com\/ca\/","name":"Enjoy Catalonia","description":"","potentialAction":[{"@type":"SearchAction","target":{"@type":"EntryPoint","urlTemplate":"https:\/\/enjoycatalonia.com\/ca\/?s={search_term_string}"},"query-input":{"@type":"PropertyValueSpecification","valueRequired":true,"valueName":"search_term_string"}}],"inLanguage":"ca"}]}},"_links":{"self":[{"href":"https:\/\/enjoycatalonia.com\/ca\/wp-json\/wp\/v2\/product\/4453","targetHints":{"allow":["GET"]}}],"collection":[{"href":"https:\/\/enjoycatalonia.com\/ca\/wp-json\/wp\/v2\/product"}],"about":[{"href":"https:\/\/enjoycatalonia.com\/ca\/wp-json\/wp\/v2\/types\/product"}],"wp:featuredmedia":[{"embeddable":true,"href":"https:\/\/enjoycatalonia.com\/ca\/wp-json\/wp\/v2\/media\/4878"}],"wp:attachment":[{"href":"https:\/\/enjoycatalonia.com\/ca\/wp-json\/wp\/v2\/media?parent=4453"}],"wp:term":[{"taxonomy":"product_brand","embeddable":true,"href":"https:\/\/enjoycatalonia.com\/ca\/wp-json\/wp\/v2\/product_brand?post=4453"},{"taxonomy":"product_cat","embeddable":true,"href":"https:\/\/enjoycatalonia.com\/ca\/wp-json\/wp\/v2\/product_cat?post=4453"},{"taxonomy":"product_tag","embeddable":true,"href":"https:\/\/enjoycatalonia.com\/ca\/wp-json\/wp\/v2\/product_tag?post=4453"}],"curies":[{"name":"wp","href":"https:\/\/api.w.org\/{rel}","templated":true}]}}