{"id":4887,"date":"2026-03-25T11:20:11","date_gmt":"2026-03-25T10:20:11","guid":{"rendered":"https:\/\/enjoycatalonia.com\/?post_type=product&#038;p=4887"},"modified":"2026-04-13T22:30:57","modified_gmt":"2026-04-13T20:30:57","slug":"escapada-de-3-dies-a-occitania-sete-montpeller-nimes-el-pont-du-gard-i-uzes-copia","status":"publish","type":"product","link":"https:\/\/enjoycatalonia.com\/ca\/tresdiesalacostadalacant\/","title":{"rendered":"3 dies a la costa d&#8217;Alacant: l&#8217;illa de Tabarca, Altea, la ciutat d&#8217;Alacant i l&#8217;albufera de Val\u00e8ncia"},"content":{"rendered":"<p data-start=\"0\" data-end=\"104\"><strong data-start=\"0\" data-end=\"34\">Escapada de tres dies (2 nits) en autocar privat amb sortida des de Barcelona (pla\u00e7a Universitat).<\/strong><\/p>\n<p data-start=\"106\" data-end=\"887\">Descobreix la m\u00e0gia de la<strong> Costa d\u2019Alacant<\/strong> (la Costa Blanca) amb una <strong>escapada de tres dies i allotjament en un confortable hotel de 3 estrelles amb piscina a Benidorm<\/strong>, una ciutat fascinant que combina gratacels, platges daurades, un entorn molt bonic i un ambient molt cosmopolita. Al llarg dels tres dies visitarem <strong>Altea<\/strong>, un poble de postal amb cases blanques, carrers empedrats i una famosa esgl\u00e9sia amb c\u00fapula blava; gaudirem d&#8217;una visita molt completa pel centre hist\u00f2ric d\u2019<strong>Alacant<\/strong> i pujarem amb ascensor fins el castell de Santa B\u00e0rbara, amb espectaculars vistes sobre el mar i la comarca. Navegarem des de la ciutat d&#8217;Alacant fins a l\u2019<strong>illa de Tabarca<\/strong>, l\u2019\u00fanica illa habitada del Pa\u00eds Valenci\u00e0, on tindrem l\u2019oportunitat de gaudir de les seves aig\u00fces cristal\u00b7lines, el seu nucli antic i el seu ambient pintoresc.<\/p>\n<p data-start=\"889\" data-end=\"995\" data-is-last-node=\"\" data-is-only-node=\"\">Una escapada ideal per a qui vol gaudir del Mediterrani combinant cultura, natura, gastronomia i diversi\u00f3.<\/p>\n","protected":false},"excerpt":{"rendered":"<p>Escapada de tres dies (2 nits) en autocar privat amb sortida des de Barcelona (pla\u00e7a Universitat). Descobreix la m\u00e0gia de la Costa d\u2019Alacant (la Costa Blanca) amb una escapada de tres dies i allotjament en un confortable hotel de 3 estrelles amb piscina a Benidorm, una ciutat fascinant que combina gratacels, platges daurades, un entorn [&hellip;]<\/p>\n","protected":false},"featured_media":4936,"template":"","meta":{"_acf_changed":false},"product_brand":[],"product_cat":[63,65],"product_tag":[],"class_list":{"0":"post-4887","1":"product","2":"type-product","3":"status-publish","4":"has-post-thumbnail","6":"product_cat-escapades","7":"product_cat-escapades-espanya","8":"tm-has-options","10":"first","11":"instock","12":"shipping-taxable","13":"purchasable","14":"product-type-simple"},"acf":[],"yoast_head":"<!-- This site is optimized with the Yoast SEO plugin v27.2 - https:\/\/yoast.com\/product\/yoast-seo-wordpress\/ -->\n<title>3 dies a la costa d&#039;Alacant: l&#039;illa de Tabarca, Altea, la ciutat d&#039;Alacant i l&#039;albufera de Val\u00e8ncia - Enjoy Catalonia<\/title>\n<meta name=\"robots\" content=\"index, follow, max-snippet:-1, max-image-preview:large, max-video-preview:-1\" \/>\n<link rel=\"canonical\" href=\"https:\/\/enjoycatalonia.com\/ca\/tresdiesalacostadalacant\/\" \/>\n<meta property=\"og:locale\" content=\"ca_ES\" \/>\n<meta property=\"og:type\" content=\"article\" \/>\n<meta property=\"og:title\" content=\"3 dies a la costa d&#039;Alacant: l&#039;illa de Tabarca, Altea, la ciutat d&#039;Alacant i l&#039;albufera de Val\u00e8ncia - Enjoy Catalonia\" \/>\n<meta property=\"og:description\" content=\"Escapada de tres dies (2 nits) en autocar privat amb sortida des de Barcelona (pla\u00e7a Universitat). Descobreix la m\u00e0gia de la Costa d\u2019Alacant (la Costa Blanca) amb una escapada de tres dies i allotjament en un confortable hotel de 3 estrelles amb piscina a Benidorm, una ciutat fascinant que combina gratacels, platges daurades, un entorn [&hellip;]\" \/>\n<meta property=\"og:url\" content=\"https:\/\/enjoycatalonia.com\/ca\/tresdiesalacostadalacant\/\" \/>\n<meta property=\"og:site_name\" content=\"Enjoy Catalonia\" \/>\n<meta property=\"article:modified_time\" content=\"2026-04-13T20:30:57+00:00\" \/>\n<meta property=\"og:image\" content=\"https:\/\/enjoycatalonia.com\/wp-content\/uploads\/2026\/03\/visitar-alicante-1.webp\" \/>\n\t<meta property=\"og:image:width\" content=\"1920\" \/>\n\t<meta property=\"og:image:height\" content=\"1280\" \/>\n\t<meta property=\"og:image:type\" content=\"image\/webp\" \/>\n<meta name=\"twitter:card\" content=\"summary_large_image\" \/>\n<meta name=\"twitter:label1\" content=\"Temps estimat de lectura\" \/>\n\t<meta name=\"twitter:data1\" content=\"1 minut\" \/>\n<script type=\"application\/ld+json\" class=\"yoast-schema-graph\">{\"@context\":\"https:\/\/schema.org\",\"@graph\":[{\"@type\":\"WebPage\",\"@id\":\"https:\/\/enjoycatalonia.com\/ca\/tresdiesalacostadalacant\/\",\"url\":\"https:\/\/enjoycatalonia.com\/ca\/tresdiesalacostadalacant\/\",\"name\":\"3 dies a la costa d'Alacant: l'illa de Tabarca, Altea, la ciutat d'Alacant i l'albufera de Val\u00e8ncia - Enjoy Catalonia\",\"isPartOf\":{\"@id\":\"https:\/\/enjoycatalonia.com\/ca\/#website\"},\"primaryImageOfPage\":{\"@id\":\"https:\/\/enjoycatalonia.com\/ca\/tresdiesalacostadalacant\/#primaryimage\"},\"image\":{\"@id\":\"https:\/\/enjoycatalonia.com\/ca\/tresdiesalacostadalacant\/#primaryimage\"},\"thumbnailUrl\":\"https:\/\/enjoycatalonia.com\/wp-content\/uploads\/2026\/03\/visitar-alicante-1.webp\",\"datePublished\":\"2026-03-25T10:20:11+00:00\",\"dateModified\":\"2026-04-13T20:30:57+00:00\",\"breadcrumb\":{\"@id\":\"https:\/\/enjoycatalonia.com\/ca\/tresdiesalacostadalacant\/#breadcrumb\"},\"inLanguage\":\"ca\",\"potentialAction\":[{\"@type\":\"ReadAction\",\"target\":[\"https:\/\/enjoycatalonia.com\/ca\/tresdiesalacostadalacant\/\"]}]},{\"@type\":\"ImageObject\",\"inLanguage\":\"ca\",\"@id\":\"https:\/\/enjoycatalonia.com\/ca\/tresdiesalacostadalacant\/#primaryimage\",\"url\":\"https:\/\/enjoycatalonia.com\/wp-content\/uploads\/2026\/03\/visitar-alicante-1.webp\",\"contentUrl\":\"https:\/\/enjoycatalonia.com\/wp-content\/uploads\/2026\/03\/visitar-alicante-1.webp\",\"width\":1920,\"height\":1280},{\"@type\":\"BreadcrumbList\",\"@id\":\"https:\/\/enjoycatalonia.com\/ca\/tresdiesalacostadalacant\/#breadcrumb\",\"itemListElement\":[{\"@type\":\"ListItem\",\"position\":1,\"name\":\"Portada\",\"item\":\"https:\/\/enjoycatalonia.com\/ca\/\"},{\"@type\":\"ListItem\",\"position\":2,\"name\":\"Botiga\",\"item\":\"https:\/\/enjoycatalonia.com\/tienda\/\"},{\"@type\":\"ListItem\",\"position\":3,\"name\":\"3 dies a la costa d&#8217;Alacant: l&#8217;illa de Tabarca, Altea, la ciutat d&#8217;Alacant i l&#8217;albufera de Val\u00e8ncia\"}]},{\"@type\":\"WebSite\",\"@id\":\"https:\/\/enjoycatalonia.com\/ca\/#website\",\"url\":\"https:\/\/enjoycatalonia.com\/ca\/\",\"name\":\"Enjoy Catalonia\",\"description\":\"\",\"potentialAction\":[{\"@type\":\"SearchAction\",\"target\":{\"@type\":\"EntryPoint\",\"urlTemplate\":\"https:\/\/enjoycatalonia.com\/ca\/?s={search_term_string}\"},\"query-input\":{\"@type\":\"PropertyValueSpecification\",\"valueRequired\":true,\"valueName\":\"search_term_string\"}}],\"inLanguage\":\"ca\"}]}<\/script>\n<!-- \/ Yoast SEO plugin. -->","yoast_head_json":{"title":"3 dies a la costa d'Alacant: l'illa de Tabarca, Altea, la ciutat d'Alacant i l'albufera de Val\u00e8ncia - Enjoy Catalonia","robots":{"index":"index","follow":"follow","max-snippet":"max-snippet:-1","max-image-preview":"max-image-preview:large","max-video-preview":"max-video-preview:-1"},"canonical":"https:\/\/enjoycatalonia.com\/ca\/tresdiesalacostadalacant\/","og_locale":"ca_ES","og_type":"article","og_title":"3 dies a la costa d'Alacant: l'illa de Tabarca, Altea, la ciutat d'Alacant i l'albufera de Val\u00e8ncia - Enjoy Catalonia","og_description":"Escapada de tres dies (2 nits) en autocar privat amb sortida des de Barcelona (pla\u00e7a Universitat). Descobreix la m\u00e0gia de la Costa d\u2019Alacant (la Costa Blanca) amb una escapada de tres dies i allotjament en un confortable hotel de 3 estrelles amb piscina a Benidorm, una ciutat fascinant que combina gratacels, platges daurades, un entorn [&hellip;]","og_url":"https:\/\/enjoycatalonia.com\/ca\/tresdiesalacostadalacant\/","og_site_name":"Enjoy Catalonia","article_modified_time":"2026-04-13T20:30:57+00:00","og_image":[{"width":1920,"height":1280,"url":"https:\/\/enjoycatalonia.com\/wp-content\/uploads\/2026\/03\/visitar-alicante-1.webp","type":"image\/webp"}],"twitter_card":"summary_large_image","twitter_misc":{"Temps estimat de lectura":"1 minut"},"schema":{"@context":"https:\/\/schema.org","@graph":[{"@type":"WebPage","@id":"https:\/\/enjoycatalonia.com\/ca\/tresdiesalacostadalacant\/","url":"https:\/\/enjoycatalonia.com\/ca\/tresdiesalacostadalacant\/","name":"3 dies a la costa d'Alacant: l'illa de Tabarca, Altea, la ciutat d'Alacant i l'albufera de Val\u00e8ncia - Enjoy Catalonia","isPartOf":{"@id":"https:\/\/enjoycatalonia.com\/ca\/#website"},"primaryImageOfPage":{"@id":"https:\/\/enjoycatalonia.com\/ca\/tresdiesalacostadalacant\/#primaryimage"},"image":{"@id":"https:\/\/enjoycatalonia.com\/ca\/tresdiesalacostadalacant\/#primaryimage"},"thumbnailUrl":"https:\/\/enjoycatalonia.com\/wp-content\/uploads\/2026\/03\/visitar-alicante-1.webp","datePublished":"2026-03-25T10:20:11+00:00","dateModified":"2026-04-13T20:30:57+00:00","breadcrumb":{"@id":"https:\/\/enjoycatalonia.com\/ca\/tresdiesalacostadalacant\/#breadcrumb"},"inLanguage":"ca","potentialAction":[{"@type":"ReadAction","target":["https:\/\/enjoycatalonia.com\/ca\/tresdiesalacostadalacant\/"]}]},{"@type":"ImageObject","inLanguage":"ca","@id":"https:\/\/enjoycatalonia.com\/ca\/tresdiesalacostadalacant\/#primaryimage","url":"https:\/\/enjoycatalonia.com\/wp-content\/uploads\/2026\/03\/visitar-alicante-1.webp","contentUrl":"https:\/\/enjoycatalonia.com\/wp-content\/uploads\/2026\/03\/visitar-alicante-1.webp","width":1920,"height":1280},{"@type":"BreadcrumbList","@id":"https:\/\/enjoycatalonia.com\/ca\/tresdiesalacostadalacant\/#breadcrumb","itemListElement":[{"@type":"ListItem","position":1,"name":"Portada","item":"https:\/\/enjoycatalonia.com\/ca\/"},{"@type":"ListItem","position":2,"name":"Botiga","item":"https:\/\/enjoycatalonia.com\/tienda\/"},{"@type":"ListItem","position":3,"name":"3 dies a la costa d&#8217;Alacant: l&#8217;illa de Tabarca, Altea, la ciutat d&#8217;Alacant i l&#8217;albufera de Val\u00e8ncia"}]},{"@type":"WebSite","@id":"https:\/\/enjoycatalonia.com\/ca\/#website","url":"https:\/\/enjoycatalonia.com\/ca\/","name":"Enjoy Catalonia","description":"","potentialAction":[{"@type":"SearchAction","target":{"@type":"EntryPoint","urlTemplate":"https:\/\/enjoycatalonia.com\/ca\/?s={search_term_string}"},"query-input":{"@type":"PropertyValueSpecification","valueRequired":true,"valueName":"search_term_string"}}],"inLanguage":"ca"}]}},"_links":{"self":[{"href":"https:\/\/enjoycatalonia.com\/ca\/wp-json\/wp\/v2\/product\/4887","targetHints":{"allow":["GET"]}}],"collection":[{"href":"https:\/\/enjoycatalonia.com\/ca\/wp-json\/wp\/v2\/product"}],"about":[{"href":"https:\/\/enjoycatalonia.com\/ca\/wp-json\/wp\/v2\/types\/product"}],"wp:featuredmedia":[{"embeddable":true,"href":"https:\/\/enjoycatalonia.com\/ca\/wp-json\/wp\/v2\/media\/4936"}],"wp:attachment":[{"href":"https:\/\/enjoycatalonia.com\/ca\/wp-json\/wp\/v2\/media?parent=4887"}],"wp:term":[{"taxonomy":"product_brand","embeddable":true,"href":"https:\/\/enjoycatalonia.com\/ca\/wp-json\/wp\/v2\/product_brand?post=4887"},{"taxonomy":"product_cat","embeddable":true,"href":"https:\/\/enjoycatalonia.com\/ca\/wp-json\/wp\/v2\/product_cat?post=4887"},{"taxonomy":"product_tag","embeddable":true,"href":"https:\/\/enjoycatalonia.com\/ca\/wp-json\/wp\/v2\/product_tag?post=4887"}],"curies":[{"name":"wp","href":"https:\/\/api.w.org\/{rel}","templated":true}]}}