{"id":5234,"date":"2026-04-02T13:19:49","date_gmt":"2026-04-02T11:19:49","guid":{"rendered":"https:\/\/enjoycatalonia.com\/?post_type=product&#038;p=5234"},"modified":"2026-04-10T07:24:04","modified_gmt":"2026-04-10T05:24:04","slug":"plantilla-de-excursion","status":"publish","type":"product","link":"https:\/\/enjoycatalonia.com\/ca\/lacostamesbrava\/","title":{"rendered":"La Costa m\u00e9s Brava: Portbou, La Selva de Mar, El Port de la Selva i cam\u00ed de ronda"},"content":{"rendered":"<div class=\"flex h-svh w-screen flex-col\">\n<div class=\"relative z-0 flex min-h-0 w-full flex-1\">\n<div class=\"relative flex min-h-0 w-full flex-1\">\n<div class=\"@container\/main relative flex min-w-0 flex-1 flex-col -translate-y-[calc(env(safe-area-inset-bottom,0px)\/2)] pt-[calc(env(safe-area-inset-bottom,0px)\/2)]\">\n<div class=\"@w-sm\/main:[scrollbar-gutter:var(--stage-scroll-gutter)] touch:[scrollbar-width:none] group\/scroll-root relative flex min-h-0 min-w-0 flex-1 flex-col [scrollbar-gutter:stable] not-print:overflow-x-clip not-print:overflow-y-auto group-data-stream-active\/scroll-root:[overflow-anchor:none] scroll-pt-(--header-height) [--sticky-padding-top:var(--header-height)] [--sticky-padding-bottom:0px] [--scroll-root-safe-area-inset-top:calc(var(--sticky-padding-top)+env(safe-area-inset-top,0px))] [--scroll-root-safe-area-inset-bottom:calc(var(--sticky-padding-bottom)+var(--screen-keyboard-height,0px)+env(safe-area-inset-bottom,0px))] [--scroll-root-safe-area-height:calc(100lvh-var(--scroll-root-safe-area-inset-top)-var(--scroll-root-safe-area-inset-bottom))] has-data-[fixed-header=less-than-xl]:@w-xl\/main:scroll-pt-0 has-data-[fixed-header=less-than-xl]:@w-xl\/main:[--sticky-padding-top:0px] has-data-[fixed-header=less-than-xxl]:@w-2xl\/main:scroll-pt-0 has-data-[fixed-header=less-than-xxl]:@w-2xl\/main:[--sticky-padding-top:0px]\" data-scroll-root=\"\" data-scroll-from-top=\"\">\n<p>&nbsp;<\/p>\n<div id=\"thread\" class=\"group\/thread flex flex-col min-h-full\">\n<div class=\"composer-parent flex flex-1 flex-col focus-visible:outline-0\" role=\"presentation\">\n<div class=\"relative basis-auto flex-col -mb-(--composer-overlap-px) pb-(--composer-overlap-px) [--composer-overlap-px:28px] grow flex\">\n<div class=\"flex flex-col text-sm pb-25\">\n<section class=\"text-token-text-primary w-full focus:outline-none [--shadow-height:45px] has-data-writing-block:pointer-events-none has-data-writing-block:-mt-(--shadow-height) has-data-writing-block:pt-(--shadow-height) [&amp;:has([data-writing-block])&gt;*]:pointer-events-auto scroll-mt-[calc(var(--header-height)+min(200px,max(70px,20svh)))]\" dir=\"auto\" data-turn-id=\"request-WEB:86285f16-03b8-4964-9588-5defd383cbeb-25\" data-testid=\"conversation-turn-52\" data-scroll-anchor=\"true\" data-turn=\"assistant\">\n<div class=\"text-base my-auto mx-auto pb-10 [--thread-content-margin:var(--thread-content-margin-xs,calc(var(--spacing)*4))] @w-sm\/main:[--thread-content-margin:var(--thread-content-margin-sm,calc(var(--spacing)*6))] @w-lg\/main:[--thread-content-margin:var(--thread-content-margin-lg,calc(var(--spacing)*16))] px-(--thread-content-margin)\">\n<div class=\"[--thread-content-max-width:40rem] @w-lg\/main:[--thread-content-max-width:48rem] mx-auto max-w-(--thread-content-max-width) flex-1 group\/turn-messages focus-visible:outline-hidden relative flex w-full min-w-0 flex-col agent-turn\">\n<div class=\"flex max-w-full flex-col gap-4 grow\">\n<div class=\"min-h-8 text-message relative flex w-full flex-col items-end gap-2 text-start break-words whitespace-normal outline-none keyboard-focused:focus-ring [.text-message+&amp;]:mt-1\" dir=\"auto\" tabindex=\"0\" data-message-author-role=\"assistant\" data-message-id=\"37c69839-ece5-44ff-8528-f5f95be031ba\" data-message-model-slug=\"gpt-5-3\" data-turn-start-message=\"true\">\n<div class=\"flex w-full flex-col gap-1 empty:hidden\">\n<div class=\"markdown prose dark:prose-invert w-full wrap-break-word light markdown-new-styling\">\n<p data-start=\"0\" data-end=\"88\">Gaudeix d\u2019una preciosa excursi\u00f3 de senderisme cultural a la Costa Brava m\u00e9s desconeguda:<\/p>\n<p data-start=\"90\" data-end=\"238\">Una caminada f\u00e0cil per camins de ronda<br data-start=\"128\" data-end=\"131\" \/>Visites guiades a La Selva de Mar i El Port de la Selva<br data-start=\"186\" data-end=\"189\" \/>Visita al Memorial de Walter Benjamin a Portbou<\/p>\n<h3 data-section-id=\"mbtdww\" data-start=\"245\" data-end=\"323\">1- Cam\u00ed de ronda entre El Port de la Selva i el far (5 km anada i tornada)<\/h3>\n<p data-start=\"325\" data-end=\"649\">El Port de la Selva \u00e9s un bonic i tranquil poble mariner situat entre Llan\u00e7\u00e0 i Cadaqu\u00e9s, amb una de les badies m\u00e9s agradables del litoral catal\u00e0. Recorrerem el cam\u00ed de ronda que uneix el centre del poble amb el Far de s\u2019Arenella (5 km totalment plans) i gaudirem d\u2019una de les badies i ports naturals m\u00e9s bonics de Catalunya.<\/p>\n<p data-start=\"651\" data-end=\"754\"><strong data-start=\"651\" data-end=\"665\">Dist\u00e0ncia:<\/strong> 5 km<br data-start=\"670\" data-end=\"673\" \/><strong data-start=\"673\" data-end=\"687\">Desnivell:<\/strong> cam\u00ed totalment pla<br data-start=\"706\" data-end=\"709\" \/><strong data-start=\"709\" data-end=\"720\">Durada:<\/strong> 2 hores<br data-start=\"728\" data-end=\"731\" \/><strong data-start=\"731\" data-end=\"746\">Dificultat:<\/strong> baixa<\/p>\n<h3 data-section-id=\"j2ste4\" data-start=\"761\" data-end=\"825\">2- Descobreix La Selva de Mar, el parad\u00eds rural de l\u2019Empord\u00e0<\/h3>\n<p data-start=\"827\" data-end=\"1240\">Les localitats situades al nord del Cap de Creus tenen un color i una fascinaci\u00f3 especials. Enmig d\u2019un paisatge abrupte s\u2019hi respira una gran tranquil\u00b7litat. I el millor exemple \u00e9s La Selva de Mar, un dels secrets millor guardats de la Costa Brava. El fet de tenir el mar a 2 km li ha perm\u00e8s mantenir-se al marge del turisme de platja i conservar un encant propi, on els dies d\u2019estiu passen lentament i amb calma.<\/p>\n<p data-start=\"1242\" data-end=\"1428\">Els seus carrers empedrats i els petits ponts de pedra que travessen la riera conviden a passejar i descobrir tots els racons d\u2019aquest petit i encantador indret de l\u2019Empord\u00e0 m\u00e9s profund.<\/p>\n<p data-start=\"1430\" data-end=\"1682\">Situat en una petita vall, als peus de la muntanya de Verdera, a la serra de Rodes, aquest poble \u00e9s un exemple perfecte de l\u2019arquitectura popular empordanesa, amb cases tradicionals, moltes d\u2019elles constru\u00efdes amb pissarra, material abundant a la zona.<\/p>\n<h3 data-section-id=\"agv8it\" data-start=\"1689\" data-end=\"1761\">3- Descobreix Portbou i visita el Memorial dedicat a Walter Benjamin<\/h3>\n<p data-start=\"1763\" data-end=\"1944\">Esmorzarem a Portbou, poble fronterer amb una hist\u00f2ria fascinant. Visitarem el Memorial dedicat al fil\u00f2sof Walter Benjamin, un dels racons m\u00e9s bonics i emotius de la costa catalana.<\/p>\n<h3 data-section-id=\"tiydjb\" data-start=\"1951\" data-end=\"1994\"><span role=\"text\"><strong data-start=\"1955\" data-end=\"1994\">Principals atractius de l\u2019excursi\u00f3:<\/strong><\/span><\/h3>\n<p data-start=\"1996\" data-end=\"2393\">1- Descobrir i gaudir d\u2019un dels racons m\u00e9s rurals i menys massificats de la Costa Brava<br data-start=\"2083\" data-end=\"2086\" \/>2- Gaudir d\u2019una caminada f\u00e0cil (5-6 km) pel cam\u00ed de ronda que uneix El Port de la Selva amb el far de s\u2019Arenella<br data-start=\"2198\" data-end=\"2201\" \/>3- Apropar-se a la fascinant hist\u00f2ria de La Selva de Mar i El Port de la Selva<br data-start=\"2279\" data-end=\"2282\" \/>4- Visitar el Memorial Walter Benjamin de Portbou<br data-start=\"2331\" data-end=\"2334\" \/>5- (Re)descobrir Catalunya en companyia de gent agradable<\/p>\n<h3 data-section-id=\"zam9gy\" data-start=\"2400\" data-end=\"2426\"><span role=\"text\"><strong data-start=\"2404\" data-end=\"2426\">A tenir en compte:<\/strong><\/span><\/h3>\n<p data-start=\"2428\" data-end=\"2576\" data-is-last-node=\"\" data-is-only-node=\"\">\u2714\ufe0e La caminada pel cam\u00ed de ronda \u00e9s f\u00e0cil (6 km plans), per\u00f2 es requereix una m\u00ednima condici\u00f3 f\u00edsica<br data-start=\"2528\" data-end=\"2531\" \/>\u2714\ufe0e El dinar ser\u00e0 lliure a El Port de la Selva<\/p>\n<\/div>\n<\/div>\n<\/div>\n<\/div>\n<\/div>\n<\/div>\n<\/section>\n<\/div>\n<\/div>\n<div id=\"thread-bottom-container\" class=\"sticky bottom-0 z-10 group\/thread-bottom-container relative isolate w-full basis-auto has-data-has-thread-error:pt-2 has-data-has-thread-error:[box-shadow:var(--sharp-edge-bottom-shadow)] md:border-transparent md:pt-0 dark:border-white\/20 md:dark:border-transparent print:hidden content-fade single-line flex flex-col\">\n<div id=\"thread-bottom\">\n<div class=\"text-base mx-auto [--thread-content-margin:var(--thread-content-margin-xs,calc(var(--spacing)*4))] @w-sm\/main:[--thread-content-margin:var(--thread-content-margin-sm,calc(var(--spacing)*6))] @w-lg\/main:[--thread-content-margin:var(--thread-content-margin-lg,calc(var(--spacing)*16))] px-(--thread-content-margin)\">\n<div class=\"[--thread-content-max-width:40rem] @w-lg\/main:[--thread-content-max-width:48rem] mx-auto max-w-(--thread-content-max-width) flex-1 mb-[var(--thread-component-gap,1rem)]\">\n<div class=\"pointer-events-auto relative z-1 flex h-(--composer-container-height,100%) max-w-full flex-(--composer-container-flex,1) flex-col\">\n<form class=\"group\/composer w-full\" data-type=\"unified-composer\">\n<div class=\"\">\n<div class=\"bg-token-bg-primary corner-superellipse\/1.1 cursor-text overflow-clip bg-clip-padding p-2.5 contain-inline-size motion-safe:transition-colors motion-safe:duration-200 motion-safe:ease-in-out dark:bg-[#303030] grid grid-cols-[auto_1fr_auto] [grid-template-areas:'header_header_header'_'leading_primary_trailing'_'._footer_.'] group-data-expanded\/composer:[grid-template-areas:'header_header_header'_'primary_primary_primary'_'leading_footer_trailing'] shadow-short-composer\" data-composer-surface=\"true\">\n<div class=\"-my-2.5 flex min-h-14 items-center overflow-x-hidden px-1.5 [grid-area:primary] group-data-expanded\/composer:mb-0 group-data-expanded\/composer:px-2.5\">\n<div class=\"wcDTda_prosemirror-parent text-token-text-primary max-h-[max(30svh,5rem)] max-h-52 min-h-[var(--deep-research-composer-extra-height,unset)] flex-1 overflow-auto [scrollbar-width:thin] default-browser vertical-scroll-fade-mask\">\n<div id=\"prompt-textarea\" class=\"ProseMirror\" role=\"textbox\" contenteditable=\"true\" translate=\"no\" data-virtualkeyboard=\"true\" aria-multiline=\"true\" aria-label=\"Chatear con ChatGPT\"><\/div>\n<\/div>\n<\/div>\n<\/div>\n<\/div>\n<\/form>\n<\/div>\n<\/div>\n<\/div>\n<\/div>\n<\/div>\n<\/div>\n<\/div>\n<\/div>\n<\/div>\n<\/div>\n<\/div>\n<\/div>\n","protected":false},"excerpt":{"rendered":"<p>&nbsp; Gaudeix d\u2019una preciosa excursi\u00f3 de senderisme cultural a la Costa Brava m\u00e9s desconeguda: Una caminada f\u00e0cil per camins de rondaVisites guiades a La Selva de Mar i El Port de la SelvaVisita al Memorial de Walter Benjamin a Portbou 1- Cam\u00ed de ronda entre El Port de la Selva i el far (5 km [&hellip;]<\/p>\n","protected":false},"featured_media":5236,"template":"","meta":{"_acf_changed":false},"product_brand":[],"product_cat":[66],"product_tag":[],"class_list":{"0":"post-5234","1":"product","2":"type-product","3":"status-publish","4":"has-post-thumbnail","6":"product_cat-excursions","7":"tm-no-options","9":"first","10":"instock","11":"shipping-taxable","12":"purchasable","13":"product-type-simple"},"acf":[],"yoast_head":"<!-- This site is optimized with the Yoast SEO plugin v27.2 - https:\/\/yoast.com\/product\/yoast-seo-wordpress\/ -->\n<title>La Costa m\u00e9s Brava: Portbou, La Selva de Mar, El Port de la Selva i cam\u00ed de ronda - Enjoy Catalonia<\/title>\n<meta name=\"robots\" content=\"index, follow, max-snippet:-1, max-image-preview:large, max-video-preview:-1\" \/>\n<link rel=\"canonical\" href=\"https:\/\/enjoycatalonia.com\/ca\/lacostamesbrava\/\" \/>\n<meta property=\"og:locale\" content=\"ca_ES\" \/>\n<meta property=\"og:type\" content=\"article\" \/>\n<meta property=\"og:title\" content=\"La Costa m\u00e9s Brava: Portbou, La Selva de Mar, El Port de la Selva i cam\u00ed de ronda - Enjoy Catalonia\" \/>\n<meta property=\"og:description\" content=\"&nbsp; Gaudeix d\u2019una preciosa excursi\u00f3 de senderisme cultural a la Costa Brava m\u00e9s desconeguda: Una caminada f\u00e0cil per camins de rondaVisites guiades a La Selva de Mar i El Port de la SelvaVisita al Memorial de Walter Benjamin a Portbou 1- Cam\u00ed de ronda entre El Port de la Selva i el far (5 km [&hellip;]\" \/>\n<meta property=\"og:url\" content=\"https:\/\/enjoycatalonia.com\/ca\/lacostamesbrava\/\" \/>\n<meta property=\"og:site_name\" content=\"Enjoy Catalonia\" \/>\n<meta property=\"article:modified_time\" content=\"2026-04-10T05:24:04+00:00\" \/>\n<meta property=\"og:image\" content=\"https:\/\/enjoycatalonia.com\/wp-content\/uploads\/2026\/03\/imagen39.jpg\" \/>\n\t<meta property=\"og:image:width\" content=\"1500\" \/>\n\t<meta property=\"og:image:height\" content=\"923\" \/>\n\t<meta property=\"og:image:type\" content=\"image\/jpeg\" \/>\n<meta name=\"twitter:card\" content=\"summary_large_image\" \/>\n<meta name=\"twitter:label1\" content=\"Temps estimat de lectura\" \/>\n\t<meta name=\"twitter:data1\" content=\"3 minuts\" \/>\n<script type=\"application\/ld+json\" class=\"yoast-schema-graph\">{\"@context\":\"https:\/\/schema.org\",\"@graph\":[{\"@type\":\"WebPage\",\"@id\":\"https:\/\/enjoycatalonia.com\/ca\/lacostamesbrava\/\",\"url\":\"https:\/\/enjoycatalonia.com\/ca\/lacostamesbrava\/\",\"name\":\"La Costa m\u00e9s Brava: Portbou, La Selva de Mar, El Port de la Selva i cam\u00ed de ronda - Enjoy Catalonia\",\"isPartOf\":{\"@id\":\"https:\/\/enjoycatalonia.com\/ca\/#website\"},\"primaryImageOfPage\":{\"@id\":\"https:\/\/enjoycatalonia.com\/ca\/lacostamesbrava\/#primaryimage\"},\"image\":{\"@id\":\"https:\/\/enjoycatalonia.com\/ca\/lacostamesbrava\/#primaryimage\"},\"thumbnailUrl\":\"https:\/\/enjoycatalonia.com\/wp-content\/uploads\/2026\/03\/imagen39.jpg\",\"datePublished\":\"2026-04-02T11:19:49+00:00\",\"dateModified\":\"2026-04-10T05:24:04+00:00\",\"breadcrumb\":{\"@id\":\"https:\/\/enjoycatalonia.com\/ca\/lacostamesbrava\/#breadcrumb\"},\"inLanguage\":\"ca\",\"potentialAction\":[{\"@type\":\"ReadAction\",\"target\":[\"https:\/\/enjoycatalonia.com\/ca\/lacostamesbrava\/\"]}]},{\"@type\":\"ImageObject\",\"inLanguage\":\"ca\",\"@id\":\"https:\/\/enjoycatalonia.com\/ca\/lacostamesbrava\/#primaryimage\",\"url\":\"https:\/\/enjoycatalonia.com\/wp-content\/uploads\/2026\/03\/imagen39.jpg\",\"contentUrl\":\"https:\/\/enjoycatalonia.com\/wp-content\/uploads\/2026\/03\/imagen39.jpg\",\"width\":1500,\"height\":923},{\"@type\":\"BreadcrumbList\",\"@id\":\"https:\/\/enjoycatalonia.com\/ca\/lacostamesbrava\/#breadcrumb\",\"itemListElement\":[{\"@type\":\"ListItem\",\"position\":1,\"name\":\"Portada\",\"item\":\"https:\/\/enjoycatalonia.com\/ca\/\"},{\"@type\":\"ListItem\",\"position\":2,\"name\":\"Botiga\",\"item\":\"https:\/\/enjoycatalonia.com\/tienda\/\"},{\"@type\":\"ListItem\",\"position\":3,\"name\":\"La Costa m\u00e9s Brava: Portbou, La Selva de Mar, El Port de la Selva i cam\u00ed de ronda\"}]},{\"@type\":\"WebSite\",\"@id\":\"https:\/\/enjoycatalonia.com\/ca\/#website\",\"url\":\"https:\/\/enjoycatalonia.com\/ca\/\",\"name\":\"Enjoy Catalonia\",\"description\":\"\",\"potentialAction\":[{\"@type\":\"SearchAction\",\"target\":{\"@type\":\"EntryPoint\",\"urlTemplate\":\"https:\/\/enjoycatalonia.com\/ca\/?s={search_term_string}\"},\"query-input\":{\"@type\":\"PropertyValueSpecification\",\"valueRequired\":true,\"valueName\":\"search_term_string\"}}],\"inLanguage\":\"ca\"}]}<\/script>\n<!-- \/ Yoast SEO plugin. -->","yoast_head_json":{"title":"La Costa m\u00e9s Brava: Portbou, La Selva de Mar, El Port de la Selva i cam\u00ed de ronda - Enjoy Catalonia","robots":{"index":"index","follow":"follow","max-snippet":"max-snippet:-1","max-image-preview":"max-image-preview:large","max-video-preview":"max-video-preview:-1"},"canonical":"https:\/\/enjoycatalonia.com\/ca\/lacostamesbrava\/","og_locale":"ca_ES","og_type":"article","og_title":"La Costa m\u00e9s Brava: Portbou, La Selva de Mar, El Port de la Selva i cam\u00ed de ronda - Enjoy Catalonia","og_description":"&nbsp; Gaudeix d\u2019una preciosa excursi\u00f3 de senderisme cultural a la Costa Brava m\u00e9s desconeguda: Una caminada f\u00e0cil per camins de rondaVisites guiades a La Selva de Mar i El Port de la SelvaVisita al Memorial de Walter Benjamin a Portbou 1- Cam\u00ed de ronda entre El Port de la Selva i el far (5 km [&hellip;]","og_url":"https:\/\/enjoycatalonia.com\/ca\/lacostamesbrava\/","og_site_name":"Enjoy Catalonia","article_modified_time":"2026-04-10T05:24:04+00:00","og_image":[{"width":1500,"height":923,"url":"https:\/\/enjoycatalonia.com\/wp-content\/uploads\/2026\/03\/imagen39.jpg","type":"image\/jpeg"}],"twitter_card":"summary_large_image","twitter_misc":{"Temps estimat de lectura":"3 minuts"},"schema":{"@context":"https:\/\/schema.org","@graph":[{"@type":"WebPage","@id":"https:\/\/enjoycatalonia.com\/ca\/lacostamesbrava\/","url":"https:\/\/enjoycatalonia.com\/ca\/lacostamesbrava\/","name":"La Costa m\u00e9s Brava: Portbou, La Selva de Mar, El Port de la Selva i cam\u00ed de ronda - Enjoy Catalonia","isPartOf":{"@id":"https:\/\/enjoycatalonia.com\/ca\/#website"},"primaryImageOfPage":{"@id":"https:\/\/enjoycatalonia.com\/ca\/lacostamesbrava\/#primaryimage"},"image":{"@id":"https:\/\/enjoycatalonia.com\/ca\/lacostamesbrava\/#primaryimage"},"thumbnailUrl":"https:\/\/enjoycatalonia.com\/wp-content\/uploads\/2026\/03\/imagen39.jpg","datePublished":"2026-04-02T11:19:49+00:00","dateModified":"2026-04-10T05:24:04+00:00","breadcrumb":{"@id":"https:\/\/enjoycatalonia.com\/ca\/lacostamesbrava\/#breadcrumb"},"inLanguage":"ca","potentialAction":[{"@type":"ReadAction","target":["https:\/\/enjoycatalonia.com\/ca\/lacostamesbrava\/"]}]},{"@type":"ImageObject","inLanguage":"ca","@id":"https:\/\/enjoycatalonia.com\/ca\/lacostamesbrava\/#primaryimage","url":"https:\/\/enjoycatalonia.com\/wp-content\/uploads\/2026\/03\/imagen39.jpg","contentUrl":"https:\/\/enjoycatalonia.com\/wp-content\/uploads\/2026\/03\/imagen39.jpg","width":1500,"height":923},{"@type":"BreadcrumbList","@id":"https:\/\/enjoycatalonia.com\/ca\/lacostamesbrava\/#breadcrumb","itemListElement":[{"@type":"ListItem","position":1,"name":"Portada","item":"https:\/\/enjoycatalonia.com\/ca\/"},{"@type":"ListItem","position":2,"name":"Botiga","item":"https:\/\/enjoycatalonia.com\/tienda\/"},{"@type":"ListItem","position":3,"name":"La Costa m\u00e9s Brava: Portbou, La Selva de Mar, El Port de la Selva i cam\u00ed de ronda"}]},{"@type":"WebSite","@id":"https:\/\/enjoycatalonia.com\/ca\/#website","url":"https:\/\/enjoycatalonia.com\/ca\/","name":"Enjoy Catalonia","description":"","potentialAction":[{"@type":"SearchAction","target":{"@type":"EntryPoint","urlTemplate":"https:\/\/enjoycatalonia.com\/ca\/?s={search_term_string}"},"query-input":{"@type":"PropertyValueSpecification","valueRequired":true,"valueName":"search_term_string"}}],"inLanguage":"ca"}]}},"_links":{"self":[{"href":"https:\/\/enjoycatalonia.com\/ca\/wp-json\/wp\/v2\/product\/5234","targetHints":{"allow":["GET"]}}],"collection":[{"href":"https:\/\/enjoycatalonia.com\/ca\/wp-json\/wp\/v2\/product"}],"about":[{"href":"https:\/\/enjoycatalonia.com\/ca\/wp-json\/wp\/v2\/types\/product"}],"wp:featuredmedia":[{"embeddable":true,"href":"https:\/\/enjoycatalonia.com\/ca\/wp-json\/wp\/v2\/media\/5236"}],"wp:attachment":[{"href":"https:\/\/enjoycatalonia.com\/ca\/wp-json\/wp\/v2\/media?parent=5234"}],"wp:term":[{"taxonomy":"product_brand","embeddable":true,"href":"https:\/\/enjoycatalonia.com\/ca\/wp-json\/wp\/v2\/product_brand?post=5234"},{"taxonomy":"product_cat","embeddable":true,"href":"https:\/\/enjoycatalonia.com\/ca\/wp-json\/wp\/v2\/product_cat?post=5234"},{"taxonomy":"product_tag","embeddable":true,"href":"https:\/\/enjoycatalonia.com\/ca\/wp-json\/wp\/v2\/product_tag?post=5234"}],"curies":[{"name":"wp","href":"https:\/\/api.w.org\/{rel}","templated":true}]}}