{"id":5275,"date":"2026-04-09T12:57:40","date_gmt":"2026-04-09T10:57:40","guid":{"rendered":"https:\/\/enjoycatalonia.com\/?post_type=product&#038;p=5275"},"modified":"2026-04-09T13:28:31","modified_gmt":"2026-04-09T11:28:31","slug":"plantilla-de-excursion-copia","status":"publish","type":"product","link":"https:\/\/enjoycatalonia.com\/ca\/jaradinsartigasifontsllobregat\/","title":{"rendered":"Jardins Artigas de Gaud\u00ed, les Fonts del Llobregat i Castellar de N&#8217;Hug"},"content":{"rendered":"<section class=\"text-token-text-primary w-full focus:outline-none [--shadow-height:45px] has-data-writing-block:pointer-events-none has-data-writing-block:-mt-(--shadow-height) has-data-writing-block:pt-(--shadow-height) [&amp;:has([data-writing-block])&gt;*]:pointer-events-auto scroll-mt-(--header-height)\" dir=\"auto\" style=\"caret-color: #000000; color: #000000; font-style: normal; font-variant-caps: normal; font-weight: 400; letter-spacing: normal; orphans: auto; text-align: start; text-indent: 0px; text-transform: none; white-space: normal; widows: auto; word-spacing: 0px; -webkit-text-stroke-width: 0px; text-decoration: none;\" data-turn-id=\"2fc63e48-d5fc-4347-ba30-5d2c326f8b66\" data-testid=\"conversation-turn-35\" data-scroll-anchor=\"false\" data-turn=\"user\"><\/section>\n<section class=\"text-token-text-primary w-full focus:outline-none [--shadow-height:45px] has-data-writing-block:pointer-events-none has-data-writing-block:-mt-(--shadow-height) has-data-writing-block:pt-(--shadow-height) [&amp;:has([data-writing-block])&gt;*]:pointer-events-auto scroll-mt-[calc(var(--header-height)+min(200px,max(70px,20svh)))]\" dir=\"auto\" style=\"caret-color: #000000; color: #000000; font-style: normal; font-variant-caps: normal; font-weight: 400; letter-spacing: normal; orphans: auto; text-align: start; text-indent: 0px; text-transform: none; white-space: normal; widows: auto; word-spacing: 0px; -webkit-text-stroke-width: 0px; text-decoration: none;\" data-turn-id=\"request-WEB:86285f16-03b8-4964-9588-5defd383cbeb-17\" data-testid=\"conversation-turn-36\" data-scroll-anchor=\"true\" data-turn=\"assistant\">\n<div class=\"text-base my-auto mx-auto pb-10 [--thread-content-margin:var(--thread-content-margin-xs,calc(var(--spacing)*4))] @w-sm\/main:[--thread-content-margin:var(--thread-content-margin-sm,calc(var(--spacing)*6))] @w-lg\/main:[--thread-content-margin:var(--thread-content-margin-lg,calc(var(--spacing)*16))] px-(--thread-content-margin)\">\n<div class=\"[--thread-content-max-width:40rem] @w-lg\/main:[--thread-content-max-width:48rem] mx-auto max-w-(--thread-content-max-width) flex-1 group\/turn-messages focus-visible:outline-hidden relative flex w-full min-w-0 flex-col agent-turn\">\n<div class=\"flex max-w-full flex-col gap-4 grow\">\n<div class=\"min-h-8 text-message relative flex w-full flex-col items-end gap-2 text-start break-words whitespace-normal outline-none keyboard-focused:focus-ring [.text-message+&amp;]:mt-1\" dir=\"auto\" tabindex=\"0\" data-message-author-role=\"assistant\" data-message-id=\"32974566-df02-447a-9a52-c7085dddbd63\" data-message-model-slug=\"gpt-5-3\" data-turn-start-message=\"true\">\n<div class=\"flex w-full flex-col gap-1 empty:hidden\">\n<div class=\"markdown prose dark:prose-invert w-full wrap-break-word light markdown-new-styling\">\n<p data-start=\"0\" data-end=\"39\">NATURA, AIGUA I GAUD\u00cd AL PREPIRINEU<\/p>\n<p data-start=\"41\" data-end=\"469\">Gaudeix d\u2019una espectacular excursi\u00f3 al cor del Prepirineu per visitar els Jardins Artigas, una de les obres m\u00e9s emblem\u00e0tiques, sorprenents i desconegudes d\u2019Antoni Gaud\u00ed; passejar per les Fonts del Llobregat, que a la primavera i gr\u00e0cies al desgla\u00e7 baixen plenes d\u2019aigua; visitar Castellar de n\u2019Hug, un bonic poble de muntanya situat a gaireb\u00e9 1.500 metres d\u2019altitud; i gaudir d\u2019un aperitiu en un paratge natural de gran bellesa.<\/p>\n<p data-start=\"471\" data-end=\"950\">\u2013 <strong data-start=\"473\" data-end=\"532\">Visita guiada als Jardins Artigas, obra mestra de Gaud\u00ed<\/strong><br data-start=\"532\" data-end=\"535\" \/>A pocs quil\u00f2metres del lloc on neix el riu Llobregat i a gaireb\u00e9 mil metres d\u2019altitud, s\u2019amaga una de les obres m\u00e9s emblem\u00e0tiques, sorprenents i desconegudes d\u2019Antoni Gaud\u00ed: els Jardins Artigas. Un Park G\u00fcell a petita escala realitzat amb pedra rocosa, perfectament integrat en el seu entorn i on tot sembla imitar les formes d\u2019una natura capritxosa: escultures, bancs, baranes, jardineres, grutes, fonts, miradors\u2026<\/p>\n<p data-start=\"952\" data-end=\"1219\">\u2013 <strong data-start=\"954\" data-end=\"1042\">Passeig guiat a Castellar de n\u2019Hug, un dels pobles m\u00e9s bonics i elevats de Catalunya<\/strong><br data-start=\"1042\" data-end=\"1045\" \/>A la cara sud dels Pirineus, en ple cor del Parc Natural del Cad\u00ed-Moixer\u00f3, i a 1.450 m d\u2019altitud, s\u2019al\u00e7a un dels pobles m\u00e9s bonics i elevats de Catalunya: Castellar de n\u2019Hug.<\/p>\n<p data-start=\"1221\" data-end=\"1691\">\u2013 <strong data-start=\"1223\" data-end=\"1286\">Passeig per les Fonts del Llobregat, el lloc on neix el riu<\/strong><br data-start=\"1286\" data-end=\"1289\" \/>La primavera \u00e9s, sens dubte, la millor \u00e8poca per visitar les fonts del riu Llobregat. Gr\u00e0cies al desgla\u00e7, les aig\u00fces de la pluja i de la neu acumulada durant l\u2019hivern als cims m\u00e9s propers brollen a trav\u00e9s de les roques calc\u00e0ries entre una abundant vegetaci\u00f3 de ribera. Un indret molt bonic i fresc on relaxar-se amb el murmuri de l\u2019aigua i el cant dels ocells, protegits per imponents arbres de ribera.<\/p>\n<p data-start=\"1221\" data-end=\"1691\"><span role=\"text\"><strong data-start=\"1702\" data-end=\"1741\">Principals atractius de l\u2019excursi\u00f3:<\/strong><\/span><\/p>\n<p data-start=\"1743\" data-end=\"2148\">1- Descobrir els sorprenents Jardins Artigas, una de les obres m\u00e9s emblem\u00e0tiques i desconegudes de Gaud\u00ed, amb una completa visita guiada (amb guia del centre).<br data-start=\"1902\" data-end=\"1905\" \/>2- Passejar per Castellar de n\u2019Hug, un dels pobles m\u00e9s bonics i elevats de Catalunya, amb vistes espectaculars sobre la vall.<br data-start=\"2030\" data-end=\"2033\" \/>3- Passejar per les espectaculars Fonts del Llobregat, un indret fresc i ple de m\u00e0gia, especialment a la primavera.<\/p>\n<h3 data-section-id=\"e39z1k\" data-start=\"2155\" data-end=\"2170\"><span role=\"text\"><strong data-start=\"2159\" data-end=\"2170\">RESUM DEL PROGRAMA:<\/strong><\/span><\/h3>\n<p data-start=\"2172\" data-end=\"2578\" data-is-last-node=\"\" data-is-only-node=\"\">1- Ens trobarem a la pla\u00e7a Universitat a les 8 h per agafar el nostre autocar privat.<br data-start=\"2257\" data-end=\"2260\" \/>2- Arribada a Castellar de n\u2019Hug, temps lliure per esmorzar i passeig guiat pel poble.<br data-start=\"2346\" data-end=\"2349\" \/>3- Passeig per les Fonts del Llobregat.<br data-start=\"2388\" data-end=\"2391\" \/>4- Dinar p\u00edcnic al bar-merender de les fonts.<br data-start=\"2436\" data-end=\"2439\" \/>5- Autocar fins a La Pobla de Lillet.<br data-start=\"2476\" data-end=\"2479\" \/>6- Visita guiada als Jardins Artigas.<br data-start=\"2516\" data-end=\"2519\" \/>7- Tornada en autocar, arribant a Barcelona cap a les 19 h.<\/p>\n<\/div>\n<\/div>\n<\/div>\n<\/div>\n<\/div>\n<\/div>\n<\/section>\n","protected":false},"excerpt":{"rendered":"<p>NATURA, AIGUA I GAUD\u00cd AL PREPIRINEU Gaudeix d\u2019una espectacular excursi\u00f3 al cor del Prepirineu per visitar els Jardins Artigas, una de les obres m\u00e9s emblem\u00e0tiques, sorprenents i desconegudes d\u2019Antoni Gaud\u00ed; passejar per les Fonts del Llobregat, que a la primavera i gr\u00e0cies al desgla\u00e7 baixen plenes d\u2019aigua; visitar Castellar de n\u2019Hug, un bonic poble de [&hellip;]<\/p>\n","protected":false},"featured_media":5277,"template":"","meta":{"_acf_changed":false},"product_brand":[],"product_cat":[66],"product_tag":[],"class_list":{"0":"post-5275","1":"product","2":"type-product","3":"status-publish","4":"has-post-thumbnail","6":"product_cat-excursions","7":"tm-no-options","9":"first","10":"instock","11":"shipping-taxable","12":"purchasable","13":"product-type-simple"},"acf":[],"yoast_head":"<!-- This site is optimized with the Yoast SEO plugin v27.2 - https:\/\/yoast.com\/product\/yoast-seo-wordpress\/ -->\n<title>Jardins Artigas de Gaud\u00ed, les Fonts del Llobregat i Castellar de N&#039;Hug - Enjoy Catalonia<\/title>\n<meta name=\"robots\" content=\"index, follow, max-snippet:-1, max-image-preview:large, max-video-preview:-1\" \/>\n<link rel=\"canonical\" href=\"https:\/\/enjoycatalonia.com\/ca\/jaradinsartigasifontsllobregat\/\" \/>\n<meta property=\"og:locale\" content=\"ca_ES\" \/>\n<meta property=\"og:type\" content=\"article\" \/>\n<meta property=\"og:title\" content=\"Jardins Artigas de Gaud\u00ed, les Fonts del Llobregat i Castellar de N&#039;Hug - Enjoy Catalonia\" \/>\n<meta property=\"og:description\" content=\"NATURA, AIGUA I GAUD\u00cd AL PREPIRINEU Gaudeix d\u2019una espectacular excursi\u00f3 al cor del Prepirineu per visitar els Jardins Artigas, una de les obres m\u00e9s emblem\u00e0tiques, sorprenents i desconegudes d\u2019Antoni Gaud\u00ed; passejar per les Fonts del Llobregat, que a la primavera i gr\u00e0cies al desgla\u00e7 baixen plenes d\u2019aigua; visitar Castellar de n\u2019Hug, un bonic poble de [&hellip;]\" \/>\n<meta property=\"og:url\" content=\"https:\/\/enjoycatalonia.com\/ca\/jaradinsartigasifontsllobregat\/\" \/>\n<meta property=\"og:site_name\" content=\"Enjoy Catalonia\" \/>\n<meta property=\"article:modified_time\" content=\"2026-04-09T11:28:31+00:00\" \/>\n<meta property=\"og:image\" content=\"https:\/\/enjoycatalonia.com\/wp-content\/uploads\/2026\/04\/Jardins-artigas-gran.webp\" \/>\n\t<meta property=\"og:image:width\" content=\"1920\" \/>\n\t<meta property=\"og:image:height\" content=\"1280\" \/>\n\t<meta property=\"og:image:type\" content=\"image\/webp\" \/>\n<meta name=\"twitter:card\" content=\"summary_large_image\" \/>\n<meta name=\"twitter:label1\" content=\"Temps estimat de lectura\" \/>\n\t<meta name=\"twitter:data1\" content=\"3 minuts\" \/>\n<script type=\"application\/ld+json\" class=\"yoast-schema-graph\">{\"@context\":\"https:\/\/schema.org\",\"@graph\":[{\"@type\":\"WebPage\",\"@id\":\"https:\/\/enjoycatalonia.com\/ca\/jaradinsartigasifontsllobregat\/\",\"url\":\"https:\/\/enjoycatalonia.com\/ca\/jaradinsartigasifontsllobregat\/\",\"name\":\"Jardins Artigas de Gaud\u00ed, les Fonts del Llobregat i Castellar de N'Hug - Enjoy Catalonia\",\"isPartOf\":{\"@id\":\"https:\/\/enjoycatalonia.com\/ca\/#website\"},\"primaryImageOfPage\":{\"@id\":\"https:\/\/enjoycatalonia.com\/ca\/jaradinsartigasifontsllobregat\/#primaryimage\"},\"image\":{\"@id\":\"https:\/\/enjoycatalonia.com\/ca\/jaradinsartigasifontsllobregat\/#primaryimage\"},\"thumbnailUrl\":\"https:\/\/enjoycatalonia.com\/wp-content\/uploads\/2026\/04\/Jardins-artigas-gran.webp\",\"datePublished\":\"2026-04-09T10:57:40+00:00\",\"dateModified\":\"2026-04-09T11:28:31+00:00\",\"breadcrumb\":{\"@id\":\"https:\/\/enjoycatalonia.com\/ca\/jaradinsartigasifontsllobregat\/#breadcrumb\"},\"inLanguage\":\"ca\",\"potentialAction\":[{\"@type\":\"ReadAction\",\"target\":[\"https:\/\/enjoycatalonia.com\/ca\/jaradinsartigasifontsllobregat\/\"]}]},{\"@type\":\"ImageObject\",\"inLanguage\":\"ca\",\"@id\":\"https:\/\/enjoycatalonia.com\/ca\/jaradinsartigasifontsllobregat\/#primaryimage\",\"url\":\"https:\/\/enjoycatalonia.com\/wp-content\/uploads\/2026\/04\/Jardins-artigas-gran.webp\",\"contentUrl\":\"https:\/\/enjoycatalonia.com\/wp-content\/uploads\/2026\/04\/Jardins-artigas-gran.webp\",\"width\":1920,\"height\":1280},{\"@type\":\"BreadcrumbList\",\"@id\":\"https:\/\/enjoycatalonia.com\/ca\/jaradinsartigasifontsllobregat\/#breadcrumb\",\"itemListElement\":[{\"@type\":\"ListItem\",\"position\":1,\"name\":\"Portada\",\"item\":\"https:\/\/enjoycatalonia.com\/ca\/\"},{\"@type\":\"ListItem\",\"position\":2,\"name\":\"Botiga\",\"item\":\"https:\/\/enjoycatalonia.com\/tienda\/\"},{\"@type\":\"ListItem\",\"position\":3,\"name\":\"Jardins Artigas de Gaud\u00ed, les Fonts del Llobregat i Castellar de N&#8217;Hug\"}]},{\"@type\":\"WebSite\",\"@id\":\"https:\/\/enjoycatalonia.com\/ca\/#website\",\"url\":\"https:\/\/enjoycatalonia.com\/ca\/\",\"name\":\"Enjoy Catalonia\",\"description\":\"\",\"potentialAction\":[{\"@type\":\"SearchAction\",\"target\":{\"@type\":\"EntryPoint\",\"urlTemplate\":\"https:\/\/enjoycatalonia.com\/ca\/?s={search_term_string}\"},\"query-input\":{\"@type\":\"PropertyValueSpecification\",\"valueRequired\":true,\"valueName\":\"search_term_string\"}}],\"inLanguage\":\"ca\"}]}<\/script>\n<!-- \/ Yoast SEO plugin. -->","yoast_head_json":{"title":"Jardins Artigas de Gaud\u00ed, les Fonts del Llobregat i Castellar de N'Hug - Enjoy Catalonia","robots":{"index":"index","follow":"follow","max-snippet":"max-snippet:-1","max-image-preview":"max-image-preview:large","max-video-preview":"max-video-preview:-1"},"canonical":"https:\/\/enjoycatalonia.com\/ca\/jaradinsartigasifontsllobregat\/","og_locale":"ca_ES","og_type":"article","og_title":"Jardins Artigas de Gaud\u00ed, les Fonts del Llobregat i Castellar de N'Hug - Enjoy Catalonia","og_description":"NATURA, AIGUA I GAUD\u00cd AL PREPIRINEU Gaudeix d\u2019una espectacular excursi\u00f3 al cor del Prepirineu per visitar els Jardins Artigas, una de les obres m\u00e9s emblem\u00e0tiques, sorprenents i desconegudes d\u2019Antoni Gaud\u00ed; passejar per les Fonts del Llobregat, que a la primavera i gr\u00e0cies al desgla\u00e7 baixen plenes d\u2019aigua; visitar Castellar de n\u2019Hug, un bonic poble de [&hellip;]","og_url":"https:\/\/enjoycatalonia.com\/ca\/jaradinsartigasifontsllobregat\/","og_site_name":"Enjoy Catalonia","article_modified_time":"2026-04-09T11:28:31+00:00","og_image":[{"width":1920,"height":1280,"url":"https:\/\/enjoycatalonia.com\/wp-content\/uploads\/2026\/04\/Jardins-artigas-gran.webp","type":"image\/webp"}],"twitter_card":"summary_large_image","twitter_misc":{"Temps estimat de lectura":"3 minuts"},"schema":{"@context":"https:\/\/schema.org","@graph":[{"@type":"WebPage","@id":"https:\/\/enjoycatalonia.com\/ca\/jaradinsartigasifontsllobregat\/","url":"https:\/\/enjoycatalonia.com\/ca\/jaradinsartigasifontsllobregat\/","name":"Jardins Artigas de Gaud\u00ed, les Fonts del Llobregat i Castellar de N'Hug - Enjoy Catalonia","isPartOf":{"@id":"https:\/\/enjoycatalonia.com\/ca\/#website"},"primaryImageOfPage":{"@id":"https:\/\/enjoycatalonia.com\/ca\/jaradinsartigasifontsllobregat\/#primaryimage"},"image":{"@id":"https:\/\/enjoycatalonia.com\/ca\/jaradinsartigasifontsllobregat\/#primaryimage"},"thumbnailUrl":"https:\/\/enjoycatalonia.com\/wp-content\/uploads\/2026\/04\/Jardins-artigas-gran.webp","datePublished":"2026-04-09T10:57:40+00:00","dateModified":"2026-04-09T11:28:31+00:00","breadcrumb":{"@id":"https:\/\/enjoycatalonia.com\/ca\/jaradinsartigasifontsllobregat\/#breadcrumb"},"inLanguage":"ca","potentialAction":[{"@type":"ReadAction","target":["https:\/\/enjoycatalonia.com\/ca\/jaradinsartigasifontsllobregat\/"]}]},{"@type":"ImageObject","inLanguage":"ca","@id":"https:\/\/enjoycatalonia.com\/ca\/jaradinsartigasifontsllobregat\/#primaryimage","url":"https:\/\/enjoycatalonia.com\/wp-content\/uploads\/2026\/04\/Jardins-artigas-gran.webp","contentUrl":"https:\/\/enjoycatalonia.com\/wp-content\/uploads\/2026\/04\/Jardins-artigas-gran.webp","width":1920,"height":1280},{"@type":"BreadcrumbList","@id":"https:\/\/enjoycatalonia.com\/ca\/jaradinsartigasifontsllobregat\/#breadcrumb","itemListElement":[{"@type":"ListItem","position":1,"name":"Portada","item":"https:\/\/enjoycatalonia.com\/ca\/"},{"@type":"ListItem","position":2,"name":"Botiga","item":"https:\/\/enjoycatalonia.com\/tienda\/"},{"@type":"ListItem","position":3,"name":"Jardins Artigas de Gaud\u00ed, les Fonts del Llobregat i Castellar de N&#8217;Hug"}]},{"@type":"WebSite","@id":"https:\/\/enjoycatalonia.com\/ca\/#website","url":"https:\/\/enjoycatalonia.com\/ca\/","name":"Enjoy Catalonia","description":"","potentialAction":[{"@type":"SearchAction","target":{"@type":"EntryPoint","urlTemplate":"https:\/\/enjoycatalonia.com\/ca\/?s={search_term_string}"},"query-input":{"@type":"PropertyValueSpecification","valueRequired":true,"valueName":"search_term_string"}}],"inLanguage":"ca"}]}},"_links":{"self":[{"href":"https:\/\/enjoycatalonia.com\/ca\/wp-json\/wp\/v2\/product\/5275","targetHints":{"allow":["GET"]}}],"collection":[{"href":"https:\/\/enjoycatalonia.com\/ca\/wp-json\/wp\/v2\/product"}],"about":[{"href":"https:\/\/enjoycatalonia.com\/ca\/wp-json\/wp\/v2\/types\/product"}],"wp:featuredmedia":[{"embeddable":true,"href":"https:\/\/enjoycatalonia.com\/ca\/wp-json\/wp\/v2\/media\/5277"}],"wp:attachment":[{"href":"https:\/\/enjoycatalonia.com\/ca\/wp-json\/wp\/v2\/media?parent=5275"}],"wp:term":[{"taxonomy":"product_brand","embeddable":true,"href":"https:\/\/enjoycatalonia.com\/ca\/wp-json\/wp\/v2\/product_brand?post=5275"},{"taxonomy":"product_cat","embeddable":true,"href":"https:\/\/enjoycatalonia.com\/ca\/wp-json\/wp\/v2\/product_cat?post=5275"},{"taxonomy":"product_tag","embeddable":true,"href":"https:\/\/enjoycatalonia.com\/ca\/wp-json\/wp\/v2\/product_tag?post=5275"}],"curies":[{"name":"wp","href":"https:\/\/api.w.org\/{rel}","templated":true}]}}