{"id":5384,"date":"2026-04-10T09:35:50","date_gmt":"2026-04-10T07:35:50","guid":{"rendered":"https:\/\/enjoycatalonia.com\/?post_type=product&#038;p=5384"},"modified":"2026-04-11T15:34:37","modified_gmt":"2026-04-11T13:34:37","slug":"cap-de-setmana-a-la-cerdanya-i-la-vall-de-nuria-grans-paisatges-del-pirineu-copia","status":"publish","type":"product","link":"https:\/\/enjoycatalonia.com\/ca\/valldenuriailacerdanya\/","title":{"rendered":"Cap de setmana a la Vall de N\u00faria, el Niu de l&#8217;\u00c0liga i La Cerdanya"},"content":{"rendered":"<div class=\"flex flex-col text-sm pb-25\">\n<section class=\"text-token-text-primary w-full focus:outline-none [--shadow-height:45px] has-data-writing-block:pointer-events-none has-data-writing-block:-mt-(--shadow-height) has-data-writing-block:pt-(--shadow-height) [&amp;:has([data-writing-block])&gt;*]:pointer-events-auto scroll-mt-[calc(var(--header-height)+min(200px,max(70px,20svh)))]\" dir=\"auto\" data-turn-id=\"request-WEB:86285f16-03b8-4964-9588-5defd383cbeb-34\" data-testid=\"conversation-turn-70\" data-scroll-anchor=\"true\" data-turn=\"assistant\">\n<div class=\"text-base my-auto mx-auto pb-10 [--thread-content-margin:var(--thread-content-margin-xs,calc(var(--spacing)*4))] @w-sm\/main:[--thread-content-margin:var(--thread-content-margin-sm,calc(var(--spacing)*6))] @w-lg\/main:[--thread-content-margin:var(--thread-content-margin-lg,calc(var(--spacing)*16))] px-(--thread-content-margin)\">\n<div class=\"[--thread-content-max-width:40rem] @w-lg\/main:[--thread-content-max-width:48rem] mx-auto max-w-(--thread-content-max-width) flex-1 group\/turn-messages focus-visible:outline-hidden relative flex w-full min-w-0 flex-col agent-turn\">\n<div class=\"flex max-w-full flex-col gap-4 grow\">\n<div class=\"min-h-8 text-message relative flex w-full flex-col items-end gap-2 text-start break-words whitespace-normal outline-none keyboard-focused:focus-ring [.text-message+&amp;]:mt-1\" dir=\"auto\" tabindex=\"0\" data-message-author-role=\"assistant\" data-message-id=\"c458f155-c9da-4188-bc79-ae5a59e848a2\" data-message-model-slug=\"gpt-5-3-mini\" data-turn-start-message=\"true\">\n<div class=\"flex w-full flex-col gap-1 empty:hidden\">\n<div class=\"markdown prose dark:prose-invert w-full wrap-break-word light markdown-new-styling\">\n<p data-start=\"0\" data-end=\"520\">Gaudeix d\u2019un <strong>cap de setmana de natura a les altes muntanyes del Pirineu Oriental<\/strong> (a les comarques de la Cerdanya i el Ripoll\u00e8s), amb una excursi\u00f3 a la <strong>Vall de N\u00faria des de Ribes de Freser amb el fam\u00f3s tren cremallera<\/strong>; una excursi\u00f3 en <strong>telef\u00e8ric al Niu de l\u2019\u00c0liga (2.537 metres), a la Tossa d\u2019Alp, amb vistes impressionants sobre el Pirineu<\/strong> i el Prepirineu; una visita guiada al <strong>santuari de Queral<\/strong>t, el mirador del Ripoll\u00e8s; i passejades guiades a <strong>Queralbs<\/strong>, un bonic poble de muntanya, i <strong>Puigcerd\u00e0<\/strong>, capital de la Cerdanya.<\/p>\n<h3 data-section-id=\"1wab4sz\" data-start=\"527\" data-end=\"593\">Cremallera fins a la Vall de N\u00faria i excursi\u00f3 f\u00e0cil + Queralbs<\/h3>\n<p data-start=\"595\" data-end=\"859\">El dissabte al mat\u00ed pujarem des de Ribes de Freser fins a la Vall de N\u00faria amb el cremallera, una experi\u00e8ncia \u00fanica on, des del primer moment, ja es viuen tot un m\u00f3n de sensacions gr\u00e0cies a la bellesa i l\u2019espectacularitat d\u2019un paisatge i d\u2019un entorn natural \u00fanics.<\/p>\n<p data-start=\"861\" data-end=\"1078\">A la Vall de N\u00faria visitarem el santuari, caminarem al voltant del llac \u2014una passejada f\u00e0cil i plana\u2014 i dinarem lleugerament a la terrassa del bar\/restauraci\u00f3, un lloc ideal per relaxar-se i reconnectar amb la natura.<\/p>\n<p data-start=\"1080\" data-end=\"1265\">Despr\u00e9s de dinar baixarem fins a Ribes de Freser amb el cremallera i agafarem l\u2019autocar fins a Queralbs, un poble molt bonic que encara conserva l\u2019encant dels petits pobles de muntanya.<\/p>\n<h3 data-section-id=\"1nhps91\" data-start=\"1272\" data-end=\"1410\">Telef\u00e8ric fins al refugi impressionant del Niu de l\u2019\u00c0liga i excursi\u00f3 f\u00e0cil per gaudir de les millors panor\u00e0miques del Pirineu Oriental<\/h3>\n<p data-start=\"1412\" data-end=\"1776\">El diumenge al mat\u00ed pujarem fins al refugi del Niu de l\u2019\u00c0liga (2.537 metres, el m\u00e9s elevat de Catalunya) amb el telef\u00e8ric, una experi\u00e8ncia \u00fanica per gaudir de les magn\u00edfiques vistes de la Cerdanya, el Bergued\u00e0 i el Ripoll\u00e8s des d\u2019un punt d\u2019observaci\u00f3 panor\u00e0mic a 2.537 metres d\u2019altitud. Per baixar tindrem dues opcions: tornar a agafar el telef\u00e8ric o baixar a peu.<\/p>\n<p data-start=\"1778\" data-end=\"1858\">Dinem junts a Puigcerd\u00e0 i farem una passejada f\u00e0cil pel llac i els seus jardins.<\/p>\n<p data-start=\"1860\" data-end=\"2088\">Despr\u00e9s de gaudir de les impressionants panor\u00e0miques d\u2019alta muntanya, baixarem fins a Puigcerd\u00e0 per dinar junts en un restaurant i gaudir d\u2019un passeig molt relaxat al voltant del llac, un dels m\u00e9s bonics i elegants de Catalunya.<\/p>\n<p data-start=\"2090\" data-end=\"2190\">De tornada a Barcelona, pararem a Berga per visitar el santuari de Queralt, el mirador del Ripoll\u00e8s.<\/p>\n<p data-start=\"2192\" data-end=\"2317\" data-is-last-node=\"\" data-is-only-node=\"\">Un cap de setmana ideal per <strong>relaxar-se, reconnectar amb la natura i gaudir de l\u2019estiu lluny de la platja i les aglomeracions<\/strong>.<\/p>\n<\/div>\n<\/div>\n<\/div>\n<\/div>\n<div class=\"z-0 flex min-h-[46px] justify-start\"><\/div>\n<\/div>\n<\/div>\n<\/section>\n<\/div>\n","protected":false},"excerpt":{"rendered":"<p>Gaudeix d\u2019un cap de setmana de natura a les altes muntanyes del Pirineu Oriental (a les comarques de la Cerdanya i el Ripoll\u00e8s), amb una excursi\u00f3 a la Vall de N\u00faria des de Ribes de Freser amb el fam\u00f3s tren cremallera; una excursi\u00f3 en telef\u00e8ric al Niu de l\u2019\u00c0liga (2.537 metres), a la Tossa d\u2019Alp, [&hellip;]<\/p>\n","protected":false},"featured_media":3420,"template":"","meta":{"_acf_changed":false},"product_brand":[],"product_cat":[63,65],"product_tag":[],"class_list":{"0":"post-5384","1":"product","2":"type-product","3":"status-publish","4":"has-post-thumbnail","6":"product_cat-escapades","7":"product_cat-escapades-espanya","8":"tm-has-options","10":"first","11":"instock","12":"shipping-taxable","13":"purchasable","14":"product-type-simple"},"acf":[],"yoast_head":"<!-- This site is optimized with the Yoast SEO plugin v27.2 - https:\/\/yoast.com\/product\/yoast-seo-wordpress\/ -->\n<title>Cap de setmana a la Vall de N\u00faria, el Niu de l&#039;\u00c0liga i La Cerdanya - Enjoy Catalonia<\/title>\n<meta name=\"robots\" content=\"index, follow, max-snippet:-1, max-image-preview:large, max-video-preview:-1\" \/>\n<link rel=\"canonical\" href=\"https:\/\/enjoycatalonia.com\/ca\/valldenuriailacerdanya\/\" \/>\n<meta property=\"og:locale\" content=\"ca_ES\" \/>\n<meta property=\"og:type\" content=\"article\" \/>\n<meta property=\"og:title\" content=\"Cap de setmana a la Vall de N\u00faria, el Niu de l&#039;\u00c0liga i La Cerdanya - Enjoy Catalonia\" \/>\n<meta property=\"og:description\" content=\"Gaudeix d\u2019un cap de setmana de natura a les altes muntanyes del Pirineu Oriental (a les comarques de la Cerdanya i el Ripoll\u00e8s), amb una excursi\u00f3 a la Vall de N\u00faria des de Ribes de Freser amb el fam\u00f3s tren cremallera; una excursi\u00f3 en telef\u00e8ric al Niu de l\u2019\u00c0liga (2.537 metres), a la Tossa d\u2019Alp, [&hellip;]\" \/>\n<meta property=\"og:url\" content=\"https:\/\/enjoycatalonia.com\/ca\/valldenuriailacerdanya\/\" \/>\n<meta property=\"og:site_name\" content=\"Enjoy Catalonia\" \/>\n<meta property=\"article:modified_time\" content=\"2026-04-11T13:34:37+00:00\" \/>\n<meta property=\"og:image\" content=\"https:\/\/enjoycatalonia.com\/wp-content\/uploads\/2026\/02\/Vall-Nuria-I-gran.jpg\" \/>\n\t<meta property=\"og:image:width\" content=\"1500\" \/>\n\t<meta property=\"og:image:height\" content=\"945\" \/>\n\t<meta property=\"og:image:type\" content=\"image\/jpeg\" \/>\n<meta name=\"twitter:card\" content=\"summary_large_image\" \/>\n<meta name=\"twitter:label1\" content=\"Temps estimat de lectura\" \/>\n\t<meta name=\"twitter:data1\" content=\"3 minuts\" \/>\n<script type=\"application\/ld+json\" class=\"yoast-schema-graph\">{\"@context\":\"https:\/\/schema.org\",\"@graph\":[{\"@type\":\"WebPage\",\"@id\":\"https:\/\/enjoycatalonia.com\/ca\/valldenuriailacerdanya\/\",\"url\":\"https:\/\/enjoycatalonia.com\/ca\/valldenuriailacerdanya\/\",\"name\":\"Cap de setmana a la Vall de N\u00faria, el Niu de l'\u00c0liga i La Cerdanya - Enjoy Catalonia\",\"isPartOf\":{\"@id\":\"https:\/\/enjoycatalonia.com\/ca\/#website\"},\"primaryImageOfPage\":{\"@id\":\"https:\/\/enjoycatalonia.com\/ca\/valldenuriailacerdanya\/#primaryimage\"},\"image\":{\"@id\":\"https:\/\/enjoycatalonia.com\/ca\/valldenuriailacerdanya\/#primaryimage\"},\"thumbnailUrl\":\"https:\/\/enjoycatalonia.com\/wp-content\/uploads\/2026\/02\/Vall-Nuria-I-gran.jpg\",\"datePublished\":\"2026-04-10T07:35:50+00:00\",\"dateModified\":\"2026-04-11T13:34:37+00:00\",\"breadcrumb\":{\"@id\":\"https:\/\/enjoycatalonia.com\/ca\/valldenuriailacerdanya\/#breadcrumb\"},\"inLanguage\":\"ca\",\"potentialAction\":[{\"@type\":\"ReadAction\",\"target\":[\"https:\/\/enjoycatalonia.com\/ca\/valldenuriailacerdanya\/\"]}]},{\"@type\":\"ImageObject\",\"inLanguage\":\"ca\",\"@id\":\"https:\/\/enjoycatalonia.com\/ca\/valldenuriailacerdanya\/#primaryimage\",\"url\":\"https:\/\/enjoycatalonia.com\/wp-content\/uploads\/2026\/02\/Vall-Nuria-I-gran.jpg\",\"contentUrl\":\"https:\/\/enjoycatalonia.com\/wp-content\/uploads\/2026\/02\/Vall-Nuria-I-gran.jpg\",\"width\":1500,\"height\":945},{\"@type\":\"BreadcrumbList\",\"@id\":\"https:\/\/enjoycatalonia.com\/ca\/valldenuriailacerdanya\/#breadcrumb\",\"itemListElement\":[{\"@type\":\"ListItem\",\"position\":1,\"name\":\"Portada\",\"item\":\"https:\/\/enjoycatalonia.com\/ca\/\"},{\"@type\":\"ListItem\",\"position\":2,\"name\":\"Botiga\",\"item\":\"https:\/\/enjoycatalonia.com\/tienda\/\"},{\"@type\":\"ListItem\",\"position\":3,\"name\":\"Cap de setmana a la Vall de N\u00faria, el Niu de l&#8217;\u00c0liga i La Cerdanya\"}]},{\"@type\":\"WebSite\",\"@id\":\"https:\/\/enjoycatalonia.com\/ca\/#website\",\"url\":\"https:\/\/enjoycatalonia.com\/ca\/\",\"name\":\"Enjoy Catalonia\",\"description\":\"\",\"potentialAction\":[{\"@type\":\"SearchAction\",\"target\":{\"@type\":\"EntryPoint\",\"urlTemplate\":\"https:\/\/enjoycatalonia.com\/ca\/?s={search_term_string}\"},\"query-input\":{\"@type\":\"PropertyValueSpecification\",\"valueRequired\":true,\"valueName\":\"search_term_string\"}}],\"inLanguage\":\"ca\"}]}<\/script>\n<!-- \/ Yoast SEO plugin. -->","yoast_head_json":{"title":"Cap de setmana a la Vall de N\u00faria, el Niu de l'\u00c0liga i La Cerdanya - Enjoy Catalonia","robots":{"index":"index","follow":"follow","max-snippet":"max-snippet:-1","max-image-preview":"max-image-preview:large","max-video-preview":"max-video-preview:-1"},"canonical":"https:\/\/enjoycatalonia.com\/ca\/valldenuriailacerdanya\/","og_locale":"ca_ES","og_type":"article","og_title":"Cap de setmana a la Vall de N\u00faria, el Niu de l'\u00c0liga i La Cerdanya - Enjoy Catalonia","og_description":"Gaudeix d\u2019un cap de setmana de natura a les altes muntanyes del Pirineu Oriental (a les comarques de la Cerdanya i el Ripoll\u00e8s), amb una excursi\u00f3 a la Vall de N\u00faria des de Ribes de Freser amb el fam\u00f3s tren cremallera; una excursi\u00f3 en telef\u00e8ric al Niu de l\u2019\u00c0liga (2.537 metres), a la Tossa d\u2019Alp, [&hellip;]","og_url":"https:\/\/enjoycatalonia.com\/ca\/valldenuriailacerdanya\/","og_site_name":"Enjoy Catalonia","article_modified_time":"2026-04-11T13:34:37+00:00","og_image":[{"width":1500,"height":945,"url":"https:\/\/enjoycatalonia.com\/wp-content\/uploads\/2026\/02\/Vall-Nuria-I-gran.jpg","type":"image\/jpeg"}],"twitter_card":"summary_large_image","twitter_misc":{"Temps estimat de lectura":"3 minuts"},"schema":{"@context":"https:\/\/schema.org","@graph":[{"@type":"WebPage","@id":"https:\/\/enjoycatalonia.com\/ca\/valldenuriailacerdanya\/","url":"https:\/\/enjoycatalonia.com\/ca\/valldenuriailacerdanya\/","name":"Cap de setmana a la Vall de N\u00faria, el Niu de l'\u00c0liga i La Cerdanya - Enjoy Catalonia","isPartOf":{"@id":"https:\/\/enjoycatalonia.com\/ca\/#website"},"primaryImageOfPage":{"@id":"https:\/\/enjoycatalonia.com\/ca\/valldenuriailacerdanya\/#primaryimage"},"image":{"@id":"https:\/\/enjoycatalonia.com\/ca\/valldenuriailacerdanya\/#primaryimage"},"thumbnailUrl":"https:\/\/enjoycatalonia.com\/wp-content\/uploads\/2026\/02\/Vall-Nuria-I-gran.jpg","datePublished":"2026-04-10T07:35:50+00:00","dateModified":"2026-04-11T13:34:37+00:00","breadcrumb":{"@id":"https:\/\/enjoycatalonia.com\/ca\/valldenuriailacerdanya\/#breadcrumb"},"inLanguage":"ca","potentialAction":[{"@type":"ReadAction","target":["https:\/\/enjoycatalonia.com\/ca\/valldenuriailacerdanya\/"]}]},{"@type":"ImageObject","inLanguage":"ca","@id":"https:\/\/enjoycatalonia.com\/ca\/valldenuriailacerdanya\/#primaryimage","url":"https:\/\/enjoycatalonia.com\/wp-content\/uploads\/2026\/02\/Vall-Nuria-I-gran.jpg","contentUrl":"https:\/\/enjoycatalonia.com\/wp-content\/uploads\/2026\/02\/Vall-Nuria-I-gran.jpg","width":1500,"height":945},{"@type":"BreadcrumbList","@id":"https:\/\/enjoycatalonia.com\/ca\/valldenuriailacerdanya\/#breadcrumb","itemListElement":[{"@type":"ListItem","position":1,"name":"Portada","item":"https:\/\/enjoycatalonia.com\/ca\/"},{"@type":"ListItem","position":2,"name":"Botiga","item":"https:\/\/enjoycatalonia.com\/tienda\/"},{"@type":"ListItem","position":3,"name":"Cap de setmana a la Vall de N\u00faria, el Niu de l&#8217;\u00c0liga i La Cerdanya"}]},{"@type":"WebSite","@id":"https:\/\/enjoycatalonia.com\/ca\/#website","url":"https:\/\/enjoycatalonia.com\/ca\/","name":"Enjoy Catalonia","description":"","potentialAction":[{"@type":"SearchAction","target":{"@type":"EntryPoint","urlTemplate":"https:\/\/enjoycatalonia.com\/ca\/?s={search_term_string}"},"query-input":{"@type":"PropertyValueSpecification","valueRequired":true,"valueName":"search_term_string"}}],"inLanguage":"ca"}]}},"_links":{"self":[{"href":"https:\/\/enjoycatalonia.com\/ca\/wp-json\/wp\/v2\/product\/5384","targetHints":{"allow":["GET"]}}],"collection":[{"href":"https:\/\/enjoycatalonia.com\/ca\/wp-json\/wp\/v2\/product"}],"about":[{"href":"https:\/\/enjoycatalonia.com\/ca\/wp-json\/wp\/v2\/types\/product"}],"wp:featuredmedia":[{"embeddable":true,"href":"https:\/\/enjoycatalonia.com\/ca\/wp-json\/wp\/v2\/media\/3420"}],"wp:attachment":[{"href":"https:\/\/enjoycatalonia.com\/ca\/wp-json\/wp\/v2\/media?parent=5384"}],"wp:term":[{"taxonomy":"product_brand","embeddable":true,"href":"https:\/\/enjoycatalonia.com\/ca\/wp-json\/wp\/v2\/product_brand?post=5384"},{"taxonomy":"product_cat","embeddable":true,"href":"https:\/\/enjoycatalonia.com\/ca\/wp-json\/wp\/v2\/product_cat?post=5384"},{"taxonomy":"product_tag","embeddable":true,"href":"https:\/\/enjoycatalonia.com\/ca\/wp-json\/wp\/v2\/product_tag?post=5384"}],"curies":[{"name":"wp","href":"https:\/\/api.w.org\/{rel}","templated":true}]}}