{"id":5430,"date":"2026-04-11T11:18:10","date_gmt":"2026-04-11T09:18:10","guid":{"rendered":"https:\/\/enjoycatalonia.com\/?post_type=product&#038;p=5430"},"modified":"2026-04-11T15:53:43","modified_gmt":"2026-04-11T13:53:43","slug":"cap-de-setmana-a-la-vall-de-nuria-el-niu-de-laliga-i-la-cerdanya-copia","status":"publish","type":"product","link":"https:\/\/enjoycatalonia.com\/ca\/tours\/cap-de-setmana-a-la-vall-de-nuria-el-niu-de-laliga-i-la-cerdanya-copia\/","title":{"rendered":"Cap de setmana als llacs del Pirineu: Matemale, Puyvalador, Puigcerd\u00e0 i Engolasters"},"content":{"rendered":"<div class=\"flex flex-col text-sm pb-25\">\n<section class=\"text-token-text-primary w-full focus:outline-none [--shadow-height:45px] has-data-writing-block:pointer-events-none has-data-writing-block:-mt-(--shadow-height) has-data-writing-block:pt-(--shadow-height) [&amp;:has([data-writing-block])&gt;*]:pointer-events-auto scroll-mt-[calc(var(--header-height)+min(200px,max(70px,20svh)))]\" dir=\"auto\" data-turn-id=\"request-WEB:86285f16-03b8-4964-9588-5defd383cbeb-34\" data-testid=\"conversation-turn-70\" data-scroll-anchor=\"true\" data-turn=\"assistant\">\n<div class=\"text-base my-auto mx-auto pb-10 [--thread-content-margin:var(--thread-content-margin-xs,calc(var(--spacing)*4))] @w-sm\/main:[--thread-content-margin:var(--thread-content-margin-sm,calc(var(--spacing)*6))] @w-lg\/main:[--thread-content-margin:var(--thread-content-margin-lg,calc(var(--spacing)*16))] px-(--thread-content-margin)\">\n<div class=\"[--thread-content-max-width:40rem] @w-lg\/main:[--thread-content-max-width:48rem] mx-auto max-w-(--thread-content-max-width) flex-1 group\/turn-messages focus-visible:outline-hidden relative flex w-full min-w-0 flex-col agent-turn\">\n<div class=\"flex max-w-full flex-col gap-4 grow\">\n<div class=\"min-h-8 text-message relative flex w-full flex-col items-end gap-2 text-start break-words whitespace-normal outline-none keyboard-focused:focus-ring [.text-message+&amp;]:mt-1\" dir=\"auto\" tabindex=\"0\" data-message-author-role=\"assistant\" data-message-id=\"c458f155-c9da-4188-bc79-ae5a59e848a2\" data-message-model-slug=\"gpt-5-3-mini\" data-turn-start-message=\"true\">\n<div class=\"flex w-full flex-col gap-1 empty:hidden\">\n<div class=\"markdown prose dark:prose-invert w-full wrap-break-word light markdown-new-styling\">\n<p data-start=\"0\" data-end=\"81\"><strong data-start=\"0\" data-end=\"81\">CAP DE SETMANA DE LLACS I PETITS POBLES DE POSTAL AL PIRINEU CATAL\u00c0 I ANDORR\u00c0<\/strong><\/p>\n<p data-start=\"83\" data-end=\"490\">Gaudeix d\u2019un <strong>cap de setmana de natura al Pirineu<\/strong> (a les comarques de la Cerdanya, l\u2019Alt Urgell, el Capcir i Andorra) amb excursions als<strong> grans llacs del Capcir<\/strong> (Matemale i Puyvalador), el <strong>llac de Puigcerd\u00e0<\/strong> i el <strong>llac d\u2019Engolasters<\/strong>, a Andorra, i visita a tres bonics pobles de postal: <strong>Ars\u00e8guel<\/strong>, <strong>Montllu\u00eds<\/strong> i <strong>Os de Civ\u00eds<\/strong>, un preci\u00f3s poble rural situat en un indret remot i amb acc\u00e9s \u00fanicament a trav\u00e9s d\u2019Andorra.<\/p>\n<p data-start=\"492\" data-end=\"565\">Durant el cap de setmana gaudirem de<strong> passejades f\u00e0cils i molt boniques<\/strong> a:<\/p>\n<p data-start=\"567\" data-end=\"656\">\u2013 <strong>Llac de Matemale<\/strong> i <strong>llac de Puyvalador<\/strong>, a la comarca nord-catalana del Capcir (Fran\u00e7a)<\/p>\n<p data-start=\"658\" data-end=\"756\">\u2013 El<strong> llac de Puigcerd\u00e0<\/strong>, situat en un entorn privilegiat i envoltat de jardins i cases senyorials<\/p>\n<p data-start=\"758\" data-end=\"794\">\u2013 El <strong>llac d\u2019Engolasters<\/strong>, a Andorra<\/p>\n<p data-start=\"796\" data-end=\"837\">I visitarem tres bonics pobles de postal:<\/p>\n<p data-start=\"839\" data-end=\"881\">\u2013 <strong>Montllu\u00eds<\/strong><br data-start=\"850\" data-end=\"853\" \/>\u2013 <strong>Ars\u00e8guel<\/strong><br data-start=\"863\" data-end=\"866\" \/>\u2013 <strong>Os de Civ\u00eds<\/strong><\/p>\n<p data-start=\"883\" data-end=\"988\">Ens allotjarem en un <strong>hotel amb piscina a Bellver de Cerdanya en r\u00e8gim de mitja pensi\u00f3<\/strong> (esmorzar + sopar).<\/p>\n<p data-start=\"990\" data-end=\"1115\" data-is-last-node=\"\" data-is-only-node=\"\">Un cap de setmana ideal per <strong>relaxar-se, reconnectar amb la natura i gaudir de l\u2019estiu lluny de la platja i les aglomeracions<\/strong>.<\/p>\n<\/div>\n<\/div>\n<\/div>\n<\/div>\n<div class=\"z-0 flex min-h-[46px] justify-start\"><\/div>\n<\/div>\n<\/div>\n<\/section>\n<\/div>\n","protected":false},"excerpt":{"rendered":"<p>CAP DE SETMANA DE LLACS I PETITS POBLES DE POSTAL AL PIRINEU CATAL\u00c0 I ANDORR\u00c0 Gaudeix d\u2019un cap de setmana de natura al Pirineu (a les comarques de la Cerdanya, l\u2019Alt Urgell, el Capcir i Andorra) amb excursions als grans llacs del Capcir (Matemale i Puyvalador), el llac de Puigcerd\u00e0 i el llac d\u2019Engolasters, a [&hellip;]<\/p>\n","protected":false},"featured_media":5443,"template":"","meta":{"_acf_changed":false},"product_brand":[],"product_cat":[63,65,64],"product_tag":[],"class_list":{"0":"post-5430","1":"product","2":"type-product","3":"status-publish","4":"has-post-thumbnail","6":"product_cat-escapades","7":"product_cat-escapades-espanya","8":"product_cat-escapades-franca","9":"tm-has-options","11":"first","12":"instock","13":"shipping-taxable","14":"purchasable","15":"product-type-simple"},"acf":[],"yoast_head":"<!-- This site is optimized with the Yoast SEO plugin v27.2 - https:\/\/yoast.com\/product\/yoast-seo-wordpress\/ -->\n<title>Cap de setmana als llacs del Pirineu: Matemale, Puyvalador, Puigcerd\u00e0 i Engolasters - Enjoy Catalonia<\/title>\n<meta name=\"robots\" content=\"index, follow, max-snippet:-1, max-image-preview:large, max-video-preview:-1\" \/>\n<link rel=\"canonical\" href=\"https:\/\/enjoycatalonia.com\/ca\/tours\/cap-de-setmana-a-la-vall-de-nuria-el-niu-de-laliga-i-la-cerdanya-copia\/\" \/>\n<meta property=\"og:locale\" content=\"ca_ES\" \/>\n<meta property=\"og:type\" content=\"article\" \/>\n<meta property=\"og:title\" content=\"Cap de setmana als llacs del Pirineu: Matemale, Puyvalador, Puigcerd\u00e0 i Engolasters - Enjoy Catalonia\" \/>\n<meta property=\"og:description\" content=\"CAP DE SETMANA DE LLACS I PETITS POBLES DE POSTAL AL PIRINEU CATAL\u00c0 I ANDORR\u00c0 Gaudeix d\u2019un cap de setmana de natura al Pirineu (a les comarques de la Cerdanya, l\u2019Alt Urgell, el Capcir i Andorra) amb excursions als grans llacs del Capcir (Matemale i Puyvalador), el llac de Puigcerd\u00e0 i el llac d\u2019Engolasters, a [&hellip;]\" \/>\n<meta property=\"og:url\" content=\"https:\/\/enjoycatalonia.com\/ca\/tours\/cap-de-setmana-a-la-vall-de-nuria-el-niu-de-laliga-i-la-cerdanya-copia\/\" \/>\n<meta property=\"og:site_name\" content=\"Enjoy Catalonia\" \/>\n<meta property=\"article:modified_time\" content=\"2026-04-11T13:53:43+00:00\" \/>\n<meta property=\"og:image\" content=\"https:\/\/enjoycatalonia.com\/wp-content\/uploads\/2026\/04\/ast.jpg\" \/>\n\t<meta property=\"og:image:width\" content=\"800\" \/>\n\t<meta property=\"og:image:height\" content=\"535\" \/>\n\t<meta property=\"og:image:type\" content=\"image\/jpeg\" \/>\n<meta name=\"twitter:card\" content=\"summary_large_image\" \/>\n<meta name=\"twitter:label1\" content=\"Temps estimat de lectura\" \/>\n\t<meta name=\"twitter:data1\" content=\"2 minuts\" \/>\n<script type=\"application\/ld+json\" class=\"yoast-schema-graph\">{\"@context\":\"https:\/\/schema.org\",\"@graph\":[{\"@type\":\"WebPage\",\"@id\":\"https:\/\/enjoycatalonia.com\/ca\/tours\/cap-de-setmana-a-la-vall-de-nuria-el-niu-de-laliga-i-la-cerdanya-copia\/\",\"url\":\"https:\/\/enjoycatalonia.com\/ca\/tours\/cap-de-setmana-a-la-vall-de-nuria-el-niu-de-laliga-i-la-cerdanya-copia\/\",\"name\":\"Cap de setmana als llacs del Pirineu: Matemale, Puyvalador, Puigcerd\u00e0 i Engolasters - Enjoy Catalonia\",\"isPartOf\":{\"@id\":\"https:\/\/enjoycatalonia.com\/ca\/#website\"},\"primaryImageOfPage\":{\"@id\":\"https:\/\/enjoycatalonia.com\/ca\/tours\/cap-de-setmana-a-la-vall-de-nuria-el-niu-de-laliga-i-la-cerdanya-copia\/#primaryimage\"},\"image\":{\"@id\":\"https:\/\/enjoycatalonia.com\/ca\/tours\/cap-de-setmana-a-la-vall-de-nuria-el-niu-de-laliga-i-la-cerdanya-copia\/#primaryimage\"},\"thumbnailUrl\":\"https:\/\/enjoycatalonia.com\/wp-content\/uploads\/2026\/04\/ast.jpg\",\"datePublished\":\"2026-04-11T09:18:10+00:00\",\"dateModified\":\"2026-04-11T13:53:43+00:00\",\"breadcrumb\":{\"@id\":\"https:\/\/enjoycatalonia.com\/ca\/tours\/cap-de-setmana-a-la-vall-de-nuria-el-niu-de-laliga-i-la-cerdanya-copia\/#breadcrumb\"},\"inLanguage\":\"ca\",\"potentialAction\":[{\"@type\":\"ReadAction\",\"target\":[\"https:\/\/enjoycatalonia.com\/ca\/tours\/cap-de-setmana-a-la-vall-de-nuria-el-niu-de-laliga-i-la-cerdanya-copia\/\"]}]},{\"@type\":\"ImageObject\",\"inLanguage\":\"ca\",\"@id\":\"https:\/\/enjoycatalonia.com\/ca\/tours\/cap-de-setmana-a-la-vall-de-nuria-el-niu-de-laliga-i-la-cerdanya-copia\/#primaryimage\",\"url\":\"https:\/\/enjoycatalonia.com\/wp-content\/uploads\/2026\/04\/ast.jpg\",\"contentUrl\":\"https:\/\/enjoycatalonia.com\/wp-content\/uploads\/2026\/04\/ast.jpg\",\"width\":800,\"height\":535},{\"@type\":\"BreadcrumbList\",\"@id\":\"https:\/\/enjoycatalonia.com\/ca\/tours\/cap-de-setmana-a-la-vall-de-nuria-el-niu-de-laliga-i-la-cerdanya-copia\/#breadcrumb\",\"itemListElement\":[{\"@type\":\"ListItem\",\"position\":1,\"name\":\"Portada\",\"item\":\"https:\/\/enjoycatalonia.com\/ca\/\"},{\"@type\":\"ListItem\",\"position\":2,\"name\":\"Botiga\",\"item\":\"https:\/\/enjoycatalonia.com\/tienda\/\"},{\"@type\":\"ListItem\",\"position\":3,\"name\":\"Cap de setmana als llacs del Pirineu: Matemale, Puyvalador, Puigcerd\u00e0 i Engolasters\"}]},{\"@type\":\"WebSite\",\"@id\":\"https:\/\/enjoycatalonia.com\/ca\/#website\",\"url\":\"https:\/\/enjoycatalonia.com\/ca\/\",\"name\":\"Enjoy Catalonia\",\"description\":\"\",\"potentialAction\":[{\"@type\":\"SearchAction\",\"target\":{\"@type\":\"EntryPoint\",\"urlTemplate\":\"https:\/\/enjoycatalonia.com\/ca\/?s={search_term_string}\"},\"query-input\":{\"@type\":\"PropertyValueSpecification\",\"valueRequired\":true,\"valueName\":\"search_term_string\"}}],\"inLanguage\":\"ca\"}]}<\/script>\n<!-- \/ Yoast SEO plugin. -->","yoast_head_json":{"title":"Cap de setmana als llacs del Pirineu: Matemale, Puyvalador, Puigcerd\u00e0 i Engolasters - Enjoy Catalonia","robots":{"index":"index","follow":"follow","max-snippet":"max-snippet:-1","max-image-preview":"max-image-preview:large","max-video-preview":"max-video-preview:-1"},"canonical":"https:\/\/enjoycatalonia.com\/ca\/tours\/cap-de-setmana-a-la-vall-de-nuria-el-niu-de-laliga-i-la-cerdanya-copia\/","og_locale":"ca_ES","og_type":"article","og_title":"Cap de setmana als llacs del Pirineu: Matemale, Puyvalador, Puigcerd\u00e0 i Engolasters - Enjoy Catalonia","og_description":"CAP DE SETMANA DE LLACS I PETITS POBLES DE POSTAL AL PIRINEU CATAL\u00c0 I ANDORR\u00c0 Gaudeix d\u2019un cap de setmana de natura al Pirineu (a les comarques de la Cerdanya, l\u2019Alt Urgell, el Capcir i Andorra) amb excursions als grans llacs del Capcir (Matemale i Puyvalador), el llac de Puigcerd\u00e0 i el llac d\u2019Engolasters, a [&hellip;]","og_url":"https:\/\/enjoycatalonia.com\/ca\/tours\/cap-de-setmana-a-la-vall-de-nuria-el-niu-de-laliga-i-la-cerdanya-copia\/","og_site_name":"Enjoy Catalonia","article_modified_time":"2026-04-11T13:53:43+00:00","og_image":[{"width":800,"height":535,"url":"https:\/\/enjoycatalonia.com\/wp-content\/uploads\/2026\/04\/ast.jpg","type":"image\/jpeg"}],"twitter_card":"summary_large_image","twitter_misc":{"Temps estimat de lectura":"2 minuts"},"schema":{"@context":"https:\/\/schema.org","@graph":[{"@type":"WebPage","@id":"https:\/\/enjoycatalonia.com\/ca\/tours\/cap-de-setmana-a-la-vall-de-nuria-el-niu-de-laliga-i-la-cerdanya-copia\/","url":"https:\/\/enjoycatalonia.com\/ca\/tours\/cap-de-setmana-a-la-vall-de-nuria-el-niu-de-laliga-i-la-cerdanya-copia\/","name":"Cap de setmana als llacs del Pirineu: Matemale, Puyvalador, Puigcerd\u00e0 i Engolasters - Enjoy Catalonia","isPartOf":{"@id":"https:\/\/enjoycatalonia.com\/ca\/#website"},"primaryImageOfPage":{"@id":"https:\/\/enjoycatalonia.com\/ca\/tours\/cap-de-setmana-a-la-vall-de-nuria-el-niu-de-laliga-i-la-cerdanya-copia\/#primaryimage"},"image":{"@id":"https:\/\/enjoycatalonia.com\/ca\/tours\/cap-de-setmana-a-la-vall-de-nuria-el-niu-de-laliga-i-la-cerdanya-copia\/#primaryimage"},"thumbnailUrl":"https:\/\/enjoycatalonia.com\/wp-content\/uploads\/2026\/04\/ast.jpg","datePublished":"2026-04-11T09:18:10+00:00","dateModified":"2026-04-11T13:53:43+00:00","breadcrumb":{"@id":"https:\/\/enjoycatalonia.com\/ca\/tours\/cap-de-setmana-a-la-vall-de-nuria-el-niu-de-laliga-i-la-cerdanya-copia\/#breadcrumb"},"inLanguage":"ca","potentialAction":[{"@type":"ReadAction","target":["https:\/\/enjoycatalonia.com\/ca\/tours\/cap-de-setmana-a-la-vall-de-nuria-el-niu-de-laliga-i-la-cerdanya-copia\/"]}]},{"@type":"ImageObject","inLanguage":"ca","@id":"https:\/\/enjoycatalonia.com\/ca\/tours\/cap-de-setmana-a-la-vall-de-nuria-el-niu-de-laliga-i-la-cerdanya-copia\/#primaryimage","url":"https:\/\/enjoycatalonia.com\/wp-content\/uploads\/2026\/04\/ast.jpg","contentUrl":"https:\/\/enjoycatalonia.com\/wp-content\/uploads\/2026\/04\/ast.jpg","width":800,"height":535},{"@type":"BreadcrumbList","@id":"https:\/\/enjoycatalonia.com\/ca\/tours\/cap-de-setmana-a-la-vall-de-nuria-el-niu-de-laliga-i-la-cerdanya-copia\/#breadcrumb","itemListElement":[{"@type":"ListItem","position":1,"name":"Portada","item":"https:\/\/enjoycatalonia.com\/ca\/"},{"@type":"ListItem","position":2,"name":"Botiga","item":"https:\/\/enjoycatalonia.com\/tienda\/"},{"@type":"ListItem","position":3,"name":"Cap de setmana als llacs del Pirineu: Matemale, Puyvalador, Puigcerd\u00e0 i Engolasters"}]},{"@type":"WebSite","@id":"https:\/\/enjoycatalonia.com\/ca\/#website","url":"https:\/\/enjoycatalonia.com\/ca\/","name":"Enjoy Catalonia","description":"","potentialAction":[{"@type":"SearchAction","target":{"@type":"EntryPoint","urlTemplate":"https:\/\/enjoycatalonia.com\/ca\/?s={search_term_string}"},"query-input":{"@type":"PropertyValueSpecification","valueRequired":true,"valueName":"search_term_string"}}],"inLanguage":"ca"}]}},"_links":{"self":[{"href":"https:\/\/enjoycatalonia.com\/ca\/wp-json\/wp\/v2\/product\/5430","targetHints":{"allow":["GET"]}}],"collection":[{"href":"https:\/\/enjoycatalonia.com\/ca\/wp-json\/wp\/v2\/product"}],"about":[{"href":"https:\/\/enjoycatalonia.com\/ca\/wp-json\/wp\/v2\/types\/product"}],"wp:featuredmedia":[{"embeddable":true,"href":"https:\/\/enjoycatalonia.com\/ca\/wp-json\/wp\/v2\/media\/5443"}],"wp:attachment":[{"href":"https:\/\/enjoycatalonia.com\/ca\/wp-json\/wp\/v2\/media?parent=5430"}],"wp:term":[{"taxonomy":"product_brand","embeddable":true,"href":"https:\/\/enjoycatalonia.com\/ca\/wp-json\/wp\/v2\/product_brand?post=5430"},{"taxonomy":"product_cat","embeddable":true,"href":"https:\/\/enjoycatalonia.com\/ca\/wp-json\/wp\/v2\/product_cat?post=5430"},{"taxonomy":"product_tag","embeddable":true,"href":"https:\/\/enjoycatalonia.com\/ca\/wp-json\/wp\/v2\/product_tag?post=5430"}],"curies":[{"name":"wp","href":"https:\/\/api.w.org\/{rel}","templated":true}]}}