{"id":5473,"date":"2026-04-12T05:02:36","date_gmt":"2026-04-12T03:02:36","guid":{"rendered":"https:\/\/enjoycatalonia.com\/?post_type=product&#038;p=5473"},"modified":"2026-04-12T06:36:08","modified_gmt":"2026-04-12T04:36:08","slug":"cap-de-setmana-als-llacs-del-pirineu-matemale-puyvalador-puigcerda-i-engolasters-copia","status":"publish","type":"product","link":"https:\/\/enjoycatalonia.com\/ca\/valldeboiivaldaran\/","title":{"rendered":"3 dies a la Vall de Bo\u00ed i la Val d&#8217;Aran: naturalesa i rom\u00e0nic en estat pur"},"content":{"rendered":"<div class=\"flex flex-col text-sm pb-25\">\n<section class=\"text-token-text-primary w-full focus:outline-none [--shadow-height:45px] has-data-writing-block:pointer-events-none has-data-writing-block:-mt-(--shadow-height) has-data-writing-block:pt-(--shadow-height) [&amp;:has([data-writing-block])&gt;*]:pointer-events-auto scroll-mt-[calc(var(--header-height)+min(200px,max(70px,20svh)))]\" dir=\"auto\" data-turn-id=\"request-WEB:86285f16-03b8-4964-9588-5defd383cbeb-34\" data-testid=\"conversation-turn-70\" data-scroll-anchor=\"true\" data-turn=\"assistant\">\n<div class=\"text-base my-auto mx-auto pb-10 [--thread-content-margin:var(--thread-content-margin-xs,calc(var(--spacing)*4))] @w-sm\/main:[--thread-content-margin:var(--thread-content-margin-sm,calc(var(--spacing)*6))] @w-lg\/main:[--thread-content-margin:var(--thread-content-margin-lg,calc(var(--spacing)*16))] px-(--thread-content-margin)\">\n<div class=\"[--thread-content-max-width:40rem] @w-lg\/main:[--thread-content-max-width:48rem] mx-auto max-w-(--thread-content-max-width) flex-1 group\/turn-messages focus-visible:outline-hidden relative flex w-full min-w-0 flex-col agent-turn\">\n<div class=\"flex max-w-full flex-col gap-4 grow\">\n<div class=\"min-h-8 text-message relative flex w-full flex-col items-end gap-2 text-start break-words whitespace-normal outline-none keyboard-focused:focus-ring [.text-message+&amp;]:mt-1\" dir=\"auto\" tabindex=\"0\" data-message-author-role=\"assistant\" data-message-id=\"c458f155-c9da-4188-bc79-ae5a59e848a2\" data-message-model-slug=\"gpt-5-3-mini\" data-turn-start-message=\"true\">\n<div class=\"flex w-full flex-col gap-1 empty:hidden\">\n<div class=\"markdown prose dark:prose-invert w-full wrap-break-word light markdown-new-styling\">\n<div class=\"relative basis-auto flex-col -mb-(--composer-overlap-px) pb-(--composer-overlap-px) [--composer-overlap-px:28px] grow flex\">\n<div class=\"flex flex-col text-sm\">\n<section class=\"text-token-text-primary w-full focus:outline-none [--shadow-height:45px] has-data-writing-block:pointer-events-none has-data-writing-block:-mt-(--shadow-height) has-data-writing-block:pt-(--shadow-height) [&amp;:has([data-writing-block])&gt;*]:pointer-events-auto scroll-mt-[calc(var(--header-height)+min(200px,max(70px,20svh)))]\" dir=\"auto\" data-turn-id=\"request-WEB:86285f16-03b8-4964-9588-5defd383cbeb-47\" data-testid=\"conversation-turn-96\" data-scroll-anchor=\"true\" data-turn=\"assistant\">\n<div class=\"text-base my-auto mx-auto pb-10 [--thread-content-margin:var(--thread-content-margin-xs,calc(var(--spacing)*4))] @w-sm\/main:[--thread-content-margin:var(--thread-content-margin-sm,calc(var(--spacing)*6))] @w-lg\/main:[--thread-content-margin:var(--thread-content-margin-lg,calc(var(--spacing)*16))] px-(--thread-content-margin)\">\n<div class=\"[--thread-content-max-width:40rem] @w-lg\/main:[--thread-content-max-width:48rem] mx-auto max-w-(--thread-content-max-width) flex-1 group\/turn-messages focus-visible:outline-hidden relative flex w-full min-w-0 flex-col agent-turn\">\n<div class=\"flex max-w-full flex-col gap-4 grow\">\n<div class=\"min-h-8 text-message relative flex w-full flex-col items-end gap-2 text-start break-words whitespace-normal outline-none keyboard-focused:focus-ring [.text-message+&amp;]:mt-1\" dir=\"auto\" tabindex=\"0\" data-message-author-role=\"assistant\" data-message-id=\"82bb0f6e-eac2-4120-80ea-2438c2a7d89f\" data-message-model-slug=\"gpt-5-3\" data-turn-start-message=\"true\">\n<div class=\"flex w-full flex-col gap-1 empty:hidden\">\n<div class=\"markdown prose dark:prose-invert w-full wrap-break-word light markdown-new-styling\">\n<p data-start=\"0\" data-end=\"63\"><strong data-start=\"0\" data-end=\"63\">3 DIES DE NATURA I ROM\u00c0NIC A LA VALL DE BO\u00cd I LA VAL D\u2019ARAN<\/strong><\/p>\n<p data-start=\"65\" data-end=\"470\">Gaudeix d\u2019una <strong>escapada de 3 dies a la Vall de Bo\u00ed i la Val d\u2019Aran amb allotjament a Vielha i excursions f\u00e0cils al paratge natural de l\u2019Artiga de Lin<\/strong>, fam\u00f3s per les seves cascades, i <strong>al santuari de Montgarri des del Pla de Beret<\/strong>; visites guiades als <strong>principals pobles i esgl\u00e9sies rom\u00e0niques de la Vall de Bo\u00ed<\/strong>; i passejades guiades pels <strong>pobles m\u00e9s bonics de la Val d\u2019Aran: Vielha, Baguergue, Arties<\/strong> i<strong>\u00a0Gar\u00f3s<\/strong>.<\/p>\n<h3 data-section-id=\"3tx9rg\" data-start=\"477\" data-end=\"524\"><span role=\"text\"><strong data-start=\"481\" data-end=\"524\">Dades t\u00e8cniques de les dues excursions:<\/strong><\/span><\/h3>\n<p data-start=\"526\" data-end=\"872\"><strong data-start=\"526\" data-end=\"549\">1- L\u2019Artiga de Lin:<\/strong> accedirem al paratge natural amb taxis-furgoneta des de l\u2019hotel. Un cop all\u00e0, tindrem temps per passejar per l\u2019entorn i gaudir del magn\u00edfic paisatge sense presses. Es tracta d\u2019una zona amb molt poc desnivell i el recorregut, adaptat al ritme i les condicions de cada persona, no presenta dificultats t\u00e8cniques destacables.<\/p>\n<p data-start=\"874\" data-end=\"1167\"><strong data-start=\"874\" data-end=\"947\">2- Ruta circular Pla de Beret \u2013 Santuari de Montgarri \u2013 Pla de Beret:<\/strong> \u00e9s una excursi\u00f3 f\u00e0cil per\u00f2 relativament llarga. Si alg\u00fa no vol o no pot caminar tant, \u00e9s possible quedar-se al Pla de Beret, un paratge natural preci\u00f3s, i gaudir de l\u2019entorn amb passejades adaptades al ritme de cadasc\u00fa.<\/p>\n<p data-start=\"1169\" data-end=\"1276\"><strong data-start=\"1169\" data-end=\"1189\">Dist\u00e0ncia total:<\/strong> 12,6 km (anada i tornada)<br data-start=\"1215\" data-end=\"1218\" \/><strong data-start=\"1218\" data-end=\"1229\">Durada:<\/strong> 3 hores<br data-start=\"1237\" data-end=\"1240\" \/><strong data-start=\"1240\" data-end=\"1263\">Desnivell acumulat:<\/strong> 200 metres<\/p>\n<h3 data-section-id=\"cw2kpf\" data-start=\"1283\" data-end=\"1359\"><span role=\"text\"><strong data-start=\"1287\" data-end=\"1359\">Principals atractius de l\u2019escapada a la Vall de Bo\u00ed i la Val d\u2019Aran:<\/strong><\/span><\/h3>\n<p data-start=\"1361\" data-end=\"1456\"><strong>1-<\/strong> Descobrir un dels conjunts d\u2019esgl\u00e9sies rom\u00e0niques m\u00e9s importants del m\u00f3n a la Vall de Bo\u00ed.<\/p>\n<p data-start=\"1458\" data-end=\"1611\"><strong>2-<\/strong> Gaudir d\u2019un entorn natural \u00fanic, amb excursions f\u00e0cils a dos dels paratges m\u00e9s bells del Pirineu catal\u00e0: l\u2019Artiga de Lin i el santuari de Montgarri.<\/p>\n<p data-start=\"1613\" data-end=\"1747\"><strong>3-<\/strong> Apropar-nos a la fascinant hist\u00f2ria i cultura de la Val d\u2019Aran, un enclavament de llengua i cultura occitana en terres catalanes.<\/p>\n<p data-start=\"1749\" data-end=\"1837\" data-is-last-node=\"\" data-is-only-node=\"\"><strong>4-<\/strong> Reconnectar amb la natura i gaudir de l\u2019estiu lluny de la platja i les aglomeracions.<\/p>\n<\/div>\n<\/div>\n<\/div>\n<\/div>\n<\/div>\n<\/div>\n<\/section>\n<\/div>\n<\/div>\n<\/div>\n<\/div>\n<\/div>\n<\/div>\n<div class=\"z-0 flex min-h-[46px] justify-start\"><\/div>\n<\/div>\n<\/div>\n<\/section>\n<\/div>\n","protected":false},"excerpt":{"rendered":"<p>3 DIES DE NATURA I ROM\u00c0NIC A LA VALL DE BO\u00cd I LA VAL D\u2019ARAN Gaudeix d\u2019una escapada de 3 dies a la Vall de Bo\u00ed i la Val d\u2019Aran amb allotjament a Vielha i excursions f\u00e0cils al paratge natural de l\u2019Artiga de Lin, fam\u00f3s per les seves cascades, i al santuari de Montgarri des [&hellip;]<\/p>\n","protected":false},"featured_media":5486,"template":"","meta":{"_acf_changed":false},"product_brand":[],"product_cat":[63,65],"product_tag":[],"class_list":{"0":"post-5473","1":"product","2":"type-product","3":"status-publish","4":"has-post-thumbnail","6":"product_cat-escapades","7":"product_cat-escapades-espanya","8":"tm-has-options","10":"first","11":"instock","12":"shipping-taxable","13":"purchasable","14":"product-type-simple"},"acf":[],"yoast_head":"<!-- This site is optimized with the Yoast SEO plugin v27.2 - https:\/\/yoast.com\/product\/yoast-seo-wordpress\/ -->\n<title>3 dies a la Vall de Bo\u00ed i la Val d&#039;Aran: naturalesa i rom\u00e0nic en estat pur - Enjoy Catalonia<\/title>\n<meta name=\"robots\" content=\"index, follow, max-snippet:-1, max-image-preview:large, max-video-preview:-1\" \/>\n<link rel=\"canonical\" href=\"https:\/\/enjoycatalonia.com\/ca\/valldeboiivaldaran\/\" \/>\n<meta property=\"og:locale\" content=\"ca_ES\" \/>\n<meta property=\"og:type\" content=\"article\" \/>\n<meta property=\"og:title\" content=\"3 dies a la Vall de Bo\u00ed i la Val d&#039;Aran: naturalesa i rom\u00e0nic en estat pur - Enjoy Catalonia\" \/>\n<meta property=\"og:description\" content=\"3 DIES DE NATURA I ROM\u00c0NIC A LA VALL DE BO\u00cd I LA VAL D\u2019ARAN Gaudeix d\u2019una escapada de 3 dies a la Vall de Bo\u00ed i la Val d\u2019Aran amb allotjament a Vielha i excursions f\u00e0cils al paratge natural de l\u2019Artiga de Lin, fam\u00f3s per les seves cascades, i al santuari de Montgarri des [&hellip;]\" \/>\n<meta property=\"og:url\" content=\"https:\/\/enjoycatalonia.com\/ca\/valldeboiivaldaran\/\" \/>\n<meta property=\"og:site_name\" content=\"Enjoy Catalonia\" \/>\n<meta property=\"article:modified_time\" content=\"2026-04-12T04:36:08+00:00\" \/>\n<meta property=\"og:image\" content=\"https:\/\/enjoycatalonia.com\/wp-content\/uploads\/2026\/04\/asas.jpg\" \/>\n\t<meta property=\"og:image:width\" content=\"2272\" \/>\n\t<meta property=\"og:image:height\" content=\"1704\" \/>\n\t<meta property=\"og:image:type\" content=\"image\/jpeg\" \/>\n<meta name=\"twitter:card\" content=\"summary_large_image\" \/>\n<meta name=\"twitter:label1\" content=\"Temps estimat de lectura\" \/>\n\t<meta name=\"twitter:data1\" content=\"2 minuts\" \/>\n<script type=\"application\/ld+json\" class=\"yoast-schema-graph\">{\"@context\":\"https:\/\/schema.org\",\"@graph\":[{\"@type\":\"WebPage\",\"@id\":\"https:\/\/enjoycatalonia.com\/ca\/valldeboiivaldaran\/\",\"url\":\"https:\/\/enjoycatalonia.com\/ca\/valldeboiivaldaran\/\",\"name\":\"3 dies a la Vall de Bo\u00ed i la Val d'Aran: naturalesa i rom\u00e0nic en estat pur - Enjoy Catalonia\",\"isPartOf\":{\"@id\":\"https:\/\/enjoycatalonia.com\/ca\/#website\"},\"primaryImageOfPage\":{\"@id\":\"https:\/\/enjoycatalonia.com\/ca\/valldeboiivaldaran\/#primaryimage\"},\"image\":{\"@id\":\"https:\/\/enjoycatalonia.com\/ca\/valldeboiivaldaran\/#primaryimage\"},\"thumbnailUrl\":\"https:\/\/enjoycatalonia.com\/wp-content\/uploads\/2026\/04\/asas.jpg\",\"datePublished\":\"2026-04-12T03:02:36+00:00\",\"dateModified\":\"2026-04-12T04:36:08+00:00\",\"breadcrumb\":{\"@id\":\"https:\/\/enjoycatalonia.com\/ca\/valldeboiivaldaran\/#breadcrumb\"},\"inLanguage\":\"ca\",\"potentialAction\":[{\"@type\":\"ReadAction\",\"target\":[\"https:\/\/enjoycatalonia.com\/ca\/valldeboiivaldaran\/\"]}]},{\"@type\":\"ImageObject\",\"inLanguage\":\"ca\",\"@id\":\"https:\/\/enjoycatalonia.com\/ca\/valldeboiivaldaran\/#primaryimage\",\"url\":\"https:\/\/enjoycatalonia.com\/wp-content\/uploads\/2026\/04\/asas.jpg\",\"contentUrl\":\"https:\/\/enjoycatalonia.com\/wp-content\/uploads\/2026\/04\/asas.jpg\",\"width\":2272,\"height\":1704},{\"@type\":\"BreadcrumbList\",\"@id\":\"https:\/\/enjoycatalonia.com\/ca\/valldeboiivaldaran\/#breadcrumb\",\"itemListElement\":[{\"@type\":\"ListItem\",\"position\":1,\"name\":\"Portada\",\"item\":\"https:\/\/enjoycatalonia.com\/ca\/\"},{\"@type\":\"ListItem\",\"position\":2,\"name\":\"Botiga\",\"item\":\"https:\/\/enjoycatalonia.com\/tienda\/\"},{\"@type\":\"ListItem\",\"position\":3,\"name\":\"3 dies a la Vall de Bo\u00ed i la Val d&#8217;Aran: naturalesa i rom\u00e0nic en estat pur\"}]},{\"@type\":\"WebSite\",\"@id\":\"https:\/\/enjoycatalonia.com\/ca\/#website\",\"url\":\"https:\/\/enjoycatalonia.com\/ca\/\",\"name\":\"Enjoy Catalonia\",\"description\":\"\",\"potentialAction\":[{\"@type\":\"SearchAction\",\"target\":{\"@type\":\"EntryPoint\",\"urlTemplate\":\"https:\/\/enjoycatalonia.com\/ca\/?s={search_term_string}\"},\"query-input\":{\"@type\":\"PropertyValueSpecification\",\"valueRequired\":true,\"valueName\":\"search_term_string\"}}],\"inLanguage\":\"ca\"}]}<\/script>\n<!-- \/ Yoast SEO plugin. -->","yoast_head_json":{"title":"3 dies a la Vall de Bo\u00ed i la Val d'Aran: naturalesa i rom\u00e0nic en estat pur - Enjoy Catalonia","robots":{"index":"index","follow":"follow","max-snippet":"max-snippet:-1","max-image-preview":"max-image-preview:large","max-video-preview":"max-video-preview:-1"},"canonical":"https:\/\/enjoycatalonia.com\/ca\/valldeboiivaldaran\/","og_locale":"ca_ES","og_type":"article","og_title":"3 dies a la Vall de Bo\u00ed i la Val d'Aran: naturalesa i rom\u00e0nic en estat pur - Enjoy Catalonia","og_description":"3 DIES DE NATURA I ROM\u00c0NIC A LA VALL DE BO\u00cd I LA VAL D\u2019ARAN Gaudeix d\u2019una escapada de 3 dies a la Vall de Bo\u00ed i la Val d\u2019Aran amb allotjament a Vielha i excursions f\u00e0cils al paratge natural de l\u2019Artiga de Lin, fam\u00f3s per les seves cascades, i al santuari de Montgarri des [&hellip;]","og_url":"https:\/\/enjoycatalonia.com\/ca\/valldeboiivaldaran\/","og_site_name":"Enjoy Catalonia","article_modified_time":"2026-04-12T04:36:08+00:00","og_image":[{"width":2272,"height":1704,"url":"https:\/\/enjoycatalonia.com\/wp-content\/uploads\/2026\/04\/asas.jpg","type":"image\/jpeg"}],"twitter_card":"summary_large_image","twitter_misc":{"Temps estimat de lectura":"2 minuts"},"schema":{"@context":"https:\/\/schema.org","@graph":[{"@type":"WebPage","@id":"https:\/\/enjoycatalonia.com\/ca\/valldeboiivaldaran\/","url":"https:\/\/enjoycatalonia.com\/ca\/valldeboiivaldaran\/","name":"3 dies a la Vall de Bo\u00ed i la Val d'Aran: naturalesa i rom\u00e0nic en estat pur - Enjoy Catalonia","isPartOf":{"@id":"https:\/\/enjoycatalonia.com\/ca\/#website"},"primaryImageOfPage":{"@id":"https:\/\/enjoycatalonia.com\/ca\/valldeboiivaldaran\/#primaryimage"},"image":{"@id":"https:\/\/enjoycatalonia.com\/ca\/valldeboiivaldaran\/#primaryimage"},"thumbnailUrl":"https:\/\/enjoycatalonia.com\/wp-content\/uploads\/2026\/04\/asas.jpg","datePublished":"2026-04-12T03:02:36+00:00","dateModified":"2026-04-12T04:36:08+00:00","breadcrumb":{"@id":"https:\/\/enjoycatalonia.com\/ca\/valldeboiivaldaran\/#breadcrumb"},"inLanguage":"ca","potentialAction":[{"@type":"ReadAction","target":["https:\/\/enjoycatalonia.com\/ca\/valldeboiivaldaran\/"]}]},{"@type":"ImageObject","inLanguage":"ca","@id":"https:\/\/enjoycatalonia.com\/ca\/valldeboiivaldaran\/#primaryimage","url":"https:\/\/enjoycatalonia.com\/wp-content\/uploads\/2026\/04\/asas.jpg","contentUrl":"https:\/\/enjoycatalonia.com\/wp-content\/uploads\/2026\/04\/asas.jpg","width":2272,"height":1704},{"@type":"BreadcrumbList","@id":"https:\/\/enjoycatalonia.com\/ca\/valldeboiivaldaran\/#breadcrumb","itemListElement":[{"@type":"ListItem","position":1,"name":"Portada","item":"https:\/\/enjoycatalonia.com\/ca\/"},{"@type":"ListItem","position":2,"name":"Botiga","item":"https:\/\/enjoycatalonia.com\/tienda\/"},{"@type":"ListItem","position":3,"name":"3 dies a la Vall de Bo\u00ed i la Val d&#8217;Aran: naturalesa i rom\u00e0nic en estat pur"}]},{"@type":"WebSite","@id":"https:\/\/enjoycatalonia.com\/ca\/#website","url":"https:\/\/enjoycatalonia.com\/ca\/","name":"Enjoy Catalonia","description":"","potentialAction":[{"@type":"SearchAction","target":{"@type":"EntryPoint","urlTemplate":"https:\/\/enjoycatalonia.com\/ca\/?s={search_term_string}"},"query-input":{"@type":"PropertyValueSpecification","valueRequired":true,"valueName":"search_term_string"}}],"inLanguage":"ca"}]}},"_links":{"self":[{"href":"https:\/\/enjoycatalonia.com\/ca\/wp-json\/wp\/v2\/product\/5473","targetHints":{"allow":["GET"]}}],"collection":[{"href":"https:\/\/enjoycatalonia.com\/ca\/wp-json\/wp\/v2\/product"}],"about":[{"href":"https:\/\/enjoycatalonia.com\/ca\/wp-json\/wp\/v2\/types\/product"}],"wp:featuredmedia":[{"embeddable":true,"href":"https:\/\/enjoycatalonia.com\/ca\/wp-json\/wp\/v2\/media\/5486"}],"wp:attachment":[{"href":"https:\/\/enjoycatalonia.com\/ca\/wp-json\/wp\/v2\/media?parent=5473"}],"wp:term":[{"taxonomy":"product_brand","embeddable":true,"href":"https:\/\/enjoycatalonia.com\/ca\/wp-json\/wp\/v2\/product_brand?post=5473"},{"taxonomy":"product_cat","embeddable":true,"href":"https:\/\/enjoycatalonia.com\/ca\/wp-json\/wp\/v2\/product_cat?post=5473"},{"taxonomy":"product_tag","embeddable":true,"href":"https:\/\/enjoycatalonia.com\/ca\/wp-json\/wp\/v2\/product_tag?post=5473"}],"curies":[{"name":"wp","href":"https:\/\/api.w.org\/{rel}","templated":true}]}}