{"id":5633,"date":"2026-04-27T11:04:53","date_gmt":"2026-04-27T09:04:53","guid":{"rendered":"https:\/\/enjoycatalonia.com\/?post_type=product&#038;p=5633"},"modified":"2026-04-27T13:35:51","modified_gmt":"2026-04-27T11:35:51","slug":"navarraipaisbascfrances","status":"publish","type":"product","link":"https:\/\/enjoycatalonia.com\/ca\/tours\/navarraipaisbascfrances\/","title":{"rendered":"4 dies a Navarra i el Pa\u00eds Basc franc\u00e8s: de les valls del Baztan i Salazar fins al Tren de La Rhune"},"content":{"rendered":"<p data-start=\"0\" data-end=\"584\">Gaudeix de l\u2019estiu amb un <strong>espectacular viatge de 4 dies<\/strong> (en autocar privat des de Barcelona) a <strong>Navarra i el Pa\u00eds Basc franc\u00e8s<\/strong> que ens permetr\u00e0 gaudir de les verdes <strong>valls del Baztan i Salazar<\/strong>, al Pirineu, i dels seus pobles de postal; passejar pels <strong>Jardins del Senyoriu de Bertiz<\/strong>, la petita Ven\u00e8cia navarresa; visitar <strong>Saint Jean de Luz<\/strong>, el poble m\u00e9s bonic de la costa basca francesa; descobrir els encants de <strong>Pamplona<\/strong>, la capital navarresa; i gaudir d\u2019un espectacular <strong>recorregut panor\u00e0mic amb el fam\u00f3s Tren de La Rhune<\/strong>, un cremallera que ens permetr\u00e0 contemplar les millors panor\u00e0miques de la costa basca i del Pirineu.<\/p>\n<p data-start=\"586\" data-end=\"707\">Una escapada molt completa amb <strong>allotjament en un c\u00e8ntric i confortable hotel de 4 estrelles de Pamplona<\/strong> que ens permetr\u00e0:<\/p>\n<p data-start=\"709\" data-end=\"850\"><strong>\u2013 Gaudir d\u2019un espectacular recorregut amb el tren-cremallera de La Rhune<\/strong> (Fran\u00e7a), amb vistes impressionants del Pirineu i de la costa basca.<\/p>\n<p data-start=\"852\" data-end=\"1025\"><strong>\u2013 Passejar pel bell i misteri\u00f3s Vall del Baztan<\/strong>, on la bellesa del paisatge i dels seus pobles conviu amb els secrets que van inspirar la famosa trilogia de Dolores Redondo.<\/p>\n<p data-start=\"1027\" data-end=\"1299\">Al llarg del dia, i sense moure\u2019ns de la vall \u2014tot queda a prop\u2014, visitarem el <strong>Jard\u00ed del Senyoriu de Bertiz<\/strong>, conegut com la petita Ven\u00e8cia navarresa; <strong>Irurita<\/strong>, un encantador poblet de muntanya; <strong>Urdax<\/strong>, el poble m\u00e9s bonic de la vall; i <strong>Elizondo<\/strong>, la bonica capital del Baztan.<\/p>\n<p data-start=\"1301\" data-end=\"1439\">\u2013 Descobrir la verda <strong>vall de Salazar<\/strong> i passejar pels carrers d\u2019<strong>Ochagav\u00eda<\/strong>, considerat per molts com el poble m\u00e9s bonic del Pirineu navarr\u00e8s.<\/p>\n<p data-start=\"1441\" data-end=\"1523\">\u2013 Visitar <strong>Saint Jean de Luz<\/strong> (Fran\u00e7a), un dels pobles m\u00e9s bonics de la costa basca.<\/p>\n<p data-start=\"1525\" data-end=\"1691\">\u2013 Descobrir els secrets de <strong>Pamplona<\/strong> amb diversos passejos guiats pel casc antic de la ciutat i gaudir dels sabors i els colors de la sempre animada capital navarresa.<\/p>\n<p data-start=\"1693\" data-end=\"1859\" data-is-last-node=\"\" data-is-only-node=\"\">\u2013 Visitar <strong>Olite<\/strong>, un preci\u00f3s monumental de carrers empedrats, nobles casalots, galeries medievals, espl\u00e8ndides esgl\u00e9sies i el castell medieval m\u00e9s impressionant de Navarra.<\/p>\n","protected":false},"excerpt":{"rendered":"<p>Gaudeix de l\u2019estiu amb un espectacular viatge de 4 dies (en autocar privat des de Barcelona) a Navarra i el Pa\u00eds Basc franc\u00e8s que ens permetr\u00e0 gaudir de les verdes valls del Baztan i Salazar, al Pirineu, i dels seus pobles de postal; passejar pels Jardins del Senyoriu de Bertiz, la petita Ven\u00e8cia navarresa; visitar [&hellip;]<\/p>\n","protected":false},"featured_media":5647,"template":"","meta":{"_acf_changed":false},"product_brand":[],"product_cat":[63,65,64,70],"product_tag":[],"class_list":{"0":"post-5633","1":"product","2":"type-product","3":"status-publish","4":"has-post-thumbnail","6":"product_cat-escapades","7":"product_cat-escapades-espanya","8":"product_cat-escapades-franca","9":"product_cat-viatges","10":"tm-has-options","12":"first","13":"instock","14":"shipping-taxable","15":"purchasable","16":"product-type-simple"},"acf":[],"yoast_head":"<!-- This site is optimized with the Yoast SEO plugin v27.2 - https:\/\/yoast.com\/product\/yoast-seo-wordpress\/ -->\n<title>4 dies a Navarra i el Pa\u00eds Basc franc\u00e8s: de les valls del Baztan i Salazar fins al Tren de La Rhune - Enjoy Catalonia<\/title>\n<meta name=\"robots\" content=\"index, follow, max-snippet:-1, max-image-preview:large, max-video-preview:-1\" \/>\n<link rel=\"canonical\" href=\"https:\/\/enjoycatalonia.com\/ca\/tours\/navarraipaisbascfrances\/\" \/>\n<meta property=\"og:locale\" content=\"ca_ES\" \/>\n<meta property=\"og:type\" content=\"article\" \/>\n<meta property=\"og:title\" content=\"4 dies a Navarra i el Pa\u00eds Basc franc\u00e8s: de les valls del Baztan i Salazar fins al Tren de La Rhune - Enjoy Catalonia\" \/>\n<meta property=\"og:description\" content=\"Gaudeix de l\u2019estiu amb un espectacular viatge de 4 dies (en autocar privat des de Barcelona) a Navarra i el Pa\u00eds Basc franc\u00e8s que ens permetr\u00e0 gaudir de les verdes valls del Baztan i Salazar, al Pirineu, i dels seus pobles de postal; passejar pels Jardins del Senyoriu de Bertiz, la petita Ven\u00e8cia navarresa; visitar [&hellip;]\" \/>\n<meta property=\"og:url\" content=\"https:\/\/enjoycatalonia.com\/ca\/tours\/navarraipaisbascfrances\/\" \/>\n<meta property=\"og:site_name\" content=\"Enjoy Catalonia\" \/>\n<meta property=\"article:modified_time\" content=\"2026-04-27T11:35:51+00:00\" \/>\n<meta property=\"og:image\" content=\"https:\/\/enjoycatalonia.com\/wp-content\/uploads\/2026\/04\/as-1.jpg\" \/>\n\t<meta property=\"og:image:width\" content=\"2000\" \/>\n\t<meta property=\"og:image:height\" content=\"1331\" \/>\n\t<meta property=\"og:image:type\" content=\"image\/jpeg\" \/>\n<meta name=\"twitter:card\" content=\"summary_large_image\" \/>\n<meta name=\"twitter:label1\" content=\"Temps estimat de lectura\" \/>\n\t<meta name=\"twitter:data1\" content=\"2 minuts\" \/>\n<script type=\"application\/ld+json\" class=\"yoast-schema-graph\">{\"@context\":\"https:\/\/schema.org\",\"@graph\":[{\"@type\":\"WebPage\",\"@id\":\"https:\/\/enjoycatalonia.com\/ca\/tours\/navarraipaisbascfrances\/\",\"url\":\"https:\/\/enjoycatalonia.com\/ca\/tours\/navarraipaisbascfrances\/\",\"name\":\"4 dies a Navarra i el Pa\u00eds Basc franc\u00e8s: de les valls del Baztan i Salazar fins al Tren de La Rhune - Enjoy Catalonia\",\"isPartOf\":{\"@id\":\"https:\/\/enjoycatalonia.com\/ca\/#website\"},\"primaryImageOfPage\":{\"@id\":\"https:\/\/enjoycatalonia.com\/ca\/tours\/navarraipaisbascfrances\/#primaryimage\"},\"image\":{\"@id\":\"https:\/\/enjoycatalonia.com\/ca\/tours\/navarraipaisbascfrances\/#primaryimage\"},\"thumbnailUrl\":\"https:\/\/enjoycatalonia.com\/wp-content\/uploads\/2026\/04\/as-1.jpg\",\"datePublished\":\"2026-04-27T09:04:53+00:00\",\"dateModified\":\"2026-04-27T11:35:51+00:00\",\"breadcrumb\":{\"@id\":\"https:\/\/enjoycatalonia.com\/ca\/tours\/navarraipaisbascfrances\/#breadcrumb\"},\"inLanguage\":\"ca\",\"potentialAction\":[{\"@type\":\"ReadAction\",\"target\":[\"https:\/\/enjoycatalonia.com\/ca\/tours\/navarraipaisbascfrances\/\"]}]},{\"@type\":\"ImageObject\",\"inLanguage\":\"ca\",\"@id\":\"https:\/\/enjoycatalonia.com\/ca\/tours\/navarraipaisbascfrances\/#primaryimage\",\"url\":\"https:\/\/enjoycatalonia.com\/wp-content\/uploads\/2026\/04\/as-1.jpg\",\"contentUrl\":\"https:\/\/enjoycatalonia.com\/wp-content\/uploads\/2026\/04\/as-1.jpg\",\"width\":2000,\"height\":1331},{\"@type\":\"BreadcrumbList\",\"@id\":\"https:\/\/enjoycatalonia.com\/ca\/tours\/navarraipaisbascfrances\/#breadcrumb\",\"itemListElement\":[{\"@type\":\"ListItem\",\"position\":1,\"name\":\"Portada\",\"item\":\"https:\/\/enjoycatalonia.com\/ca\/\"},{\"@type\":\"ListItem\",\"position\":2,\"name\":\"Botiga\",\"item\":\"https:\/\/enjoycatalonia.com\/tienda\/\"},{\"@type\":\"ListItem\",\"position\":3,\"name\":\"4 dies a Navarra i el Pa\u00eds Basc franc\u00e8s: de les valls del Baztan i Salazar fins al Tren de La Rhune\"}]},{\"@type\":\"WebSite\",\"@id\":\"https:\/\/enjoycatalonia.com\/ca\/#website\",\"url\":\"https:\/\/enjoycatalonia.com\/ca\/\",\"name\":\"Enjoy Catalonia\",\"description\":\"\",\"potentialAction\":[{\"@type\":\"SearchAction\",\"target\":{\"@type\":\"EntryPoint\",\"urlTemplate\":\"https:\/\/enjoycatalonia.com\/ca\/?s={search_term_string}\"},\"query-input\":{\"@type\":\"PropertyValueSpecification\",\"valueRequired\":true,\"valueName\":\"search_term_string\"}}],\"inLanguage\":\"ca\"}]}<\/script>\n<!-- \/ Yoast SEO plugin. -->","yoast_head_json":{"title":"4 dies a Navarra i el Pa\u00eds Basc franc\u00e8s: de les valls del Baztan i Salazar fins al Tren de La Rhune - Enjoy Catalonia","robots":{"index":"index","follow":"follow","max-snippet":"max-snippet:-1","max-image-preview":"max-image-preview:large","max-video-preview":"max-video-preview:-1"},"canonical":"https:\/\/enjoycatalonia.com\/ca\/tours\/navarraipaisbascfrances\/","og_locale":"ca_ES","og_type":"article","og_title":"4 dies a Navarra i el Pa\u00eds Basc franc\u00e8s: de les valls del Baztan i Salazar fins al Tren de La Rhune - Enjoy Catalonia","og_description":"Gaudeix de l\u2019estiu amb un espectacular viatge de 4 dies (en autocar privat des de Barcelona) a Navarra i el Pa\u00eds Basc franc\u00e8s que ens permetr\u00e0 gaudir de les verdes valls del Baztan i Salazar, al Pirineu, i dels seus pobles de postal; passejar pels Jardins del Senyoriu de Bertiz, la petita Ven\u00e8cia navarresa; visitar [&hellip;]","og_url":"https:\/\/enjoycatalonia.com\/ca\/tours\/navarraipaisbascfrances\/","og_site_name":"Enjoy Catalonia","article_modified_time":"2026-04-27T11:35:51+00:00","og_image":[{"width":2000,"height":1331,"url":"https:\/\/enjoycatalonia.com\/wp-content\/uploads\/2026\/04\/as-1.jpg","type":"image\/jpeg"}],"twitter_card":"summary_large_image","twitter_misc":{"Temps estimat de lectura":"2 minuts"},"schema":{"@context":"https:\/\/schema.org","@graph":[{"@type":"WebPage","@id":"https:\/\/enjoycatalonia.com\/ca\/tours\/navarraipaisbascfrances\/","url":"https:\/\/enjoycatalonia.com\/ca\/tours\/navarraipaisbascfrances\/","name":"4 dies a Navarra i el Pa\u00eds Basc franc\u00e8s: de les valls del Baztan i Salazar fins al Tren de La Rhune - Enjoy Catalonia","isPartOf":{"@id":"https:\/\/enjoycatalonia.com\/ca\/#website"},"primaryImageOfPage":{"@id":"https:\/\/enjoycatalonia.com\/ca\/tours\/navarraipaisbascfrances\/#primaryimage"},"image":{"@id":"https:\/\/enjoycatalonia.com\/ca\/tours\/navarraipaisbascfrances\/#primaryimage"},"thumbnailUrl":"https:\/\/enjoycatalonia.com\/wp-content\/uploads\/2026\/04\/as-1.jpg","datePublished":"2026-04-27T09:04:53+00:00","dateModified":"2026-04-27T11:35:51+00:00","breadcrumb":{"@id":"https:\/\/enjoycatalonia.com\/ca\/tours\/navarraipaisbascfrances\/#breadcrumb"},"inLanguage":"ca","potentialAction":[{"@type":"ReadAction","target":["https:\/\/enjoycatalonia.com\/ca\/tours\/navarraipaisbascfrances\/"]}]},{"@type":"ImageObject","inLanguage":"ca","@id":"https:\/\/enjoycatalonia.com\/ca\/tours\/navarraipaisbascfrances\/#primaryimage","url":"https:\/\/enjoycatalonia.com\/wp-content\/uploads\/2026\/04\/as-1.jpg","contentUrl":"https:\/\/enjoycatalonia.com\/wp-content\/uploads\/2026\/04\/as-1.jpg","width":2000,"height":1331},{"@type":"BreadcrumbList","@id":"https:\/\/enjoycatalonia.com\/ca\/tours\/navarraipaisbascfrances\/#breadcrumb","itemListElement":[{"@type":"ListItem","position":1,"name":"Portada","item":"https:\/\/enjoycatalonia.com\/ca\/"},{"@type":"ListItem","position":2,"name":"Botiga","item":"https:\/\/enjoycatalonia.com\/tienda\/"},{"@type":"ListItem","position":3,"name":"4 dies a Navarra i el Pa\u00eds Basc franc\u00e8s: de les valls del Baztan i Salazar fins al Tren de La Rhune"}]},{"@type":"WebSite","@id":"https:\/\/enjoycatalonia.com\/ca\/#website","url":"https:\/\/enjoycatalonia.com\/ca\/","name":"Enjoy Catalonia","description":"","potentialAction":[{"@type":"SearchAction","target":{"@type":"EntryPoint","urlTemplate":"https:\/\/enjoycatalonia.com\/ca\/?s={search_term_string}"},"query-input":{"@type":"PropertyValueSpecification","valueRequired":true,"valueName":"search_term_string"}}],"inLanguage":"ca"}]}},"_links":{"self":[{"href":"https:\/\/enjoycatalonia.com\/ca\/wp-json\/wp\/v2\/product\/5633","targetHints":{"allow":["GET"]}}],"collection":[{"href":"https:\/\/enjoycatalonia.com\/ca\/wp-json\/wp\/v2\/product"}],"about":[{"href":"https:\/\/enjoycatalonia.com\/ca\/wp-json\/wp\/v2\/types\/product"}],"wp:featuredmedia":[{"embeddable":true,"href":"https:\/\/enjoycatalonia.com\/ca\/wp-json\/wp\/v2\/media\/5647"}],"wp:attachment":[{"href":"https:\/\/enjoycatalonia.com\/ca\/wp-json\/wp\/v2\/media?parent=5633"}],"wp:term":[{"taxonomy":"product_brand","embeddable":true,"href":"https:\/\/enjoycatalonia.com\/ca\/wp-json\/wp\/v2\/product_brand?post=5633"},{"taxonomy":"product_cat","embeddable":true,"href":"https:\/\/enjoycatalonia.com\/ca\/wp-json\/wp\/v2\/product_cat?post=5633"},{"taxonomy":"product_tag","embeddable":true,"href":"https:\/\/enjoycatalonia.com\/ca\/wp-json\/wp\/v2\/product_tag?post=5633"}],"curies":[{"name":"wp","href":"https:\/\/api.w.org\/{rel}","templated":true}]}}