{"id":3461,"date":"2026-02-05T11:38:55","date_gmt":"2026-02-05T10:38:55","guid":{"rendered":"https:\/\/enjoycatalonia.com\/tours\/weekend-in-the-eastern-pyrenees-nuria-valley-niu-de-laliga-queralt-sanctuary-and-la-cerdanya\/"},"modified":"2026-02-27T09:19:18","modified_gmt":"2026-02-27T08:19:18","slug":"weekend-in-the-eastern-pyrenees-nuria-valley-niu-de-laliga-queralt-sanctuary-and-la-cerdanya","status":"publish","type":"product","link":"https:\/\/enjoycatalonia.com\/en\/tours\/weekend-in-the-eastern-pyrenees-nuria-valley-niu-de-laliga-queralt-sanctuary-and-la-cerdanya\/","title":{"rendered":"Weekend in the Eastern Pyrenees: Nuria valley, Niu de l&#8217;\u00c0liga, Queralt sanctuary and La Cerdanya"},"content":{"rendered":"<p style=\"text-align: justify;\">Enjoy a <strong>full weekend in the high mountains of the Eastern Pyrenees<\/strong> (in the regions of La Cerdanya and El Ripoll\u00e8s) to explore <strong>the Vall de N\u00faria and Pic de l&#8217;\u00c0liga<\/strong> ; take the <strong>cable car<\/strong> up to the <strong><em>Niu de l&#8217;\u00c0liga refuge,<\/em><\/strong> the highest in Catalonia, to admire one of the best panoramic views of the Catalan Pyrenees; visit <strong>Queralbs<\/strong> and <strong>Planoles<\/strong> , two beautiful and picturesque mountain villages; visit Puigcerd\u00e0 and enjoy its beautiful lake. We will also visit the <strong>Queralt sanctuary<\/strong> , known as the balcony of Catalonia for its magnificent views.<\/p>\n<p style=\"text-align: justify;\">We stayed in a hotel with a swimming pool in <strong>La Masella<\/strong> on a half-board basis (breakfast and dinner) and were always accompanied by an official guide who knew the area well.<\/p>\n<p><strong>An ideal weekend to relax, reconnect with nature and enjoy the summer away from the beach and crowds. <\/strong><\/p>\n","protected":false},"excerpt":{"rendered":"<p>Enjoy a full weekend in the high mountains of the Eastern Pyrenees (in the regions of La Cerdanya and El Ripoll\u00e8s) to explore the Vall de N\u00faria and Pic de l&#8217;\u00c0liga ; take the cable car up to the Niu de l&#8217;\u00c0liga refuge, the highest in Catalonia, to admire one of the best panoramic views [&hellip;]<\/p>\n","protected":false},"featured_media":3462,"template":"","meta":{"_acf_changed":false},"product_brand":[],"product_cat":[60],"product_tag":[],"class_list":{"0":"post-3461","1":"product","2":"type-product","3":"status-publish","4":"has-post-thumbnail","6":"product_cat-past-trips","7":"tm-has-options","9":"first","10":"instock","11":"shipping-taxable","12":"product-type-simple"},"acf":[],"yoast_head":"<!-- This site is optimized with the Yoast SEO plugin v27.2 - https:\/\/yoast.com\/product\/yoast-seo-wordpress\/ -->\n<title>Weekend in the Eastern Pyrenees: Nuria valley, Niu de l&#039;\u00c0liga, Queralt sanctuary and La Cerdanya - Enjoy Catalonia<\/title>\n<meta name=\"robots\" content=\"index, follow, max-snippet:-1, max-image-preview:large, max-video-preview:-1\" \/>\n<link rel=\"canonical\" href=\"https:\/\/enjoycatalonia.com\/en\/tours\/weekend-in-the-eastern-pyrenees-nuria-valley-niu-de-laliga-queralt-sanctuary-and-la-cerdanya\/\" \/>\n<meta property=\"og:locale\" content=\"en_US\" \/>\n<meta property=\"og:type\" content=\"article\" \/>\n<meta property=\"og:title\" content=\"Weekend in the Eastern Pyrenees: Nuria valley, Niu de l&#039;\u00c0liga, Queralt sanctuary and La Cerdanya - Enjoy Catalonia\" \/>\n<meta property=\"og:description\" content=\"Enjoy a full weekend in the high mountains of the Eastern Pyrenees (in the regions of La Cerdanya and El Ripoll\u00e8s) to explore the Vall de N\u00faria and Pic de l&#8217;\u00c0liga ; take the cable car up to the Niu de l&#8217;\u00c0liga refuge, the highest in Catalonia, to admire one of the best panoramic views [&hellip;]\" \/>\n<meta property=\"og:url\" content=\"https:\/\/enjoycatalonia.com\/en\/tours\/weekend-in-the-eastern-pyrenees-nuria-valley-niu-de-laliga-queralt-sanctuary-and-la-cerdanya\/\" \/>\n<meta property=\"og:site_name\" content=\"Enjoy Catalonia\" \/>\n<meta property=\"article:modified_time\" content=\"2026-02-27T08:19:18+00:00\" \/>\n<meta property=\"og:image\" content=\"https:\/\/enjoycatalonia.com\/wp-content\/uploads\/2026\/02\/adobestock-237400136_a056ec93_250701141853_1200x630.jpg\" \/>\n\t<meta property=\"og:image:width\" content=\"1500\" \/>\n\t<meta property=\"og:image:height\" content=\"945\" \/>\n\t<meta property=\"og:image:type\" content=\"image\/jpeg\" \/>\n<meta name=\"twitter:card\" content=\"summary_large_image\" \/>\n<meta name=\"twitter:label1\" content=\"Est. reading time\" \/>\n\t<meta name=\"twitter:data1\" content=\"1 minute\" \/>\n<script type=\"application\/ld+json\" class=\"yoast-schema-graph\">{\"@context\":\"https:\/\/schema.org\",\"@graph\":[{\"@type\":\"WebPage\",\"@id\":\"https:\/\/enjoycatalonia.com\/en\/tours\/weekend-in-the-eastern-pyrenees-nuria-valley-niu-de-laliga-queralt-sanctuary-and-la-cerdanya\/\",\"url\":\"https:\/\/enjoycatalonia.com\/en\/tours\/weekend-in-the-eastern-pyrenees-nuria-valley-niu-de-laliga-queralt-sanctuary-and-la-cerdanya\/\",\"name\":\"Weekend in the Eastern Pyrenees: Nuria valley, Niu de l'\u00c0liga, Queralt sanctuary and La Cerdanya - Enjoy Catalonia\",\"isPartOf\":{\"@id\":\"https:\/\/enjoycatalonia.com\/en\/#website\"},\"primaryImageOfPage\":{\"@id\":\"https:\/\/enjoycatalonia.com\/en\/tours\/weekend-in-the-eastern-pyrenees-nuria-valley-niu-de-laliga-queralt-sanctuary-and-la-cerdanya\/#primaryimage\"},\"image\":{\"@id\":\"https:\/\/enjoycatalonia.com\/en\/tours\/weekend-in-the-eastern-pyrenees-nuria-valley-niu-de-laliga-queralt-sanctuary-and-la-cerdanya\/#primaryimage\"},\"thumbnailUrl\":\"https:\/\/enjoycatalonia.com\/wp-content\/uploads\/2026\/02\/adobestock-237400136_a056ec93_250701141853_1200x630.jpg\",\"datePublished\":\"2026-02-05T10:38:55+00:00\",\"dateModified\":\"2026-02-27T08:19:18+00:00\",\"breadcrumb\":{\"@id\":\"https:\/\/enjoycatalonia.com\/en\/tours\/weekend-in-the-eastern-pyrenees-nuria-valley-niu-de-laliga-queralt-sanctuary-and-la-cerdanya\/#breadcrumb\"},\"inLanguage\":\"en-US\",\"potentialAction\":[{\"@type\":\"ReadAction\",\"target\":[\"https:\/\/enjoycatalonia.com\/en\/tours\/weekend-in-the-eastern-pyrenees-nuria-valley-niu-de-laliga-queralt-sanctuary-and-la-cerdanya\/\"]}]},{\"@type\":\"ImageObject\",\"inLanguage\":\"en-US\",\"@id\":\"https:\/\/enjoycatalonia.com\/en\/tours\/weekend-in-the-eastern-pyrenees-nuria-valley-niu-de-laliga-queralt-sanctuary-and-la-cerdanya\/#primaryimage\",\"url\":\"https:\/\/enjoycatalonia.com\/wp-content\/uploads\/2026\/02\/adobestock-237400136_a056ec93_250701141853_1200x630.jpg\",\"contentUrl\":\"https:\/\/enjoycatalonia.com\/wp-content\/uploads\/2026\/02\/adobestock-237400136_a056ec93_250701141853_1200x630.jpg\",\"width\":1500,\"height\":945},{\"@type\":\"BreadcrumbList\",\"@id\":\"https:\/\/enjoycatalonia.com\/en\/tours\/weekend-in-the-eastern-pyrenees-nuria-valley-niu-de-laliga-queralt-sanctuary-and-la-cerdanya\/#breadcrumb\",\"itemListElement\":[{\"@type\":\"ListItem\",\"position\":1,\"name\":\"Portada\",\"item\":\"https:\/\/enjoycatalonia.com\/en\/\"},{\"@type\":\"ListItem\",\"position\":2,\"name\":\"Shop\",\"item\":\"https:\/\/enjoycatalonia.com\/tienda\/\"},{\"@type\":\"ListItem\",\"position\":3,\"name\":\"Weekend in the Eastern Pyrenees: Nuria valley, Niu de l&#8217;\u00c0liga, Queralt sanctuary and La Cerdanya\"}]},{\"@type\":\"WebSite\",\"@id\":\"https:\/\/enjoycatalonia.com\/en\/#website\",\"url\":\"https:\/\/enjoycatalonia.com\/en\/\",\"name\":\"Enjoy Catalonia\",\"description\":\"\",\"potentialAction\":[{\"@type\":\"SearchAction\",\"target\":{\"@type\":\"EntryPoint\",\"urlTemplate\":\"https:\/\/enjoycatalonia.com\/en\/?s={search_term_string}\"},\"query-input\":{\"@type\":\"PropertyValueSpecification\",\"valueRequired\":true,\"valueName\":\"search_term_string\"}}],\"inLanguage\":\"en-US\"}]}<\/script>\n<!-- \/ Yoast SEO plugin. -->","yoast_head_json":{"title":"Weekend in the Eastern Pyrenees: Nuria valley, Niu de l'\u00c0liga, Queralt sanctuary and La Cerdanya - Enjoy Catalonia","robots":{"index":"index","follow":"follow","max-snippet":"max-snippet:-1","max-image-preview":"max-image-preview:large","max-video-preview":"max-video-preview:-1"},"canonical":"https:\/\/enjoycatalonia.com\/en\/tours\/weekend-in-the-eastern-pyrenees-nuria-valley-niu-de-laliga-queralt-sanctuary-and-la-cerdanya\/","og_locale":"en_US","og_type":"article","og_title":"Weekend in the Eastern Pyrenees: Nuria valley, Niu de l'\u00c0liga, Queralt sanctuary and La Cerdanya - Enjoy Catalonia","og_description":"Enjoy a full weekend in the high mountains of the Eastern Pyrenees (in the regions of La Cerdanya and El Ripoll\u00e8s) to explore the Vall de N\u00faria and Pic de l&#8217;\u00c0liga ; take the cable car up to the Niu de l&#8217;\u00c0liga refuge, the highest in Catalonia, to admire one of the best panoramic views [&hellip;]","og_url":"https:\/\/enjoycatalonia.com\/en\/tours\/weekend-in-the-eastern-pyrenees-nuria-valley-niu-de-laliga-queralt-sanctuary-and-la-cerdanya\/","og_site_name":"Enjoy Catalonia","article_modified_time":"2026-02-27T08:19:18+00:00","og_image":[{"width":1500,"height":945,"url":"https:\/\/enjoycatalonia.com\/wp-content\/uploads\/2026\/02\/adobestock-237400136_a056ec93_250701141853_1200x630.jpg","type":"image\/jpeg"}],"twitter_card":"summary_large_image","twitter_misc":{"Est. reading time":"1 minute"},"schema":{"@context":"https:\/\/schema.org","@graph":[{"@type":"WebPage","@id":"https:\/\/enjoycatalonia.com\/en\/tours\/weekend-in-the-eastern-pyrenees-nuria-valley-niu-de-laliga-queralt-sanctuary-and-la-cerdanya\/","url":"https:\/\/enjoycatalonia.com\/en\/tours\/weekend-in-the-eastern-pyrenees-nuria-valley-niu-de-laliga-queralt-sanctuary-and-la-cerdanya\/","name":"Weekend in the Eastern Pyrenees: Nuria valley, Niu de l'\u00c0liga, Queralt sanctuary and La Cerdanya - Enjoy Catalonia","isPartOf":{"@id":"https:\/\/enjoycatalonia.com\/en\/#website"},"primaryImageOfPage":{"@id":"https:\/\/enjoycatalonia.com\/en\/tours\/weekend-in-the-eastern-pyrenees-nuria-valley-niu-de-laliga-queralt-sanctuary-and-la-cerdanya\/#primaryimage"},"image":{"@id":"https:\/\/enjoycatalonia.com\/en\/tours\/weekend-in-the-eastern-pyrenees-nuria-valley-niu-de-laliga-queralt-sanctuary-and-la-cerdanya\/#primaryimage"},"thumbnailUrl":"https:\/\/enjoycatalonia.com\/wp-content\/uploads\/2026\/02\/adobestock-237400136_a056ec93_250701141853_1200x630.jpg","datePublished":"2026-02-05T10:38:55+00:00","dateModified":"2026-02-27T08:19:18+00:00","breadcrumb":{"@id":"https:\/\/enjoycatalonia.com\/en\/tours\/weekend-in-the-eastern-pyrenees-nuria-valley-niu-de-laliga-queralt-sanctuary-and-la-cerdanya\/#breadcrumb"},"inLanguage":"en-US","potentialAction":[{"@type":"ReadAction","target":["https:\/\/enjoycatalonia.com\/en\/tours\/weekend-in-the-eastern-pyrenees-nuria-valley-niu-de-laliga-queralt-sanctuary-and-la-cerdanya\/"]}]},{"@type":"ImageObject","inLanguage":"en-US","@id":"https:\/\/enjoycatalonia.com\/en\/tours\/weekend-in-the-eastern-pyrenees-nuria-valley-niu-de-laliga-queralt-sanctuary-and-la-cerdanya\/#primaryimage","url":"https:\/\/enjoycatalonia.com\/wp-content\/uploads\/2026\/02\/adobestock-237400136_a056ec93_250701141853_1200x630.jpg","contentUrl":"https:\/\/enjoycatalonia.com\/wp-content\/uploads\/2026\/02\/adobestock-237400136_a056ec93_250701141853_1200x630.jpg","width":1500,"height":945},{"@type":"BreadcrumbList","@id":"https:\/\/enjoycatalonia.com\/en\/tours\/weekend-in-the-eastern-pyrenees-nuria-valley-niu-de-laliga-queralt-sanctuary-and-la-cerdanya\/#breadcrumb","itemListElement":[{"@type":"ListItem","position":1,"name":"Portada","item":"https:\/\/enjoycatalonia.com\/en\/"},{"@type":"ListItem","position":2,"name":"Shop","item":"https:\/\/enjoycatalonia.com\/tienda\/"},{"@type":"ListItem","position":3,"name":"Weekend in the Eastern Pyrenees: Nuria valley, Niu de l&#8217;\u00c0liga, Queralt sanctuary and La Cerdanya"}]},{"@type":"WebSite","@id":"https:\/\/enjoycatalonia.com\/en\/#website","url":"https:\/\/enjoycatalonia.com\/en\/","name":"Enjoy Catalonia","description":"","potentialAction":[{"@type":"SearchAction","target":{"@type":"EntryPoint","urlTemplate":"https:\/\/enjoycatalonia.com\/en\/?s={search_term_string}"},"query-input":{"@type":"PropertyValueSpecification","valueRequired":true,"valueName":"search_term_string"}}],"inLanguage":"en-US"}]}},"_links":{"self":[{"href":"https:\/\/enjoycatalonia.com\/en\/wp-json\/wp\/v2\/product\/3461","targetHints":{"allow":["GET"]}}],"collection":[{"href":"https:\/\/enjoycatalonia.com\/en\/wp-json\/wp\/v2\/product"}],"about":[{"href":"https:\/\/enjoycatalonia.com\/en\/wp-json\/wp\/v2\/types\/product"}],"wp:featuredmedia":[{"embeddable":true,"href":"https:\/\/enjoycatalonia.com\/en\/wp-json\/wp\/v2\/media\/3462"}],"wp:attachment":[{"href":"https:\/\/enjoycatalonia.com\/en\/wp-json\/wp\/v2\/media?parent=3461"}],"wp:term":[{"taxonomy":"product_brand","embeddable":true,"href":"https:\/\/enjoycatalonia.com\/en\/wp-json\/wp\/v2\/product_brand?post=3461"},{"taxonomy":"product_cat","embeddable":true,"href":"https:\/\/enjoycatalonia.com\/en\/wp-json\/wp\/v2\/product_cat?post=3461"},{"taxonomy":"product_tag","embeddable":true,"href":"https:\/\/enjoycatalonia.com\/en\/wp-json\/wp\/v2\/product_tag?post=3461"}],"curies":[{"name":"wp","href":"https:\/\/api.w.org\/{rel}","templated":true}]}}