{"id":3570,"date":"2026-02-09T11:15:33","date_gmt":"2026-02-09T10:15:33","guid":{"rendered":"https:\/\/enjoycatalonia.com\/tours\/weekend-in-the-vall-de-boi-nature-and-romanesque-in-its-purest-form\/"},"modified":"2026-03-03T10:02:12","modified_gmt":"2026-03-03T09:02:12","slug":"weekend-in-the-vall-de-boi-nature-and-romanesque-in-its-purest-form","status":"publish","type":"product","link":"https:\/\/enjoycatalonia.com\/en\/tours\/weekend-in-the-vall-de-boi-nature-and-romanesque-in-its-purest-form\/","title":{"rendered":"Weekend in the &#8220;Vall de Bo\u00ed&#8221;, nature and Romanesque in its purest form"},"content":{"rendered":"<p><strong>The <em>Vall de Bo\u00ed<\/em><\/strong> , or Noguera de Tor Valley, located in the L&#8217;Alta Ribagor\u00e7a region (Lleida), is a paradise for nature and art lovers. In this privileged enclave of the Pyrenees, gateway to the Aig\u00fcestortes i Estany de Sant Maurici National Park, the landscape blends seamlessly with Romanesque architecture, and vice versa. Few places in the world can boast so many Romanesque churches (the Romanesque architecture of the <em>Vall de Bo\u00ed<\/em> has \u200b\u200bbeen declared a UNESCO World Heritage Site) in such a small area and such a beautiful setting: peaks that rise to over three thousand meters; rivers, ravines, waterfalls, beautiful forests, and water\u2014lots of water.<\/p>\n<p>To make the most of our stay in the <em>Vall de Bo\u00ed,<\/em> we&#8217;ve designed a pleasant and relaxed program that will allow us to discover the valley&#8217;s Romanesque architecture and enjoy its spectacular natural surroundings. We&#8217;ll stroll through charming villages where we&#8217;ll have the opportunity to visit the churches of <strong>Sant Climent<\/strong> and <strong>Santa Maria de Ta\u00fcll, Santa Eul\u00e0lia d&#8217;Erill la Vall, and Sant Joan de Bo\u00ed<\/strong> ; we&#8217;ll enjoy a beautiful and <strong>gentle walk around Pla de l&#8217;Ermita<\/strong> , very close to the Bo\u00ed-Ta\u00fcll ski resort; and we&#8217;ll have the opportunity to <strong>relax at the Caldes de Bo\u00ed Spa Hotel<\/strong> , where we&#8217;ll stay on a half-board basis.<\/p>\n<p>An ideal weekend getaway to disconnect and enjoy Romanesque art in an idyllic natural setting and luxury accommodation (possibility of enjoying the thermal complex).<\/p>\n<p><strong>MINIMUM GROUP SIZE 12 PEOPLE AND MAXIMUM 20<\/strong><\/p>\n","protected":false},"excerpt":{"rendered":"<p>The Vall de Bo\u00ed , or Noguera de Tor Valley, located in the L&#8217;Alta Ribagor\u00e7a region (Lleida), is a paradise for nature and art lovers. In this privileged enclave of the Pyrenees, gateway to the Aig\u00fcestortes i Estany de Sant Maurici National Park, the landscape blends seamlessly with Romanesque architecture, and vice versa. Few places [&hellip;]<\/p>\n","protected":false},"featured_media":3573,"template":"","meta":{"_acf_changed":false},"product_brand":[],"product_cat":[60],"product_tag":[],"class_list":{"0":"post-3570","1":"product","2":"type-product","3":"status-publish","4":"has-post-thumbnail","6":"product_cat-past-trips","7":"tm-has-options","9":"first","10":"instock","11":"shipping-taxable","12":"product-type-simple"},"acf":[],"yoast_head":"<!-- This site is optimized with the Yoast SEO plugin v27.2 - https:\/\/yoast.com\/product\/yoast-seo-wordpress\/ -->\n<title>Weekend in the &quot;Vall de Bo\u00ed&quot;, nature and Romanesque in its purest form - Enjoy Catalonia<\/title>\n<meta name=\"robots\" content=\"index, follow, max-snippet:-1, max-image-preview:large, max-video-preview:-1\" \/>\n<link rel=\"canonical\" href=\"https:\/\/enjoycatalonia.com\/en\/tours\/weekend-in-the-vall-de-boi-nature-and-romanesque-in-its-purest-form\/\" \/>\n<meta property=\"og:locale\" content=\"en_US\" \/>\n<meta property=\"og:type\" content=\"article\" \/>\n<meta property=\"og:title\" content=\"Weekend in the &quot;Vall de Bo\u00ed&quot;, nature and Romanesque in its purest form - Enjoy Catalonia\" \/>\n<meta property=\"og:description\" content=\"The Vall de Bo\u00ed , or Noguera de Tor Valley, located in the L&#8217;Alta Ribagor\u00e7a region (Lleida), is a paradise for nature and art lovers. In this privileged enclave of the Pyrenees, gateway to the Aig\u00fcestortes i Estany de Sant Maurici National Park, the landscape blends seamlessly with Romanesque architecture, and vice versa. Few places [&hellip;]\" \/>\n<meta property=\"og:url\" content=\"https:\/\/enjoycatalonia.com\/en\/tours\/weekend-in-the-vall-de-boi-nature-and-romanesque-in-its-purest-form\/\" \/>\n<meta property=\"og:site_name\" content=\"Enjoy Catalonia\" \/>\n<meta property=\"article:modified_time\" content=\"2026-03-03T09:02:12+00:00\" \/>\n<meta property=\"og:image\" content=\"https:\/\/enjoycatalonia.com\/wp-content\/uploads\/2026\/02\/7b3369f8-666c-4a4d-b9ce-efc00c7642e0_16-9-discover-aspect-ratio_default_1398173.jpg\" \/>\n\t<meta property=\"og:image:width\" content=\"1500\" \/>\n\t<meta property=\"og:image:height\" content=\"945\" \/>\n\t<meta property=\"og:image:type\" content=\"image\/jpeg\" \/>\n<meta name=\"twitter:card\" content=\"summary_large_image\" \/>\n<meta name=\"twitter:label1\" content=\"Est. reading time\" \/>\n\t<meta name=\"twitter:data1\" content=\"2 minutes\" \/>\n<script type=\"application\/ld+json\" class=\"yoast-schema-graph\">{\"@context\":\"https:\/\/schema.org\",\"@graph\":[{\"@type\":\"WebPage\",\"@id\":\"https:\/\/enjoycatalonia.com\/en\/tours\/weekend-in-the-vall-de-boi-nature-and-romanesque-in-its-purest-form\/\",\"url\":\"https:\/\/enjoycatalonia.com\/en\/tours\/weekend-in-the-vall-de-boi-nature-and-romanesque-in-its-purest-form\/\",\"name\":\"Weekend in the \\\"Vall de Bo\u00ed\\\", nature and Romanesque in its purest form - Enjoy Catalonia\",\"isPartOf\":{\"@id\":\"https:\/\/enjoycatalonia.com\/en\/#website\"},\"primaryImageOfPage\":{\"@id\":\"https:\/\/enjoycatalonia.com\/en\/tours\/weekend-in-the-vall-de-boi-nature-and-romanesque-in-its-purest-form\/#primaryimage\"},\"image\":{\"@id\":\"https:\/\/enjoycatalonia.com\/en\/tours\/weekend-in-the-vall-de-boi-nature-and-romanesque-in-its-purest-form\/#primaryimage\"},\"thumbnailUrl\":\"https:\/\/enjoycatalonia.com\/wp-content\/uploads\/2026\/02\/7b3369f8-666c-4a4d-b9ce-efc00c7642e0_16-9-discover-aspect-ratio_default_1398173.jpg\",\"datePublished\":\"2026-02-09T10:15:33+00:00\",\"dateModified\":\"2026-03-03T09:02:12+00:00\",\"breadcrumb\":{\"@id\":\"https:\/\/enjoycatalonia.com\/en\/tours\/weekend-in-the-vall-de-boi-nature-and-romanesque-in-its-purest-form\/#breadcrumb\"},\"inLanguage\":\"en-US\",\"potentialAction\":[{\"@type\":\"ReadAction\",\"target\":[\"https:\/\/enjoycatalonia.com\/en\/tours\/weekend-in-the-vall-de-boi-nature-and-romanesque-in-its-purest-form\/\"]}]},{\"@type\":\"ImageObject\",\"inLanguage\":\"en-US\",\"@id\":\"https:\/\/enjoycatalonia.com\/en\/tours\/weekend-in-the-vall-de-boi-nature-and-romanesque-in-its-purest-form\/#primaryimage\",\"url\":\"https:\/\/enjoycatalonia.com\/wp-content\/uploads\/2026\/02\/7b3369f8-666c-4a4d-b9ce-efc00c7642e0_16-9-discover-aspect-ratio_default_1398173.jpg\",\"contentUrl\":\"https:\/\/enjoycatalonia.com\/wp-content\/uploads\/2026\/02\/7b3369f8-666c-4a4d-b9ce-efc00c7642e0_16-9-discover-aspect-ratio_default_1398173.jpg\",\"width\":1500,\"height\":945},{\"@type\":\"BreadcrumbList\",\"@id\":\"https:\/\/enjoycatalonia.com\/en\/tours\/weekend-in-the-vall-de-boi-nature-and-romanesque-in-its-purest-form\/#breadcrumb\",\"itemListElement\":[{\"@type\":\"ListItem\",\"position\":1,\"name\":\"Portada\",\"item\":\"https:\/\/enjoycatalonia.com\/en\/\"},{\"@type\":\"ListItem\",\"position\":2,\"name\":\"Shop\",\"item\":\"https:\/\/enjoycatalonia.com\/tienda\/\"},{\"@type\":\"ListItem\",\"position\":3,\"name\":\"Weekend in the \u00abVall de Bo\u00ed&#8221;, nature and Romanesque in its purest form\"}]},{\"@type\":\"WebSite\",\"@id\":\"https:\/\/enjoycatalonia.com\/en\/#website\",\"url\":\"https:\/\/enjoycatalonia.com\/en\/\",\"name\":\"Enjoy Catalonia\",\"description\":\"\",\"potentialAction\":[{\"@type\":\"SearchAction\",\"target\":{\"@type\":\"EntryPoint\",\"urlTemplate\":\"https:\/\/enjoycatalonia.com\/en\/?s={search_term_string}\"},\"query-input\":{\"@type\":\"PropertyValueSpecification\",\"valueRequired\":true,\"valueName\":\"search_term_string\"}}],\"inLanguage\":\"en-US\"}]}<\/script>\n<!-- \/ Yoast SEO plugin. -->","yoast_head_json":{"title":"Weekend in the \"Vall de Bo\u00ed\", nature and Romanesque in its purest form - Enjoy Catalonia","robots":{"index":"index","follow":"follow","max-snippet":"max-snippet:-1","max-image-preview":"max-image-preview:large","max-video-preview":"max-video-preview:-1"},"canonical":"https:\/\/enjoycatalonia.com\/en\/tours\/weekend-in-the-vall-de-boi-nature-and-romanesque-in-its-purest-form\/","og_locale":"en_US","og_type":"article","og_title":"Weekend in the \"Vall de Bo\u00ed\", nature and Romanesque in its purest form - Enjoy Catalonia","og_description":"The Vall de Bo\u00ed , or Noguera de Tor Valley, located in the L&#8217;Alta Ribagor\u00e7a region (Lleida), is a paradise for nature and art lovers. In this privileged enclave of the Pyrenees, gateway to the Aig\u00fcestortes i Estany de Sant Maurici National Park, the landscape blends seamlessly with Romanesque architecture, and vice versa. Few places [&hellip;]","og_url":"https:\/\/enjoycatalonia.com\/en\/tours\/weekend-in-the-vall-de-boi-nature-and-romanesque-in-its-purest-form\/","og_site_name":"Enjoy Catalonia","article_modified_time":"2026-03-03T09:02:12+00:00","og_image":[{"width":1500,"height":945,"url":"https:\/\/enjoycatalonia.com\/wp-content\/uploads\/2026\/02\/7b3369f8-666c-4a4d-b9ce-efc00c7642e0_16-9-discover-aspect-ratio_default_1398173.jpg","type":"image\/jpeg"}],"twitter_card":"summary_large_image","twitter_misc":{"Est. reading time":"2 minutes"},"schema":{"@context":"https:\/\/schema.org","@graph":[{"@type":"WebPage","@id":"https:\/\/enjoycatalonia.com\/en\/tours\/weekend-in-the-vall-de-boi-nature-and-romanesque-in-its-purest-form\/","url":"https:\/\/enjoycatalonia.com\/en\/tours\/weekend-in-the-vall-de-boi-nature-and-romanesque-in-its-purest-form\/","name":"Weekend in the \"Vall de Bo\u00ed\", nature and Romanesque in its purest form - Enjoy Catalonia","isPartOf":{"@id":"https:\/\/enjoycatalonia.com\/en\/#website"},"primaryImageOfPage":{"@id":"https:\/\/enjoycatalonia.com\/en\/tours\/weekend-in-the-vall-de-boi-nature-and-romanesque-in-its-purest-form\/#primaryimage"},"image":{"@id":"https:\/\/enjoycatalonia.com\/en\/tours\/weekend-in-the-vall-de-boi-nature-and-romanesque-in-its-purest-form\/#primaryimage"},"thumbnailUrl":"https:\/\/enjoycatalonia.com\/wp-content\/uploads\/2026\/02\/7b3369f8-666c-4a4d-b9ce-efc00c7642e0_16-9-discover-aspect-ratio_default_1398173.jpg","datePublished":"2026-02-09T10:15:33+00:00","dateModified":"2026-03-03T09:02:12+00:00","breadcrumb":{"@id":"https:\/\/enjoycatalonia.com\/en\/tours\/weekend-in-the-vall-de-boi-nature-and-romanesque-in-its-purest-form\/#breadcrumb"},"inLanguage":"en-US","potentialAction":[{"@type":"ReadAction","target":["https:\/\/enjoycatalonia.com\/en\/tours\/weekend-in-the-vall-de-boi-nature-and-romanesque-in-its-purest-form\/"]}]},{"@type":"ImageObject","inLanguage":"en-US","@id":"https:\/\/enjoycatalonia.com\/en\/tours\/weekend-in-the-vall-de-boi-nature-and-romanesque-in-its-purest-form\/#primaryimage","url":"https:\/\/enjoycatalonia.com\/wp-content\/uploads\/2026\/02\/7b3369f8-666c-4a4d-b9ce-efc00c7642e0_16-9-discover-aspect-ratio_default_1398173.jpg","contentUrl":"https:\/\/enjoycatalonia.com\/wp-content\/uploads\/2026\/02\/7b3369f8-666c-4a4d-b9ce-efc00c7642e0_16-9-discover-aspect-ratio_default_1398173.jpg","width":1500,"height":945},{"@type":"BreadcrumbList","@id":"https:\/\/enjoycatalonia.com\/en\/tours\/weekend-in-the-vall-de-boi-nature-and-romanesque-in-its-purest-form\/#breadcrumb","itemListElement":[{"@type":"ListItem","position":1,"name":"Portada","item":"https:\/\/enjoycatalonia.com\/en\/"},{"@type":"ListItem","position":2,"name":"Shop","item":"https:\/\/enjoycatalonia.com\/tienda\/"},{"@type":"ListItem","position":3,"name":"Weekend in the \u00abVall de Bo\u00ed&#8221;, nature and Romanesque in its purest form"}]},{"@type":"WebSite","@id":"https:\/\/enjoycatalonia.com\/en\/#website","url":"https:\/\/enjoycatalonia.com\/en\/","name":"Enjoy Catalonia","description":"","potentialAction":[{"@type":"SearchAction","target":{"@type":"EntryPoint","urlTemplate":"https:\/\/enjoycatalonia.com\/en\/?s={search_term_string}"},"query-input":{"@type":"PropertyValueSpecification","valueRequired":true,"valueName":"search_term_string"}}],"inLanguage":"en-US"}]}},"_links":{"self":[{"href":"https:\/\/enjoycatalonia.com\/en\/wp-json\/wp\/v2\/product\/3570","targetHints":{"allow":["GET"]}}],"collection":[{"href":"https:\/\/enjoycatalonia.com\/en\/wp-json\/wp\/v2\/product"}],"about":[{"href":"https:\/\/enjoycatalonia.com\/en\/wp-json\/wp\/v2\/types\/product"}],"wp:featuredmedia":[{"embeddable":true,"href":"https:\/\/enjoycatalonia.com\/en\/wp-json\/wp\/v2\/media\/3573"}],"wp:attachment":[{"href":"https:\/\/enjoycatalonia.com\/en\/wp-json\/wp\/v2\/media?parent=3570"}],"wp:term":[{"taxonomy":"product_brand","embeddable":true,"href":"https:\/\/enjoycatalonia.com\/en\/wp-json\/wp\/v2\/product_brand?post=3570"},{"taxonomy":"product_cat","embeddable":true,"href":"https:\/\/enjoycatalonia.com\/en\/wp-json\/wp\/v2\/product_cat?post=3570"},{"taxonomy":"product_tag","embeddable":true,"href":"https:\/\/enjoycatalonia.com\/en\/wp-json\/wp\/v2\/product_tag?post=3570"}],"curies":[{"name":"wp","href":"https:\/\/api.w.org\/{rel}","templated":true}]}}