{"id":3626,"date":"2026-02-06T11:50:14","date_gmt":"2026-02-06T10:50:14","guid":{"rendered":"https:\/\/enjoycatalonia.com\/tours\/weekend-in-occitania-sete-montpellier-and-nimes-the-little-rome-of-france\/"},"modified":"2026-03-31T23:32:27","modified_gmt":"2026-03-31T21:32:27","slug":"weekend-in-occitania-sete-montpellier-and-nimes-the-little-rome-of-france","status":"publish","type":"product","link":"https:\/\/enjoycatalonia.com\/en\/3-days-in-occitania\/","title":{"rendered":"3 days in Occitania: S\u00e8te, Montpellier, N\u00eemes, Uz\u00e8s, the Pont du Gard, and La Maguelone"},"content":{"rendered":"<p data-start=\"0\" data-end=\"306\">Enjoy<strong> three full days in eastern Occitania (France)<\/strong> with visits to <strong>S\u00e8te<\/strong>, the Venice of Languedoc; <strong>Montpellier<\/strong>, a beautiful and lively university city; <strong>N\u00eemes<\/strong>, the little Rome of France; <strong>Uz\u00e8s<\/strong>, a charming medieval town; and the impressive <strong>Pont du Gard<\/strong>, one of the best-preserved aqueducts in the world.<\/p>\n<p data-start=\"308\" data-end=\"1007\" data-is-last-node=\"\" data-is-only-node=\"\"><strong>A three-day getaway with accommodation in a centrally located and comfortable 4-star hotel in the heart of Montpellier<\/strong>, allowing us to visit <strong>S\u00e8te<\/strong>, the Venice of Languedoc and birthplace of Paul Val\u00e9ry; enjoy a guided tour of Montpellier, a beautiful university city and one of the liveliest places in France; visit the historic center of <strong>N\u00eemes<\/strong>, known as the little Rome of France for its impressive Roman amphitheater and its spectacular temple, the famous Maison Carr\u00e9e; explore <strong>Uz\u00e8s<\/strong>, a beautiful town of medieval origin; stroll along the <strong>Pont du Gard<\/strong>, one of the best-preserved Roman aqueducts in the world; and enjoy a pleasant and easy 4 km flat walk on the \u201cisland\u201d of <strong>Villeneuve-l\u00e8s-Maguelone<\/strong>.<\/p>\n<p data-start=\"308\" data-end=\"1007\" data-is-last-node=\"\" data-is-only-node=\"\"><strong>Please note:<\/strong> the main languages of the visits will be <strong>Spanish<\/strong> and\/or <strong>Catalan<\/strong>.<\/p>\n","protected":false},"excerpt":{"rendered":"<p>Enjoy three full days in eastern Occitania (France) with visits to S\u00e8te, the Venice of Languedoc; Montpellier, a beautiful and lively university city; N\u00eemes, the little Rome of France; Uz\u00e8s, a charming medieval town; and the impressive Pont du Gard, one of the best-preserved aqueducts in the world. A three-day getaway with accommodation in a [&hellip;]<\/p>\n","protected":false},"featured_media":3593,"template":"","meta":{"_acf_changed":false},"product_brand":[],"product_cat":[61,58,71],"product_tag":[],"class_list":{"0":"post-3626","1":"product","2":"type-product","3":"status-publish","4":"has-post-thumbnail","6":"product_cat-france-getaways","7":"product_cat-getaways","8":"product_cat-trips","9":"tm-has-options","11":"first","12":"instock","13":"featured","14":"shipping-taxable","15":"product-type-simple"},"acf":[],"yoast_head":"<!-- This site is optimized with the Yoast SEO plugin v27.2 - https:\/\/yoast.com\/product\/yoast-seo-wordpress\/ -->\n<title>3 days in Occitania: S\u00e8te, Montpellier, N\u00eemes, Uz\u00e8s, the Pont du Gard, and La Maguelone - Enjoy Catalonia<\/title>\n<meta name=\"robots\" content=\"index, follow, max-snippet:-1, max-image-preview:large, max-video-preview:-1\" \/>\n<link rel=\"canonical\" href=\"https:\/\/enjoycatalonia.com\/en\/3-days-in-occitania\/\" \/>\n<meta property=\"og:locale\" content=\"en_US\" \/>\n<meta property=\"og:type\" content=\"article\" \/>\n<meta property=\"og:title\" content=\"3 days in Occitania: S\u00e8te, Montpellier, N\u00eemes, Uz\u00e8s, the Pont du Gard, and La Maguelone - Enjoy Catalonia\" \/>\n<meta property=\"og:description\" content=\"Enjoy three full days in eastern Occitania (France) with visits to S\u00e8te, the Venice of Languedoc; Montpellier, a beautiful and lively university city; N\u00eemes, the little Rome of France; Uz\u00e8s, a charming medieval town; and the impressive Pont du Gard, one of the best-preserved aqueducts in the world. A three-day getaway with accommodation in a [&hellip;]\" \/>\n<meta property=\"og:url\" content=\"https:\/\/enjoycatalonia.com\/en\/3-days-in-occitania\/\" \/>\n<meta property=\"og:site_name\" content=\"Enjoy Catalonia\" \/>\n<meta property=\"article:modified_time\" content=\"2026-03-31T21:32:27+00:00\" \/>\n<meta property=\"og:image\" content=\"https:\/\/enjoycatalonia.com\/wp-content\/uploads\/2026\/02\/1731249.jpg\" \/>\n\t<meta property=\"og:image:width\" content=\"1500\" \/>\n\t<meta property=\"og:image:height\" content=\"1125\" \/>\n\t<meta property=\"og:image:type\" content=\"image\/jpeg\" \/>\n<meta name=\"twitter:card\" content=\"summary_large_image\" \/>\n<meta name=\"twitter:label1\" content=\"Est. reading time\" \/>\n\t<meta name=\"twitter:data1\" content=\"2 minutes\" \/>\n<script type=\"application\/ld+json\" class=\"yoast-schema-graph\">{\"@context\":\"https:\/\/schema.org\",\"@graph\":[{\"@type\":\"WebPage\",\"@id\":\"https:\/\/enjoycatalonia.com\/en\/3-days-in-occitania\/\",\"url\":\"https:\/\/enjoycatalonia.com\/en\/3-days-in-occitania\/\",\"name\":\"3 days in Occitania: S\u00e8te, Montpellier, N\u00eemes, Uz\u00e8s, the Pont du Gard, and La Maguelone - Enjoy Catalonia\",\"isPartOf\":{\"@id\":\"https:\/\/enjoycatalonia.com\/en\/#website\"},\"primaryImageOfPage\":{\"@id\":\"https:\/\/enjoycatalonia.com\/en\/3-days-in-occitania\/#primaryimage\"},\"image\":{\"@id\":\"https:\/\/enjoycatalonia.com\/en\/3-days-in-occitania\/#primaryimage\"},\"thumbnailUrl\":\"https:\/\/enjoycatalonia.com\/wp-content\/uploads\/2026\/02\/1731249.jpg\",\"datePublished\":\"2026-02-06T10:50:14+00:00\",\"dateModified\":\"2026-03-31T21:32:27+00:00\",\"breadcrumb\":{\"@id\":\"https:\/\/enjoycatalonia.com\/en\/3-days-in-occitania\/#breadcrumb\"},\"inLanguage\":\"en-US\",\"potentialAction\":[{\"@type\":\"ReadAction\",\"target\":[\"https:\/\/enjoycatalonia.com\/en\/3-days-in-occitania\/\"]}]},{\"@type\":\"ImageObject\",\"inLanguage\":\"en-US\",\"@id\":\"https:\/\/enjoycatalonia.com\/en\/3-days-in-occitania\/#primaryimage\",\"url\":\"https:\/\/enjoycatalonia.com\/wp-content\/uploads\/2026\/02\/1731249.jpg\",\"contentUrl\":\"https:\/\/enjoycatalonia.com\/wp-content\/uploads\/2026\/02\/1731249.jpg\",\"width\":1500,\"height\":1125},{\"@type\":\"BreadcrumbList\",\"@id\":\"https:\/\/enjoycatalonia.com\/en\/3-days-in-occitania\/#breadcrumb\",\"itemListElement\":[{\"@type\":\"ListItem\",\"position\":1,\"name\":\"Portada\",\"item\":\"https:\/\/enjoycatalonia.com\/en\/\"},{\"@type\":\"ListItem\",\"position\":2,\"name\":\"Shop\",\"item\":\"https:\/\/enjoycatalonia.com\/tienda\/\"},{\"@type\":\"ListItem\",\"position\":3,\"name\":\"3 days in Occitania: S\u00e8te, Montpellier, N\u00eemes, Uz\u00e8s, the Pont du Gard, and La Maguelone\"}]},{\"@type\":\"WebSite\",\"@id\":\"https:\/\/enjoycatalonia.com\/en\/#website\",\"url\":\"https:\/\/enjoycatalonia.com\/en\/\",\"name\":\"Enjoy Catalonia\",\"description\":\"\",\"potentialAction\":[{\"@type\":\"SearchAction\",\"target\":{\"@type\":\"EntryPoint\",\"urlTemplate\":\"https:\/\/enjoycatalonia.com\/en\/?s={search_term_string}\"},\"query-input\":{\"@type\":\"PropertyValueSpecification\",\"valueRequired\":true,\"valueName\":\"search_term_string\"}}],\"inLanguage\":\"en-US\"}]}<\/script>\n<!-- \/ Yoast SEO plugin. -->","yoast_head_json":{"title":"3 days in Occitania: S\u00e8te, Montpellier, N\u00eemes, Uz\u00e8s, the Pont du Gard, and La Maguelone - Enjoy Catalonia","robots":{"index":"index","follow":"follow","max-snippet":"max-snippet:-1","max-image-preview":"max-image-preview:large","max-video-preview":"max-video-preview:-1"},"canonical":"https:\/\/enjoycatalonia.com\/en\/3-days-in-occitania\/","og_locale":"en_US","og_type":"article","og_title":"3 days in Occitania: S\u00e8te, Montpellier, N\u00eemes, Uz\u00e8s, the Pont du Gard, and La Maguelone - Enjoy Catalonia","og_description":"Enjoy three full days in eastern Occitania (France) with visits to S\u00e8te, the Venice of Languedoc; Montpellier, a beautiful and lively university city; N\u00eemes, the little Rome of France; Uz\u00e8s, a charming medieval town; and the impressive Pont du Gard, one of the best-preserved aqueducts in the world. A three-day getaway with accommodation in a [&hellip;]","og_url":"https:\/\/enjoycatalonia.com\/en\/3-days-in-occitania\/","og_site_name":"Enjoy Catalonia","article_modified_time":"2026-03-31T21:32:27+00:00","og_image":[{"width":1500,"height":1125,"url":"https:\/\/enjoycatalonia.com\/wp-content\/uploads\/2026\/02\/1731249.jpg","type":"image\/jpeg"}],"twitter_card":"summary_large_image","twitter_misc":{"Est. reading time":"2 minutes"},"schema":{"@context":"https:\/\/schema.org","@graph":[{"@type":"WebPage","@id":"https:\/\/enjoycatalonia.com\/en\/3-days-in-occitania\/","url":"https:\/\/enjoycatalonia.com\/en\/3-days-in-occitania\/","name":"3 days in Occitania: S\u00e8te, Montpellier, N\u00eemes, Uz\u00e8s, the Pont du Gard, and La Maguelone - Enjoy Catalonia","isPartOf":{"@id":"https:\/\/enjoycatalonia.com\/en\/#website"},"primaryImageOfPage":{"@id":"https:\/\/enjoycatalonia.com\/en\/3-days-in-occitania\/#primaryimage"},"image":{"@id":"https:\/\/enjoycatalonia.com\/en\/3-days-in-occitania\/#primaryimage"},"thumbnailUrl":"https:\/\/enjoycatalonia.com\/wp-content\/uploads\/2026\/02\/1731249.jpg","datePublished":"2026-02-06T10:50:14+00:00","dateModified":"2026-03-31T21:32:27+00:00","breadcrumb":{"@id":"https:\/\/enjoycatalonia.com\/en\/3-days-in-occitania\/#breadcrumb"},"inLanguage":"en-US","potentialAction":[{"@type":"ReadAction","target":["https:\/\/enjoycatalonia.com\/en\/3-days-in-occitania\/"]}]},{"@type":"ImageObject","inLanguage":"en-US","@id":"https:\/\/enjoycatalonia.com\/en\/3-days-in-occitania\/#primaryimage","url":"https:\/\/enjoycatalonia.com\/wp-content\/uploads\/2026\/02\/1731249.jpg","contentUrl":"https:\/\/enjoycatalonia.com\/wp-content\/uploads\/2026\/02\/1731249.jpg","width":1500,"height":1125},{"@type":"BreadcrumbList","@id":"https:\/\/enjoycatalonia.com\/en\/3-days-in-occitania\/#breadcrumb","itemListElement":[{"@type":"ListItem","position":1,"name":"Portada","item":"https:\/\/enjoycatalonia.com\/en\/"},{"@type":"ListItem","position":2,"name":"Shop","item":"https:\/\/enjoycatalonia.com\/tienda\/"},{"@type":"ListItem","position":3,"name":"3 days in Occitania: S\u00e8te, Montpellier, N\u00eemes, Uz\u00e8s, the Pont du Gard, and La Maguelone"}]},{"@type":"WebSite","@id":"https:\/\/enjoycatalonia.com\/en\/#website","url":"https:\/\/enjoycatalonia.com\/en\/","name":"Enjoy Catalonia","description":"","potentialAction":[{"@type":"SearchAction","target":{"@type":"EntryPoint","urlTemplate":"https:\/\/enjoycatalonia.com\/en\/?s={search_term_string}"},"query-input":{"@type":"PropertyValueSpecification","valueRequired":true,"valueName":"search_term_string"}}],"inLanguage":"en-US"}]}},"_links":{"self":[{"href":"https:\/\/enjoycatalonia.com\/en\/wp-json\/wp\/v2\/product\/3626","targetHints":{"allow":["GET"]}}],"collection":[{"href":"https:\/\/enjoycatalonia.com\/en\/wp-json\/wp\/v2\/product"}],"about":[{"href":"https:\/\/enjoycatalonia.com\/en\/wp-json\/wp\/v2\/types\/product"}],"wp:featuredmedia":[{"embeddable":true,"href":"https:\/\/enjoycatalonia.com\/en\/wp-json\/wp\/v2\/media\/3593"}],"wp:attachment":[{"href":"https:\/\/enjoycatalonia.com\/en\/wp-json\/wp\/v2\/media?parent=3626"}],"wp:term":[{"taxonomy":"product_brand","embeddable":true,"href":"https:\/\/enjoycatalonia.com\/en\/wp-json\/wp\/v2\/product_brand?post=3626"},{"taxonomy":"product_cat","embeddable":true,"href":"https:\/\/enjoycatalonia.com\/en\/wp-json\/wp\/v2\/product_cat?post=3626"},{"taxonomy":"product_tag","embeddable":true,"href":"https:\/\/enjoycatalonia.com\/en\/wp-json\/wp\/v2\/product_tag?post=3626"}],"curies":[{"name":"wp","href":"https:\/\/api.w.org\/{rel}","templated":true}]}}