{"id":3636,"date":"2026-02-06T11:43:13","date_gmt":"2026-02-06T10:43:13","guid":{"rendered":"https:\/\/enjoycatalonia.com\/tours\/weekend-on-the-costa-del-azahar-peniscola-benicassim-and-greenway\/"},"modified":"2026-03-03T10:23:27","modified_gmt":"2026-03-03T09:23:27","slug":"weekend-on-the-costa-del-azahar-peniscola-benicassim-and-greenway","status":"publish","type":"product","link":"https:\/\/enjoycatalonia.com\/en\/tours\/weekend-on-the-costa-del-azahar-peniscola-benicassim-and-greenway\/","title":{"rendered":"Weekend on the Costa del Azahar: Pe\u00f1\u00edscola, Benic\u00e0ssim and greenway"},"content":{"rendered":"<p class=\"mb-4\"><strong>Enjoy a weekend of beach, sea, hiking, culture, gastronomy and fun on the Costa del Azahar (Castell\u00f3n)<\/strong><\/p>\n<p class=\"mb-4\">To kick off the summer season, Enjoy Catalonia invites you on a relaxing getaway to discover and enjoy the <strong>Costa del Azahar<\/strong> in the province of Castell\u00f3n. Two nights&#8217; accommodation with breakfast at a 4-star hotel with a pool and sea views in Benic\u00e0ssim.<\/p>\n<p class=\"mb-4\">During our stay on the Costa del Azahar, we&#8217;ll have the opportunity to visit <strong>Pe\u00f1\u00edscola<\/strong> , a beautiful coastal town dominated by the imposing Templar castle of Pope Luna. We&#8217;ll also take a guided cultural tour of the <strong>villas of Benic\u00e0ssim<\/strong> , known as the Biarritz of the Levante region because it&#8217;s a summer destination for the Valencian upper class. We&#8217;ll also enjoy the pleasant and beautiful <strong>6km coastal path, a completely flat route that connects Benic\u00e0ssim with Oropesa<\/strong> , a former railway line, with a stop at the beach bar La Reneg\u00e1, a small cove with crystal-clear waters. And, of course, <strong>on Sunday we&#8217;ll enjoy a delicious paella on the covered terrace of a restaurant in El Grao<\/strong> , the port of Castell\u00f3n de la Plana, which boasts one of the most beautiful beaches on the Valencian coast: Gurug\u00fa Beach.<\/p>\n<p class=\"mb-4\">A perfect weekend to enjoy the sunny and lively Costa del Azahar. And as always, accompanied by an official guide who knows the area very well.<\/p>\n","protected":false},"excerpt":{"rendered":"<p>Enjoy a weekend of beach, sea, hiking, culture, gastronomy and fun on the Costa del Azahar (Castell\u00f3n) To kick off the summer season, Enjoy Catalonia invites you on a relaxing getaway to discover and enjoy the Costa del Azahar in the province of Castell\u00f3n. Two nights&#8217; accommodation with breakfast at a 4-star hotel with a [&hellip;]<\/p>\n","protected":false},"featured_media":3638,"template":"","meta":{"_acf_changed":false},"product_brand":[],"product_cat":[60],"product_tag":[],"class_list":{"0":"post-3636","1":"product","2":"type-product","3":"status-publish","4":"has-post-thumbnail","6":"product_cat-past-trips","7":"tm-has-options","9":"first","10":"instock","11":"shipping-taxable","12":"product-type-simple"},"acf":[],"yoast_head":"<!-- This site is optimized with the Yoast SEO plugin v27.2 - https:\/\/yoast.com\/product\/yoast-seo-wordpress\/ -->\n<title>Weekend on the Costa del Azahar: Pe\u00f1\u00edscola, Benic\u00e0ssim and greenway - Enjoy Catalonia<\/title>\n<meta name=\"robots\" content=\"index, follow, max-snippet:-1, max-image-preview:large, max-video-preview:-1\" \/>\n<link rel=\"canonical\" href=\"https:\/\/enjoycatalonia.com\/en\/tours\/weekend-on-the-costa-del-azahar-peniscola-benicassim-and-greenway\/\" \/>\n<meta property=\"og:locale\" content=\"en_US\" \/>\n<meta property=\"og:type\" content=\"article\" \/>\n<meta property=\"og:title\" content=\"Weekend on the Costa del Azahar: Pe\u00f1\u00edscola, Benic\u00e0ssim and greenway - Enjoy Catalonia\" \/>\n<meta property=\"og:description\" content=\"Enjoy a weekend of beach, sea, hiking, culture, gastronomy and fun on the Costa del Azahar (Castell\u00f3n) To kick off the summer season, Enjoy Catalonia invites you on a relaxing getaway to discover and enjoy the Costa del Azahar in the province of Castell\u00f3n. Two nights&#8217; accommodation with breakfast at a 4-star hotel with a [&hellip;]\" \/>\n<meta property=\"og:url\" content=\"https:\/\/enjoycatalonia.com\/en\/tours\/weekend-on-the-costa-del-azahar-peniscola-benicassim-and-greenway\/\" \/>\n<meta property=\"og:site_name\" content=\"Enjoy Catalonia\" \/>\n<meta property=\"article:modified_time\" content=\"2026-03-03T09:23:27+00:00\" \/>\n<meta property=\"og:image\" content=\"https:\/\/enjoycatalonia.com\/wp-content\/uploads\/2026\/02\/Benicasim_en_un_fin_de_semana_Castellon.jpg\" \/>\n\t<meta property=\"og:image:width\" content=\"1500\" \/>\n\t<meta property=\"og:image:height\" content=\"945\" \/>\n\t<meta property=\"og:image:type\" content=\"image\/jpeg\" \/>\n<meta name=\"twitter:card\" content=\"summary_large_image\" \/>\n<meta name=\"twitter:label1\" content=\"Est. reading time\" \/>\n\t<meta name=\"twitter:data1\" content=\"2 minutes\" \/>\n<script type=\"application\/ld+json\" class=\"yoast-schema-graph\">{\"@context\":\"https:\/\/schema.org\",\"@graph\":[{\"@type\":\"WebPage\",\"@id\":\"https:\/\/enjoycatalonia.com\/en\/tours\/weekend-on-the-costa-del-azahar-peniscola-benicassim-and-greenway\/\",\"url\":\"https:\/\/enjoycatalonia.com\/en\/tours\/weekend-on-the-costa-del-azahar-peniscola-benicassim-and-greenway\/\",\"name\":\"Weekend on the Costa del Azahar: Pe\u00f1\u00edscola, Benic\u00e0ssim and greenway - Enjoy Catalonia\",\"isPartOf\":{\"@id\":\"https:\/\/enjoycatalonia.com\/en\/#website\"},\"primaryImageOfPage\":{\"@id\":\"https:\/\/enjoycatalonia.com\/en\/tours\/weekend-on-the-costa-del-azahar-peniscola-benicassim-and-greenway\/#primaryimage\"},\"image\":{\"@id\":\"https:\/\/enjoycatalonia.com\/en\/tours\/weekend-on-the-costa-del-azahar-peniscola-benicassim-and-greenway\/#primaryimage\"},\"thumbnailUrl\":\"https:\/\/enjoycatalonia.com\/wp-content\/uploads\/2026\/02\/Benicasim_en_un_fin_de_semana_Castellon.jpg\",\"datePublished\":\"2026-02-06T10:43:13+00:00\",\"dateModified\":\"2026-03-03T09:23:27+00:00\",\"breadcrumb\":{\"@id\":\"https:\/\/enjoycatalonia.com\/en\/tours\/weekend-on-the-costa-del-azahar-peniscola-benicassim-and-greenway\/#breadcrumb\"},\"inLanguage\":\"en-US\",\"potentialAction\":[{\"@type\":\"ReadAction\",\"target\":[\"https:\/\/enjoycatalonia.com\/en\/tours\/weekend-on-the-costa-del-azahar-peniscola-benicassim-and-greenway\/\"]}]},{\"@type\":\"ImageObject\",\"inLanguage\":\"en-US\",\"@id\":\"https:\/\/enjoycatalonia.com\/en\/tours\/weekend-on-the-costa-del-azahar-peniscola-benicassim-and-greenway\/#primaryimage\",\"url\":\"https:\/\/enjoycatalonia.com\/wp-content\/uploads\/2026\/02\/Benicasim_en_un_fin_de_semana_Castellon.jpg\",\"contentUrl\":\"https:\/\/enjoycatalonia.com\/wp-content\/uploads\/2026\/02\/Benicasim_en_un_fin_de_semana_Castellon.jpg\",\"width\":1500,\"height\":945},{\"@type\":\"BreadcrumbList\",\"@id\":\"https:\/\/enjoycatalonia.com\/en\/tours\/weekend-on-the-costa-del-azahar-peniscola-benicassim-and-greenway\/#breadcrumb\",\"itemListElement\":[{\"@type\":\"ListItem\",\"position\":1,\"name\":\"Portada\",\"item\":\"https:\/\/enjoycatalonia.com\/en\/\"},{\"@type\":\"ListItem\",\"position\":2,\"name\":\"Shop\",\"item\":\"https:\/\/enjoycatalonia.com\/tienda\/\"},{\"@type\":\"ListItem\",\"position\":3,\"name\":\"Weekend on the Costa del Azahar: Pe\u00f1\u00edscola, Benic\u00e0ssim and greenway\"}]},{\"@type\":\"WebSite\",\"@id\":\"https:\/\/enjoycatalonia.com\/en\/#website\",\"url\":\"https:\/\/enjoycatalonia.com\/en\/\",\"name\":\"Enjoy Catalonia\",\"description\":\"\",\"potentialAction\":[{\"@type\":\"SearchAction\",\"target\":{\"@type\":\"EntryPoint\",\"urlTemplate\":\"https:\/\/enjoycatalonia.com\/en\/?s={search_term_string}\"},\"query-input\":{\"@type\":\"PropertyValueSpecification\",\"valueRequired\":true,\"valueName\":\"search_term_string\"}}],\"inLanguage\":\"en-US\"}]}<\/script>\n<!-- \/ Yoast SEO plugin. -->","yoast_head_json":{"title":"Weekend on the Costa del Azahar: Pe\u00f1\u00edscola, Benic\u00e0ssim and greenway - Enjoy Catalonia","robots":{"index":"index","follow":"follow","max-snippet":"max-snippet:-1","max-image-preview":"max-image-preview:large","max-video-preview":"max-video-preview:-1"},"canonical":"https:\/\/enjoycatalonia.com\/en\/tours\/weekend-on-the-costa-del-azahar-peniscola-benicassim-and-greenway\/","og_locale":"en_US","og_type":"article","og_title":"Weekend on the Costa del Azahar: Pe\u00f1\u00edscola, Benic\u00e0ssim and greenway - Enjoy Catalonia","og_description":"Enjoy a weekend of beach, sea, hiking, culture, gastronomy and fun on the Costa del Azahar (Castell\u00f3n) To kick off the summer season, Enjoy Catalonia invites you on a relaxing getaway to discover and enjoy the Costa del Azahar in the province of Castell\u00f3n. Two nights&#8217; accommodation with breakfast at a 4-star hotel with a [&hellip;]","og_url":"https:\/\/enjoycatalonia.com\/en\/tours\/weekend-on-the-costa-del-azahar-peniscola-benicassim-and-greenway\/","og_site_name":"Enjoy Catalonia","article_modified_time":"2026-03-03T09:23:27+00:00","og_image":[{"width":1500,"height":945,"url":"https:\/\/enjoycatalonia.com\/wp-content\/uploads\/2026\/02\/Benicasim_en_un_fin_de_semana_Castellon.jpg","type":"image\/jpeg"}],"twitter_card":"summary_large_image","twitter_misc":{"Est. reading time":"2 minutes"},"schema":{"@context":"https:\/\/schema.org","@graph":[{"@type":"WebPage","@id":"https:\/\/enjoycatalonia.com\/en\/tours\/weekend-on-the-costa-del-azahar-peniscola-benicassim-and-greenway\/","url":"https:\/\/enjoycatalonia.com\/en\/tours\/weekend-on-the-costa-del-azahar-peniscola-benicassim-and-greenway\/","name":"Weekend on the Costa del Azahar: Pe\u00f1\u00edscola, Benic\u00e0ssim and greenway - Enjoy Catalonia","isPartOf":{"@id":"https:\/\/enjoycatalonia.com\/en\/#website"},"primaryImageOfPage":{"@id":"https:\/\/enjoycatalonia.com\/en\/tours\/weekend-on-the-costa-del-azahar-peniscola-benicassim-and-greenway\/#primaryimage"},"image":{"@id":"https:\/\/enjoycatalonia.com\/en\/tours\/weekend-on-the-costa-del-azahar-peniscola-benicassim-and-greenway\/#primaryimage"},"thumbnailUrl":"https:\/\/enjoycatalonia.com\/wp-content\/uploads\/2026\/02\/Benicasim_en_un_fin_de_semana_Castellon.jpg","datePublished":"2026-02-06T10:43:13+00:00","dateModified":"2026-03-03T09:23:27+00:00","breadcrumb":{"@id":"https:\/\/enjoycatalonia.com\/en\/tours\/weekend-on-the-costa-del-azahar-peniscola-benicassim-and-greenway\/#breadcrumb"},"inLanguage":"en-US","potentialAction":[{"@type":"ReadAction","target":["https:\/\/enjoycatalonia.com\/en\/tours\/weekend-on-the-costa-del-azahar-peniscola-benicassim-and-greenway\/"]}]},{"@type":"ImageObject","inLanguage":"en-US","@id":"https:\/\/enjoycatalonia.com\/en\/tours\/weekend-on-the-costa-del-azahar-peniscola-benicassim-and-greenway\/#primaryimage","url":"https:\/\/enjoycatalonia.com\/wp-content\/uploads\/2026\/02\/Benicasim_en_un_fin_de_semana_Castellon.jpg","contentUrl":"https:\/\/enjoycatalonia.com\/wp-content\/uploads\/2026\/02\/Benicasim_en_un_fin_de_semana_Castellon.jpg","width":1500,"height":945},{"@type":"BreadcrumbList","@id":"https:\/\/enjoycatalonia.com\/en\/tours\/weekend-on-the-costa-del-azahar-peniscola-benicassim-and-greenway\/#breadcrumb","itemListElement":[{"@type":"ListItem","position":1,"name":"Portada","item":"https:\/\/enjoycatalonia.com\/en\/"},{"@type":"ListItem","position":2,"name":"Shop","item":"https:\/\/enjoycatalonia.com\/tienda\/"},{"@type":"ListItem","position":3,"name":"Weekend on the Costa del Azahar: Pe\u00f1\u00edscola, Benic\u00e0ssim and greenway"}]},{"@type":"WebSite","@id":"https:\/\/enjoycatalonia.com\/en\/#website","url":"https:\/\/enjoycatalonia.com\/en\/","name":"Enjoy Catalonia","description":"","potentialAction":[{"@type":"SearchAction","target":{"@type":"EntryPoint","urlTemplate":"https:\/\/enjoycatalonia.com\/en\/?s={search_term_string}"},"query-input":{"@type":"PropertyValueSpecification","valueRequired":true,"valueName":"search_term_string"}}],"inLanguage":"en-US"}]}},"_links":{"self":[{"href":"https:\/\/enjoycatalonia.com\/en\/wp-json\/wp\/v2\/product\/3636","targetHints":{"allow":["GET"]}}],"collection":[{"href":"https:\/\/enjoycatalonia.com\/en\/wp-json\/wp\/v2\/product"}],"about":[{"href":"https:\/\/enjoycatalonia.com\/en\/wp-json\/wp\/v2\/types\/product"}],"wp:featuredmedia":[{"embeddable":true,"href":"https:\/\/enjoycatalonia.com\/en\/wp-json\/wp\/v2\/media\/3638"}],"wp:attachment":[{"href":"https:\/\/enjoycatalonia.com\/en\/wp-json\/wp\/v2\/media?parent=3636"}],"wp:term":[{"taxonomy":"product_brand","embeddable":true,"href":"https:\/\/enjoycatalonia.com\/en\/wp-json\/wp\/v2\/product_brand?post=3636"},{"taxonomy":"product_cat","embeddable":true,"href":"https:\/\/enjoycatalonia.com\/en\/wp-json\/wp\/v2\/product_cat?post=3636"},{"taxonomy":"product_tag","embeddable":true,"href":"https:\/\/enjoycatalonia.com\/en\/wp-json\/wp\/v2\/product_tag?post=3636"}],"curies":[{"name":"wp","href":"https:\/\/api.w.org\/{rel}","templated":true}]}}