{"id":3703,"date":"2026-02-05T12:00:52","date_gmt":"2026-02-05T11:00:52","guid":{"rendered":"https:\/\/enjoycatalonia.com\/tours\/weekend-in-pallars-sobira-the-valleys-of-aneu-the-vall-ferrera-and-the-aiguestortes-national-park\/"},"modified":"2026-02-27T09:02:10","modified_gmt":"2026-02-27T08:02:10","slug":"weekend-in-pallars-sobira-the-valleys-of-aneu-the-vall-ferrera-and-the-aiguestortes-national-park","status":"publish","type":"product","link":"https:\/\/enjoycatalonia.com\/en\/tours\/weekend-in-pallars-sobira-the-valleys-of-aneu-the-vall-ferrera-and-the-aiguestortes-national-park\/","title":{"rendered":"Weekend in Pallars Sobir\u00e0: the valleys of \u00c0neu, the Vall Ferrera and the Aig\u00fcestortes National Park"},"content":{"rendered":"<p>Enjoy a <strong>full weekend immersed in nature in the high mountains of Pallars Sobir\u00e0<\/strong> (Lleida) and visit some of the most beautiful and picturesque villages in the <em><strong>Valls d&#8217;\u00c0neu<\/strong><\/em> ; take a van ride from Espot to <strong>the<\/strong> <strong>Aig\u00fcestortes National Park<\/strong> and enjoy a beautiful walk around the lake; visit <strong>Gerri de la Sal<\/strong> and <strong>Sal\u00e0s de Pallars<\/strong> , with their charming period shops and museums; and more. Accommodation is in a comfortable hotel located in the beautiful and remote <strong>Vall Ferrera<\/strong> on a half-board basis (breakfast and dinner).<\/p>\n<p><strong>An ideal weekend to relax, reconnect with nature, discover incredible places and enjoy summer in the most unspoiled Pyrenees, far from the crowds. <\/strong><\/p>\n","protected":false},"excerpt":{"rendered":"<p>Enjoy a full weekend immersed in nature in the high mountains of Pallars Sobir\u00e0 (Lleida) and visit some of the most beautiful and picturesque villages in the Valls d&#8217;\u00c0neu ; take a van ride from Espot to the Aig\u00fcestortes National Park and enjoy a beautiful walk around the lake; visit Gerri de la Sal and [&hellip;]<\/p>\n","protected":false},"featured_media":3660,"template":"","meta":{"_acf_changed":false},"product_brand":[],"product_cat":[60],"product_tag":[],"class_list":{"0":"post-3703","1":"product","2":"type-product","3":"status-publish","4":"has-post-thumbnail","6":"product_cat-past-trips","7":"tm-has-options","9":"first","10":"instock","11":"shipping-taxable","12":"product-type-simple"},"acf":[],"yoast_head":"<!-- This site is optimized with the Yoast SEO plugin v27.2 - https:\/\/yoast.com\/product\/yoast-seo-wordpress\/ -->\n<title>Weekend in Pallars Sobir\u00e0: the valleys of \u00c0neu, the Vall Ferrera and the Aig\u00fcestortes National Park - Enjoy Catalonia<\/title>\n<meta name=\"robots\" content=\"index, follow, max-snippet:-1, max-image-preview:large, max-video-preview:-1\" \/>\n<link rel=\"canonical\" href=\"https:\/\/enjoycatalonia.com\/en\/tours\/weekend-in-pallars-sobira-the-valleys-of-aneu-the-vall-ferrera-and-the-aiguestortes-national-park\/\" \/>\n<meta property=\"og:locale\" content=\"en_US\" \/>\n<meta property=\"og:type\" content=\"article\" \/>\n<meta property=\"og:title\" content=\"Weekend in Pallars Sobir\u00e0: the valleys of \u00c0neu, the Vall Ferrera and the Aig\u00fcestortes National Park - Enjoy Catalonia\" \/>\n<meta property=\"og:description\" content=\"Enjoy a full weekend immersed in nature in the high mountains of Pallars Sobir\u00e0 (Lleida) and visit some of the most beautiful and picturesque villages in the Valls d&#8217;\u00c0neu ; take a van ride from Espot to the Aig\u00fcestortes National Park and enjoy a beautiful walk around the lake; visit Gerri de la Sal and [&hellip;]\" \/>\n<meta property=\"og:url\" content=\"https:\/\/enjoycatalonia.com\/en\/tours\/weekend-in-pallars-sobira-the-valleys-of-aneu-the-vall-ferrera-and-the-aiguestortes-national-park\/\" \/>\n<meta property=\"og:site_name\" content=\"Enjoy Catalonia\" \/>\n<meta property=\"article:modified_time\" content=\"2026-02-27T08:02:10+00:00\" \/>\n<meta property=\"og:image\" content=\"https:\/\/enjoycatalonia.com\/wp-content\/uploads\/2026\/02\/35962025Master.jpg\" \/>\n\t<meta property=\"og:image:width\" content=\"1500\" \/>\n\t<meta property=\"og:image:height\" content=\"945\" \/>\n\t<meta property=\"og:image:type\" content=\"image\/jpeg\" \/>\n<meta name=\"twitter:card\" content=\"summary_large_image\" \/>\n<meta name=\"twitter:label1\" content=\"Est. reading time\" \/>\n\t<meta name=\"twitter:data1\" content=\"1 minute\" \/>\n<script type=\"application\/ld+json\" class=\"yoast-schema-graph\">{\"@context\":\"https:\/\/schema.org\",\"@graph\":[{\"@type\":\"WebPage\",\"@id\":\"https:\/\/enjoycatalonia.com\/en\/tours\/weekend-in-pallars-sobira-the-valleys-of-aneu-the-vall-ferrera-and-the-aiguestortes-national-park\/\",\"url\":\"https:\/\/enjoycatalonia.com\/en\/tours\/weekend-in-pallars-sobira-the-valleys-of-aneu-the-vall-ferrera-and-the-aiguestortes-national-park\/\",\"name\":\"Weekend in Pallars Sobir\u00e0: the valleys of \u00c0neu, the Vall Ferrera and the Aig\u00fcestortes National Park - Enjoy Catalonia\",\"isPartOf\":{\"@id\":\"https:\/\/enjoycatalonia.com\/en\/#website\"},\"primaryImageOfPage\":{\"@id\":\"https:\/\/enjoycatalonia.com\/en\/tours\/weekend-in-pallars-sobira-the-valleys-of-aneu-the-vall-ferrera-and-the-aiguestortes-national-park\/#primaryimage\"},\"image\":{\"@id\":\"https:\/\/enjoycatalonia.com\/en\/tours\/weekend-in-pallars-sobira-the-valleys-of-aneu-the-vall-ferrera-and-the-aiguestortes-national-park\/#primaryimage\"},\"thumbnailUrl\":\"https:\/\/enjoycatalonia.com\/wp-content\/uploads\/2026\/02\/35962025Master.jpg\",\"datePublished\":\"2026-02-05T11:00:52+00:00\",\"dateModified\":\"2026-02-27T08:02:10+00:00\",\"breadcrumb\":{\"@id\":\"https:\/\/enjoycatalonia.com\/en\/tours\/weekend-in-pallars-sobira-the-valleys-of-aneu-the-vall-ferrera-and-the-aiguestortes-national-park\/#breadcrumb\"},\"inLanguage\":\"en-US\",\"potentialAction\":[{\"@type\":\"ReadAction\",\"target\":[\"https:\/\/enjoycatalonia.com\/en\/tours\/weekend-in-pallars-sobira-the-valleys-of-aneu-the-vall-ferrera-and-the-aiguestortes-national-park\/\"]}]},{\"@type\":\"ImageObject\",\"inLanguage\":\"en-US\",\"@id\":\"https:\/\/enjoycatalonia.com\/en\/tours\/weekend-in-pallars-sobira-the-valleys-of-aneu-the-vall-ferrera-and-the-aiguestortes-national-park\/#primaryimage\",\"url\":\"https:\/\/enjoycatalonia.com\/wp-content\/uploads\/2026\/02\/35962025Master.jpg\",\"contentUrl\":\"https:\/\/enjoycatalonia.com\/wp-content\/uploads\/2026\/02\/35962025Master.jpg\",\"width\":1500,\"height\":945},{\"@type\":\"BreadcrumbList\",\"@id\":\"https:\/\/enjoycatalonia.com\/en\/tours\/weekend-in-pallars-sobira-the-valleys-of-aneu-the-vall-ferrera-and-the-aiguestortes-national-park\/#breadcrumb\",\"itemListElement\":[{\"@type\":\"ListItem\",\"position\":1,\"name\":\"Portada\",\"item\":\"https:\/\/enjoycatalonia.com\/en\/\"},{\"@type\":\"ListItem\",\"position\":2,\"name\":\"Shop\",\"item\":\"https:\/\/enjoycatalonia.com\/tienda\/\"},{\"@type\":\"ListItem\",\"position\":3,\"name\":\"Weekend in Pallars Sobir\u00e0: the valleys of \u00c0neu, the Vall Ferrera and the Aig\u00fcestortes National Park\"}]},{\"@type\":\"WebSite\",\"@id\":\"https:\/\/enjoycatalonia.com\/en\/#website\",\"url\":\"https:\/\/enjoycatalonia.com\/en\/\",\"name\":\"Enjoy Catalonia\",\"description\":\"\",\"potentialAction\":[{\"@type\":\"SearchAction\",\"target\":{\"@type\":\"EntryPoint\",\"urlTemplate\":\"https:\/\/enjoycatalonia.com\/en\/?s={search_term_string}\"},\"query-input\":{\"@type\":\"PropertyValueSpecification\",\"valueRequired\":true,\"valueName\":\"search_term_string\"}}],\"inLanguage\":\"en-US\"}]}<\/script>\n<!-- \/ Yoast SEO plugin. -->","yoast_head_json":{"title":"Weekend in Pallars Sobir\u00e0: the valleys of \u00c0neu, the Vall Ferrera and the Aig\u00fcestortes National Park - Enjoy Catalonia","robots":{"index":"index","follow":"follow","max-snippet":"max-snippet:-1","max-image-preview":"max-image-preview:large","max-video-preview":"max-video-preview:-1"},"canonical":"https:\/\/enjoycatalonia.com\/en\/tours\/weekend-in-pallars-sobira-the-valleys-of-aneu-the-vall-ferrera-and-the-aiguestortes-national-park\/","og_locale":"en_US","og_type":"article","og_title":"Weekend in Pallars Sobir\u00e0: the valleys of \u00c0neu, the Vall Ferrera and the Aig\u00fcestortes National Park - Enjoy Catalonia","og_description":"Enjoy a full weekend immersed in nature in the high mountains of Pallars Sobir\u00e0 (Lleida) and visit some of the most beautiful and picturesque villages in the Valls d&#8217;\u00c0neu ; take a van ride from Espot to the Aig\u00fcestortes National Park and enjoy a beautiful walk around the lake; visit Gerri de la Sal and [&hellip;]","og_url":"https:\/\/enjoycatalonia.com\/en\/tours\/weekend-in-pallars-sobira-the-valleys-of-aneu-the-vall-ferrera-and-the-aiguestortes-national-park\/","og_site_name":"Enjoy Catalonia","article_modified_time":"2026-02-27T08:02:10+00:00","og_image":[{"width":1500,"height":945,"url":"https:\/\/enjoycatalonia.com\/wp-content\/uploads\/2026\/02\/35962025Master.jpg","type":"image\/jpeg"}],"twitter_card":"summary_large_image","twitter_misc":{"Est. reading time":"1 minute"},"schema":{"@context":"https:\/\/schema.org","@graph":[{"@type":"WebPage","@id":"https:\/\/enjoycatalonia.com\/en\/tours\/weekend-in-pallars-sobira-the-valleys-of-aneu-the-vall-ferrera-and-the-aiguestortes-national-park\/","url":"https:\/\/enjoycatalonia.com\/en\/tours\/weekend-in-pallars-sobira-the-valleys-of-aneu-the-vall-ferrera-and-the-aiguestortes-national-park\/","name":"Weekend in Pallars Sobir\u00e0: the valleys of \u00c0neu, the Vall Ferrera and the Aig\u00fcestortes National Park - Enjoy Catalonia","isPartOf":{"@id":"https:\/\/enjoycatalonia.com\/en\/#website"},"primaryImageOfPage":{"@id":"https:\/\/enjoycatalonia.com\/en\/tours\/weekend-in-pallars-sobira-the-valleys-of-aneu-the-vall-ferrera-and-the-aiguestortes-national-park\/#primaryimage"},"image":{"@id":"https:\/\/enjoycatalonia.com\/en\/tours\/weekend-in-pallars-sobira-the-valleys-of-aneu-the-vall-ferrera-and-the-aiguestortes-national-park\/#primaryimage"},"thumbnailUrl":"https:\/\/enjoycatalonia.com\/wp-content\/uploads\/2026\/02\/35962025Master.jpg","datePublished":"2026-02-05T11:00:52+00:00","dateModified":"2026-02-27T08:02:10+00:00","breadcrumb":{"@id":"https:\/\/enjoycatalonia.com\/en\/tours\/weekend-in-pallars-sobira-the-valleys-of-aneu-the-vall-ferrera-and-the-aiguestortes-national-park\/#breadcrumb"},"inLanguage":"en-US","potentialAction":[{"@type":"ReadAction","target":["https:\/\/enjoycatalonia.com\/en\/tours\/weekend-in-pallars-sobira-the-valleys-of-aneu-the-vall-ferrera-and-the-aiguestortes-national-park\/"]}]},{"@type":"ImageObject","inLanguage":"en-US","@id":"https:\/\/enjoycatalonia.com\/en\/tours\/weekend-in-pallars-sobira-the-valleys-of-aneu-the-vall-ferrera-and-the-aiguestortes-national-park\/#primaryimage","url":"https:\/\/enjoycatalonia.com\/wp-content\/uploads\/2026\/02\/35962025Master.jpg","contentUrl":"https:\/\/enjoycatalonia.com\/wp-content\/uploads\/2026\/02\/35962025Master.jpg","width":1500,"height":945},{"@type":"BreadcrumbList","@id":"https:\/\/enjoycatalonia.com\/en\/tours\/weekend-in-pallars-sobira-the-valleys-of-aneu-the-vall-ferrera-and-the-aiguestortes-national-park\/#breadcrumb","itemListElement":[{"@type":"ListItem","position":1,"name":"Portada","item":"https:\/\/enjoycatalonia.com\/en\/"},{"@type":"ListItem","position":2,"name":"Shop","item":"https:\/\/enjoycatalonia.com\/tienda\/"},{"@type":"ListItem","position":3,"name":"Weekend in Pallars Sobir\u00e0: the valleys of \u00c0neu, the Vall Ferrera and the Aig\u00fcestortes National Park"}]},{"@type":"WebSite","@id":"https:\/\/enjoycatalonia.com\/en\/#website","url":"https:\/\/enjoycatalonia.com\/en\/","name":"Enjoy Catalonia","description":"","potentialAction":[{"@type":"SearchAction","target":{"@type":"EntryPoint","urlTemplate":"https:\/\/enjoycatalonia.com\/en\/?s={search_term_string}"},"query-input":{"@type":"PropertyValueSpecification","valueRequired":true,"valueName":"search_term_string"}}],"inLanguage":"en-US"}]}},"_links":{"self":[{"href":"https:\/\/enjoycatalonia.com\/en\/wp-json\/wp\/v2\/product\/3703","targetHints":{"allow":["GET"]}}],"collection":[{"href":"https:\/\/enjoycatalonia.com\/en\/wp-json\/wp\/v2\/product"}],"about":[{"href":"https:\/\/enjoycatalonia.com\/en\/wp-json\/wp\/v2\/types\/product"}],"wp:featuredmedia":[{"embeddable":true,"href":"https:\/\/enjoycatalonia.com\/en\/wp-json\/wp\/v2\/media\/3660"}],"wp:attachment":[{"href":"https:\/\/enjoycatalonia.com\/en\/wp-json\/wp\/v2\/media?parent=3703"}],"wp:term":[{"taxonomy":"product_brand","embeddable":true,"href":"https:\/\/enjoycatalonia.com\/en\/wp-json\/wp\/v2\/product_brand?post=3703"},{"taxonomy":"product_cat","embeddable":true,"href":"https:\/\/enjoycatalonia.com\/en\/wp-json\/wp\/v2\/product_cat?post=3703"},{"taxonomy":"product_tag","embeddable":true,"href":"https:\/\/enjoycatalonia.com\/en\/wp-json\/wp\/v2\/product_tag?post=3703"}],"curies":[{"name":"wp","href":"https:\/\/api.w.org\/{rel}","templated":true}]}}